{"id":21460,"date":"2025-12-30T11:19:57","date_gmt":"2025-12-30T11:19:57","guid":{"rendered":"https:\/\/luxegel.lv\/?post_type=product&#038;p=21460"},"modified":"2025-12-30T11:23:03","modified_gmt":"2025-12-30T11:23:03","slug":"20-03-2026-kombi-kvalifikacijas-celsanas-kurss","status":"publish","type":"product","link":"https:\/\/luxegel.lv\/ru\/product-ru\/20-03-2026-kombi-kvalifikacijas-celsanas-kurss\/","title":{"rendered":"20.03.2026. &#8211; KOMBI: kvalifik\u0101cijas cel\u0161anas kurss"},"content":{"rendered":"<p><em><strong>\u0160is kurss ir paredz\u0113ts meistariem, kuri v\u0113las paaugstin\u0101t savu profesion\u0101lo l\u012bmeni un apg\u016bt modern\u0101k\u0101s tehnikas kvalitat\u012bvam un dro\u0161am manik\u012bram. Apvienojot teoriju ar praktisk\u0101m zin\u0101\u0161an\u0101m, ieg\u016bsi p\u0101rliec\u012bbu darb\u0101 ar klientiem un papildin\u0101si savu portfolio ar jaun\u0101m prasm\u0113m.<\/strong><\/em><\/p>\n<p><strong>Kursa programma<\/strong><\/p>\n<ul>\n<li>Naga uzb\u016bve<\/li>\n<li>Fr\u0113\u017eu veidi un to pareiza pielieto\u0161ana<\/li>\n<li>\u0160\u0137\u0113r\u012b\u0161u un kutikulu knaibl\u012b\u0161u \u012bpa\u0161\u012bbas un izmanto\u0161ana praks\u0113<\/li>\n<li>Dro\u0161s manik\u012brs: darbs ar pu\u0161eri, apli un citi profesion\u0101lie knifi<\/li>\n<li>Mitr\u0101s tehnikas apg\u016b\u0161ana manik\u012br\u0101<\/li>\n<li>Portfolio izveide ar profesion\u0101l\u0101m bild\u0113m<\/li>\n<\/ul>\n<p><strong>Kursa ilgums: 1 diena<\/strong><\/p>\n<p><strong>Dal\u012bbnieku skaits: nelielas grupas, kas nodro\u0161ina individu\u0101lu pieeju<\/strong><\/p>\n<p><strong>Materi\u0101li un instrumenti: viss nodro\u0161in\u0101ts kursa laik\u0101<\/strong><\/p>\n<p><strong>Cena: 200 EUR<\/strong><\/p>\n<p><strong>Rezerv\u0101cija un maks\u0101jums<\/strong><\/p>\n<ul>\n<li>Lai rezerv\u0113tu vietu tie\u0161saist\u0113, nepiecie\u0161ams iemaks\u0101t 50 EUR.<\/li>\n<li>\u0160\u012b iemaksa netiek atgriezta. Rezerv\u0101ciju iesp\u0113jams p\u0101rcelt tikai vienu reizi uz citu datumu.<\/li>\n<li>Atlikus\u012b summa tiek samaks\u0101ta kursa dien\u0101 uz vietas.<\/li>\n<\/ul>\n<p><strong>Norises vieta: Jelgava, Dobeles \u0161oseja 7, 2. st\u0101v\u0101<\/strong><\/p>\n","protected":false},"excerpt":{"rendered":"<p>\u0160is kurss ir paredz\u0113ts meistariem, kuri v\u0113las paaugstin\u0101t savu profesion\u0101lo l\u012bmeni un apg\u016bt modern\u0101k\u0101s tehnikas kvalitat\u012bvam un dro\u0161am manik\u012bram. Apvienojot<\/p>\n","protected":false},"featured_media":21463,"template":"","meta":{"_acf_changed":false},"product_brand":[],"product_cat":[357,150],"product_tag":[],"class_list":{"0":"post-21460","1":"product","2":"type-product","3":"status-publish","4":"has-post-thumbnail","6":"product_cat-akademiya","7":"product_cat-lyuks-gel-professional","9":"first","10":"outofstock","11":"shipping-taxable","12":"purchasable","13":"product-type-simple"},"acf":[],"yoast_head":"<!-- This site is optimized with the Yoast SEO plugin v23.8 - https:\/\/yoast.com\/wordpress\/plugins\/seo\/ -->\n<title>20.03.2026. - KOMBI: kvalifik\u0101cijas cel\u0161anas kurss - LUXE GEL PROFESSIONAL\u2122<\/title>\n<meta name=\"robots\" content=\"index, follow, max-snippet:-1, max-image-preview:large, max-video-preview:-1\" \/>\n<link rel=\"canonical\" href=\"https:\/\/luxegel.lv\/ru\/product-ru\/20-03-2026-kombi-kvalifikacijas-celsanas-kurss\/\" \/>\n<meta property=\"og:locale\" content=\"ru_RU\" \/>\n<meta property=\"og:type\" content=\"article\" \/>\n<meta property=\"og:title\" content=\"20.03.2026. - KOMBI: kvalifik\u0101cijas cel\u0161anas kurss - LUXE GEL PROFESSIONAL\u2122\" \/>\n<meta property=\"og:description\" content=\"\u0160is kurss ir paredz\u0113ts meistariem, kuri v\u0113las paaugstin\u0101t savu profesion\u0101lo l\u012bmeni un apg\u016bt modern\u0101k\u0101s tehnikas kvalitat\u012bvam un dro\u0161am manik\u012bram. Apvienojot\" \/>\n<meta property=\"og:url\" content=\"https:\/\/luxegel.lv\/ru\/product-ru\/20-03-2026-kombi-kvalifikacijas-celsanas-kurss\/\" \/>\n<meta property=\"og:site_name\" content=\"LUXE GEL PROFESSIONAL\u2122\" \/>\n<meta property=\"article:modified_time\" content=\"2025-12-30T11:23:03+00:00\" \/>\n<meta property=\"og:image\" content=\"https:\/\/luxegel.lv\/wp-content\/uploads\/2025\/12\/kombi-kvalifikacijas-celsanas-kurss-2026-mar.png\" \/>\n\t<meta property=\"og:image:width\" content=\"1000\" \/>\n\t<meta property=\"og:image:height\" content=\"1000\" \/>\n\t<meta property=\"og:image:type\" content=\"image\/png\" \/>\n<meta name=\"twitter:card\" content=\"summary_large_image\" \/>\n<meta name=\"twitter:label1\" content=\"\u041f\u0440\u0438\u043c\u0435\u0440\u043d\u043e\u0435 \u0432\u0440\u0435\u043c\u044f \u0434\u043b\u044f \u0447\u0442\u0435\u043d\u0438\u044f\" \/>\n\t<meta name=\"twitter:data1\" content=\"1 \u043c\u0438\u043d\u0443\u0442\u0430\" \/>\n<script type=\"application\/ld+json\" class=\"yoast-schema-graph\">{\"@context\":\"https:\/\/schema.org\",\"@graph\":[{\"@type\":\"WebPage\",\"@id\":\"https:\/\/luxegel.lv\/ru\/product-ru\/20-03-2026-kombi-kvalifikacijas-celsanas-kurss\/\",\"url\":\"https:\/\/luxegel.lv\/ru\/product-ru\/20-03-2026-kombi-kvalifikacijas-celsanas-kurss\/\",\"name\":\"20.03.2026. - KOMBI: kvalifik\u0101cijas cel\u0161anas kurss - LUXE GEL PROFESSIONAL\u2122\",\"isPartOf\":{\"@id\":\"https:\/\/luxegel.lv\/ru\/#website\"},\"primaryImageOfPage\":{\"@id\":\"https:\/\/luxegel.lv\/ru\/product-ru\/20-03-2026-kombi-kvalifikacijas-celsanas-kurss\/#primaryimage\"},\"image\":{\"@id\":\"https:\/\/luxegel.lv\/ru\/product-ru\/20-03-2026-kombi-kvalifikacijas-celsanas-kurss\/#primaryimage\"},\"thumbnailUrl\":\"https:\/\/luxegel.lv\/wp-content\/uploads\/2025\/12\/kombi-kvalifikacijas-celsanas-kurss-2026-mar.png\",\"datePublished\":\"2025-12-30T11:19:57+00:00\",\"dateModified\":\"2025-12-30T11:23:03+00:00\",\"breadcrumb\":{\"@id\":\"https:\/\/luxegel.lv\/ru\/product-ru\/20-03-2026-kombi-kvalifikacijas-celsanas-kurss\/#breadcrumb\"},\"inLanguage\":\"ru-RU\",\"potentialAction\":[{\"@type\":\"ReadAction\",\"target\":[\"https:\/\/luxegel.lv\/ru\/product-ru\/20-03-2026-kombi-kvalifikacijas-celsanas-kurss\/\"]}]},{\"@type\":\"ImageObject\",\"inLanguage\":\"ru-RU\",\"@id\":\"https:\/\/luxegel.lv\/ru\/product-ru\/20-03-2026-kombi-kvalifikacijas-celsanas-kurss\/#primaryimage\",\"url\":\"https:\/\/luxegel.lv\/wp-content\/uploads\/2025\/12\/kombi-kvalifikacijas-celsanas-kurss-2026-mar.png\",\"contentUrl\":\"https:\/\/luxegel.lv\/wp-content\/uploads\/2025\/12\/kombi-kvalifikacijas-celsanas-kurss-2026-mar.png\",\"width\":1000,\"height\":1000},{\"@type\":\"BreadcrumbList\",\"@id\":\"https:\/\/luxegel.lv\/ru\/product-ru\/20-03-2026-kombi-kvalifikacijas-celsanas-kurss\/#breadcrumb\",\"itemListElement\":[{\"@type\":\"ListItem\",\"position\":1,\"name\":\"\u0413\u043b\u0430\u0432\u043d\u0430\u044f\",\"item\":\"https:\/\/luxegel.lv\/ru\/\"},{\"@type\":\"ListItem\",\"position\":2,\"name\":\"\u041c\u0430\u0433\u0430\u0437\u0438\u043d\",\"item\":\"https:\/\/luxegel.lv\/ru\/magazin\/\"},{\"@type\":\"ListItem\",\"position\":3,\"name\":\"20.03.2026. &#8211; KOMBI: kvalifik\u0101cijas cel\u0161anas kurss\"}]},{\"@type\":\"WebSite\",\"@id\":\"https:\/\/luxegel.lv\/ru\/#website\",\"url\":\"https:\/\/luxegel.lv\/ru\/\",\"name\":\"LUXE GEL PROFESSIONAL\u2122\",\"description\":\"is a leading nail brand on the European market. Luxe Gel currently stock over 500 products including over 350 shades of gel polish, a complete builder gel system and our famous structure base.\",\"potentialAction\":[{\"@type\":\"SearchAction\",\"target\":{\"@type\":\"EntryPoint\",\"urlTemplate\":\"https:\/\/luxegel.lv\/ru\/?s={search_term_string}\"},\"query-input\":{\"@type\":\"PropertyValueSpecification\",\"valueRequired\":true,\"valueName\":\"search_term_string\"}}],\"inLanguage\":\"ru-RU\"}]}<\/script>\n<!-- \/ Yoast SEO plugin. -->","yoast_head_json":{"title":"20.03.2026. - KOMBI: kvalifik\u0101cijas cel\u0161anas kurss - LUXE GEL PROFESSIONAL\u2122","robots":{"index":"index","follow":"follow","max-snippet":"max-snippet:-1","max-image-preview":"max-image-preview:large","max-video-preview":"max-video-preview:-1"},"canonical":"https:\/\/luxegel.lv\/ru\/product-ru\/20-03-2026-kombi-kvalifikacijas-celsanas-kurss\/","og_locale":"ru_RU","og_type":"article","og_title":"20.03.2026. - KOMBI: kvalifik\u0101cijas cel\u0161anas kurss - LUXE GEL PROFESSIONAL\u2122","og_description":"\u0160is kurss ir paredz\u0113ts meistariem, kuri v\u0113las paaugstin\u0101t savu profesion\u0101lo l\u012bmeni un apg\u016bt modern\u0101k\u0101s tehnikas kvalitat\u012bvam un dro\u0161am manik\u012bram. Apvienojot","og_url":"https:\/\/luxegel.lv\/ru\/product-ru\/20-03-2026-kombi-kvalifikacijas-celsanas-kurss\/","og_site_name":"LUXE GEL PROFESSIONAL\u2122","article_modified_time":"2025-12-30T11:23:03+00:00","og_image":[{"width":1000,"height":1000,"url":"https:\/\/luxegel.lv\/wp-content\/uploads\/2025\/12\/kombi-kvalifikacijas-celsanas-kurss-2026-mar.png","type":"image\/png"}],"twitter_card":"summary_large_image","twitter_misc":{"\u041f\u0440\u0438\u043c\u0435\u0440\u043d\u043e\u0435 \u0432\u0440\u0435\u043c\u044f \u0434\u043b\u044f \u0447\u0442\u0435\u043d\u0438\u044f":"1 \u043c\u0438\u043d\u0443\u0442\u0430"},"schema":{"@context":"https:\/\/schema.org","@graph":[{"@type":"WebPage","@id":"https:\/\/luxegel.lv\/ru\/product-ru\/20-03-2026-kombi-kvalifikacijas-celsanas-kurss\/","url":"https:\/\/luxegel.lv\/ru\/product-ru\/20-03-2026-kombi-kvalifikacijas-celsanas-kurss\/","name":"20.03.2026. - KOMBI: kvalifik\u0101cijas cel\u0161anas kurss - LUXE GEL PROFESSIONAL\u2122","isPartOf":{"@id":"https:\/\/luxegel.lv\/ru\/#website"},"primaryImageOfPage":{"@id":"https:\/\/luxegel.lv\/ru\/product-ru\/20-03-2026-kombi-kvalifikacijas-celsanas-kurss\/#primaryimage"},"image":{"@id":"https:\/\/luxegel.lv\/ru\/product-ru\/20-03-2026-kombi-kvalifikacijas-celsanas-kurss\/#primaryimage"},"thumbnailUrl":"https:\/\/luxegel.lv\/wp-content\/uploads\/2025\/12\/kombi-kvalifikacijas-celsanas-kurss-2026-mar.png","datePublished":"2025-12-30T11:19:57+00:00","dateModified":"2025-12-30T11:23:03+00:00","breadcrumb":{"@id":"https:\/\/luxegel.lv\/ru\/product-ru\/20-03-2026-kombi-kvalifikacijas-celsanas-kurss\/#breadcrumb"},"inLanguage":"ru-RU","potentialAction":[{"@type":"ReadAction","target":["https:\/\/luxegel.lv\/ru\/product-ru\/20-03-2026-kombi-kvalifikacijas-celsanas-kurss\/"]}]},{"@type":"ImageObject","inLanguage":"ru-RU","@id":"https:\/\/luxegel.lv\/ru\/product-ru\/20-03-2026-kombi-kvalifikacijas-celsanas-kurss\/#primaryimage","url":"https:\/\/luxegel.lv\/wp-content\/uploads\/2025\/12\/kombi-kvalifikacijas-celsanas-kurss-2026-mar.png","contentUrl":"https:\/\/luxegel.lv\/wp-content\/uploads\/2025\/12\/kombi-kvalifikacijas-celsanas-kurss-2026-mar.png","width":1000,"height":1000},{"@type":"BreadcrumbList","@id":"https:\/\/luxegel.lv\/ru\/product-ru\/20-03-2026-kombi-kvalifikacijas-celsanas-kurss\/#breadcrumb","itemListElement":[{"@type":"ListItem","position":1,"name":"\u0413\u043b\u0430\u0432\u043d\u0430\u044f","item":"https:\/\/luxegel.lv\/ru\/"},{"@type":"ListItem","position":2,"name":"\u041c\u0430\u0433\u0430\u0437\u0438\u043d","item":"https:\/\/luxegel.lv\/ru\/magazin\/"},{"@type":"ListItem","position":3,"name":"20.03.2026. &#8211; KOMBI: kvalifik\u0101cijas cel\u0161anas kurss"}]},{"@type":"WebSite","@id":"https:\/\/luxegel.lv\/ru\/#website","url":"https:\/\/luxegel.lv\/ru\/","name":"LUXE GEL PROFESSIONAL\u2122","description":"is a leading nail brand on the European market. Luxe Gel currently stock over 500 products including over 350 shades of gel polish, a complete builder gel system and our famous structure base.","potentialAction":[{"@type":"SearchAction","target":{"@type":"EntryPoint","urlTemplate":"https:\/\/luxegel.lv\/ru\/?s={search_term_string}"},"query-input":{"@type":"PropertyValueSpecification","valueRequired":true,"valueName":"search_term_string"}}],"inLanguage":"ru-RU"}]}},"_links":{"self":[{"href":"https:\/\/luxegel.lv\/ru\/wp-json\/wp\/v2\/product\/21460","targetHints":{"allow":["GET"]}}],"collection":[{"href":"https:\/\/luxegel.lv\/ru\/wp-json\/wp\/v2\/product"}],"about":[{"href":"https:\/\/luxegel.lv\/ru\/wp-json\/wp\/v2\/types\/product"}],"version-history":[{"count":2,"href":"https:\/\/luxegel.lv\/ru\/wp-json\/wp\/v2\/product\/21460\/revisions"}],"predecessor-version":[{"id":21468,"href":"https:\/\/luxegel.lv\/ru\/wp-json\/wp\/v2\/product\/21460\/revisions\/21468"}],"wp:featuredmedia":[{"embeddable":true,"href":"https:\/\/luxegel.lv\/ru\/wp-json\/wp\/v2\/media\/21463"}],"wp:attachment":[{"href":"https:\/\/luxegel.lv\/ru\/wp-json\/wp\/v2\/media?parent=21460"}],"wp:term":[{"taxonomy":"product_brand","embeddable":true,"href":"https:\/\/luxegel.lv\/ru\/wp-json\/wp\/v2\/product_brand?post=21460"},{"taxonomy":"product_cat","embeddable":true,"href":"https:\/\/luxegel.lv\/ru\/wp-json\/wp\/v2\/product_cat?post=21460"},{"taxonomy":"product_tag","embeddable":true,"href":"https:\/\/luxegel.lv\/ru\/wp-json\/wp\/v2\/product_tag?post=21460"}],"curies":[{"name":"wp","href":"https:\/\/api.w.org\/{rel}","templated":true}]}}