{"id":8301,"date":"2021-07-20T15:26:40","date_gmt":"2021-07-20T15:26:40","guid":{"rendered":"https:\/\/luxegel.lv\/product\/imperialais-dimants-022\/"},"modified":"2026-02-04T12:32:30","modified_gmt":"2026-02-04T12:32:30","slug":"imperia-diamond-022","status":"publish","type":"product","link":"https:\/\/luxegel.lv\/lv\/product-lv\/imperia-diamond-022\/","title":{"rendered":"IMPERIAL (DIAMOND 022)"},"content":{"rendered":"<div class=\"product-blocks blocks-top\">\n<div class=\"product-blocks-top product-blocks-676 grid-rows\">\n<div class=\"grid-row grid-row-676-1\">\n<div class=\"grid-cols\">\n<div class=\"grid-col grid-col-676-1-1\" data-dimensions=\"674 x 75\">\n<div class=\"grid-items\">\n<div class=\"grid-item grid-item-676-1-1-1\">\n<div class=\"module module-blocks module-blocks-455 blocks-grid\">\n<div class=\"module-body\">\n<div class=\"module-item module-item-1 no-expand\">\n<div class=\"block-body expand-block\">\n<div class=\"block-wrapper\">\n<div class=\"block-content expand-content block-html\"><strong><em>Sp\u012bdiet spo\u017ei k\u0101 ametists un nekad ne\u013caujiet nevienam nodz\u0113st j\u016bsu dzirksti! Tum\u0161i violetu un sudraba sp\u012bdumu kombin\u0101cija ir ide\u0101li piem\u0113rota elegant\u0101m, pa\u0161p\u0101rliecin\u0101t\u0101m un mazliet nosl\u0113pumain\u0101m sieviet\u0113m. Ametista gliteru g\u0113la laka lieliski p\u0101rkl\u0101s naga virsmu divos sl\u0101\u0146os.<\/em><\/strong><\/div>\n<\/div>\n<\/div>\n<\/div>\n<\/div>\n<\/div>\n<\/div>\n<\/div>\n<\/div>\n<\/div>\n<\/div>\n<\/div>\n<\/div>\n<div class=\"product-price-group\">\n<div class=\"price-wrapper\">\n<div class=\"price-group\">\n<div class=\"product-price\"><\/div>\n<\/div>\n<\/div>\n<\/div>\n<p><b>Galven\u0101s \u012bpa\u0161\u012bbas:<\/b><\/p>\n<p>\u2013 Profesion\u0101las kvalit\u0101tes, \u0101dai draudz\u012bga g\u0113la sist\u0113ma BEZ TPO<\/p>\n<p>\u2013 100% g\u0113la formula: bag\u0101t\u012bgs, salona kvalit\u0101tes p\u0101rkl\u0101jums katr\u0101 lieto\u0161anas reiz\u0113.<\/p>\n<p>\u2013 Ilgsto\u0161a notur\u012bba vair\u0101k nek\u0101 20 dienas bez izbal\u0113\u0161anas.<\/p>\n<p>\u2013 Vienk\u0101r\u0161a uzkl\u0101\u0161ana, bez skr\u0101p\u0113jumiem, at\u0161\u0137el\u0161an\u0101s vai izsm\u0113r\u0113\u0161an\u0101s.<\/p>\n<p>\u2013 Bez smar\u017eas: izbaudiet svaigu uzkl\u0101\u0161anas pieredzi.<\/p>\n<p>\u2013 Nav test\u0113ts uz dz\u012bvniekiem un ir videi draudz\u012bgs.<\/p>\n<p>\u2013 Sertific\u0113ts un p\u0101rbaud\u012bts: atbilst augst\u0101kajiem kvalit\u0101tes standartiem.<span class=\"Apple-converted-space\">\u00a0<\/span><\/p>\n<p>\u2013 Saciet\u0113 60 sekund\u0113s (LED) \/ 99 sekund\u0113s (zema temperat\u016bra) \u2013 \u0101tra un elast\u012bga \u017e\u016b\u0161ana<span class=\"Apple-converted-space\">\u00a0<\/span><\/p>\n<p>\u2013 Ilgsto\u0161s un notur\u012bgs rezult\u0101ts.<\/p>\n<p><b>Sast\u0101vda\u013cas:<\/b><\/p>\n<ul>\n<li>Acrylates Copolymer<\/li>\n<li>2-Hydroxyethyl Methacrylate<\/li>\n<li>Isopropyl Alcohol<\/li>\n<li>Hydroxycyclohexyl Phenyl Ketone<\/li>\n<li>Hydroxypropyl methacrylate<\/li>\n<li>Dimethicone<\/li>\n<li>Pigment<\/li>\n<\/ul>\n<p><b>Tilpums:<\/b><\/p>\n<p>15 ml (0,5 fl. oz)<\/p>\n","protected":false},"excerpt":{"rendered":"<p>Sp\u012bdiet spo\u017ei k\u0101 ametists un nekad ne\u013caujiet nevienam nodz\u0113st j\u016bsu dzirksti! Tum\u0161i violetu un sudraba sp\u012bdumu kombin\u0101cija ir ide\u0101li piem\u0113rota<\/p>\n","protected":false},"featured_media":4184,"template":"","meta":{"_acf_changed":false,"om_disable_all_campaigns":false},"product_brand":[],"product_cat":[157,154,507,505,501],"product_tag":[158],"class_list":{"0":"post-8301","1":"product","2":"type-product","3":"status-publish","4":"has-post-thumbnail","6":"product_cat-gela-lakas","7":"product_cat-luxe-gel-professional-lv","8":"product_cat-toni-ar-gliteriem","9":"product_cat-tumshie-toni","10":"product_cat-visi-toni","11":"product_tag-mirdzet","13":"first","14":"instock","15":"sale","16":"shipping-taxable","17":"purchasable","18":"product-type-simple"},"acf":[],"yoast_head":"<!-- This site is optimized with the Yoast SEO plugin v23.8 - https:\/\/yoast.com\/wordpress\/plugins\/seo\/ -->\n<title>IMPERIAL (DIAMOND 022) - LUXE GEL PROFESSIONAL\u2122<\/title>\n<meta name=\"robots\" content=\"index, follow, max-snippet:-1, max-image-preview:large, max-video-preview:-1\" \/>\n<link rel=\"canonical\" href=\"https:\/\/luxegel.lv\/lv\/product-lv\/imperia-diamond-022\/\" \/>\n<meta property=\"og:locale\" content=\"lv_LV\" \/>\n<meta property=\"og:type\" content=\"article\" \/>\n<meta property=\"og:title\" content=\"IMPERIAL (DIAMOND 022) - LUXE GEL PROFESSIONAL\u2122\" \/>\n<meta property=\"og:description\" content=\"Sp\u012bdiet spo\u017ei k\u0101 ametists un nekad ne\u013caujiet nevienam nodz\u0113st j\u016bsu dzirksti! Tum\u0161i violetu un sudraba sp\u012bdumu kombin\u0101cija ir ide\u0101li piem\u0113rota\" \/>\n<meta property=\"og:url\" content=\"https:\/\/luxegel.lv\/lv\/product-lv\/imperia-diamond-022\/\" \/>\n<meta property=\"og:site_name\" content=\"LUXE GEL PROFESSIONAL\u2122\" \/>\n<meta property=\"article:modified_time\" content=\"2026-02-04T12:32:30+00:00\" \/>\n<meta property=\"og:image\" content=\"https:\/\/luxegel.lv\/wp-content\/uploads\/2024\/01\/Diamond_022.jpg\" \/>\n\t<meta property=\"og:image:width\" content=\"800\" \/>\n\t<meta property=\"og:image:height\" content=\"800\" \/>\n\t<meta property=\"og:image:type\" content=\"image\/jpeg\" \/>\n<meta name=\"twitter:card\" content=\"summary_large_image\" \/>\n<meta name=\"twitter:label1\" content=\"Est. reading time\" \/>\n\t<meta name=\"twitter:data1\" content=\"1 minute\" \/>\n<script type=\"application\/ld+json\" class=\"yoast-schema-graph\">{\"@context\":\"https:\/\/schema.org\",\"@graph\":[{\"@type\":\"WebPage\",\"@id\":\"https:\/\/luxegel.lv\/lv\/product-lv\/imperia-diamond-022\/\",\"url\":\"https:\/\/luxegel.lv\/lv\/product-lv\/imperia-diamond-022\/\",\"name\":\"IMPERIAL (DIAMOND 022) - LUXE GEL PROFESSIONAL\u2122\",\"isPartOf\":{\"@id\":\"https:\/\/luxegel.lv\/lv\/#website\"},\"primaryImageOfPage\":{\"@id\":\"https:\/\/luxegel.lv\/lv\/product-lv\/imperia-diamond-022\/#primaryimage\"},\"image\":{\"@id\":\"https:\/\/luxegel.lv\/lv\/product-lv\/imperia-diamond-022\/#primaryimage\"},\"thumbnailUrl\":\"https:\/\/luxegel.lv\/wp-content\/uploads\/2024\/01\/Diamond_022.jpg\",\"datePublished\":\"2021-07-20T15:26:40+00:00\",\"dateModified\":\"2026-02-04T12:32:30+00:00\",\"breadcrumb\":{\"@id\":\"https:\/\/luxegel.lv\/lv\/product-lv\/imperia-diamond-022\/#breadcrumb\"},\"inLanguage\":\"lv-LV\",\"potentialAction\":[{\"@type\":\"ReadAction\",\"target\":[\"https:\/\/luxegel.lv\/lv\/product-lv\/imperia-diamond-022\/\"]}]},{\"@type\":\"ImageObject\",\"inLanguage\":\"lv-LV\",\"@id\":\"https:\/\/luxegel.lv\/lv\/product-lv\/imperia-diamond-022\/#primaryimage\",\"url\":\"https:\/\/luxegel.lv\/wp-content\/uploads\/2024\/01\/Diamond_022.jpg\",\"contentUrl\":\"https:\/\/luxegel.lv\/wp-content\/uploads\/2024\/01\/Diamond_022.jpg\",\"width\":800,\"height\":800},{\"@type\":\"BreadcrumbList\",\"@id\":\"https:\/\/luxegel.lv\/lv\/product-lv\/imperia-diamond-022\/#breadcrumb\",\"itemListElement\":[{\"@type\":\"ListItem\",\"position\":1,\"name\":\"Galven\u0101\",\"item\":\"https:\/\/luxegel.lv\/lv\/\"},{\"@type\":\"ListItem\",\"position\":2,\"name\":\"Veikals\",\"item\":\"https:\/\/luxegel.lv\/lv\/veikals\/\"},{\"@type\":\"ListItem\",\"position\":3,\"name\":\"IMPERIAL (DIAMOND 022)\"}]},{\"@type\":\"WebSite\",\"@id\":\"https:\/\/luxegel.lv\/lv\/#website\",\"url\":\"https:\/\/luxegel.lv\/lv\/\",\"name\":\"LUXE GEL PROFESSIONAL\u2122\",\"description\":\"is a leading nail brand on the European market. Luxe Gel currently stock over 500 products including over 350 shades of gel polish, a complete builder gel system and our famous structure base.\",\"potentialAction\":[{\"@type\":\"SearchAction\",\"target\":{\"@type\":\"EntryPoint\",\"urlTemplate\":\"https:\/\/luxegel.lv\/lv\/?s={search_term_string}\"},\"query-input\":{\"@type\":\"PropertyValueSpecification\",\"valueRequired\":true,\"valueName\":\"search_term_string\"}}],\"inLanguage\":\"lv-LV\"}]}<\/script>\n<!-- \/ Yoast SEO plugin. -->","yoast_head_json":{"title":"IMPERIAL (DIAMOND 022) - LUXE GEL PROFESSIONAL\u2122","robots":{"index":"index","follow":"follow","max-snippet":"max-snippet:-1","max-image-preview":"max-image-preview:large","max-video-preview":"max-video-preview:-1"},"canonical":"https:\/\/luxegel.lv\/lv\/product-lv\/imperia-diamond-022\/","og_locale":"lv_LV","og_type":"article","og_title":"IMPERIAL (DIAMOND 022) - LUXE GEL PROFESSIONAL\u2122","og_description":"Sp\u012bdiet spo\u017ei k\u0101 ametists un nekad ne\u013caujiet nevienam nodz\u0113st j\u016bsu dzirksti! Tum\u0161i violetu un sudraba sp\u012bdumu kombin\u0101cija ir ide\u0101li piem\u0113rota","og_url":"https:\/\/luxegel.lv\/lv\/product-lv\/imperia-diamond-022\/","og_site_name":"LUXE GEL PROFESSIONAL\u2122","article_modified_time":"2026-02-04T12:32:30+00:00","og_image":[{"width":800,"height":800,"url":"https:\/\/luxegel.lv\/wp-content\/uploads\/2024\/01\/Diamond_022.jpg","type":"image\/jpeg"}],"twitter_card":"summary_large_image","twitter_misc":{"Est. reading time":"1 minute"},"schema":{"@context":"https:\/\/schema.org","@graph":[{"@type":"WebPage","@id":"https:\/\/luxegel.lv\/lv\/product-lv\/imperia-diamond-022\/","url":"https:\/\/luxegel.lv\/lv\/product-lv\/imperia-diamond-022\/","name":"IMPERIAL (DIAMOND 022) - LUXE GEL PROFESSIONAL\u2122","isPartOf":{"@id":"https:\/\/luxegel.lv\/lv\/#website"},"primaryImageOfPage":{"@id":"https:\/\/luxegel.lv\/lv\/product-lv\/imperia-diamond-022\/#primaryimage"},"image":{"@id":"https:\/\/luxegel.lv\/lv\/product-lv\/imperia-diamond-022\/#primaryimage"},"thumbnailUrl":"https:\/\/luxegel.lv\/wp-content\/uploads\/2024\/01\/Diamond_022.jpg","datePublished":"2021-07-20T15:26:40+00:00","dateModified":"2026-02-04T12:32:30+00:00","breadcrumb":{"@id":"https:\/\/luxegel.lv\/lv\/product-lv\/imperia-diamond-022\/#breadcrumb"},"inLanguage":"lv-LV","potentialAction":[{"@type":"ReadAction","target":["https:\/\/luxegel.lv\/lv\/product-lv\/imperia-diamond-022\/"]}]},{"@type":"ImageObject","inLanguage":"lv-LV","@id":"https:\/\/luxegel.lv\/lv\/product-lv\/imperia-diamond-022\/#primaryimage","url":"https:\/\/luxegel.lv\/wp-content\/uploads\/2024\/01\/Diamond_022.jpg","contentUrl":"https:\/\/luxegel.lv\/wp-content\/uploads\/2024\/01\/Diamond_022.jpg","width":800,"height":800},{"@type":"BreadcrumbList","@id":"https:\/\/luxegel.lv\/lv\/product-lv\/imperia-diamond-022\/#breadcrumb","itemListElement":[{"@type":"ListItem","position":1,"name":"Galven\u0101","item":"https:\/\/luxegel.lv\/lv\/"},{"@type":"ListItem","position":2,"name":"Veikals","item":"https:\/\/luxegel.lv\/lv\/veikals\/"},{"@type":"ListItem","position":3,"name":"IMPERIAL (DIAMOND 022)"}]},{"@type":"WebSite","@id":"https:\/\/luxegel.lv\/lv\/#website","url":"https:\/\/luxegel.lv\/lv\/","name":"LUXE GEL PROFESSIONAL\u2122","description":"is a leading nail brand on the European market. Luxe Gel currently stock over 500 products including over 350 shades of gel polish, a complete builder gel system and our famous structure base.","potentialAction":[{"@type":"SearchAction","target":{"@type":"EntryPoint","urlTemplate":"https:\/\/luxegel.lv\/lv\/?s={search_term_string}"},"query-input":{"@type":"PropertyValueSpecification","valueRequired":true,"valueName":"search_term_string"}}],"inLanguage":"lv-LV"}]}},"_links":{"self":[{"href":"https:\/\/luxegel.lv\/lv\/wp-json\/wp\/v2\/product\/8301","targetHints":{"allow":["GET"]}}],"collection":[{"href":"https:\/\/luxegel.lv\/lv\/wp-json\/wp\/v2\/product"}],"about":[{"href":"https:\/\/luxegel.lv\/lv\/wp-json\/wp\/v2\/types\/product"}],"version-history":[{"count":1,"href":"https:\/\/luxegel.lv\/lv\/wp-json\/wp\/v2\/product\/8301\/revisions"}],"predecessor-version":[{"id":20274,"href":"https:\/\/luxegel.lv\/lv\/wp-json\/wp\/v2\/product\/8301\/revisions\/20274"}],"wp:featuredmedia":[{"embeddable":true,"href":"https:\/\/luxegel.lv\/lv\/wp-json\/wp\/v2\/media\/4184"}],"wp:attachment":[{"href":"https:\/\/luxegel.lv\/lv\/wp-json\/wp\/v2\/media?parent=8301"}],"wp:term":[{"taxonomy":"product_brand","embeddable":true,"href":"https:\/\/luxegel.lv\/lv\/wp-json\/wp\/v2\/product_brand?post=8301"},{"taxonomy":"product_cat","embeddable":true,"href":"https:\/\/luxegel.lv\/lv\/wp-json\/wp\/v2\/product_cat?post=8301"},{"taxonomy":"product_tag","embeddable":true,"href":"https:\/\/luxegel.lv\/lv\/wp-json\/wp\/v2\/product_tag?post=8301"}],"curies":[{"name":"wp","href":"https:\/\/api.w.org\/{rel}","templated":true}]}}