{"id":8290,"date":"2021-07-20T15:26:46","date_gmt":"2021-07-20T15:26:46","guid":{"rendered":"https:\/\/luxegel.lv\/product\/tikko-roza-f956\/"},"modified":"2026-04-01T21:07:00","modified_gmt":"2026-04-01T21:07:00","slug":"tikko-roza-f956","status":"publish","type":"product","link":"https:\/\/luxegel.lv\/lv\/product-lv\/tikko-roza-f956\/","title":{"rendered":"BARELY PINK (F956)"},"content":{"rendered":"<p><strong><em>Kr\u0113m\u012bgi roz\u0101 perlamutrs ir g\u0113la laka elegant\u0101m un aristokr\u0101tisk\u0101m d\u0101m\u0101m. T\u0101 ir gai\u0161a, t\u012bra, sniegaini balta kr\u0101sa ar miglaini roz\u0101 nokr\u0101su.<\/em><\/strong><\/p>\n<div class=\"product-description rte\">\n<p data-mce-fragment=\"1\"><span data-mce-fragment=\"1\"><strong data-mce-fragment=\"1\"><em data-mce-fragment=\"1\">#luxegelf956<\/em><\/strong><\/span><\/p>\n<ul data-mce-fragment=\"1\">\n<li data-mce-fragment=\"1\"><span data-mce-fragment=\"1\">9 Bezmaksas.<\/span><\/li>\n<li data-mce-fragment=\"1\"><span data-mce-fragment=\"1\">15ML (0,5 fl.oz).<\/span><\/li>\n<li data-mce-fragment=\"1\"><span data-mce-fragment=\"1\">100% g\u0113la formula.<\/span><\/li>\n<li data-mce-fragment=\"1\"><span data-mce-fragment=\"1\">\u013boti pigment\u0113ts, lai viegli p\u0101rkl\u0101tu.<\/span><\/li>\n<li data-mce-fragment=\"1\"><span data-mce-fragment=\"1\">3+ ned\u0113\u013cu ilgnotur\u012bga formula.<\/span><\/li>\n<li data-mce-fragment=\"1\"><span data-mce-fragment=\"1\">Veg\u0101ns &amp; Cruelty free.<\/span><\/li>\n<li data-mce-fragment=\"1\"><span data-mce-fragment=\"1\">\u0100tra izm\u0113rc\u0113\u0161anas no\u0146em\u0161ana.<\/span><\/li>\n<li data-mce-fragment=\"1\"><span data-mce-fragment=\"1\">Uv\/LED saciet\u0113jams &#8211; 120 sekun\u017eu UV vai 60 sekun\u017eu LED.<\/span><\/li>\n<\/ul>\n<p data-mce-fragment=\"1\"><span data-mce-fragment=\"1\"><strong data-mce-fragment=\"1\">Kr\u0101su att\u0113lojums:<\/strong><\/span><br data-mce-fragment=\"1\"><span data-mce-fragment=\"1\">Tiek dar\u012bts viss iesp\u0113jamais, lai nodro\u0161in\u0101tu, ka visi m\u016bsu produktu att\u0113li ir p\u0113c iesp\u0113jas prec\u012bz\u0101ki. T\u0101 k\u0101 elektroniskaj\u0101s ier\u012bc\u0113s ir kr\u0101su\/iz\u0161\u0137irtsp\u0113jas iestat\u012bjumi, kr\u0101su atveidojums var nedaudz at\u0161\u0137irties no fizisk\u0101 produkta.<\/span><\/p>\n<\/div>\n","protected":false},"excerpt":{"rendered":"<p>Kr\u0113m\u012bgi roz\u0101 perlamutrs ir g\u0113la laka elegant\u0101m un aristokr\u0101tisk\u0101m d\u0101m\u0101m. T\u0101 ir gai\u0161a, t\u012bra, sniegaini balta kr\u0101sa ar miglaini roz\u0101<\/p>\n","protected":false},"featured_media":3236,"template":"","meta":{"_acf_changed":false},"product_brand":[],"product_cat":[157,154,513,501],"product_tag":[370],"class_list":{"0":"post-8290","1":"product","2":"type-product","3":"status-publish","4":"has-post-thumbnail","6":"product_cat-gela-lakas","7":"product_cat-luxe-gel-professional-lv","8":"product_cat-pasteltoni","9":"product_cat-visi-toni","10":"product_tag-balts","12":"first","13":"outofstock","14":"sale","15":"shipping-taxable","16":"purchasable","17":"product-type-simple"},"acf":[],"yoast_head":"<!-- This site is optimized with the Yoast SEO plugin v23.8 - https:\/\/yoast.com\/wordpress\/plugins\/seo\/ -->\n<title>BARELY PINK (F956) - LUXE GEL PROFESSIONAL\u2122<\/title>\n<meta name=\"robots\" content=\"index, follow, max-snippet:-1, max-image-preview:large, max-video-preview:-1\" \/>\n<link rel=\"canonical\" href=\"https:\/\/luxegel.lv\/lv\/product-lv\/tikko-roza-f956\/\" \/>\n<meta property=\"og:locale\" content=\"lv_LV\" \/>\n<meta property=\"og:type\" content=\"article\" \/>\n<meta property=\"og:title\" content=\"BARELY PINK (F956) - LUXE GEL PROFESSIONAL\u2122\" \/>\n<meta property=\"og:description\" content=\"Kr\u0113m\u012bgi roz\u0101 perlamutrs ir g\u0113la laka elegant\u0101m un aristokr\u0101tisk\u0101m d\u0101m\u0101m. T\u0101 ir gai\u0161a, t\u012bra, sniegaini balta kr\u0101sa ar miglaini roz\u0101\" \/>\n<meta property=\"og:url\" content=\"https:\/\/luxegel.lv\/lv\/product-lv\/tikko-roza-f956\/\" \/>\n<meta property=\"og:site_name\" content=\"LUXE GEL PROFESSIONAL\u2122\" \/>\n<meta property=\"article:modified_time\" content=\"2026-04-01T21:07:00+00:00\" \/>\n<meta property=\"og:image\" content=\"https:\/\/luxegel.lv\/wp-content\/uploads\/2024\/01\/F956.jpg\" \/>\n\t<meta property=\"og:image:width\" content=\"800\" \/>\n\t<meta property=\"og:image:height\" content=\"800\" \/>\n\t<meta property=\"og:image:type\" content=\"image\/jpeg\" \/>\n<meta name=\"twitter:card\" content=\"summary_large_image\" \/>\n<meta name=\"twitter:label1\" content=\"Est. reading time\" \/>\n\t<meta name=\"twitter:data1\" content=\"1 minute\" \/>\n<script type=\"application\/ld+json\" class=\"yoast-schema-graph\">{\"@context\":\"https:\/\/schema.org\",\"@graph\":[{\"@type\":\"WebPage\",\"@id\":\"https:\/\/luxegel.lv\/lv\/product-lv\/tikko-roza-f956\/\",\"url\":\"https:\/\/luxegel.lv\/lv\/product-lv\/tikko-roza-f956\/\",\"name\":\"BARELY PINK (F956) - LUXE GEL PROFESSIONAL\u2122\",\"isPartOf\":{\"@id\":\"https:\/\/luxegel.lv\/lv\/#website\"},\"primaryImageOfPage\":{\"@id\":\"https:\/\/luxegel.lv\/lv\/product-lv\/tikko-roza-f956\/#primaryimage\"},\"image\":{\"@id\":\"https:\/\/luxegel.lv\/lv\/product-lv\/tikko-roza-f956\/#primaryimage\"},\"thumbnailUrl\":\"https:\/\/luxegel.lv\/wp-content\/uploads\/2024\/01\/F956.jpg\",\"datePublished\":\"2021-07-20T15:26:46+00:00\",\"dateModified\":\"2026-04-01T21:07:00+00:00\",\"breadcrumb\":{\"@id\":\"https:\/\/luxegel.lv\/lv\/product-lv\/tikko-roza-f956\/#breadcrumb\"},\"inLanguage\":\"lv-LV\",\"potentialAction\":[{\"@type\":\"ReadAction\",\"target\":[\"https:\/\/luxegel.lv\/lv\/product-lv\/tikko-roza-f956\/\"]}]},{\"@type\":\"ImageObject\",\"inLanguage\":\"lv-LV\",\"@id\":\"https:\/\/luxegel.lv\/lv\/product-lv\/tikko-roza-f956\/#primaryimage\",\"url\":\"https:\/\/luxegel.lv\/wp-content\/uploads\/2024\/01\/F956.jpg\",\"contentUrl\":\"https:\/\/luxegel.lv\/wp-content\/uploads\/2024\/01\/F956.jpg\",\"width\":800,\"height\":800},{\"@type\":\"BreadcrumbList\",\"@id\":\"https:\/\/luxegel.lv\/lv\/product-lv\/tikko-roza-f956\/#breadcrumb\",\"itemListElement\":[{\"@type\":\"ListItem\",\"position\":1,\"name\":\"Galven\u0101\",\"item\":\"https:\/\/luxegel.lv\/lv\/\"},{\"@type\":\"ListItem\",\"position\":2,\"name\":\"Veikals\",\"item\":\"https:\/\/luxegel.lv\/lv\/veikals\/\"},{\"@type\":\"ListItem\",\"position\":3,\"name\":\"BARELY PINK (F956)\"}]},{\"@type\":\"WebSite\",\"@id\":\"https:\/\/luxegel.lv\/lv\/#website\",\"url\":\"https:\/\/luxegel.lv\/lv\/\",\"name\":\"LUXE GEL PROFESSIONAL\u2122\",\"description\":\"is a leading nail brand on the European market. Luxe Gel currently stock over 500 products including over 350 shades of gel polish, a complete builder gel system and our famous structure base.\",\"potentialAction\":[{\"@type\":\"SearchAction\",\"target\":{\"@type\":\"EntryPoint\",\"urlTemplate\":\"https:\/\/luxegel.lv\/lv\/?s={search_term_string}\"},\"query-input\":{\"@type\":\"PropertyValueSpecification\",\"valueRequired\":true,\"valueName\":\"search_term_string\"}}],\"inLanguage\":\"lv-LV\"}]}<\/script>\n<!-- \/ Yoast SEO plugin. -->","yoast_head_json":{"title":"BARELY PINK (F956) - LUXE GEL PROFESSIONAL\u2122","robots":{"index":"index","follow":"follow","max-snippet":"max-snippet:-1","max-image-preview":"max-image-preview:large","max-video-preview":"max-video-preview:-1"},"canonical":"https:\/\/luxegel.lv\/lv\/product-lv\/tikko-roza-f956\/","og_locale":"lv_LV","og_type":"article","og_title":"BARELY PINK (F956) - LUXE GEL PROFESSIONAL\u2122","og_description":"Kr\u0113m\u012bgi roz\u0101 perlamutrs ir g\u0113la laka elegant\u0101m un aristokr\u0101tisk\u0101m d\u0101m\u0101m. T\u0101 ir gai\u0161a, t\u012bra, sniegaini balta kr\u0101sa ar miglaini roz\u0101","og_url":"https:\/\/luxegel.lv\/lv\/product-lv\/tikko-roza-f956\/","og_site_name":"LUXE GEL PROFESSIONAL\u2122","article_modified_time":"2026-04-01T21:07:00+00:00","og_image":[{"width":800,"height":800,"url":"https:\/\/luxegel.lv\/wp-content\/uploads\/2024\/01\/F956.jpg","type":"image\/jpeg"}],"twitter_card":"summary_large_image","twitter_misc":{"Est. reading time":"1 minute"},"schema":{"@context":"https:\/\/schema.org","@graph":[{"@type":"WebPage","@id":"https:\/\/luxegel.lv\/lv\/product-lv\/tikko-roza-f956\/","url":"https:\/\/luxegel.lv\/lv\/product-lv\/tikko-roza-f956\/","name":"BARELY PINK (F956) - LUXE GEL PROFESSIONAL\u2122","isPartOf":{"@id":"https:\/\/luxegel.lv\/lv\/#website"},"primaryImageOfPage":{"@id":"https:\/\/luxegel.lv\/lv\/product-lv\/tikko-roza-f956\/#primaryimage"},"image":{"@id":"https:\/\/luxegel.lv\/lv\/product-lv\/tikko-roza-f956\/#primaryimage"},"thumbnailUrl":"https:\/\/luxegel.lv\/wp-content\/uploads\/2024\/01\/F956.jpg","datePublished":"2021-07-20T15:26:46+00:00","dateModified":"2026-04-01T21:07:00+00:00","breadcrumb":{"@id":"https:\/\/luxegel.lv\/lv\/product-lv\/tikko-roza-f956\/#breadcrumb"},"inLanguage":"lv-LV","potentialAction":[{"@type":"ReadAction","target":["https:\/\/luxegel.lv\/lv\/product-lv\/tikko-roza-f956\/"]}]},{"@type":"ImageObject","inLanguage":"lv-LV","@id":"https:\/\/luxegel.lv\/lv\/product-lv\/tikko-roza-f956\/#primaryimage","url":"https:\/\/luxegel.lv\/wp-content\/uploads\/2024\/01\/F956.jpg","contentUrl":"https:\/\/luxegel.lv\/wp-content\/uploads\/2024\/01\/F956.jpg","width":800,"height":800},{"@type":"BreadcrumbList","@id":"https:\/\/luxegel.lv\/lv\/product-lv\/tikko-roza-f956\/#breadcrumb","itemListElement":[{"@type":"ListItem","position":1,"name":"Galven\u0101","item":"https:\/\/luxegel.lv\/lv\/"},{"@type":"ListItem","position":2,"name":"Veikals","item":"https:\/\/luxegel.lv\/lv\/veikals\/"},{"@type":"ListItem","position":3,"name":"BARELY PINK (F956)"}]},{"@type":"WebSite","@id":"https:\/\/luxegel.lv\/lv\/#website","url":"https:\/\/luxegel.lv\/lv\/","name":"LUXE GEL PROFESSIONAL\u2122","description":"is a leading nail brand on the European market. Luxe Gel currently stock over 500 products including over 350 shades of gel polish, a complete builder gel system and our famous structure base.","potentialAction":[{"@type":"SearchAction","target":{"@type":"EntryPoint","urlTemplate":"https:\/\/luxegel.lv\/lv\/?s={search_term_string}"},"query-input":{"@type":"PropertyValueSpecification","valueRequired":true,"valueName":"search_term_string"}}],"inLanguage":"lv-LV"}]}},"_links":{"self":[{"href":"https:\/\/luxegel.lv\/lv\/wp-json\/wp\/v2\/product\/8290","targetHints":{"allow":["GET"]}}],"collection":[{"href":"https:\/\/luxegel.lv\/lv\/wp-json\/wp\/v2\/product"}],"about":[{"href":"https:\/\/luxegel.lv\/lv\/wp-json\/wp\/v2\/types\/product"}],"version-history":[{"count":0,"href":"https:\/\/luxegel.lv\/lv\/wp-json\/wp\/v2\/product\/8290\/revisions"}],"wp:featuredmedia":[{"embeddable":true,"href":"https:\/\/luxegel.lv\/lv\/wp-json\/wp\/v2\/media\/3236"}],"wp:attachment":[{"href":"https:\/\/luxegel.lv\/lv\/wp-json\/wp\/v2\/media?parent=8290"}],"wp:term":[{"taxonomy":"product_brand","embeddable":true,"href":"https:\/\/luxegel.lv\/lv\/wp-json\/wp\/v2\/product_brand?post=8290"},{"taxonomy":"product_cat","embeddable":true,"href":"https:\/\/luxegel.lv\/lv\/wp-json\/wp\/v2\/product_cat?post=8290"},{"taxonomy":"product_tag","embeddable":true,"href":"https:\/\/luxegel.lv\/lv\/wp-json\/wp\/v2\/product_tag?post=8290"}],"curies":[{"name":"wp","href":"https:\/\/api.w.org\/{rel}","templated":true}]}}