{"id":8281,"date":"2021-07-20T15:26:42","date_gmt":"2021-07-20T15:26:42","guid":{"rendered":"https:\/\/luxegel.lv\/product\/elation\/"},"modified":"2025-10-24T18:55:34","modified_gmt":"2025-10-24T18:55:34","slug":"elation","status":"publish","type":"product","link":"https:\/\/luxegel.lv\/lv\/product-lv\/elation\/","title":{"rendered":"ELATION"},"content":{"rendered":"<div class=\"product-blocks blocks-top\" data-mce-fragment=\"1\">\n<div class=\"product-blocks-top product-blocks-680 grid-rows\" data-mce-fragment=\"1\">\n<div class=\"grid-row grid-row-680-1\" data-mce-fragment=\"1\">\n<div class=\"grid-cols\" data-mce-fragment=\"1\">\n<div class=\"grid-col grid-col-680-1-1\" data-dimensions=\"674 x 50\" data-mce-fragment=\"1\">\n<div class=\"grid-items\" data-mce-fragment=\"1\">\n<div class=\"grid-item grid-item-680-1-1-1\" data-mce-fragment=\"1\">\n<div class=\"module module-blocks module-blocks-352 blocks-grid\" data-mce-fragment=\"1\">\n<div class=\"module-body\" data-mce-fragment=\"1\">\n<div class=\"module-item module-item-1 no-expand\" data-mce-fragment=\"1\">\n<div class=\"block-body expand-block\" data-mce-fragment=\"1\">\n<div class=\"block-wrapper\" data-mce-fragment=\"1\">\n<div class=\"block-content expand-content block-html\" data-mce-fragment=\"1\"><strong><em>Nosl\u0113pumains r\u012bts, kad viss apk\u0101rt ir iet\u012bts ma\u0123isk\u0101 miglas pl\u012bvur\u0101. Maig\u0101 paste\u013ckr\u0101sa b\u016bs piem\u0113rota jebkurai sezonai. Izveidojiet perfektu kombin\u0101ciju ar mirdzo\u0161u g\u0113la laku.<\/em><\/strong><\/div>\n<div class=\"block-content expand-content block-html\" data-mce-fragment=\"1\"><\/div>\n<div class=\"block-content expand-content block-html\" data-mce-fragment=\"1\">\n<p><span><strong><em>#luxegelelation<\/em><\/strong><\/span><\/p>\n<ul data-mce-fragment=\"1\">\n<li data-mce-fragment=\"1\"><span>9 Bezmaksas.<\/span><\/li>\n<li data-mce-fragment=\"1\"><span>15ML (0,5 fl.oz).<\/span><\/li>\n<li data-mce-fragment=\"1\"><span>100% g\u0113la formula.<\/span><\/li>\n<li data-mce-fragment=\"1\"><span>\u013boti pigment\u0113ts, lai viegli p\u0101rkl\u0101tu.<\/span><\/li>\n<li data-mce-fragment=\"1\"><span>3+ ned\u0113\u013cu ilgnotur\u012bga formula.<\/span><\/li>\n<li data-mce-fragment=\"1\"><span>Veg\u0101ns &amp; Cruelty free.<\/span><\/li>\n<li data-mce-fragment=\"1\"><span>\u0100tra izm\u0113rc\u0113\u0161anas no\u0146em\u0161ana.<\/span><\/li>\n<li data-mce-fragment=\"1\"><span>Uv\/LED saciet\u0113jams &#8211; 120 sekun\u017eu UV vai 60 sekun\u017eu LED.<\/span><\/li>\n<\/ul>\n<p data-mce-fragment=\"1\"><span> <strong data-mce-fragment=\"1\">Kr\u0101su att\u0113lojums:<\/strong><\/span><br data-mce-fragment=\"1\"><span data-mce-fragment=\"1\">Tiek dar\u012bts viss iesp\u0113jamais, lai nodro\u0161in\u0101tu, ka visi m\u016bsu produktu att\u0113li ir p\u0113c iesp\u0113jas prec\u012bz\u0101ki. T\u0101 k\u0101 elektroniskaj\u0101s ier\u012bc\u0113s ir kr\u0101su\/iz\u0161\u0137irtsp\u0113jas iestat\u012bjumi, kr\u0101su atveidojums var nedaudz at\u0161\u0137irties no fizisk\u0101 produkta.<\/span><\/p>\n<\/div>\n<\/div>\n<\/div>\n<\/div>\n<\/div>\n<\/div>\n<\/div>\n<\/div>\n<\/div>\n<\/div>\n<\/div>\n<\/div>\n<\/div>\n<div class=\"product-price-group\" data-mce-fragment=\"1\">\n<div class=\"price-wrapper\" data-mce-fragment=\"1\">\n<div class=\"price-group\" data-mce-fragment=\"1\">\n<div class=\"product-price\" data-mce-fragment=\"1\"><\/div>\n<\/div>\n<\/div>\n<\/div>\n","protected":false},"excerpt":{"rendered":"<p>Nosl\u0113pumains r\u012bts, kad viss apk\u0101rt ir iet\u012bts ma\u0123isk\u0101 miglas pl\u012bvur\u0101. Maig\u0101 paste\u013ckr\u0101sa b\u016bs piem\u0113rota jebkurai sezonai. Izveidojiet perfektu kombin\u0101ciju ar<\/p>\n","protected":false},"featured_media":3774,"template":"","meta":{"_acf_changed":false,"om_disable_all_campaigns":false},"product_brand":[],"product_cat":[157,154,513,501],"product_tag":[333,352],"class_list":{"0":"post-8281","1":"product","2":"type-product","3":"status-publish","4":"has-post-thumbnail","6":"product_cat-gela-lakas","7":"product_cat-luxe-gel-professional-lv","8":"product_cat-pasteltoni","9":"product_cat-visi-toni","10":"product_tag-izpardosana","11":"product_tag-purple-lv","13":"first","14":"instock","15":"sale","16":"shipping-taxable","17":"purchasable","18":"product-type-simple"},"acf":[],"yoast_head":"<!-- This site is optimized with the Yoast SEO plugin v23.8 - https:\/\/yoast.com\/wordpress\/plugins\/seo\/ -->\n<title>ELATION - LUXE GEL PROFESSIONAL\u2122<\/title>\n<meta name=\"robots\" content=\"index, follow, max-snippet:-1, max-image-preview:large, max-video-preview:-1\" \/>\n<link rel=\"canonical\" href=\"https:\/\/luxegel.lv\/lv\/product-lv\/elation\/\" \/>\n<meta property=\"og:locale\" content=\"lv_LV\" \/>\n<meta property=\"og:type\" content=\"article\" \/>\n<meta property=\"og:title\" content=\"ELATION - LUXE GEL PROFESSIONAL\u2122\" \/>\n<meta property=\"og:description\" content=\"Nosl\u0113pumains r\u012bts, kad viss apk\u0101rt ir iet\u012bts ma\u0123isk\u0101 miglas pl\u012bvur\u0101. Maig\u0101 paste\u013ckr\u0101sa b\u016bs piem\u0113rota jebkurai sezonai. Izveidojiet perfektu kombin\u0101ciju ar\" \/>\n<meta property=\"og:url\" content=\"https:\/\/luxegel.lv\/lv\/product-lv\/elation\/\" \/>\n<meta property=\"og:site_name\" content=\"LUXE GEL PROFESSIONAL\u2122\" \/>\n<meta property=\"article:modified_time\" content=\"2025-10-24T18:55:34+00:00\" \/>\n<meta property=\"og:image\" content=\"https:\/\/luxegel.lv\/wp-content\/uploads\/2024\/01\/Elation_04741f67-3fc1-494e-9e97-58c9395f8601.jpg\" \/>\n\t<meta property=\"og:image:width\" content=\"800\" \/>\n\t<meta property=\"og:image:height\" content=\"800\" \/>\n\t<meta property=\"og:image:type\" content=\"image\/jpeg\" \/>\n<meta name=\"twitter:card\" content=\"summary_large_image\" \/>\n<meta name=\"twitter:label1\" content=\"Est. reading time\" \/>\n\t<meta name=\"twitter:data1\" content=\"1 minute\" \/>\n<script type=\"application\/ld+json\" class=\"yoast-schema-graph\">{\"@context\":\"https:\/\/schema.org\",\"@graph\":[{\"@type\":\"WebPage\",\"@id\":\"https:\/\/luxegel.lv\/lv\/product-lv\/elation\/\",\"url\":\"https:\/\/luxegel.lv\/lv\/product-lv\/elation\/\",\"name\":\"ELATION - LUXE GEL PROFESSIONAL\u2122\",\"isPartOf\":{\"@id\":\"https:\/\/luxegel.lv\/lv\/#website\"},\"primaryImageOfPage\":{\"@id\":\"https:\/\/luxegel.lv\/lv\/product-lv\/elation\/#primaryimage\"},\"image\":{\"@id\":\"https:\/\/luxegel.lv\/lv\/product-lv\/elation\/#primaryimage\"},\"thumbnailUrl\":\"https:\/\/luxegel.lv\/wp-content\/uploads\/2024\/01\/Elation_04741f67-3fc1-494e-9e97-58c9395f8601.jpg\",\"datePublished\":\"2021-07-20T15:26:42+00:00\",\"dateModified\":\"2025-10-24T18:55:34+00:00\",\"breadcrumb\":{\"@id\":\"https:\/\/luxegel.lv\/lv\/product-lv\/elation\/#breadcrumb\"},\"inLanguage\":\"lv-LV\",\"potentialAction\":[{\"@type\":\"ReadAction\",\"target\":[\"https:\/\/luxegel.lv\/lv\/product-lv\/elation\/\"]}]},{\"@type\":\"ImageObject\",\"inLanguage\":\"lv-LV\",\"@id\":\"https:\/\/luxegel.lv\/lv\/product-lv\/elation\/#primaryimage\",\"url\":\"https:\/\/luxegel.lv\/wp-content\/uploads\/2024\/01\/Elation_04741f67-3fc1-494e-9e97-58c9395f8601.jpg\",\"contentUrl\":\"https:\/\/luxegel.lv\/wp-content\/uploads\/2024\/01\/Elation_04741f67-3fc1-494e-9e97-58c9395f8601.jpg\",\"width\":800,\"height\":800},{\"@type\":\"BreadcrumbList\",\"@id\":\"https:\/\/luxegel.lv\/lv\/product-lv\/elation\/#breadcrumb\",\"itemListElement\":[{\"@type\":\"ListItem\",\"position\":1,\"name\":\"Galven\u0101\",\"item\":\"https:\/\/luxegel.lv\/lv\/\"},{\"@type\":\"ListItem\",\"position\":2,\"name\":\"Veikals\",\"item\":\"https:\/\/luxegel.lv\/lv\/veikals\/\"},{\"@type\":\"ListItem\",\"position\":3,\"name\":\"ELATION\"}]},{\"@type\":\"WebSite\",\"@id\":\"https:\/\/luxegel.lv\/lv\/#website\",\"url\":\"https:\/\/luxegel.lv\/lv\/\",\"name\":\"LUXE GEL PROFESSIONAL\u2122\",\"description\":\"is a leading nail brand on the European market. Luxe Gel currently stock over 500 products including over 350 shades of gel polish, a complete builder gel system and our famous structure base.\",\"potentialAction\":[{\"@type\":\"SearchAction\",\"target\":{\"@type\":\"EntryPoint\",\"urlTemplate\":\"https:\/\/luxegel.lv\/lv\/?s={search_term_string}\"},\"query-input\":{\"@type\":\"PropertyValueSpecification\",\"valueRequired\":true,\"valueName\":\"search_term_string\"}}],\"inLanguage\":\"lv-LV\"}]}<\/script>\n<!-- \/ Yoast SEO plugin. -->","yoast_head_json":{"title":"ELATION - LUXE GEL PROFESSIONAL\u2122","robots":{"index":"index","follow":"follow","max-snippet":"max-snippet:-1","max-image-preview":"max-image-preview:large","max-video-preview":"max-video-preview:-1"},"canonical":"https:\/\/luxegel.lv\/lv\/product-lv\/elation\/","og_locale":"lv_LV","og_type":"article","og_title":"ELATION - LUXE GEL PROFESSIONAL\u2122","og_description":"Nosl\u0113pumains r\u012bts, kad viss apk\u0101rt ir iet\u012bts ma\u0123isk\u0101 miglas pl\u012bvur\u0101. Maig\u0101 paste\u013ckr\u0101sa b\u016bs piem\u0113rota jebkurai sezonai. Izveidojiet perfektu kombin\u0101ciju ar","og_url":"https:\/\/luxegel.lv\/lv\/product-lv\/elation\/","og_site_name":"LUXE GEL PROFESSIONAL\u2122","article_modified_time":"2025-10-24T18:55:34+00:00","og_image":[{"width":800,"height":800,"url":"https:\/\/luxegel.lv\/wp-content\/uploads\/2024\/01\/Elation_04741f67-3fc1-494e-9e97-58c9395f8601.jpg","type":"image\/jpeg"}],"twitter_card":"summary_large_image","twitter_misc":{"Est. reading time":"1 minute"},"schema":{"@context":"https:\/\/schema.org","@graph":[{"@type":"WebPage","@id":"https:\/\/luxegel.lv\/lv\/product-lv\/elation\/","url":"https:\/\/luxegel.lv\/lv\/product-lv\/elation\/","name":"ELATION - LUXE GEL PROFESSIONAL\u2122","isPartOf":{"@id":"https:\/\/luxegel.lv\/lv\/#website"},"primaryImageOfPage":{"@id":"https:\/\/luxegel.lv\/lv\/product-lv\/elation\/#primaryimage"},"image":{"@id":"https:\/\/luxegel.lv\/lv\/product-lv\/elation\/#primaryimage"},"thumbnailUrl":"https:\/\/luxegel.lv\/wp-content\/uploads\/2024\/01\/Elation_04741f67-3fc1-494e-9e97-58c9395f8601.jpg","datePublished":"2021-07-20T15:26:42+00:00","dateModified":"2025-10-24T18:55:34+00:00","breadcrumb":{"@id":"https:\/\/luxegel.lv\/lv\/product-lv\/elation\/#breadcrumb"},"inLanguage":"lv-LV","potentialAction":[{"@type":"ReadAction","target":["https:\/\/luxegel.lv\/lv\/product-lv\/elation\/"]}]},{"@type":"ImageObject","inLanguage":"lv-LV","@id":"https:\/\/luxegel.lv\/lv\/product-lv\/elation\/#primaryimage","url":"https:\/\/luxegel.lv\/wp-content\/uploads\/2024\/01\/Elation_04741f67-3fc1-494e-9e97-58c9395f8601.jpg","contentUrl":"https:\/\/luxegel.lv\/wp-content\/uploads\/2024\/01\/Elation_04741f67-3fc1-494e-9e97-58c9395f8601.jpg","width":800,"height":800},{"@type":"BreadcrumbList","@id":"https:\/\/luxegel.lv\/lv\/product-lv\/elation\/#breadcrumb","itemListElement":[{"@type":"ListItem","position":1,"name":"Galven\u0101","item":"https:\/\/luxegel.lv\/lv\/"},{"@type":"ListItem","position":2,"name":"Veikals","item":"https:\/\/luxegel.lv\/lv\/veikals\/"},{"@type":"ListItem","position":3,"name":"ELATION"}]},{"@type":"WebSite","@id":"https:\/\/luxegel.lv\/lv\/#website","url":"https:\/\/luxegel.lv\/lv\/","name":"LUXE GEL PROFESSIONAL\u2122","description":"is a leading nail brand on the European market. Luxe Gel currently stock over 500 products including over 350 shades of gel polish, a complete builder gel system and our famous structure base.","potentialAction":[{"@type":"SearchAction","target":{"@type":"EntryPoint","urlTemplate":"https:\/\/luxegel.lv\/lv\/?s={search_term_string}"},"query-input":{"@type":"PropertyValueSpecification","valueRequired":true,"valueName":"search_term_string"}}],"inLanguage":"lv-LV"}]}},"_links":{"self":[{"href":"https:\/\/luxegel.lv\/lv\/wp-json\/wp\/v2\/product\/8281","targetHints":{"allow":["GET"]}}],"collection":[{"href":"https:\/\/luxegel.lv\/lv\/wp-json\/wp\/v2\/product"}],"about":[{"href":"https:\/\/luxegel.lv\/lv\/wp-json\/wp\/v2\/types\/product"}],"version-history":[{"count":0,"href":"https:\/\/luxegel.lv\/lv\/wp-json\/wp\/v2\/product\/8281\/revisions"}],"wp:featuredmedia":[{"embeddable":true,"href":"https:\/\/luxegel.lv\/lv\/wp-json\/wp\/v2\/media\/3774"}],"wp:attachment":[{"href":"https:\/\/luxegel.lv\/lv\/wp-json\/wp\/v2\/media?parent=8281"}],"wp:term":[{"taxonomy":"product_brand","embeddable":true,"href":"https:\/\/luxegel.lv\/lv\/wp-json\/wp\/v2\/product_brand?post=8281"},{"taxonomy":"product_cat","embeddable":true,"href":"https:\/\/luxegel.lv\/lv\/wp-json\/wp\/v2\/product_cat?post=8281"},{"taxonomy":"product_tag","embeddable":true,"href":"https:\/\/luxegel.lv\/lv\/wp-json\/wp\/v2\/product_tag?post=8281"}],"curies":[{"name":"wp","href":"https:\/\/api.w.org\/{rel}","templated":true}]}}