{"id":8107,"date":"2021-07-20T15:28:25","date_gmt":"2021-07-20T15:28:25","guid":{"rendered":"https:\/\/luxegel.lv\/product\/nagu-sagatavosana-dehidrators\/"},"modified":"2026-04-27T09:31:51","modified_gmt":"2026-04-27T09:31:51","slug":"nagu-sagatavosana-dehidrators","status":"publish","type":"product","link":"https:\/\/luxegel.lv\/lv\/product-lv\/nagu-sagatavosana-dehidrators\/","title":{"rendered":"NAIL PREP \u2013 DEHIDRATORS"},"content":{"rendered":"<p data-mce-fragment=\"1\"><em><strong>#luxegelnailprep<\/strong><\/em><\/p>\n<p data-mce-fragment=\"1\"><em><strong>NAIL PREP<\/strong><\/em> ir nagu dehidrators. Izmanto nagu attauko\u0161anai. PH l\u012bdzsvarojo\u0161s, antibakteri\u0101ls un prets\u0113n\u012b\u0161u l\u012bdzeklis. \u013baujiet no\u017e\u016bt pirms praimera uzkl\u0101\u0161anas.<\/p>\n","protected":false},"excerpt":{"rendered":"<p>#luxegelnailprep NAIL PREP ir nagu dehidrators. Izmanto nagu attauko\u0161anai. PH l\u012bdzsvarojo\u0161s, antibakteri\u0101ls un prets\u0113n\u012b\u0161u l\u012bdzeklis. \u013baujiet no\u017e\u016bt pirms praimera uzkl\u0101\u0161anas.<\/p>\n","protected":false},"featured_media":4734,"template":"","meta":{"_acf_changed":false,"om_disable_all_campaigns":false},"product_brand":[],"product_cat":[154,481,295],"product_tag":[222,221],"class_list":{"0":"post-8107","1":"product","2":"type-product","3":"status-publish","4":"has-post-thumbnail","6":"product_cat-luxe-gel-professional-lv","7":"product_cat-nagu-sagatavosana-un-apstrade","8":"product_cat-skidrumi","9":"product_tag-produkti","10":"product_tag-visi-produkti","12":"first","13":"instock","14":"shipping-taxable","15":"purchasable","16":"product-type-simple"},"acf":[],"yoast_head":"<!-- This site is optimized with the Yoast SEO plugin v23.8 - https:\/\/yoast.com\/wordpress\/plugins\/seo\/ -->\n<title>NAIL PREP \u2013 DEHIDRATORS - LUXE GEL PROFESSIONAL\u2122<\/title>\n<meta name=\"robots\" content=\"index, follow, max-snippet:-1, max-image-preview:large, max-video-preview:-1\" \/>\n<link rel=\"canonical\" href=\"https:\/\/luxegel.lv\/lv\/product-lv\/nagu-sagatavosana-dehidrators\/\" \/>\n<meta property=\"og:locale\" content=\"lv_LV\" \/>\n<meta property=\"og:type\" content=\"article\" \/>\n<meta property=\"og:title\" content=\"NAIL PREP \u2013 DEHIDRATORS - LUXE GEL PROFESSIONAL\u2122\" \/>\n<meta property=\"og:description\" content=\"#luxegelnailprep NAIL PREP ir nagu dehidrators. Izmanto nagu attauko\u0161anai. PH l\u012bdzsvarojo\u0161s, antibakteri\u0101ls un prets\u0113n\u012b\u0161u l\u012bdzeklis. \u013baujiet no\u017e\u016bt pirms praimera uzkl\u0101\u0161anas.\" \/>\n<meta property=\"og:url\" content=\"https:\/\/luxegel.lv\/lv\/product-lv\/nagu-sagatavosana-dehidrators\/\" \/>\n<meta property=\"og:site_name\" content=\"LUXE GEL PROFESSIONAL\u2122\" \/>\n<meta property=\"article:modified_time\" content=\"2026-04-27T09:31:51+00:00\" \/>\n<meta property=\"og:image\" content=\"https:\/\/luxegel.lv\/wp-content\/uploads\/2024\/01\/primer-1100x1100_6b80180b-4cd6-489c-8231-e88f9bfe5ff9.png\" \/>\n\t<meta property=\"og:image:width\" content=\"1100\" \/>\n\t<meta property=\"og:image:height\" content=\"1100\" \/>\n\t<meta property=\"og:image:type\" content=\"image\/png\" \/>\n<meta name=\"twitter:card\" content=\"summary_large_image\" \/>\n<script type=\"application\/ld+json\" class=\"yoast-schema-graph\">{\"@context\":\"https:\/\/schema.org\",\"@graph\":[{\"@type\":\"WebPage\",\"@id\":\"https:\/\/luxegel.lv\/lv\/product-lv\/nagu-sagatavosana-dehidrators\/\",\"url\":\"https:\/\/luxegel.lv\/lv\/product-lv\/nagu-sagatavosana-dehidrators\/\",\"name\":\"NAIL PREP \u2013 DEHIDRATORS - LUXE GEL PROFESSIONAL\u2122\",\"isPartOf\":{\"@id\":\"https:\/\/luxegel.lv\/lv\/#website\"},\"primaryImageOfPage\":{\"@id\":\"https:\/\/luxegel.lv\/lv\/product-lv\/nagu-sagatavosana-dehidrators\/#primaryimage\"},\"image\":{\"@id\":\"https:\/\/luxegel.lv\/lv\/product-lv\/nagu-sagatavosana-dehidrators\/#primaryimage\"},\"thumbnailUrl\":\"https:\/\/luxegel.lv\/wp-content\/uploads\/2024\/01\/primer-1100x1100_6b80180b-4cd6-489c-8231-e88f9bfe5ff9.png\",\"datePublished\":\"2021-07-20T15:28:25+00:00\",\"dateModified\":\"2026-04-27T09:31:51+00:00\",\"breadcrumb\":{\"@id\":\"https:\/\/luxegel.lv\/lv\/product-lv\/nagu-sagatavosana-dehidrators\/#breadcrumb\"},\"inLanguage\":\"lv-LV\",\"potentialAction\":[{\"@type\":\"ReadAction\",\"target\":[\"https:\/\/luxegel.lv\/lv\/product-lv\/nagu-sagatavosana-dehidrators\/\"]}]},{\"@type\":\"ImageObject\",\"inLanguage\":\"lv-LV\",\"@id\":\"https:\/\/luxegel.lv\/lv\/product-lv\/nagu-sagatavosana-dehidrators\/#primaryimage\",\"url\":\"https:\/\/luxegel.lv\/wp-content\/uploads\/2024\/01\/primer-1100x1100_6b80180b-4cd6-489c-8231-e88f9bfe5ff9.png\",\"contentUrl\":\"https:\/\/luxegel.lv\/wp-content\/uploads\/2024\/01\/primer-1100x1100_6b80180b-4cd6-489c-8231-e88f9bfe5ff9.png\",\"width\":1100,\"height\":1100},{\"@type\":\"BreadcrumbList\",\"@id\":\"https:\/\/luxegel.lv\/lv\/product-lv\/nagu-sagatavosana-dehidrators\/#breadcrumb\",\"itemListElement\":[{\"@type\":\"ListItem\",\"position\":1,\"name\":\"Galven\u0101\",\"item\":\"https:\/\/luxegel.lv\/lv\/\"},{\"@type\":\"ListItem\",\"position\":2,\"name\":\"Veikals\",\"item\":\"https:\/\/luxegel.lv\/lv\/veikals\/\"},{\"@type\":\"ListItem\",\"position\":3,\"name\":\"NAIL PREP \u2013 DEHIDRATORS\"}]},{\"@type\":\"WebSite\",\"@id\":\"https:\/\/luxegel.lv\/lv\/#website\",\"url\":\"https:\/\/luxegel.lv\/lv\/\",\"name\":\"LUXE GEL PROFESSIONAL\u2122\",\"description\":\"is a leading nail brand on the European market. Luxe Gel currently stock over 500 products including over 350 shades of gel polish, a complete builder gel system and our famous structure base.\",\"potentialAction\":[{\"@type\":\"SearchAction\",\"target\":{\"@type\":\"EntryPoint\",\"urlTemplate\":\"https:\/\/luxegel.lv\/lv\/?s={search_term_string}\"},\"query-input\":{\"@type\":\"PropertyValueSpecification\",\"valueRequired\":true,\"valueName\":\"search_term_string\"}}],\"inLanguage\":\"lv-LV\"}]}<\/script>\n<!-- \/ Yoast SEO plugin. -->","yoast_head_json":{"title":"NAIL PREP \u2013 DEHIDRATORS - LUXE GEL PROFESSIONAL\u2122","robots":{"index":"index","follow":"follow","max-snippet":"max-snippet:-1","max-image-preview":"max-image-preview:large","max-video-preview":"max-video-preview:-1"},"canonical":"https:\/\/luxegel.lv\/lv\/product-lv\/nagu-sagatavosana-dehidrators\/","og_locale":"lv_LV","og_type":"article","og_title":"NAIL PREP \u2013 DEHIDRATORS - LUXE GEL PROFESSIONAL\u2122","og_description":"#luxegelnailprep NAIL PREP ir nagu dehidrators. Izmanto nagu attauko\u0161anai. PH l\u012bdzsvarojo\u0161s, antibakteri\u0101ls un prets\u0113n\u012b\u0161u l\u012bdzeklis. \u013baujiet no\u017e\u016bt pirms praimera uzkl\u0101\u0161anas.","og_url":"https:\/\/luxegel.lv\/lv\/product-lv\/nagu-sagatavosana-dehidrators\/","og_site_name":"LUXE GEL PROFESSIONAL\u2122","article_modified_time":"2026-04-27T09:31:51+00:00","og_image":[{"width":1100,"height":1100,"url":"https:\/\/luxegel.lv\/wp-content\/uploads\/2024\/01\/primer-1100x1100_6b80180b-4cd6-489c-8231-e88f9bfe5ff9.png","type":"image\/png"}],"twitter_card":"summary_large_image","schema":{"@context":"https:\/\/schema.org","@graph":[{"@type":"WebPage","@id":"https:\/\/luxegel.lv\/lv\/product-lv\/nagu-sagatavosana-dehidrators\/","url":"https:\/\/luxegel.lv\/lv\/product-lv\/nagu-sagatavosana-dehidrators\/","name":"NAIL PREP \u2013 DEHIDRATORS - LUXE GEL PROFESSIONAL\u2122","isPartOf":{"@id":"https:\/\/luxegel.lv\/lv\/#website"},"primaryImageOfPage":{"@id":"https:\/\/luxegel.lv\/lv\/product-lv\/nagu-sagatavosana-dehidrators\/#primaryimage"},"image":{"@id":"https:\/\/luxegel.lv\/lv\/product-lv\/nagu-sagatavosana-dehidrators\/#primaryimage"},"thumbnailUrl":"https:\/\/luxegel.lv\/wp-content\/uploads\/2024\/01\/primer-1100x1100_6b80180b-4cd6-489c-8231-e88f9bfe5ff9.png","datePublished":"2021-07-20T15:28:25+00:00","dateModified":"2026-04-27T09:31:51+00:00","breadcrumb":{"@id":"https:\/\/luxegel.lv\/lv\/product-lv\/nagu-sagatavosana-dehidrators\/#breadcrumb"},"inLanguage":"lv-LV","potentialAction":[{"@type":"ReadAction","target":["https:\/\/luxegel.lv\/lv\/product-lv\/nagu-sagatavosana-dehidrators\/"]}]},{"@type":"ImageObject","inLanguage":"lv-LV","@id":"https:\/\/luxegel.lv\/lv\/product-lv\/nagu-sagatavosana-dehidrators\/#primaryimage","url":"https:\/\/luxegel.lv\/wp-content\/uploads\/2024\/01\/primer-1100x1100_6b80180b-4cd6-489c-8231-e88f9bfe5ff9.png","contentUrl":"https:\/\/luxegel.lv\/wp-content\/uploads\/2024\/01\/primer-1100x1100_6b80180b-4cd6-489c-8231-e88f9bfe5ff9.png","width":1100,"height":1100},{"@type":"BreadcrumbList","@id":"https:\/\/luxegel.lv\/lv\/product-lv\/nagu-sagatavosana-dehidrators\/#breadcrumb","itemListElement":[{"@type":"ListItem","position":1,"name":"Galven\u0101","item":"https:\/\/luxegel.lv\/lv\/"},{"@type":"ListItem","position":2,"name":"Veikals","item":"https:\/\/luxegel.lv\/lv\/veikals\/"},{"@type":"ListItem","position":3,"name":"NAIL PREP \u2013 DEHIDRATORS"}]},{"@type":"WebSite","@id":"https:\/\/luxegel.lv\/lv\/#website","url":"https:\/\/luxegel.lv\/lv\/","name":"LUXE GEL PROFESSIONAL\u2122","description":"is a leading nail brand on the European market. Luxe Gel currently stock over 500 products including over 350 shades of gel polish, a complete builder gel system and our famous structure base.","potentialAction":[{"@type":"SearchAction","target":{"@type":"EntryPoint","urlTemplate":"https:\/\/luxegel.lv\/lv\/?s={search_term_string}"},"query-input":{"@type":"PropertyValueSpecification","valueRequired":true,"valueName":"search_term_string"}}],"inLanguage":"lv-LV"}]}},"_links":{"self":[{"href":"https:\/\/luxegel.lv\/lv\/wp-json\/wp\/v2\/product\/8107","targetHints":{"allow":["GET"]}}],"collection":[{"href":"https:\/\/luxegel.lv\/lv\/wp-json\/wp\/v2\/product"}],"about":[{"href":"https:\/\/luxegel.lv\/lv\/wp-json\/wp\/v2\/types\/product"}],"version-history":[{"count":0,"href":"https:\/\/luxegel.lv\/lv\/wp-json\/wp\/v2\/product\/8107\/revisions"}],"wp:featuredmedia":[{"embeddable":true,"href":"https:\/\/luxegel.lv\/lv\/wp-json\/wp\/v2\/media\/4734"}],"wp:attachment":[{"href":"https:\/\/luxegel.lv\/lv\/wp-json\/wp\/v2\/media?parent=8107"}],"wp:term":[{"taxonomy":"product_brand","embeddable":true,"href":"https:\/\/luxegel.lv\/lv\/wp-json\/wp\/v2\/product_brand?post=8107"},{"taxonomy":"product_cat","embeddable":true,"href":"https:\/\/luxegel.lv\/lv\/wp-json\/wp\/v2\/product_cat?post=8107"},{"taxonomy":"product_tag","embeddable":true,"href":"https:\/\/luxegel.lv\/lv\/wp-json\/wp\/v2\/product_tag?post=8107"}],"curies":[{"name":"wp","href":"https:\/\/api.w.org\/{rel}","templated":true}]}}