{"id":8106,"date":"2021-07-20T15:28:20","date_gmt":"2021-07-20T15:28:20","guid":{"rendered":"https:\/\/luxegel.lv\/product\/file-80-100\/"},"modified":"2026-01-23T13:40:39","modified_gmt":"2026-01-23T13:40:39","slug":"file-80-100","status":"publish","type":"product","link":"https:\/\/luxegel.lv\/lv\/product-lv\/file-80-100\/","title":{"rendered":"V\u012aLE 80\/100"},"content":{"rendered":"<div class=\"product-blocks-top product-blocks-867 grid-rows\" data-mce-fragment=\"1\">\n<div class=\"grid-row grid-row-867-1\" data-mce-fragment=\"1\">\n<div class=\"grid-cols\" data-mce-fragment=\"1\">\n<div class=\"grid-col grid-col-867-1-1\" data-dimensions=\"1118 x 105\" data-mce-fragment=\"1\">\n<div class=\"grid-items\" data-mce-fragment=\"1\">\n<div class=\"grid-item grid-item-867-1-1-1\" data-mce-fragment=\"1\">\n<div class=\"module module-blocks module-blocks-863 blocks-grid\" data-mce-fragment=\"1\">\n<div class=\"module-body\" data-mce-fragment=\"1\">\n<div class=\"module-item module-item-1 no-expand\" data-mce-fragment=\"1\">\n<div class=\"block-body expand-block\" data-mce-fragment=\"1\">\n<div class=\"block-wrapper\" data-mce-fragment=\"1\">\n<div class=\"block-content expand-content block-html\" data-mce-fragment=\"1\">\n<p data-mce-fragment=\"1\"><strong data-mce-fragment=\"1\">Luxe Gel Professional augstas kvalit\u0101tes divpus\u0113ja 80\/100 gritu raupjuma nagu v\u012ble<\/strong><\/p>\n<p data-mce-fragment=\"1\">M\u016bsu jaun\u0101s un uzlabot\u0101s nagu v\u012bl\u012btes ir izgatavotas no augst\u0101k\u0101s kvalit\u0101tes Jap\u0101nas smil\u0161pap\u012bra. V\u012blei ir bieza pamatne, kas nodro\u0161ina t\u0101s stabilit\u0101ti un nov\u0113r\u0161 saliek\u0161anos. M\u016bsu nagu v\u012bl\u012btes ir mazg\u0101jamas un piln\u012bb\u0101 izmantojamas atk\u0101rtoti. Ergonomisks dizains \u0113rtai lieto\u0161anai.<\/p>\n<p data-mce-fragment=\"1\"><strong data-mce-fragment=\"1\">#luxegelnailfile<\/strong><\/p>\n<div class=\"product-blocks-top product-blocks-867 grid-rows\" data-mce-fragment=\"1\">\n<div class=\"grid-row grid-row-867-1\" data-mce-fragment=\"1\">\n<div class=\"grid-cols\" data-mce-fragment=\"1\">\n<div class=\"grid-col grid-col-867-1-1\" data-dimensions=\"1118 x 105\" data-mce-fragment=\"1\">\n<div class=\"grid-items\" data-mce-fragment=\"1\">\n<div class=\"grid-item grid-item-867-1-1-1\" data-mce-fragment=\"1\">\n<div class=\"module module-blocks module-blocks-863 blocks-grid\" data-mce-fragment=\"1\">\n<div class=\"module-body\" data-mce-fragment=\"1\">\n<div class=\"module-item module-item-1 no-expand\" data-mce-fragment=\"1\">\n<div class=\"block-body expand-block\" data-mce-fragment=\"1\">\n<div class=\"block-wrapper\" data-mce-fragment=\"1\">\n<div class=\"block-content expand-content block-html\" data-mce-fragment=\"1\">\n<ul data-mce-fragment=\"1\">\n<li data-mce-fragment=\"1\">Augst\u0101k\u0101s kvalit\u0101tes jap\u0101\u0146u smil\u0161pap\u012brs<\/li>\n<li data-mce-fragment=\"1\">Mazg\u0101jama<\/li>\n<li data-mce-fragment=\"1\"><span data-mce-fragment=\"1\">Var dezinfic\u0113t<\/span><\/li>\n<li data-mce-fragment=\"1\"><span data-mce-fragment=\"1\">Iztur\u012bga<\/span><\/li>\n<\/ul>\n<p data-mce-fragment=\"1\"><span data-mce-fragment=\"1\">  80\/100<\/span><\/p>\n<p data-mce-fragment=\"1\"><span data-mce-fragment=\"1\">Ide\u0101li piem\u0113rota akrila vai g\u0113la nagiem, virsmas un garuma nov\u012bl\u0113\u0161anai.<\/span><\/p>\n<\/div>\n<\/div>\n<\/div>\n<\/div>\n<\/div>\n<\/div>\n<\/div>\n<\/div>\n<\/div>\n<\/div>\n<\/div>\n<\/div>\n<div class=\"product-blocks-top product-blocks-867 grid-rows\" data-mce-fragment=\"1\">\n<div class=\"grid-row grid-row-867-1\" data-mce-fragment=\"1\">\n<div class=\"grid-cols\" data-mce-fragment=\"1\">\n<div class=\"grid-col grid-col-867-1-1\" data-dimensions=\"1118 x 105\" data-mce-fragment=\"1\">\n<div class=\"grid-items\" data-mce-fragment=\"1\">\n<div class=\"grid-item grid-item-867-1-1-1\" data-mce-fragment=\"1\">\n<div class=\"module module-blocks module-blocks-863 blocks-grid\" data-mce-fragment=\"1\">\n<div class=\"module-body\" data-mce-fragment=\"1\">\n<div class=\"module-item module-item-1 no-expand\" data-mce-fragment=\"1\">\n<div class=\"block-body expand-block\" data-mce-fragment=\"1\">\n<div class=\"block-wrapper\" data-mce-fragment=\"1\">\n<div class=\"block-content expand-content block-html\" data-mce-fragment=\"1\">\n<p data-mce-fragment=\"1\">\n<\/div>\n<\/div>\n<\/div>\n<\/div>\n<\/div>\n<\/div>\n<\/div>\n<\/div>\n<\/div>\n<\/div>\n<\/div>\n<\/div>\n<p data-mce-fragment=\"1\">\n<\/div>\n<\/div>\n<\/div>\n<\/div>\n<\/div>\n<\/div>\n<\/div>\n<\/div>\n<\/div>\n<\/div>\n<\/div>\n<\/div>\n","protected":false},"excerpt":{"rendered":"<p>Luxe Gel Professional augstas kvalit\u0101tes divpus\u0113ja 80\/100 gritu raupjuma nagu v\u012ble M\u016bsu jaun\u0101s un uzlabot\u0101s nagu v\u012bl\u012btes ir izgatavotas no<\/p>\n","protected":false},"featured_media":3894,"template":"","meta":{"_acf_changed":false},"product_brand":[],"product_cat":[154,186],"product_tag":[222,221],"class_list":{"0":"post-8106","1":"product","2":"type-product","3":"status-publish","4":"has-post-thumbnail","6":"product_cat-luxe-gel-professional-lv","7":"product_cat-viles-un-instrumenti","8":"product_tag-produkti","9":"product_tag-visi-produkti","11":"first","12":"instock","13":"sale","14":"shipping-taxable","15":"purchasable","16":"product-type-simple"},"acf":[],"yoast_head":"<!-- This site is optimized with the Yoast SEO plugin v23.8 - https:\/\/yoast.com\/wordpress\/plugins\/seo\/ -->\n<title>V\u012aLE 80\/100 - LUXE GEL PROFESSIONAL\u2122<\/title>\n<meta name=\"robots\" content=\"index, follow, max-snippet:-1, max-image-preview:large, max-video-preview:-1\" \/>\n<link rel=\"canonical\" href=\"https:\/\/luxegel.lv\/lv\/product-lv\/file-80-100\/\" \/>\n<meta property=\"og:locale\" content=\"lv_LV\" \/>\n<meta property=\"og:type\" content=\"article\" \/>\n<meta property=\"og:title\" content=\"V\u012aLE 80\/100 - LUXE GEL PROFESSIONAL\u2122\" \/>\n<meta property=\"og:description\" content=\"Luxe Gel Professional augstas kvalit\u0101tes divpus\u0113ja 80\/100 gritu raupjuma nagu v\u012ble M\u016bsu jaun\u0101s un uzlabot\u0101s nagu v\u012bl\u012btes ir izgatavotas no\" \/>\n<meta property=\"og:url\" content=\"https:\/\/luxegel.lv\/lv\/product-lv\/file-80-100\/\" \/>\n<meta property=\"og:site_name\" content=\"LUXE GEL PROFESSIONAL\u2122\" \/>\n<meta property=\"article:modified_time\" content=\"2026-01-23T13:40:39+00:00\" \/>\n<meta property=\"og:image\" content=\"https:\/\/luxegel.lv\/wp-content\/uploads\/2024\/01\/File100_180_1_4b916143-1a84-4a2f-aa1c-1f40fa6a2573.png\" \/>\n\t<meta property=\"og:image:width\" content=\"1000\" \/>\n\t<meta property=\"og:image:height\" content=\"1000\" \/>\n\t<meta property=\"og:image:type\" content=\"image\/png\" \/>\n<meta name=\"twitter:card\" content=\"summary_large_image\" \/>\n<meta name=\"twitter:label1\" content=\"Est. reading time\" \/>\n\t<meta name=\"twitter:data1\" content=\"1 minute\" \/>\n<script type=\"application\/ld+json\" class=\"yoast-schema-graph\">{\"@context\":\"https:\/\/schema.org\",\"@graph\":[{\"@type\":\"WebPage\",\"@id\":\"https:\/\/luxegel.lv\/lv\/product-lv\/file-80-100\/\",\"url\":\"https:\/\/luxegel.lv\/lv\/product-lv\/file-80-100\/\",\"name\":\"V\u012aLE 80\/100 - LUXE GEL PROFESSIONAL\u2122\",\"isPartOf\":{\"@id\":\"https:\/\/luxegel.lv\/lv\/#website\"},\"primaryImageOfPage\":{\"@id\":\"https:\/\/luxegel.lv\/lv\/product-lv\/file-80-100\/#primaryimage\"},\"image\":{\"@id\":\"https:\/\/luxegel.lv\/lv\/product-lv\/file-80-100\/#primaryimage\"},\"thumbnailUrl\":\"https:\/\/luxegel.lv\/wp-content\/uploads\/2024\/01\/File100_180_1_4b916143-1a84-4a2f-aa1c-1f40fa6a2573.png\",\"datePublished\":\"2021-07-20T15:28:20+00:00\",\"dateModified\":\"2026-01-23T13:40:39+00:00\",\"breadcrumb\":{\"@id\":\"https:\/\/luxegel.lv\/lv\/product-lv\/file-80-100\/#breadcrumb\"},\"inLanguage\":\"lv-LV\",\"potentialAction\":[{\"@type\":\"ReadAction\",\"target\":[\"https:\/\/luxegel.lv\/lv\/product-lv\/file-80-100\/\"]}]},{\"@type\":\"ImageObject\",\"inLanguage\":\"lv-LV\",\"@id\":\"https:\/\/luxegel.lv\/lv\/product-lv\/file-80-100\/#primaryimage\",\"url\":\"https:\/\/luxegel.lv\/wp-content\/uploads\/2024\/01\/File100_180_1_4b916143-1a84-4a2f-aa1c-1f40fa6a2573.png\",\"contentUrl\":\"https:\/\/luxegel.lv\/wp-content\/uploads\/2024\/01\/File100_180_1_4b916143-1a84-4a2f-aa1c-1f40fa6a2573.png\",\"width\":1000,\"height\":1000},{\"@type\":\"BreadcrumbList\",\"@id\":\"https:\/\/luxegel.lv\/lv\/product-lv\/file-80-100\/#breadcrumb\",\"itemListElement\":[{\"@type\":\"ListItem\",\"position\":1,\"name\":\"Galven\u0101\",\"item\":\"https:\/\/luxegel.lv\/lv\/\"},{\"@type\":\"ListItem\",\"position\":2,\"name\":\"Veikals\",\"item\":\"https:\/\/luxegel.lv\/lv\/veikals\/\"},{\"@type\":\"ListItem\",\"position\":3,\"name\":\"V\u012aLE 80\/100\"}]},{\"@type\":\"WebSite\",\"@id\":\"https:\/\/luxegel.lv\/lv\/#website\",\"url\":\"https:\/\/luxegel.lv\/lv\/\",\"name\":\"LUXE GEL PROFESSIONAL\u2122\",\"description\":\"is a leading nail brand on the European market. Luxe Gel currently stock over 500 products including over 350 shades of gel polish, a complete builder gel system and our famous structure base.\",\"potentialAction\":[{\"@type\":\"SearchAction\",\"target\":{\"@type\":\"EntryPoint\",\"urlTemplate\":\"https:\/\/luxegel.lv\/lv\/?s={search_term_string}\"},\"query-input\":{\"@type\":\"PropertyValueSpecification\",\"valueRequired\":true,\"valueName\":\"search_term_string\"}}],\"inLanguage\":\"lv-LV\"}]}<\/script>\n<!-- \/ Yoast SEO plugin. -->","yoast_head_json":{"title":"V\u012aLE 80\/100 - LUXE GEL PROFESSIONAL\u2122","robots":{"index":"index","follow":"follow","max-snippet":"max-snippet:-1","max-image-preview":"max-image-preview:large","max-video-preview":"max-video-preview:-1"},"canonical":"https:\/\/luxegel.lv\/lv\/product-lv\/file-80-100\/","og_locale":"lv_LV","og_type":"article","og_title":"V\u012aLE 80\/100 - LUXE GEL PROFESSIONAL\u2122","og_description":"Luxe Gel Professional augstas kvalit\u0101tes divpus\u0113ja 80\/100 gritu raupjuma nagu v\u012ble M\u016bsu jaun\u0101s un uzlabot\u0101s nagu v\u012bl\u012btes ir izgatavotas no","og_url":"https:\/\/luxegel.lv\/lv\/product-lv\/file-80-100\/","og_site_name":"LUXE GEL PROFESSIONAL\u2122","article_modified_time":"2026-01-23T13:40:39+00:00","og_image":[{"width":1000,"height":1000,"url":"https:\/\/luxegel.lv\/wp-content\/uploads\/2024\/01\/File100_180_1_4b916143-1a84-4a2f-aa1c-1f40fa6a2573.png","type":"image\/png"}],"twitter_card":"summary_large_image","twitter_misc":{"Est. reading time":"1 minute"},"schema":{"@context":"https:\/\/schema.org","@graph":[{"@type":"WebPage","@id":"https:\/\/luxegel.lv\/lv\/product-lv\/file-80-100\/","url":"https:\/\/luxegel.lv\/lv\/product-lv\/file-80-100\/","name":"V\u012aLE 80\/100 - LUXE GEL PROFESSIONAL\u2122","isPartOf":{"@id":"https:\/\/luxegel.lv\/lv\/#website"},"primaryImageOfPage":{"@id":"https:\/\/luxegel.lv\/lv\/product-lv\/file-80-100\/#primaryimage"},"image":{"@id":"https:\/\/luxegel.lv\/lv\/product-lv\/file-80-100\/#primaryimage"},"thumbnailUrl":"https:\/\/luxegel.lv\/wp-content\/uploads\/2024\/01\/File100_180_1_4b916143-1a84-4a2f-aa1c-1f40fa6a2573.png","datePublished":"2021-07-20T15:28:20+00:00","dateModified":"2026-01-23T13:40:39+00:00","breadcrumb":{"@id":"https:\/\/luxegel.lv\/lv\/product-lv\/file-80-100\/#breadcrumb"},"inLanguage":"lv-LV","potentialAction":[{"@type":"ReadAction","target":["https:\/\/luxegel.lv\/lv\/product-lv\/file-80-100\/"]}]},{"@type":"ImageObject","inLanguage":"lv-LV","@id":"https:\/\/luxegel.lv\/lv\/product-lv\/file-80-100\/#primaryimage","url":"https:\/\/luxegel.lv\/wp-content\/uploads\/2024\/01\/File100_180_1_4b916143-1a84-4a2f-aa1c-1f40fa6a2573.png","contentUrl":"https:\/\/luxegel.lv\/wp-content\/uploads\/2024\/01\/File100_180_1_4b916143-1a84-4a2f-aa1c-1f40fa6a2573.png","width":1000,"height":1000},{"@type":"BreadcrumbList","@id":"https:\/\/luxegel.lv\/lv\/product-lv\/file-80-100\/#breadcrumb","itemListElement":[{"@type":"ListItem","position":1,"name":"Galven\u0101","item":"https:\/\/luxegel.lv\/lv\/"},{"@type":"ListItem","position":2,"name":"Veikals","item":"https:\/\/luxegel.lv\/lv\/veikals\/"},{"@type":"ListItem","position":3,"name":"V\u012aLE 80\/100"}]},{"@type":"WebSite","@id":"https:\/\/luxegel.lv\/lv\/#website","url":"https:\/\/luxegel.lv\/lv\/","name":"LUXE GEL PROFESSIONAL\u2122","description":"is a leading nail brand on the European market. Luxe Gel currently stock over 500 products including over 350 shades of gel polish, a complete builder gel system and our famous structure base.","potentialAction":[{"@type":"SearchAction","target":{"@type":"EntryPoint","urlTemplate":"https:\/\/luxegel.lv\/lv\/?s={search_term_string}"},"query-input":{"@type":"PropertyValueSpecification","valueRequired":true,"valueName":"search_term_string"}}],"inLanguage":"lv-LV"}]}},"_links":{"self":[{"href":"https:\/\/luxegel.lv\/lv\/wp-json\/wp\/v2\/product\/8106","targetHints":{"allow":["GET"]}}],"collection":[{"href":"https:\/\/luxegel.lv\/lv\/wp-json\/wp\/v2\/product"}],"about":[{"href":"https:\/\/luxegel.lv\/lv\/wp-json\/wp\/v2\/types\/product"}],"version-history":[{"count":0,"href":"https:\/\/luxegel.lv\/lv\/wp-json\/wp\/v2\/product\/8106\/revisions"}],"wp:featuredmedia":[{"embeddable":true,"href":"https:\/\/luxegel.lv\/lv\/wp-json\/wp\/v2\/media\/3894"}],"wp:attachment":[{"href":"https:\/\/luxegel.lv\/lv\/wp-json\/wp\/v2\/media?parent=8106"}],"wp:term":[{"taxonomy":"product_brand","embeddable":true,"href":"https:\/\/luxegel.lv\/lv\/wp-json\/wp\/v2\/product_brand?post=8106"},{"taxonomy":"product_cat","embeddable":true,"href":"https:\/\/luxegel.lv\/lv\/wp-json\/wp\/v2\/product_cat?post=8106"},{"taxonomy":"product_tag","embeddable":true,"href":"https:\/\/luxegel.lv\/lv\/wp-json\/wp\/v2\/product_tag?post=8106"}],"curies":[{"name":"wp","href":"https:\/\/api.w.org\/{rel}","templated":true}]}}