{"id":8098,"date":"2021-07-20T15:28:37","date_gmt":"2021-07-20T15:28:37","guid":{"rendered":"https:\/\/luxegel.lv\/product\/samta-mateta-virsma-bez-noslaucisanas\/"},"modified":"2026-04-20T08:12:54","modified_gmt":"2026-04-20T08:12:54","slug":"samta-mateta-virsma-bez-noslaucisanas","status":"publish","type":"product","link":"https:\/\/luxegel.lv\/lv\/product-lv\/samta-mateta-virsma-bez-noslaucisanas\/","title":{"rendered":"MAT\u0112TS TOPS BEZ LIP\u012aG\u0100 SL\u0100\u0145A \u2013 VELVET MATTE TOP"},"content":{"rendered":"<p data-mce-fragment=\"1\"><strong><em>Mat\u0113ts kau\u010duka tops ar samta efektu bez lip\u012bg\u0101 sl\u0101\u0146a.<\/em><\/strong><\/p>\n<p data-mce-fragment=\"1\">Veidojiet modernus un \u012bpa\u0161i notur\u012bgus nagu dizainus, izmantojot samtaini mat\u0113tu virsk\u0101rtu.<\/p>\n<p data-mce-fragment=\"1\">Izskat\u0101s lieliski uz jebkura to\u0146a.<\/p>\n<p data-mce-fragment=\"1\">#luxegelvelvettop<\/p>\n<p data-mce-fragment=\"1\"><b data-mce-fragment=\"1\">Priek\u0161roc\u012bbas:<\/b><\/p>\n<ul data-mce-fragment=\"1\">\n<li data-mce-fragment=\"1\">perfekti mat\u0113ts efekts;<\/li>\n<li>mat\u0113ts efekts ilg\u0101ku laiku;<\/li>\n<li>mat\u0113ts kau\u010duka tops;<\/li>\n<li data-mce-fragment=\"1\">ilgnotur\u012bga formula;<\/li>\n<li data-mce-fragment=\"1\">neveido \u0161v\u012bkas;<\/li>\n<li data-mce-fragment=\"1\">nesaraujas;<\/li>\n<li data-mce-fragment=\"1\">pret skr\u0101p\u0113jumiem iztur\u012bgs mat\u0113ts virs\u0113jais p\u0101rkl\u0101jums;<\/li>\n<li data-mce-fragment=\"1\">pret \u0161\u0137el\u0161anos iztur\u012bgs mat\u0113ts virs\u0113jais p\u0101rkl\u0101jums;<\/li>\n<li data-mce-fragment=\"1\">bez lip\u012bg\u0101 sl\u0101\u0146a;<\/li>\n<li data-mce-fragment=\"1\">piem\u0113rots veg\u0101niem, netiek test\u0113ts uz dz\u012bvniekiem;<\/li>\n<li data-mce-fragment=\"1\">dro\u0161a formula, bez toksisk\u0101m viel\u0101m;<\/li>\n<li data-mce-fragment=\"1\">augsta UV aizsardz\u012bba kr\u0101sas to\u0146a aizsardz\u012bbai;<\/li>\n<li data-mce-fragment=\"1\">\u017e\u016bst UV\/LED lamp\u0101 (120 sekundes UV lamp\u0101, 60 sekundes \u2013 LED)<\/li>\n<li data-mce-fragment=\"1\">savietojams ar citu z\u012bmolu produktiem;<\/li>\n<\/ul>\n<p data-mce-fragment=\"1\">15ml\/0,5oz<\/p>\n","protected":false},"excerpt":{"rendered":"<p>Mat\u0113ts kau\u010duka tops ar samta efektu bez lip\u012bg\u0101 sl\u0101\u0146a. Veidojiet modernus un \u012bpa\u0161i notur\u012bgus nagu dizainus, izmantojot samtaini mat\u0113tu virsk\u0101rtu.<\/p>\n","protected":false},"featured_media":5506,"template":"","meta":{"_acf_changed":false,"om_disable_all_campaigns":false},"product_brand":[],"product_cat":[154,181],"product_tag":[],"class_list":{"0":"post-8098","1":"product","2":"type-product","3":"status-publish","4":"has-post-thumbnail","6":"product_cat-luxe-gel-professional-lv","7":"product_cat-topi","9":"first","10":"instock","11":"sale","12":"shipping-taxable","13":"purchasable","14":"product-type-simple"},"acf":[],"yoast_head":"<!-- This site is optimized with the Yoast SEO plugin v23.8 - https:\/\/yoast.com\/wordpress\/plugins\/seo\/ -->\n<title>MAT\u0112TS TOPS BEZ LIP\u012aG\u0100 SL\u0100\u0145A \u2013 VELVET MATTE TOP - LUXE GEL PROFESSIONAL\u2122<\/title>\n<meta name=\"robots\" content=\"index, follow, max-snippet:-1, max-image-preview:large, max-video-preview:-1\" \/>\n<link rel=\"canonical\" href=\"https:\/\/luxegel.lv\/lv\/product-lv\/samta-mateta-virsma-bez-noslaucisanas\/\" \/>\n<meta property=\"og:locale\" content=\"lv_LV\" \/>\n<meta property=\"og:type\" content=\"article\" \/>\n<meta property=\"og:title\" content=\"MAT\u0112TS TOPS BEZ LIP\u012aG\u0100 SL\u0100\u0145A \u2013 VELVET MATTE TOP - LUXE GEL PROFESSIONAL\u2122\" \/>\n<meta property=\"og:description\" content=\"Mat\u0113ts kau\u010duka tops ar samta efektu bez lip\u012bg\u0101 sl\u0101\u0146a. Veidojiet modernus un \u012bpa\u0161i notur\u012bgus nagu dizainus, izmantojot samtaini mat\u0113tu virsk\u0101rtu.\" \/>\n<meta property=\"og:url\" content=\"https:\/\/luxegel.lv\/lv\/product-lv\/samta-mateta-virsma-bez-noslaucisanas\/\" \/>\n<meta property=\"og:site_name\" content=\"LUXE GEL PROFESSIONAL\u2122\" \/>\n<meta property=\"article:modified_time\" content=\"2026-04-20T08:12:54+00:00\" \/>\n<meta property=\"og:image\" content=\"https:\/\/luxegel.lv\/wp-content\/uploads\/2024\/01\/BasePink_c81b3a8d-889a-4add-b3d1-63b60de11ab5.png\" \/>\n\t<meta property=\"og:image:width\" content=\"1080\" \/>\n\t<meta property=\"og:image:height\" content=\"1080\" \/>\n\t<meta property=\"og:image:type\" content=\"image\/png\" \/>\n<meta name=\"twitter:card\" content=\"summary_large_image\" \/>\n<meta name=\"twitter:label1\" content=\"Est. reading time\" \/>\n\t<meta name=\"twitter:data1\" content=\"1 minute\" \/>\n<script type=\"application\/ld+json\" class=\"yoast-schema-graph\">{\"@context\":\"https:\/\/schema.org\",\"@graph\":[{\"@type\":\"WebPage\",\"@id\":\"https:\/\/luxegel.lv\/lv\/product-lv\/samta-mateta-virsma-bez-noslaucisanas\/\",\"url\":\"https:\/\/luxegel.lv\/lv\/product-lv\/samta-mateta-virsma-bez-noslaucisanas\/\",\"name\":\"MAT\u0112TS TOPS BEZ LIP\u012aG\u0100 SL\u0100\u0145A \u2013 VELVET MATTE TOP - LUXE GEL PROFESSIONAL\u2122\",\"isPartOf\":{\"@id\":\"https:\/\/luxegel.lv\/lv\/#website\"},\"primaryImageOfPage\":{\"@id\":\"https:\/\/luxegel.lv\/lv\/product-lv\/samta-mateta-virsma-bez-noslaucisanas\/#primaryimage\"},\"image\":{\"@id\":\"https:\/\/luxegel.lv\/lv\/product-lv\/samta-mateta-virsma-bez-noslaucisanas\/#primaryimage\"},\"thumbnailUrl\":\"https:\/\/luxegel.lv\/wp-content\/uploads\/2024\/01\/BasePink_c81b3a8d-889a-4add-b3d1-63b60de11ab5.png\",\"datePublished\":\"2021-07-20T15:28:37+00:00\",\"dateModified\":\"2026-04-20T08:12:54+00:00\",\"breadcrumb\":{\"@id\":\"https:\/\/luxegel.lv\/lv\/product-lv\/samta-mateta-virsma-bez-noslaucisanas\/#breadcrumb\"},\"inLanguage\":\"lv-LV\",\"potentialAction\":[{\"@type\":\"ReadAction\",\"target\":[\"https:\/\/luxegel.lv\/lv\/product-lv\/samta-mateta-virsma-bez-noslaucisanas\/\"]}]},{\"@type\":\"ImageObject\",\"inLanguage\":\"lv-LV\",\"@id\":\"https:\/\/luxegel.lv\/lv\/product-lv\/samta-mateta-virsma-bez-noslaucisanas\/#primaryimage\",\"url\":\"https:\/\/luxegel.lv\/wp-content\/uploads\/2024\/01\/BasePink_c81b3a8d-889a-4add-b3d1-63b60de11ab5.png\",\"contentUrl\":\"https:\/\/luxegel.lv\/wp-content\/uploads\/2024\/01\/BasePink_c81b3a8d-889a-4add-b3d1-63b60de11ab5.png\",\"width\":1080,\"height\":1080},{\"@type\":\"BreadcrumbList\",\"@id\":\"https:\/\/luxegel.lv\/lv\/product-lv\/samta-mateta-virsma-bez-noslaucisanas\/#breadcrumb\",\"itemListElement\":[{\"@type\":\"ListItem\",\"position\":1,\"name\":\"Galven\u0101\",\"item\":\"https:\/\/luxegel.lv\/lv\/\"},{\"@type\":\"ListItem\",\"position\":2,\"name\":\"Veikals\",\"item\":\"https:\/\/luxegel.lv\/lv\/veikals\/\"},{\"@type\":\"ListItem\",\"position\":3,\"name\":\"MAT\u0112TS TOPS BEZ LIP\u012aG\u0100 SL\u0100\u0145A \u2013 VELVET MATTE TOP\"}]},{\"@type\":\"WebSite\",\"@id\":\"https:\/\/luxegel.lv\/lv\/#website\",\"url\":\"https:\/\/luxegel.lv\/lv\/\",\"name\":\"LUXE GEL PROFESSIONAL\u2122\",\"description\":\"is a leading nail brand on the European market. Luxe Gel currently stock over 500 products including over 350 shades of gel polish, a complete builder gel system and our famous structure base.\",\"potentialAction\":[{\"@type\":\"SearchAction\",\"target\":{\"@type\":\"EntryPoint\",\"urlTemplate\":\"https:\/\/luxegel.lv\/lv\/?s={search_term_string}\"},\"query-input\":{\"@type\":\"PropertyValueSpecification\",\"valueRequired\":true,\"valueName\":\"search_term_string\"}}],\"inLanguage\":\"lv-LV\"}]}<\/script>\n<!-- \/ Yoast SEO plugin. -->","yoast_head_json":{"title":"MAT\u0112TS TOPS BEZ LIP\u012aG\u0100 SL\u0100\u0145A \u2013 VELVET MATTE TOP - LUXE GEL PROFESSIONAL\u2122","robots":{"index":"index","follow":"follow","max-snippet":"max-snippet:-1","max-image-preview":"max-image-preview:large","max-video-preview":"max-video-preview:-1"},"canonical":"https:\/\/luxegel.lv\/lv\/product-lv\/samta-mateta-virsma-bez-noslaucisanas\/","og_locale":"lv_LV","og_type":"article","og_title":"MAT\u0112TS TOPS BEZ LIP\u012aG\u0100 SL\u0100\u0145A \u2013 VELVET MATTE TOP - LUXE GEL PROFESSIONAL\u2122","og_description":"Mat\u0113ts kau\u010duka tops ar samta efektu bez lip\u012bg\u0101 sl\u0101\u0146a. Veidojiet modernus un \u012bpa\u0161i notur\u012bgus nagu dizainus, izmantojot samtaini mat\u0113tu virsk\u0101rtu.","og_url":"https:\/\/luxegel.lv\/lv\/product-lv\/samta-mateta-virsma-bez-noslaucisanas\/","og_site_name":"LUXE GEL PROFESSIONAL\u2122","article_modified_time":"2026-04-20T08:12:54+00:00","og_image":[{"width":1080,"height":1080,"url":"https:\/\/luxegel.lv\/wp-content\/uploads\/2024\/01\/BasePink_c81b3a8d-889a-4add-b3d1-63b60de11ab5.png","type":"image\/png"}],"twitter_card":"summary_large_image","twitter_misc":{"Est. reading time":"1 minute"},"schema":{"@context":"https:\/\/schema.org","@graph":[{"@type":"WebPage","@id":"https:\/\/luxegel.lv\/lv\/product-lv\/samta-mateta-virsma-bez-noslaucisanas\/","url":"https:\/\/luxegel.lv\/lv\/product-lv\/samta-mateta-virsma-bez-noslaucisanas\/","name":"MAT\u0112TS TOPS BEZ LIP\u012aG\u0100 SL\u0100\u0145A \u2013 VELVET MATTE TOP - LUXE GEL PROFESSIONAL\u2122","isPartOf":{"@id":"https:\/\/luxegel.lv\/lv\/#website"},"primaryImageOfPage":{"@id":"https:\/\/luxegel.lv\/lv\/product-lv\/samta-mateta-virsma-bez-noslaucisanas\/#primaryimage"},"image":{"@id":"https:\/\/luxegel.lv\/lv\/product-lv\/samta-mateta-virsma-bez-noslaucisanas\/#primaryimage"},"thumbnailUrl":"https:\/\/luxegel.lv\/wp-content\/uploads\/2024\/01\/BasePink_c81b3a8d-889a-4add-b3d1-63b60de11ab5.png","datePublished":"2021-07-20T15:28:37+00:00","dateModified":"2026-04-20T08:12:54+00:00","breadcrumb":{"@id":"https:\/\/luxegel.lv\/lv\/product-lv\/samta-mateta-virsma-bez-noslaucisanas\/#breadcrumb"},"inLanguage":"lv-LV","potentialAction":[{"@type":"ReadAction","target":["https:\/\/luxegel.lv\/lv\/product-lv\/samta-mateta-virsma-bez-noslaucisanas\/"]}]},{"@type":"ImageObject","inLanguage":"lv-LV","@id":"https:\/\/luxegel.lv\/lv\/product-lv\/samta-mateta-virsma-bez-noslaucisanas\/#primaryimage","url":"https:\/\/luxegel.lv\/wp-content\/uploads\/2024\/01\/BasePink_c81b3a8d-889a-4add-b3d1-63b60de11ab5.png","contentUrl":"https:\/\/luxegel.lv\/wp-content\/uploads\/2024\/01\/BasePink_c81b3a8d-889a-4add-b3d1-63b60de11ab5.png","width":1080,"height":1080},{"@type":"BreadcrumbList","@id":"https:\/\/luxegel.lv\/lv\/product-lv\/samta-mateta-virsma-bez-noslaucisanas\/#breadcrumb","itemListElement":[{"@type":"ListItem","position":1,"name":"Galven\u0101","item":"https:\/\/luxegel.lv\/lv\/"},{"@type":"ListItem","position":2,"name":"Veikals","item":"https:\/\/luxegel.lv\/lv\/veikals\/"},{"@type":"ListItem","position":3,"name":"MAT\u0112TS TOPS BEZ LIP\u012aG\u0100 SL\u0100\u0145A \u2013 VELVET MATTE TOP"}]},{"@type":"WebSite","@id":"https:\/\/luxegel.lv\/lv\/#website","url":"https:\/\/luxegel.lv\/lv\/","name":"LUXE GEL PROFESSIONAL\u2122","description":"is a leading nail brand on the European market. Luxe Gel currently stock over 500 products including over 350 shades of gel polish, a complete builder gel system and our famous structure base.","potentialAction":[{"@type":"SearchAction","target":{"@type":"EntryPoint","urlTemplate":"https:\/\/luxegel.lv\/lv\/?s={search_term_string}"},"query-input":{"@type":"PropertyValueSpecification","valueRequired":true,"valueName":"search_term_string"}}],"inLanguage":"lv-LV"}]}},"_links":{"self":[{"href":"https:\/\/luxegel.lv\/lv\/wp-json\/wp\/v2\/product\/8098","targetHints":{"allow":["GET"]}}],"collection":[{"href":"https:\/\/luxegel.lv\/lv\/wp-json\/wp\/v2\/product"}],"about":[{"href":"https:\/\/luxegel.lv\/lv\/wp-json\/wp\/v2\/types\/product"}],"version-history":[{"count":0,"href":"https:\/\/luxegel.lv\/lv\/wp-json\/wp\/v2\/product\/8098\/revisions"}],"wp:featuredmedia":[{"embeddable":true,"href":"https:\/\/luxegel.lv\/lv\/wp-json\/wp\/v2\/media\/5506"}],"wp:attachment":[{"href":"https:\/\/luxegel.lv\/lv\/wp-json\/wp\/v2\/media?parent=8098"}],"wp:term":[{"taxonomy":"product_brand","embeddable":true,"href":"https:\/\/luxegel.lv\/lv\/wp-json\/wp\/v2\/product_brand?post=8098"},{"taxonomy":"product_cat","embeddable":true,"href":"https:\/\/luxegel.lv\/lv\/wp-json\/wp\/v2\/product_cat?post=8098"},{"taxonomy":"product_tag","embeddable":true,"href":"https:\/\/luxegel.lv\/lv\/wp-json\/wp\/v2\/product_tag?post=8098"}],"curies":[{"name":"wp","href":"https:\/\/api.w.org\/{rel}","templated":true}]}}