{"id":8078,"date":"2021-07-20T15:28:39","date_gmt":"2021-07-20T15:28:39","guid":{"rendered":"https:\/\/luxegel.lv\/product\/gaiss-vaks-bess\/"},"modified":"2026-04-29T06:52:44","modified_gmt":"2026-04-29T06:52:44","slug":"light-cover-beige","status":"publish","type":"product","link":"https:\/\/luxegel.lv\/lv\/product-lv\/light-cover-beige\/","title":{"rendered":"LIGHT COVER BEIGE"},"content":{"rendered":"<p><b>Kr\u0101sa:<\/b><\/p>\n<p>Gai\u0161s, neitr\u0101li b\u0113\u0161s tonis ar maigu persiku apak\u0161toni. Svaigs, dabisks un ide\u0101li piem\u0113rots t\u012bram p\u0101rkl\u0101juma efektam.<\/p>\n<p><b>P\u0101rkl\u0101jums:<\/b><br \/>\n&#x2714; Vid\u0113ji bieza viskozit\u0101te<br \/>\n&#x2714; Pa\u0161izl\u012bdzino\u0161s<br \/>\n&#x2714; Elast\u012bgs, bet iztur\u012bgs<br \/>\n&#x2714; Neveido gaisa kabatas<\/p>\n<p><b>Galven\u0101s \u012bpa\u0161\u012bbas:<\/b><br \/>\nBEZ <b>HEMA,<\/b> augstas veiktsp\u0113jas, \u0101dai draudz\u012bga ciet\u0101 g\u0113la sist\u0113ma.<br \/>\n<b>100% ciet\u0101 g\u0113la formula:<\/b> profesion\u0101la iztur\u012bba ar gludu un kontrol\u0113tu uzkl\u0101\u0161anu.<br \/>\n<b>Iztur\u012bgs:<\/b> paredz\u0113ts ilgsto\u0161ai notur\u012bbai un maksim\u0101lai iztur\u012bbai, model\u0113\u0161anai un pieaudz\u0113\u0161anai.<br \/>\n<b>Viegla uzkl\u0101\u0161ana:<\/b> vid\u0113ji bieza, pa\u0161izl\u012bdzino\u0161a konsistence nov\u0113r\u0161 notec\u0113\u0161anu un gaisa kabatu veido\u0161anos.<br \/>\n<b>Elast\u012bga iztur\u012bba:<\/b> sp\u0113c\u012bga, bet elast\u012bga strukt\u016bra, kas samazina plais\u0101\u0161anas un atsl\u0101\u0146o\u0161an\u0101s risku.<br \/>\n<b>Bez smar\u017eas:<\/b> komfortabla uzkl\u0101\u0161ana ar zemu arom\u0101ta l\u012bmeni.<br \/>\n<b>Videi draudz\u012bgs, netiek test\u0113ts uz dz\u012bvniekiem<\/b><br \/>\n<b>Sertific\u0113ts un test\u0113ts:<\/b> atbilst augst\u0101kajiem kvalit\u0101tes standartiem.<\/p>\n<p>Saciet\u0113 <b>UV\/LED lamp\u0101:<\/b><br \/>\n\u2022 UV lamp\u0101 \u2013 120 s<br \/>\n\u2022 LED lamp\u0101 \u2013 60 s<\/p>\n<p>Ilgnotur\u012bgs, iztur\u012bgs rezult\u0101ts ar maksim\u0101lu sa\u0137eri.<\/p>\n<p><b>Nepiecie\u0161ams:<\/b><br \/>\nCaursp\u012bd\u012bga strukt\u016brb\u0101ze vai caursp\u012bd\u012bga strukt\u016brb\u0101ze bez HEMA<\/p>\n<p><b>Veiktsp\u0113ja:<\/b><br \/>\nIde\u0101li piem\u0113rots \u013coti garu, iztur\u012bgu nagu pieaudz\u0113\u0161anai un dab\u012bgo nagu stiprin\u0101\u0161anai.<\/p>\n<p><b>Tilpums:<\/b><br \/>\n50 g<\/p>\n","protected":false},"excerpt":{"rendered":"<p>Kr\u0101sa: Gai\u0161s, neitr\u0101li b\u0113\u0161s tonis ar maigu persiku apak\u0161toni. Svaigs, dabisks un ide\u0101li piem\u0113rots t\u012bram p\u0101rkl\u0101juma efektam. P\u0101rkl\u0101jums: &#x2714; Vid\u0113ji<\/p>\n","protected":false},"featured_media":18782,"template":"","meta":{"_acf_changed":false,"om_disable_all_campaigns":false},"product_brand":[],"product_cat":[224,154,487],"product_tag":[222,221],"class_list":{"0":"post-8078","1":"product","2":"type-product","3":"status-publish","4":"has-post-thumbnail","6":"product_cat-cietais-gels","7":"product_cat-luxe-gel-professional-lv","8":"product_cat-stiprinasanai-un-pieaudzesanai","9":"product_tag-produkti","10":"product_tag-visi-produkti","12":"first","13":"instock","14":"sale","15":"shipping-taxable","16":"purchasable","17":"product-type-simple"},"acf":[],"yoast_head":"<!-- This site is optimized with the Yoast SEO plugin v23.8 - https:\/\/yoast.com\/wordpress\/plugins\/seo\/ -->\n<title>LIGHT COVER BEIGE - LUXE GEL PROFESSIONAL\u2122<\/title>\n<meta name=\"robots\" content=\"index, follow, max-snippet:-1, max-image-preview:large, max-video-preview:-1\" \/>\n<link rel=\"canonical\" href=\"https:\/\/luxegel.lv\/lv\/product-lv\/light-cover-beige\/\" \/>\n<meta property=\"og:locale\" content=\"lv_LV\" \/>\n<meta property=\"og:type\" content=\"article\" \/>\n<meta property=\"og:title\" content=\"LIGHT COVER BEIGE - LUXE GEL PROFESSIONAL\u2122\" \/>\n<meta property=\"og:description\" content=\"Kr\u0101sa: Gai\u0161s, neitr\u0101li b\u0113\u0161s tonis ar maigu persiku apak\u0161toni. Svaigs, dabisks un ide\u0101li piem\u0113rots t\u012bram p\u0101rkl\u0101juma efektam. P\u0101rkl\u0101jums: &#x2714; Vid\u0113ji\" \/>\n<meta property=\"og:url\" content=\"https:\/\/luxegel.lv\/lv\/product-lv\/light-cover-beige\/\" \/>\n<meta property=\"og:site_name\" content=\"LUXE GEL PROFESSIONAL\u2122\" \/>\n<meta property=\"article:modified_time\" content=\"2026-04-29T06:52:44+00:00\" \/>\n<meta property=\"og:image\" content=\"https:\/\/luxegel.lv\/wp-content\/uploads\/2023\/07\/LIGHT_COVER_BEIGE-hard-gel.jpg.webp\" \/>\n\t<meta property=\"og:image:width\" content=\"750\" \/>\n\t<meta property=\"og:image:height\" content=\"750\" \/>\n\t<meta property=\"og:image:type\" content=\"image\/webp\" \/>\n<meta name=\"twitter:card\" content=\"summary_large_image\" \/>\n<meta name=\"twitter:label1\" content=\"Est. reading time\" \/>\n\t<meta name=\"twitter:data1\" content=\"2 minutes\" \/>\n<script type=\"application\/ld+json\" class=\"yoast-schema-graph\">{\"@context\":\"https:\/\/schema.org\",\"@graph\":[{\"@type\":\"WebPage\",\"@id\":\"https:\/\/luxegel.lv\/lv\/product-lv\/light-cover-beige\/\",\"url\":\"https:\/\/luxegel.lv\/lv\/product-lv\/light-cover-beige\/\",\"name\":\"LIGHT COVER BEIGE - LUXE GEL PROFESSIONAL\u2122\",\"isPartOf\":{\"@id\":\"https:\/\/luxegel.lv\/lv\/#website\"},\"primaryImageOfPage\":{\"@id\":\"https:\/\/luxegel.lv\/lv\/product-lv\/light-cover-beige\/#primaryimage\"},\"image\":{\"@id\":\"https:\/\/luxegel.lv\/lv\/product-lv\/light-cover-beige\/#primaryimage\"},\"thumbnailUrl\":\"https:\/\/luxegel.lv\/wp-content\/uploads\/2023\/07\/LIGHT_COVER_BEIGE-hard-gel.jpg.webp\",\"datePublished\":\"2021-07-20T15:28:39+00:00\",\"dateModified\":\"2026-04-29T06:52:44+00:00\",\"breadcrumb\":{\"@id\":\"https:\/\/luxegel.lv\/lv\/product-lv\/light-cover-beige\/#breadcrumb\"},\"inLanguage\":\"lv-LV\",\"potentialAction\":[{\"@type\":\"ReadAction\",\"target\":[\"https:\/\/luxegel.lv\/lv\/product-lv\/light-cover-beige\/\"]}]},{\"@type\":\"ImageObject\",\"inLanguage\":\"lv-LV\",\"@id\":\"https:\/\/luxegel.lv\/lv\/product-lv\/light-cover-beige\/#primaryimage\",\"url\":\"https:\/\/luxegel.lv\/wp-content\/uploads\/2023\/07\/LIGHT_COVER_BEIGE-hard-gel.jpg.webp\",\"contentUrl\":\"https:\/\/luxegel.lv\/wp-content\/uploads\/2023\/07\/LIGHT_COVER_BEIGE-hard-gel.jpg.webp\",\"width\":750,\"height\":750},{\"@type\":\"BreadcrumbList\",\"@id\":\"https:\/\/luxegel.lv\/lv\/product-lv\/light-cover-beige\/#breadcrumb\",\"itemListElement\":[{\"@type\":\"ListItem\",\"position\":1,\"name\":\"Galven\u0101\",\"item\":\"https:\/\/luxegel.lv\/lv\/\"},{\"@type\":\"ListItem\",\"position\":2,\"name\":\"Veikals\",\"item\":\"https:\/\/luxegel.lv\/lv\/veikals\/\"},{\"@type\":\"ListItem\",\"position\":3,\"name\":\"LIGHT COVER BEIGE\"}]},{\"@type\":\"WebSite\",\"@id\":\"https:\/\/luxegel.lv\/lv\/#website\",\"url\":\"https:\/\/luxegel.lv\/lv\/\",\"name\":\"LUXE GEL PROFESSIONAL\u2122\",\"description\":\"is a leading nail brand on the European market. Luxe Gel currently stock over 500 products including over 350 shades of gel polish, a complete builder gel system and our famous structure base.\",\"potentialAction\":[{\"@type\":\"SearchAction\",\"target\":{\"@type\":\"EntryPoint\",\"urlTemplate\":\"https:\/\/luxegel.lv\/lv\/?s={search_term_string}\"},\"query-input\":{\"@type\":\"PropertyValueSpecification\",\"valueRequired\":true,\"valueName\":\"search_term_string\"}}],\"inLanguage\":\"lv-LV\"}]}<\/script>\n<!-- \/ Yoast SEO plugin. -->","yoast_head_json":{"title":"LIGHT COVER BEIGE - LUXE GEL PROFESSIONAL\u2122","robots":{"index":"index","follow":"follow","max-snippet":"max-snippet:-1","max-image-preview":"max-image-preview:large","max-video-preview":"max-video-preview:-1"},"canonical":"https:\/\/luxegel.lv\/lv\/product-lv\/light-cover-beige\/","og_locale":"lv_LV","og_type":"article","og_title":"LIGHT COVER BEIGE - LUXE GEL PROFESSIONAL\u2122","og_description":"Kr\u0101sa: Gai\u0161s, neitr\u0101li b\u0113\u0161s tonis ar maigu persiku apak\u0161toni. Svaigs, dabisks un ide\u0101li piem\u0113rots t\u012bram p\u0101rkl\u0101juma efektam. P\u0101rkl\u0101jums: &#x2714; Vid\u0113ji","og_url":"https:\/\/luxegel.lv\/lv\/product-lv\/light-cover-beige\/","og_site_name":"LUXE GEL PROFESSIONAL\u2122","article_modified_time":"2026-04-29T06:52:44+00:00","og_image":[{"width":750,"height":750,"url":"https:\/\/luxegel.lv\/wp-content\/uploads\/2023\/07\/LIGHT_COVER_BEIGE-hard-gel.jpg.webp","type":"image\/webp"}],"twitter_card":"summary_large_image","twitter_misc":{"Est. reading time":"2 minutes"},"schema":{"@context":"https:\/\/schema.org","@graph":[{"@type":"WebPage","@id":"https:\/\/luxegel.lv\/lv\/product-lv\/light-cover-beige\/","url":"https:\/\/luxegel.lv\/lv\/product-lv\/light-cover-beige\/","name":"LIGHT COVER BEIGE - LUXE GEL PROFESSIONAL\u2122","isPartOf":{"@id":"https:\/\/luxegel.lv\/lv\/#website"},"primaryImageOfPage":{"@id":"https:\/\/luxegel.lv\/lv\/product-lv\/light-cover-beige\/#primaryimage"},"image":{"@id":"https:\/\/luxegel.lv\/lv\/product-lv\/light-cover-beige\/#primaryimage"},"thumbnailUrl":"https:\/\/luxegel.lv\/wp-content\/uploads\/2023\/07\/LIGHT_COVER_BEIGE-hard-gel.jpg.webp","datePublished":"2021-07-20T15:28:39+00:00","dateModified":"2026-04-29T06:52:44+00:00","breadcrumb":{"@id":"https:\/\/luxegel.lv\/lv\/product-lv\/light-cover-beige\/#breadcrumb"},"inLanguage":"lv-LV","potentialAction":[{"@type":"ReadAction","target":["https:\/\/luxegel.lv\/lv\/product-lv\/light-cover-beige\/"]}]},{"@type":"ImageObject","inLanguage":"lv-LV","@id":"https:\/\/luxegel.lv\/lv\/product-lv\/light-cover-beige\/#primaryimage","url":"https:\/\/luxegel.lv\/wp-content\/uploads\/2023\/07\/LIGHT_COVER_BEIGE-hard-gel.jpg.webp","contentUrl":"https:\/\/luxegel.lv\/wp-content\/uploads\/2023\/07\/LIGHT_COVER_BEIGE-hard-gel.jpg.webp","width":750,"height":750},{"@type":"BreadcrumbList","@id":"https:\/\/luxegel.lv\/lv\/product-lv\/light-cover-beige\/#breadcrumb","itemListElement":[{"@type":"ListItem","position":1,"name":"Galven\u0101","item":"https:\/\/luxegel.lv\/lv\/"},{"@type":"ListItem","position":2,"name":"Veikals","item":"https:\/\/luxegel.lv\/lv\/veikals\/"},{"@type":"ListItem","position":3,"name":"LIGHT COVER BEIGE"}]},{"@type":"WebSite","@id":"https:\/\/luxegel.lv\/lv\/#website","url":"https:\/\/luxegel.lv\/lv\/","name":"LUXE GEL PROFESSIONAL\u2122","description":"is a leading nail brand on the European market. Luxe Gel currently stock over 500 products including over 350 shades of gel polish, a complete builder gel system and our famous structure base.","potentialAction":[{"@type":"SearchAction","target":{"@type":"EntryPoint","urlTemplate":"https:\/\/luxegel.lv\/lv\/?s={search_term_string}"},"query-input":{"@type":"PropertyValueSpecification","valueRequired":true,"valueName":"search_term_string"}}],"inLanguage":"lv-LV"}]}},"_links":{"self":[{"href":"https:\/\/luxegel.lv\/lv\/wp-json\/wp\/v2\/product\/8078","targetHints":{"allow":["GET"]}}],"collection":[{"href":"https:\/\/luxegel.lv\/lv\/wp-json\/wp\/v2\/product"}],"about":[{"href":"https:\/\/luxegel.lv\/lv\/wp-json\/wp\/v2\/types\/product"}],"version-history":[{"count":2,"href":"https:\/\/luxegel.lv\/lv\/wp-json\/wp\/v2\/product\/8078\/revisions"}],"predecessor-version":[{"id":21796,"href":"https:\/\/luxegel.lv\/lv\/wp-json\/wp\/v2\/product\/8078\/revisions\/21796"}],"wp:featuredmedia":[{"embeddable":true,"href":"https:\/\/luxegel.lv\/lv\/wp-json\/wp\/v2\/media\/18782"}],"wp:attachment":[{"href":"https:\/\/luxegel.lv\/lv\/wp-json\/wp\/v2\/media?parent=8078"}],"wp:term":[{"taxonomy":"product_brand","embeddable":true,"href":"https:\/\/luxegel.lv\/lv\/wp-json\/wp\/v2\/product_brand?post=8078"},{"taxonomy":"product_cat","embeddable":true,"href":"https:\/\/luxegel.lv\/lv\/wp-json\/wp\/v2\/product_cat?post=8078"},{"taxonomy":"product_tag","embeddable":true,"href":"https:\/\/luxegel.lv\/lv\/wp-json\/wp\/v2\/product_tag?post=8078"}],"curies":[{"name":"wp","href":"https:\/\/api.w.org\/{rel}","templated":true}]}}