{"id":8063,"date":"2021-07-20T15:28:36","date_gmt":"2021-07-20T15:28:36","guid":{"rendered":"https:\/\/luxegel.lv\/product\/zida-virsma-bez-noslaucisanas\/"},"modified":"2026-03-23T07:28:04","modified_gmt":"2026-03-23T07:28:04","slug":"zida-virsma-bez-noslaucisanas","status":"publish","type":"product","link":"https:\/\/luxegel.lv\/lv\/product-lv\/zida-virsma-bez-noslaucisanas\/","title":{"rendered":"SILK TOPS \u2013 BEZ LIP\u012aG\u0100 SL\u0100\u0145A"},"content":{"rendered":"<p data-mce-fragment=\"1\"><em><strong>Izteikti sp\u012bd\u012bga virsk\u0101rta ar z\u012bda efektu.<\/strong><\/em><\/p>\n<p data-mce-fragment=\"1\"><em><strong>Glanc\u0113ta virsk\u0101rta bez zil\u0101s nokr\u0101sas \u2013 \u012bpa\u0161i piem\u0113rota tum\u0161iem to\u0146iem. Tops ar z\u012bda efektu, bez lip\u012bg\u0101 sl\u0101\u0146a perfektam un ilgsto\u0161am nagu mirdzumam. Var izmantot gan gai\u0161iem, gan tum\u0161iem to\u0146iem. <\/strong><\/em><\/p>\n<p data-mce-fragment=\"1\"><em><strong>#luxegelsilktop<\/strong><\/em><\/p>\n<p data-mce-fragment=\"1\"><b data-mce-fragment=\"1\">Priek\u0161roc\u012bbas:<\/b><\/p>\n<ul data-mce-fragment=\"1\">\n<li data-mce-fragment=\"1\">ilgnotur\u012bga formula;<\/li>\n<li>izteikts mirdzums;<\/li>\n<li>4+ ned\u0113\u013cu notur\u012bba;<\/li>\n<li data-mce-fragment=\"1\">neveido \u0161v\u012bkas;<\/li>\n<li data-mce-fragment=\"1\">nesaraujas;<\/li>\n<li data-mce-fragment=\"1\">notur\u012bgs pret skr\u0101p\u0113jumiem;<\/li>\n<li data-mce-fragment=\"1\">notur\u012bgs pret \u0161\u0137el\u0161anos;<\/li>\n<li data-mce-fragment=\"1\">bez lip\u012bg\u0101 sl\u0101\u0146a;<\/li>\n<li data-mce-fragment=\"1\">piem\u0113rots veg\u0101niem, netiek test\u0113ts uz dz\u012bvniekiem;<\/li>\n<li data-mce-fragment=\"1\">dro\u0161a formula, bez toksisk\u0101m viel\u0101m;<\/li>\n<li data-mce-fragment=\"1\">augsta UV aizsardz\u012bba kr\u0101sas to\u0146a aizsardz\u012bbai;<\/li>\n<li data-mce-fragment=\"1\">\u017e\u016bst UV\/LED lamp\u0101 (120 sekundes UV lamp\u0101, 60 sekundes \u2013 LED)<\/li>\n<li data-mce-fragment=\"1\">savietojams ar citu z\u012bmolu produktiem;<\/li>\n<li data-mce-fragment=\"1\">\n<\/li>\n<\/ul>\n<p>15ml\/0,5oz<\/p>\n","protected":false},"excerpt":{"rendered":"<p>Izteikti sp\u012bd\u012bga virsk\u0101rta ar z\u012bda efektu. Glanc\u0113ta virsk\u0101rta bez zil\u0101s nokr\u0101sas \u2013 \u012bpa\u0161i piem\u0113rota tum\u0161iem to\u0146iem. Tops ar z\u012bda efektu,<\/p>\n","protected":false},"featured_media":5200,"template":"","meta":{"_acf_changed":false,"om_disable_all_campaigns":false},"product_brand":[],"product_cat":[154,181],"product_tag":[222,221],"class_list":{"0":"post-8063","1":"product","2":"type-product","3":"status-publish","4":"has-post-thumbnail","6":"product_cat-luxe-gel-professional-lv","7":"product_cat-topi","8":"product_tag-produkti","9":"product_tag-visi-produkti","11":"first","12":"outofstock","13":"shipping-taxable","14":"purchasable","15":"product-type-simple"},"acf":[],"yoast_head":"<!-- This site is optimized with the Yoast SEO plugin v23.8 - https:\/\/yoast.com\/wordpress\/plugins\/seo\/ -->\n<title>SILK TOPS \u2013 BEZ LIP\u012aG\u0100 SL\u0100\u0145A - LUXE GEL PROFESSIONAL\u2122<\/title>\n<meta name=\"robots\" content=\"index, follow, max-snippet:-1, max-image-preview:large, max-video-preview:-1\" \/>\n<link rel=\"canonical\" href=\"https:\/\/luxegel.lv\/lv\/product-lv\/zida-virsma-bez-noslaucisanas\/\" \/>\n<meta property=\"og:locale\" content=\"lv_LV\" \/>\n<meta property=\"og:type\" content=\"article\" \/>\n<meta property=\"og:title\" content=\"SILK TOPS \u2013 BEZ LIP\u012aG\u0100 SL\u0100\u0145A - LUXE GEL PROFESSIONAL\u2122\" \/>\n<meta property=\"og:description\" content=\"Izteikti sp\u012bd\u012bga virsk\u0101rta ar z\u012bda efektu. Glanc\u0113ta virsk\u0101rta bez zil\u0101s nokr\u0101sas \u2013 \u012bpa\u0161i piem\u0113rota tum\u0161iem to\u0146iem. Tops ar z\u012bda efektu,\" \/>\n<meta property=\"og:url\" content=\"https:\/\/luxegel.lv\/lv\/product-lv\/zida-virsma-bez-noslaucisanas\/\" \/>\n<meta property=\"og:site_name\" content=\"LUXE GEL PROFESSIONAL\u2122\" \/>\n<meta property=\"article:modified_time\" content=\"2026-03-23T07:28:04+00:00\" \/>\n<meta property=\"og:image\" content=\"https:\/\/luxegel.lv\/wp-content\/uploads\/2024\/01\/BasePink_a1e863b5-f223-4ac9-a66d-97ecddbb7a19.png\" \/>\n\t<meta property=\"og:image:width\" content=\"1080\" \/>\n\t<meta property=\"og:image:height\" content=\"1080\" \/>\n\t<meta property=\"og:image:type\" content=\"image\/png\" \/>\n<meta name=\"twitter:card\" content=\"summary_large_image\" \/>\n<meta name=\"twitter:label1\" content=\"Est. reading time\" \/>\n\t<meta name=\"twitter:data1\" content=\"1 minute\" \/>\n<script type=\"application\/ld+json\" class=\"yoast-schema-graph\">{\"@context\":\"https:\/\/schema.org\",\"@graph\":[{\"@type\":\"WebPage\",\"@id\":\"https:\/\/luxegel.lv\/lv\/product-lv\/zida-virsma-bez-noslaucisanas\/\",\"url\":\"https:\/\/luxegel.lv\/lv\/product-lv\/zida-virsma-bez-noslaucisanas\/\",\"name\":\"SILK TOPS \u2013 BEZ LIP\u012aG\u0100 SL\u0100\u0145A - LUXE GEL PROFESSIONAL\u2122\",\"isPartOf\":{\"@id\":\"https:\/\/luxegel.lv\/lv\/#website\"},\"primaryImageOfPage\":{\"@id\":\"https:\/\/luxegel.lv\/lv\/product-lv\/zida-virsma-bez-noslaucisanas\/#primaryimage\"},\"image\":{\"@id\":\"https:\/\/luxegel.lv\/lv\/product-lv\/zida-virsma-bez-noslaucisanas\/#primaryimage\"},\"thumbnailUrl\":\"https:\/\/luxegel.lv\/wp-content\/uploads\/2024\/01\/BasePink_a1e863b5-f223-4ac9-a66d-97ecddbb7a19.png\",\"datePublished\":\"2021-07-20T15:28:36+00:00\",\"dateModified\":\"2026-03-23T07:28:04+00:00\",\"breadcrumb\":{\"@id\":\"https:\/\/luxegel.lv\/lv\/product-lv\/zida-virsma-bez-noslaucisanas\/#breadcrumb\"},\"inLanguage\":\"lv-LV\",\"potentialAction\":[{\"@type\":\"ReadAction\",\"target\":[\"https:\/\/luxegel.lv\/lv\/product-lv\/zida-virsma-bez-noslaucisanas\/\"]}]},{\"@type\":\"ImageObject\",\"inLanguage\":\"lv-LV\",\"@id\":\"https:\/\/luxegel.lv\/lv\/product-lv\/zida-virsma-bez-noslaucisanas\/#primaryimage\",\"url\":\"https:\/\/luxegel.lv\/wp-content\/uploads\/2024\/01\/BasePink_a1e863b5-f223-4ac9-a66d-97ecddbb7a19.png\",\"contentUrl\":\"https:\/\/luxegel.lv\/wp-content\/uploads\/2024\/01\/BasePink_a1e863b5-f223-4ac9-a66d-97ecddbb7a19.png\",\"width\":1080,\"height\":1080},{\"@type\":\"BreadcrumbList\",\"@id\":\"https:\/\/luxegel.lv\/lv\/product-lv\/zida-virsma-bez-noslaucisanas\/#breadcrumb\",\"itemListElement\":[{\"@type\":\"ListItem\",\"position\":1,\"name\":\"Galven\u0101\",\"item\":\"https:\/\/luxegel.lv\/lv\/\"},{\"@type\":\"ListItem\",\"position\":2,\"name\":\"Veikals\",\"item\":\"https:\/\/luxegel.lv\/lv\/veikals\/\"},{\"@type\":\"ListItem\",\"position\":3,\"name\":\"SILK TOPS \u2013 BEZ LIP\u012aG\u0100 SL\u0100\u0145A\"}]},{\"@type\":\"WebSite\",\"@id\":\"https:\/\/luxegel.lv\/lv\/#website\",\"url\":\"https:\/\/luxegel.lv\/lv\/\",\"name\":\"LUXE GEL PROFESSIONAL\u2122\",\"description\":\"is a leading nail brand on the European market. Luxe Gel currently stock over 500 products including over 350 shades of gel polish, a complete builder gel system and our famous structure base.\",\"potentialAction\":[{\"@type\":\"SearchAction\",\"target\":{\"@type\":\"EntryPoint\",\"urlTemplate\":\"https:\/\/luxegel.lv\/lv\/?s={search_term_string}\"},\"query-input\":{\"@type\":\"PropertyValueSpecification\",\"valueRequired\":true,\"valueName\":\"search_term_string\"}}],\"inLanguage\":\"lv-LV\"}]}<\/script>\n<!-- \/ Yoast SEO plugin. -->","yoast_head_json":{"title":"SILK TOPS \u2013 BEZ LIP\u012aG\u0100 SL\u0100\u0145A - LUXE GEL PROFESSIONAL\u2122","robots":{"index":"index","follow":"follow","max-snippet":"max-snippet:-1","max-image-preview":"max-image-preview:large","max-video-preview":"max-video-preview:-1"},"canonical":"https:\/\/luxegel.lv\/lv\/product-lv\/zida-virsma-bez-noslaucisanas\/","og_locale":"lv_LV","og_type":"article","og_title":"SILK TOPS \u2013 BEZ LIP\u012aG\u0100 SL\u0100\u0145A - LUXE GEL PROFESSIONAL\u2122","og_description":"Izteikti sp\u012bd\u012bga virsk\u0101rta ar z\u012bda efektu. Glanc\u0113ta virsk\u0101rta bez zil\u0101s nokr\u0101sas \u2013 \u012bpa\u0161i piem\u0113rota tum\u0161iem to\u0146iem. Tops ar z\u012bda efektu,","og_url":"https:\/\/luxegel.lv\/lv\/product-lv\/zida-virsma-bez-noslaucisanas\/","og_site_name":"LUXE GEL PROFESSIONAL\u2122","article_modified_time":"2026-03-23T07:28:04+00:00","og_image":[{"width":1080,"height":1080,"url":"https:\/\/luxegel.lv\/wp-content\/uploads\/2024\/01\/BasePink_a1e863b5-f223-4ac9-a66d-97ecddbb7a19.png","type":"image\/png"}],"twitter_card":"summary_large_image","twitter_misc":{"Est. reading time":"1 minute"},"schema":{"@context":"https:\/\/schema.org","@graph":[{"@type":"WebPage","@id":"https:\/\/luxegel.lv\/lv\/product-lv\/zida-virsma-bez-noslaucisanas\/","url":"https:\/\/luxegel.lv\/lv\/product-lv\/zida-virsma-bez-noslaucisanas\/","name":"SILK TOPS \u2013 BEZ LIP\u012aG\u0100 SL\u0100\u0145A - LUXE GEL PROFESSIONAL\u2122","isPartOf":{"@id":"https:\/\/luxegel.lv\/lv\/#website"},"primaryImageOfPage":{"@id":"https:\/\/luxegel.lv\/lv\/product-lv\/zida-virsma-bez-noslaucisanas\/#primaryimage"},"image":{"@id":"https:\/\/luxegel.lv\/lv\/product-lv\/zida-virsma-bez-noslaucisanas\/#primaryimage"},"thumbnailUrl":"https:\/\/luxegel.lv\/wp-content\/uploads\/2024\/01\/BasePink_a1e863b5-f223-4ac9-a66d-97ecddbb7a19.png","datePublished":"2021-07-20T15:28:36+00:00","dateModified":"2026-03-23T07:28:04+00:00","breadcrumb":{"@id":"https:\/\/luxegel.lv\/lv\/product-lv\/zida-virsma-bez-noslaucisanas\/#breadcrumb"},"inLanguage":"lv-LV","potentialAction":[{"@type":"ReadAction","target":["https:\/\/luxegel.lv\/lv\/product-lv\/zida-virsma-bez-noslaucisanas\/"]}]},{"@type":"ImageObject","inLanguage":"lv-LV","@id":"https:\/\/luxegel.lv\/lv\/product-lv\/zida-virsma-bez-noslaucisanas\/#primaryimage","url":"https:\/\/luxegel.lv\/wp-content\/uploads\/2024\/01\/BasePink_a1e863b5-f223-4ac9-a66d-97ecddbb7a19.png","contentUrl":"https:\/\/luxegel.lv\/wp-content\/uploads\/2024\/01\/BasePink_a1e863b5-f223-4ac9-a66d-97ecddbb7a19.png","width":1080,"height":1080},{"@type":"BreadcrumbList","@id":"https:\/\/luxegel.lv\/lv\/product-lv\/zida-virsma-bez-noslaucisanas\/#breadcrumb","itemListElement":[{"@type":"ListItem","position":1,"name":"Galven\u0101","item":"https:\/\/luxegel.lv\/lv\/"},{"@type":"ListItem","position":2,"name":"Veikals","item":"https:\/\/luxegel.lv\/lv\/veikals\/"},{"@type":"ListItem","position":3,"name":"SILK TOPS \u2013 BEZ LIP\u012aG\u0100 SL\u0100\u0145A"}]},{"@type":"WebSite","@id":"https:\/\/luxegel.lv\/lv\/#website","url":"https:\/\/luxegel.lv\/lv\/","name":"LUXE GEL PROFESSIONAL\u2122","description":"is a leading nail brand on the European market. Luxe Gel currently stock over 500 products including over 350 shades of gel polish, a complete builder gel system and our famous structure base.","potentialAction":[{"@type":"SearchAction","target":{"@type":"EntryPoint","urlTemplate":"https:\/\/luxegel.lv\/lv\/?s={search_term_string}"},"query-input":{"@type":"PropertyValueSpecification","valueRequired":true,"valueName":"search_term_string"}}],"inLanguage":"lv-LV"}]}},"_links":{"self":[{"href":"https:\/\/luxegel.lv\/lv\/wp-json\/wp\/v2\/product\/8063","targetHints":{"allow":["GET"]}}],"collection":[{"href":"https:\/\/luxegel.lv\/lv\/wp-json\/wp\/v2\/product"}],"about":[{"href":"https:\/\/luxegel.lv\/lv\/wp-json\/wp\/v2\/types\/product"}],"version-history":[{"count":0,"href":"https:\/\/luxegel.lv\/lv\/wp-json\/wp\/v2\/product\/8063\/revisions"}],"wp:featuredmedia":[{"embeddable":true,"href":"https:\/\/luxegel.lv\/lv\/wp-json\/wp\/v2\/media\/5200"}],"wp:attachment":[{"href":"https:\/\/luxegel.lv\/lv\/wp-json\/wp\/v2\/media?parent=8063"}],"wp:term":[{"taxonomy":"product_brand","embeddable":true,"href":"https:\/\/luxegel.lv\/lv\/wp-json\/wp\/v2\/product_brand?post=8063"},{"taxonomy":"product_cat","embeddable":true,"href":"https:\/\/luxegel.lv\/lv\/wp-json\/wp\/v2\/product_cat?post=8063"},{"taxonomy":"product_tag","embeddable":true,"href":"https:\/\/luxegel.lv\/lv\/wp-json\/wp\/v2\/product_tag?post=8063"}],"curies":[{"name":"wp","href":"https:\/\/api.w.org\/{rel}","templated":true}]}}