{"id":8047,"date":"2021-07-20T15:26:08","date_gmt":"2021-07-20T15:26:08","guid":{"rendered":"https:\/\/luxegel.lv\/product\/titans-ag1013\/"},"modified":"2025-10-24T18:58:48","modified_gmt":"2025-10-24T18:58:48","slug":"titans-ag1013","status":"publish","type":"product","link":"https:\/\/luxegel.lv\/lv\/product-lv\/titans-ag1013\/","title":{"rendered":"TITANIUM (AG1013)"},"content":{"rendered":"<div>\n<p><strong><em>Dz\u012bv\u0113 nav j\u0101gaida, kad p\u0101ries v\u0113tra. Dz\u012bv\u0113 ir j\u0101m\u0101c\u0101s dejot liet\u016b. \u0160\u012b pel\u0113k\u0101 kr\u0101sa simboliz\u0113 inteli\u0123enci, l\u012bdzsvaru, sp\u0113ku un nosl\u0113pumain\u012bbu.<\/em><\/strong><\/p>\n<p><strong><em>#luxegelag1013<\/em><\/strong><\/p>\n<p><strong><em><span data-mce-fragment=\"1\"><img decoding=\"async\" height=\"17\" width=\"17\" src=\"https:\/\/cdn.shopify.com\/s\/files\/1\/0585\/3521\/5278\/files\/black-heart-outlines-heart-clipart-black-and-white-11563439906igsvu2ygqi-removebg-preview_480x480.png?v=1632917588\" alt=\"\" data-mce-fragment=\"1\" data-mce-src=\"https:\/\/cdn.shopify.com\/s\/files\/1\/0585\/3521\/5278\/files\/black-heart-outlines-heart-clipart-black-and-white-11563439906igsvu2ygqi-removebg-preview_480x480.png?v=1632917588\"> <\/span><\/em><\/strong><a href=\"https:\/\/cdn.shopify.com\/s\/files\/1\/0585\/3521\/5278\/files\/Application_Gude_1.pdf?v=1632915196\" data-mce-fragment=\"1\" data-mce-href=\"https:\/\/cdn.shopify.com\/s\/files\/1\/0585\/3521\/5278\/files\/Application_Gude_1.pdf?v=1632915196\">UZKL\u0100\u0160ANAS ROKASGR\u0100MATA<\/a><\/p>\n<p><strong><em>#luxegelag1012<\/em><\/strong><\/p>\n<div style=\"text-align: left\" data-mce-fragment=\"1\">\n<ul data-mce-fragment=\"1\">\n<li>\n<span>11-FREE formula \u2013 bez toksisk\u0101m viel\u0101m.<\/span>\n<\/li>\n<li>\n<span>Izteikts sp\u012bdums.<\/span>\n<\/li>\n<li>\n<span>15ML (0.5fl.oz)<\/span>\n<\/li>\n<li>\n<span>100% g\u0113la formula.<\/span>\n<\/li>\n<li>\n<span>\u013boti pigment\u0113ta.<\/span>\n<\/li>\n<li>\n<span>Piln\u012bgs p\u0101rkl\u0101jums ar vienu sl\u0101ni.<\/span>\n<\/li>\n<li>\n<span>Z\u012bdaina tekst\u016bra, bez izpl\u016b\u0161anas.<\/span>\n<\/li>\n<li>\n<span>Vair\u0101k nek\u0101 20 dienu notur\u012bba.<\/span>\n<\/li>\n<li>\n<span>Bez smar\u017eas, nav test\u0113ta uz dz\u012bvniekiem un videi draudz\u012bga.<\/span>\n<\/li>\n<li>\n<span>Piln\u012bb\u0101 sertific\u0113ta un p\u0101rbaud\u012bta.<\/span>\n<\/li>\n<li>\n<span>\u017d\u016bst UV\/LED lamp\u0101 &#8211; 120 sek. UV vai 60 sek. LED.<\/span>\n<\/li>\n<li>\n<span>Supergluda oti\u0146a.<\/span>\n<\/li>\n<li><span>Viegli uzkl\u0101jama, bez sabiez\u0113jumiem, \u0161\u0137el\u0161an\u0101s vai izsm\u0113r\u0113\u0161an\u0101s.<\/span><\/li>\n<\/ul>\n<p><b><br \/><\/b><strong>NEKAIT\u012aGAS SAST\u0100VDA\u013bAS<\/strong>\n<\/div>\n<div data-mce-fragment=\"1\">\n<div class=\"shopify-section index-section\" id=\"shopify-section-template--20615746978069__48eb4292-5c99-4d26-b941-c8d92cf3e482\">\n<div class=\"section--divider\">\n<div class=\"text-center page-width page-width--narrow\">\n<div class=\"theme-block\">\n<div class=\"rte\">\n<p style=\"text-align: left\"><strong>11-FREE formula \u2013 nesatur toksiskas vielas: <\/strong><\/p>\n<p style=\"text-align: left\">formaldeh\u012bdu, parab\u0113nus, kamparu, dibutilftal\u0101tu, formaldeh\u012bda sve\u0137us, ksilolu, etiltozilam\u012bdu, toluolu, bisfenolu A, sulf\u0101tus, trifenilfos\u0101tu.<\/p>\n<\/div>\n<\/div>\n<\/div>\n<\/div>\n<\/div>\n<p><strong data-mce-fragment=\"1\">Kr\u0101su att\u0113lojums:<\/strong><\/p>\n<p>M\u0113s pieliekam maksim\u0101las p\u016bles, lai produktu att\u0113li b\u016btu p\u0113c iesp\u0113jas prec\u012bzi. \u0145emot v\u0113r\u0101, ka elektroniskaj\u0101s ier\u012bc\u0113s ir da\u017e\u0101di kr\u0101su\/iz\u0161\u0137irtsp\u0113jas iestat\u012bjumi, kr\u0101su att\u0113lojums var nedaudz at\u0161\u0137irties no fizisk\u0101 produkta.<\/p>\n<\/div>\n<\/div>\n","protected":false},"excerpt":{"rendered":"<p>Dz\u012bv\u0113 nav j\u0101gaida, kad p\u0101ries v\u0113tra. Dz\u012bv\u0113 ir j\u0101m\u0101c\u0101s dejot liet\u016b. \u0160\u012b pel\u0113k\u0101 kr\u0101sa simboliz\u0113 inteli\u0123enci, l\u012bdzsvaru, sp\u0113ku un nosl\u0113pumain\u012bbu.<\/p>\n","protected":false},"featured_media":5456,"template":"","meta":{"_acf_changed":false},"product_brand":[],"product_cat":[157,154,505,501],"product_tag":[318],"class_list":{"0":"post-8047","1":"product","2":"type-product","3":"status-publish","4":"has-post-thumbnail","6":"product_cat-gela-lakas","7":"product_cat-luxe-gel-professional-lv","8":"product_cat-tumshie-toni","9":"product_cat-visi-toni","10":"product_tag-grey-lv","12":"first","13":"instock","14":"sale","15":"shipping-taxable","16":"purchasable","17":"product-type-simple"},"acf":[],"yoast_head":"<!-- This site is optimized with the Yoast SEO plugin v23.8 - https:\/\/yoast.com\/wordpress\/plugins\/seo\/ -->\n<title>TITANIUM (AG1013) - LUXE GEL PROFESSIONAL\u2122<\/title>\n<meta name=\"robots\" content=\"index, follow, max-snippet:-1, max-image-preview:large, max-video-preview:-1\" \/>\n<link rel=\"canonical\" href=\"https:\/\/luxegel.lv\/lv\/product-lv\/titans-ag1013\/\" \/>\n<meta property=\"og:locale\" content=\"lv_LV\" \/>\n<meta property=\"og:type\" content=\"article\" \/>\n<meta property=\"og:title\" content=\"TITANIUM (AG1013) - LUXE GEL PROFESSIONAL\u2122\" \/>\n<meta property=\"og:description\" content=\"Dz\u012bv\u0113 nav j\u0101gaida, kad p\u0101ries v\u0113tra. Dz\u012bv\u0113 ir j\u0101m\u0101c\u0101s dejot liet\u016b. \u0160\u012b pel\u0113k\u0101 kr\u0101sa simboliz\u0113 inteli\u0123enci, l\u012bdzsvaru, sp\u0113ku un nosl\u0113pumain\u012bbu.\" \/>\n<meta property=\"og:url\" content=\"https:\/\/luxegel.lv\/lv\/product-lv\/titans-ag1013\/\" \/>\n<meta property=\"og:site_name\" content=\"LUXE GEL PROFESSIONAL\u2122\" \/>\n<meta property=\"article:modified_time\" content=\"2025-10-24T18:58:48+00:00\" \/>\n<meta property=\"og:image\" content=\"https:\/\/luxegel.lv\/wp-content\/uploads\/2024\/01\/AG1013.jpg\" \/>\n\t<meta property=\"og:image:width\" content=\"800\" \/>\n\t<meta property=\"og:image:height\" content=\"800\" \/>\n\t<meta property=\"og:image:type\" content=\"image\/jpeg\" \/>\n<meta name=\"twitter:card\" content=\"summary_large_image\" \/>\n<meta name=\"twitter:label1\" content=\"Est. reading time\" \/>\n\t<meta name=\"twitter:data1\" content=\"1 minute\" \/>\n<script type=\"application\/ld+json\" class=\"yoast-schema-graph\">{\"@context\":\"https:\/\/schema.org\",\"@graph\":[{\"@type\":\"WebPage\",\"@id\":\"https:\/\/luxegel.lv\/lv\/product-lv\/titans-ag1013\/\",\"url\":\"https:\/\/luxegel.lv\/lv\/product-lv\/titans-ag1013\/\",\"name\":\"TITANIUM (AG1013) - LUXE GEL PROFESSIONAL\u2122\",\"isPartOf\":{\"@id\":\"https:\/\/luxegel.lv\/lv\/#website\"},\"primaryImageOfPage\":{\"@id\":\"https:\/\/luxegel.lv\/lv\/product-lv\/titans-ag1013\/#primaryimage\"},\"image\":{\"@id\":\"https:\/\/luxegel.lv\/lv\/product-lv\/titans-ag1013\/#primaryimage\"},\"thumbnailUrl\":\"https:\/\/luxegel.lv\/wp-content\/uploads\/2024\/01\/AG1013.jpg\",\"datePublished\":\"2021-07-20T15:26:08+00:00\",\"dateModified\":\"2025-10-24T18:58:48+00:00\",\"breadcrumb\":{\"@id\":\"https:\/\/luxegel.lv\/lv\/product-lv\/titans-ag1013\/#breadcrumb\"},\"inLanguage\":\"lv-LV\",\"potentialAction\":[{\"@type\":\"ReadAction\",\"target\":[\"https:\/\/luxegel.lv\/lv\/product-lv\/titans-ag1013\/\"]}]},{\"@type\":\"ImageObject\",\"inLanguage\":\"lv-LV\",\"@id\":\"https:\/\/luxegel.lv\/lv\/product-lv\/titans-ag1013\/#primaryimage\",\"url\":\"https:\/\/luxegel.lv\/wp-content\/uploads\/2024\/01\/AG1013.jpg\",\"contentUrl\":\"https:\/\/luxegel.lv\/wp-content\/uploads\/2024\/01\/AG1013.jpg\",\"width\":800,\"height\":800},{\"@type\":\"BreadcrumbList\",\"@id\":\"https:\/\/luxegel.lv\/lv\/product-lv\/titans-ag1013\/#breadcrumb\",\"itemListElement\":[{\"@type\":\"ListItem\",\"position\":1,\"name\":\"Galven\u0101\",\"item\":\"https:\/\/luxegel.lv\/lv\/\"},{\"@type\":\"ListItem\",\"position\":2,\"name\":\"Veikals\",\"item\":\"https:\/\/luxegel.lv\/lv\/veikals\/\"},{\"@type\":\"ListItem\",\"position\":3,\"name\":\"TITANIUM (AG1013)\"}]},{\"@type\":\"WebSite\",\"@id\":\"https:\/\/luxegel.lv\/lv\/#website\",\"url\":\"https:\/\/luxegel.lv\/lv\/\",\"name\":\"LUXE GEL PROFESSIONAL\u2122\",\"description\":\"is a leading nail brand on the European market. Luxe Gel currently stock over 500 products including over 350 shades of gel polish, a complete builder gel system and our famous structure base.\",\"potentialAction\":[{\"@type\":\"SearchAction\",\"target\":{\"@type\":\"EntryPoint\",\"urlTemplate\":\"https:\/\/luxegel.lv\/lv\/?s={search_term_string}\"},\"query-input\":{\"@type\":\"PropertyValueSpecification\",\"valueRequired\":true,\"valueName\":\"search_term_string\"}}],\"inLanguage\":\"lv-LV\"}]}<\/script>\n<!-- \/ Yoast SEO plugin. -->","yoast_head_json":{"title":"TITANIUM (AG1013) - LUXE GEL PROFESSIONAL\u2122","robots":{"index":"index","follow":"follow","max-snippet":"max-snippet:-1","max-image-preview":"max-image-preview:large","max-video-preview":"max-video-preview:-1"},"canonical":"https:\/\/luxegel.lv\/lv\/product-lv\/titans-ag1013\/","og_locale":"lv_LV","og_type":"article","og_title":"TITANIUM (AG1013) - LUXE GEL PROFESSIONAL\u2122","og_description":"Dz\u012bv\u0113 nav j\u0101gaida, kad p\u0101ries v\u0113tra. Dz\u012bv\u0113 ir j\u0101m\u0101c\u0101s dejot liet\u016b. \u0160\u012b pel\u0113k\u0101 kr\u0101sa simboliz\u0113 inteli\u0123enci, l\u012bdzsvaru, sp\u0113ku un nosl\u0113pumain\u012bbu.","og_url":"https:\/\/luxegel.lv\/lv\/product-lv\/titans-ag1013\/","og_site_name":"LUXE GEL PROFESSIONAL\u2122","article_modified_time":"2025-10-24T18:58:48+00:00","og_image":[{"width":800,"height":800,"url":"https:\/\/luxegel.lv\/wp-content\/uploads\/2024\/01\/AG1013.jpg","type":"image\/jpeg"}],"twitter_card":"summary_large_image","twitter_misc":{"Est. reading time":"1 minute"},"schema":{"@context":"https:\/\/schema.org","@graph":[{"@type":"WebPage","@id":"https:\/\/luxegel.lv\/lv\/product-lv\/titans-ag1013\/","url":"https:\/\/luxegel.lv\/lv\/product-lv\/titans-ag1013\/","name":"TITANIUM (AG1013) - LUXE GEL PROFESSIONAL\u2122","isPartOf":{"@id":"https:\/\/luxegel.lv\/lv\/#website"},"primaryImageOfPage":{"@id":"https:\/\/luxegel.lv\/lv\/product-lv\/titans-ag1013\/#primaryimage"},"image":{"@id":"https:\/\/luxegel.lv\/lv\/product-lv\/titans-ag1013\/#primaryimage"},"thumbnailUrl":"https:\/\/luxegel.lv\/wp-content\/uploads\/2024\/01\/AG1013.jpg","datePublished":"2021-07-20T15:26:08+00:00","dateModified":"2025-10-24T18:58:48+00:00","breadcrumb":{"@id":"https:\/\/luxegel.lv\/lv\/product-lv\/titans-ag1013\/#breadcrumb"},"inLanguage":"lv-LV","potentialAction":[{"@type":"ReadAction","target":["https:\/\/luxegel.lv\/lv\/product-lv\/titans-ag1013\/"]}]},{"@type":"ImageObject","inLanguage":"lv-LV","@id":"https:\/\/luxegel.lv\/lv\/product-lv\/titans-ag1013\/#primaryimage","url":"https:\/\/luxegel.lv\/wp-content\/uploads\/2024\/01\/AG1013.jpg","contentUrl":"https:\/\/luxegel.lv\/wp-content\/uploads\/2024\/01\/AG1013.jpg","width":800,"height":800},{"@type":"BreadcrumbList","@id":"https:\/\/luxegel.lv\/lv\/product-lv\/titans-ag1013\/#breadcrumb","itemListElement":[{"@type":"ListItem","position":1,"name":"Galven\u0101","item":"https:\/\/luxegel.lv\/lv\/"},{"@type":"ListItem","position":2,"name":"Veikals","item":"https:\/\/luxegel.lv\/lv\/veikals\/"},{"@type":"ListItem","position":3,"name":"TITANIUM (AG1013)"}]},{"@type":"WebSite","@id":"https:\/\/luxegel.lv\/lv\/#website","url":"https:\/\/luxegel.lv\/lv\/","name":"LUXE GEL PROFESSIONAL\u2122","description":"is a leading nail brand on the European market. Luxe Gel currently stock over 500 products including over 350 shades of gel polish, a complete builder gel system and our famous structure base.","potentialAction":[{"@type":"SearchAction","target":{"@type":"EntryPoint","urlTemplate":"https:\/\/luxegel.lv\/lv\/?s={search_term_string}"},"query-input":{"@type":"PropertyValueSpecification","valueRequired":true,"valueName":"search_term_string"}}],"inLanguage":"lv-LV"}]}},"_links":{"self":[{"href":"https:\/\/luxegel.lv\/lv\/wp-json\/wp\/v2\/product\/8047","targetHints":{"allow":["GET"]}}],"collection":[{"href":"https:\/\/luxegel.lv\/lv\/wp-json\/wp\/v2\/product"}],"about":[{"href":"https:\/\/luxegel.lv\/lv\/wp-json\/wp\/v2\/types\/product"}],"version-history":[{"count":0,"href":"https:\/\/luxegel.lv\/lv\/wp-json\/wp\/v2\/product\/8047\/revisions"}],"wp:featuredmedia":[{"embeddable":true,"href":"https:\/\/luxegel.lv\/lv\/wp-json\/wp\/v2\/media\/5456"}],"wp:attachment":[{"href":"https:\/\/luxegel.lv\/lv\/wp-json\/wp\/v2\/media?parent=8047"}],"wp:term":[{"taxonomy":"product_brand","embeddable":true,"href":"https:\/\/luxegel.lv\/lv\/wp-json\/wp\/v2\/product_brand?post=8047"},{"taxonomy":"product_cat","embeddable":true,"href":"https:\/\/luxegel.lv\/lv\/wp-json\/wp\/v2\/product_cat?post=8047"},{"taxonomy":"product_tag","embeddable":true,"href":"https:\/\/luxegel.lv\/lv\/wp-json\/wp\/v2\/product_tag?post=8047"}],"curies":[{"name":"wp","href":"https:\/\/api.w.org\/{rel}","templated":true}]}}