{"id":8035,"date":"2021-07-20T15:26:11","date_gmt":"2021-07-20T15:26:11","guid":{"rendered":"https:\/\/luxegel.lv\/product\/dalmatian\/"},"modified":"2026-04-27T09:33:45","modified_gmt":"2026-04-27T09:33:45","slug":"dalmatian","status":"publish","type":"product","link":"https:\/\/luxegel.lv\/lv\/product-lv\/dalmatian\/","title":{"rendered":"DALMATIAN"},"content":{"rendered":"<p><span data-mce-fragment=\"1\">\u0160o kr\u0101\u0161\u0146o g\u0113la laku iedvesmojusi slaven\u0101 anim\u0101cijas filma &#8220;101 dalm\u0101cietis&#8221;. T\u0101 ir caursp\u012bd\u012bga g\u0113la laka ar da\u017e\u0101du formu melniem elementiem. Izmantojiet to, lai izveidotu abstraktu un unik\u0101lu nagu dizainu.<\/span><\/p>\n<p><span><strong><em>#luxegeldalmation<\/em><\/strong><\/span><\/p>\n<ul data-mce-fragment=\"1\">\n<li data-mce-fragment=\"1\"><span>9 Bezmaksas.<\/span><\/li>\n<li data-mce-fragment=\"1\"><span>15ML (0,5 fl.oz).<\/span><\/li>\n<li data-mce-fragment=\"1\"><span>100% g\u0113la formula.<\/span><\/li>\n<li data-mce-fragment=\"1\"><span>\u013boti pigment\u0113ts, lai viegli p\u0101rkl\u0101tu.<\/span><\/li>\n<li data-mce-fragment=\"1\"><span>3+ ned\u0113\u013cu ilgnotur\u012bga formula.<\/span><\/li>\n<li data-mce-fragment=\"1\"><span>Veg\u0101ns &amp; Cruelty free.<\/span><\/li>\n<li data-mce-fragment=\"1\"><span>\u0100tra izm\u0113rc\u0113\u0161anas no\u0146em\u0161ana.<\/span><\/li>\n<li data-mce-fragment=\"1\"><span>Uv\/LED saciet\u0113jams &#8211; 120 sekun\u017eu UV vai 60 sekun\u017eu LED.<\/span><\/li>\n<\/ul>\n<p data-mce-fragment=\"1\"><span> <strong data-mce-fragment=\"1\">Kr\u0101su att\u0113lojums:<\/strong><\/span><br data-mce-fragment=\"1\"><span data-mce-fragment=\"1\">Tiek dar\u012bts viss iesp\u0113jamais, lai nodro\u0161in\u0101tu, ka visi m\u016bsu produktu att\u0113li ir p\u0113c iesp\u0113jas prec\u012bz\u0101ki. T\u0101 k\u0101 elektroniskaj\u0101s ier\u012bc\u0113s ir kr\u0101su\/iz\u0161\u0137irtsp\u0113jas iestat\u012bjumi, kr\u0101su atveidojums var nedaudz at\u0161\u0137irties no fizisk\u0101 produkta.<\/span><\/p>\n","protected":false},"excerpt":{"rendered":"<p>\u0160o kr\u0101\u0161\u0146o g\u0113la laku iedvesmojusi slaven\u0101 anim\u0101cijas filma &#8220;101 dalm\u0101cietis&#8221;. T\u0101 ir caursp\u012bd\u012bga g\u0113la laka ar da\u017e\u0101du formu melniem elementiem.<\/p>\n","protected":false},"featured_media":3698,"template":"","meta":{"_acf_changed":false,"om_disable_all_campaigns":false},"product_brand":[],"product_cat":[157,154,501],"product_tag":[158],"class_list":{"0":"post-8035","1":"product","2":"type-product","3":"status-publish","4":"has-post-thumbnail","6":"product_cat-gela-lakas","7":"product_cat-luxe-gel-professional-lv","8":"product_cat-visi-toni","9":"product_tag-mirdzet","11":"first","12":"instock","13":"sale","14":"shipping-taxable","15":"purchasable","16":"product-type-simple"},"acf":[],"yoast_head":"<!-- This site is optimized with the Yoast SEO plugin v23.8 - https:\/\/yoast.com\/wordpress\/plugins\/seo\/ -->\n<title>DALMATIAN - LUXE GEL PROFESSIONAL\u2122<\/title>\n<meta name=\"robots\" content=\"index, follow, max-snippet:-1, max-image-preview:large, max-video-preview:-1\" \/>\n<link rel=\"canonical\" href=\"https:\/\/luxegel.lv\/lv\/product-lv\/dalmatian\/\" \/>\n<meta property=\"og:locale\" content=\"lv_LV\" \/>\n<meta property=\"og:type\" content=\"article\" \/>\n<meta property=\"og:title\" content=\"DALMATIAN - LUXE GEL PROFESSIONAL\u2122\" \/>\n<meta property=\"og:description\" content=\"\u0160o kr\u0101\u0161\u0146o g\u0113la laku iedvesmojusi slaven\u0101 anim\u0101cijas filma &#8220;101 dalm\u0101cietis&#8221;. T\u0101 ir caursp\u012bd\u012bga g\u0113la laka ar da\u017e\u0101du formu melniem elementiem.\" \/>\n<meta property=\"og:url\" content=\"https:\/\/luxegel.lv\/lv\/product-lv\/dalmatian\/\" \/>\n<meta property=\"og:site_name\" content=\"LUXE GEL PROFESSIONAL\u2122\" \/>\n<meta property=\"article:modified_time\" content=\"2026-04-27T09:33:45+00:00\" \/>\n<meta property=\"og:image\" content=\"https:\/\/luxegel.lv\/wp-content\/uploads\/2024\/01\/Dalmatian.png\" \/>\n\t<meta property=\"og:image:width\" content=\"800\" \/>\n\t<meta property=\"og:image:height\" content=\"800\" \/>\n\t<meta property=\"og:image:type\" content=\"image\/png\" \/>\n<meta name=\"twitter:card\" content=\"summary_large_image\" \/>\n<meta name=\"twitter:label1\" content=\"Est. reading time\" \/>\n\t<meta name=\"twitter:data1\" content=\"1 minute\" \/>\n<script type=\"application\/ld+json\" class=\"yoast-schema-graph\">{\"@context\":\"https:\/\/schema.org\",\"@graph\":[{\"@type\":\"WebPage\",\"@id\":\"https:\/\/luxegel.lv\/lv\/product-lv\/dalmatian\/\",\"url\":\"https:\/\/luxegel.lv\/lv\/product-lv\/dalmatian\/\",\"name\":\"DALMATIAN - LUXE GEL PROFESSIONAL\u2122\",\"isPartOf\":{\"@id\":\"https:\/\/luxegel.lv\/lv\/#website\"},\"primaryImageOfPage\":{\"@id\":\"https:\/\/luxegel.lv\/lv\/product-lv\/dalmatian\/#primaryimage\"},\"image\":{\"@id\":\"https:\/\/luxegel.lv\/lv\/product-lv\/dalmatian\/#primaryimage\"},\"thumbnailUrl\":\"https:\/\/luxegel.lv\/wp-content\/uploads\/2024\/01\/Dalmatian.png\",\"datePublished\":\"2021-07-20T15:26:11+00:00\",\"dateModified\":\"2026-04-27T09:33:45+00:00\",\"breadcrumb\":{\"@id\":\"https:\/\/luxegel.lv\/lv\/product-lv\/dalmatian\/#breadcrumb\"},\"inLanguage\":\"lv-LV\",\"potentialAction\":[{\"@type\":\"ReadAction\",\"target\":[\"https:\/\/luxegel.lv\/lv\/product-lv\/dalmatian\/\"]}]},{\"@type\":\"ImageObject\",\"inLanguage\":\"lv-LV\",\"@id\":\"https:\/\/luxegel.lv\/lv\/product-lv\/dalmatian\/#primaryimage\",\"url\":\"https:\/\/luxegel.lv\/wp-content\/uploads\/2024\/01\/Dalmatian.png\",\"contentUrl\":\"https:\/\/luxegel.lv\/wp-content\/uploads\/2024\/01\/Dalmatian.png\",\"width\":800,\"height\":800},{\"@type\":\"BreadcrumbList\",\"@id\":\"https:\/\/luxegel.lv\/lv\/product-lv\/dalmatian\/#breadcrumb\",\"itemListElement\":[{\"@type\":\"ListItem\",\"position\":1,\"name\":\"Galven\u0101\",\"item\":\"https:\/\/luxegel.lv\/lv\/\"},{\"@type\":\"ListItem\",\"position\":2,\"name\":\"Veikals\",\"item\":\"https:\/\/luxegel.lv\/lv\/veikals\/\"},{\"@type\":\"ListItem\",\"position\":3,\"name\":\"DALMATIAN\"}]},{\"@type\":\"WebSite\",\"@id\":\"https:\/\/luxegel.lv\/lv\/#website\",\"url\":\"https:\/\/luxegel.lv\/lv\/\",\"name\":\"LUXE GEL PROFESSIONAL\u2122\",\"description\":\"is a leading nail brand on the European market. Luxe Gel currently stock over 500 products including over 350 shades of gel polish, a complete builder gel system and our famous structure base.\",\"potentialAction\":[{\"@type\":\"SearchAction\",\"target\":{\"@type\":\"EntryPoint\",\"urlTemplate\":\"https:\/\/luxegel.lv\/lv\/?s={search_term_string}\"},\"query-input\":{\"@type\":\"PropertyValueSpecification\",\"valueRequired\":true,\"valueName\":\"search_term_string\"}}],\"inLanguage\":\"lv-LV\"}]}<\/script>\n<!-- \/ Yoast SEO plugin. -->","yoast_head_json":{"title":"DALMATIAN - LUXE GEL PROFESSIONAL\u2122","robots":{"index":"index","follow":"follow","max-snippet":"max-snippet:-1","max-image-preview":"max-image-preview:large","max-video-preview":"max-video-preview:-1"},"canonical":"https:\/\/luxegel.lv\/lv\/product-lv\/dalmatian\/","og_locale":"lv_LV","og_type":"article","og_title":"DALMATIAN - LUXE GEL PROFESSIONAL\u2122","og_description":"\u0160o kr\u0101\u0161\u0146o g\u0113la laku iedvesmojusi slaven\u0101 anim\u0101cijas filma &#8220;101 dalm\u0101cietis&#8221;. T\u0101 ir caursp\u012bd\u012bga g\u0113la laka ar da\u017e\u0101du formu melniem elementiem.","og_url":"https:\/\/luxegel.lv\/lv\/product-lv\/dalmatian\/","og_site_name":"LUXE GEL PROFESSIONAL\u2122","article_modified_time":"2026-04-27T09:33:45+00:00","og_image":[{"width":800,"height":800,"url":"https:\/\/luxegel.lv\/wp-content\/uploads\/2024\/01\/Dalmatian.png","type":"image\/png"}],"twitter_card":"summary_large_image","twitter_misc":{"Est. reading time":"1 minute"},"schema":{"@context":"https:\/\/schema.org","@graph":[{"@type":"WebPage","@id":"https:\/\/luxegel.lv\/lv\/product-lv\/dalmatian\/","url":"https:\/\/luxegel.lv\/lv\/product-lv\/dalmatian\/","name":"DALMATIAN - LUXE GEL PROFESSIONAL\u2122","isPartOf":{"@id":"https:\/\/luxegel.lv\/lv\/#website"},"primaryImageOfPage":{"@id":"https:\/\/luxegel.lv\/lv\/product-lv\/dalmatian\/#primaryimage"},"image":{"@id":"https:\/\/luxegel.lv\/lv\/product-lv\/dalmatian\/#primaryimage"},"thumbnailUrl":"https:\/\/luxegel.lv\/wp-content\/uploads\/2024\/01\/Dalmatian.png","datePublished":"2021-07-20T15:26:11+00:00","dateModified":"2026-04-27T09:33:45+00:00","breadcrumb":{"@id":"https:\/\/luxegel.lv\/lv\/product-lv\/dalmatian\/#breadcrumb"},"inLanguage":"lv-LV","potentialAction":[{"@type":"ReadAction","target":["https:\/\/luxegel.lv\/lv\/product-lv\/dalmatian\/"]}]},{"@type":"ImageObject","inLanguage":"lv-LV","@id":"https:\/\/luxegel.lv\/lv\/product-lv\/dalmatian\/#primaryimage","url":"https:\/\/luxegel.lv\/wp-content\/uploads\/2024\/01\/Dalmatian.png","contentUrl":"https:\/\/luxegel.lv\/wp-content\/uploads\/2024\/01\/Dalmatian.png","width":800,"height":800},{"@type":"BreadcrumbList","@id":"https:\/\/luxegel.lv\/lv\/product-lv\/dalmatian\/#breadcrumb","itemListElement":[{"@type":"ListItem","position":1,"name":"Galven\u0101","item":"https:\/\/luxegel.lv\/lv\/"},{"@type":"ListItem","position":2,"name":"Veikals","item":"https:\/\/luxegel.lv\/lv\/veikals\/"},{"@type":"ListItem","position":3,"name":"DALMATIAN"}]},{"@type":"WebSite","@id":"https:\/\/luxegel.lv\/lv\/#website","url":"https:\/\/luxegel.lv\/lv\/","name":"LUXE GEL PROFESSIONAL\u2122","description":"is a leading nail brand on the European market. Luxe Gel currently stock over 500 products including over 350 shades of gel polish, a complete builder gel system and our famous structure base.","potentialAction":[{"@type":"SearchAction","target":{"@type":"EntryPoint","urlTemplate":"https:\/\/luxegel.lv\/lv\/?s={search_term_string}"},"query-input":{"@type":"PropertyValueSpecification","valueRequired":true,"valueName":"search_term_string"}}],"inLanguage":"lv-LV"}]}},"_links":{"self":[{"href":"https:\/\/luxegel.lv\/lv\/wp-json\/wp\/v2\/product\/8035","targetHints":{"allow":["GET"]}}],"collection":[{"href":"https:\/\/luxegel.lv\/lv\/wp-json\/wp\/v2\/product"}],"about":[{"href":"https:\/\/luxegel.lv\/lv\/wp-json\/wp\/v2\/types\/product"}],"version-history":[{"count":0,"href":"https:\/\/luxegel.lv\/lv\/wp-json\/wp\/v2\/product\/8035\/revisions"}],"wp:featuredmedia":[{"embeddable":true,"href":"https:\/\/luxegel.lv\/lv\/wp-json\/wp\/v2\/media\/3698"}],"wp:attachment":[{"href":"https:\/\/luxegel.lv\/lv\/wp-json\/wp\/v2\/media?parent=8035"}],"wp:term":[{"taxonomy":"product_brand","embeddable":true,"href":"https:\/\/luxegel.lv\/lv\/wp-json\/wp\/v2\/product_brand?post=8035"},{"taxonomy":"product_cat","embeddable":true,"href":"https:\/\/luxegel.lv\/lv\/wp-json\/wp\/v2\/product_cat?post=8035"},{"taxonomy":"product_tag","embeddable":true,"href":"https:\/\/luxegel.lv\/lv\/wp-json\/wp\/v2\/product_tag?post=8035"}],"curies":[{"name":"wp","href":"https:\/\/api.w.org\/{rel}","templated":true}]}}