{"id":8022,"date":"2021-07-20T15:26:21","date_gmt":"2021-07-20T15:26:21","guid":{"rendered":"https:\/\/luxegel.lv\/product\/zila-migla\/"},"modified":"2026-04-27T09:33:53","modified_gmt":"2026-04-27T09:33:53","slug":"zila-migla","status":"publish","type":"product","link":"https:\/\/luxegel.lv\/lv\/product-lv\/zila-migla\/","title":{"rendered":"BLUE FOG"},"content":{"rendered":"<p><strong><em>Miglains r\u012bts Tosk\u0101nas kalnos. J\u016bras akvamar\u012bna paste\u013ctonis ar kr\u0113m\u012bgu nokr\u0101su. Relaks\u0113jo\u0161a un svaiga g\u0113la laka mier\u012bgam noska\u0146ojumam.<\/em><\/strong><\/p>\n<p><strong><em>#luxegelbluefog<\/em><\/strong><\/p>\n<ul>\n<li>11-FREE formula \u2013 bez toksisk\u0101m viel\u0101m.<\/li>\n<li>Izteikts sp\u012bdums.<\/li>\n<li>15ML (0.5fl.oz)<\/li>\n<li>100% g\u0113la formula.<\/li>\n<li>\u013boti pigment\u0113ta<\/li>\n<li>Piln\u012bgs p\u0101rkl\u0101jums ar vienu sl\u0101ni.<\/li>\n<li>Z\u012bdaina tekst\u016bra, bez izpl\u016b\u0161anas.<\/li>\n<li>Vair\u0101k nek\u0101 20 dienu notur\u012bba.<\/li>\n<li>Bez smar\u017eas, nav test\u0113ta uz dz\u012bvniekiem un videi draudz\u012bga.<\/li>\n<li>Piln\u012bb\u0101 sertific\u0113ta un p\u0101rbaud\u012bta.<\/li>\n<li>\u017d\u016bst UV\/LED lamp\u0101 &#8211; 120 sek. UV vai 60 sek. LED.<\/li>\n<li>Supergluda oti\u0146a.<\/li>\n<li>Viegli uzkl\u0101jama, bez sabiez\u0113jumiem, \u0161\u0137el\u0161an\u0101s vai izsm\u0113r\u0113\u0161an\u0101s.<\/li>\n<\/ul>\n<p>NEKAIT\u012aGAS SAST\u0100VDA\u013bAS<\/p>\n<p>11-FREE formula \u2013 nesatur toksiskas vielas:<\/p>\n<p>formaldeh\u012bdu, parab\u0113nus, kamparu, dibutilftal\u0101tu, formaldeh\u012bda sve\u0137us, ksilolu, etiltozilam\u012bdu, toluolu, bisfenolu A, sulf\u0101tus, trifenilfos\u0101tu.<\/p>\n<p data-mce-fragment=\"1\"><strong data-mce-fragment=\"1\">Kr\u0101su att\u0113lojums:<\/strong><br data-mce-fragment=\"1\"><span data-mce-fragment=\"1\">M\u0113s pieliekam maksim\u0101las p\u016bles, lai produktu att\u0113li b\u016btu p\u0113c iesp\u0113jas prec\u012bzi. \u0145emot v\u0113r\u0101, ka elektroniskaj\u0101s ier\u012bc\u0113s ir da\u017e\u0101di kr\u0101su\/iz\u0161\u0137irtsp\u0113jas iestat\u012bjumi, kr\u0101su att\u0113lojums var nedaudz at\u0161\u0137irties no fizisk\u0101 produkta.<\/span><\/p>\n","protected":false},"excerpt":{"rendered":"<p>Miglains r\u012bts Tosk\u0101nas kalnos. J\u016bras akvamar\u012bna paste\u013ctonis ar kr\u0113m\u012bgu nokr\u0101su. Relaks\u0113jo\u0161a un svaiga g\u0113la laka mier\u012bgam noska\u0146ojumam. #luxegelbluefog 11-FREE formula<\/p>\n","protected":false},"featured_media":3310,"template":"","meta":{"_acf_changed":false,"om_disable_all_campaigns":false},"product_brand":[],"product_cat":[157,154,513,501],"product_tag":[223],"class_list":{"0":"post-8022","1":"product","2":"type-product","3":"status-publish","4":"has-post-thumbnail","6":"product_cat-gela-lakas","7":"product_cat-luxe-gel-professional-lv","8":"product_cat-pasteltoni","9":"product_cat-visi-toni","10":"product_tag-blue-lv","12":"first","13":"instock","14":"sale","15":"shipping-taxable","16":"purchasable","17":"product-type-simple"},"acf":[],"yoast_head":"<!-- This site is optimized with the Yoast SEO plugin v23.8 - https:\/\/yoast.com\/wordpress\/plugins\/seo\/ -->\n<title>BLUE FOG - LUXE GEL PROFESSIONAL\u2122<\/title>\n<meta name=\"robots\" content=\"index, follow, max-snippet:-1, max-image-preview:large, max-video-preview:-1\" \/>\n<link rel=\"canonical\" href=\"https:\/\/luxegel.lv\/lv\/product-lv\/zila-migla\/\" \/>\n<meta property=\"og:locale\" content=\"lv_LV\" \/>\n<meta property=\"og:type\" content=\"article\" \/>\n<meta property=\"og:title\" content=\"BLUE FOG - LUXE GEL PROFESSIONAL\u2122\" \/>\n<meta property=\"og:description\" content=\"Miglains r\u012bts Tosk\u0101nas kalnos. J\u016bras akvamar\u012bna paste\u013ctonis ar kr\u0113m\u012bgu nokr\u0101su. Relaks\u0113jo\u0161a un svaiga g\u0113la laka mier\u012bgam noska\u0146ojumam. #luxegelbluefog 11-FREE formula\" \/>\n<meta property=\"og:url\" content=\"https:\/\/luxegel.lv\/lv\/product-lv\/zila-migla\/\" \/>\n<meta property=\"og:site_name\" content=\"LUXE GEL PROFESSIONAL\u2122\" \/>\n<meta property=\"article:modified_time\" content=\"2026-04-27T09:33:53+00:00\" \/>\n<meta property=\"og:image\" content=\"https:\/\/luxegel.lv\/wp-content\/uploads\/2024\/01\/Blue_Fog.jpg\" \/>\n\t<meta property=\"og:image:width\" content=\"800\" \/>\n\t<meta property=\"og:image:height\" content=\"800\" \/>\n\t<meta property=\"og:image:type\" content=\"image\/jpeg\" \/>\n<meta name=\"twitter:card\" content=\"summary_large_image\" \/>\n<meta name=\"twitter:label1\" content=\"Est. reading time\" \/>\n\t<meta name=\"twitter:data1\" content=\"1 minute\" \/>\n<script type=\"application\/ld+json\" class=\"yoast-schema-graph\">{\"@context\":\"https:\/\/schema.org\",\"@graph\":[{\"@type\":\"WebPage\",\"@id\":\"https:\/\/luxegel.lv\/lv\/product-lv\/zila-migla\/\",\"url\":\"https:\/\/luxegel.lv\/lv\/product-lv\/zila-migla\/\",\"name\":\"BLUE FOG - LUXE GEL PROFESSIONAL\u2122\",\"isPartOf\":{\"@id\":\"https:\/\/luxegel.lv\/lv\/#website\"},\"primaryImageOfPage\":{\"@id\":\"https:\/\/luxegel.lv\/lv\/product-lv\/zila-migla\/#primaryimage\"},\"image\":{\"@id\":\"https:\/\/luxegel.lv\/lv\/product-lv\/zila-migla\/#primaryimage\"},\"thumbnailUrl\":\"https:\/\/luxegel.lv\/wp-content\/uploads\/2024\/01\/Blue_Fog.jpg\",\"datePublished\":\"2021-07-20T15:26:21+00:00\",\"dateModified\":\"2026-04-27T09:33:53+00:00\",\"breadcrumb\":{\"@id\":\"https:\/\/luxegel.lv\/lv\/product-lv\/zila-migla\/#breadcrumb\"},\"inLanguage\":\"lv-LV\",\"potentialAction\":[{\"@type\":\"ReadAction\",\"target\":[\"https:\/\/luxegel.lv\/lv\/product-lv\/zila-migla\/\"]}]},{\"@type\":\"ImageObject\",\"inLanguage\":\"lv-LV\",\"@id\":\"https:\/\/luxegel.lv\/lv\/product-lv\/zila-migla\/#primaryimage\",\"url\":\"https:\/\/luxegel.lv\/wp-content\/uploads\/2024\/01\/Blue_Fog.jpg\",\"contentUrl\":\"https:\/\/luxegel.lv\/wp-content\/uploads\/2024\/01\/Blue_Fog.jpg\",\"width\":800,\"height\":800},{\"@type\":\"BreadcrumbList\",\"@id\":\"https:\/\/luxegel.lv\/lv\/product-lv\/zila-migla\/#breadcrumb\",\"itemListElement\":[{\"@type\":\"ListItem\",\"position\":1,\"name\":\"Galven\u0101\",\"item\":\"https:\/\/luxegel.lv\/lv\/\"},{\"@type\":\"ListItem\",\"position\":2,\"name\":\"Veikals\",\"item\":\"https:\/\/luxegel.lv\/lv\/veikals\/\"},{\"@type\":\"ListItem\",\"position\":3,\"name\":\"BLUE FOG\"}]},{\"@type\":\"WebSite\",\"@id\":\"https:\/\/luxegel.lv\/lv\/#website\",\"url\":\"https:\/\/luxegel.lv\/lv\/\",\"name\":\"LUXE GEL PROFESSIONAL\u2122\",\"description\":\"is a leading nail brand on the European market. Luxe Gel currently stock over 500 products including over 350 shades of gel polish, a complete builder gel system and our famous structure base.\",\"potentialAction\":[{\"@type\":\"SearchAction\",\"target\":{\"@type\":\"EntryPoint\",\"urlTemplate\":\"https:\/\/luxegel.lv\/lv\/?s={search_term_string}\"},\"query-input\":{\"@type\":\"PropertyValueSpecification\",\"valueRequired\":true,\"valueName\":\"search_term_string\"}}],\"inLanguage\":\"lv-LV\"}]}<\/script>\n<!-- \/ Yoast SEO plugin. -->","yoast_head_json":{"title":"BLUE FOG - LUXE GEL PROFESSIONAL\u2122","robots":{"index":"index","follow":"follow","max-snippet":"max-snippet:-1","max-image-preview":"max-image-preview:large","max-video-preview":"max-video-preview:-1"},"canonical":"https:\/\/luxegel.lv\/lv\/product-lv\/zila-migla\/","og_locale":"lv_LV","og_type":"article","og_title":"BLUE FOG - LUXE GEL PROFESSIONAL\u2122","og_description":"Miglains r\u012bts Tosk\u0101nas kalnos. J\u016bras akvamar\u012bna paste\u013ctonis ar kr\u0113m\u012bgu nokr\u0101su. Relaks\u0113jo\u0161a un svaiga g\u0113la laka mier\u012bgam noska\u0146ojumam. #luxegelbluefog 11-FREE formula","og_url":"https:\/\/luxegel.lv\/lv\/product-lv\/zila-migla\/","og_site_name":"LUXE GEL PROFESSIONAL\u2122","article_modified_time":"2026-04-27T09:33:53+00:00","og_image":[{"width":800,"height":800,"url":"https:\/\/luxegel.lv\/wp-content\/uploads\/2024\/01\/Blue_Fog.jpg","type":"image\/jpeg"}],"twitter_card":"summary_large_image","twitter_misc":{"Est. reading time":"1 minute"},"schema":{"@context":"https:\/\/schema.org","@graph":[{"@type":"WebPage","@id":"https:\/\/luxegel.lv\/lv\/product-lv\/zila-migla\/","url":"https:\/\/luxegel.lv\/lv\/product-lv\/zila-migla\/","name":"BLUE FOG - LUXE GEL PROFESSIONAL\u2122","isPartOf":{"@id":"https:\/\/luxegel.lv\/lv\/#website"},"primaryImageOfPage":{"@id":"https:\/\/luxegel.lv\/lv\/product-lv\/zila-migla\/#primaryimage"},"image":{"@id":"https:\/\/luxegel.lv\/lv\/product-lv\/zila-migla\/#primaryimage"},"thumbnailUrl":"https:\/\/luxegel.lv\/wp-content\/uploads\/2024\/01\/Blue_Fog.jpg","datePublished":"2021-07-20T15:26:21+00:00","dateModified":"2026-04-27T09:33:53+00:00","breadcrumb":{"@id":"https:\/\/luxegel.lv\/lv\/product-lv\/zila-migla\/#breadcrumb"},"inLanguage":"lv-LV","potentialAction":[{"@type":"ReadAction","target":["https:\/\/luxegel.lv\/lv\/product-lv\/zila-migla\/"]}]},{"@type":"ImageObject","inLanguage":"lv-LV","@id":"https:\/\/luxegel.lv\/lv\/product-lv\/zila-migla\/#primaryimage","url":"https:\/\/luxegel.lv\/wp-content\/uploads\/2024\/01\/Blue_Fog.jpg","contentUrl":"https:\/\/luxegel.lv\/wp-content\/uploads\/2024\/01\/Blue_Fog.jpg","width":800,"height":800},{"@type":"BreadcrumbList","@id":"https:\/\/luxegel.lv\/lv\/product-lv\/zila-migla\/#breadcrumb","itemListElement":[{"@type":"ListItem","position":1,"name":"Galven\u0101","item":"https:\/\/luxegel.lv\/lv\/"},{"@type":"ListItem","position":2,"name":"Veikals","item":"https:\/\/luxegel.lv\/lv\/veikals\/"},{"@type":"ListItem","position":3,"name":"BLUE FOG"}]},{"@type":"WebSite","@id":"https:\/\/luxegel.lv\/lv\/#website","url":"https:\/\/luxegel.lv\/lv\/","name":"LUXE GEL PROFESSIONAL\u2122","description":"is a leading nail brand on the European market. Luxe Gel currently stock over 500 products including over 350 shades of gel polish, a complete builder gel system and our famous structure base.","potentialAction":[{"@type":"SearchAction","target":{"@type":"EntryPoint","urlTemplate":"https:\/\/luxegel.lv\/lv\/?s={search_term_string}"},"query-input":{"@type":"PropertyValueSpecification","valueRequired":true,"valueName":"search_term_string"}}],"inLanguage":"lv-LV"}]}},"_links":{"self":[{"href":"https:\/\/luxegel.lv\/lv\/wp-json\/wp\/v2\/product\/8022","targetHints":{"allow":["GET"]}}],"collection":[{"href":"https:\/\/luxegel.lv\/lv\/wp-json\/wp\/v2\/product"}],"about":[{"href":"https:\/\/luxegel.lv\/lv\/wp-json\/wp\/v2\/types\/product"}],"version-history":[{"count":0,"href":"https:\/\/luxegel.lv\/lv\/wp-json\/wp\/v2\/product\/8022\/revisions"}],"wp:featuredmedia":[{"embeddable":true,"href":"https:\/\/luxegel.lv\/lv\/wp-json\/wp\/v2\/media\/3310"}],"wp:attachment":[{"href":"https:\/\/luxegel.lv\/lv\/wp-json\/wp\/v2\/media?parent=8022"}],"wp:term":[{"taxonomy":"product_brand","embeddable":true,"href":"https:\/\/luxegel.lv\/lv\/wp-json\/wp\/v2\/product_brand?post=8022"},{"taxonomy":"product_cat","embeddable":true,"href":"https:\/\/luxegel.lv\/lv\/wp-json\/wp\/v2\/product_cat?post=8022"},{"taxonomy":"product_tag","embeddable":true,"href":"https:\/\/luxegel.lv\/lv\/wp-json\/wp\/v2\/product_tag?post=8022"}],"curies":[{"name":"wp","href":"https:\/\/api.w.org\/{rel}","templated":true}]}}