{"id":8019,"date":"2021-07-20T15:26:10","date_gmt":"2021-07-20T15:26:10","guid":{"rendered":"https:\/\/luxegel.lv\/product\/netirais-martini-ag2128\/"},"modified":"2026-04-27T09:33:54","modified_gmt":"2026-04-27T09:33:54","slug":"netirais-martini-ag2128","status":"publish","type":"product","link":"https:\/\/luxegel.lv\/lv\/product-lv\/netirais-martini-ag2128\/","title":{"rendered":"DIRTY MARTINI (AG2128)"},"content":{"rendered":"<p><span style=\"background-color: #ffffff\"> <strong><em>Migla virs ostas. Dz\u012bve \u010dukst. Uzman\u012bgi klausieties. Viegla, atsvaidzino\u0161a, pel\u0113ka kr\u0101sa ar ledus nokr\u0101su priec\u012bgai, uzmundrino\u0161ai noska\u0146ai.<\/em><\/strong><\/span><\/p>\n<p><span><strong><em>#luxegelag2128<\/em><\/strong><\/span><\/p>\n<p><strong><em><span data-mce-fragment=\"1\"><img decoding=\"async\" alt=\"\" src=\"https:\/\/cdn.shopify.com\/s\/files\/1\/0585\/3521\/5278\/files\/black-heart-outlines-heart-clipart-black-and-white-11563439906igsvu2ygqi-removebg-preview_480x480.png?v=1632917588\" width=\"17\" height=\"17\" data-mce-fragment=\"1\" data-mce-src=\"https:\/\/cdn.shopify.com\/s\/files\/1\/0585\/3521\/5278\/files\/black-heart-outlines-heart-clipart-black-and-white-11563439906igsvu2ygqi-removebg-preview_480x480.png?v=1632917588\"> <\/span><\/em><\/strong><a href=\"https:\/\/cdn.shopify.com\/s\/files\/1\/0585\/3521\/5278\/files\/Application_Gude_1.pdf?v=1632915196\" data-mce-fragment=\"1\" data-mce-href=\"https:\/\/cdn.shopify.com\/s\/files\/1\/0585\/3521\/5278\/files\/Application_Gude_1.pdf?v=1632915196\">PIETEIKUMA ROKASGR\u0100MATA<\/a><\/p>\n<p><strong><em>#luxegelag1012<\/em><\/strong><\/p>\n<div data-mce-fragment=\"1\">\n<ul data-mce-fragment=\"1\">\n<li>\n<span>11 Bez toksisk\u0101m viel\u0101m.<\/span>\n<\/li>\n<li>\n<span>Augsts sp\u012bdums.<\/span>\n<\/li>\n<li>\n<span>15ML (0.5fl.oz)<\/span>\n<\/li>\n<li>\n<span>100% g\u0113la formula.<\/span>\n<\/li>\n<li>\n<span>\u013boti pigment\u0113ts<\/span>\n<\/li>\n<li>\n<span>Pilns P\u0101rkl\u0101jums ar vienu sl\u0101ni.<\/span>\n<\/li>\n<li>\n<span>Z\u012bdaina tekst\u016bra bez peld\u0113\u0161anas.<\/span>\n<\/li>\n<li>\n<span>Iztur\u012bgs &#8211; ilgst vair\u0101k nek\u0101 20 dienas.<\/span>\n<\/li>\n<li>\n<span>Bez smar\u017eas, ne\u017e\u0113l\u012bbas un videi draudz\u012bgs.<\/span>\n<\/li>\n<li>\n<span>Piln\u012bb\u0101 sertific\u0113ts un p\u0101rbaud\u012bts.<\/span>\n<\/li>\n<li>\n<span>Uv\/LED saciet\u0113jams &#8211; 120 sekun\u017eu UV vai 60 sekun\u017eu LED.<\/span>\n<\/li>\n<li>\n<span>Super gluda suka.<\/span>\n<\/li>\n<li><span>Viegli uzkl\u0101jams bez nikiem, mikrosh\u0113m\u0101m vai traipiem.<\/span><\/li>\n<\/ul>\n<p><b><br \/><\/b><strong>VESEL\u012aGAS SAST\u0100VDA\u013bAS<\/strong>\n<\/div>\n<div data-mce-fragment=\"1\">\n<div id=\"shopify-section-template--20615746978069__48eb4292-5c99-4d26-b941-c8d92cf3e482\" class=\"shopify-section index-section\">\n<div class=\"section--divider\">\n<div class=\"text-center page-width page-width--narrow\">\n<div class=\"theme-block\">\n<div class=\"rte\">\n<p><strong>11 BEZ TOKSISK\u0100M VIEL\u0100M  <\/strong><\/p>\n<p>Formaldeh\u012bds, Parab\u0113ns, Kampars, Dibutilftal\u0101ts, Formaldeh\u012bds, Ksilols, Etiltozilam\u012bds, Toluols, Bisfenols, Sulf\u0101ti, Trifenilfos\u0101ts.<\/p>\n<\/div>\n<\/div>\n<\/div>\n<\/div>\n<\/div>\n<p><strong data-mce-fragment=\"1\">Kr\u0101su att\u0113lojums:<\/strong><\/p>\n<p>Tiek dar\u012bts viss iesp\u0113jamais, lai nodro\u0161in\u0101tu, ka visi m\u016bsu produktu att\u0113li ir p\u0113c iesp\u0113jas prec\u012bz\u0101ki. T\u0101 k\u0101 elektroniskaj\u0101s ier\u012bc\u0113s ir kr\u0101su\/iz\u0161\u0137irtsp\u0113jas iestat\u012bjumi, kr\u0101su atveidojums var nedaudz at\u0161\u0137irties no fizisk\u0101 produkta.<\/p>\n<\/div>\n","protected":false},"excerpt":{"rendered":"<p>Migla virs ostas. Dz\u012bve \u010dukst. Uzman\u012bgi klausieties. Viegla, atsvaidzino\u0161a, pel\u0113ka kr\u0101sa ar ledus nokr\u0101su priec\u012bgai, uzmundrino\u0161ai noska\u0146ai. #luxegelag2128 PIETEIKUMA ROKASGR\u0100MATA<\/p>\n","protected":false},"featured_media":3746,"template":"","meta":{"_acf_changed":false,"om_disable_all_campaigns":false},"product_brand":[],"product_cat":[157,154,513,501],"product_tag":[318],"class_list":{"0":"post-8019","1":"product","2":"type-product","3":"status-publish","4":"has-post-thumbnail","6":"product_cat-gela-lakas","7":"product_cat-luxe-gel-professional-lv","8":"product_cat-pasteltoni","9":"product_cat-visi-toni","10":"product_tag-grey-lv","12":"first","13":"instock","14":"sale","15":"shipping-taxable","16":"purchasable","17":"product-type-simple"},"acf":[],"yoast_head":"<!-- This site is optimized with the Yoast SEO plugin v23.8 - https:\/\/yoast.com\/wordpress\/plugins\/seo\/ -->\n<title>DIRTY MARTINI (AG2128) - LUXE GEL PROFESSIONAL\u2122<\/title>\n<meta name=\"robots\" content=\"index, follow, max-snippet:-1, max-image-preview:large, max-video-preview:-1\" \/>\n<link rel=\"canonical\" href=\"https:\/\/luxegel.lv\/lv\/product-lv\/netirais-martini-ag2128\/\" \/>\n<meta property=\"og:locale\" content=\"lv_LV\" \/>\n<meta property=\"og:type\" content=\"article\" \/>\n<meta property=\"og:title\" content=\"DIRTY MARTINI (AG2128) - LUXE GEL PROFESSIONAL\u2122\" \/>\n<meta property=\"og:description\" content=\"Migla virs ostas. Dz\u012bve \u010dukst. Uzman\u012bgi klausieties. Viegla, atsvaidzino\u0161a, pel\u0113ka kr\u0101sa ar ledus nokr\u0101su priec\u012bgai, uzmundrino\u0161ai noska\u0146ai. #luxegelag2128 PIETEIKUMA ROKASGR\u0100MATA\" \/>\n<meta property=\"og:url\" content=\"https:\/\/luxegel.lv\/lv\/product-lv\/netirais-martini-ag2128\/\" \/>\n<meta property=\"og:site_name\" content=\"LUXE GEL PROFESSIONAL\u2122\" \/>\n<meta property=\"article:modified_time\" content=\"2026-04-27T09:33:54+00:00\" \/>\n<meta property=\"og:image\" content=\"https:\/\/luxegel.lv\/wp-content\/uploads\/2024\/01\/AG2128.jpg\" \/>\n\t<meta property=\"og:image:width\" content=\"800\" \/>\n\t<meta property=\"og:image:height\" content=\"800\" \/>\n\t<meta property=\"og:image:type\" content=\"image\/jpeg\" \/>\n<meta name=\"twitter:card\" content=\"summary_large_image\" \/>\n<meta name=\"twitter:label1\" content=\"Est. reading time\" \/>\n\t<meta name=\"twitter:data1\" content=\"1 minute\" \/>\n<script type=\"application\/ld+json\" class=\"yoast-schema-graph\">{\"@context\":\"https:\/\/schema.org\",\"@graph\":[{\"@type\":\"WebPage\",\"@id\":\"https:\/\/luxegel.lv\/lv\/product-lv\/netirais-martini-ag2128\/\",\"url\":\"https:\/\/luxegel.lv\/lv\/product-lv\/netirais-martini-ag2128\/\",\"name\":\"DIRTY MARTINI (AG2128) - LUXE GEL PROFESSIONAL\u2122\",\"isPartOf\":{\"@id\":\"https:\/\/luxegel.lv\/lv\/#website\"},\"primaryImageOfPage\":{\"@id\":\"https:\/\/luxegel.lv\/lv\/product-lv\/netirais-martini-ag2128\/#primaryimage\"},\"image\":{\"@id\":\"https:\/\/luxegel.lv\/lv\/product-lv\/netirais-martini-ag2128\/#primaryimage\"},\"thumbnailUrl\":\"https:\/\/luxegel.lv\/wp-content\/uploads\/2024\/01\/AG2128.jpg\",\"datePublished\":\"2021-07-20T15:26:10+00:00\",\"dateModified\":\"2026-04-27T09:33:54+00:00\",\"breadcrumb\":{\"@id\":\"https:\/\/luxegel.lv\/lv\/product-lv\/netirais-martini-ag2128\/#breadcrumb\"},\"inLanguage\":\"lv-LV\",\"potentialAction\":[{\"@type\":\"ReadAction\",\"target\":[\"https:\/\/luxegel.lv\/lv\/product-lv\/netirais-martini-ag2128\/\"]}]},{\"@type\":\"ImageObject\",\"inLanguage\":\"lv-LV\",\"@id\":\"https:\/\/luxegel.lv\/lv\/product-lv\/netirais-martini-ag2128\/#primaryimage\",\"url\":\"https:\/\/luxegel.lv\/wp-content\/uploads\/2024\/01\/AG2128.jpg\",\"contentUrl\":\"https:\/\/luxegel.lv\/wp-content\/uploads\/2024\/01\/AG2128.jpg\",\"width\":800,\"height\":800},{\"@type\":\"BreadcrumbList\",\"@id\":\"https:\/\/luxegel.lv\/lv\/product-lv\/netirais-martini-ag2128\/#breadcrumb\",\"itemListElement\":[{\"@type\":\"ListItem\",\"position\":1,\"name\":\"Galven\u0101\",\"item\":\"https:\/\/luxegel.lv\/lv\/\"},{\"@type\":\"ListItem\",\"position\":2,\"name\":\"Veikals\",\"item\":\"https:\/\/luxegel.lv\/lv\/veikals\/\"},{\"@type\":\"ListItem\",\"position\":3,\"name\":\"DIRTY MARTINI (AG2128)\"}]},{\"@type\":\"WebSite\",\"@id\":\"https:\/\/luxegel.lv\/lv\/#website\",\"url\":\"https:\/\/luxegel.lv\/lv\/\",\"name\":\"LUXE GEL PROFESSIONAL\u2122\",\"description\":\"is a leading nail brand on the European market. Luxe Gel currently stock over 500 products including over 350 shades of gel polish, a complete builder gel system and our famous structure base.\",\"potentialAction\":[{\"@type\":\"SearchAction\",\"target\":{\"@type\":\"EntryPoint\",\"urlTemplate\":\"https:\/\/luxegel.lv\/lv\/?s={search_term_string}\"},\"query-input\":{\"@type\":\"PropertyValueSpecification\",\"valueRequired\":true,\"valueName\":\"search_term_string\"}}],\"inLanguage\":\"lv-LV\"}]}<\/script>\n<!-- \/ Yoast SEO plugin. -->","yoast_head_json":{"title":"DIRTY MARTINI (AG2128) - LUXE GEL PROFESSIONAL\u2122","robots":{"index":"index","follow":"follow","max-snippet":"max-snippet:-1","max-image-preview":"max-image-preview:large","max-video-preview":"max-video-preview:-1"},"canonical":"https:\/\/luxegel.lv\/lv\/product-lv\/netirais-martini-ag2128\/","og_locale":"lv_LV","og_type":"article","og_title":"DIRTY MARTINI (AG2128) - LUXE GEL PROFESSIONAL\u2122","og_description":"Migla virs ostas. Dz\u012bve \u010dukst. Uzman\u012bgi klausieties. Viegla, atsvaidzino\u0161a, pel\u0113ka kr\u0101sa ar ledus nokr\u0101su priec\u012bgai, uzmundrino\u0161ai noska\u0146ai. #luxegelag2128 PIETEIKUMA ROKASGR\u0100MATA","og_url":"https:\/\/luxegel.lv\/lv\/product-lv\/netirais-martini-ag2128\/","og_site_name":"LUXE GEL PROFESSIONAL\u2122","article_modified_time":"2026-04-27T09:33:54+00:00","og_image":[{"width":800,"height":800,"url":"https:\/\/luxegel.lv\/wp-content\/uploads\/2024\/01\/AG2128.jpg","type":"image\/jpeg"}],"twitter_card":"summary_large_image","twitter_misc":{"Est. reading time":"1 minute"},"schema":{"@context":"https:\/\/schema.org","@graph":[{"@type":"WebPage","@id":"https:\/\/luxegel.lv\/lv\/product-lv\/netirais-martini-ag2128\/","url":"https:\/\/luxegel.lv\/lv\/product-lv\/netirais-martini-ag2128\/","name":"DIRTY MARTINI (AG2128) - LUXE GEL PROFESSIONAL\u2122","isPartOf":{"@id":"https:\/\/luxegel.lv\/lv\/#website"},"primaryImageOfPage":{"@id":"https:\/\/luxegel.lv\/lv\/product-lv\/netirais-martini-ag2128\/#primaryimage"},"image":{"@id":"https:\/\/luxegel.lv\/lv\/product-lv\/netirais-martini-ag2128\/#primaryimage"},"thumbnailUrl":"https:\/\/luxegel.lv\/wp-content\/uploads\/2024\/01\/AG2128.jpg","datePublished":"2021-07-20T15:26:10+00:00","dateModified":"2026-04-27T09:33:54+00:00","breadcrumb":{"@id":"https:\/\/luxegel.lv\/lv\/product-lv\/netirais-martini-ag2128\/#breadcrumb"},"inLanguage":"lv-LV","potentialAction":[{"@type":"ReadAction","target":["https:\/\/luxegel.lv\/lv\/product-lv\/netirais-martini-ag2128\/"]}]},{"@type":"ImageObject","inLanguage":"lv-LV","@id":"https:\/\/luxegel.lv\/lv\/product-lv\/netirais-martini-ag2128\/#primaryimage","url":"https:\/\/luxegel.lv\/wp-content\/uploads\/2024\/01\/AG2128.jpg","contentUrl":"https:\/\/luxegel.lv\/wp-content\/uploads\/2024\/01\/AG2128.jpg","width":800,"height":800},{"@type":"BreadcrumbList","@id":"https:\/\/luxegel.lv\/lv\/product-lv\/netirais-martini-ag2128\/#breadcrumb","itemListElement":[{"@type":"ListItem","position":1,"name":"Galven\u0101","item":"https:\/\/luxegel.lv\/lv\/"},{"@type":"ListItem","position":2,"name":"Veikals","item":"https:\/\/luxegel.lv\/lv\/veikals\/"},{"@type":"ListItem","position":3,"name":"DIRTY MARTINI (AG2128)"}]},{"@type":"WebSite","@id":"https:\/\/luxegel.lv\/lv\/#website","url":"https:\/\/luxegel.lv\/lv\/","name":"LUXE GEL PROFESSIONAL\u2122","description":"is a leading nail brand on the European market. Luxe Gel currently stock over 500 products including over 350 shades of gel polish, a complete builder gel system and our famous structure base.","potentialAction":[{"@type":"SearchAction","target":{"@type":"EntryPoint","urlTemplate":"https:\/\/luxegel.lv\/lv\/?s={search_term_string}"},"query-input":{"@type":"PropertyValueSpecification","valueRequired":true,"valueName":"search_term_string"}}],"inLanguage":"lv-LV"}]}},"_links":{"self":[{"href":"https:\/\/luxegel.lv\/lv\/wp-json\/wp\/v2\/product\/8019","targetHints":{"allow":["GET"]}}],"collection":[{"href":"https:\/\/luxegel.lv\/lv\/wp-json\/wp\/v2\/product"}],"about":[{"href":"https:\/\/luxegel.lv\/lv\/wp-json\/wp\/v2\/types\/product"}],"version-history":[{"count":0,"href":"https:\/\/luxegel.lv\/lv\/wp-json\/wp\/v2\/product\/8019\/revisions"}],"wp:featuredmedia":[{"embeddable":true,"href":"https:\/\/luxegel.lv\/lv\/wp-json\/wp\/v2\/media\/3746"}],"wp:attachment":[{"href":"https:\/\/luxegel.lv\/lv\/wp-json\/wp\/v2\/media?parent=8019"}],"wp:term":[{"taxonomy":"product_brand","embeddable":true,"href":"https:\/\/luxegel.lv\/lv\/wp-json\/wp\/v2\/product_brand?post=8019"},{"taxonomy":"product_cat","embeddable":true,"href":"https:\/\/luxegel.lv\/lv\/wp-json\/wp\/v2\/product_cat?post=8019"},{"taxonomy":"product_tag","embeddable":true,"href":"https:\/\/luxegel.lv\/lv\/wp-json\/wp\/v2\/product_tag?post=8019"}],"curies":[{"name":"wp","href":"https:\/\/api.w.org\/{rel}","templated":true}]}}