{"id":7947,"date":"2021-07-20T15:29:57","date_gmt":"2021-07-20T15:29:57","guid":{"rendered":"https:\/\/luxegel.lv\/product\/nonemsanas-lidzeklis-vinogu-smarza\/"},"modified":"2025-09-12T11:53:42","modified_gmt":"2025-09-12T11:53:42","slug":"nonemsanas-lidzeklis-vinogu-smarza","status":"publish","type":"product","link":"https:\/\/luxegel.lv\/lv\/product-lv\/nonemsanas-lidzeklis-vinogu-smarza\/","title":{"rendered":"REMOVER \u2013 ATMIEK\u0160\u0136\u0112JAM\u0100 G\u0112LA PRODUKTU NO\u0145EM\u0160ANAS L\u012aDZEKLIS AR V\u012aNOGU SMAR\u017dU"},"content":{"rendered":"<p><strong>Atmiek\u0161\u0137\u0113jam\u0101 g\u0113la produktu no\u0146em\u0161anas l\u012bdzeklis<\/strong> ar e\u013c\u013c\u0101m lieliski atmiek\u0161\u0137\u0113 un no\u0146em strukt\u016brb\u0101zes p\u0101rkl\u0101jumu no naga virsmas. \u0160\u0137idruma sast\u0101v\u0101 ir \u012bpa\u0161i atlas\u012btas dab\u012bg\u0101s e\u013c\u013cas, kas iedarbojas re\u0123ener\u0113jo\u0161i, stiprino\u0161i, barojo\u0161i un mitrino\u0161i uz naga pl\u0101ksni un kutikulu.<\/p>\n<p><strong>Re\u0123ener\u0113 \u2013 stiprina \u2013 aizsarg\u0101<\/strong><\/p>\n<p>\u0160\u0137idrums ar e\u013c\u013c\u0101m strukt\u016brb\u0101zes no\u0146em\u0161anai satur 3 dab\u012bgu e\u013c\u013cu sast\u0101vu: <strong>avokado e\u013c\u013cu, v\u012bnogu kauli\u0146u e\u013c\u013cu un za\u013co ol\u012bvu e\u013c\u013cu<\/strong>. Tas no\u0146em strukt\u016brb\u0101zes p\u0101rkl\u0101jumu un vienlaikus r\u016bp\u0113jas par j\u016bsu nagiem un kutikul\u0101m. \u0160\u0137idrums aizsarg\u0101 nagus pret p\u0101rm\u0113r\u012bgu sausin\u0101\u0161anu un \u016bdens zudumu, nodro\u0161inot atbilsto\u0161u mitrin\u0101\u0161anas l\u012bmeni, pateicoties <strong>avokado e\u013c\u013cai un ol\u012bve\u013c\u013cai.<\/strong> Pateicoties <strong>v\u012bnogu kauli\u0146u e\u013c\u013cai un avokado e\u013c\u013cai<\/strong>, tas veicina nagu pl\u0101ksnes un kutikulu baro\u0161anu un pie\u0161\u0137ir nagiem maigu sp\u012bdumu p\u0113c strukt\u016brb\u0101zes no\u0146em\u0161anas. \u0160\u012bs sast\u0101vda\u013cas satur EFAs, kur\u0101s domin\u0113 ole\u012bnsk\u0101be, beta-karot\u012bns, vitam\u012bni: A, B6, D un E, lecit\u012bns, miner\u0101lvielas, k\u0101lijs, kalcijs un fitoster\u012bns. <strong>E\u013c\u013c\u0101m, \u012bpa\u0161i ol\u012bve\u013c\u013cai,<\/strong> piem\u012bt pretiekaisuma un nomierino\u0161a iedarb\u012bba. T\u0101s viegli ies\u016bcas \u0101d\u0101.<\/p>\n<p>Remover \u0161\u0137idrumu ieteicams lietot cilv\u0113kiem, kuri p\u0113c strukt\u016brb\u0101zes no\u0146em\u0161anas neveic jaunu manik\u012bru ar g\u0113la p\u0101rkl\u0101jumu. Tas atst\u0101j uz \u0101das maigu un pat\u012bkamu aug\u013cu arom\u0101tu.<\/p>\n<p><strong>\u012apa\u0161\u012bbas:<\/strong><\/p>\n<ul>\n<li>satur 3 dab\u012bgas e\u013c\u013cas: avokado, v\u012bnogu kauli\u0146u, za\u013co ol\u012bvu;<\/li>\n<li>ieteicams cilv\u0113kiem, kuri p\u0113c hibr\u012bdg\u0113la no\u0146em\u0161anas neveic jaunu manik\u012bru ar g\u0113la p\u0101rkl\u0101jumu;<\/li>\n<li>atst\u0101j uz \u0101das maigu melno v\u012bnogu aug\u013cu arom\u0101tu;<\/li>\n<li>aizsarg\u0101 nagus pret p\u0101rm\u0113r\u012bgu sausumu;<\/li>\n<li>baro nagus, pie\u0161\u0137ir naga pl\u0101ksnei sp\u012bdumu;<\/li>\n<li>mitrina nagu kutikulas;<\/li>\n<li>pretiekaisuma un nomierino\u0161a iedarb\u012bba.<\/li>\n<\/ul>\n<p><strong>Lieto\u0161anas veids:<\/strong> samitriniet vates pl\u0101ksn\u012bti ar \u0161\u0137idrumu un uzkl\u0101jiet uz naga pl\u0101ksnes, kur ir uzkl\u0101ta strukt\u016brb\u0101zes k\u0101rta. Lai nostiprin\u0101tu vates pl\u0101ksn\u012bti uz naga virsmas, varat izmantot alum\u012bnija foliju. Pagaidiet 7 l\u012bdz 10 min\u016btes. P\u0113c tam no\u0146emiet <span data-mce-fragment=\"1\">strukt\u016brb\u0101zes<\/span> p\u0101rkl\u0101juma atlikumus ar koka kosm\u0113tikas koci\u0146u.<\/p>\n","protected":false},"excerpt":{"rendered":"<p>Atmiek\u0161\u0137\u0113jam\u0101 g\u0113la produktu no\u0146em\u0161anas l\u012bdzeklis ar e\u013c\u013c\u0101m lieliski atmiek\u0161\u0137\u0113 un no\u0146em strukt\u016brb\u0101zes p\u0101rkl\u0101jumu no naga virsmas. \u0160\u0137idruma sast\u0101v\u0101 ir \u012bpa\u0161i<\/p>\n","protected":false},"featured_media":5000,"template":"","meta":{"_acf_changed":false,"om_disable_all_campaigns":false},"product_brand":[],"product_cat":[154,295],"product_tag":[222,221],"class_list":{"0":"post-7947","1":"product","2":"type-product","3":"status-publish","4":"has-post-thumbnail","6":"product_cat-luxe-gel-professional-lv","7":"product_cat-skidrumi","8":"product_tag-produkti","9":"product_tag-visi-produkti","11":"first","12":"outofstock","13":"shipping-taxable","14":"purchasable","15":"product-type-simple"},"acf":[],"yoast_head":"<!-- This site is optimized with the Yoast SEO plugin v23.8 - https:\/\/yoast.com\/wordpress\/plugins\/seo\/ -->\n<title>REMOVER \u2013 ATMIEK\u0160\u0136\u0112JAM\u0100 G\u0112LA PRODUKTU NO\u0145EM\u0160ANAS L\u012aDZEKLIS AR V\u012aNOGU SMAR\u017dU - LUXE GEL PROFESSIONAL\u2122<\/title>\n<meta name=\"robots\" content=\"index, follow, max-snippet:-1, max-image-preview:large, max-video-preview:-1\" \/>\n<link rel=\"canonical\" href=\"https:\/\/luxegel.lv\/lv\/product-lv\/nonemsanas-lidzeklis-vinogu-smarza\/\" \/>\n<meta property=\"og:locale\" content=\"lv_LV\" \/>\n<meta property=\"og:type\" content=\"article\" \/>\n<meta property=\"og:title\" content=\"REMOVER \u2013 ATMIEK\u0160\u0136\u0112JAM\u0100 G\u0112LA PRODUKTU NO\u0145EM\u0160ANAS L\u012aDZEKLIS AR V\u012aNOGU SMAR\u017dU - LUXE GEL PROFESSIONAL\u2122\" \/>\n<meta property=\"og:description\" content=\"Atmiek\u0161\u0137\u0113jam\u0101 g\u0113la produktu no\u0146em\u0161anas l\u012bdzeklis ar e\u013c\u013c\u0101m lieliski atmiek\u0161\u0137\u0113 un no\u0146em strukt\u016brb\u0101zes p\u0101rkl\u0101jumu no naga virsmas. \u0160\u0137idruma sast\u0101v\u0101 ir \u012bpa\u0161i\" \/>\n<meta property=\"og:url\" content=\"https:\/\/luxegel.lv\/lv\/product-lv\/nonemsanas-lidzeklis-vinogu-smarza\/\" \/>\n<meta property=\"og:site_name\" content=\"LUXE GEL PROFESSIONAL\u2122\" \/>\n<meta property=\"article:modified_time\" content=\"2025-09-12T11:53:42+00:00\" \/>\n<meta property=\"og:image\" content=\"https:\/\/luxegel.lv\/wp-content\/uploads\/2024\/01\/off-new-1100x1100-1.jpg\" \/>\n\t<meta property=\"og:image:width\" content=\"1100\" \/>\n\t<meta property=\"og:image:height\" content=\"1100\" \/>\n\t<meta property=\"og:image:type\" content=\"image\/jpeg\" \/>\n<meta name=\"twitter:card\" content=\"summary_large_image\" \/>\n<meta name=\"twitter:label1\" content=\"Est. reading time\" \/>\n\t<meta name=\"twitter:data1\" content=\"2 minutes\" \/>\n<script type=\"application\/ld+json\" class=\"yoast-schema-graph\">{\"@context\":\"https:\/\/schema.org\",\"@graph\":[{\"@type\":\"WebPage\",\"@id\":\"https:\/\/luxegel.lv\/lv\/product-lv\/nonemsanas-lidzeklis-vinogu-smarza\/\",\"url\":\"https:\/\/luxegel.lv\/lv\/product-lv\/nonemsanas-lidzeklis-vinogu-smarza\/\",\"name\":\"REMOVER \u2013 ATMIEK\u0160\u0136\u0112JAM\u0100 G\u0112LA PRODUKTU NO\u0145EM\u0160ANAS L\u012aDZEKLIS AR V\u012aNOGU SMAR\u017dU - LUXE GEL PROFESSIONAL\u2122\",\"isPartOf\":{\"@id\":\"https:\/\/luxegel.lv\/lv\/#website\"},\"primaryImageOfPage\":{\"@id\":\"https:\/\/luxegel.lv\/lv\/product-lv\/nonemsanas-lidzeklis-vinogu-smarza\/#primaryimage\"},\"image\":{\"@id\":\"https:\/\/luxegel.lv\/lv\/product-lv\/nonemsanas-lidzeklis-vinogu-smarza\/#primaryimage\"},\"thumbnailUrl\":\"https:\/\/luxegel.lv\/wp-content\/uploads\/2024\/01\/off-new-1100x1100-1.jpg\",\"datePublished\":\"2021-07-20T15:29:57+00:00\",\"dateModified\":\"2025-09-12T11:53:42+00:00\",\"breadcrumb\":{\"@id\":\"https:\/\/luxegel.lv\/lv\/product-lv\/nonemsanas-lidzeklis-vinogu-smarza\/#breadcrumb\"},\"inLanguage\":\"lv-LV\",\"potentialAction\":[{\"@type\":\"ReadAction\",\"target\":[\"https:\/\/luxegel.lv\/lv\/product-lv\/nonemsanas-lidzeklis-vinogu-smarza\/\"]}]},{\"@type\":\"ImageObject\",\"inLanguage\":\"lv-LV\",\"@id\":\"https:\/\/luxegel.lv\/lv\/product-lv\/nonemsanas-lidzeklis-vinogu-smarza\/#primaryimage\",\"url\":\"https:\/\/luxegel.lv\/wp-content\/uploads\/2024\/01\/off-new-1100x1100-1.jpg\",\"contentUrl\":\"https:\/\/luxegel.lv\/wp-content\/uploads\/2024\/01\/off-new-1100x1100-1.jpg\",\"width\":1100,\"height\":1100},{\"@type\":\"BreadcrumbList\",\"@id\":\"https:\/\/luxegel.lv\/lv\/product-lv\/nonemsanas-lidzeklis-vinogu-smarza\/#breadcrumb\",\"itemListElement\":[{\"@type\":\"ListItem\",\"position\":1,\"name\":\"Galven\u0101\",\"item\":\"https:\/\/luxegel.lv\/lv\/\"},{\"@type\":\"ListItem\",\"position\":2,\"name\":\"Veikals\",\"item\":\"https:\/\/luxegel.lv\/lv\/veikals\/\"},{\"@type\":\"ListItem\",\"position\":3,\"name\":\"REMOVER \u2013 ATMIEK\u0160\u0136\u0112JAM\u0100 G\u0112LA PRODUKTU NO\u0145EM\u0160ANAS L\u012aDZEKLIS AR V\u012aNOGU SMAR\u017dU\"}]},{\"@type\":\"WebSite\",\"@id\":\"https:\/\/luxegel.lv\/lv\/#website\",\"url\":\"https:\/\/luxegel.lv\/lv\/\",\"name\":\"LUXE GEL PROFESSIONAL\u2122\",\"description\":\"is a leading nail brand on the European market. Luxe Gel currently stock over 500 products including over 350 shades of gel polish, a complete builder gel system and our famous structure base.\",\"potentialAction\":[{\"@type\":\"SearchAction\",\"target\":{\"@type\":\"EntryPoint\",\"urlTemplate\":\"https:\/\/luxegel.lv\/lv\/?s={search_term_string}\"},\"query-input\":{\"@type\":\"PropertyValueSpecification\",\"valueRequired\":true,\"valueName\":\"search_term_string\"}}],\"inLanguage\":\"lv-LV\"}]}<\/script>\n<!-- \/ Yoast SEO plugin. -->","yoast_head_json":{"title":"REMOVER \u2013 ATMIEK\u0160\u0136\u0112JAM\u0100 G\u0112LA PRODUKTU NO\u0145EM\u0160ANAS L\u012aDZEKLIS AR V\u012aNOGU SMAR\u017dU - LUXE GEL PROFESSIONAL\u2122","robots":{"index":"index","follow":"follow","max-snippet":"max-snippet:-1","max-image-preview":"max-image-preview:large","max-video-preview":"max-video-preview:-1"},"canonical":"https:\/\/luxegel.lv\/lv\/product-lv\/nonemsanas-lidzeklis-vinogu-smarza\/","og_locale":"lv_LV","og_type":"article","og_title":"REMOVER \u2013 ATMIEK\u0160\u0136\u0112JAM\u0100 G\u0112LA PRODUKTU NO\u0145EM\u0160ANAS L\u012aDZEKLIS AR V\u012aNOGU SMAR\u017dU - LUXE GEL PROFESSIONAL\u2122","og_description":"Atmiek\u0161\u0137\u0113jam\u0101 g\u0113la produktu no\u0146em\u0161anas l\u012bdzeklis ar e\u013c\u013c\u0101m lieliski atmiek\u0161\u0137\u0113 un no\u0146em strukt\u016brb\u0101zes p\u0101rkl\u0101jumu no naga virsmas. \u0160\u0137idruma sast\u0101v\u0101 ir \u012bpa\u0161i","og_url":"https:\/\/luxegel.lv\/lv\/product-lv\/nonemsanas-lidzeklis-vinogu-smarza\/","og_site_name":"LUXE GEL PROFESSIONAL\u2122","article_modified_time":"2025-09-12T11:53:42+00:00","og_image":[{"width":1100,"height":1100,"url":"https:\/\/luxegel.lv\/wp-content\/uploads\/2024\/01\/off-new-1100x1100-1.jpg","type":"image\/jpeg"}],"twitter_card":"summary_large_image","twitter_misc":{"Est. reading time":"2 minutes"},"schema":{"@context":"https:\/\/schema.org","@graph":[{"@type":"WebPage","@id":"https:\/\/luxegel.lv\/lv\/product-lv\/nonemsanas-lidzeklis-vinogu-smarza\/","url":"https:\/\/luxegel.lv\/lv\/product-lv\/nonemsanas-lidzeklis-vinogu-smarza\/","name":"REMOVER \u2013 ATMIEK\u0160\u0136\u0112JAM\u0100 G\u0112LA PRODUKTU NO\u0145EM\u0160ANAS L\u012aDZEKLIS AR V\u012aNOGU SMAR\u017dU - LUXE GEL PROFESSIONAL\u2122","isPartOf":{"@id":"https:\/\/luxegel.lv\/lv\/#website"},"primaryImageOfPage":{"@id":"https:\/\/luxegel.lv\/lv\/product-lv\/nonemsanas-lidzeklis-vinogu-smarza\/#primaryimage"},"image":{"@id":"https:\/\/luxegel.lv\/lv\/product-lv\/nonemsanas-lidzeklis-vinogu-smarza\/#primaryimage"},"thumbnailUrl":"https:\/\/luxegel.lv\/wp-content\/uploads\/2024\/01\/off-new-1100x1100-1.jpg","datePublished":"2021-07-20T15:29:57+00:00","dateModified":"2025-09-12T11:53:42+00:00","breadcrumb":{"@id":"https:\/\/luxegel.lv\/lv\/product-lv\/nonemsanas-lidzeklis-vinogu-smarza\/#breadcrumb"},"inLanguage":"lv-LV","potentialAction":[{"@type":"ReadAction","target":["https:\/\/luxegel.lv\/lv\/product-lv\/nonemsanas-lidzeklis-vinogu-smarza\/"]}]},{"@type":"ImageObject","inLanguage":"lv-LV","@id":"https:\/\/luxegel.lv\/lv\/product-lv\/nonemsanas-lidzeklis-vinogu-smarza\/#primaryimage","url":"https:\/\/luxegel.lv\/wp-content\/uploads\/2024\/01\/off-new-1100x1100-1.jpg","contentUrl":"https:\/\/luxegel.lv\/wp-content\/uploads\/2024\/01\/off-new-1100x1100-1.jpg","width":1100,"height":1100},{"@type":"BreadcrumbList","@id":"https:\/\/luxegel.lv\/lv\/product-lv\/nonemsanas-lidzeklis-vinogu-smarza\/#breadcrumb","itemListElement":[{"@type":"ListItem","position":1,"name":"Galven\u0101","item":"https:\/\/luxegel.lv\/lv\/"},{"@type":"ListItem","position":2,"name":"Veikals","item":"https:\/\/luxegel.lv\/lv\/veikals\/"},{"@type":"ListItem","position":3,"name":"REMOVER \u2013 ATMIEK\u0160\u0136\u0112JAM\u0100 G\u0112LA PRODUKTU NO\u0145EM\u0160ANAS L\u012aDZEKLIS AR V\u012aNOGU SMAR\u017dU"}]},{"@type":"WebSite","@id":"https:\/\/luxegel.lv\/lv\/#website","url":"https:\/\/luxegel.lv\/lv\/","name":"LUXE GEL PROFESSIONAL\u2122","description":"is a leading nail brand on the European market. Luxe Gel currently stock over 500 products including over 350 shades of gel polish, a complete builder gel system and our famous structure base.","potentialAction":[{"@type":"SearchAction","target":{"@type":"EntryPoint","urlTemplate":"https:\/\/luxegel.lv\/lv\/?s={search_term_string}"},"query-input":{"@type":"PropertyValueSpecification","valueRequired":true,"valueName":"search_term_string"}}],"inLanguage":"lv-LV"}]}},"_links":{"self":[{"href":"https:\/\/luxegel.lv\/lv\/wp-json\/wp\/v2\/product\/7947","targetHints":{"allow":["GET"]}}],"collection":[{"href":"https:\/\/luxegel.lv\/lv\/wp-json\/wp\/v2\/product"}],"about":[{"href":"https:\/\/luxegel.lv\/lv\/wp-json\/wp\/v2\/types\/product"}],"version-history":[{"count":0,"href":"https:\/\/luxegel.lv\/lv\/wp-json\/wp\/v2\/product\/7947\/revisions"}],"wp:featuredmedia":[{"embeddable":true,"href":"https:\/\/luxegel.lv\/lv\/wp-json\/wp\/v2\/media\/5000"}],"wp:attachment":[{"href":"https:\/\/luxegel.lv\/lv\/wp-json\/wp\/v2\/media?parent=7947"}],"wp:term":[{"taxonomy":"product_brand","embeddable":true,"href":"https:\/\/luxegel.lv\/lv\/wp-json\/wp\/v2\/product_brand?post=7947"},{"taxonomy":"product_cat","embeddable":true,"href":"https:\/\/luxegel.lv\/lv\/wp-json\/wp\/v2\/product_cat?post=7947"},{"taxonomy":"product_tag","embeddable":true,"href":"https:\/\/luxegel.lv\/lv\/wp-json\/wp\/v2\/product_tag?post=7947"}],"curies":[{"name":"wp","href":"https:\/\/api.w.org\/{rel}","templated":true}]}}