{"id":7931,"date":"2021-07-20T15:29:28","date_gmt":"2021-07-20T15:29:28","guid":{"rendered":"https:\/\/luxegel.lv\/product\/olive\/"},"modified":"2025-12-05T07:01:52","modified_gmt":"2025-12-05T07:01:52","slug":"olive","status":"publish","type":"product","link":"https:\/\/luxegel.lv\/lv\/product-lv\/olive\/","title":{"rendered":"OLIVE"},"content":{"rendered":"<p><strong><em>Ejiet taj\u0101 virzien\u0101, kur ir j\u016bsu miers. Ol\u012bve\u013c\u013cas za\u013c\u0101 kr\u0101sa simboliz\u0113 mieru, sevis m\u012blest\u012bbu un harmoniju. T\u0101 ir vid\u0113ji ol\u012bvu za\u013c\u0101 kr\u0101s\u0101 ar pist\u0101ciju nokr\u0101su. Kombin\u0113jiet to ar sinepju, dzeltenu, oran\u017eu, roz\u0101 vai baltu kr\u0101su.<\/em><\/strong><\/p>\n<p><strong><em>#luxegelolive<\/em><\/strong><\/p>\n<ul data-mce-fragment=\"1\">\n<li data-mce-fragment=\"1\"><span data-mce-fragment=\"1\">9 Bezmaksas.<\/span><\/li>\n<li data-mce-fragment=\"1\"><span data-mce-fragment=\"1\">15ML (0,5 fl.oz).<\/span><\/li>\n<li data-mce-fragment=\"1\"><span data-mce-fragment=\"1\">100% g\u0113la formula.<\/span><\/li>\n<li data-mce-fragment=\"1\"><span data-mce-fragment=\"1\">\u013boti pigment\u0113ts, lai viegli p\u0101rkl\u0101tu.<\/span><\/li>\n<li data-mce-fragment=\"1\"><span data-mce-fragment=\"1\">3+ ned\u0113\u013cu ilgnotur\u012bga formula.<\/span><\/li>\n<li data-mce-fragment=\"1\"><span data-mce-fragment=\"1\">Veg\u0101ns &amp; Cruelty free.<\/span><\/li>\n<li data-mce-fragment=\"1\"><span data-mce-fragment=\"1\">\u0100tra izm\u0113rc\u0113\u0161anas no\u0146em\u0161ana.<\/span><\/li>\n<li data-mce-fragment=\"1\"><span data-mce-fragment=\"1\">Uv\/LED saciet\u0113jams &#8211; 120 sekun\u017eu UV vai 60 sekun\u017eu LED.<\/span><\/li>\n<\/ul>\n<p data-mce-fragment=\"1\"><span data-mce-fragment=\"1\"><strong data-mce-fragment=\"1\">Kr\u0101su att\u0113lojums:<\/strong><\/span><br data-mce-fragment=\"1\"><span data-mce-fragment=\"1\">Tiek dar\u012bts viss iesp\u0113jamais, lai nodro\u0161in\u0101tu, ka visi m\u016bsu produktu att\u0113li ir p\u0113c iesp\u0113jas prec\u012bz\u0101ki. T\u0101 k\u0101 elektroniskaj\u0101s ier\u012bc\u0113s ir kr\u0101su\/iz\u0161\u0137irtsp\u0113jas iestat\u012bjumi, kr\u0101su atveidojums var nedaudz at\u0161\u0137irties no fizisk\u0101 produkta.<\/span><\/p>\n","protected":false},"excerpt":{"rendered":"<p>Ejiet taj\u0101 virzien\u0101, kur ir j\u016bsu miers. Ol\u012bve\u013c\u013cas za\u013c\u0101 kr\u0101sa simboliz\u0113 mieru, sevis m\u012blest\u012bbu un harmoniju. T\u0101 ir vid\u0113ji ol\u012bvu<\/p>\n","protected":false},"featured_media":4776,"template":"","meta":{"_acf_changed":false},"product_brand":[],"product_cat":[157,154,505,501],"product_tag":[164,210],"class_list":{"0":"post-7931","1":"product","2":"type-product","3":"status-publish","4":"has-post-thumbnail","6":"product_cat-gela-lakas","7":"product_cat-luxe-gel-professional-lv","8":"product_cat-tumshie-toni","9":"product_cat-visi-toni","10":"product_tag-dark-lv","11":"product_tag-green-lv","13":"first","14":"instock","15":"sale","16":"shipping-taxable","17":"purchasable","18":"product-type-simple"},"acf":[],"yoast_head":"<!-- This site is optimized with the Yoast SEO plugin v23.8 - https:\/\/yoast.com\/wordpress\/plugins\/seo\/ -->\n<title>OLIVE - LUXE GEL PROFESSIONAL\u2122<\/title>\n<meta name=\"robots\" content=\"index, follow, max-snippet:-1, max-image-preview:large, max-video-preview:-1\" \/>\n<link rel=\"canonical\" href=\"https:\/\/luxegel.lv\/lv\/product-lv\/olive\/\" \/>\n<meta property=\"og:locale\" content=\"lv_LV\" \/>\n<meta property=\"og:type\" content=\"article\" \/>\n<meta property=\"og:title\" content=\"OLIVE - LUXE GEL PROFESSIONAL\u2122\" \/>\n<meta property=\"og:description\" content=\"Ejiet taj\u0101 virzien\u0101, kur ir j\u016bsu miers. Ol\u012bve\u013c\u013cas za\u013c\u0101 kr\u0101sa simboliz\u0113 mieru, sevis m\u012blest\u012bbu un harmoniju. T\u0101 ir vid\u0113ji ol\u012bvu\" \/>\n<meta property=\"og:url\" content=\"https:\/\/luxegel.lv\/lv\/product-lv\/olive\/\" \/>\n<meta property=\"og:site_name\" content=\"LUXE GEL PROFESSIONAL\u2122\" \/>\n<meta property=\"article:modified_time\" content=\"2025-12-05T07:01:52+00:00\" \/>\n<meta property=\"og:image\" content=\"https:\/\/luxegel.lv\/wp-content\/uploads\/2024\/01\/Olive.jpg\" \/>\n\t<meta property=\"og:image:width\" content=\"800\" \/>\n\t<meta property=\"og:image:height\" content=\"800\" \/>\n\t<meta property=\"og:image:type\" content=\"image\/jpeg\" \/>\n<meta name=\"twitter:card\" content=\"summary_large_image\" \/>\n<meta name=\"twitter:label1\" content=\"Est. reading time\" \/>\n\t<meta name=\"twitter:data1\" content=\"1 minute\" \/>\n<script type=\"application\/ld+json\" class=\"yoast-schema-graph\">{\"@context\":\"https:\/\/schema.org\",\"@graph\":[{\"@type\":\"WebPage\",\"@id\":\"https:\/\/luxegel.lv\/lv\/product-lv\/olive\/\",\"url\":\"https:\/\/luxegel.lv\/lv\/product-lv\/olive\/\",\"name\":\"OLIVE - LUXE GEL PROFESSIONAL\u2122\",\"isPartOf\":{\"@id\":\"https:\/\/luxegel.lv\/lv\/#website\"},\"primaryImageOfPage\":{\"@id\":\"https:\/\/luxegel.lv\/lv\/product-lv\/olive\/#primaryimage\"},\"image\":{\"@id\":\"https:\/\/luxegel.lv\/lv\/product-lv\/olive\/#primaryimage\"},\"thumbnailUrl\":\"https:\/\/luxegel.lv\/wp-content\/uploads\/2024\/01\/Olive.jpg\",\"datePublished\":\"2021-07-20T15:29:28+00:00\",\"dateModified\":\"2025-12-05T07:01:52+00:00\",\"breadcrumb\":{\"@id\":\"https:\/\/luxegel.lv\/lv\/product-lv\/olive\/#breadcrumb\"},\"inLanguage\":\"lv-LV\",\"potentialAction\":[{\"@type\":\"ReadAction\",\"target\":[\"https:\/\/luxegel.lv\/lv\/product-lv\/olive\/\"]}]},{\"@type\":\"ImageObject\",\"inLanguage\":\"lv-LV\",\"@id\":\"https:\/\/luxegel.lv\/lv\/product-lv\/olive\/#primaryimage\",\"url\":\"https:\/\/luxegel.lv\/wp-content\/uploads\/2024\/01\/Olive.jpg\",\"contentUrl\":\"https:\/\/luxegel.lv\/wp-content\/uploads\/2024\/01\/Olive.jpg\",\"width\":800,\"height\":800},{\"@type\":\"BreadcrumbList\",\"@id\":\"https:\/\/luxegel.lv\/lv\/product-lv\/olive\/#breadcrumb\",\"itemListElement\":[{\"@type\":\"ListItem\",\"position\":1,\"name\":\"Galven\u0101\",\"item\":\"https:\/\/luxegel.lv\/lv\/\"},{\"@type\":\"ListItem\",\"position\":2,\"name\":\"Veikals\",\"item\":\"https:\/\/luxegel.lv\/lv\/veikals\/\"},{\"@type\":\"ListItem\",\"position\":3,\"name\":\"OLIVE\"}]},{\"@type\":\"WebSite\",\"@id\":\"https:\/\/luxegel.lv\/lv\/#website\",\"url\":\"https:\/\/luxegel.lv\/lv\/\",\"name\":\"LUXE GEL PROFESSIONAL\u2122\",\"description\":\"is a leading nail brand on the European market. Luxe Gel currently stock over 500 products including over 350 shades of gel polish, a complete builder gel system and our famous structure base.\",\"potentialAction\":[{\"@type\":\"SearchAction\",\"target\":{\"@type\":\"EntryPoint\",\"urlTemplate\":\"https:\/\/luxegel.lv\/lv\/?s={search_term_string}\"},\"query-input\":{\"@type\":\"PropertyValueSpecification\",\"valueRequired\":true,\"valueName\":\"search_term_string\"}}],\"inLanguage\":\"lv-LV\"}]}<\/script>\n<!-- \/ Yoast SEO plugin. -->","yoast_head_json":{"title":"OLIVE - LUXE GEL PROFESSIONAL\u2122","robots":{"index":"index","follow":"follow","max-snippet":"max-snippet:-1","max-image-preview":"max-image-preview:large","max-video-preview":"max-video-preview:-1"},"canonical":"https:\/\/luxegel.lv\/lv\/product-lv\/olive\/","og_locale":"lv_LV","og_type":"article","og_title":"OLIVE - LUXE GEL PROFESSIONAL\u2122","og_description":"Ejiet taj\u0101 virzien\u0101, kur ir j\u016bsu miers. Ol\u012bve\u013c\u013cas za\u013c\u0101 kr\u0101sa simboliz\u0113 mieru, sevis m\u012blest\u012bbu un harmoniju. T\u0101 ir vid\u0113ji ol\u012bvu","og_url":"https:\/\/luxegel.lv\/lv\/product-lv\/olive\/","og_site_name":"LUXE GEL PROFESSIONAL\u2122","article_modified_time":"2025-12-05T07:01:52+00:00","og_image":[{"width":800,"height":800,"url":"https:\/\/luxegel.lv\/wp-content\/uploads\/2024\/01\/Olive.jpg","type":"image\/jpeg"}],"twitter_card":"summary_large_image","twitter_misc":{"Est. reading time":"1 minute"},"schema":{"@context":"https:\/\/schema.org","@graph":[{"@type":"WebPage","@id":"https:\/\/luxegel.lv\/lv\/product-lv\/olive\/","url":"https:\/\/luxegel.lv\/lv\/product-lv\/olive\/","name":"OLIVE - LUXE GEL PROFESSIONAL\u2122","isPartOf":{"@id":"https:\/\/luxegel.lv\/lv\/#website"},"primaryImageOfPage":{"@id":"https:\/\/luxegel.lv\/lv\/product-lv\/olive\/#primaryimage"},"image":{"@id":"https:\/\/luxegel.lv\/lv\/product-lv\/olive\/#primaryimage"},"thumbnailUrl":"https:\/\/luxegel.lv\/wp-content\/uploads\/2024\/01\/Olive.jpg","datePublished":"2021-07-20T15:29:28+00:00","dateModified":"2025-12-05T07:01:52+00:00","breadcrumb":{"@id":"https:\/\/luxegel.lv\/lv\/product-lv\/olive\/#breadcrumb"},"inLanguage":"lv-LV","potentialAction":[{"@type":"ReadAction","target":["https:\/\/luxegel.lv\/lv\/product-lv\/olive\/"]}]},{"@type":"ImageObject","inLanguage":"lv-LV","@id":"https:\/\/luxegel.lv\/lv\/product-lv\/olive\/#primaryimage","url":"https:\/\/luxegel.lv\/wp-content\/uploads\/2024\/01\/Olive.jpg","contentUrl":"https:\/\/luxegel.lv\/wp-content\/uploads\/2024\/01\/Olive.jpg","width":800,"height":800},{"@type":"BreadcrumbList","@id":"https:\/\/luxegel.lv\/lv\/product-lv\/olive\/#breadcrumb","itemListElement":[{"@type":"ListItem","position":1,"name":"Galven\u0101","item":"https:\/\/luxegel.lv\/lv\/"},{"@type":"ListItem","position":2,"name":"Veikals","item":"https:\/\/luxegel.lv\/lv\/veikals\/"},{"@type":"ListItem","position":3,"name":"OLIVE"}]},{"@type":"WebSite","@id":"https:\/\/luxegel.lv\/lv\/#website","url":"https:\/\/luxegel.lv\/lv\/","name":"LUXE GEL PROFESSIONAL\u2122","description":"is a leading nail brand on the European market. Luxe Gel currently stock over 500 products including over 350 shades of gel polish, a complete builder gel system and our famous structure base.","potentialAction":[{"@type":"SearchAction","target":{"@type":"EntryPoint","urlTemplate":"https:\/\/luxegel.lv\/lv\/?s={search_term_string}"},"query-input":{"@type":"PropertyValueSpecification","valueRequired":true,"valueName":"search_term_string"}}],"inLanguage":"lv-LV"}]}},"_links":{"self":[{"href":"https:\/\/luxegel.lv\/lv\/wp-json\/wp\/v2\/product\/7931","targetHints":{"allow":["GET"]}}],"collection":[{"href":"https:\/\/luxegel.lv\/lv\/wp-json\/wp\/v2\/product"}],"about":[{"href":"https:\/\/luxegel.lv\/lv\/wp-json\/wp\/v2\/types\/product"}],"version-history":[{"count":0,"href":"https:\/\/luxegel.lv\/lv\/wp-json\/wp\/v2\/product\/7931\/revisions"}],"wp:featuredmedia":[{"embeddable":true,"href":"https:\/\/luxegel.lv\/lv\/wp-json\/wp\/v2\/media\/4776"}],"wp:attachment":[{"href":"https:\/\/luxegel.lv\/lv\/wp-json\/wp\/v2\/media?parent=7931"}],"wp:term":[{"taxonomy":"product_brand","embeddable":true,"href":"https:\/\/luxegel.lv\/lv\/wp-json\/wp\/v2\/product_brand?post=7931"},{"taxonomy":"product_cat","embeddable":true,"href":"https:\/\/luxegel.lv\/lv\/wp-json\/wp\/v2\/product_cat?post=7931"},{"taxonomy":"product_tag","embeddable":true,"href":"https:\/\/luxegel.lv\/lv\/wp-json\/wp\/v2\/product_tag?post=7931"}],"curies":[{"name":"wp","href":"https:\/\/api.w.org\/{rel}","templated":true}]}}