{"id":7923,"date":"2021-07-20T15:29:54","date_gmt":"2021-07-20T15:29:54","guid":{"rendered":"https:\/\/luxegel.lv\/product\/3d-brush\/"},"modified":"2026-04-27T09:36:36","modified_gmt":"2026-04-27T09:36:36","slug":"3d-brush","status":"publish","type":"product","link":"https:\/\/luxegel.lv\/lv\/product-lv\/3d-brush\/","title":{"rendered":"3D OTA"},"content":{"rendered":"<p data-mce-fragment=\"1\"><em><strong>Ota 3D nagu dizainu veido\u0161anai \u2013 profesion\u0101ls instruments ikviena nagu stilista rok\u0101s. \u0160\u012b ota ir \u013coti iztur\u012bga un elast\u012bga. \u0160\u012b oti\u0146a ir ide\u0101li piem\u0113rota nagu m\u0101kslai, piem\u0113ram, 3D ziedu veido\u0161anai uz nagiem, k\u0101 ar\u012b virsmas dizainam. Augstas kvalit\u0101tes sariem ir smails gals, un tie lieliski saglab\u0101 formu.<\/strong><\/em><\/p>\n<p data-mce-fragment=\"1\"><em><strong>#luxegelbrush<\/strong><\/em><\/p>\n<p data-mce-fragment=\"1\">Ar krist\u0101liem pild\u012bts otas rokturis padara to neticami elegantu un ac\u012bm t\u012bkamu.<\/p>\n<ul data-mce-fragment=\"1\">\n<li data-mce-fragment=\"1\">Saru garums: 10 mm.<\/li>\n<li data-mce-fragment=\"1\">Sariem ir spica forma<\/li>\n<li data-mce-fragment=\"1\">Vara uzmavi\u0146a<\/li>\n<li data-mce-fragment=\"1\">Akrila-met\u0101la rokturis<\/li>\n<li data-mce-fragment=\"1\">Roktura izm\u0113rs &#8211; 12,7 cm<\/li>\n<li data-mce-fragment=\"1\">Kop\u0113jais garums &#8211; 15 cm<\/li>\n<li data-mce-fragment=\"1\">Augstas klases neilona sari<\/li>\n<li data-mce-fragment=\"1\">Izm\u0113rs #2<\/li>\n<\/ul>\n<p data-mce-fragment=\"1\"><strong>Svar\u012bgs br\u012bdin\u0101jums: Pirms pirm\u0101s lieto\u0161anas reizes not\u012briet to ar otu t\u012br\u012b\u0161anas l\u012bdzekli vai nagu \u0161\u0137idrumu.<\/strong><\/p>\n<p data-mce-fragment=\"1\"><strong>Otas t\u012br\u012b\u0161anai nelietojiet ACETONU.<\/strong><\/p>\n","protected":false},"excerpt":{"rendered":"<p>Ota 3D nagu dizainu veido\u0161anai \u2013 profesion\u0101ls instruments ikviena nagu stilista rok\u0101s. \u0160\u012b ota ir \u013coti iztur\u012bga un elast\u012bga. \u0160\u012b<\/p>\n","protected":false},"featured_media":3070,"template":"","meta":{"_acf_changed":false,"om_disable_all_campaigns":false},"product_brand":[],"product_cat":[154,340],"product_tag":[],"class_list":{"0":"post-7923","1":"product","2":"type-product","3":"status-publish","4":"has-post-thumbnail","6":"product_cat-luxe-gel-professional-lv","7":"product_cat-sketes","9":"first","10":"outofstock","11":"sale","12":"shipping-taxable","13":"purchasable","14":"product-type-simple"},"acf":[],"yoast_head":"<!-- This site is optimized with the Yoast SEO plugin v23.8 - https:\/\/yoast.com\/wordpress\/plugins\/seo\/ -->\n<title>3D OTA - LUXE GEL PROFESSIONAL\u2122<\/title>\n<meta name=\"robots\" content=\"index, follow, max-snippet:-1, max-image-preview:large, max-video-preview:-1\" \/>\n<link rel=\"canonical\" href=\"https:\/\/luxegel.lv\/lv\/product-lv\/3d-brush\/\" \/>\n<meta property=\"og:locale\" content=\"lv_LV\" \/>\n<meta property=\"og:type\" content=\"article\" \/>\n<meta property=\"og:title\" content=\"3D OTA - LUXE GEL PROFESSIONAL\u2122\" \/>\n<meta property=\"og:description\" content=\"Ota 3D nagu dizainu veido\u0161anai \u2013 profesion\u0101ls instruments ikviena nagu stilista rok\u0101s. \u0160\u012b ota ir \u013coti iztur\u012bga un elast\u012bga. \u0160\u012b\" \/>\n<meta property=\"og:url\" content=\"https:\/\/luxegel.lv\/lv\/product-lv\/3d-brush\/\" \/>\n<meta property=\"og:site_name\" content=\"LUXE GEL PROFESSIONAL\u2122\" \/>\n<meta property=\"article:modified_time\" content=\"2026-04-27T09:36:36+00:00\" \/>\n<meta property=\"og:image\" content=\"https:\/\/luxegel.lv\/wp-content\/uploads\/2024\/01\/3d-brush-1100x1100-1.jpg\" \/>\n\t<meta property=\"og:image:width\" content=\"1100\" \/>\n\t<meta property=\"og:image:height\" content=\"1100\" \/>\n\t<meta property=\"og:image:type\" content=\"image\/jpeg\" \/>\n<meta name=\"twitter:card\" content=\"summary_large_image\" \/>\n<meta name=\"twitter:label1\" content=\"Est. reading time\" \/>\n\t<meta name=\"twitter:data1\" content=\"1 minute\" \/>\n<script type=\"application\/ld+json\" class=\"yoast-schema-graph\">{\"@context\":\"https:\/\/schema.org\",\"@graph\":[{\"@type\":\"WebPage\",\"@id\":\"https:\/\/luxegel.lv\/lv\/product-lv\/3d-brush\/\",\"url\":\"https:\/\/luxegel.lv\/lv\/product-lv\/3d-brush\/\",\"name\":\"3D OTA - LUXE GEL PROFESSIONAL\u2122\",\"isPartOf\":{\"@id\":\"https:\/\/luxegel.lv\/lv\/#website\"},\"primaryImageOfPage\":{\"@id\":\"https:\/\/luxegel.lv\/lv\/product-lv\/3d-brush\/#primaryimage\"},\"image\":{\"@id\":\"https:\/\/luxegel.lv\/lv\/product-lv\/3d-brush\/#primaryimage\"},\"thumbnailUrl\":\"https:\/\/luxegel.lv\/wp-content\/uploads\/2024\/01\/3d-brush-1100x1100-1.jpg\",\"datePublished\":\"2021-07-20T15:29:54+00:00\",\"dateModified\":\"2026-04-27T09:36:36+00:00\",\"breadcrumb\":{\"@id\":\"https:\/\/luxegel.lv\/lv\/product-lv\/3d-brush\/#breadcrumb\"},\"inLanguage\":\"lv-LV\",\"potentialAction\":[{\"@type\":\"ReadAction\",\"target\":[\"https:\/\/luxegel.lv\/lv\/product-lv\/3d-brush\/\"]}]},{\"@type\":\"ImageObject\",\"inLanguage\":\"lv-LV\",\"@id\":\"https:\/\/luxegel.lv\/lv\/product-lv\/3d-brush\/#primaryimage\",\"url\":\"https:\/\/luxegel.lv\/wp-content\/uploads\/2024\/01\/3d-brush-1100x1100-1.jpg\",\"contentUrl\":\"https:\/\/luxegel.lv\/wp-content\/uploads\/2024\/01\/3d-brush-1100x1100-1.jpg\",\"width\":1100,\"height\":1100},{\"@type\":\"BreadcrumbList\",\"@id\":\"https:\/\/luxegel.lv\/lv\/product-lv\/3d-brush\/#breadcrumb\",\"itemListElement\":[{\"@type\":\"ListItem\",\"position\":1,\"name\":\"Galven\u0101\",\"item\":\"https:\/\/luxegel.lv\/lv\/\"},{\"@type\":\"ListItem\",\"position\":2,\"name\":\"Veikals\",\"item\":\"https:\/\/luxegel.lv\/lv\/veikals\/\"},{\"@type\":\"ListItem\",\"position\":3,\"name\":\"3D OTA\"}]},{\"@type\":\"WebSite\",\"@id\":\"https:\/\/luxegel.lv\/lv\/#website\",\"url\":\"https:\/\/luxegel.lv\/lv\/\",\"name\":\"LUXE GEL PROFESSIONAL\u2122\",\"description\":\"is a leading nail brand on the European market. Luxe Gel currently stock over 500 products including over 350 shades of gel polish, a complete builder gel system and our famous structure base.\",\"potentialAction\":[{\"@type\":\"SearchAction\",\"target\":{\"@type\":\"EntryPoint\",\"urlTemplate\":\"https:\/\/luxegel.lv\/lv\/?s={search_term_string}\"},\"query-input\":{\"@type\":\"PropertyValueSpecification\",\"valueRequired\":true,\"valueName\":\"search_term_string\"}}],\"inLanguage\":\"lv-LV\"}]}<\/script>\n<!-- \/ Yoast SEO plugin. -->","yoast_head_json":{"title":"3D OTA - LUXE GEL PROFESSIONAL\u2122","robots":{"index":"index","follow":"follow","max-snippet":"max-snippet:-1","max-image-preview":"max-image-preview:large","max-video-preview":"max-video-preview:-1"},"canonical":"https:\/\/luxegel.lv\/lv\/product-lv\/3d-brush\/","og_locale":"lv_LV","og_type":"article","og_title":"3D OTA - LUXE GEL PROFESSIONAL\u2122","og_description":"Ota 3D nagu dizainu veido\u0161anai \u2013 profesion\u0101ls instruments ikviena nagu stilista rok\u0101s. \u0160\u012b ota ir \u013coti iztur\u012bga un elast\u012bga. \u0160\u012b","og_url":"https:\/\/luxegel.lv\/lv\/product-lv\/3d-brush\/","og_site_name":"LUXE GEL PROFESSIONAL\u2122","article_modified_time":"2026-04-27T09:36:36+00:00","og_image":[{"width":1100,"height":1100,"url":"https:\/\/luxegel.lv\/wp-content\/uploads\/2024\/01\/3d-brush-1100x1100-1.jpg","type":"image\/jpeg"}],"twitter_card":"summary_large_image","twitter_misc":{"Est. reading time":"1 minute"},"schema":{"@context":"https:\/\/schema.org","@graph":[{"@type":"WebPage","@id":"https:\/\/luxegel.lv\/lv\/product-lv\/3d-brush\/","url":"https:\/\/luxegel.lv\/lv\/product-lv\/3d-brush\/","name":"3D OTA - LUXE GEL PROFESSIONAL\u2122","isPartOf":{"@id":"https:\/\/luxegel.lv\/lv\/#website"},"primaryImageOfPage":{"@id":"https:\/\/luxegel.lv\/lv\/product-lv\/3d-brush\/#primaryimage"},"image":{"@id":"https:\/\/luxegel.lv\/lv\/product-lv\/3d-brush\/#primaryimage"},"thumbnailUrl":"https:\/\/luxegel.lv\/wp-content\/uploads\/2024\/01\/3d-brush-1100x1100-1.jpg","datePublished":"2021-07-20T15:29:54+00:00","dateModified":"2026-04-27T09:36:36+00:00","breadcrumb":{"@id":"https:\/\/luxegel.lv\/lv\/product-lv\/3d-brush\/#breadcrumb"},"inLanguage":"lv-LV","potentialAction":[{"@type":"ReadAction","target":["https:\/\/luxegel.lv\/lv\/product-lv\/3d-brush\/"]}]},{"@type":"ImageObject","inLanguage":"lv-LV","@id":"https:\/\/luxegel.lv\/lv\/product-lv\/3d-brush\/#primaryimage","url":"https:\/\/luxegel.lv\/wp-content\/uploads\/2024\/01\/3d-brush-1100x1100-1.jpg","contentUrl":"https:\/\/luxegel.lv\/wp-content\/uploads\/2024\/01\/3d-brush-1100x1100-1.jpg","width":1100,"height":1100},{"@type":"BreadcrumbList","@id":"https:\/\/luxegel.lv\/lv\/product-lv\/3d-brush\/#breadcrumb","itemListElement":[{"@type":"ListItem","position":1,"name":"Galven\u0101","item":"https:\/\/luxegel.lv\/lv\/"},{"@type":"ListItem","position":2,"name":"Veikals","item":"https:\/\/luxegel.lv\/lv\/veikals\/"},{"@type":"ListItem","position":3,"name":"3D OTA"}]},{"@type":"WebSite","@id":"https:\/\/luxegel.lv\/lv\/#website","url":"https:\/\/luxegel.lv\/lv\/","name":"LUXE GEL PROFESSIONAL\u2122","description":"is a leading nail brand on the European market. Luxe Gel currently stock over 500 products including over 350 shades of gel polish, a complete builder gel system and our famous structure base.","potentialAction":[{"@type":"SearchAction","target":{"@type":"EntryPoint","urlTemplate":"https:\/\/luxegel.lv\/lv\/?s={search_term_string}"},"query-input":{"@type":"PropertyValueSpecification","valueRequired":true,"valueName":"search_term_string"}}],"inLanguage":"lv-LV"}]}},"_links":{"self":[{"href":"https:\/\/luxegel.lv\/lv\/wp-json\/wp\/v2\/product\/7923","targetHints":{"allow":["GET"]}}],"collection":[{"href":"https:\/\/luxegel.lv\/lv\/wp-json\/wp\/v2\/product"}],"about":[{"href":"https:\/\/luxegel.lv\/lv\/wp-json\/wp\/v2\/types\/product"}],"version-history":[{"count":0,"href":"https:\/\/luxegel.lv\/lv\/wp-json\/wp\/v2\/product\/7923\/revisions"}],"wp:featuredmedia":[{"embeddable":true,"href":"https:\/\/luxegel.lv\/lv\/wp-json\/wp\/v2\/media\/3070"}],"wp:attachment":[{"href":"https:\/\/luxegel.lv\/lv\/wp-json\/wp\/v2\/media?parent=7923"}],"wp:term":[{"taxonomy":"product_brand","embeddable":true,"href":"https:\/\/luxegel.lv\/lv\/wp-json\/wp\/v2\/product_brand?post=7923"},{"taxonomy":"product_cat","embeddable":true,"href":"https:\/\/luxegel.lv\/lv\/wp-json\/wp\/v2\/product_cat?post=7923"},{"taxonomy":"product_tag","embeddable":true,"href":"https:\/\/luxegel.lv\/lv\/wp-json\/wp\/v2\/product_tag?post=7923"}],"curies":[{"name":"wp","href":"https:\/\/api.w.org\/{rel}","templated":true}]}}