{"id":7914,"date":"2021-07-20T15:30:35","date_gmt":"2021-07-20T15:30:35","guid":{"rendered":"https:\/\/luxegel.lv\/product\/file-100-180\/"},"modified":"2026-01-14T16:56:57","modified_gmt":"2026-01-14T16:56:57","slug":"file-100-180","status":"publish","type":"product","link":"https:\/\/luxegel.lv\/lv\/product-lv\/file-100-180\/","title":{"rendered":"V\u012aLE 100\/180"},"content":{"rendered":"<div class=\"product-blocks-top product-blocks-867 grid-rows\" data-mce-fragment=\"1\">\n<div class=\"grid-row grid-row-867-1\" data-mce-fragment=\"1\">\n<div class=\"grid-cols\" data-mce-fragment=\"1\">\n<div class=\"grid-col grid-col-867-1-1\" data-dimensions=\"1118 x 105\" data-mce-fragment=\"1\">\n<div class=\"grid-items\" data-mce-fragment=\"1\">\n<div class=\"grid-item grid-item-867-1-1-1\" data-mce-fragment=\"1\">\n<div class=\"module module-blocks module-blocks-863 blocks-grid\" data-mce-fragment=\"1\">\n<div class=\"module-body\" data-mce-fragment=\"1\">\n<div class=\"module-item module-item-1 no-expand\" data-mce-fragment=\"1\">\n<div class=\"block-body expand-block\" data-mce-fragment=\"1\">\n<div class=\"block-wrapper\" data-mce-fragment=\"1\">\n<div class=\"block-content expand-content block-html\" data-mce-fragment=\"1\">\n<p data-mce-fragment=\"1\">Luxe Gel Professional augstas kvalit\u0101tes divpus\u0113ja 100\/180 gritu raupjuma nagu v\u012ble<\/p>\n<p>M\u016bsu jaun\u0101s un uzlabot\u0101s nagu v\u012bl\u012btes ir izgatavotas no augst\u0101k\u0101s kvalit\u0101tes Jap\u0101nas smil\u0161pap\u012bra. V\u012blei ir bieza pamatne, kas nodro\u0161ina t\u0101s stabilit\u0101ti un nov\u0113r\u0161 saliek\u0161anos. M\u016bsu nagu v\u012bl\u012btes ir mazg\u0101jamas un piln\u012bb\u0101 izmantojamas atk\u0101rtoti. Ergonomisks dizains \u0113rtai lieto\u0161anai.<\/p>\n<p>#luxegelnailfile<\/p>\n<p>Augst\u0101k\u0101s kvalit\u0101tes jap\u0101\u0146u smil\u0161pap\u012brs<br \/>\nMazg\u0101jama<br \/>\nVar dezinfic\u0113t<br \/>\nIztur\u012bga<\/p>\n<p data-mce-fragment=\"1\">\nAr 100 gritu raupjuma virsmu var nov\u012bl\u0113t garumu un no\u0146emt cietos materi\u0101lus no naga virsmas, piem\u0113ram, akrilu un b\u016bv\u0113jo\u0161o g\u0113lu, bet maig\u0101ko 180 gritu raupjuma virsmu var izmantot dab\u012bg\u0101 naga apv\u012bl\u0113\u0161anai.<\/p>\n<div class=\"product-blocks-top product-blocks-867 grid-rows\" data-mce-fragment=\"1\">\n<div class=\"grid-row grid-row-867-1\" data-mce-fragment=\"1\">\n<div class=\"grid-cols\" data-mce-fragment=\"1\">\n<div class=\"grid-col grid-col-867-1-1\" data-dimensions=\"1118 x 105\" data-mce-fragment=\"1\">\n<div class=\"grid-items\" data-mce-fragment=\"1\">\n<div class=\"grid-item grid-item-867-1-1-1\" data-mce-fragment=\"1\">\n<div class=\"module module-blocks module-blocks-863 blocks-grid\" data-mce-fragment=\"1\">\n<div class=\"module-body\" data-mce-fragment=\"1\">\n<div class=\"module-item module-item-1 no-expand\" data-mce-fragment=\"1\">\n<div class=\"block-body expand-block\" data-mce-fragment=\"1\">\n<div class=\"block-wrapper\" data-mce-fragment=\"1\">\n<div class=\"block-content expand-content block-html\" data-mce-fragment=\"1\"><\/div>\n<\/div>\n<\/div>\n<\/div>\n<\/div>\n<\/div>\n<\/div>\n<\/div>\n<\/div>\n<\/div>\n<\/div>\n<\/div>\n<\/div>\n<\/div>\n<\/div>\n<\/div>\n<\/div>\n<\/div>\n<\/div>\n<\/div>\n<\/div>\n<\/div>\n<\/div>\n<\/div>\n","protected":false},"excerpt":{"rendered":"<p>Luxe Gel Professional augstas kvalit\u0101tes divpus\u0113ja 100\/180 gritu raupjuma nagu v\u012ble M\u016bsu jaun\u0101s un uzlabot\u0101s nagu v\u012bl\u012btes ir izgatavotas no<\/p>\n","protected":false},"featured_media":3886,"template":"","meta":{"_acf_changed":false,"om_disable_all_campaigns":false},"product_brand":[],"product_cat":[154,186],"product_tag":[222,221],"class_list":{"0":"post-7914","1":"product","2":"type-product","3":"status-publish","4":"has-post-thumbnail","6":"product_cat-luxe-gel-professional-lv","7":"product_cat-viles-un-instrumenti","8":"product_tag-produkti","9":"product_tag-visi-produkti","11":"first","12":"instock","13":"shipping-taxable","14":"purchasable","15":"product-type-simple"},"acf":[],"yoast_head":"<!-- This site is optimized with the Yoast SEO plugin v23.8 - https:\/\/yoast.com\/wordpress\/plugins\/seo\/ -->\n<title>V\u012aLE 100\/180 - LUXE GEL PROFESSIONAL\u2122<\/title>\n<meta name=\"robots\" content=\"index, follow, max-snippet:-1, max-image-preview:large, max-video-preview:-1\" \/>\n<link rel=\"canonical\" href=\"https:\/\/luxegel.lv\/lv\/product-lv\/file-100-180\/\" \/>\n<meta property=\"og:locale\" content=\"lv_LV\" \/>\n<meta property=\"og:type\" content=\"article\" \/>\n<meta property=\"og:title\" content=\"V\u012aLE 100\/180 - LUXE GEL PROFESSIONAL\u2122\" \/>\n<meta property=\"og:description\" content=\"Luxe Gel Professional augstas kvalit\u0101tes divpus\u0113ja 100\/180 gritu raupjuma nagu v\u012ble M\u016bsu jaun\u0101s un uzlabot\u0101s nagu v\u012bl\u012btes ir izgatavotas no\" \/>\n<meta property=\"og:url\" content=\"https:\/\/luxegel.lv\/lv\/product-lv\/file-100-180\/\" \/>\n<meta property=\"og:site_name\" content=\"LUXE GEL PROFESSIONAL\u2122\" \/>\n<meta property=\"article:modified_time\" content=\"2026-01-14T16:56:57+00:00\" \/>\n<meta property=\"og:image\" content=\"https:\/\/luxegel.lv\/wp-content\/uploads\/2024\/01\/File100_180_901ba90d-f186-4be3-a20d-bf4541888fdd.png\" \/>\n\t<meta property=\"og:image:width\" content=\"1000\" \/>\n\t<meta property=\"og:image:height\" content=\"1000\" \/>\n\t<meta property=\"og:image:type\" content=\"image\/png\" \/>\n<meta name=\"twitter:card\" content=\"summary_large_image\" \/>\n<meta name=\"twitter:label1\" content=\"Est. reading time\" \/>\n\t<meta name=\"twitter:data1\" content=\"1 minute\" \/>\n<script type=\"application\/ld+json\" class=\"yoast-schema-graph\">{\"@context\":\"https:\/\/schema.org\",\"@graph\":[{\"@type\":\"WebPage\",\"@id\":\"https:\/\/luxegel.lv\/lv\/product-lv\/file-100-180\/\",\"url\":\"https:\/\/luxegel.lv\/lv\/product-lv\/file-100-180\/\",\"name\":\"V\u012aLE 100\/180 - LUXE GEL PROFESSIONAL\u2122\",\"isPartOf\":{\"@id\":\"https:\/\/luxegel.lv\/lv\/#website\"},\"primaryImageOfPage\":{\"@id\":\"https:\/\/luxegel.lv\/lv\/product-lv\/file-100-180\/#primaryimage\"},\"image\":{\"@id\":\"https:\/\/luxegel.lv\/lv\/product-lv\/file-100-180\/#primaryimage\"},\"thumbnailUrl\":\"https:\/\/luxegel.lv\/wp-content\/uploads\/2024\/01\/File100_180_901ba90d-f186-4be3-a20d-bf4541888fdd.png\",\"datePublished\":\"2021-07-20T15:30:35+00:00\",\"dateModified\":\"2026-01-14T16:56:57+00:00\",\"breadcrumb\":{\"@id\":\"https:\/\/luxegel.lv\/lv\/product-lv\/file-100-180\/#breadcrumb\"},\"inLanguage\":\"lv-LV\",\"potentialAction\":[{\"@type\":\"ReadAction\",\"target\":[\"https:\/\/luxegel.lv\/lv\/product-lv\/file-100-180\/\"]}]},{\"@type\":\"ImageObject\",\"inLanguage\":\"lv-LV\",\"@id\":\"https:\/\/luxegel.lv\/lv\/product-lv\/file-100-180\/#primaryimage\",\"url\":\"https:\/\/luxegel.lv\/wp-content\/uploads\/2024\/01\/File100_180_901ba90d-f186-4be3-a20d-bf4541888fdd.png\",\"contentUrl\":\"https:\/\/luxegel.lv\/wp-content\/uploads\/2024\/01\/File100_180_901ba90d-f186-4be3-a20d-bf4541888fdd.png\",\"width\":1000,\"height\":1000},{\"@type\":\"BreadcrumbList\",\"@id\":\"https:\/\/luxegel.lv\/lv\/product-lv\/file-100-180\/#breadcrumb\",\"itemListElement\":[{\"@type\":\"ListItem\",\"position\":1,\"name\":\"Galven\u0101\",\"item\":\"https:\/\/luxegel.lv\/lv\/\"},{\"@type\":\"ListItem\",\"position\":2,\"name\":\"Veikals\",\"item\":\"https:\/\/luxegel.lv\/lv\/veikals\/\"},{\"@type\":\"ListItem\",\"position\":3,\"name\":\"V\u012aLE 100\/180\"}]},{\"@type\":\"WebSite\",\"@id\":\"https:\/\/luxegel.lv\/lv\/#website\",\"url\":\"https:\/\/luxegel.lv\/lv\/\",\"name\":\"LUXE GEL PROFESSIONAL\u2122\",\"description\":\"is a leading nail brand on the European market. Luxe Gel currently stock over 500 products including over 350 shades of gel polish, a complete builder gel system and our famous structure base.\",\"potentialAction\":[{\"@type\":\"SearchAction\",\"target\":{\"@type\":\"EntryPoint\",\"urlTemplate\":\"https:\/\/luxegel.lv\/lv\/?s={search_term_string}\"},\"query-input\":{\"@type\":\"PropertyValueSpecification\",\"valueRequired\":true,\"valueName\":\"search_term_string\"}}],\"inLanguage\":\"lv-LV\"}]}<\/script>\n<!-- \/ Yoast SEO plugin. -->","yoast_head_json":{"title":"V\u012aLE 100\/180 - LUXE GEL PROFESSIONAL\u2122","robots":{"index":"index","follow":"follow","max-snippet":"max-snippet:-1","max-image-preview":"max-image-preview:large","max-video-preview":"max-video-preview:-1"},"canonical":"https:\/\/luxegel.lv\/lv\/product-lv\/file-100-180\/","og_locale":"lv_LV","og_type":"article","og_title":"V\u012aLE 100\/180 - LUXE GEL PROFESSIONAL\u2122","og_description":"Luxe Gel Professional augstas kvalit\u0101tes divpus\u0113ja 100\/180 gritu raupjuma nagu v\u012ble M\u016bsu jaun\u0101s un uzlabot\u0101s nagu v\u012bl\u012btes ir izgatavotas no","og_url":"https:\/\/luxegel.lv\/lv\/product-lv\/file-100-180\/","og_site_name":"LUXE GEL PROFESSIONAL\u2122","article_modified_time":"2026-01-14T16:56:57+00:00","og_image":[{"width":1000,"height":1000,"url":"https:\/\/luxegel.lv\/wp-content\/uploads\/2024\/01\/File100_180_901ba90d-f186-4be3-a20d-bf4541888fdd.png","type":"image\/png"}],"twitter_card":"summary_large_image","twitter_misc":{"Est. reading time":"1 minute"},"schema":{"@context":"https:\/\/schema.org","@graph":[{"@type":"WebPage","@id":"https:\/\/luxegel.lv\/lv\/product-lv\/file-100-180\/","url":"https:\/\/luxegel.lv\/lv\/product-lv\/file-100-180\/","name":"V\u012aLE 100\/180 - LUXE GEL PROFESSIONAL\u2122","isPartOf":{"@id":"https:\/\/luxegel.lv\/lv\/#website"},"primaryImageOfPage":{"@id":"https:\/\/luxegel.lv\/lv\/product-lv\/file-100-180\/#primaryimage"},"image":{"@id":"https:\/\/luxegel.lv\/lv\/product-lv\/file-100-180\/#primaryimage"},"thumbnailUrl":"https:\/\/luxegel.lv\/wp-content\/uploads\/2024\/01\/File100_180_901ba90d-f186-4be3-a20d-bf4541888fdd.png","datePublished":"2021-07-20T15:30:35+00:00","dateModified":"2026-01-14T16:56:57+00:00","breadcrumb":{"@id":"https:\/\/luxegel.lv\/lv\/product-lv\/file-100-180\/#breadcrumb"},"inLanguage":"lv-LV","potentialAction":[{"@type":"ReadAction","target":["https:\/\/luxegel.lv\/lv\/product-lv\/file-100-180\/"]}]},{"@type":"ImageObject","inLanguage":"lv-LV","@id":"https:\/\/luxegel.lv\/lv\/product-lv\/file-100-180\/#primaryimage","url":"https:\/\/luxegel.lv\/wp-content\/uploads\/2024\/01\/File100_180_901ba90d-f186-4be3-a20d-bf4541888fdd.png","contentUrl":"https:\/\/luxegel.lv\/wp-content\/uploads\/2024\/01\/File100_180_901ba90d-f186-4be3-a20d-bf4541888fdd.png","width":1000,"height":1000},{"@type":"BreadcrumbList","@id":"https:\/\/luxegel.lv\/lv\/product-lv\/file-100-180\/#breadcrumb","itemListElement":[{"@type":"ListItem","position":1,"name":"Galven\u0101","item":"https:\/\/luxegel.lv\/lv\/"},{"@type":"ListItem","position":2,"name":"Veikals","item":"https:\/\/luxegel.lv\/lv\/veikals\/"},{"@type":"ListItem","position":3,"name":"V\u012aLE 100\/180"}]},{"@type":"WebSite","@id":"https:\/\/luxegel.lv\/lv\/#website","url":"https:\/\/luxegel.lv\/lv\/","name":"LUXE GEL PROFESSIONAL\u2122","description":"is a leading nail brand on the European market. Luxe Gel currently stock over 500 products including over 350 shades of gel polish, a complete builder gel system and our famous structure base.","potentialAction":[{"@type":"SearchAction","target":{"@type":"EntryPoint","urlTemplate":"https:\/\/luxegel.lv\/lv\/?s={search_term_string}"},"query-input":{"@type":"PropertyValueSpecification","valueRequired":true,"valueName":"search_term_string"}}],"inLanguage":"lv-LV"}]}},"_links":{"self":[{"href":"https:\/\/luxegel.lv\/lv\/wp-json\/wp\/v2\/product\/7914","targetHints":{"allow":["GET"]}}],"collection":[{"href":"https:\/\/luxegel.lv\/lv\/wp-json\/wp\/v2\/product"}],"about":[{"href":"https:\/\/luxegel.lv\/lv\/wp-json\/wp\/v2\/types\/product"}],"version-history":[{"count":0,"href":"https:\/\/luxegel.lv\/lv\/wp-json\/wp\/v2\/product\/7914\/revisions"}],"wp:featuredmedia":[{"embeddable":true,"href":"https:\/\/luxegel.lv\/lv\/wp-json\/wp\/v2\/media\/3886"}],"wp:attachment":[{"href":"https:\/\/luxegel.lv\/lv\/wp-json\/wp\/v2\/media?parent=7914"}],"wp:term":[{"taxonomy":"product_brand","embeddable":true,"href":"https:\/\/luxegel.lv\/lv\/wp-json\/wp\/v2\/product_brand?post=7914"},{"taxonomy":"product_cat","embeddable":true,"href":"https:\/\/luxegel.lv\/lv\/wp-json\/wp\/v2\/product_cat?post=7914"},{"taxonomy":"product_tag","embeddable":true,"href":"https:\/\/luxegel.lv\/lv\/wp-json\/wp\/v2\/product_tag?post=7914"}],"curies":[{"name":"wp","href":"https:\/\/api.w.org\/{rel}","templated":true}]}}