{"id":7909,"date":"2021-07-20T15:28:29","date_gmt":"2021-07-20T15:28:29","guid":{"rendered":"https:\/\/luxegel.lv\/product\/kutikulu-stumejs-nazis\/"},"modified":"2025-10-24T19:00:49","modified_gmt":"2025-10-24T19:00:49","slug":"kutikulu-stumejs-nazis","status":"publish","type":"product","link":"https:\/\/luxegel.lv\/lv\/product-lv\/kutikulu-stumejs-nazis\/","title":{"rendered":"KUTIKULU PU\u0160ERIS\/NAZIS"},"content":{"rendered":"<p data-mce-fragment=\"1\"><strong data-mce-fragment=\"1\">Profesion\u0101ls kutikulu pu\u0161eris &#8211; roz\u0101 zelta kr\u0101s\u0101<\/strong><\/p>\n<p data-mce-fragment=\"1\"><strong data-mce-fragment=\"1\">#luxegelpusher<\/strong><\/p>\n<ul data-mce-fragment=\"1\">\n<li data-mce-fragment=\"1\">Instrumenta garums: 138 mm<\/li>\n<li data-mce-fragment=\"1\">Darba da\u013cas: noapa\u013cotas formas pu\u0161eris, izliekts na\u017ea asmens<\/li>\n<li data-mce-fragment=\"1\">Izgatavots no medic\u012bnisk\u0101 ner\u016bs\u0113jo\u0161\u0101 t\u0113rauda<\/li>\n<li data-mce-fragment=\"1\">Augsta iztur\u012bba pret koroziju<\/li>\n<li data-mce-fragment=\"1\">\u0112rts rokturis ar izci\u013c\u0146iem, kas nov\u0113r\u0161 sl\u012bd\u0113\u0161anu meistara rok\u0101s.<\/li>\n<li data-mce-fragment=\"1\">Instruments ir iztur\u012bgs pret koroziju. To var dezinfic\u0113t ar \u012bpa\u0161iem dezinfekcijas \u0161\u0137\u012bdumiem, kas paredz\u0113ti met\u0101la instrumentu dezinfekcijai, k\u0101 ar\u012b steriliz\u0113t autokl\u0101v\u0101 vai saus\u0101 gaisa kr\u0101sn\u012b.<\/li>\n<\/ul>\n","protected":false},"excerpt":{"rendered":"<p>Profesion\u0101ls kutikulu pu\u0161eris &#8211; roz\u0101 zelta kr\u0101s\u0101 #luxegelpusher Instrumenta garums: 138 mm Darba da\u013cas: noapa\u013cotas formas pu\u0161eris, izliekts na\u017ea asmens<\/p>\n","protected":false},"featured_media":3664,"template":"","meta":{"_acf_changed":false},"product_brand":[],"product_cat":[154,186],"product_tag":[222,221],"class_list":{"0":"post-7909","1":"product","2":"type-product","3":"status-publish","4":"has-post-thumbnail","6":"product_cat-luxe-gel-professional-lv","7":"product_cat-viles-un-instrumenti","8":"product_tag-produkti","9":"product_tag-visi-produkti","11":"first","12":"instock","13":"sale","14":"shipping-taxable","15":"purchasable","16":"product-type-simple"},"acf":[],"yoast_head":"<!-- This site is optimized with the Yoast SEO plugin v23.8 - https:\/\/yoast.com\/wordpress\/plugins\/seo\/ -->\n<title>KUTIKULU PU\u0160ERIS\/NAZIS - LUXE GEL PROFESSIONAL\u2122<\/title>\n<meta name=\"robots\" content=\"index, follow, max-snippet:-1, max-image-preview:large, max-video-preview:-1\" \/>\n<link rel=\"canonical\" href=\"https:\/\/luxegel.lv\/lv\/product-lv\/kutikulu-stumejs-nazis\/\" \/>\n<meta property=\"og:locale\" content=\"lv_LV\" \/>\n<meta property=\"og:type\" content=\"article\" \/>\n<meta property=\"og:title\" content=\"KUTIKULU PU\u0160ERIS\/NAZIS - LUXE GEL PROFESSIONAL\u2122\" \/>\n<meta property=\"og:description\" content=\"Profesion\u0101ls kutikulu pu\u0161eris &#8211; roz\u0101 zelta kr\u0101s\u0101 #luxegelpusher Instrumenta garums: 138 mm Darba da\u013cas: noapa\u013cotas formas pu\u0161eris, izliekts na\u017ea asmens\" \/>\n<meta property=\"og:url\" content=\"https:\/\/luxegel.lv\/lv\/product-lv\/kutikulu-stumejs-nazis\/\" \/>\n<meta property=\"og:site_name\" content=\"LUXE GEL PROFESSIONAL\u2122\" \/>\n<meta property=\"article:modified_time\" content=\"2025-10-24T19:00:49+00:00\" \/>\n<meta property=\"og:image\" content=\"https:\/\/luxegel.lv\/wp-content\/uploads\/2024\/01\/Pusher1.2_15f13d16-b123-4b36-bb1b-8a4fd832e912.png\" \/>\n\t<meta property=\"og:image:width\" content=\"1000\" \/>\n\t<meta property=\"og:image:height\" content=\"1000\" \/>\n\t<meta property=\"og:image:type\" content=\"image\/png\" \/>\n<meta name=\"twitter:card\" content=\"summary_large_image\" \/>\n<script type=\"application\/ld+json\" class=\"yoast-schema-graph\">{\"@context\":\"https:\/\/schema.org\",\"@graph\":[{\"@type\":\"WebPage\",\"@id\":\"https:\/\/luxegel.lv\/lv\/product-lv\/kutikulu-stumejs-nazis\/\",\"url\":\"https:\/\/luxegel.lv\/lv\/product-lv\/kutikulu-stumejs-nazis\/\",\"name\":\"KUTIKULU PU\u0160ERIS\/NAZIS - LUXE GEL PROFESSIONAL\u2122\",\"isPartOf\":{\"@id\":\"https:\/\/luxegel.lv\/lv\/#website\"},\"primaryImageOfPage\":{\"@id\":\"https:\/\/luxegel.lv\/lv\/product-lv\/kutikulu-stumejs-nazis\/#primaryimage\"},\"image\":{\"@id\":\"https:\/\/luxegel.lv\/lv\/product-lv\/kutikulu-stumejs-nazis\/#primaryimage\"},\"thumbnailUrl\":\"https:\/\/luxegel.lv\/wp-content\/uploads\/2024\/01\/Pusher1.2_15f13d16-b123-4b36-bb1b-8a4fd832e912.png\",\"datePublished\":\"2021-07-20T15:28:29+00:00\",\"dateModified\":\"2025-10-24T19:00:49+00:00\",\"breadcrumb\":{\"@id\":\"https:\/\/luxegel.lv\/lv\/product-lv\/kutikulu-stumejs-nazis\/#breadcrumb\"},\"inLanguage\":\"lv-LV\",\"potentialAction\":[{\"@type\":\"ReadAction\",\"target\":[\"https:\/\/luxegel.lv\/lv\/product-lv\/kutikulu-stumejs-nazis\/\"]}]},{\"@type\":\"ImageObject\",\"inLanguage\":\"lv-LV\",\"@id\":\"https:\/\/luxegel.lv\/lv\/product-lv\/kutikulu-stumejs-nazis\/#primaryimage\",\"url\":\"https:\/\/luxegel.lv\/wp-content\/uploads\/2024\/01\/Pusher1.2_15f13d16-b123-4b36-bb1b-8a4fd832e912.png\",\"contentUrl\":\"https:\/\/luxegel.lv\/wp-content\/uploads\/2024\/01\/Pusher1.2_15f13d16-b123-4b36-bb1b-8a4fd832e912.png\",\"width\":1000,\"height\":1000},{\"@type\":\"BreadcrumbList\",\"@id\":\"https:\/\/luxegel.lv\/lv\/product-lv\/kutikulu-stumejs-nazis\/#breadcrumb\",\"itemListElement\":[{\"@type\":\"ListItem\",\"position\":1,\"name\":\"Galven\u0101\",\"item\":\"https:\/\/luxegel.lv\/lv\/\"},{\"@type\":\"ListItem\",\"position\":2,\"name\":\"Veikals\",\"item\":\"https:\/\/luxegel.lv\/lv\/veikals\/\"},{\"@type\":\"ListItem\",\"position\":3,\"name\":\"KUTIKULU PU\u0160ERIS\/NAZIS\"}]},{\"@type\":\"WebSite\",\"@id\":\"https:\/\/luxegel.lv\/lv\/#website\",\"url\":\"https:\/\/luxegel.lv\/lv\/\",\"name\":\"LUXE GEL PROFESSIONAL\u2122\",\"description\":\"is a leading nail brand on the European market. Luxe Gel currently stock over 500 products including over 350 shades of gel polish, a complete builder gel system and our famous structure base.\",\"potentialAction\":[{\"@type\":\"SearchAction\",\"target\":{\"@type\":\"EntryPoint\",\"urlTemplate\":\"https:\/\/luxegel.lv\/lv\/?s={search_term_string}\"},\"query-input\":{\"@type\":\"PropertyValueSpecification\",\"valueRequired\":true,\"valueName\":\"search_term_string\"}}],\"inLanguage\":\"lv-LV\"}]}<\/script>\n<!-- \/ Yoast SEO plugin. -->","yoast_head_json":{"title":"KUTIKULU PU\u0160ERIS\/NAZIS - LUXE GEL PROFESSIONAL\u2122","robots":{"index":"index","follow":"follow","max-snippet":"max-snippet:-1","max-image-preview":"max-image-preview:large","max-video-preview":"max-video-preview:-1"},"canonical":"https:\/\/luxegel.lv\/lv\/product-lv\/kutikulu-stumejs-nazis\/","og_locale":"lv_LV","og_type":"article","og_title":"KUTIKULU PU\u0160ERIS\/NAZIS - LUXE GEL PROFESSIONAL\u2122","og_description":"Profesion\u0101ls kutikulu pu\u0161eris &#8211; roz\u0101 zelta kr\u0101s\u0101 #luxegelpusher Instrumenta garums: 138 mm Darba da\u013cas: noapa\u013cotas formas pu\u0161eris, izliekts na\u017ea asmens","og_url":"https:\/\/luxegel.lv\/lv\/product-lv\/kutikulu-stumejs-nazis\/","og_site_name":"LUXE GEL PROFESSIONAL\u2122","article_modified_time":"2025-10-24T19:00:49+00:00","og_image":[{"width":1000,"height":1000,"url":"https:\/\/luxegel.lv\/wp-content\/uploads\/2024\/01\/Pusher1.2_15f13d16-b123-4b36-bb1b-8a4fd832e912.png","type":"image\/png"}],"twitter_card":"summary_large_image","schema":{"@context":"https:\/\/schema.org","@graph":[{"@type":"WebPage","@id":"https:\/\/luxegel.lv\/lv\/product-lv\/kutikulu-stumejs-nazis\/","url":"https:\/\/luxegel.lv\/lv\/product-lv\/kutikulu-stumejs-nazis\/","name":"KUTIKULU PU\u0160ERIS\/NAZIS - LUXE GEL PROFESSIONAL\u2122","isPartOf":{"@id":"https:\/\/luxegel.lv\/lv\/#website"},"primaryImageOfPage":{"@id":"https:\/\/luxegel.lv\/lv\/product-lv\/kutikulu-stumejs-nazis\/#primaryimage"},"image":{"@id":"https:\/\/luxegel.lv\/lv\/product-lv\/kutikulu-stumejs-nazis\/#primaryimage"},"thumbnailUrl":"https:\/\/luxegel.lv\/wp-content\/uploads\/2024\/01\/Pusher1.2_15f13d16-b123-4b36-bb1b-8a4fd832e912.png","datePublished":"2021-07-20T15:28:29+00:00","dateModified":"2025-10-24T19:00:49+00:00","breadcrumb":{"@id":"https:\/\/luxegel.lv\/lv\/product-lv\/kutikulu-stumejs-nazis\/#breadcrumb"},"inLanguage":"lv-LV","potentialAction":[{"@type":"ReadAction","target":["https:\/\/luxegel.lv\/lv\/product-lv\/kutikulu-stumejs-nazis\/"]}]},{"@type":"ImageObject","inLanguage":"lv-LV","@id":"https:\/\/luxegel.lv\/lv\/product-lv\/kutikulu-stumejs-nazis\/#primaryimage","url":"https:\/\/luxegel.lv\/wp-content\/uploads\/2024\/01\/Pusher1.2_15f13d16-b123-4b36-bb1b-8a4fd832e912.png","contentUrl":"https:\/\/luxegel.lv\/wp-content\/uploads\/2024\/01\/Pusher1.2_15f13d16-b123-4b36-bb1b-8a4fd832e912.png","width":1000,"height":1000},{"@type":"BreadcrumbList","@id":"https:\/\/luxegel.lv\/lv\/product-lv\/kutikulu-stumejs-nazis\/#breadcrumb","itemListElement":[{"@type":"ListItem","position":1,"name":"Galven\u0101","item":"https:\/\/luxegel.lv\/lv\/"},{"@type":"ListItem","position":2,"name":"Veikals","item":"https:\/\/luxegel.lv\/lv\/veikals\/"},{"@type":"ListItem","position":3,"name":"KUTIKULU PU\u0160ERIS\/NAZIS"}]},{"@type":"WebSite","@id":"https:\/\/luxegel.lv\/lv\/#website","url":"https:\/\/luxegel.lv\/lv\/","name":"LUXE GEL PROFESSIONAL\u2122","description":"is a leading nail brand on the European market. Luxe Gel currently stock over 500 products including over 350 shades of gel polish, a complete builder gel system and our famous structure base.","potentialAction":[{"@type":"SearchAction","target":{"@type":"EntryPoint","urlTemplate":"https:\/\/luxegel.lv\/lv\/?s={search_term_string}"},"query-input":{"@type":"PropertyValueSpecification","valueRequired":true,"valueName":"search_term_string"}}],"inLanguage":"lv-LV"}]}},"_links":{"self":[{"href":"https:\/\/luxegel.lv\/lv\/wp-json\/wp\/v2\/product\/7909","targetHints":{"allow":["GET"]}}],"collection":[{"href":"https:\/\/luxegel.lv\/lv\/wp-json\/wp\/v2\/product"}],"about":[{"href":"https:\/\/luxegel.lv\/lv\/wp-json\/wp\/v2\/types\/product"}],"version-history":[{"count":0,"href":"https:\/\/luxegel.lv\/lv\/wp-json\/wp\/v2\/product\/7909\/revisions"}],"wp:featuredmedia":[{"embeddable":true,"href":"https:\/\/luxegel.lv\/lv\/wp-json\/wp\/v2\/media\/3664"}],"wp:attachment":[{"href":"https:\/\/luxegel.lv\/lv\/wp-json\/wp\/v2\/media?parent=7909"}],"wp:term":[{"taxonomy":"product_brand","embeddable":true,"href":"https:\/\/luxegel.lv\/lv\/wp-json\/wp\/v2\/product_brand?post=7909"},{"taxonomy":"product_cat","embeddable":true,"href":"https:\/\/luxegel.lv\/lv\/wp-json\/wp\/v2\/product_cat?post=7909"},{"taxonomy":"product_tag","embeddable":true,"href":"https:\/\/luxegel.lv\/lv\/wp-json\/wp\/v2\/product_tag?post=7909"}],"curies":[{"name":"wp","href":"https:\/\/api.w.org\/{rel}","templated":true}]}}