{"id":7893,"date":"2021-07-20T15:28:34","date_gmt":"2021-07-20T15:28:34","guid":{"rendered":"https:\/\/luxegel.lv\/product\/skaidra-strukturas-baze\/"},"modified":"2026-04-09T06:45:13","modified_gmt":"2026-04-09T06:45:13","slug":"clear-strukturbaze-originala-formula","status":"publish","type":"product","link":"https:\/\/luxegel.lv\/lv\/product-lv\/clear-strukturbaze-originala-formula\/","title":{"rendered":"CLEAR STRUKT\u016aRB\u0100ZE &#8211; ORI\u0122IN\u0100L\u0100 FORMULA"},"content":{"rendered":"<p data-mce-fragment=\"1\"><em data-mce-fragment=\"1\"><strong data-mce-fragment=\"1\">Strukt\u016brb\u0101zes ir m\u016bsu top produkts, kas ir neaizst\u0101jams iztur\u012bgu un skaistu nagu veido\u0161anai. Lielisks l\u012bdzeklis dab\u012bgo nagu stiprin\u0101\u0161anai, kas \u013caus tiem augt gar\u0101kiem. <\/strong><\/em><\/p>\n<p data-mce-fragment=\"1\"><em data-mce-fragment=\"1\"><b data-mce-fragment=\"1\">Formul\u0101 ietilpst praimeris un b\u016bv\u0113jo\u0161ais g\u0113ls \u2014 viss vien\u0101 \u0113rt\u0101 pudel\u012bt\u0113 (BIAB). <\/b><\/em><\/p>\n<p data-mce-fragment=\"1\"><em data-mce-fragment=\"1\"><b data-mce-fragment=\"1\">#luxegelstructurebase<\/b><\/em><\/p>\n<p data-mce-fragment=\"1\"><strong data-mce-fragment=\"1\">Strukt\u016brb\u0101zes priek\u0161roc\u012bbas:<\/strong><\/p>\n<ul data-mce-fragment=\"1\">\n<li data-mce-fragment=\"1\">100% g\u0113la formula;<\/li>\n<li data-mce-fragment=\"1\">nav nepiecie\u0161ams praimeris vai b\u0101ze;<\/li>\n<li data-mce-fragment=\"1\">pa\u0161izl\u012bdzino\u0161a;<\/li>\n<li data-mce-fragment=\"1\">iztur\u012bgi nagi 3+ ned\u0113\u013cu garum\u0101;<\/li>\n<li data-mce-fragment=\"1\">materi\u0101ls ne\u0161\u0137e\u013cas un neatsl\u0101\u0146ojas no dab\u012bg\u0101 naga;<\/li>\n<li data-mce-fragment=\"1\">var atmiek\u0161\u0137\u0113t, lai no\u0146emtu piln\u012bb\u0101, vai aizpild\u012bt ataugu\u0161o naga da\u013cu;<\/li>\n<li data-mce-fragment=\"1\"><span data-mce-fragment=\"1\">stiprina<\/span> dab\u012bgos nagus, var izmantot \u012bsu nagu pieaudz\u0113\u0161anai;<\/li>\n<li data-mce-fragment=\"1\">\u017e\u016bst UV\/LED lamp\u0101 (120 sekundes UV lamp\u0101, 60 sekundes \u2013 LED)<\/li>\n<li data-mce-fragment=\"1\">12ml<\/li>\n<\/ul>\n<p data-mce-fragment=\"1\">\n","protected":false},"excerpt":{"rendered":"<p>Strukt\u016brb\u0101zes ir m\u016bsu top produkts, kas ir neaizst\u0101jams iztur\u012bgu un skaistu nagu veido\u0161anai. Lielisks l\u012bdzeklis dab\u012bgo nagu stiprin\u0101\u0161anai, kas \u013caus<\/p>\n","protected":false},"featured_media":3540,"template":"","meta":{"_acf_changed":false},"product_brand":[],"product_cat":[154,487,557],"product_tag":[222,221],"class_list":{"0":"post-7893","1":"product","2":"type-product","3":"status-publish","4":"has-post-thumbnail","6":"product_cat-luxe-gel-professional-lv","7":"product_cat-stiprinasanai-un-pieaudzesanai","8":"product_cat-strukturbaze-originala-formula","9":"product_tag-produkti","10":"product_tag-visi-produkti","12":"first","13":"instock","14":"shipping-taxable","15":"purchasable","16":"product-type-simple"},"acf":[],"yoast_head":"<!-- This site is optimized with the Yoast SEO plugin v23.8 - https:\/\/yoast.com\/wordpress\/plugins\/seo\/ -->\n<title>CLEAR STRUKT\u016aRB\u0100ZE - ORI\u0122IN\u0100L\u0100 FORMULA - LUXE GEL PROFESSIONAL\u2122<\/title>\n<meta name=\"robots\" content=\"index, follow, max-snippet:-1, max-image-preview:large, max-video-preview:-1\" \/>\n<link rel=\"canonical\" href=\"https:\/\/luxegel.lv\/lv\/product-lv\/clear-strukturbaze-originala-formula\/\" \/>\n<meta property=\"og:locale\" content=\"lv_LV\" \/>\n<meta property=\"og:type\" content=\"article\" \/>\n<meta property=\"og:title\" content=\"CLEAR STRUKT\u016aRB\u0100ZE - ORI\u0122IN\u0100L\u0100 FORMULA - LUXE GEL PROFESSIONAL\u2122\" \/>\n<meta property=\"og:description\" content=\"Strukt\u016brb\u0101zes ir m\u016bsu top produkts, kas ir neaizst\u0101jams iztur\u012bgu un skaistu nagu veido\u0161anai. Lielisks l\u012bdzeklis dab\u012bgo nagu stiprin\u0101\u0161anai, kas \u013caus\" \/>\n<meta property=\"og:url\" content=\"https:\/\/luxegel.lv\/lv\/product-lv\/clear-strukturbaze-originala-formula\/\" \/>\n<meta property=\"og:site_name\" content=\"LUXE GEL PROFESSIONAL\u2122\" \/>\n<meta property=\"article:modified_time\" content=\"2026-04-09T06:45:13+00:00\" \/>\n<meta property=\"og:image\" content=\"https:\/\/luxegel.lv\/wp-content\/uploads\/2024\/01\/Clear.png\" \/>\n\t<meta property=\"og:image:width\" content=\"800\" \/>\n\t<meta property=\"og:image:height\" content=\"800\" \/>\n\t<meta property=\"og:image:type\" content=\"image\/png\" \/>\n<meta name=\"twitter:card\" content=\"summary_large_image\" \/>\n<meta name=\"twitter:label1\" content=\"Est. reading time\" \/>\n\t<meta name=\"twitter:data1\" content=\"1 minute\" \/>\n<script type=\"application\/ld+json\" class=\"yoast-schema-graph\">{\"@context\":\"https:\/\/schema.org\",\"@graph\":[{\"@type\":\"WebPage\",\"@id\":\"https:\/\/luxegel.lv\/lv\/product-lv\/clear-strukturbaze-originala-formula\/\",\"url\":\"https:\/\/luxegel.lv\/lv\/product-lv\/clear-strukturbaze-originala-formula\/\",\"name\":\"CLEAR STRUKT\u016aRB\u0100ZE - ORI\u0122IN\u0100L\u0100 FORMULA - LUXE GEL PROFESSIONAL\u2122\",\"isPartOf\":{\"@id\":\"https:\/\/luxegel.lv\/lv\/#website\"},\"primaryImageOfPage\":{\"@id\":\"https:\/\/luxegel.lv\/lv\/product-lv\/clear-strukturbaze-originala-formula\/#primaryimage\"},\"image\":{\"@id\":\"https:\/\/luxegel.lv\/lv\/product-lv\/clear-strukturbaze-originala-formula\/#primaryimage\"},\"thumbnailUrl\":\"https:\/\/luxegel.lv\/wp-content\/uploads\/2024\/01\/Clear.png\",\"datePublished\":\"2021-07-20T15:28:34+00:00\",\"dateModified\":\"2026-04-09T06:45:13+00:00\",\"breadcrumb\":{\"@id\":\"https:\/\/luxegel.lv\/lv\/product-lv\/clear-strukturbaze-originala-formula\/#breadcrumb\"},\"inLanguage\":\"lv-LV\",\"potentialAction\":[{\"@type\":\"ReadAction\",\"target\":[\"https:\/\/luxegel.lv\/lv\/product-lv\/clear-strukturbaze-originala-formula\/\"]}]},{\"@type\":\"ImageObject\",\"inLanguage\":\"lv-LV\",\"@id\":\"https:\/\/luxegel.lv\/lv\/product-lv\/clear-strukturbaze-originala-formula\/#primaryimage\",\"url\":\"https:\/\/luxegel.lv\/wp-content\/uploads\/2024\/01\/Clear.png\",\"contentUrl\":\"https:\/\/luxegel.lv\/wp-content\/uploads\/2024\/01\/Clear.png\",\"width\":800,\"height\":800},{\"@type\":\"BreadcrumbList\",\"@id\":\"https:\/\/luxegel.lv\/lv\/product-lv\/clear-strukturbaze-originala-formula\/#breadcrumb\",\"itemListElement\":[{\"@type\":\"ListItem\",\"position\":1,\"name\":\"Galven\u0101\",\"item\":\"https:\/\/luxegel.lv\/lv\/\"},{\"@type\":\"ListItem\",\"position\":2,\"name\":\"Veikals\",\"item\":\"https:\/\/luxegel.lv\/lv\/veikals\/\"},{\"@type\":\"ListItem\",\"position\":3,\"name\":\"CLEAR STRUKT\u016aRB\u0100ZE &#8211; ORI\u0122IN\u0100L\u0100 FORMULA\"}]},{\"@type\":\"WebSite\",\"@id\":\"https:\/\/luxegel.lv\/lv\/#website\",\"url\":\"https:\/\/luxegel.lv\/lv\/\",\"name\":\"LUXE GEL PROFESSIONAL\u2122\",\"description\":\"is a leading nail brand on the European market. Luxe Gel currently stock over 500 products including over 350 shades of gel polish, a complete builder gel system and our famous structure base.\",\"potentialAction\":[{\"@type\":\"SearchAction\",\"target\":{\"@type\":\"EntryPoint\",\"urlTemplate\":\"https:\/\/luxegel.lv\/lv\/?s={search_term_string}\"},\"query-input\":{\"@type\":\"PropertyValueSpecification\",\"valueRequired\":true,\"valueName\":\"search_term_string\"}}],\"inLanguage\":\"lv-LV\"}]}<\/script>\n<!-- \/ Yoast SEO plugin. -->","yoast_head_json":{"title":"CLEAR STRUKT\u016aRB\u0100ZE - ORI\u0122IN\u0100L\u0100 FORMULA - LUXE GEL PROFESSIONAL\u2122","robots":{"index":"index","follow":"follow","max-snippet":"max-snippet:-1","max-image-preview":"max-image-preview:large","max-video-preview":"max-video-preview:-1"},"canonical":"https:\/\/luxegel.lv\/lv\/product-lv\/clear-strukturbaze-originala-formula\/","og_locale":"lv_LV","og_type":"article","og_title":"CLEAR STRUKT\u016aRB\u0100ZE - ORI\u0122IN\u0100L\u0100 FORMULA - LUXE GEL PROFESSIONAL\u2122","og_description":"Strukt\u016brb\u0101zes ir m\u016bsu top produkts, kas ir neaizst\u0101jams iztur\u012bgu un skaistu nagu veido\u0161anai. Lielisks l\u012bdzeklis dab\u012bgo nagu stiprin\u0101\u0161anai, kas \u013caus","og_url":"https:\/\/luxegel.lv\/lv\/product-lv\/clear-strukturbaze-originala-formula\/","og_site_name":"LUXE GEL PROFESSIONAL\u2122","article_modified_time":"2026-04-09T06:45:13+00:00","og_image":[{"width":800,"height":800,"url":"https:\/\/luxegel.lv\/wp-content\/uploads\/2024\/01\/Clear.png","type":"image\/png"}],"twitter_card":"summary_large_image","twitter_misc":{"Est. reading time":"1 minute"},"schema":{"@context":"https:\/\/schema.org","@graph":[{"@type":"WebPage","@id":"https:\/\/luxegel.lv\/lv\/product-lv\/clear-strukturbaze-originala-formula\/","url":"https:\/\/luxegel.lv\/lv\/product-lv\/clear-strukturbaze-originala-formula\/","name":"CLEAR STRUKT\u016aRB\u0100ZE - ORI\u0122IN\u0100L\u0100 FORMULA - LUXE GEL PROFESSIONAL\u2122","isPartOf":{"@id":"https:\/\/luxegel.lv\/lv\/#website"},"primaryImageOfPage":{"@id":"https:\/\/luxegel.lv\/lv\/product-lv\/clear-strukturbaze-originala-formula\/#primaryimage"},"image":{"@id":"https:\/\/luxegel.lv\/lv\/product-lv\/clear-strukturbaze-originala-formula\/#primaryimage"},"thumbnailUrl":"https:\/\/luxegel.lv\/wp-content\/uploads\/2024\/01\/Clear.png","datePublished":"2021-07-20T15:28:34+00:00","dateModified":"2026-04-09T06:45:13+00:00","breadcrumb":{"@id":"https:\/\/luxegel.lv\/lv\/product-lv\/clear-strukturbaze-originala-formula\/#breadcrumb"},"inLanguage":"lv-LV","potentialAction":[{"@type":"ReadAction","target":["https:\/\/luxegel.lv\/lv\/product-lv\/clear-strukturbaze-originala-formula\/"]}]},{"@type":"ImageObject","inLanguage":"lv-LV","@id":"https:\/\/luxegel.lv\/lv\/product-lv\/clear-strukturbaze-originala-formula\/#primaryimage","url":"https:\/\/luxegel.lv\/wp-content\/uploads\/2024\/01\/Clear.png","contentUrl":"https:\/\/luxegel.lv\/wp-content\/uploads\/2024\/01\/Clear.png","width":800,"height":800},{"@type":"BreadcrumbList","@id":"https:\/\/luxegel.lv\/lv\/product-lv\/clear-strukturbaze-originala-formula\/#breadcrumb","itemListElement":[{"@type":"ListItem","position":1,"name":"Galven\u0101","item":"https:\/\/luxegel.lv\/lv\/"},{"@type":"ListItem","position":2,"name":"Veikals","item":"https:\/\/luxegel.lv\/lv\/veikals\/"},{"@type":"ListItem","position":3,"name":"CLEAR STRUKT\u016aRB\u0100ZE &#8211; ORI\u0122IN\u0100L\u0100 FORMULA"}]},{"@type":"WebSite","@id":"https:\/\/luxegel.lv\/lv\/#website","url":"https:\/\/luxegel.lv\/lv\/","name":"LUXE GEL PROFESSIONAL\u2122","description":"is a leading nail brand on the European market. Luxe Gel currently stock over 500 products including over 350 shades of gel polish, a complete builder gel system and our famous structure base.","potentialAction":[{"@type":"SearchAction","target":{"@type":"EntryPoint","urlTemplate":"https:\/\/luxegel.lv\/lv\/?s={search_term_string}"},"query-input":{"@type":"PropertyValueSpecification","valueRequired":true,"valueName":"search_term_string"}}],"inLanguage":"lv-LV"}]}},"_links":{"self":[{"href":"https:\/\/luxegel.lv\/lv\/wp-json\/wp\/v2\/product\/7893","targetHints":{"allow":["GET"]}}],"collection":[{"href":"https:\/\/luxegel.lv\/lv\/wp-json\/wp\/v2\/product"}],"about":[{"href":"https:\/\/luxegel.lv\/lv\/wp-json\/wp\/v2\/types\/product"}],"version-history":[{"count":3,"href":"https:\/\/luxegel.lv\/lv\/wp-json\/wp\/v2\/product\/7893\/revisions"}],"predecessor-version":[{"id":22367,"href":"https:\/\/luxegel.lv\/lv\/wp-json\/wp\/v2\/product\/7893\/revisions\/22367"}],"wp:featuredmedia":[{"embeddable":true,"href":"https:\/\/luxegel.lv\/lv\/wp-json\/wp\/v2\/media\/3540"}],"wp:attachment":[{"href":"https:\/\/luxegel.lv\/lv\/wp-json\/wp\/v2\/media?parent=7893"}],"wp:term":[{"taxonomy":"product_brand","embeddable":true,"href":"https:\/\/luxegel.lv\/lv\/wp-json\/wp\/v2\/product_brand?post=7893"},{"taxonomy":"product_cat","embeddable":true,"href":"https:\/\/luxegel.lv\/lv\/wp-json\/wp\/v2\/product_cat?post=7893"},{"taxonomy":"product_tag","embeddable":true,"href":"https:\/\/luxegel.lv\/lv\/wp-json\/wp\/v2\/product_tag?post=7893"}],"curies":[{"name":"wp","href":"https:\/\/api.w.org\/{rel}","templated":true}]}}