{"id":7864,"date":"2021-07-20T15:30:31","date_gmt":"2021-07-20T15:30:31","guid":{"rendered":"https:\/\/luxegel.lv\/product\/spa-roku-krems\/"},"modified":"2025-09-02T15:31:28","modified_gmt":"2025-09-02T15:31:28","slug":"spa-roku-krems","status":"publish","type":"product","link":"https:\/\/luxegel.lv\/lv\/product-lv\/spa-roku-krems\/","title":{"rendered":"SPA ROKU KR\u0112MS"},"content":{"rendered":"<h3 class=\"title module-title block-title\" data-mce-fragment=\"1\">Luxe Gel Professional SPA roku kr\u0113ms<\/h3>\n<div class=\"block-wrapper\" data-mce-fragment=\"1\">\n<div class=\"block-content expand-content block-html block-expanded\" data-mce-fragment=\"1\">\n<p data-mce-fragment=\"1\"><strong>Inovat\u012bv\u0101 roku kr\u0113ma formula ar 5% ur\u012bnvielas, mande\u013cu e\u013c\u013cas, E vitam\u012bna un glicer\u012bna saturu nodro\u0161ina ide\u0101lu mitrin\u0101\u0161anu, re\u0123ener\u0101ciju un dehidr\u0113tas un iekaisu\u0161as \u0101das kop\u0161anu. Regul\u0101ra lieto\u0161ana nodro\u0161in\u0101s elast\u012bbas uzlabo\u0161anos un padar\u012bs roku \u0101du samtaini m\u012bkstu.<\/strong><\/p>\n<p data-mce-fragment=\"1\"><em><strong>#luxegelhandcream<\/strong><\/em><\/p>\n<p data-mce-fragment=\"1\">Luxe Gel Professional SPA roku kr\u0113ms atst\u0101j maigu un pat\u012bkamu smar\u017eu.<\/p>\n<p data-mce-fragment=\"1\"><b data-mce-fragment=\"1\">\u012apa\u0161\u012bbas:<\/b><\/p>\n<ul data-mce-fragment=\"1\">\n<li data-mce-fragment=\"1\">Mitrina sausu un dehidr\u0113tu \u0101du<\/li>\n<li data-mce-fragment=\"1\">M\u012bkstina un veic maigu p\u012blingu<\/li>\n<li data-mce-fragment=\"1\">Re\u0123ener\u0113<\/li>\n<li data-mce-fragment=\"1\">110ML<\/li>\n<\/ul>\n<p data-mce-fragment=\"1\"><b data-mce-fragment=\"1\">Lieto\u0161ana:<\/b><span data-mce-fragment=\"1\"> <\/span>iemas\u0113jiet kr\u0113mu t\u012br\u0101 un saus\u0101 roku \u0101d\u0101, l\u012bdz tas piln\u012bb\u0101 ies\u016bcas.<\/p>\n<p data-mce-fragment=\"1\"><b data-mce-fragment=\"1\">Sast\u0101vda\u013cas, kas ir roku kr\u0113ma sast\u0101v\u0101:<\/b><\/p>\n<p data-mce-fragment=\"1\"><b data-mce-fragment=\"1\">Urea 5%<\/b><span data-mce-fragment=\"1\"> <\/span>&#8211; mitrina un m\u012bkstina sausu \u0101du, pa\u0101trina re\u0123ener\u0101ciju, veicina \u016bdens saist\u012b\u0161anu ar kerat\u012bnu.<\/p>\n<p data-mce-fragment=\"1\"><b data-mce-fragment=\"1\">Glicer\u012bns<\/b><span data-mce-fragment=\"1\"> <\/span>&#8211; saista \u016bdeni epiderm\u0101, mitrina un aizsarg\u0101 pret p\u0101rm\u0113r\u012bgu \u0101das iz\u017e\u016b\u0161anu, nomierina, uzlabo elast\u012bbu, veicina citu vielu uzs\u016bk\u0161anos dzi\u013ci \u0101d\u0101.<\/p>\n<p data-mce-fragment=\"1\"><b data-mce-fragment=\"1\">E vitam\u012bns<\/b><span data-mce-fragment=\"1\"> <\/span>&#8211; pretiekaisuma iedarb\u012bba un pal\u0113nina \u0101das noveco\u0161anos. Tas aizsarg\u0101 pret br\u012bvajiem radik\u0101\u013ciem, iek\u013caujas starp\u0161\u016bnu saistviel\u0101, regul\u0113 \u016bdens l\u012bmeni \u0101d\u0101, normaliz\u0113 \u0101das reaktivit\u0101ti. To izmanto kosm\u0113tik\u0101, lai stiprin\u0101tu \u0101das elast\u012bbu.<\/p>\n<p data-mce-fragment=\"1\"><b data-mce-fragment=\"1\">Mande\u013cu e\u013c\u013ca<\/b><span data-mce-fragment=\"1\"> <\/span>&#8211; tas ir lielisks mitrin\u0101t\u0101js, satur antioksidantus. To ieteicams lietot sausai, iekaisu\u0161ai \u0101dai un p\u0113c sau\u013co\u0161an\u0101s.<\/p>\n<\/div>\n<\/div>\n","protected":false},"excerpt":{"rendered":"<p>Luxe Gel Professional SPA roku kr\u0113ms Inovat\u012bv\u0101 roku kr\u0113ma formula ar 5% ur\u012bnvielas, mande\u013cu e\u013c\u013cas, E vitam\u012bna un glicer\u012bna saturu<\/p>\n","protected":false},"featured_media":5256,"template":"","meta":{"_acf_changed":false,"om_disable_all_campaigns":false},"product_brand":[],"product_cat":[276,154],"product_tag":[222,221],"class_list":{"0":"post-7864","1":"product","2":"type-product","3":"status-publish","4":"has-post-thumbnail","6":"product_cat-drugie-tovary","7":"product_cat-luxe-gel-professional-lv","8":"product_tag-produkti","9":"product_tag-visi-produkti","11":"first","12":"outofstock","13":"shipping-taxable","14":"purchasable","15":"product-type-simple"},"acf":[],"yoast_head":"<!-- This site is optimized with the Yoast SEO plugin v23.8 - https:\/\/yoast.com\/wordpress\/plugins\/seo\/ -->\n<title>SPA ROKU KR\u0112MS - LUXE GEL PROFESSIONAL\u2122<\/title>\n<meta name=\"robots\" content=\"index, follow, max-snippet:-1, max-image-preview:large, max-video-preview:-1\" \/>\n<link rel=\"canonical\" href=\"https:\/\/luxegel.lv\/lv\/product-lv\/spa-roku-krems\/\" \/>\n<meta property=\"og:locale\" content=\"lv_LV\" \/>\n<meta property=\"og:type\" content=\"article\" \/>\n<meta property=\"og:title\" content=\"SPA ROKU KR\u0112MS - LUXE GEL PROFESSIONAL\u2122\" \/>\n<meta property=\"og:description\" content=\"Luxe Gel Professional SPA roku kr\u0113ms Inovat\u012bv\u0101 roku kr\u0113ma formula ar 5% ur\u012bnvielas, mande\u013cu e\u013c\u013cas, E vitam\u012bna un glicer\u012bna saturu\" \/>\n<meta property=\"og:url\" content=\"https:\/\/luxegel.lv\/lv\/product-lv\/spa-roku-krems\/\" \/>\n<meta property=\"og:site_name\" content=\"LUXE GEL PROFESSIONAL\u2122\" \/>\n<meta property=\"article:modified_time\" content=\"2025-09-02T15:31:28+00:00\" \/>\n<meta property=\"og:image\" content=\"https:\/\/luxegel.lv\/wp-content\/uploads\/2024\/01\/hk-1000x1000h.jpg\" \/>\n\t<meta property=\"og:image:width\" content=\"1000\" \/>\n\t<meta property=\"og:image:height\" content=\"1000\" \/>\n\t<meta property=\"og:image:type\" content=\"image\/jpeg\" \/>\n<meta name=\"twitter:card\" content=\"summary_large_image\" \/>\n<meta name=\"twitter:label1\" content=\"Est. reading time\" \/>\n\t<meta name=\"twitter:data1\" content=\"1 minute\" \/>\n<script type=\"application\/ld+json\" class=\"yoast-schema-graph\">{\"@context\":\"https:\/\/schema.org\",\"@graph\":[{\"@type\":\"WebPage\",\"@id\":\"https:\/\/luxegel.lv\/lv\/product-lv\/spa-roku-krems\/\",\"url\":\"https:\/\/luxegel.lv\/lv\/product-lv\/spa-roku-krems\/\",\"name\":\"SPA ROKU KR\u0112MS - LUXE GEL PROFESSIONAL\u2122\",\"isPartOf\":{\"@id\":\"https:\/\/luxegel.lv\/lv\/#website\"},\"primaryImageOfPage\":{\"@id\":\"https:\/\/luxegel.lv\/lv\/product-lv\/spa-roku-krems\/#primaryimage\"},\"image\":{\"@id\":\"https:\/\/luxegel.lv\/lv\/product-lv\/spa-roku-krems\/#primaryimage\"},\"thumbnailUrl\":\"https:\/\/luxegel.lv\/wp-content\/uploads\/2024\/01\/hk-1000x1000h.jpg\",\"datePublished\":\"2021-07-20T15:30:31+00:00\",\"dateModified\":\"2025-09-02T15:31:28+00:00\",\"breadcrumb\":{\"@id\":\"https:\/\/luxegel.lv\/lv\/product-lv\/spa-roku-krems\/#breadcrumb\"},\"inLanguage\":\"lv-LV\",\"potentialAction\":[{\"@type\":\"ReadAction\",\"target\":[\"https:\/\/luxegel.lv\/lv\/product-lv\/spa-roku-krems\/\"]}]},{\"@type\":\"ImageObject\",\"inLanguage\":\"lv-LV\",\"@id\":\"https:\/\/luxegel.lv\/lv\/product-lv\/spa-roku-krems\/#primaryimage\",\"url\":\"https:\/\/luxegel.lv\/wp-content\/uploads\/2024\/01\/hk-1000x1000h.jpg\",\"contentUrl\":\"https:\/\/luxegel.lv\/wp-content\/uploads\/2024\/01\/hk-1000x1000h.jpg\",\"width\":1000,\"height\":1000},{\"@type\":\"BreadcrumbList\",\"@id\":\"https:\/\/luxegel.lv\/lv\/product-lv\/spa-roku-krems\/#breadcrumb\",\"itemListElement\":[{\"@type\":\"ListItem\",\"position\":1,\"name\":\"Galven\u0101\",\"item\":\"https:\/\/luxegel.lv\/lv\/\"},{\"@type\":\"ListItem\",\"position\":2,\"name\":\"Veikals\",\"item\":\"https:\/\/luxegel.lv\/lv\/veikals\/\"},{\"@type\":\"ListItem\",\"position\":3,\"name\":\"SPA ROKU KR\u0112MS\"}]},{\"@type\":\"WebSite\",\"@id\":\"https:\/\/luxegel.lv\/lv\/#website\",\"url\":\"https:\/\/luxegel.lv\/lv\/\",\"name\":\"LUXE GEL PROFESSIONAL\u2122\",\"description\":\"is a leading nail brand on the European market. Luxe Gel currently stock over 500 products including over 350 shades of gel polish, a complete builder gel system and our famous structure base.\",\"potentialAction\":[{\"@type\":\"SearchAction\",\"target\":{\"@type\":\"EntryPoint\",\"urlTemplate\":\"https:\/\/luxegel.lv\/lv\/?s={search_term_string}\"},\"query-input\":{\"@type\":\"PropertyValueSpecification\",\"valueRequired\":true,\"valueName\":\"search_term_string\"}}],\"inLanguage\":\"lv-LV\"}]}<\/script>\n<!-- \/ Yoast SEO plugin. -->","yoast_head_json":{"title":"SPA ROKU KR\u0112MS - LUXE GEL PROFESSIONAL\u2122","robots":{"index":"index","follow":"follow","max-snippet":"max-snippet:-1","max-image-preview":"max-image-preview:large","max-video-preview":"max-video-preview:-1"},"canonical":"https:\/\/luxegel.lv\/lv\/product-lv\/spa-roku-krems\/","og_locale":"lv_LV","og_type":"article","og_title":"SPA ROKU KR\u0112MS - LUXE GEL PROFESSIONAL\u2122","og_description":"Luxe Gel Professional SPA roku kr\u0113ms Inovat\u012bv\u0101 roku kr\u0113ma formula ar 5% ur\u012bnvielas, mande\u013cu e\u013c\u013cas, E vitam\u012bna un glicer\u012bna saturu","og_url":"https:\/\/luxegel.lv\/lv\/product-lv\/spa-roku-krems\/","og_site_name":"LUXE GEL PROFESSIONAL\u2122","article_modified_time":"2025-09-02T15:31:28+00:00","og_image":[{"width":1000,"height":1000,"url":"https:\/\/luxegel.lv\/wp-content\/uploads\/2024\/01\/hk-1000x1000h.jpg","type":"image\/jpeg"}],"twitter_card":"summary_large_image","twitter_misc":{"Est. reading time":"1 minute"},"schema":{"@context":"https:\/\/schema.org","@graph":[{"@type":"WebPage","@id":"https:\/\/luxegel.lv\/lv\/product-lv\/spa-roku-krems\/","url":"https:\/\/luxegel.lv\/lv\/product-lv\/spa-roku-krems\/","name":"SPA ROKU KR\u0112MS - LUXE GEL PROFESSIONAL\u2122","isPartOf":{"@id":"https:\/\/luxegel.lv\/lv\/#website"},"primaryImageOfPage":{"@id":"https:\/\/luxegel.lv\/lv\/product-lv\/spa-roku-krems\/#primaryimage"},"image":{"@id":"https:\/\/luxegel.lv\/lv\/product-lv\/spa-roku-krems\/#primaryimage"},"thumbnailUrl":"https:\/\/luxegel.lv\/wp-content\/uploads\/2024\/01\/hk-1000x1000h.jpg","datePublished":"2021-07-20T15:30:31+00:00","dateModified":"2025-09-02T15:31:28+00:00","breadcrumb":{"@id":"https:\/\/luxegel.lv\/lv\/product-lv\/spa-roku-krems\/#breadcrumb"},"inLanguage":"lv-LV","potentialAction":[{"@type":"ReadAction","target":["https:\/\/luxegel.lv\/lv\/product-lv\/spa-roku-krems\/"]}]},{"@type":"ImageObject","inLanguage":"lv-LV","@id":"https:\/\/luxegel.lv\/lv\/product-lv\/spa-roku-krems\/#primaryimage","url":"https:\/\/luxegel.lv\/wp-content\/uploads\/2024\/01\/hk-1000x1000h.jpg","contentUrl":"https:\/\/luxegel.lv\/wp-content\/uploads\/2024\/01\/hk-1000x1000h.jpg","width":1000,"height":1000},{"@type":"BreadcrumbList","@id":"https:\/\/luxegel.lv\/lv\/product-lv\/spa-roku-krems\/#breadcrumb","itemListElement":[{"@type":"ListItem","position":1,"name":"Galven\u0101","item":"https:\/\/luxegel.lv\/lv\/"},{"@type":"ListItem","position":2,"name":"Veikals","item":"https:\/\/luxegel.lv\/lv\/veikals\/"},{"@type":"ListItem","position":3,"name":"SPA ROKU KR\u0112MS"}]},{"@type":"WebSite","@id":"https:\/\/luxegel.lv\/lv\/#website","url":"https:\/\/luxegel.lv\/lv\/","name":"LUXE GEL PROFESSIONAL\u2122","description":"is a leading nail brand on the European market. Luxe Gel currently stock over 500 products including over 350 shades of gel polish, a complete builder gel system and our famous structure base.","potentialAction":[{"@type":"SearchAction","target":{"@type":"EntryPoint","urlTemplate":"https:\/\/luxegel.lv\/lv\/?s={search_term_string}"},"query-input":{"@type":"PropertyValueSpecification","valueRequired":true,"valueName":"search_term_string"}}],"inLanguage":"lv-LV"}]}},"_links":{"self":[{"href":"https:\/\/luxegel.lv\/lv\/wp-json\/wp\/v2\/product\/7864","targetHints":{"allow":["GET"]}}],"collection":[{"href":"https:\/\/luxegel.lv\/lv\/wp-json\/wp\/v2\/product"}],"about":[{"href":"https:\/\/luxegel.lv\/lv\/wp-json\/wp\/v2\/types\/product"}],"version-history":[{"count":0,"href":"https:\/\/luxegel.lv\/lv\/wp-json\/wp\/v2\/product\/7864\/revisions"}],"wp:featuredmedia":[{"embeddable":true,"href":"https:\/\/luxegel.lv\/lv\/wp-json\/wp\/v2\/media\/5256"}],"wp:attachment":[{"href":"https:\/\/luxegel.lv\/lv\/wp-json\/wp\/v2\/media?parent=7864"}],"wp:term":[{"taxonomy":"product_brand","embeddable":true,"href":"https:\/\/luxegel.lv\/lv\/wp-json\/wp\/v2\/product_brand?post=7864"},{"taxonomy":"product_cat","embeddable":true,"href":"https:\/\/luxegel.lv\/lv\/wp-json\/wp\/v2\/product_cat?post=7864"},{"taxonomy":"product_tag","embeddable":true,"href":"https:\/\/luxegel.lv\/lv\/wp-json\/wp\/v2\/product_tag?post=7864"}],"curies":[{"name":"wp","href":"https:\/\/api.w.org\/{rel}","templated":true}]}}