{"id":7689,"date":"2021-07-20T15:31:39","date_gmt":"2021-07-20T15:31:39","guid":{"rendered":"https:\/\/luxegel.lv\/product\/plakats\/"},"modified":"2025-10-24T19:04:01","modified_gmt":"2025-10-24T19:04:01","slug":"plakats","status":"publish","type":"product","link":"https:\/\/luxegel.lv\/lv\/product-lv\/plakats\/","title":{"rendered":"PLAK\u0100TS"},"content":{"rendered":"<p data-mce-fragment=\"1\"><strong>Skaists LUXE GEL PROFESSIONAL plak\u0101ts <\/strong><\/p>\n<p data-mce-fragment=\"1\"><em><strong>#luxegelposter<\/strong><\/em><\/p>\n<ul>\n<li>Augsta iz\u0161\u0137irtsp\u0113ja<\/li>\n<li>Izm\u0113rs: A1<\/li>\n<li>Piem\u0113rots jebkuram standarta A1 r\u0101mim<\/li>\n<\/ul>\n<p data-mce-fragment=\"1\"><strong>Plak\u0101ts ir druk\u0101ts ar augst\u0101k\u0101s kvalit\u0101tes kr\u0101s\u0101m uz FSC sertific\u0113ta 200 g\/m2 augst\u0101k\u0101s kvalit\u0101tes dizaina pap\u012bra ar mat\u0113tu apdari un gludu virsmu. Nep\u0101rsp\u0113jamas kvalit\u0101tes att\u0113ls, kas iztur\u0113s laika p\u0101rbaudi.<\/strong><\/p>\n<p data-mce-fragment=\"1\">R\u0101mis nav iek\u013cauts.<\/p>\n","protected":false},"excerpt":{"rendered":"<p>Skaists LUXE GEL PROFESSIONAL plak\u0101ts #luxegelposter Augsta iz\u0161\u0137irtsp\u0113ja Izm\u0113rs: A1 Piem\u0113rots jebkuram standarta A1 r\u0101mim Plak\u0101ts ir druk\u0101ts ar augst\u0101k\u0101s<\/p>\n","protected":false},"featured_media":4912,"template":"","meta":{"_acf_changed":false,"om_disable_all_campaigns":false},"product_brand":[],"product_cat":[276,154,527],"product_tag":[222,221],"class_list":{"0":"post-7689","1":"product","2":"type-product","3":"status-publish","4":"has-post-thumbnail","6":"product_cat-drugie-tovary","7":"product_cat-luxe-gel-professional-lv","8":"product_cat-tipsi-formas-paraugi","9":"product_tag-produkti","10":"product_tag-visi-produkti","12":"first","13":"outofstock","14":"shipping-taxable","15":"purchasable","16":"product-type-simple"},"acf":[],"yoast_head":"<!-- This site is optimized with the Yoast SEO plugin v23.8 - https:\/\/yoast.com\/wordpress\/plugins\/seo\/ -->\n<title>PLAK\u0100TS - LUXE GEL PROFESSIONAL\u2122<\/title>\n<meta name=\"robots\" content=\"index, follow, max-snippet:-1, max-image-preview:large, max-video-preview:-1\" \/>\n<link rel=\"canonical\" href=\"https:\/\/luxegel.lv\/lv\/product-lv\/plakats\/\" \/>\n<meta property=\"og:locale\" content=\"lv_LV\" \/>\n<meta property=\"og:type\" content=\"article\" \/>\n<meta property=\"og:title\" content=\"PLAK\u0100TS - LUXE GEL PROFESSIONAL\u2122\" \/>\n<meta property=\"og:description\" content=\"Skaists LUXE GEL PROFESSIONAL plak\u0101ts #luxegelposter Augsta iz\u0161\u0137irtsp\u0113ja Izm\u0113rs: A1 Piem\u0113rots jebkuram standarta A1 r\u0101mim Plak\u0101ts ir druk\u0101ts ar augst\u0101k\u0101s\" \/>\n<meta property=\"og:url\" content=\"https:\/\/luxegel.lv\/lv\/product-lv\/plakats\/\" \/>\n<meta property=\"og:site_name\" content=\"LUXE GEL PROFESSIONAL\u2122\" \/>\n<meta property=\"article:modified_time\" content=\"2025-10-24T19:04:01+00:00\" \/>\n<meta property=\"og:image\" content=\"https:\/\/luxegel.lv\/wp-content\/uploads\/2024\/01\/luxe-gel-summer-banner-1000x1000-1.jpg\" \/>\n\t<meta property=\"og:image:width\" content=\"1000\" \/>\n\t<meta property=\"og:image:height\" content=\"1000\" \/>\n\t<meta property=\"og:image:type\" content=\"image\/jpeg\" \/>\n<meta name=\"twitter:card\" content=\"summary_large_image\" \/>\n<script type=\"application\/ld+json\" class=\"yoast-schema-graph\">{\"@context\":\"https:\/\/schema.org\",\"@graph\":[{\"@type\":\"WebPage\",\"@id\":\"https:\/\/luxegel.lv\/lv\/product-lv\/plakats\/\",\"url\":\"https:\/\/luxegel.lv\/lv\/product-lv\/plakats\/\",\"name\":\"PLAK\u0100TS - LUXE GEL PROFESSIONAL\u2122\",\"isPartOf\":{\"@id\":\"https:\/\/luxegel.lv\/lv\/#website\"},\"primaryImageOfPage\":{\"@id\":\"https:\/\/luxegel.lv\/lv\/product-lv\/plakats\/#primaryimage\"},\"image\":{\"@id\":\"https:\/\/luxegel.lv\/lv\/product-lv\/plakats\/#primaryimage\"},\"thumbnailUrl\":\"https:\/\/luxegel.lv\/wp-content\/uploads\/2024\/01\/luxe-gel-summer-banner-1000x1000-1.jpg\",\"datePublished\":\"2021-07-20T15:31:39+00:00\",\"dateModified\":\"2025-10-24T19:04:01+00:00\",\"breadcrumb\":{\"@id\":\"https:\/\/luxegel.lv\/lv\/product-lv\/plakats\/#breadcrumb\"},\"inLanguage\":\"lv-LV\",\"potentialAction\":[{\"@type\":\"ReadAction\",\"target\":[\"https:\/\/luxegel.lv\/lv\/product-lv\/plakats\/\"]}]},{\"@type\":\"ImageObject\",\"inLanguage\":\"lv-LV\",\"@id\":\"https:\/\/luxegel.lv\/lv\/product-lv\/plakats\/#primaryimage\",\"url\":\"https:\/\/luxegel.lv\/wp-content\/uploads\/2024\/01\/luxe-gel-summer-banner-1000x1000-1.jpg\",\"contentUrl\":\"https:\/\/luxegel.lv\/wp-content\/uploads\/2024\/01\/luxe-gel-summer-banner-1000x1000-1.jpg\",\"width\":1000,\"height\":1000},{\"@type\":\"BreadcrumbList\",\"@id\":\"https:\/\/luxegel.lv\/lv\/product-lv\/plakats\/#breadcrumb\",\"itemListElement\":[{\"@type\":\"ListItem\",\"position\":1,\"name\":\"Galven\u0101\",\"item\":\"https:\/\/luxegel.lv\/lv\/\"},{\"@type\":\"ListItem\",\"position\":2,\"name\":\"Veikals\",\"item\":\"https:\/\/luxegel.lv\/lv\/veikals\/\"},{\"@type\":\"ListItem\",\"position\":3,\"name\":\"PLAK\u0100TS\"}]},{\"@type\":\"WebSite\",\"@id\":\"https:\/\/luxegel.lv\/lv\/#website\",\"url\":\"https:\/\/luxegel.lv\/lv\/\",\"name\":\"LUXE GEL PROFESSIONAL\u2122\",\"description\":\"is a leading nail brand on the European market. Luxe Gel currently stock over 500 products including over 350 shades of gel polish, a complete builder gel system and our famous structure base.\",\"potentialAction\":[{\"@type\":\"SearchAction\",\"target\":{\"@type\":\"EntryPoint\",\"urlTemplate\":\"https:\/\/luxegel.lv\/lv\/?s={search_term_string}\"},\"query-input\":{\"@type\":\"PropertyValueSpecification\",\"valueRequired\":true,\"valueName\":\"search_term_string\"}}],\"inLanguage\":\"lv-LV\"}]}<\/script>\n<!-- \/ Yoast SEO plugin. -->","yoast_head_json":{"title":"PLAK\u0100TS - LUXE GEL PROFESSIONAL\u2122","robots":{"index":"index","follow":"follow","max-snippet":"max-snippet:-1","max-image-preview":"max-image-preview:large","max-video-preview":"max-video-preview:-1"},"canonical":"https:\/\/luxegel.lv\/lv\/product-lv\/plakats\/","og_locale":"lv_LV","og_type":"article","og_title":"PLAK\u0100TS - LUXE GEL PROFESSIONAL\u2122","og_description":"Skaists LUXE GEL PROFESSIONAL plak\u0101ts #luxegelposter Augsta iz\u0161\u0137irtsp\u0113ja Izm\u0113rs: A1 Piem\u0113rots jebkuram standarta A1 r\u0101mim Plak\u0101ts ir druk\u0101ts ar augst\u0101k\u0101s","og_url":"https:\/\/luxegel.lv\/lv\/product-lv\/plakats\/","og_site_name":"LUXE GEL PROFESSIONAL\u2122","article_modified_time":"2025-10-24T19:04:01+00:00","og_image":[{"width":1000,"height":1000,"url":"https:\/\/luxegel.lv\/wp-content\/uploads\/2024\/01\/luxe-gel-summer-banner-1000x1000-1.jpg","type":"image\/jpeg"}],"twitter_card":"summary_large_image","schema":{"@context":"https:\/\/schema.org","@graph":[{"@type":"WebPage","@id":"https:\/\/luxegel.lv\/lv\/product-lv\/plakats\/","url":"https:\/\/luxegel.lv\/lv\/product-lv\/plakats\/","name":"PLAK\u0100TS - LUXE GEL PROFESSIONAL\u2122","isPartOf":{"@id":"https:\/\/luxegel.lv\/lv\/#website"},"primaryImageOfPage":{"@id":"https:\/\/luxegel.lv\/lv\/product-lv\/plakats\/#primaryimage"},"image":{"@id":"https:\/\/luxegel.lv\/lv\/product-lv\/plakats\/#primaryimage"},"thumbnailUrl":"https:\/\/luxegel.lv\/wp-content\/uploads\/2024\/01\/luxe-gel-summer-banner-1000x1000-1.jpg","datePublished":"2021-07-20T15:31:39+00:00","dateModified":"2025-10-24T19:04:01+00:00","breadcrumb":{"@id":"https:\/\/luxegel.lv\/lv\/product-lv\/plakats\/#breadcrumb"},"inLanguage":"lv-LV","potentialAction":[{"@type":"ReadAction","target":["https:\/\/luxegel.lv\/lv\/product-lv\/plakats\/"]}]},{"@type":"ImageObject","inLanguage":"lv-LV","@id":"https:\/\/luxegel.lv\/lv\/product-lv\/plakats\/#primaryimage","url":"https:\/\/luxegel.lv\/wp-content\/uploads\/2024\/01\/luxe-gel-summer-banner-1000x1000-1.jpg","contentUrl":"https:\/\/luxegel.lv\/wp-content\/uploads\/2024\/01\/luxe-gel-summer-banner-1000x1000-1.jpg","width":1000,"height":1000},{"@type":"BreadcrumbList","@id":"https:\/\/luxegel.lv\/lv\/product-lv\/plakats\/#breadcrumb","itemListElement":[{"@type":"ListItem","position":1,"name":"Galven\u0101","item":"https:\/\/luxegel.lv\/lv\/"},{"@type":"ListItem","position":2,"name":"Veikals","item":"https:\/\/luxegel.lv\/lv\/veikals\/"},{"@type":"ListItem","position":3,"name":"PLAK\u0100TS"}]},{"@type":"WebSite","@id":"https:\/\/luxegel.lv\/lv\/#website","url":"https:\/\/luxegel.lv\/lv\/","name":"LUXE GEL PROFESSIONAL\u2122","description":"is a leading nail brand on the European market. Luxe Gel currently stock over 500 products including over 350 shades of gel polish, a complete builder gel system and our famous structure base.","potentialAction":[{"@type":"SearchAction","target":{"@type":"EntryPoint","urlTemplate":"https:\/\/luxegel.lv\/lv\/?s={search_term_string}"},"query-input":{"@type":"PropertyValueSpecification","valueRequired":true,"valueName":"search_term_string"}}],"inLanguage":"lv-LV"}]}},"_links":{"self":[{"href":"https:\/\/luxegel.lv\/lv\/wp-json\/wp\/v2\/product\/7689","targetHints":{"allow":["GET"]}}],"collection":[{"href":"https:\/\/luxegel.lv\/lv\/wp-json\/wp\/v2\/product"}],"about":[{"href":"https:\/\/luxegel.lv\/lv\/wp-json\/wp\/v2\/types\/product"}],"version-history":[{"count":0,"href":"https:\/\/luxegel.lv\/lv\/wp-json\/wp\/v2\/product\/7689\/revisions"}],"wp:featuredmedia":[{"embeddable":true,"href":"https:\/\/luxegel.lv\/lv\/wp-json\/wp\/v2\/media\/4912"}],"wp:attachment":[{"href":"https:\/\/luxegel.lv\/lv\/wp-json\/wp\/v2\/media?parent=7689"}],"wp:term":[{"taxonomy":"product_brand","embeddable":true,"href":"https:\/\/luxegel.lv\/lv\/wp-json\/wp\/v2\/product_brand?post=7689"},{"taxonomy":"product_cat","embeddable":true,"href":"https:\/\/luxegel.lv\/lv\/wp-json\/wp\/v2\/product_cat?post=7689"},{"taxonomy":"product_tag","embeddable":true,"href":"https:\/\/luxegel.lv\/lv\/wp-json\/wp\/v2\/product_tag?post=7689"}],"curies":[{"name":"wp","href":"https:\/\/api.w.org\/{rel}","templated":true}]}}