{"id":7686,"date":"2021-10-09T09:23:03","date_gmt":"2021-10-09T09:23:03","guid":{"rendered":"https:\/\/luxegel.lv\/product\/barbie\/"},"modified":"2025-12-15T09:18:28","modified_gmt":"2025-12-15T09:18:28","slug":"barbie-originala-formula","status":"publish","type":"product","link":"https:\/\/luxegel.lv\/lv\/product-lv\/barbie-originala-formula\/","title":{"rendered":"BARBIE &#8211; ORI\u0122IN\u0100L\u0100 FORMULA"},"content":{"rendered":"<p data-mce-fragment=\"1\"><em data-mce-fragment=\"1\"><strong data-mce-fragment=\"1\">Structure Base Builder Gel ir virkne nostiprino\u0161u b\u0101zes p\u0101rkl\u0101jumu, kas veicina dabisko nagu aug\u0161anu. <\/strong><\/em><\/p>\n<p data-mce-fragment=\"1\"><em data-mce-fragment=\"1\"><b data-mce-fragment=\"1\">3 in 1 formula &#8211; gruntskr\u0101sa, veido\u0161anas \u017eeleja un kr\u0101sa. <\/b><\/em><\/p>\n<p data-mce-fragment=\"1\"><em data-mce-fragment=\"1\"><b data-mce-fragment=\"1\">#luxegelstructurebase #luxegelbarbie<\/b><\/em><\/p>\n<p data-mce-fragment=\"1\"><strong data-mce-fragment=\"1\">Strukt\u016bras b\u0101zes priek\u0161roc\u012bbas.<\/strong><\/p>\n<ul data-mce-fragment=\"1\">\n<li data-mce-fragment=\"1\">11 Bez toksisk\u0101m viel\u0101m.<\/li>\n<li data-mce-fragment=\"1\">Augsts sp\u012bdums.<\/li>\n<li data-mce-fragment=\"1\">15ML (0.5fl.oz)<\/li>\n<li data-mce-fragment=\"1\">100% g\u0113la formula.<\/li>\n<li data-mce-fragment=\"1\">\u013boti pigment\u0113ts<\/li>\n<li data-mce-fragment=\"1\">Pilns P\u0101rkl\u0101jums ar vienu sl\u0101ni.<\/li>\n<li data-mce-fragment=\"1\">Z\u012bdaina tekst\u016bra bez peld\u0113\u0161anas.<\/li>\n<li data-mce-fragment=\"1\">Iztur\u012bgs &#8211; ilgst vair\u0101k nek\u0101 20 dienas.<\/li>\n<li data-mce-fragment=\"1\">Bez smar\u017eas, ne\u017e\u0113l\u012bbas un videi draudz\u012bgs.<\/li>\n<li data-mce-fragment=\"1\">Piln\u012bb\u0101 sertific\u0113ts un p\u0101rbaud\u012bts.<\/li>\n<li data-mce-fragment=\"1\">Uv\/LED saciet\u0113jams &#8211; 120 sekun\u017eu UV vai 60 sekun\u017eu LED.<\/li>\n<li data-mce-fragment=\"1\">Super gluda suka.<\/li>\n<li data-mce-fragment=\"1\">Viegli uzkl\u0101jams bez nikiem, mikrosh\u0113m\u0101m vai traipiem.<\/li>\n<\/ul>\n<p>VESEL\u012aGAS SAST\u0100VDA\u013bAS<\/p>\n<p>11 TOXIC FREE<\/p>\n<p>Formaldeh\u012bds, Parab\u0113ns, Kampars, Dibutilftal\u0101ts, Formaldeh\u012bds, Ksilols, Etiltozilam\u012bds, Toluols, Bisfenols, Sulf\u0101ti, Trifenilfos\u0101ts.<\/p>\n<p>PIEZ\u012aME: NETIEK ATMAKS\u0100TAS VAI ATGRIEZTAS P\u0100RDOT\u0100S PRECES.<\/p>\n","protected":false},"excerpt":{"rendered":"<p>Structure Base Builder Gel ir virkne nostiprino\u0161u b\u0101zes p\u0101rkl\u0101jumu, kas veicina dabisko nagu aug\u0161anu. 3 in 1 formula &#8211; gruntskr\u0101sa,<\/p>\n","protected":false},"featured_media":3222,"template":"","meta":{"_acf_changed":false,"om_disable_all_campaigns":false},"product_brand":[],"product_cat":[154,487,557],"product_tag":[222,221],"class_list":{"0":"post-7686","1":"product","2":"type-product","3":"status-publish","4":"has-post-thumbnail","6":"product_cat-luxe-gel-professional-lv","7":"product_cat-stiprinasanai-un-pieaudzesanai","8":"product_cat-strukturbaze-originala-formula","9":"product_tag-produkti","10":"product_tag-visi-produkti","12":"first","13":"outofstock","14":"sale","15":"shipping-taxable","16":"purchasable","17":"product-type-simple"},"acf":[],"yoast_head":"<!-- This site is optimized with the Yoast SEO plugin v23.8 - https:\/\/yoast.com\/wordpress\/plugins\/seo\/ -->\n<title>BARBIE - ORI\u0122IN\u0100L\u0100 FORMULA - LUXE GEL PROFESSIONAL\u2122<\/title>\n<meta name=\"robots\" content=\"index, follow, max-snippet:-1, max-image-preview:large, max-video-preview:-1\" \/>\n<link rel=\"canonical\" href=\"https:\/\/luxegel.lv\/lv\/product-lv\/barbie-originala-formula\/\" \/>\n<meta property=\"og:locale\" content=\"lv_LV\" \/>\n<meta property=\"og:type\" content=\"article\" \/>\n<meta property=\"og:title\" content=\"BARBIE - ORI\u0122IN\u0100L\u0100 FORMULA - LUXE GEL PROFESSIONAL\u2122\" \/>\n<meta property=\"og:description\" content=\"Structure Base Builder Gel ir virkne nostiprino\u0161u b\u0101zes p\u0101rkl\u0101jumu, kas veicina dabisko nagu aug\u0161anu. 3 in 1 formula &#8211; gruntskr\u0101sa,\" \/>\n<meta property=\"og:url\" content=\"https:\/\/luxegel.lv\/lv\/product-lv\/barbie-originala-formula\/\" \/>\n<meta property=\"og:site_name\" content=\"LUXE GEL PROFESSIONAL\u2122\" \/>\n<meta property=\"article:modified_time\" content=\"2025-12-15T09:18:28+00:00\" \/>\n<meta property=\"og:image\" content=\"https:\/\/luxegel.lv\/wp-content\/uploads\/2024\/01\/Barbie.png\" \/>\n\t<meta property=\"og:image:width\" content=\"800\" \/>\n\t<meta property=\"og:image:height\" content=\"800\" \/>\n\t<meta property=\"og:image:type\" content=\"image\/png\" \/>\n<meta name=\"twitter:card\" content=\"summary_large_image\" \/>\n<meta name=\"twitter:label1\" content=\"Est. reading time\" \/>\n\t<meta name=\"twitter:data1\" content=\"1 minute\" \/>\n<script type=\"application\/ld+json\" class=\"yoast-schema-graph\">{\"@context\":\"https:\/\/schema.org\",\"@graph\":[{\"@type\":\"WebPage\",\"@id\":\"https:\/\/luxegel.lv\/lv\/product-lv\/barbie-originala-formula\/\",\"url\":\"https:\/\/luxegel.lv\/lv\/product-lv\/barbie-originala-formula\/\",\"name\":\"BARBIE - ORI\u0122IN\u0100L\u0100 FORMULA - LUXE GEL PROFESSIONAL\u2122\",\"isPartOf\":{\"@id\":\"https:\/\/luxegel.lv\/lv\/#website\"},\"primaryImageOfPage\":{\"@id\":\"https:\/\/luxegel.lv\/lv\/product-lv\/barbie-originala-formula\/#primaryimage\"},\"image\":{\"@id\":\"https:\/\/luxegel.lv\/lv\/product-lv\/barbie-originala-formula\/#primaryimage\"},\"thumbnailUrl\":\"https:\/\/luxegel.lv\/wp-content\/uploads\/2024\/01\/Barbie.png\",\"datePublished\":\"2021-10-09T09:23:03+00:00\",\"dateModified\":\"2025-12-15T09:18:28+00:00\",\"breadcrumb\":{\"@id\":\"https:\/\/luxegel.lv\/lv\/product-lv\/barbie-originala-formula\/#breadcrumb\"},\"inLanguage\":\"lv-LV\",\"potentialAction\":[{\"@type\":\"ReadAction\",\"target\":[\"https:\/\/luxegel.lv\/lv\/product-lv\/barbie-originala-formula\/\"]}]},{\"@type\":\"ImageObject\",\"inLanguage\":\"lv-LV\",\"@id\":\"https:\/\/luxegel.lv\/lv\/product-lv\/barbie-originala-formula\/#primaryimage\",\"url\":\"https:\/\/luxegel.lv\/wp-content\/uploads\/2024\/01\/Barbie.png\",\"contentUrl\":\"https:\/\/luxegel.lv\/wp-content\/uploads\/2024\/01\/Barbie.png\",\"width\":800,\"height\":800},{\"@type\":\"BreadcrumbList\",\"@id\":\"https:\/\/luxegel.lv\/lv\/product-lv\/barbie-originala-formula\/#breadcrumb\",\"itemListElement\":[{\"@type\":\"ListItem\",\"position\":1,\"name\":\"Galven\u0101\",\"item\":\"https:\/\/luxegel.lv\/lv\/\"},{\"@type\":\"ListItem\",\"position\":2,\"name\":\"Veikals\",\"item\":\"https:\/\/luxegel.lv\/lv\/veikals\/\"},{\"@type\":\"ListItem\",\"position\":3,\"name\":\"BARBIE &#8211; ORI\u0122IN\u0100L\u0100 FORMULA\"}]},{\"@type\":\"WebSite\",\"@id\":\"https:\/\/luxegel.lv\/lv\/#website\",\"url\":\"https:\/\/luxegel.lv\/lv\/\",\"name\":\"LUXE GEL PROFESSIONAL\u2122\",\"description\":\"is a leading nail brand on the European market. Luxe Gel currently stock over 500 products including over 350 shades of gel polish, a complete builder gel system and our famous structure base.\",\"potentialAction\":[{\"@type\":\"SearchAction\",\"target\":{\"@type\":\"EntryPoint\",\"urlTemplate\":\"https:\/\/luxegel.lv\/lv\/?s={search_term_string}\"},\"query-input\":{\"@type\":\"PropertyValueSpecification\",\"valueRequired\":true,\"valueName\":\"search_term_string\"}}],\"inLanguage\":\"lv-LV\"}]}<\/script>\n<!-- \/ Yoast SEO plugin. -->","yoast_head_json":{"title":"BARBIE - ORI\u0122IN\u0100L\u0100 FORMULA - LUXE GEL PROFESSIONAL\u2122","robots":{"index":"index","follow":"follow","max-snippet":"max-snippet:-1","max-image-preview":"max-image-preview:large","max-video-preview":"max-video-preview:-1"},"canonical":"https:\/\/luxegel.lv\/lv\/product-lv\/barbie-originala-formula\/","og_locale":"lv_LV","og_type":"article","og_title":"BARBIE - ORI\u0122IN\u0100L\u0100 FORMULA - LUXE GEL PROFESSIONAL\u2122","og_description":"Structure Base Builder Gel ir virkne nostiprino\u0161u b\u0101zes p\u0101rkl\u0101jumu, kas veicina dabisko nagu aug\u0161anu. 3 in 1 formula &#8211; gruntskr\u0101sa,","og_url":"https:\/\/luxegel.lv\/lv\/product-lv\/barbie-originala-formula\/","og_site_name":"LUXE GEL PROFESSIONAL\u2122","article_modified_time":"2025-12-15T09:18:28+00:00","og_image":[{"width":800,"height":800,"url":"https:\/\/luxegel.lv\/wp-content\/uploads\/2024\/01\/Barbie.png","type":"image\/png"}],"twitter_card":"summary_large_image","twitter_misc":{"Est. reading time":"1 minute"},"schema":{"@context":"https:\/\/schema.org","@graph":[{"@type":"WebPage","@id":"https:\/\/luxegel.lv\/lv\/product-lv\/barbie-originala-formula\/","url":"https:\/\/luxegel.lv\/lv\/product-lv\/barbie-originala-formula\/","name":"BARBIE - ORI\u0122IN\u0100L\u0100 FORMULA - LUXE GEL PROFESSIONAL\u2122","isPartOf":{"@id":"https:\/\/luxegel.lv\/lv\/#website"},"primaryImageOfPage":{"@id":"https:\/\/luxegel.lv\/lv\/product-lv\/barbie-originala-formula\/#primaryimage"},"image":{"@id":"https:\/\/luxegel.lv\/lv\/product-lv\/barbie-originala-formula\/#primaryimage"},"thumbnailUrl":"https:\/\/luxegel.lv\/wp-content\/uploads\/2024\/01\/Barbie.png","datePublished":"2021-10-09T09:23:03+00:00","dateModified":"2025-12-15T09:18:28+00:00","breadcrumb":{"@id":"https:\/\/luxegel.lv\/lv\/product-lv\/barbie-originala-formula\/#breadcrumb"},"inLanguage":"lv-LV","potentialAction":[{"@type":"ReadAction","target":["https:\/\/luxegel.lv\/lv\/product-lv\/barbie-originala-formula\/"]}]},{"@type":"ImageObject","inLanguage":"lv-LV","@id":"https:\/\/luxegel.lv\/lv\/product-lv\/barbie-originala-formula\/#primaryimage","url":"https:\/\/luxegel.lv\/wp-content\/uploads\/2024\/01\/Barbie.png","contentUrl":"https:\/\/luxegel.lv\/wp-content\/uploads\/2024\/01\/Barbie.png","width":800,"height":800},{"@type":"BreadcrumbList","@id":"https:\/\/luxegel.lv\/lv\/product-lv\/barbie-originala-formula\/#breadcrumb","itemListElement":[{"@type":"ListItem","position":1,"name":"Galven\u0101","item":"https:\/\/luxegel.lv\/lv\/"},{"@type":"ListItem","position":2,"name":"Veikals","item":"https:\/\/luxegel.lv\/lv\/veikals\/"},{"@type":"ListItem","position":3,"name":"BARBIE &#8211; ORI\u0122IN\u0100L\u0100 FORMULA"}]},{"@type":"WebSite","@id":"https:\/\/luxegel.lv\/lv\/#website","url":"https:\/\/luxegel.lv\/lv\/","name":"LUXE GEL PROFESSIONAL\u2122","description":"is a leading nail brand on the European market. Luxe Gel currently stock over 500 products including over 350 shades of gel polish, a complete builder gel system and our famous structure base.","potentialAction":[{"@type":"SearchAction","target":{"@type":"EntryPoint","urlTemplate":"https:\/\/luxegel.lv\/lv\/?s={search_term_string}"},"query-input":{"@type":"PropertyValueSpecification","valueRequired":true,"valueName":"search_term_string"}}],"inLanguage":"lv-LV"}]}},"_links":{"self":[{"href":"https:\/\/luxegel.lv\/lv\/wp-json\/wp\/v2\/product\/7686","targetHints":{"allow":["GET"]}}],"collection":[{"href":"https:\/\/luxegel.lv\/lv\/wp-json\/wp\/v2\/product"}],"about":[{"href":"https:\/\/luxegel.lv\/lv\/wp-json\/wp\/v2\/types\/product"}],"version-history":[{"count":1,"href":"https:\/\/luxegel.lv\/lv\/wp-json\/wp\/v2\/product\/7686\/revisions"}],"predecessor-version":[{"id":21037,"href":"https:\/\/luxegel.lv\/lv\/wp-json\/wp\/v2\/product\/7686\/revisions\/21037"}],"wp:featuredmedia":[{"embeddable":true,"href":"https:\/\/luxegel.lv\/lv\/wp-json\/wp\/v2\/media\/3222"}],"wp:attachment":[{"href":"https:\/\/luxegel.lv\/lv\/wp-json\/wp\/v2\/media?parent=7686"}],"wp:term":[{"taxonomy":"product_brand","embeddable":true,"href":"https:\/\/luxegel.lv\/lv\/wp-json\/wp\/v2\/product_brand?post=7686"},{"taxonomy":"product_cat","embeddable":true,"href":"https:\/\/luxegel.lv\/lv\/wp-json\/wp\/v2\/product_cat?post=7686"},{"taxonomy":"product_tag","embeddable":true,"href":"https:\/\/luxegel.lv\/lv\/wp-json\/wp\/v2\/product_tag?post=7686"}],"curies":[{"name":"wp","href":"https:\/\/api.w.org\/{rel}","templated":true}]}}