{"id":7676,"date":"2021-10-14T14:58:25","date_gmt":"2021-10-14T14:58:25","guid":{"rendered":"https:\/\/luxegel.lv\/product\/drosibas-bits\/"},"modified":"2025-09-30T07:08:49","modified_gmt":"2025-09-30T07:08:49","slug":"drosibas-bits","status":"publish","type":"product","link":"https:\/\/luxegel.lv\/lv\/product-lv\/drosibas-bits\/","title":{"rendered":"FR\u0112ZES UZGALIS \u2013 DRO\u0160\u012aBAS UZGALIS (THE SAFETY BIT)"},"content":{"rendered":"<p class=\"_28cEs\" data-hook=\"description\" data-mce-fragment=\"1\"><span style=\"text-decoration: underline;\"><em><strong>Dro\u0161\u012bbas uzgalis<\/strong><\/em><\/span><\/p>\n<ul data-mce-fragment=\"1\">\n<li data-mce-fragment=\"1\">Vid\u0113ja smalkuma pak\u0101pe<\/li>\n<li data-mce-fragment=\"1\">Apa\u013cas muci\u0146as forma<\/li>\n<li data-mce-fragment=\"1\">Karb\u012bda dro\u0161\u012bbas uzgalis<\/li>\n<li data-mce-fragment=\"1\">Divvirzienu uzgalis<\/li>\n<li data-mce-fragment=\"1\">Piem\u0113rots labro\u010diem un krei\u013ciem<\/li>\n<li data-mce-fragment=\"1\">Noapa\u013cot\u0101 glud\u0101 virsma \u013cauj dro\u0161i pietuvoties kutikul\u0101m.<\/li>\n<li data-mce-fragment=\"1\">Atv\u0113ruma platums \u2013 3\/32&#8243;<\/li>\n<li data-mce-fragment=\"1\">Piem\u0113rots vis\u0101m standarta fr\u0113z\u0113m<\/li>\n<li data-mce-fragment=\"1\">Ide\u0101li piem\u0113rots materi\u0101la (akrila, polig\u0113la, strukt\u016brb\u0101zes (BIAB), ciet\u0101 g\u0113la, g\u0113la lakas) no\u0146em\u0161anai un virsmas izl\u012bdzin\u0101\u0161anai.<\/li>\n<li data-mce-fragment=\"1\">Nav atgrie\u017eams higi\u0113nas apsv\u0113rumu d\u0113\u013c<\/li>\n<\/ul>\n<p><u><em><strong>KOP\u0160ANA: <\/strong><\/em><\/u><\/p>\n<ul>\n<li>Izmantojiet siltu ziepj\u016bdeni, lai not\u012br\u012btu putek\u013cus un g\u0113la produktu paliekas no uzga\u013ca.<\/li>\n<li>Kad uzgalis ir piln\u012bb\u0101 t\u012brs, varat izmantot v\u0113lamo steriliz\u0101cijas metodi.<\/li>\n<li>Ja m\u0113rc\u0113jat dezinfekcijas \u0161\u0137idrum\u0101, l\u016bdzu, m\u0113rc\u0113jiet tikai ieteicamo laiku, jo p\u0101rm\u0113r\u012bga m\u0113rc\u0113\u0161ana var notrulin\u0101t fr\u0113zes uzgali.<\/li>\n<li>P\u0113c steriliz\u0113\u0161anas nosusiniet un uzglab\u0101jiet konteiner\u0101.<\/li>\n<li>P\u0113c uzga\u013cu not\u012br\u012b\u0161anas ar siltu ziepj\u016bdeni varat izmantot ar\u012b UV steriliz\u0101cijas iek\u0101rtu.<\/li>\n<\/ul>\n<p><strong>HBZN-147XUF.060<\/strong><\/p>\n","protected":false},"excerpt":{"rendered":"<p>Dro\u0161\u012bbas uzgalis Vid\u0113ja smalkuma pak\u0101pe Apa\u013cas muci\u0146as forma Karb\u012bda dro\u0161\u012bbas uzgalis Divvirzienu uzgalis Piem\u0113rots labro\u010diem un krei\u013ciem Noapa\u013cot\u0101 glud\u0101 virsma<\/p>\n","protected":false},"featured_media":5436,"template":"","meta":{"_acf_changed":false,"om_disable_all_campaigns":false},"product_brand":[],"product_cat":[334,154],"product_tag":[],"class_list":{"0":"post-7676","1":"product","2":"type-product","3":"status-publish","4":"has-post-thumbnail","6":"product_cat-efile-bits-lv","7":"product_cat-luxe-gel-professional-lv","9":"first","10":"instock","11":"shipping-taxable","12":"purchasable","13":"product-type-simple"},"acf":[],"yoast_head":"<!-- This site is optimized with the Yoast SEO plugin v23.8 - https:\/\/yoast.com\/wordpress\/plugins\/seo\/ -->\n<title>FR\u0112ZES UZGALIS \u2013 DRO\u0160\u012aBAS UZGALIS (THE SAFETY BIT) - LUXE GEL PROFESSIONAL\u2122<\/title>\n<meta name=\"robots\" content=\"index, follow, max-snippet:-1, max-image-preview:large, max-video-preview:-1\" \/>\n<link rel=\"canonical\" href=\"https:\/\/luxegel.lv\/lv\/product-lv\/drosibas-bits\/\" \/>\n<meta property=\"og:locale\" content=\"lv_LV\" \/>\n<meta property=\"og:type\" content=\"article\" \/>\n<meta property=\"og:title\" content=\"FR\u0112ZES UZGALIS \u2013 DRO\u0160\u012aBAS UZGALIS (THE SAFETY BIT) - LUXE GEL PROFESSIONAL\u2122\" \/>\n<meta property=\"og:description\" content=\"Dro\u0161\u012bbas uzgalis Vid\u0113ja smalkuma pak\u0101pe Apa\u013cas muci\u0146as forma Karb\u012bda dro\u0161\u012bbas uzgalis Divvirzienu uzgalis Piem\u0113rots labro\u010diem un krei\u013ciem Noapa\u013cot\u0101 glud\u0101 virsma\" \/>\n<meta property=\"og:url\" content=\"https:\/\/luxegel.lv\/lv\/product-lv\/drosibas-bits\/\" \/>\n<meta property=\"og:site_name\" content=\"LUXE GEL PROFESSIONAL\u2122\" \/>\n<meta property=\"article:modified_time\" content=\"2025-09-30T07:08:49+00:00\" \/>\n<meta property=\"og:image\" content=\"https:\/\/luxegel.lv\/wp-content\/uploads\/2024\/01\/HBZN-147XUF.060-1100x1100-1.jpg\" \/>\n\t<meta property=\"og:image:width\" content=\"1100\" \/>\n\t<meta property=\"og:image:height\" content=\"1100\" \/>\n\t<meta property=\"og:image:type\" content=\"image\/jpeg\" \/>\n<meta name=\"twitter:card\" content=\"summary_large_image\" \/>\n<meta name=\"twitter:label1\" content=\"Est. reading time\" \/>\n\t<meta name=\"twitter:data1\" content=\"1 minute\" \/>\n<script type=\"application\/ld+json\" class=\"yoast-schema-graph\">{\"@context\":\"https:\/\/schema.org\",\"@graph\":[{\"@type\":\"WebPage\",\"@id\":\"https:\/\/luxegel.lv\/lv\/product-lv\/drosibas-bits\/\",\"url\":\"https:\/\/luxegel.lv\/lv\/product-lv\/drosibas-bits\/\",\"name\":\"FR\u0112ZES UZGALIS \u2013 DRO\u0160\u012aBAS UZGALIS (THE SAFETY BIT) - LUXE GEL PROFESSIONAL\u2122\",\"isPartOf\":{\"@id\":\"https:\/\/luxegel.lv\/lv\/#website\"},\"primaryImageOfPage\":{\"@id\":\"https:\/\/luxegel.lv\/lv\/product-lv\/drosibas-bits\/#primaryimage\"},\"image\":{\"@id\":\"https:\/\/luxegel.lv\/lv\/product-lv\/drosibas-bits\/#primaryimage\"},\"thumbnailUrl\":\"https:\/\/luxegel.lv\/wp-content\/uploads\/2024\/01\/HBZN-147XUF.060-1100x1100-1.jpg\",\"datePublished\":\"2021-10-14T14:58:25+00:00\",\"dateModified\":\"2025-09-30T07:08:49+00:00\",\"breadcrumb\":{\"@id\":\"https:\/\/luxegel.lv\/lv\/product-lv\/drosibas-bits\/#breadcrumb\"},\"inLanguage\":\"lv-LV\",\"potentialAction\":[{\"@type\":\"ReadAction\",\"target\":[\"https:\/\/luxegel.lv\/lv\/product-lv\/drosibas-bits\/\"]}]},{\"@type\":\"ImageObject\",\"inLanguage\":\"lv-LV\",\"@id\":\"https:\/\/luxegel.lv\/lv\/product-lv\/drosibas-bits\/#primaryimage\",\"url\":\"https:\/\/luxegel.lv\/wp-content\/uploads\/2024\/01\/HBZN-147XUF.060-1100x1100-1.jpg\",\"contentUrl\":\"https:\/\/luxegel.lv\/wp-content\/uploads\/2024\/01\/HBZN-147XUF.060-1100x1100-1.jpg\",\"width\":1100,\"height\":1100},{\"@type\":\"BreadcrumbList\",\"@id\":\"https:\/\/luxegel.lv\/lv\/product-lv\/drosibas-bits\/#breadcrumb\",\"itemListElement\":[{\"@type\":\"ListItem\",\"position\":1,\"name\":\"Galven\u0101\",\"item\":\"https:\/\/luxegel.lv\/lv\/\"},{\"@type\":\"ListItem\",\"position\":2,\"name\":\"Veikals\",\"item\":\"https:\/\/luxegel.lv\/lv\/veikals\/\"},{\"@type\":\"ListItem\",\"position\":3,\"name\":\"FR\u0112ZES UZGALIS \u2013 DRO\u0160\u012aBAS UZGALIS (THE SAFETY BIT)\"}]},{\"@type\":\"WebSite\",\"@id\":\"https:\/\/luxegel.lv\/lv\/#website\",\"url\":\"https:\/\/luxegel.lv\/lv\/\",\"name\":\"LUXE GEL PROFESSIONAL\u2122\",\"description\":\"is a leading nail brand on the European market. Luxe Gel currently stock over 500 products including over 350 shades of gel polish, a complete builder gel system and our famous structure base.\",\"potentialAction\":[{\"@type\":\"SearchAction\",\"target\":{\"@type\":\"EntryPoint\",\"urlTemplate\":\"https:\/\/luxegel.lv\/lv\/?s={search_term_string}\"},\"query-input\":{\"@type\":\"PropertyValueSpecification\",\"valueRequired\":true,\"valueName\":\"search_term_string\"}}],\"inLanguage\":\"lv-LV\"}]}<\/script>\n<!-- \/ Yoast SEO plugin. -->","yoast_head_json":{"title":"FR\u0112ZES UZGALIS \u2013 DRO\u0160\u012aBAS UZGALIS (THE SAFETY BIT) - LUXE GEL PROFESSIONAL\u2122","robots":{"index":"index","follow":"follow","max-snippet":"max-snippet:-1","max-image-preview":"max-image-preview:large","max-video-preview":"max-video-preview:-1"},"canonical":"https:\/\/luxegel.lv\/lv\/product-lv\/drosibas-bits\/","og_locale":"lv_LV","og_type":"article","og_title":"FR\u0112ZES UZGALIS \u2013 DRO\u0160\u012aBAS UZGALIS (THE SAFETY BIT) - LUXE GEL PROFESSIONAL\u2122","og_description":"Dro\u0161\u012bbas uzgalis Vid\u0113ja smalkuma pak\u0101pe Apa\u013cas muci\u0146as forma Karb\u012bda dro\u0161\u012bbas uzgalis Divvirzienu uzgalis Piem\u0113rots labro\u010diem un krei\u013ciem Noapa\u013cot\u0101 glud\u0101 virsma","og_url":"https:\/\/luxegel.lv\/lv\/product-lv\/drosibas-bits\/","og_site_name":"LUXE GEL PROFESSIONAL\u2122","article_modified_time":"2025-09-30T07:08:49+00:00","og_image":[{"width":1100,"height":1100,"url":"https:\/\/luxegel.lv\/wp-content\/uploads\/2024\/01\/HBZN-147XUF.060-1100x1100-1.jpg","type":"image\/jpeg"}],"twitter_card":"summary_large_image","twitter_misc":{"Est. reading time":"1 minute"},"schema":{"@context":"https:\/\/schema.org","@graph":[{"@type":"WebPage","@id":"https:\/\/luxegel.lv\/lv\/product-lv\/drosibas-bits\/","url":"https:\/\/luxegel.lv\/lv\/product-lv\/drosibas-bits\/","name":"FR\u0112ZES UZGALIS \u2013 DRO\u0160\u012aBAS UZGALIS (THE SAFETY BIT) - LUXE GEL PROFESSIONAL\u2122","isPartOf":{"@id":"https:\/\/luxegel.lv\/lv\/#website"},"primaryImageOfPage":{"@id":"https:\/\/luxegel.lv\/lv\/product-lv\/drosibas-bits\/#primaryimage"},"image":{"@id":"https:\/\/luxegel.lv\/lv\/product-lv\/drosibas-bits\/#primaryimage"},"thumbnailUrl":"https:\/\/luxegel.lv\/wp-content\/uploads\/2024\/01\/HBZN-147XUF.060-1100x1100-1.jpg","datePublished":"2021-10-14T14:58:25+00:00","dateModified":"2025-09-30T07:08:49+00:00","breadcrumb":{"@id":"https:\/\/luxegel.lv\/lv\/product-lv\/drosibas-bits\/#breadcrumb"},"inLanguage":"lv-LV","potentialAction":[{"@type":"ReadAction","target":["https:\/\/luxegel.lv\/lv\/product-lv\/drosibas-bits\/"]}]},{"@type":"ImageObject","inLanguage":"lv-LV","@id":"https:\/\/luxegel.lv\/lv\/product-lv\/drosibas-bits\/#primaryimage","url":"https:\/\/luxegel.lv\/wp-content\/uploads\/2024\/01\/HBZN-147XUF.060-1100x1100-1.jpg","contentUrl":"https:\/\/luxegel.lv\/wp-content\/uploads\/2024\/01\/HBZN-147XUF.060-1100x1100-1.jpg","width":1100,"height":1100},{"@type":"BreadcrumbList","@id":"https:\/\/luxegel.lv\/lv\/product-lv\/drosibas-bits\/#breadcrumb","itemListElement":[{"@type":"ListItem","position":1,"name":"Galven\u0101","item":"https:\/\/luxegel.lv\/lv\/"},{"@type":"ListItem","position":2,"name":"Veikals","item":"https:\/\/luxegel.lv\/lv\/veikals\/"},{"@type":"ListItem","position":3,"name":"FR\u0112ZES UZGALIS \u2013 DRO\u0160\u012aBAS UZGALIS (THE SAFETY BIT)"}]},{"@type":"WebSite","@id":"https:\/\/luxegel.lv\/lv\/#website","url":"https:\/\/luxegel.lv\/lv\/","name":"LUXE GEL PROFESSIONAL\u2122","description":"is a leading nail brand on the European market. Luxe Gel currently stock over 500 products including over 350 shades of gel polish, a complete builder gel system and our famous structure base.","potentialAction":[{"@type":"SearchAction","target":{"@type":"EntryPoint","urlTemplate":"https:\/\/luxegel.lv\/lv\/?s={search_term_string}"},"query-input":{"@type":"PropertyValueSpecification","valueRequired":true,"valueName":"search_term_string"}}],"inLanguage":"lv-LV"}]}},"_links":{"self":[{"href":"https:\/\/luxegel.lv\/lv\/wp-json\/wp\/v2\/product\/7676","targetHints":{"allow":["GET"]}}],"collection":[{"href":"https:\/\/luxegel.lv\/lv\/wp-json\/wp\/v2\/product"}],"about":[{"href":"https:\/\/luxegel.lv\/lv\/wp-json\/wp\/v2\/types\/product"}],"version-history":[{"count":0,"href":"https:\/\/luxegel.lv\/lv\/wp-json\/wp\/v2\/product\/7676\/revisions"}],"wp:featuredmedia":[{"embeddable":true,"href":"https:\/\/luxegel.lv\/lv\/wp-json\/wp\/v2\/media\/5436"}],"wp:attachment":[{"href":"https:\/\/luxegel.lv\/lv\/wp-json\/wp\/v2\/media?parent=7676"}],"wp:term":[{"taxonomy":"product_brand","embeddable":true,"href":"https:\/\/luxegel.lv\/lv\/wp-json\/wp\/v2\/product_brand?post=7676"},{"taxonomy":"product_cat","embeddable":true,"href":"https:\/\/luxegel.lv\/lv\/wp-json\/wp\/v2\/product_cat?post=7676"},{"taxonomy":"product_tag","embeddable":true,"href":"https:\/\/luxegel.lv\/lv\/wp-json\/wp\/v2\/product_tag?post=7676"}],"curies":[{"name":"wp","href":"https:\/\/api.w.org\/{rel}","templated":true}]}}