{"id":7657,"date":"2021-11-18T11:40:02","date_gmt":"2021-11-18T11:40:02","guid":{"rendered":"https:\/\/luxegel.lv\/product\/cinnamon\/"},"modified":"2025-10-24T19:04:37","modified_gmt":"2025-10-24T19:04:37","slug":"cinnamon","status":"publish","type":"product","link":"https:\/\/luxegel.lv\/lv\/product-lv\/cinnamon\/","title":{"rendered":"CINNAMON"},"content":{"rendered":"<p data-mce-fragment=\"1\">\n<p data-mce-fragment=\"1\"><span data-mce-fragment=\"1\"><strong data-mce-fragment=\"1\"><em data-mce-fragment=\"1\">#luxegelcinnamon<\/em><\/strong><\/span><\/p>\n<ul data-mce-fragment=\"1\">\n<li data-mce-fragment=\"1\"><span data-mce-fragment=\"1\">9 Bezmaksas.<\/span><\/li>\n<li data-mce-fragment=\"1\"><span data-mce-fragment=\"1\">15ML (0,5 fl.oz).<\/span><\/li>\n<li data-mce-fragment=\"1\"><span data-mce-fragment=\"1\">100% g\u0113la formula.<\/span><\/li>\n<li data-mce-fragment=\"1\"><span data-mce-fragment=\"1\">\u013boti pigment\u0113ts, lai viegli p\u0101rkl\u0101tu.<\/span><\/li>\n<li data-mce-fragment=\"1\"><span data-mce-fragment=\"1\">3+ ned\u0113\u013cu ilgnotur\u012bga formula.<\/span><\/li>\n<li data-mce-fragment=\"1\"><span data-mce-fragment=\"1\">Veg\u0101ns &amp; Cruelty free.<\/span><\/li>\n<li data-mce-fragment=\"1\"><span data-mce-fragment=\"1\">\u0100tra izm\u0113rc\u0113\u0161anas no\u0146em\u0161ana.<\/span><\/li>\n<li data-mce-fragment=\"1\"><span data-mce-fragment=\"1\">Uv\/LED saciet\u0113jams &#8211; 120 sekun\u017eu UV vai 60 sekun\u017eu LED.<\/span><\/li>\n<\/ul>\n<p data-mce-fragment=\"1\"><span data-mce-fragment=\"1\"> <strong data-mce-fragment=\"1\">Kr\u0101su att\u0113lojums:<\/strong><\/span><br data-mce-fragment=\"1\"><span data-mce-fragment=\"1\">Tiek dar\u012bts viss iesp\u0113jamais, lai nodro\u0161in\u0101tu, ka visi m\u016bsu produktu att\u0113li ir p\u0113c iesp\u0113jas prec\u012bz\u0101ki. T\u0101 k\u0101 elektroniskaj\u0101s ier\u012bc\u0113s ir kr\u0101su\/iz\u0161\u0137irtsp\u0113jas iestat\u012bjumi, kr\u0101su atveidojums var nedaudz at\u0161\u0137irties no fizisk\u0101 produkta.<\/span><\/p>\n","protected":false},"excerpt":{"rendered":"<p>#luxegelcinnamon 9 Bezmaksas. 15ML (0,5 fl.oz). 100% g\u0113la formula. \u013boti pigment\u0113ts, lai viegli p\u0101rkl\u0101tu. 3+ ned\u0113\u013cu ilgnotur\u012bga formula. Veg\u0101ns &amp;<\/p>\n","protected":false},"featured_media":3526,"template":"","meta":{"_acf_changed":false},"product_brand":[],"product_cat":[157,154,505,501],"product_tag":[174],"class_list":{"0":"post-7657","1":"product","2":"type-product","3":"status-publish","4":"has-post-thumbnail","6":"product_cat-gela-lakas","7":"product_cat-luxe-gel-professional-lv","8":"product_cat-tumshie-toni","9":"product_cat-visi-toni","10":"product_tag-pink-lv","12":"first","13":"instock","14":"sale","15":"shipping-taxable","16":"purchasable","17":"product-type-simple"},"acf":[],"yoast_head":"<!-- This site is optimized with the Yoast SEO plugin v23.8 - https:\/\/yoast.com\/wordpress\/plugins\/seo\/ -->\n<title>CINNAMON - LUXE GEL PROFESSIONAL\u2122<\/title>\n<meta name=\"robots\" content=\"index, follow, max-snippet:-1, max-image-preview:large, max-video-preview:-1\" \/>\n<link rel=\"canonical\" href=\"https:\/\/luxegel.lv\/lv\/product-lv\/cinnamon\/\" \/>\n<meta property=\"og:locale\" content=\"lv_LV\" \/>\n<meta property=\"og:type\" content=\"article\" \/>\n<meta property=\"og:title\" content=\"CINNAMON - LUXE GEL PROFESSIONAL\u2122\" \/>\n<meta property=\"og:description\" content=\"#luxegelcinnamon 9 Bezmaksas. 15ML (0,5 fl.oz). 100% g\u0113la formula. \u013boti pigment\u0113ts, lai viegli p\u0101rkl\u0101tu. 3+ ned\u0113\u013cu ilgnotur\u012bga formula. Veg\u0101ns &amp;\" \/>\n<meta property=\"og:url\" content=\"https:\/\/luxegel.lv\/lv\/product-lv\/cinnamon\/\" \/>\n<meta property=\"og:site_name\" content=\"LUXE GEL PROFESSIONAL\u2122\" \/>\n<meta property=\"article:modified_time\" content=\"2025-10-24T19:04:37+00:00\" \/>\n<meta property=\"og:image\" content=\"https:\/\/luxegel.lv\/wp-content\/uploads\/2024\/01\/Cinnamon.png\" \/>\n\t<meta property=\"og:image:width\" content=\"800\" \/>\n\t<meta property=\"og:image:height\" content=\"800\" \/>\n\t<meta property=\"og:image:type\" content=\"image\/png\" \/>\n<meta name=\"twitter:card\" content=\"summary_large_image\" \/>\n<script type=\"application\/ld+json\" class=\"yoast-schema-graph\">{\"@context\":\"https:\/\/schema.org\",\"@graph\":[{\"@type\":\"WebPage\",\"@id\":\"https:\/\/luxegel.lv\/lv\/product-lv\/cinnamon\/\",\"url\":\"https:\/\/luxegel.lv\/lv\/product-lv\/cinnamon\/\",\"name\":\"CINNAMON - LUXE GEL PROFESSIONAL\u2122\",\"isPartOf\":{\"@id\":\"https:\/\/luxegel.lv\/lv\/#website\"},\"primaryImageOfPage\":{\"@id\":\"https:\/\/luxegel.lv\/lv\/product-lv\/cinnamon\/#primaryimage\"},\"image\":{\"@id\":\"https:\/\/luxegel.lv\/lv\/product-lv\/cinnamon\/#primaryimage\"},\"thumbnailUrl\":\"https:\/\/luxegel.lv\/wp-content\/uploads\/2024\/01\/Cinnamon.png\",\"datePublished\":\"2021-11-18T11:40:02+00:00\",\"dateModified\":\"2025-10-24T19:04:37+00:00\",\"breadcrumb\":{\"@id\":\"https:\/\/luxegel.lv\/lv\/product-lv\/cinnamon\/#breadcrumb\"},\"inLanguage\":\"lv-LV\",\"potentialAction\":[{\"@type\":\"ReadAction\",\"target\":[\"https:\/\/luxegel.lv\/lv\/product-lv\/cinnamon\/\"]}]},{\"@type\":\"ImageObject\",\"inLanguage\":\"lv-LV\",\"@id\":\"https:\/\/luxegel.lv\/lv\/product-lv\/cinnamon\/#primaryimage\",\"url\":\"https:\/\/luxegel.lv\/wp-content\/uploads\/2024\/01\/Cinnamon.png\",\"contentUrl\":\"https:\/\/luxegel.lv\/wp-content\/uploads\/2024\/01\/Cinnamon.png\",\"width\":800,\"height\":800},{\"@type\":\"BreadcrumbList\",\"@id\":\"https:\/\/luxegel.lv\/lv\/product-lv\/cinnamon\/#breadcrumb\",\"itemListElement\":[{\"@type\":\"ListItem\",\"position\":1,\"name\":\"Galven\u0101\",\"item\":\"https:\/\/luxegel.lv\/lv\/\"},{\"@type\":\"ListItem\",\"position\":2,\"name\":\"Veikals\",\"item\":\"https:\/\/luxegel.lv\/lv\/veikals\/\"},{\"@type\":\"ListItem\",\"position\":3,\"name\":\"CINNAMON\"}]},{\"@type\":\"WebSite\",\"@id\":\"https:\/\/luxegel.lv\/lv\/#website\",\"url\":\"https:\/\/luxegel.lv\/lv\/\",\"name\":\"LUXE GEL PROFESSIONAL\u2122\",\"description\":\"is a leading nail brand on the European market. Luxe Gel currently stock over 500 products including over 350 shades of gel polish, a complete builder gel system and our famous structure base.\",\"potentialAction\":[{\"@type\":\"SearchAction\",\"target\":{\"@type\":\"EntryPoint\",\"urlTemplate\":\"https:\/\/luxegel.lv\/lv\/?s={search_term_string}\"},\"query-input\":{\"@type\":\"PropertyValueSpecification\",\"valueRequired\":true,\"valueName\":\"search_term_string\"}}],\"inLanguage\":\"lv-LV\"}]}<\/script>\n<!-- \/ Yoast SEO plugin. -->","yoast_head_json":{"title":"CINNAMON - LUXE GEL PROFESSIONAL\u2122","robots":{"index":"index","follow":"follow","max-snippet":"max-snippet:-1","max-image-preview":"max-image-preview:large","max-video-preview":"max-video-preview:-1"},"canonical":"https:\/\/luxegel.lv\/lv\/product-lv\/cinnamon\/","og_locale":"lv_LV","og_type":"article","og_title":"CINNAMON - LUXE GEL PROFESSIONAL\u2122","og_description":"#luxegelcinnamon 9 Bezmaksas. 15ML (0,5 fl.oz). 100% g\u0113la formula. \u013boti pigment\u0113ts, lai viegli p\u0101rkl\u0101tu. 3+ ned\u0113\u013cu ilgnotur\u012bga formula. Veg\u0101ns &amp;","og_url":"https:\/\/luxegel.lv\/lv\/product-lv\/cinnamon\/","og_site_name":"LUXE GEL PROFESSIONAL\u2122","article_modified_time":"2025-10-24T19:04:37+00:00","og_image":[{"width":800,"height":800,"url":"https:\/\/luxegel.lv\/wp-content\/uploads\/2024\/01\/Cinnamon.png","type":"image\/png"}],"twitter_card":"summary_large_image","schema":{"@context":"https:\/\/schema.org","@graph":[{"@type":"WebPage","@id":"https:\/\/luxegel.lv\/lv\/product-lv\/cinnamon\/","url":"https:\/\/luxegel.lv\/lv\/product-lv\/cinnamon\/","name":"CINNAMON - LUXE GEL PROFESSIONAL\u2122","isPartOf":{"@id":"https:\/\/luxegel.lv\/lv\/#website"},"primaryImageOfPage":{"@id":"https:\/\/luxegel.lv\/lv\/product-lv\/cinnamon\/#primaryimage"},"image":{"@id":"https:\/\/luxegel.lv\/lv\/product-lv\/cinnamon\/#primaryimage"},"thumbnailUrl":"https:\/\/luxegel.lv\/wp-content\/uploads\/2024\/01\/Cinnamon.png","datePublished":"2021-11-18T11:40:02+00:00","dateModified":"2025-10-24T19:04:37+00:00","breadcrumb":{"@id":"https:\/\/luxegel.lv\/lv\/product-lv\/cinnamon\/#breadcrumb"},"inLanguage":"lv-LV","potentialAction":[{"@type":"ReadAction","target":["https:\/\/luxegel.lv\/lv\/product-lv\/cinnamon\/"]}]},{"@type":"ImageObject","inLanguage":"lv-LV","@id":"https:\/\/luxegel.lv\/lv\/product-lv\/cinnamon\/#primaryimage","url":"https:\/\/luxegel.lv\/wp-content\/uploads\/2024\/01\/Cinnamon.png","contentUrl":"https:\/\/luxegel.lv\/wp-content\/uploads\/2024\/01\/Cinnamon.png","width":800,"height":800},{"@type":"BreadcrumbList","@id":"https:\/\/luxegel.lv\/lv\/product-lv\/cinnamon\/#breadcrumb","itemListElement":[{"@type":"ListItem","position":1,"name":"Galven\u0101","item":"https:\/\/luxegel.lv\/lv\/"},{"@type":"ListItem","position":2,"name":"Veikals","item":"https:\/\/luxegel.lv\/lv\/veikals\/"},{"@type":"ListItem","position":3,"name":"CINNAMON"}]},{"@type":"WebSite","@id":"https:\/\/luxegel.lv\/lv\/#website","url":"https:\/\/luxegel.lv\/lv\/","name":"LUXE GEL PROFESSIONAL\u2122","description":"is a leading nail brand on the European market. Luxe Gel currently stock over 500 products including over 350 shades of gel polish, a complete builder gel system and our famous structure base.","potentialAction":[{"@type":"SearchAction","target":{"@type":"EntryPoint","urlTemplate":"https:\/\/luxegel.lv\/lv\/?s={search_term_string}"},"query-input":{"@type":"PropertyValueSpecification","valueRequired":true,"valueName":"search_term_string"}}],"inLanguage":"lv-LV"}]}},"_links":{"self":[{"href":"https:\/\/luxegel.lv\/lv\/wp-json\/wp\/v2\/product\/7657","targetHints":{"allow":["GET"]}}],"collection":[{"href":"https:\/\/luxegel.lv\/lv\/wp-json\/wp\/v2\/product"}],"about":[{"href":"https:\/\/luxegel.lv\/lv\/wp-json\/wp\/v2\/types\/product"}],"version-history":[{"count":0,"href":"https:\/\/luxegel.lv\/lv\/wp-json\/wp\/v2\/product\/7657\/revisions"}],"wp:featuredmedia":[{"embeddable":true,"href":"https:\/\/luxegel.lv\/lv\/wp-json\/wp\/v2\/media\/3526"}],"wp:attachment":[{"href":"https:\/\/luxegel.lv\/lv\/wp-json\/wp\/v2\/media?parent=7657"}],"wp:term":[{"taxonomy":"product_brand","embeddable":true,"href":"https:\/\/luxegel.lv\/lv\/wp-json\/wp\/v2\/product_brand?post=7657"},{"taxonomy":"product_cat","embeddable":true,"href":"https:\/\/luxegel.lv\/lv\/wp-json\/wp\/v2\/product_cat?post=7657"},{"taxonomy":"product_tag","embeddable":true,"href":"https:\/\/luxegel.lv\/lv\/wp-json\/wp\/v2\/product_tag?post=7657"}],"curies":[{"name":"wp","href":"https:\/\/api.w.org\/{rel}","templated":true}]}}