{"id":7650,"date":"2021-10-14T15:00:12","date_gmt":"2021-10-14T15:00:12","guid":{"rendered":"https:\/\/luxegel.lv\/product\/kutikulas-stobrs\/"},"modified":"2026-04-04T22:12:51","modified_gmt":"2026-04-04T22:12:51","slug":"kutikulas-stobrs","status":"publish","type":"product","link":"https:\/\/luxegel.lv\/lv\/product-lv\/kutikulas-stobrs\/","title":{"rendered":"FR\u0112ZES UZGALIS \u2013 CILINDRS KUTIKULAS APSTR\u0100DEI (THE CUTICLE BARREL)"},"content":{"rendered":"<div><span style=\"text-decoration: underline;\"><em><strong>Cilindra uzgalis kutikulas apstr\u0101dei<\/strong><\/em><\/span><\/div>\n<ul data-mce-fragment=\"1\">\n<li data-mce-fragment=\"1\">Dimanta uzgalis<\/li>\n<li data-mce-fragment=\"1\">100% volframa t\u0113rauds<\/li>\n<li data-mce-fragment=\"1\">Kutikulas apstr\u0101des uzgalis<\/li>\n<li data-mce-fragment=\"1\">Cilindra forma<\/li>\n<li data-mce-fragment=\"1\">Smalka pak\u0101pe<\/li>\n<li data-mce-fragment=\"1\">Piem\u0113rots manik\u012bram un pedik\u012bram<\/li>\n<li data-mce-fragment=\"1\">Ide\u0101li piem\u0113rots nagu virsmas izl\u012bdzin\u0101\u0161anai un atmiru\u0161o \u0101das da\u013ci\u0146u no\u0146em\u0161anai.<\/li>\n<li data-mce-fragment=\"1\">Standarta atv\u0113ruma platums \u2013 3\/32&#8243;<\/li>\n<li data-mce-fragment=\"1\">Piem\u0113rots vis\u0101m standarta fr\u0113z\u0113m<\/li>\n<\/ul>\n<p data-mce-fragment=\"1\"><u data-mce-fragment=\"1\"><em data-mce-fragment=\"1\"><strong data-mce-fragment=\"1\">KOP\u0160ANA: <\/strong><\/em><\/u><\/p>\n<ul data-mce-fragment=\"1\">\n<li data-mce-fragment=\"1\">Izmantojiet siltu ziepj\u016bdeni, lai not\u012br\u012btu putek\u013cus un g\u0113la produktu paliekas no uzga\u013ca.<\/li>\n<li data-mce-fragment=\"1\">Kad uzgalis ir piln\u012bb\u0101 t\u012brs, varat izmantot v\u0113lamo steriliz\u0101cijas metodi.<\/li>\n<li data-mce-fragment=\"1\">Ja m\u0113rc\u0113jat dezinfekcijas \u0161\u0137idrum\u0101, l\u016bdzu, m\u0113rc\u0113jiet tikai ieteicamo laiku, jo p\u0101rm\u0113r\u012bga m\u0113rc\u0113\u0161ana var notrulin\u0101t fr\u0113zes uzgali.<\/li>\n<li data-mce-fragment=\"1\">P\u0113c steriliz\u0113\u0161anas nosusiniet un uzglab\u0101jiet konteiner\u0101.<\/li>\n<li data-mce-fragment=\"1\">P\u0113c uzga\u013cu not\u012br\u012b\u0161anas ar siltu ziepj\u016bdeni varat izmantot ar\u012b UV steriliz\u0101cijas iek\u0101rtu.<\/li>\n<\/ul>\n<p><strong>HBD-141RD.023<\/strong><\/p>\n","protected":false},"excerpt":{"rendered":"<p>Cilindra uzgalis kutikulas apstr\u0101dei Dimanta uzgalis 100% volframa t\u0113rauds Kutikulas apstr\u0101des uzgalis Cilindra forma Smalka pak\u0101pe Piem\u0113rots manik\u012bram un pedik\u012bram<\/p>\n","protected":false},"featured_media":5402,"template":"","meta":{"_acf_changed":false,"om_disable_all_campaigns":false},"product_brand":[],"product_cat":[334,154],"product_tag":[],"class_list":{"0":"post-7650","1":"product","2":"type-product","3":"status-publish","4":"has-post-thumbnail","6":"product_cat-efile-bits-lv","7":"product_cat-luxe-gel-professional-lv","9":"first","10":"instock","11":"shipping-taxable","12":"purchasable","13":"product-type-simple"},"acf":[],"yoast_head":"<!-- This site is optimized with the Yoast SEO plugin v23.8 - https:\/\/yoast.com\/wordpress\/plugins\/seo\/ -->\n<title>FR\u0112ZES UZGALIS \u2013 CILINDRS KUTIKULAS APSTR\u0100DEI (THE CUTICLE BARREL) - LUXE GEL PROFESSIONAL\u2122<\/title>\n<meta name=\"robots\" content=\"index, follow, max-snippet:-1, max-image-preview:large, max-video-preview:-1\" \/>\n<link rel=\"canonical\" href=\"https:\/\/luxegel.lv\/lv\/product-lv\/kutikulas-stobrs\/\" \/>\n<meta property=\"og:locale\" content=\"lv_LV\" \/>\n<meta property=\"og:type\" content=\"article\" \/>\n<meta property=\"og:title\" content=\"FR\u0112ZES UZGALIS \u2013 CILINDRS KUTIKULAS APSTR\u0100DEI (THE CUTICLE BARREL) - LUXE GEL PROFESSIONAL\u2122\" \/>\n<meta property=\"og:description\" content=\"Cilindra uzgalis kutikulas apstr\u0101dei Dimanta uzgalis 100% volframa t\u0113rauds Kutikulas apstr\u0101des uzgalis Cilindra forma Smalka pak\u0101pe Piem\u0113rots manik\u012bram un pedik\u012bram\" \/>\n<meta property=\"og:url\" content=\"https:\/\/luxegel.lv\/lv\/product-lv\/kutikulas-stobrs\/\" \/>\n<meta property=\"og:site_name\" content=\"LUXE GEL PROFESSIONAL\u2122\" \/>\n<meta property=\"article:modified_time\" content=\"2026-04-04T22:12:51+00:00\" \/>\n<meta property=\"og:image\" content=\"https:\/\/luxegel.lv\/wp-content\/uploads\/2024\/01\/HBD-141RD.023-scaled.jpg\" \/>\n\t<meta property=\"og:image:width\" content=\"2560\" \/>\n\t<meta property=\"og:image:height\" content=\"2560\" \/>\n\t<meta property=\"og:image:type\" content=\"image\/jpeg\" \/>\n<meta name=\"twitter:card\" content=\"summary_large_image\" \/>\n<meta name=\"twitter:label1\" content=\"Est. reading time\" \/>\n\t<meta name=\"twitter:data1\" content=\"1 minute\" \/>\n<script type=\"application\/ld+json\" class=\"yoast-schema-graph\">{\"@context\":\"https:\/\/schema.org\",\"@graph\":[{\"@type\":\"WebPage\",\"@id\":\"https:\/\/luxegel.lv\/lv\/product-lv\/kutikulas-stobrs\/\",\"url\":\"https:\/\/luxegel.lv\/lv\/product-lv\/kutikulas-stobrs\/\",\"name\":\"FR\u0112ZES UZGALIS \u2013 CILINDRS KUTIKULAS APSTR\u0100DEI (THE CUTICLE BARREL) - LUXE GEL PROFESSIONAL\u2122\",\"isPartOf\":{\"@id\":\"https:\/\/luxegel.lv\/lv\/#website\"},\"primaryImageOfPage\":{\"@id\":\"https:\/\/luxegel.lv\/lv\/product-lv\/kutikulas-stobrs\/#primaryimage\"},\"image\":{\"@id\":\"https:\/\/luxegel.lv\/lv\/product-lv\/kutikulas-stobrs\/#primaryimage\"},\"thumbnailUrl\":\"https:\/\/luxegel.lv\/wp-content\/uploads\/2024\/01\/HBD-141RD.023-scaled.jpg\",\"datePublished\":\"2021-10-14T15:00:12+00:00\",\"dateModified\":\"2026-04-04T22:12:51+00:00\",\"breadcrumb\":{\"@id\":\"https:\/\/luxegel.lv\/lv\/product-lv\/kutikulas-stobrs\/#breadcrumb\"},\"inLanguage\":\"lv-LV\",\"potentialAction\":[{\"@type\":\"ReadAction\",\"target\":[\"https:\/\/luxegel.lv\/lv\/product-lv\/kutikulas-stobrs\/\"]}]},{\"@type\":\"ImageObject\",\"inLanguage\":\"lv-LV\",\"@id\":\"https:\/\/luxegel.lv\/lv\/product-lv\/kutikulas-stobrs\/#primaryimage\",\"url\":\"https:\/\/luxegel.lv\/wp-content\/uploads\/2024\/01\/HBD-141RD.023-scaled.jpg\",\"contentUrl\":\"https:\/\/luxegel.lv\/wp-content\/uploads\/2024\/01\/HBD-141RD.023-scaled.jpg\",\"width\":2560,\"height\":2560},{\"@type\":\"BreadcrumbList\",\"@id\":\"https:\/\/luxegel.lv\/lv\/product-lv\/kutikulas-stobrs\/#breadcrumb\",\"itemListElement\":[{\"@type\":\"ListItem\",\"position\":1,\"name\":\"Galven\u0101\",\"item\":\"https:\/\/luxegel.lv\/lv\/\"},{\"@type\":\"ListItem\",\"position\":2,\"name\":\"Veikals\",\"item\":\"https:\/\/luxegel.lv\/lv\/veikals\/\"},{\"@type\":\"ListItem\",\"position\":3,\"name\":\"FR\u0112ZES UZGALIS \u2013 CILINDRS KUTIKULAS APSTR\u0100DEI (THE CUTICLE BARREL)\"}]},{\"@type\":\"WebSite\",\"@id\":\"https:\/\/luxegel.lv\/lv\/#website\",\"url\":\"https:\/\/luxegel.lv\/lv\/\",\"name\":\"LUXE GEL PROFESSIONAL\u2122\",\"description\":\"is a leading nail brand on the European market. Luxe Gel currently stock over 500 products including over 350 shades of gel polish, a complete builder gel system and our famous structure base.\",\"potentialAction\":[{\"@type\":\"SearchAction\",\"target\":{\"@type\":\"EntryPoint\",\"urlTemplate\":\"https:\/\/luxegel.lv\/lv\/?s={search_term_string}\"},\"query-input\":{\"@type\":\"PropertyValueSpecification\",\"valueRequired\":true,\"valueName\":\"search_term_string\"}}],\"inLanguage\":\"lv-LV\"}]}<\/script>\n<!-- \/ Yoast SEO plugin. -->","yoast_head_json":{"title":"FR\u0112ZES UZGALIS \u2013 CILINDRS KUTIKULAS APSTR\u0100DEI (THE CUTICLE BARREL) - LUXE GEL PROFESSIONAL\u2122","robots":{"index":"index","follow":"follow","max-snippet":"max-snippet:-1","max-image-preview":"max-image-preview:large","max-video-preview":"max-video-preview:-1"},"canonical":"https:\/\/luxegel.lv\/lv\/product-lv\/kutikulas-stobrs\/","og_locale":"lv_LV","og_type":"article","og_title":"FR\u0112ZES UZGALIS \u2013 CILINDRS KUTIKULAS APSTR\u0100DEI (THE CUTICLE BARREL) - LUXE GEL PROFESSIONAL\u2122","og_description":"Cilindra uzgalis kutikulas apstr\u0101dei Dimanta uzgalis 100% volframa t\u0113rauds Kutikulas apstr\u0101des uzgalis Cilindra forma Smalka pak\u0101pe Piem\u0113rots manik\u012bram un pedik\u012bram","og_url":"https:\/\/luxegel.lv\/lv\/product-lv\/kutikulas-stobrs\/","og_site_name":"LUXE GEL PROFESSIONAL\u2122","article_modified_time":"2026-04-04T22:12:51+00:00","og_image":[{"width":2560,"height":2560,"url":"https:\/\/luxegel.lv\/wp-content\/uploads\/2024\/01\/HBD-141RD.023-scaled.jpg","type":"image\/jpeg"}],"twitter_card":"summary_large_image","twitter_misc":{"Est. reading time":"1 minute"},"schema":{"@context":"https:\/\/schema.org","@graph":[{"@type":"WebPage","@id":"https:\/\/luxegel.lv\/lv\/product-lv\/kutikulas-stobrs\/","url":"https:\/\/luxegel.lv\/lv\/product-lv\/kutikulas-stobrs\/","name":"FR\u0112ZES UZGALIS \u2013 CILINDRS KUTIKULAS APSTR\u0100DEI (THE CUTICLE BARREL) - LUXE GEL PROFESSIONAL\u2122","isPartOf":{"@id":"https:\/\/luxegel.lv\/lv\/#website"},"primaryImageOfPage":{"@id":"https:\/\/luxegel.lv\/lv\/product-lv\/kutikulas-stobrs\/#primaryimage"},"image":{"@id":"https:\/\/luxegel.lv\/lv\/product-lv\/kutikulas-stobrs\/#primaryimage"},"thumbnailUrl":"https:\/\/luxegel.lv\/wp-content\/uploads\/2024\/01\/HBD-141RD.023-scaled.jpg","datePublished":"2021-10-14T15:00:12+00:00","dateModified":"2026-04-04T22:12:51+00:00","breadcrumb":{"@id":"https:\/\/luxegel.lv\/lv\/product-lv\/kutikulas-stobrs\/#breadcrumb"},"inLanguage":"lv-LV","potentialAction":[{"@type":"ReadAction","target":["https:\/\/luxegel.lv\/lv\/product-lv\/kutikulas-stobrs\/"]}]},{"@type":"ImageObject","inLanguage":"lv-LV","@id":"https:\/\/luxegel.lv\/lv\/product-lv\/kutikulas-stobrs\/#primaryimage","url":"https:\/\/luxegel.lv\/wp-content\/uploads\/2024\/01\/HBD-141RD.023-scaled.jpg","contentUrl":"https:\/\/luxegel.lv\/wp-content\/uploads\/2024\/01\/HBD-141RD.023-scaled.jpg","width":2560,"height":2560},{"@type":"BreadcrumbList","@id":"https:\/\/luxegel.lv\/lv\/product-lv\/kutikulas-stobrs\/#breadcrumb","itemListElement":[{"@type":"ListItem","position":1,"name":"Galven\u0101","item":"https:\/\/luxegel.lv\/lv\/"},{"@type":"ListItem","position":2,"name":"Veikals","item":"https:\/\/luxegel.lv\/lv\/veikals\/"},{"@type":"ListItem","position":3,"name":"FR\u0112ZES UZGALIS \u2013 CILINDRS KUTIKULAS APSTR\u0100DEI (THE CUTICLE BARREL)"}]},{"@type":"WebSite","@id":"https:\/\/luxegel.lv\/lv\/#website","url":"https:\/\/luxegel.lv\/lv\/","name":"LUXE GEL PROFESSIONAL\u2122","description":"is a leading nail brand on the European market. Luxe Gel currently stock over 500 products including over 350 shades of gel polish, a complete builder gel system and our famous structure base.","potentialAction":[{"@type":"SearchAction","target":{"@type":"EntryPoint","urlTemplate":"https:\/\/luxegel.lv\/lv\/?s={search_term_string}"},"query-input":{"@type":"PropertyValueSpecification","valueRequired":true,"valueName":"search_term_string"}}],"inLanguage":"lv-LV"}]}},"_links":{"self":[{"href":"https:\/\/luxegel.lv\/lv\/wp-json\/wp\/v2\/product\/7650","targetHints":{"allow":["GET"]}}],"collection":[{"href":"https:\/\/luxegel.lv\/lv\/wp-json\/wp\/v2\/product"}],"about":[{"href":"https:\/\/luxegel.lv\/lv\/wp-json\/wp\/v2\/types\/product"}],"version-history":[{"count":0,"href":"https:\/\/luxegel.lv\/lv\/wp-json\/wp\/v2\/product\/7650\/revisions"}],"wp:featuredmedia":[{"embeddable":true,"href":"https:\/\/luxegel.lv\/lv\/wp-json\/wp\/v2\/media\/5402"}],"wp:attachment":[{"href":"https:\/\/luxegel.lv\/lv\/wp-json\/wp\/v2\/media?parent=7650"}],"wp:term":[{"taxonomy":"product_brand","embeddable":true,"href":"https:\/\/luxegel.lv\/lv\/wp-json\/wp\/v2\/product_brand?post=7650"},{"taxonomy":"product_cat","embeddable":true,"href":"https:\/\/luxegel.lv\/lv\/wp-json\/wp\/v2\/product_cat?post=7650"},{"taxonomy":"product_tag","embeddable":true,"href":"https:\/\/luxegel.lv\/lv\/wp-json\/wp\/v2\/product_tag?post=7650"}],"curies":[{"name":"wp","href":"https:\/\/api.w.org\/{rel}","templated":true}]}}