{"id":7642,"date":"2021-11-04T14:50:00","date_gmt":"2021-11-04T14:50:00","guid":{"rendered":"https:\/\/luxegel.lv\/product\/bluestone\/"},"modified":"2025-10-24T19:04:47","modified_gmt":"2025-10-24T19:04:47","slug":"bluestone","status":"publish","type":"product","link":"https:\/\/luxegel.lv\/lv\/product-lv\/bluestone\/","title":{"rendered":"BLUESTONE"},"content":{"rendered":"<div>Bluestone &#8211; da\u013ca no m\u016bsu Luxe kolekcijas<\/div>\n<div><\/div>\n<div><em><strong>#Luxegelbluestone<\/strong><\/em><\/div>\n<div>\n<ul>\n<li>11 Bez toksisk\u0101m viel\u0101m.<\/li>\n<li>Augsts sp\u012bdums.<\/li>\n<li>15ML (0.5fl.oz)<\/li>\n<li>100% g\u0113la formula.<\/li>\n<li>\u013boti pigment\u0113ts<\/li>\n<li>Pilns P\u0101rkl\u0101jums ar vienu sl\u0101ni.<\/li>\n<li>Z\u012bdaina tekst\u016bra bez peld\u0113\u0161anas.<\/li>\n<li>Iztur\u012bgs &#8211; ilgst vair\u0101k nek\u0101 20 dienas.<\/li>\n<li>Bez smar\u017eas, ne\u017e\u0113l\u012bbas un videi draudz\u012bgs.<\/li>\n<li>Piln\u012bb\u0101 sertific\u0113ts un p\u0101rbaud\u012bts.<\/li>\n<li>Uv\/LED saciet\u0113jams &#8211; 120 sekun\u017eu UV vai 60 sekun\u017eu LED.<\/li>\n<li>Super gluda suka.<\/li>\n<li>Viegli uzkl\u0101jams bez nikiem, mikrosh\u0113m\u0101m vai traipiem.<\/li>\n<\/ul>\n<p>VESEL\u012aGAS SAST\u0100VDA\u013bAS<\/p>\n<p>11 TOXIC FREE<\/p>\n<p>Formaldeh\u012bds, Parab\u0113ns, Kampars, Dibutilftal\u0101ts, Formaldeh\u012bds, Ksilols, Etiltozilam\u012bds, Toluols, Bisfenols, Sulf\u0101ti, Trifenilfos\u0101ts.<\/p>\n<\/div>\n<p data-mce-fragment=\"1\"><span data-mce-fragment=\"1\"><strong data-mce-fragment=\"1\">Kr\u0101su att\u0113lojums:<\/strong><\/span><br data-mce-fragment=\"1\"><span data-mce-fragment=\"1\">Tiek dar\u012bts viss iesp\u0113jamais, lai nodro\u0161in\u0101tu, ka visi m\u016bsu produktu att\u0113li ir p\u0113c iesp\u0113jas prec\u012bz\u0101ki. T\u0101 k\u0101 elektroniskaj\u0101s ier\u012bc\u0113s ir kr\u0101su\/iz\u0161\u0137irtsp\u0113jas iestat\u012bjumi, kr\u0101su atveidojums var nedaudz at\u0161\u0137irties no fizisk\u0101 produkta.<\/span><\/p>\n","protected":false},"excerpt":{"rendered":"<p>Bluestone &#8211; da\u013ca no m\u016bsu Luxe kolekcijas #Luxegelbluestone 11 Bez toksisk\u0101m viel\u0101m. Augsts sp\u012bdums. 15ML (0.5fl.oz) 100% g\u0113la formula. \u013boti<\/p>\n","protected":false},"featured_media":3334,"template":"","meta":{"_acf_changed":false},"product_brand":[],"product_cat":[312,154,501],"product_tag":[223,333],"class_list":{"0":"post-7642","1":"product","2":"type-product","3":"status-publish","4":"has-post-thumbnail","6":"product_cat-izpardosana","7":"product_cat-luxe-gel-professional-lv","8":"product_cat-visi-toni","9":"product_tag-blue-lv","10":"product_tag-izpardosana","12":"first","13":"outofstock","14":"shipping-taxable","15":"purchasable","16":"product-type-simple"},"acf":[],"yoast_head":"<!-- This site is optimized with the Yoast SEO plugin v23.8 - https:\/\/yoast.com\/wordpress\/plugins\/seo\/ -->\n<title>BLUESTONE - LUXE GEL PROFESSIONAL\u2122<\/title>\n<meta name=\"robots\" content=\"index, follow, max-snippet:-1, max-image-preview:large, max-video-preview:-1\" \/>\n<link rel=\"canonical\" href=\"https:\/\/luxegel.lv\/lv\/product-lv\/bluestone\/\" \/>\n<meta property=\"og:locale\" content=\"lv_LV\" \/>\n<meta property=\"og:type\" content=\"article\" \/>\n<meta property=\"og:title\" content=\"BLUESTONE - LUXE GEL PROFESSIONAL\u2122\" \/>\n<meta property=\"og:description\" content=\"Bluestone &#8211; da\u013ca no m\u016bsu Luxe kolekcijas #Luxegelbluestone 11 Bez toksisk\u0101m viel\u0101m. Augsts sp\u012bdums. 15ML (0.5fl.oz) 100% g\u0113la formula. \u013boti\" \/>\n<meta property=\"og:url\" content=\"https:\/\/luxegel.lv\/lv\/product-lv\/bluestone\/\" \/>\n<meta property=\"og:site_name\" content=\"LUXE GEL PROFESSIONAL\u2122\" \/>\n<meta property=\"article:modified_time\" content=\"2025-10-24T19:04:47+00:00\" \/>\n<meta property=\"og:image\" content=\"https:\/\/luxegel.lv\/wp-content\/uploads\/2024\/01\/Bluestone_0143d620-1ac9-4ed3-9408-2ab70c4d7cbf.png\" \/>\n\t<meta property=\"og:image:width\" content=\"800\" \/>\n\t<meta property=\"og:image:height\" content=\"800\" \/>\n\t<meta property=\"og:image:type\" content=\"image\/png\" \/>\n<meta name=\"twitter:card\" content=\"summary_large_image\" \/>\n<meta name=\"twitter:label1\" content=\"Est. reading time\" \/>\n\t<meta name=\"twitter:data1\" content=\"1 minute\" \/>\n<script type=\"application\/ld+json\" class=\"yoast-schema-graph\">{\"@context\":\"https:\/\/schema.org\",\"@graph\":[{\"@type\":\"WebPage\",\"@id\":\"https:\/\/luxegel.lv\/lv\/product-lv\/bluestone\/\",\"url\":\"https:\/\/luxegel.lv\/lv\/product-lv\/bluestone\/\",\"name\":\"BLUESTONE - LUXE GEL PROFESSIONAL\u2122\",\"isPartOf\":{\"@id\":\"https:\/\/luxegel.lv\/lv\/#website\"},\"primaryImageOfPage\":{\"@id\":\"https:\/\/luxegel.lv\/lv\/product-lv\/bluestone\/#primaryimage\"},\"image\":{\"@id\":\"https:\/\/luxegel.lv\/lv\/product-lv\/bluestone\/#primaryimage\"},\"thumbnailUrl\":\"https:\/\/luxegel.lv\/wp-content\/uploads\/2024\/01\/Bluestone_0143d620-1ac9-4ed3-9408-2ab70c4d7cbf.png\",\"datePublished\":\"2021-11-04T14:50:00+00:00\",\"dateModified\":\"2025-10-24T19:04:47+00:00\",\"breadcrumb\":{\"@id\":\"https:\/\/luxegel.lv\/lv\/product-lv\/bluestone\/#breadcrumb\"},\"inLanguage\":\"lv-LV\",\"potentialAction\":[{\"@type\":\"ReadAction\",\"target\":[\"https:\/\/luxegel.lv\/lv\/product-lv\/bluestone\/\"]}]},{\"@type\":\"ImageObject\",\"inLanguage\":\"lv-LV\",\"@id\":\"https:\/\/luxegel.lv\/lv\/product-lv\/bluestone\/#primaryimage\",\"url\":\"https:\/\/luxegel.lv\/wp-content\/uploads\/2024\/01\/Bluestone_0143d620-1ac9-4ed3-9408-2ab70c4d7cbf.png\",\"contentUrl\":\"https:\/\/luxegel.lv\/wp-content\/uploads\/2024\/01\/Bluestone_0143d620-1ac9-4ed3-9408-2ab70c4d7cbf.png\",\"width\":800,\"height\":800},{\"@type\":\"BreadcrumbList\",\"@id\":\"https:\/\/luxegel.lv\/lv\/product-lv\/bluestone\/#breadcrumb\",\"itemListElement\":[{\"@type\":\"ListItem\",\"position\":1,\"name\":\"Galven\u0101\",\"item\":\"https:\/\/luxegel.lv\/lv\/\"},{\"@type\":\"ListItem\",\"position\":2,\"name\":\"Veikals\",\"item\":\"https:\/\/luxegel.lv\/lv\/veikals\/\"},{\"@type\":\"ListItem\",\"position\":3,\"name\":\"BLUESTONE\"}]},{\"@type\":\"WebSite\",\"@id\":\"https:\/\/luxegel.lv\/lv\/#website\",\"url\":\"https:\/\/luxegel.lv\/lv\/\",\"name\":\"LUXE GEL PROFESSIONAL\u2122\",\"description\":\"is a leading nail brand on the European market. Luxe Gel currently stock over 500 products including over 350 shades of gel polish, a complete builder gel system and our famous structure base.\",\"potentialAction\":[{\"@type\":\"SearchAction\",\"target\":{\"@type\":\"EntryPoint\",\"urlTemplate\":\"https:\/\/luxegel.lv\/lv\/?s={search_term_string}\"},\"query-input\":{\"@type\":\"PropertyValueSpecification\",\"valueRequired\":true,\"valueName\":\"search_term_string\"}}],\"inLanguage\":\"lv-LV\"}]}<\/script>\n<!-- \/ Yoast SEO plugin. -->","yoast_head_json":{"title":"BLUESTONE - LUXE GEL PROFESSIONAL\u2122","robots":{"index":"index","follow":"follow","max-snippet":"max-snippet:-1","max-image-preview":"max-image-preview:large","max-video-preview":"max-video-preview:-1"},"canonical":"https:\/\/luxegel.lv\/lv\/product-lv\/bluestone\/","og_locale":"lv_LV","og_type":"article","og_title":"BLUESTONE - LUXE GEL PROFESSIONAL\u2122","og_description":"Bluestone &#8211; da\u013ca no m\u016bsu Luxe kolekcijas #Luxegelbluestone 11 Bez toksisk\u0101m viel\u0101m. Augsts sp\u012bdums. 15ML (0.5fl.oz) 100% g\u0113la formula. \u013boti","og_url":"https:\/\/luxegel.lv\/lv\/product-lv\/bluestone\/","og_site_name":"LUXE GEL PROFESSIONAL\u2122","article_modified_time":"2025-10-24T19:04:47+00:00","og_image":[{"width":800,"height":800,"url":"https:\/\/luxegel.lv\/wp-content\/uploads\/2024\/01\/Bluestone_0143d620-1ac9-4ed3-9408-2ab70c4d7cbf.png","type":"image\/png"}],"twitter_card":"summary_large_image","twitter_misc":{"Est. reading time":"1 minute"},"schema":{"@context":"https:\/\/schema.org","@graph":[{"@type":"WebPage","@id":"https:\/\/luxegel.lv\/lv\/product-lv\/bluestone\/","url":"https:\/\/luxegel.lv\/lv\/product-lv\/bluestone\/","name":"BLUESTONE - LUXE GEL PROFESSIONAL\u2122","isPartOf":{"@id":"https:\/\/luxegel.lv\/lv\/#website"},"primaryImageOfPage":{"@id":"https:\/\/luxegel.lv\/lv\/product-lv\/bluestone\/#primaryimage"},"image":{"@id":"https:\/\/luxegel.lv\/lv\/product-lv\/bluestone\/#primaryimage"},"thumbnailUrl":"https:\/\/luxegel.lv\/wp-content\/uploads\/2024\/01\/Bluestone_0143d620-1ac9-4ed3-9408-2ab70c4d7cbf.png","datePublished":"2021-11-04T14:50:00+00:00","dateModified":"2025-10-24T19:04:47+00:00","breadcrumb":{"@id":"https:\/\/luxegel.lv\/lv\/product-lv\/bluestone\/#breadcrumb"},"inLanguage":"lv-LV","potentialAction":[{"@type":"ReadAction","target":["https:\/\/luxegel.lv\/lv\/product-lv\/bluestone\/"]}]},{"@type":"ImageObject","inLanguage":"lv-LV","@id":"https:\/\/luxegel.lv\/lv\/product-lv\/bluestone\/#primaryimage","url":"https:\/\/luxegel.lv\/wp-content\/uploads\/2024\/01\/Bluestone_0143d620-1ac9-4ed3-9408-2ab70c4d7cbf.png","contentUrl":"https:\/\/luxegel.lv\/wp-content\/uploads\/2024\/01\/Bluestone_0143d620-1ac9-4ed3-9408-2ab70c4d7cbf.png","width":800,"height":800},{"@type":"BreadcrumbList","@id":"https:\/\/luxegel.lv\/lv\/product-lv\/bluestone\/#breadcrumb","itemListElement":[{"@type":"ListItem","position":1,"name":"Galven\u0101","item":"https:\/\/luxegel.lv\/lv\/"},{"@type":"ListItem","position":2,"name":"Veikals","item":"https:\/\/luxegel.lv\/lv\/veikals\/"},{"@type":"ListItem","position":3,"name":"BLUESTONE"}]},{"@type":"WebSite","@id":"https:\/\/luxegel.lv\/lv\/#website","url":"https:\/\/luxegel.lv\/lv\/","name":"LUXE GEL PROFESSIONAL\u2122","description":"is a leading nail brand on the European market. Luxe Gel currently stock over 500 products including over 350 shades of gel polish, a complete builder gel system and our famous structure base.","potentialAction":[{"@type":"SearchAction","target":{"@type":"EntryPoint","urlTemplate":"https:\/\/luxegel.lv\/lv\/?s={search_term_string}"},"query-input":{"@type":"PropertyValueSpecification","valueRequired":true,"valueName":"search_term_string"}}],"inLanguage":"lv-LV"}]}},"_links":{"self":[{"href":"https:\/\/luxegel.lv\/lv\/wp-json\/wp\/v2\/product\/7642","targetHints":{"allow":["GET"]}}],"collection":[{"href":"https:\/\/luxegel.lv\/lv\/wp-json\/wp\/v2\/product"}],"about":[{"href":"https:\/\/luxegel.lv\/lv\/wp-json\/wp\/v2\/types\/product"}],"version-history":[{"count":0,"href":"https:\/\/luxegel.lv\/lv\/wp-json\/wp\/v2\/product\/7642\/revisions"}],"wp:featuredmedia":[{"embeddable":true,"href":"https:\/\/luxegel.lv\/lv\/wp-json\/wp\/v2\/media\/3334"}],"wp:attachment":[{"href":"https:\/\/luxegel.lv\/lv\/wp-json\/wp\/v2\/media?parent=7642"}],"wp:term":[{"taxonomy":"product_brand","embeddable":true,"href":"https:\/\/luxegel.lv\/lv\/wp-json\/wp\/v2\/product_brand?post=7642"},{"taxonomy":"product_cat","embeddable":true,"href":"https:\/\/luxegel.lv\/lv\/wp-json\/wp\/v2\/product_cat?post=7642"},{"taxonomy":"product_tag","embeddable":true,"href":"https:\/\/luxegel.lv\/lv\/wp-json\/wp\/v2\/product_tag?post=7642"}],"curies":[{"name":"wp","href":"https:\/\/api.w.org\/{rel}","templated":true}]}}