{"id":7636,"date":"2021-12-09T12:29:01","date_gmt":"2021-12-09T12:29:01","guid":{"rendered":"https:\/\/luxegel.lv\/product\/kutikulas-ella-slepenas-garsvielas\/"},"modified":"2026-03-23T17:31:38","modified_gmt":"2026-03-23T17:31:38","slug":"kutikulas-ella-slepenas-garsvielas","status":"publish","type":"product","link":"https:\/\/luxegel.lv\/lv\/product-lv\/kutikulas-ella-slepenas-garsvielas\/","title":{"rendered":"KUTIKULU E\u013b\u013bA &#8211; SECRET SPICES"},"content":{"rendered":"<p><strong><em>Kutikulu e\u013c\u013ca ar pat\u012bkamu ziemas gar\u0161vielu arom\u0101tu. E\u013c\u013ca baro, mitrina un m\u012bkstina \u0101du ap nagiem, padara nagus vesel\u012bg\u0101kus, stipr\u0101kus, elast\u012bg\u0101kus un skaist\u0101kus. E\u013c\u013cai ir dzi\u013ci mitrino\u0161a iedarb\u012bba, t\u0101 labi uzs\u016bcas. Regul\u0101ra kutikulu e\u013c\u013cas lieto\u0161ana nov\u0113r\u0161 nagu trauslumu un \u0161\u0137el\u0161anos, k\u0101 ar\u012b veicina to aug\u0161anu. <\/em><\/strong><\/p>\n<p><strong><em>#luxegelsecretspicesoil<\/em><\/strong><\/p>\n<p>Kutikulu e\u013c\u013ca satur dab\u012bgas sast\u0101vda\u013cas:<\/p>\n<ul>\n<li>olbaltumvielas<\/li>\n<li>miner\u0101ls\u0101\u013cus<\/li>\n<li>A, E, D vitam\u012bnus<\/li>\n<li>B grupas vitam\u012bnus<\/li>\n<\/ul>\n<p><strong>Ar Luxe Gel Professional augst\u0101k\u0101s kvalit\u0101tes kutikulu e\u013c\u013cu j\u016bsu nagi un \u0101da vienm\u0113r b\u016bs skaista!<\/strong><\/p>\n<p>15 ml pudele.<\/p>\n<p>Pieejami ar\u012b citi arom\u0101ti<\/p>\n<p>Citrus, Almond, Bubblegum, Bahama, Secret Love<\/p>\n","protected":false},"excerpt":{"rendered":"<p>Kutikulu e\u013c\u013ca ar pat\u012bkamu ziemas gar\u0161vielu arom\u0101tu. E\u013c\u013ca baro, mitrina un m\u012bkstina \u0101du ap nagiem, padara nagus vesel\u012bg\u0101kus, stipr\u0101kus, elast\u012bg\u0101kus<\/p>\n","protected":false},"featured_media":3650,"template":"","meta":{"_acf_changed":false},"product_brand":[],"product_cat":[276,154,478],"product_tag":[],"class_list":{"0":"post-7636","1":"product","2":"type-product","3":"status-publish","4":"has-post-thumbnail","6":"product_cat-drugie-tovary","7":"product_cat-luxe-gel-professional-lv","8":"product_cat-nagu-un-adas-kopsana","10":"first","11":"instock","12":"shipping-taxable","13":"purchasable","14":"product-type-simple"},"acf":[],"yoast_head":"<!-- This site is optimized with the Yoast SEO plugin v23.8 - https:\/\/yoast.com\/wordpress\/plugins\/seo\/ -->\n<title>KUTIKULU E\u013b\u013bA - SECRET SPICES - LUXE GEL PROFESSIONAL\u2122<\/title>\n<meta name=\"robots\" content=\"index, follow, max-snippet:-1, max-image-preview:large, max-video-preview:-1\" \/>\n<link rel=\"canonical\" href=\"https:\/\/luxegel.lv\/lv\/product-lv\/kutikulas-ella-slepenas-garsvielas\/\" \/>\n<meta property=\"og:locale\" content=\"lv_LV\" \/>\n<meta property=\"og:type\" content=\"article\" \/>\n<meta property=\"og:title\" content=\"KUTIKULU E\u013b\u013bA - SECRET SPICES - LUXE GEL PROFESSIONAL\u2122\" \/>\n<meta property=\"og:description\" content=\"Kutikulu e\u013c\u013ca ar pat\u012bkamu ziemas gar\u0161vielu arom\u0101tu. E\u013c\u013ca baro, mitrina un m\u012bkstina \u0101du ap nagiem, padara nagus vesel\u012bg\u0101kus, stipr\u0101kus, elast\u012bg\u0101kus\" \/>\n<meta property=\"og:url\" content=\"https:\/\/luxegel.lv\/lv\/product-lv\/kutikulas-ella-slepenas-garsvielas\/\" \/>\n<meta property=\"og:site_name\" content=\"LUXE GEL PROFESSIONAL\u2122\" \/>\n<meta property=\"article:modified_time\" content=\"2026-03-23T17:31:38+00:00\" \/>\n<meta property=\"og:image\" content=\"https:\/\/luxegel.lv\/wp-content\/uploads\/2024\/01\/image_743c5d34-9ca3-4aed-97d2-7f0c5d69e790.jpg\" \/>\n\t<meta property=\"og:image:width\" content=\"1000\" \/>\n\t<meta property=\"og:image:height\" content=\"1000\" \/>\n\t<meta property=\"og:image:type\" content=\"image\/jpeg\" \/>\n<meta name=\"twitter:card\" content=\"summary_large_image\" \/>\n<meta name=\"twitter:label1\" content=\"Est. reading time\" \/>\n\t<meta name=\"twitter:data1\" content=\"1 minute\" \/>\n<script type=\"application\/ld+json\" class=\"yoast-schema-graph\">{\"@context\":\"https:\/\/schema.org\",\"@graph\":[{\"@type\":\"WebPage\",\"@id\":\"https:\/\/luxegel.lv\/lv\/product-lv\/kutikulas-ella-slepenas-garsvielas\/\",\"url\":\"https:\/\/luxegel.lv\/lv\/product-lv\/kutikulas-ella-slepenas-garsvielas\/\",\"name\":\"KUTIKULU E\u013b\u013bA - SECRET SPICES - LUXE GEL PROFESSIONAL\u2122\",\"isPartOf\":{\"@id\":\"https:\/\/luxegel.lv\/lv\/#website\"},\"primaryImageOfPage\":{\"@id\":\"https:\/\/luxegel.lv\/lv\/product-lv\/kutikulas-ella-slepenas-garsvielas\/#primaryimage\"},\"image\":{\"@id\":\"https:\/\/luxegel.lv\/lv\/product-lv\/kutikulas-ella-slepenas-garsvielas\/#primaryimage\"},\"thumbnailUrl\":\"https:\/\/luxegel.lv\/wp-content\/uploads\/2024\/01\/image_743c5d34-9ca3-4aed-97d2-7f0c5d69e790.jpg\",\"datePublished\":\"2021-12-09T12:29:01+00:00\",\"dateModified\":\"2026-03-23T17:31:38+00:00\",\"breadcrumb\":{\"@id\":\"https:\/\/luxegel.lv\/lv\/product-lv\/kutikulas-ella-slepenas-garsvielas\/#breadcrumb\"},\"inLanguage\":\"lv-LV\",\"potentialAction\":[{\"@type\":\"ReadAction\",\"target\":[\"https:\/\/luxegel.lv\/lv\/product-lv\/kutikulas-ella-slepenas-garsvielas\/\"]}]},{\"@type\":\"ImageObject\",\"inLanguage\":\"lv-LV\",\"@id\":\"https:\/\/luxegel.lv\/lv\/product-lv\/kutikulas-ella-slepenas-garsvielas\/#primaryimage\",\"url\":\"https:\/\/luxegel.lv\/wp-content\/uploads\/2024\/01\/image_743c5d34-9ca3-4aed-97d2-7f0c5d69e790.jpg\",\"contentUrl\":\"https:\/\/luxegel.lv\/wp-content\/uploads\/2024\/01\/image_743c5d34-9ca3-4aed-97d2-7f0c5d69e790.jpg\",\"width\":1000,\"height\":1000},{\"@type\":\"BreadcrumbList\",\"@id\":\"https:\/\/luxegel.lv\/lv\/product-lv\/kutikulas-ella-slepenas-garsvielas\/#breadcrumb\",\"itemListElement\":[{\"@type\":\"ListItem\",\"position\":1,\"name\":\"Galven\u0101\",\"item\":\"https:\/\/luxegel.lv\/lv\/\"},{\"@type\":\"ListItem\",\"position\":2,\"name\":\"Veikals\",\"item\":\"https:\/\/luxegel.lv\/lv\/veikals\/\"},{\"@type\":\"ListItem\",\"position\":3,\"name\":\"KUTIKULU E\u013b\u013bA &#8211; SECRET SPICES\"}]},{\"@type\":\"WebSite\",\"@id\":\"https:\/\/luxegel.lv\/lv\/#website\",\"url\":\"https:\/\/luxegel.lv\/lv\/\",\"name\":\"LUXE GEL PROFESSIONAL\u2122\",\"description\":\"is a leading nail brand on the European market. Luxe Gel currently stock over 500 products including over 350 shades of gel polish, a complete builder gel system and our famous structure base.\",\"potentialAction\":[{\"@type\":\"SearchAction\",\"target\":{\"@type\":\"EntryPoint\",\"urlTemplate\":\"https:\/\/luxegel.lv\/lv\/?s={search_term_string}\"},\"query-input\":{\"@type\":\"PropertyValueSpecification\",\"valueRequired\":true,\"valueName\":\"search_term_string\"}}],\"inLanguage\":\"lv-LV\"}]}<\/script>\n<!-- \/ Yoast SEO plugin. -->","yoast_head_json":{"title":"KUTIKULU E\u013b\u013bA - SECRET SPICES - LUXE GEL PROFESSIONAL\u2122","robots":{"index":"index","follow":"follow","max-snippet":"max-snippet:-1","max-image-preview":"max-image-preview:large","max-video-preview":"max-video-preview:-1"},"canonical":"https:\/\/luxegel.lv\/lv\/product-lv\/kutikulas-ella-slepenas-garsvielas\/","og_locale":"lv_LV","og_type":"article","og_title":"KUTIKULU E\u013b\u013bA - SECRET SPICES - LUXE GEL PROFESSIONAL\u2122","og_description":"Kutikulu e\u013c\u013ca ar pat\u012bkamu ziemas gar\u0161vielu arom\u0101tu. E\u013c\u013ca baro, mitrina un m\u012bkstina \u0101du ap nagiem, padara nagus vesel\u012bg\u0101kus, stipr\u0101kus, elast\u012bg\u0101kus","og_url":"https:\/\/luxegel.lv\/lv\/product-lv\/kutikulas-ella-slepenas-garsvielas\/","og_site_name":"LUXE GEL PROFESSIONAL\u2122","article_modified_time":"2026-03-23T17:31:38+00:00","og_image":[{"width":1000,"height":1000,"url":"https:\/\/luxegel.lv\/wp-content\/uploads\/2024\/01\/image_743c5d34-9ca3-4aed-97d2-7f0c5d69e790.jpg","type":"image\/jpeg"}],"twitter_card":"summary_large_image","twitter_misc":{"Est. reading time":"1 minute"},"schema":{"@context":"https:\/\/schema.org","@graph":[{"@type":"WebPage","@id":"https:\/\/luxegel.lv\/lv\/product-lv\/kutikulas-ella-slepenas-garsvielas\/","url":"https:\/\/luxegel.lv\/lv\/product-lv\/kutikulas-ella-slepenas-garsvielas\/","name":"KUTIKULU E\u013b\u013bA - SECRET SPICES - LUXE GEL PROFESSIONAL\u2122","isPartOf":{"@id":"https:\/\/luxegel.lv\/lv\/#website"},"primaryImageOfPage":{"@id":"https:\/\/luxegel.lv\/lv\/product-lv\/kutikulas-ella-slepenas-garsvielas\/#primaryimage"},"image":{"@id":"https:\/\/luxegel.lv\/lv\/product-lv\/kutikulas-ella-slepenas-garsvielas\/#primaryimage"},"thumbnailUrl":"https:\/\/luxegel.lv\/wp-content\/uploads\/2024\/01\/image_743c5d34-9ca3-4aed-97d2-7f0c5d69e790.jpg","datePublished":"2021-12-09T12:29:01+00:00","dateModified":"2026-03-23T17:31:38+00:00","breadcrumb":{"@id":"https:\/\/luxegel.lv\/lv\/product-lv\/kutikulas-ella-slepenas-garsvielas\/#breadcrumb"},"inLanguage":"lv-LV","potentialAction":[{"@type":"ReadAction","target":["https:\/\/luxegel.lv\/lv\/product-lv\/kutikulas-ella-slepenas-garsvielas\/"]}]},{"@type":"ImageObject","inLanguage":"lv-LV","@id":"https:\/\/luxegel.lv\/lv\/product-lv\/kutikulas-ella-slepenas-garsvielas\/#primaryimage","url":"https:\/\/luxegel.lv\/wp-content\/uploads\/2024\/01\/image_743c5d34-9ca3-4aed-97d2-7f0c5d69e790.jpg","contentUrl":"https:\/\/luxegel.lv\/wp-content\/uploads\/2024\/01\/image_743c5d34-9ca3-4aed-97d2-7f0c5d69e790.jpg","width":1000,"height":1000},{"@type":"BreadcrumbList","@id":"https:\/\/luxegel.lv\/lv\/product-lv\/kutikulas-ella-slepenas-garsvielas\/#breadcrumb","itemListElement":[{"@type":"ListItem","position":1,"name":"Galven\u0101","item":"https:\/\/luxegel.lv\/lv\/"},{"@type":"ListItem","position":2,"name":"Veikals","item":"https:\/\/luxegel.lv\/lv\/veikals\/"},{"@type":"ListItem","position":3,"name":"KUTIKULU E\u013b\u013bA &#8211; SECRET SPICES"}]},{"@type":"WebSite","@id":"https:\/\/luxegel.lv\/lv\/#website","url":"https:\/\/luxegel.lv\/lv\/","name":"LUXE GEL PROFESSIONAL\u2122","description":"is a leading nail brand on the European market. Luxe Gel currently stock over 500 products including over 350 shades of gel polish, a complete builder gel system and our famous structure base.","potentialAction":[{"@type":"SearchAction","target":{"@type":"EntryPoint","urlTemplate":"https:\/\/luxegel.lv\/lv\/?s={search_term_string}"},"query-input":{"@type":"PropertyValueSpecification","valueRequired":true,"valueName":"search_term_string"}}],"inLanguage":"lv-LV"}]}},"_links":{"self":[{"href":"https:\/\/luxegel.lv\/lv\/wp-json\/wp\/v2\/product\/7636","targetHints":{"allow":["GET"]}}],"collection":[{"href":"https:\/\/luxegel.lv\/lv\/wp-json\/wp\/v2\/product"}],"about":[{"href":"https:\/\/luxegel.lv\/lv\/wp-json\/wp\/v2\/types\/product"}],"version-history":[{"count":0,"href":"https:\/\/luxegel.lv\/lv\/wp-json\/wp\/v2\/product\/7636\/revisions"}],"wp:featuredmedia":[{"embeddable":true,"href":"https:\/\/luxegel.lv\/lv\/wp-json\/wp\/v2\/media\/3650"}],"wp:attachment":[{"href":"https:\/\/luxegel.lv\/lv\/wp-json\/wp\/v2\/media?parent=7636"}],"wp:term":[{"taxonomy":"product_brand","embeddable":true,"href":"https:\/\/luxegel.lv\/lv\/wp-json\/wp\/v2\/product_brand?post=7636"},{"taxonomy":"product_cat","embeddable":true,"href":"https:\/\/luxegel.lv\/lv\/wp-json\/wp\/v2\/product_cat?post=7636"},{"taxonomy":"product_tag","embeddable":true,"href":"https:\/\/luxegel.lv\/lv\/wp-json\/wp\/v2\/product_tag?post=7636"}],"curies":[{"name":"wp","href":"https:\/\/api.w.org\/{rel}","templated":true}]}}