{"id":7632,"date":"2021-10-14T15:01:10","date_gmt":"2021-10-14T15:01:10","guid":{"rendered":"https:\/\/luxegel.lv\/product\/lielais-konuss\/"},"modified":"2026-02-19T22:15:00","modified_gmt":"2026-02-19T22:15:00","slug":"lielais-konuss","status":"publish","type":"product","link":"https:\/\/luxegel.lv\/lv\/product-lv\/lielais-konuss\/","title":{"rendered":"FR\u0112ZES UZGALIS \u2013 LIELAIS KONUSS (THE BIG CONE)"},"content":{"rendered":"<p data-mce-fragment=\"1\"><u data-mce-fragment=\"1\"><em data-mce-fragment=\"1\"><strong data-mce-fragment=\"1\">Lielais konuss<\/strong><\/em><\/u><\/p>\n<ul data-mce-fragment=\"1\">\n<li data-mce-fragment=\"1\">Karb\u012bda uzgalis<\/li>\n<li data-mce-fragment=\"1\">Dro\u0161\u012bbas uzgalis<\/li>\n<li data-mce-fragment=\"1\">Vid\u0113jas \/ Rupjas pak\u0101pes<\/li>\n<li data-mce-fragment=\"1\">Konusa forma<\/li>\n<li data-mce-fragment=\"1\">Piem\u0113rots vis\u0101m standarta fr\u0113z\u0113m<\/li>\n<li data-mce-fragment=\"1\">Standarta atv\u0113ruma platums &#8211; 3\/32&#8243;<\/li>\n<li data-mce-fragment=\"1\">Ide\u0101li piem\u0113rots materi\u0101la no\u0146em\u0161anai: akrila, strukt\u016brb\u0101zes (BIAB), ciet\u0101 g\u0113la, g\u0113la lakas no\u0146em\u0161anai.<\/li>\n<\/ul>\n<p data-mce-fragment=\"1\"><u data-mce-fragment=\"1\"><em data-mce-fragment=\"1\"><strong data-mce-fragment=\"1\">KOP\u0160ANA: <\/strong><\/em><\/u><\/p>\n<ul data-mce-fragment=\"1\">\n<li data-mce-fragment=\"1\">Izmantojiet siltu ziepj\u016bdeni, lai not\u012br\u012btu putek\u013cus un g\u0113la produktu paliekas no uzga\u013ca.<\/li>\n<li data-mce-fragment=\"1\">Kad uzgalis ir piln\u012bb\u0101 t\u012brs, varat izmantot v\u0113lamo steriliz\u0101cijas metodi.<\/li>\n<li data-mce-fragment=\"1\">Ja m\u0113rc\u0113jat dezinfekcijas \u0161\u0137idrum\u0101, l\u016bdzu, m\u0113rc\u0113jiet tikai ieteicamo laiku, jo p\u0101rm\u0113r\u012bga m\u0113rc\u0113\u0161ana var notrulin\u0101t fr\u0113zes uzgali.<\/li>\n<li data-mce-fragment=\"1\">P\u0113c steriliz\u0113\u0161anas nosusiniet un uzglab\u0101jiet konteiner\u0101.<\/li>\n<li data-mce-fragment=\"1\">P\u0113c uzga\u013cu not\u012br\u012b\u0161anas ar siltu ziepj\u016bdeni varat izmantot ar\u012b UV steriliz\u0101cijas iek\u0101rtu.<\/li>\n<\/ul>\n<p data-mce-fragment=\"1\"><strong>HBC-274VL.060<\/strong><\/p>\n","protected":false},"excerpt":{"rendered":"<p>Lielais konuss Karb\u012bda uzgalis Dro\u0161\u012bbas uzgalis Vid\u0113jas \/ Rupjas pak\u0101pes Konusa forma Piem\u0113rots vis\u0101m standarta fr\u0113z\u0113m Standarta atv\u0113ruma platums &#8211;<\/p>\n","protected":false},"featured_media":5398,"template":"","meta":{"_acf_changed":false,"om_disable_all_campaigns":false},"product_brand":[],"product_cat":[334,154],"product_tag":[],"class_list":{"0":"post-7632","1":"product","2":"type-product","3":"status-publish","4":"has-post-thumbnail","6":"product_cat-efile-bits-lv","7":"product_cat-luxe-gel-professional-lv","9":"first","10":"instock","11":"shipping-taxable","12":"purchasable","13":"product-type-simple"},"acf":[],"yoast_head":"<!-- This site is optimized with the Yoast SEO plugin v23.8 - https:\/\/yoast.com\/wordpress\/plugins\/seo\/ -->\n<title>FR\u0112ZES UZGALIS \u2013 LIELAIS KONUSS (THE BIG CONE) - LUXE GEL PROFESSIONAL\u2122<\/title>\n<meta name=\"robots\" content=\"index, follow, max-snippet:-1, max-image-preview:large, max-video-preview:-1\" \/>\n<link rel=\"canonical\" href=\"https:\/\/luxegel.lv\/lv\/product-lv\/lielais-konuss\/\" \/>\n<meta property=\"og:locale\" content=\"lv_LV\" \/>\n<meta property=\"og:type\" content=\"article\" \/>\n<meta property=\"og:title\" content=\"FR\u0112ZES UZGALIS \u2013 LIELAIS KONUSS (THE BIG CONE) - LUXE GEL PROFESSIONAL\u2122\" \/>\n<meta property=\"og:description\" content=\"Lielais konuss Karb\u012bda uzgalis Dro\u0161\u012bbas uzgalis Vid\u0113jas \/ Rupjas pak\u0101pes Konusa forma Piem\u0113rots vis\u0101m standarta fr\u0113z\u0113m Standarta atv\u0113ruma platums &#8211;\" \/>\n<meta property=\"og:url\" content=\"https:\/\/luxegel.lv\/lv\/product-lv\/lielais-konuss\/\" \/>\n<meta property=\"og:site_name\" content=\"LUXE GEL PROFESSIONAL\u2122\" \/>\n<meta property=\"article:modified_time\" content=\"2026-02-19T22:15:00+00:00\" \/>\n<meta property=\"og:image\" content=\"https:\/\/luxegel.lv\/wp-content\/uploads\/2024\/01\/HBC-274VL.060-scaled.jpg\" \/>\n\t<meta property=\"og:image:width\" content=\"2560\" \/>\n\t<meta property=\"og:image:height\" content=\"2560\" \/>\n\t<meta property=\"og:image:type\" content=\"image\/jpeg\" \/>\n<meta name=\"twitter:card\" content=\"summary_large_image\" \/>\n<meta name=\"twitter:label1\" content=\"Est. reading time\" \/>\n\t<meta name=\"twitter:data1\" content=\"1 minute\" \/>\n<script type=\"application\/ld+json\" class=\"yoast-schema-graph\">{\"@context\":\"https:\/\/schema.org\",\"@graph\":[{\"@type\":\"WebPage\",\"@id\":\"https:\/\/luxegel.lv\/lv\/product-lv\/lielais-konuss\/\",\"url\":\"https:\/\/luxegel.lv\/lv\/product-lv\/lielais-konuss\/\",\"name\":\"FR\u0112ZES UZGALIS \u2013 LIELAIS KONUSS (THE BIG CONE) - LUXE GEL PROFESSIONAL\u2122\",\"isPartOf\":{\"@id\":\"https:\/\/luxegel.lv\/lv\/#website\"},\"primaryImageOfPage\":{\"@id\":\"https:\/\/luxegel.lv\/lv\/product-lv\/lielais-konuss\/#primaryimage\"},\"image\":{\"@id\":\"https:\/\/luxegel.lv\/lv\/product-lv\/lielais-konuss\/#primaryimage\"},\"thumbnailUrl\":\"https:\/\/luxegel.lv\/wp-content\/uploads\/2024\/01\/HBC-274VL.060-scaled.jpg\",\"datePublished\":\"2021-10-14T15:01:10+00:00\",\"dateModified\":\"2026-02-19T22:15:00+00:00\",\"breadcrumb\":{\"@id\":\"https:\/\/luxegel.lv\/lv\/product-lv\/lielais-konuss\/#breadcrumb\"},\"inLanguage\":\"lv-LV\",\"potentialAction\":[{\"@type\":\"ReadAction\",\"target\":[\"https:\/\/luxegel.lv\/lv\/product-lv\/lielais-konuss\/\"]}]},{\"@type\":\"ImageObject\",\"inLanguage\":\"lv-LV\",\"@id\":\"https:\/\/luxegel.lv\/lv\/product-lv\/lielais-konuss\/#primaryimage\",\"url\":\"https:\/\/luxegel.lv\/wp-content\/uploads\/2024\/01\/HBC-274VL.060-scaled.jpg\",\"contentUrl\":\"https:\/\/luxegel.lv\/wp-content\/uploads\/2024\/01\/HBC-274VL.060-scaled.jpg\",\"width\":2560,\"height\":2560},{\"@type\":\"BreadcrumbList\",\"@id\":\"https:\/\/luxegel.lv\/lv\/product-lv\/lielais-konuss\/#breadcrumb\",\"itemListElement\":[{\"@type\":\"ListItem\",\"position\":1,\"name\":\"Galven\u0101\",\"item\":\"https:\/\/luxegel.lv\/lv\/\"},{\"@type\":\"ListItem\",\"position\":2,\"name\":\"Veikals\",\"item\":\"https:\/\/luxegel.lv\/lv\/veikals\/\"},{\"@type\":\"ListItem\",\"position\":3,\"name\":\"FR\u0112ZES UZGALIS \u2013 LIELAIS KONUSS (THE BIG CONE)\"}]},{\"@type\":\"WebSite\",\"@id\":\"https:\/\/luxegel.lv\/lv\/#website\",\"url\":\"https:\/\/luxegel.lv\/lv\/\",\"name\":\"LUXE GEL PROFESSIONAL\u2122\",\"description\":\"is a leading nail brand on the European market. Luxe Gel currently stock over 500 products including over 350 shades of gel polish, a complete builder gel system and our famous structure base.\",\"potentialAction\":[{\"@type\":\"SearchAction\",\"target\":{\"@type\":\"EntryPoint\",\"urlTemplate\":\"https:\/\/luxegel.lv\/lv\/?s={search_term_string}\"},\"query-input\":{\"@type\":\"PropertyValueSpecification\",\"valueRequired\":true,\"valueName\":\"search_term_string\"}}],\"inLanguage\":\"lv-LV\"}]}<\/script>\n<!-- \/ Yoast SEO plugin. -->","yoast_head_json":{"title":"FR\u0112ZES UZGALIS \u2013 LIELAIS KONUSS (THE BIG CONE) - LUXE GEL PROFESSIONAL\u2122","robots":{"index":"index","follow":"follow","max-snippet":"max-snippet:-1","max-image-preview":"max-image-preview:large","max-video-preview":"max-video-preview:-1"},"canonical":"https:\/\/luxegel.lv\/lv\/product-lv\/lielais-konuss\/","og_locale":"lv_LV","og_type":"article","og_title":"FR\u0112ZES UZGALIS \u2013 LIELAIS KONUSS (THE BIG CONE) - LUXE GEL PROFESSIONAL\u2122","og_description":"Lielais konuss Karb\u012bda uzgalis Dro\u0161\u012bbas uzgalis Vid\u0113jas \/ Rupjas pak\u0101pes Konusa forma Piem\u0113rots vis\u0101m standarta fr\u0113z\u0113m Standarta atv\u0113ruma platums &#8211;","og_url":"https:\/\/luxegel.lv\/lv\/product-lv\/lielais-konuss\/","og_site_name":"LUXE GEL PROFESSIONAL\u2122","article_modified_time":"2026-02-19T22:15:00+00:00","og_image":[{"width":2560,"height":2560,"url":"https:\/\/luxegel.lv\/wp-content\/uploads\/2024\/01\/HBC-274VL.060-scaled.jpg","type":"image\/jpeg"}],"twitter_card":"summary_large_image","twitter_misc":{"Est. reading time":"1 minute"},"schema":{"@context":"https:\/\/schema.org","@graph":[{"@type":"WebPage","@id":"https:\/\/luxegel.lv\/lv\/product-lv\/lielais-konuss\/","url":"https:\/\/luxegel.lv\/lv\/product-lv\/lielais-konuss\/","name":"FR\u0112ZES UZGALIS \u2013 LIELAIS KONUSS (THE BIG CONE) - LUXE GEL PROFESSIONAL\u2122","isPartOf":{"@id":"https:\/\/luxegel.lv\/lv\/#website"},"primaryImageOfPage":{"@id":"https:\/\/luxegel.lv\/lv\/product-lv\/lielais-konuss\/#primaryimage"},"image":{"@id":"https:\/\/luxegel.lv\/lv\/product-lv\/lielais-konuss\/#primaryimage"},"thumbnailUrl":"https:\/\/luxegel.lv\/wp-content\/uploads\/2024\/01\/HBC-274VL.060-scaled.jpg","datePublished":"2021-10-14T15:01:10+00:00","dateModified":"2026-02-19T22:15:00+00:00","breadcrumb":{"@id":"https:\/\/luxegel.lv\/lv\/product-lv\/lielais-konuss\/#breadcrumb"},"inLanguage":"lv-LV","potentialAction":[{"@type":"ReadAction","target":["https:\/\/luxegel.lv\/lv\/product-lv\/lielais-konuss\/"]}]},{"@type":"ImageObject","inLanguage":"lv-LV","@id":"https:\/\/luxegel.lv\/lv\/product-lv\/lielais-konuss\/#primaryimage","url":"https:\/\/luxegel.lv\/wp-content\/uploads\/2024\/01\/HBC-274VL.060-scaled.jpg","contentUrl":"https:\/\/luxegel.lv\/wp-content\/uploads\/2024\/01\/HBC-274VL.060-scaled.jpg","width":2560,"height":2560},{"@type":"BreadcrumbList","@id":"https:\/\/luxegel.lv\/lv\/product-lv\/lielais-konuss\/#breadcrumb","itemListElement":[{"@type":"ListItem","position":1,"name":"Galven\u0101","item":"https:\/\/luxegel.lv\/lv\/"},{"@type":"ListItem","position":2,"name":"Veikals","item":"https:\/\/luxegel.lv\/lv\/veikals\/"},{"@type":"ListItem","position":3,"name":"FR\u0112ZES UZGALIS \u2013 LIELAIS KONUSS (THE BIG CONE)"}]},{"@type":"WebSite","@id":"https:\/\/luxegel.lv\/lv\/#website","url":"https:\/\/luxegel.lv\/lv\/","name":"LUXE GEL PROFESSIONAL\u2122","description":"is a leading nail brand on the European market. Luxe Gel currently stock over 500 products including over 350 shades of gel polish, a complete builder gel system and our famous structure base.","potentialAction":[{"@type":"SearchAction","target":{"@type":"EntryPoint","urlTemplate":"https:\/\/luxegel.lv\/lv\/?s={search_term_string}"},"query-input":{"@type":"PropertyValueSpecification","valueRequired":true,"valueName":"search_term_string"}}],"inLanguage":"lv-LV"}]}},"_links":{"self":[{"href":"https:\/\/luxegel.lv\/lv\/wp-json\/wp\/v2\/product\/7632","targetHints":{"allow":["GET"]}}],"collection":[{"href":"https:\/\/luxegel.lv\/lv\/wp-json\/wp\/v2\/product"}],"about":[{"href":"https:\/\/luxegel.lv\/lv\/wp-json\/wp\/v2\/types\/product"}],"version-history":[{"count":0,"href":"https:\/\/luxegel.lv\/lv\/wp-json\/wp\/v2\/product\/7632\/revisions"}],"wp:featuredmedia":[{"embeddable":true,"href":"https:\/\/luxegel.lv\/lv\/wp-json\/wp\/v2\/media\/5398"}],"wp:attachment":[{"href":"https:\/\/luxegel.lv\/lv\/wp-json\/wp\/v2\/media?parent=7632"}],"wp:term":[{"taxonomy":"product_brand","embeddable":true,"href":"https:\/\/luxegel.lv\/lv\/wp-json\/wp\/v2\/product_brand?post=7632"},{"taxonomy":"product_cat","embeddable":true,"href":"https:\/\/luxegel.lv\/lv\/wp-json\/wp\/v2\/product_cat?post=7632"},{"taxonomy":"product_tag","embeddable":true,"href":"https:\/\/luxegel.lv\/lv\/wp-json\/wp\/v2\/product_tag?post=7632"}],"curies":[{"name":"wp","href":"https:\/\/api.w.org\/{rel}","templated":true}]}}