{"id":7613,"date":"2022-01-18T15:39:55","date_gmt":"2022-01-18T15:39:55","guid":{"rendered":"https:\/\/luxegel.lv\/product\/ziedu-ziedu-zeleja\/"},"modified":"2026-04-27T09:41:49","modified_gmt":"2026-04-27T09:41:49","slug":"ziedu-ziedu-zeleja","status":"publish","type":"product","link":"https:\/\/luxegel.lv\/lv\/product-lv\/ziedu-ziedu-zeleja\/","title":{"rendered":"BLOSSOM BLOOM GEL \u2013 B\u0100ZE G\u0112LLAKAS PLUDIN\u0100\u0160ANAI"},"content":{"rendered":"<p>Blossom Bloom Gel ir b\u0101zes p\u0101rkl\u0101jums, ko izmanto g\u0113la lakas pludin\u0101\u0161anai. Izmantojot \u0161o b\u0101zi, j\u016bs varat veidot marmora efekta, akvare\u013cziedu, abstrakt\u0101s m\u0101kslas un citus dizainus.<\/p>\n<ul>\n<li>Uzkl\u0101jiet pl\u0101nu k\u0101rti\u0146u uz no\u017e\u0101v\u0113tas g\u0113la lakas, bet v\u0113l nelieciet lamp\u0101.<\/li>\n<li>Ar lainera oti\u0146u un v\u0113lamajiem g\u0113la lakas to\u0146iem veidojiet dizaina rakstus.<\/li>\n<li>No\u017e\u0101v\u0113jiet lamp\u0101 60 sekundes.<\/li>\n<li>Uzkl\u0101jiet virs\u0113jo p\u0101rkl\u0101jumu.<\/li>\n<\/ul>\n<p>#luxegelblossomgel<\/p>\n","protected":false},"excerpt":{"rendered":"<p>Blossom Bloom Gel ir b\u0101zes p\u0101rkl\u0101jums, ko izmanto g\u0113la lakas pludin\u0101\u0161anai. Izmantojot \u0161o b\u0101zi, j\u016bs varat veidot marmora efekta, akvare\u013cziedu,<\/p>\n","protected":false},"featured_media":3292,"template":"","meta":{"_acf_changed":false,"om_disable_all_campaigns":false},"product_brand":[],"product_cat":[154,469,181],"product_tag":[343],"class_list":{"0":"post-7613","1":"product","2":"type-product","3":"status-publish","4":"has-post-thumbnail","6":"product_cat-luxe-gel-professional-lv","7":"product_cat-nagu-dizainam","8":"product_cat-topi","9":"product_tag-ziedosana","11":"first","12":"instock","13":"sale","14":"shipping-taxable","15":"purchasable","16":"product-type-simple"},"acf":[],"yoast_head":"<!-- This site is optimized with the Yoast SEO plugin v23.8 - https:\/\/yoast.com\/wordpress\/plugins\/seo\/ -->\n<title>BLOSSOM BLOOM GEL \u2013 B\u0100ZE G\u0112LLAKAS PLUDIN\u0100\u0160ANAI - LUXE GEL PROFESSIONAL\u2122<\/title>\n<meta name=\"robots\" content=\"index, follow, max-snippet:-1, max-image-preview:large, max-video-preview:-1\" \/>\n<link rel=\"canonical\" href=\"https:\/\/luxegel.lv\/lv\/product-lv\/ziedu-ziedu-zeleja\/\" \/>\n<meta property=\"og:locale\" content=\"lv_LV\" \/>\n<meta property=\"og:type\" content=\"article\" \/>\n<meta property=\"og:title\" content=\"BLOSSOM BLOOM GEL \u2013 B\u0100ZE G\u0112LLAKAS PLUDIN\u0100\u0160ANAI - LUXE GEL PROFESSIONAL\u2122\" \/>\n<meta property=\"og:description\" content=\"Blossom Bloom Gel ir b\u0101zes p\u0101rkl\u0101jums, ko izmanto g\u0113la lakas pludin\u0101\u0161anai. Izmantojot \u0161o b\u0101zi, j\u016bs varat veidot marmora efekta, akvare\u013cziedu,\" \/>\n<meta property=\"og:url\" content=\"https:\/\/luxegel.lv\/lv\/product-lv\/ziedu-ziedu-zeleja\/\" \/>\n<meta property=\"og:site_name\" content=\"LUXE GEL PROFESSIONAL\u2122\" \/>\n<meta property=\"article:modified_time\" content=\"2026-04-27T09:41:49+00:00\" \/>\n<meta property=\"og:image\" content=\"https:\/\/luxegel.lv\/wp-content\/uploads\/2024\/01\/image_2f8dcca6-5b87-4e85-a41d-4d2b471b37d3.png\" \/>\n\t<meta property=\"og:image:width\" content=\"1775\" \/>\n\t<meta property=\"og:image:height\" content=\"1775\" \/>\n\t<meta property=\"og:image:type\" content=\"image\/png\" \/>\n<meta name=\"twitter:card\" content=\"summary_large_image\" \/>\n<script type=\"application\/ld+json\" class=\"yoast-schema-graph\">{\"@context\":\"https:\/\/schema.org\",\"@graph\":[{\"@type\":\"WebPage\",\"@id\":\"https:\/\/luxegel.lv\/lv\/product-lv\/ziedu-ziedu-zeleja\/\",\"url\":\"https:\/\/luxegel.lv\/lv\/product-lv\/ziedu-ziedu-zeleja\/\",\"name\":\"BLOSSOM BLOOM GEL \u2013 B\u0100ZE G\u0112LLAKAS PLUDIN\u0100\u0160ANAI - LUXE GEL PROFESSIONAL\u2122\",\"isPartOf\":{\"@id\":\"https:\/\/luxegel.lv\/lv\/#website\"},\"primaryImageOfPage\":{\"@id\":\"https:\/\/luxegel.lv\/lv\/product-lv\/ziedu-ziedu-zeleja\/#primaryimage\"},\"image\":{\"@id\":\"https:\/\/luxegel.lv\/lv\/product-lv\/ziedu-ziedu-zeleja\/#primaryimage\"},\"thumbnailUrl\":\"https:\/\/luxegel.lv\/wp-content\/uploads\/2024\/01\/image_2f8dcca6-5b87-4e85-a41d-4d2b471b37d3.png\",\"datePublished\":\"2022-01-18T15:39:55+00:00\",\"dateModified\":\"2026-04-27T09:41:49+00:00\",\"breadcrumb\":{\"@id\":\"https:\/\/luxegel.lv\/lv\/product-lv\/ziedu-ziedu-zeleja\/#breadcrumb\"},\"inLanguage\":\"lv-LV\",\"potentialAction\":[{\"@type\":\"ReadAction\",\"target\":[\"https:\/\/luxegel.lv\/lv\/product-lv\/ziedu-ziedu-zeleja\/\"]}]},{\"@type\":\"ImageObject\",\"inLanguage\":\"lv-LV\",\"@id\":\"https:\/\/luxegel.lv\/lv\/product-lv\/ziedu-ziedu-zeleja\/#primaryimage\",\"url\":\"https:\/\/luxegel.lv\/wp-content\/uploads\/2024\/01\/image_2f8dcca6-5b87-4e85-a41d-4d2b471b37d3.png\",\"contentUrl\":\"https:\/\/luxegel.lv\/wp-content\/uploads\/2024\/01\/image_2f8dcca6-5b87-4e85-a41d-4d2b471b37d3.png\",\"width\":1775,\"height\":1775},{\"@type\":\"BreadcrumbList\",\"@id\":\"https:\/\/luxegel.lv\/lv\/product-lv\/ziedu-ziedu-zeleja\/#breadcrumb\",\"itemListElement\":[{\"@type\":\"ListItem\",\"position\":1,\"name\":\"Galven\u0101\",\"item\":\"https:\/\/luxegel.lv\/lv\/\"},{\"@type\":\"ListItem\",\"position\":2,\"name\":\"Veikals\",\"item\":\"https:\/\/luxegel.lv\/lv\/veikals\/\"},{\"@type\":\"ListItem\",\"position\":3,\"name\":\"BLOSSOM BLOOM GEL \u2013 B\u0100ZE G\u0112LLAKAS PLUDIN\u0100\u0160ANAI\"}]},{\"@type\":\"WebSite\",\"@id\":\"https:\/\/luxegel.lv\/lv\/#website\",\"url\":\"https:\/\/luxegel.lv\/lv\/\",\"name\":\"LUXE GEL PROFESSIONAL\u2122\",\"description\":\"is a leading nail brand on the European market. Luxe Gel currently stock over 500 products including over 350 shades of gel polish, a complete builder gel system and our famous structure base.\",\"potentialAction\":[{\"@type\":\"SearchAction\",\"target\":{\"@type\":\"EntryPoint\",\"urlTemplate\":\"https:\/\/luxegel.lv\/lv\/?s={search_term_string}\"},\"query-input\":{\"@type\":\"PropertyValueSpecification\",\"valueRequired\":true,\"valueName\":\"search_term_string\"}}],\"inLanguage\":\"lv-LV\"}]}<\/script>\n<!-- \/ Yoast SEO plugin. -->","yoast_head_json":{"title":"BLOSSOM BLOOM GEL \u2013 B\u0100ZE G\u0112LLAKAS PLUDIN\u0100\u0160ANAI - LUXE GEL PROFESSIONAL\u2122","robots":{"index":"index","follow":"follow","max-snippet":"max-snippet:-1","max-image-preview":"max-image-preview:large","max-video-preview":"max-video-preview:-1"},"canonical":"https:\/\/luxegel.lv\/lv\/product-lv\/ziedu-ziedu-zeleja\/","og_locale":"lv_LV","og_type":"article","og_title":"BLOSSOM BLOOM GEL \u2013 B\u0100ZE G\u0112LLAKAS PLUDIN\u0100\u0160ANAI - LUXE GEL PROFESSIONAL\u2122","og_description":"Blossom Bloom Gel ir b\u0101zes p\u0101rkl\u0101jums, ko izmanto g\u0113la lakas pludin\u0101\u0161anai. Izmantojot \u0161o b\u0101zi, j\u016bs varat veidot marmora efekta, akvare\u013cziedu,","og_url":"https:\/\/luxegel.lv\/lv\/product-lv\/ziedu-ziedu-zeleja\/","og_site_name":"LUXE GEL PROFESSIONAL\u2122","article_modified_time":"2026-04-27T09:41:49+00:00","og_image":[{"width":1775,"height":1775,"url":"https:\/\/luxegel.lv\/wp-content\/uploads\/2024\/01\/image_2f8dcca6-5b87-4e85-a41d-4d2b471b37d3.png","type":"image\/png"}],"twitter_card":"summary_large_image","schema":{"@context":"https:\/\/schema.org","@graph":[{"@type":"WebPage","@id":"https:\/\/luxegel.lv\/lv\/product-lv\/ziedu-ziedu-zeleja\/","url":"https:\/\/luxegel.lv\/lv\/product-lv\/ziedu-ziedu-zeleja\/","name":"BLOSSOM BLOOM GEL \u2013 B\u0100ZE G\u0112LLAKAS PLUDIN\u0100\u0160ANAI - LUXE GEL PROFESSIONAL\u2122","isPartOf":{"@id":"https:\/\/luxegel.lv\/lv\/#website"},"primaryImageOfPage":{"@id":"https:\/\/luxegel.lv\/lv\/product-lv\/ziedu-ziedu-zeleja\/#primaryimage"},"image":{"@id":"https:\/\/luxegel.lv\/lv\/product-lv\/ziedu-ziedu-zeleja\/#primaryimage"},"thumbnailUrl":"https:\/\/luxegel.lv\/wp-content\/uploads\/2024\/01\/image_2f8dcca6-5b87-4e85-a41d-4d2b471b37d3.png","datePublished":"2022-01-18T15:39:55+00:00","dateModified":"2026-04-27T09:41:49+00:00","breadcrumb":{"@id":"https:\/\/luxegel.lv\/lv\/product-lv\/ziedu-ziedu-zeleja\/#breadcrumb"},"inLanguage":"lv-LV","potentialAction":[{"@type":"ReadAction","target":["https:\/\/luxegel.lv\/lv\/product-lv\/ziedu-ziedu-zeleja\/"]}]},{"@type":"ImageObject","inLanguage":"lv-LV","@id":"https:\/\/luxegel.lv\/lv\/product-lv\/ziedu-ziedu-zeleja\/#primaryimage","url":"https:\/\/luxegel.lv\/wp-content\/uploads\/2024\/01\/image_2f8dcca6-5b87-4e85-a41d-4d2b471b37d3.png","contentUrl":"https:\/\/luxegel.lv\/wp-content\/uploads\/2024\/01\/image_2f8dcca6-5b87-4e85-a41d-4d2b471b37d3.png","width":1775,"height":1775},{"@type":"BreadcrumbList","@id":"https:\/\/luxegel.lv\/lv\/product-lv\/ziedu-ziedu-zeleja\/#breadcrumb","itemListElement":[{"@type":"ListItem","position":1,"name":"Galven\u0101","item":"https:\/\/luxegel.lv\/lv\/"},{"@type":"ListItem","position":2,"name":"Veikals","item":"https:\/\/luxegel.lv\/lv\/veikals\/"},{"@type":"ListItem","position":3,"name":"BLOSSOM BLOOM GEL \u2013 B\u0100ZE G\u0112LLAKAS PLUDIN\u0100\u0160ANAI"}]},{"@type":"WebSite","@id":"https:\/\/luxegel.lv\/lv\/#website","url":"https:\/\/luxegel.lv\/lv\/","name":"LUXE GEL PROFESSIONAL\u2122","description":"is a leading nail brand on the European market. Luxe Gel currently stock over 500 products including over 350 shades of gel polish, a complete builder gel system and our famous structure base.","potentialAction":[{"@type":"SearchAction","target":{"@type":"EntryPoint","urlTemplate":"https:\/\/luxegel.lv\/lv\/?s={search_term_string}"},"query-input":{"@type":"PropertyValueSpecification","valueRequired":true,"valueName":"search_term_string"}}],"inLanguage":"lv-LV"}]}},"_links":{"self":[{"href":"https:\/\/luxegel.lv\/lv\/wp-json\/wp\/v2\/product\/7613","targetHints":{"allow":["GET"]}}],"collection":[{"href":"https:\/\/luxegel.lv\/lv\/wp-json\/wp\/v2\/product"}],"about":[{"href":"https:\/\/luxegel.lv\/lv\/wp-json\/wp\/v2\/types\/product"}],"version-history":[{"count":0,"href":"https:\/\/luxegel.lv\/lv\/wp-json\/wp\/v2\/product\/7613\/revisions"}],"wp:featuredmedia":[{"embeddable":true,"href":"https:\/\/luxegel.lv\/lv\/wp-json\/wp\/v2\/media\/3292"}],"wp:attachment":[{"href":"https:\/\/luxegel.lv\/lv\/wp-json\/wp\/v2\/media?parent=7613"}],"wp:term":[{"taxonomy":"product_brand","embeddable":true,"href":"https:\/\/luxegel.lv\/lv\/wp-json\/wp\/v2\/product_brand?post=7613"},{"taxonomy":"product_cat","embeddable":true,"href":"https:\/\/luxegel.lv\/lv\/wp-json\/wp\/v2\/product_cat?post=7613"},{"taxonomy":"product_tag","embeddable":true,"href":"https:\/\/luxegel.lv\/lv\/wp-json\/wp\/v2\/product_tag?post=7613"}],"curies":[{"name":"wp","href":"https:\/\/api.w.org\/{rel}","templated":true}]}}