{"id":7588,"date":"2022-04-14T11:07:36","date_gmt":"2022-04-14T11:07:36","guid":{"rendered":"https:\/\/luxegel.lv\/product\/monarch\/"},"modified":"2025-12-05T07:00:59","modified_gmt":"2025-12-05T07:00:59","slug":"monarch","status":"publish","type":"product","link":"https:\/\/luxegel.lv\/lv\/product-lv\/monarch\/","title":{"rendered":"MONARCH"},"content":{"rendered":"<p><strong>Esi uztic\u012bgs karaliskajam sev\u012b! Monarhs ir spilgti violeta g\u0113la lakas kr\u0101sa, kas apvieno zil\u0101 mier\u012bgo stabilit\u0101ti un sarkan\u0101 ener\u0123iju. \u0160\u012b ir varas un amb\u012bciju kr\u0101sa. Tas ir lieliski piem\u0113rots grezn\u0101m d\u0101m\u0101m.<\/strong><\/p>\n<p><strong><em>#luxegelmonarch  <\/em><\/strong><\/p>\n<ul data-mce-fragment=\"1\">\n<li data-mce-fragment=\"1\">9 Bezmaksas.<\/li>\n<li data-mce-fragment=\"1\">15ML.<\/li>\n<li data-mce-fragment=\"1\">100% g\u0113la formula.<\/li>\n<li data-mce-fragment=\"1\">\u013boti pigment\u0113ts, lai viegli p\u0101rkl\u0101tu.<\/li>\n<li data-mce-fragment=\"1\">3+ ned\u0113\u013cu ilgnotur\u012bga formula.<\/li>\n<li data-mce-fragment=\"1\">Veg\u0101ns &amp; Cruelty free.<\/li>\n<li data-mce-fragment=\"1\">\u0100tra izm\u0113rc\u0113\u0161anas no\u0146em\u0161ana.<\/li>\n<li data-mce-fragment=\"1\">Uv\/LED saciet\u0113jams &#8211; 120 sekun\u017eu UV vai 60 sekun\u017eu LED.<\/li>\n<\/ul>\n<p data-mce-fragment=\"1\"><strong data-mce-fragment=\"1\">Kr\u0101su att\u0113lojums:<\/strong><br data-mce-fragment=\"1\"><span data-mce-fragment=\"1\">Tiek dar\u012bts viss iesp\u0113jamais, lai nodro\u0161in\u0101tu, ka visi m\u016bsu produktu att\u0113li ir p\u0113c iesp\u0113jas prec\u012bz\u0101ki. T\u0101 k\u0101 elektroniskaj\u0101s ier\u012bc\u0113s ir kr\u0101su\/iz\u0161\u0137irtsp\u0113jas iestat\u012bjumi, kr\u0101su atveidojums var nedaudz at\u0161\u0137irties no fizisk\u0101 produkta.<\/span><\/p>\n","protected":false},"excerpt":{"rendered":"<p>Esi uztic\u012bgs karaliskajam sev\u012b! Monarhs ir spilgti violeta g\u0113la lakas kr\u0101sa, kas apvieno zil\u0101 mier\u012bgo stabilit\u0101ti un sarkan\u0101 ener\u0123iju. \u0160\u012b<\/p>\n","protected":false},"featured_media":4666,"template":"","meta":{"_acf_changed":false},"product_brand":[],"product_cat":[157,154,505,501],"product_tag":[318],"class_list":{"0":"post-7588","1":"product","2":"type-product","3":"status-publish","4":"has-post-thumbnail","6":"product_cat-gela-lakas","7":"product_cat-luxe-gel-professional-lv","8":"product_cat-tumshie-toni","9":"product_cat-visi-toni","10":"product_tag-grey-lv","12":"first","13":"instock","14":"sale","15":"shipping-taxable","16":"purchasable","17":"product-type-simple"},"acf":[],"yoast_head":"<!-- This site is optimized with the Yoast SEO plugin v23.8 - https:\/\/yoast.com\/wordpress\/plugins\/seo\/ -->\n<title>MONARCH - LUXE GEL PROFESSIONAL\u2122<\/title>\n<meta name=\"robots\" content=\"index, follow, max-snippet:-1, max-image-preview:large, max-video-preview:-1\" \/>\n<link rel=\"canonical\" href=\"https:\/\/luxegel.lv\/lv\/product-lv\/monarch\/\" \/>\n<meta property=\"og:locale\" content=\"lv_LV\" \/>\n<meta property=\"og:type\" content=\"article\" \/>\n<meta property=\"og:title\" content=\"MONARCH - LUXE GEL PROFESSIONAL\u2122\" \/>\n<meta property=\"og:description\" content=\"Esi uztic\u012bgs karaliskajam sev\u012b! Monarhs ir spilgti violeta g\u0113la lakas kr\u0101sa, kas apvieno zil\u0101 mier\u012bgo stabilit\u0101ti un sarkan\u0101 ener\u0123iju. \u0160\u012b\" \/>\n<meta property=\"og:url\" content=\"https:\/\/luxegel.lv\/lv\/product-lv\/monarch\/\" \/>\n<meta property=\"og:site_name\" content=\"LUXE GEL PROFESSIONAL\u2122\" \/>\n<meta property=\"article:modified_time\" content=\"2025-12-05T07:00:59+00:00\" \/>\n<meta property=\"og:image\" content=\"https:\/\/luxegel.lv\/wp-content\/uploads\/2024\/01\/Monarch.png\" \/>\n\t<meta property=\"og:image:width\" content=\"800\" \/>\n\t<meta property=\"og:image:height\" content=\"800\" \/>\n\t<meta property=\"og:image:type\" content=\"image\/png\" \/>\n<meta name=\"twitter:card\" content=\"summary_large_image\" \/>\n<meta name=\"twitter:label1\" content=\"Est. reading time\" \/>\n\t<meta name=\"twitter:data1\" content=\"1 minute\" \/>\n<script type=\"application\/ld+json\" class=\"yoast-schema-graph\">{\"@context\":\"https:\/\/schema.org\",\"@graph\":[{\"@type\":\"WebPage\",\"@id\":\"https:\/\/luxegel.lv\/lv\/product-lv\/monarch\/\",\"url\":\"https:\/\/luxegel.lv\/lv\/product-lv\/monarch\/\",\"name\":\"MONARCH - LUXE GEL PROFESSIONAL\u2122\",\"isPartOf\":{\"@id\":\"https:\/\/luxegel.lv\/lv\/#website\"},\"primaryImageOfPage\":{\"@id\":\"https:\/\/luxegel.lv\/lv\/product-lv\/monarch\/#primaryimage\"},\"image\":{\"@id\":\"https:\/\/luxegel.lv\/lv\/product-lv\/monarch\/#primaryimage\"},\"thumbnailUrl\":\"https:\/\/luxegel.lv\/wp-content\/uploads\/2024\/01\/Monarch.png\",\"datePublished\":\"2022-04-14T11:07:36+00:00\",\"dateModified\":\"2025-12-05T07:00:59+00:00\",\"breadcrumb\":{\"@id\":\"https:\/\/luxegel.lv\/lv\/product-lv\/monarch\/#breadcrumb\"},\"inLanguage\":\"lv-LV\",\"potentialAction\":[{\"@type\":\"ReadAction\",\"target\":[\"https:\/\/luxegel.lv\/lv\/product-lv\/monarch\/\"]}]},{\"@type\":\"ImageObject\",\"inLanguage\":\"lv-LV\",\"@id\":\"https:\/\/luxegel.lv\/lv\/product-lv\/monarch\/#primaryimage\",\"url\":\"https:\/\/luxegel.lv\/wp-content\/uploads\/2024\/01\/Monarch.png\",\"contentUrl\":\"https:\/\/luxegel.lv\/wp-content\/uploads\/2024\/01\/Monarch.png\",\"width\":800,\"height\":800},{\"@type\":\"BreadcrumbList\",\"@id\":\"https:\/\/luxegel.lv\/lv\/product-lv\/monarch\/#breadcrumb\",\"itemListElement\":[{\"@type\":\"ListItem\",\"position\":1,\"name\":\"Galven\u0101\",\"item\":\"https:\/\/luxegel.lv\/lv\/\"},{\"@type\":\"ListItem\",\"position\":2,\"name\":\"Veikals\",\"item\":\"https:\/\/luxegel.lv\/lv\/veikals\/\"},{\"@type\":\"ListItem\",\"position\":3,\"name\":\"MONARCH\"}]},{\"@type\":\"WebSite\",\"@id\":\"https:\/\/luxegel.lv\/lv\/#website\",\"url\":\"https:\/\/luxegel.lv\/lv\/\",\"name\":\"LUXE GEL PROFESSIONAL\u2122\",\"description\":\"is a leading nail brand on the European market. Luxe Gel currently stock over 500 products including over 350 shades of gel polish, a complete builder gel system and our famous structure base.\",\"potentialAction\":[{\"@type\":\"SearchAction\",\"target\":{\"@type\":\"EntryPoint\",\"urlTemplate\":\"https:\/\/luxegel.lv\/lv\/?s={search_term_string}\"},\"query-input\":{\"@type\":\"PropertyValueSpecification\",\"valueRequired\":true,\"valueName\":\"search_term_string\"}}],\"inLanguage\":\"lv-LV\"}]}<\/script>\n<!-- \/ Yoast SEO plugin. -->","yoast_head_json":{"title":"MONARCH - LUXE GEL PROFESSIONAL\u2122","robots":{"index":"index","follow":"follow","max-snippet":"max-snippet:-1","max-image-preview":"max-image-preview:large","max-video-preview":"max-video-preview:-1"},"canonical":"https:\/\/luxegel.lv\/lv\/product-lv\/monarch\/","og_locale":"lv_LV","og_type":"article","og_title":"MONARCH - LUXE GEL PROFESSIONAL\u2122","og_description":"Esi uztic\u012bgs karaliskajam sev\u012b! Monarhs ir spilgti violeta g\u0113la lakas kr\u0101sa, kas apvieno zil\u0101 mier\u012bgo stabilit\u0101ti un sarkan\u0101 ener\u0123iju. \u0160\u012b","og_url":"https:\/\/luxegel.lv\/lv\/product-lv\/monarch\/","og_site_name":"LUXE GEL PROFESSIONAL\u2122","article_modified_time":"2025-12-05T07:00:59+00:00","og_image":[{"width":800,"height":800,"url":"https:\/\/luxegel.lv\/wp-content\/uploads\/2024\/01\/Monarch.png","type":"image\/png"}],"twitter_card":"summary_large_image","twitter_misc":{"Est. reading time":"1 minute"},"schema":{"@context":"https:\/\/schema.org","@graph":[{"@type":"WebPage","@id":"https:\/\/luxegel.lv\/lv\/product-lv\/monarch\/","url":"https:\/\/luxegel.lv\/lv\/product-lv\/monarch\/","name":"MONARCH - LUXE GEL PROFESSIONAL\u2122","isPartOf":{"@id":"https:\/\/luxegel.lv\/lv\/#website"},"primaryImageOfPage":{"@id":"https:\/\/luxegel.lv\/lv\/product-lv\/monarch\/#primaryimage"},"image":{"@id":"https:\/\/luxegel.lv\/lv\/product-lv\/monarch\/#primaryimage"},"thumbnailUrl":"https:\/\/luxegel.lv\/wp-content\/uploads\/2024\/01\/Monarch.png","datePublished":"2022-04-14T11:07:36+00:00","dateModified":"2025-12-05T07:00:59+00:00","breadcrumb":{"@id":"https:\/\/luxegel.lv\/lv\/product-lv\/monarch\/#breadcrumb"},"inLanguage":"lv-LV","potentialAction":[{"@type":"ReadAction","target":["https:\/\/luxegel.lv\/lv\/product-lv\/monarch\/"]}]},{"@type":"ImageObject","inLanguage":"lv-LV","@id":"https:\/\/luxegel.lv\/lv\/product-lv\/monarch\/#primaryimage","url":"https:\/\/luxegel.lv\/wp-content\/uploads\/2024\/01\/Monarch.png","contentUrl":"https:\/\/luxegel.lv\/wp-content\/uploads\/2024\/01\/Monarch.png","width":800,"height":800},{"@type":"BreadcrumbList","@id":"https:\/\/luxegel.lv\/lv\/product-lv\/monarch\/#breadcrumb","itemListElement":[{"@type":"ListItem","position":1,"name":"Galven\u0101","item":"https:\/\/luxegel.lv\/lv\/"},{"@type":"ListItem","position":2,"name":"Veikals","item":"https:\/\/luxegel.lv\/lv\/veikals\/"},{"@type":"ListItem","position":3,"name":"MONARCH"}]},{"@type":"WebSite","@id":"https:\/\/luxegel.lv\/lv\/#website","url":"https:\/\/luxegel.lv\/lv\/","name":"LUXE GEL PROFESSIONAL\u2122","description":"is a leading nail brand on the European market. Luxe Gel currently stock over 500 products including over 350 shades of gel polish, a complete builder gel system and our famous structure base.","potentialAction":[{"@type":"SearchAction","target":{"@type":"EntryPoint","urlTemplate":"https:\/\/luxegel.lv\/lv\/?s={search_term_string}"},"query-input":{"@type":"PropertyValueSpecification","valueRequired":true,"valueName":"search_term_string"}}],"inLanguage":"lv-LV"}]}},"_links":{"self":[{"href":"https:\/\/luxegel.lv\/lv\/wp-json\/wp\/v2\/product\/7588","targetHints":{"allow":["GET"]}}],"collection":[{"href":"https:\/\/luxegel.lv\/lv\/wp-json\/wp\/v2\/product"}],"about":[{"href":"https:\/\/luxegel.lv\/lv\/wp-json\/wp\/v2\/types\/product"}],"version-history":[{"count":0,"href":"https:\/\/luxegel.lv\/lv\/wp-json\/wp\/v2\/product\/7588\/revisions"}],"wp:featuredmedia":[{"embeddable":true,"href":"https:\/\/luxegel.lv\/lv\/wp-json\/wp\/v2\/media\/4666"}],"wp:attachment":[{"href":"https:\/\/luxegel.lv\/lv\/wp-json\/wp\/v2\/media?parent=7588"}],"wp:term":[{"taxonomy":"product_brand","embeddable":true,"href":"https:\/\/luxegel.lv\/lv\/wp-json\/wp\/v2\/product_brand?post=7588"},{"taxonomy":"product_cat","embeddable":true,"href":"https:\/\/luxegel.lv\/lv\/wp-json\/wp\/v2\/product_cat?post=7588"},{"taxonomy":"product_tag","embeddable":true,"href":"https:\/\/luxegel.lv\/lv\/wp-json\/wp\/v2\/product_tag?post=7588"}],"curies":[{"name":"wp","href":"https:\/\/api.w.org\/{rel}","templated":true}]}}