{"id":7564,"date":"2022-07-08T18:19:25","date_gmt":"2022-07-08T18:19:25","guid":{"rendered":"https:\/\/luxegel.lv\/product\/aurora-red\/"},"modified":"2026-03-22T11:53:32","modified_gmt":"2026-03-22T11:53:32","slug":"aurora-red","status":"publish","type":"product","link":"https:\/\/luxegel.lv\/lv\/product-lv\/aurora-red\/","title":{"rendered":"AURORA RED"},"content":{"rendered":"<p data-start=\"49\" data-end=\"131\"><strong data-start=\"49\" data-end=\"59\">Kr\u0101sa:<\/strong><br data-start=\"59\" data-end=\"62\" \/>Ko\u0161s sarkans tonis ar bag\u0101t\u012bgiem rub\u012bna apak\u0161to\u0146iem.<\/p>\n<p data-start=\"133\" data-end=\"215\"><strong data-start=\"133\" data-end=\"148\">P\u0101rkl\u0101jums:<\/strong><br data-start=\"148\" data-end=\"151\" \/>&#x2714; Da\u013c\u0113ji caursp\u012bd\u012bgs<br data-start=\"171\" data-end=\"174\" \/>&#x2714; Pilns p\u0101rkl\u0101jums 2 k\u0101rt\u0101s<br data-start=\"201\" data-end=\"204\" \/>&#x2714; Kr\u0113mveida<\/p>\n<p><b>Galven\u0101s \u012bpa\u0161\u012bbas:<\/b><\/p>\n<p>\u2013 Profesion\u0101las kvalit\u0101tes, \u0101dai draudz\u012bga g\u0113la sist\u0113ma BEZ TPO<\/p>\n<p>\u2013 100% g\u0113la formula: bag\u0101t\u012bgs, salona kvalit\u0101tes p\u0101rkl\u0101jums katr\u0101 lieto\u0161anas reiz\u0113.<\/p>\n<p>\u2013 Ilgsto\u0161a notur\u012bba vair\u0101k nek\u0101 20 dienas bez izbal\u0113\u0161anas.<\/p>\n<p>\u2013 Vienk\u0101r\u0161a uzkl\u0101\u0161ana, bez skr\u0101p\u0113jumiem, at\u0161\u0137el\u0161an\u0101s vai izsm\u0113r\u0113\u0161an\u0101s.<\/p>\n<p>\u2013 Bez smar\u017eas: izbaudiet svaigu uzkl\u0101\u0161anas pieredzi.<\/p>\n<p>\u2013 Nav test\u0113ts uz dz\u012bvniekiem un ir videi draudz\u012bgs.<\/p>\n<p>\u2013 Sertific\u0113ts un p\u0101rbaud\u012bts: atbilst augst\u0101kajiem kvalit\u0101tes standartiem.<span class=\"Apple-converted-space\">\u00a0<\/span><\/p>\n<p>\u2013 Saciet\u0113 60 sekund\u0113s (LED) \/ 99 sekund\u0113s (zema temperat\u016bra) \u2013 \u0101tra un elast\u012bga \u017e\u016b\u0161ana<span class=\"Apple-converted-space\">\u00a0<\/span><\/p>\n<p>\u2013 Ilgsto\u0161s un notur\u012bgs rezult\u0101ts.<\/p>\n<p><b>Sast\u0101vda\u013cas:<\/b><\/p>\n<ul>\n<li>Acrylates Copolymer<\/li>\n<li>2-Hydroxyethyl Methacrylate<\/li>\n<li>Isopropyl Alcohol<\/li>\n<li>Hydroxycyclohexyl Phenyl Ketone<\/li>\n<li>Hydroxypropyl methacrylate<\/li>\n<li>Dimethicone<\/li>\n<li>Pigment<\/li>\n<\/ul>\n<p><b>Tilpums:<\/b><\/p>\n<p>15 ml (0,5 fl. oz)<\/p>\n","protected":false},"excerpt":{"rendered":"<p>Kr\u0101sa:Ko\u0161s sarkans tonis ar bag\u0101t\u012bgiem rub\u012bna apak\u0161to\u0146iem. P\u0101rkl\u0101jums:&#x2714; Da\u013c\u0113ji caursp\u012bd\u012bgs&#x2714; Pilns p\u0101rkl\u0101jums 2 k\u0101rt\u0101s&#x2714; Kr\u0113mveida Galven\u0101s \u012bpa\u0161\u012bbas: \u2013 Profesion\u0101las kvalit\u0101tes,<\/p>\n","protected":false},"featured_media":3164,"template":"","meta":{"_acf_changed":false},"product_brand":[],"product_cat":[157,154,503,501],"product_tag":[],"class_list":{"0":"post-7564","1":"product","2":"type-product","3":"status-publish","4":"has-post-thumbnail","6":"product_cat-gela-lakas","7":"product_cat-luxe-gel-professional-lv","8":"product_cat-koshie-toni","9":"product_cat-visi-toni","11":"first","12":"outofstock","13":"sale","14":"shipping-taxable","15":"purchasable","16":"product-type-simple"},"acf":[],"yoast_head":"<!-- This site is optimized with the Yoast SEO plugin v23.8 - https:\/\/yoast.com\/wordpress\/plugins\/seo\/ -->\n<title>AURORA RED - LUXE GEL PROFESSIONAL\u2122<\/title>\n<meta name=\"robots\" content=\"index, follow, max-snippet:-1, max-image-preview:large, max-video-preview:-1\" \/>\n<link rel=\"canonical\" href=\"https:\/\/luxegel.lv\/lv\/product-lv\/aurora-red\/\" \/>\n<meta property=\"og:locale\" content=\"lv_LV\" \/>\n<meta property=\"og:type\" content=\"article\" \/>\n<meta property=\"og:title\" content=\"AURORA RED - LUXE GEL PROFESSIONAL\u2122\" \/>\n<meta property=\"og:description\" content=\"Kr\u0101sa:Ko\u0161s sarkans tonis ar bag\u0101t\u012bgiem rub\u012bna apak\u0161to\u0146iem. P\u0101rkl\u0101jums:&#x2714; Da\u013c\u0113ji caursp\u012bd\u012bgs&#x2714; Pilns p\u0101rkl\u0101jums 2 k\u0101rt\u0101s&#x2714; Kr\u0113mveida Galven\u0101s \u012bpa\u0161\u012bbas: \u2013 Profesion\u0101las kvalit\u0101tes,\" \/>\n<meta property=\"og:url\" content=\"https:\/\/luxegel.lv\/lv\/product-lv\/aurora-red\/\" \/>\n<meta property=\"og:site_name\" content=\"LUXE GEL PROFESSIONAL\u2122\" \/>\n<meta property=\"article:modified_time\" content=\"2026-03-22T11:53:32+00:00\" \/>\n<meta property=\"og:image\" content=\"https:\/\/luxegel.lv\/wp-content\/uploads\/2024\/01\/Aurora_Red_c65a6c28-8cae-4b55-aea5-784d44ffe9ce.jpg\" \/>\n\t<meta property=\"og:image:width\" content=\"800\" \/>\n\t<meta property=\"og:image:height\" content=\"800\" \/>\n\t<meta property=\"og:image:type\" content=\"image\/jpeg\" \/>\n<meta name=\"twitter:card\" content=\"summary_large_image\" \/>\n<meta name=\"twitter:label1\" content=\"Est. reading time\" \/>\n\t<meta name=\"twitter:data1\" content=\"1 minute\" \/>\n<script type=\"application\/ld+json\" class=\"yoast-schema-graph\">{\"@context\":\"https:\/\/schema.org\",\"@graph\":[{\"@type\":\"WebPage\",\"@id\":\"https:\/\/luxegel.lv\/lv\/product-lv\/aurora-red\/\",\"url\":\"https:\/\/luxegel.lv\/lv\/product-lv\/aurora-red\/\",\"name\":\"AURORA RED - LUXE GEL PROFESSIONAL\u2122\",\"isPartOf\":{\"@id\":\"https:\/\/luxegel.lv\/lv\/#website\"},\"primaryImageOfPage\":{\"@id\":\"https:\/\/luxegel.lv\/lv\/product-lv\/aurora-red\/#primaryimage\"},\"image\":{\"@id\":\"https:\/\/luxegel.lv\/lv\/product-lv\/aurora-red\/#primaryimage\"},\"thumbnailUrl\":\"https:\/\/luxegel.lv\/wp-content\/uploads\/2024\/01\/Aurora_Red_c65a6c28-8cae-4b55-aea5-784d44ffe9ce.jpg\",\"datePublished\":\"2022-07-08T18:19:25+00:00\",\"dateModified\":\"2026-03-22T11:53:32+00:00\",\"breadcrumb\":{\"@id\":\"https:\/\/luxegel.lv\/lv\/product-lv\/aurora-red\/#breadcrumb\"},\"inLanguage\":\"lv-LV\",\"potentialAction\":[{\"@type\":\"ReadAction\",\"target\":[\"https:\/\/luxegel.lv\/lv\/product-lv\/aurora-red\/\"]}]},{\"@type\":\"ImageObject\",\"inLanguage\":\"lv-LV\",\"@id\":\"https:\/\/luxegel.lv\/lv\/product-lv\/aurora-red\/#primaryimage\",\"url\":\"https:\/\/luxegel.lv\/wp-content\/uploads\/2024\/01\/Aurora_Red_c65a6c28-8cae-4b55-aea5-784d44ffe9ce.jpg\",\"contentUrl\":\"https:\/\/luxegel.lv\/wp-content\/uploads\/2024\/01\/Aurora_Red_c65a6c28-8cae-4b55-aea5-784d44ffe9ce.jpg\",\"width\":800,\"height\":800},{\"@type\":\"BreadcrumbList\",\"@id\":\"https:\/\/luxegel.lv\/lv\/product-lv\/aurora-red\/#breadcrumb\",\"itemListElement\":[{\"@type\":\"ListItem\",\"position\":1,\"name\":\"Galven\u0101\",\"item\":\"https:\/\/luxegel.lv\/lv\/\"},{\"@type\":\"ListItem\",\"position\":2,\"name\":\"Veikals\",\"item\":\"https:\/\/luxegel.lv\/lv\/veikals\/\"},{\"@type\":\"ListItem\",\"position\":3,\"name\":\"AURORA RED\"}]},{\"@type\":\"WebSite\",\"@id\":\"https:\/\/luxegel.lv\/lv\/#website\",\"url\":\"https:\/\/luxegel.lv\/lv\/\",\"name\":\"LUXE GEL PROFESSIONAL\u2122\",\"description\":\"is a leading nail brand on the European market. Luxe Gel currently stock over 500 products including over 350 shades of gel polish, a complete builder gel system and our famous structure base.\",\"potentialAction\":[{\"@type\":\"SearchAction\",\"target\":{\"@type\":\"EntryPoint\",\"urlTemplate\":\"https:\/\/luxegel.lv\/lv\/?s={search_term_string}\"},\"query-input\":{\"@type\":\"PropertyValueSpecification\",\"valueRequired\":true,\"valueName\":\"search_term_string\"}}],\"inLanguage\":\"lv-LV\"}]}<\/script>\n<!-- \/ Yoast SEO plugin. -->","yoast_head_json":{"title":"AURORA RED - LUXE GEL PROFESSIONAL\u2122","robots":{"index":"index","follow":"follow","max-snippet":"max-snippet:-1","max-image-preview":"max-image-preview:large","max-video-preview":"max-video-preview:-1"},"canonical":"https:\/\/luxegel.lv\/lv\/product-lv\/aurora-red\/","og_locale":"lv_LV","og_type":"article","og_title":"AURORA RED - LUXE GEL PROFESSIONAL\u2122","og_description":"Kr\u0101sa:Ko\u0161s sarkans tonis ar bag\u0101t\u012bgiem rub\u012bna apak\u0161to\u0146iem. P\u0101rkl\u0101jums:&#x2714; Da\u013c\u0113ji caursp\u012bd\u012bgs&#x2714; Pilns p\u0101rkl\u0101jums 2 k\u0101rt\u0101s&#x2714; Kr\u0113mveida Galven\u0101s \u012bpa\u0161\u012bbas: \u2013 Profesion\u0101las kvalit\u0101tes,","og_url":"https:\/\/luxegel.lv\/lv\/product-lv\/aurora-red\/","og_site_name":"LUXE GEL PROFESSIONAL\u2122","article_modified_time":"2026-03-22T11:53:32+00:00","og_image":[{"width":800,"height":800,"url":"https:\/\/luxegel.lv\/wp-content\/uploads\/2024\/01\/Aurora_Red_c65a6c28-8cae-4b55-aea5-784d44ffe9ce.jpg","type":"image\/jpeg"}],"twitter_card":"summary_large_image","twitter_misc":{"Est. reading time":"1 minute"},"schema":{"@context":"https:\/\/schema.org","@graph":[{"@type":"WebPage","@id":"https:\/\/luxegel.lv\/lv\/product-lv\/aurora-red\/","url":"https:\/\/luxegel.lv\/lv\/product-lv\/aurora-red\/","name":"AURORA RED - LUXE GEL PROFESSIONAL\u2122","isPartOf":{"@id":"https:\/\/luxegel.lv\/lv\/#website"},"primaryImageOfPage":{"@id":"https:\/\/luxegel.lv\/lv\/product-lv\/aurora-red\/#primaryimage"},"image":{"@id":"https:\/\/luxegel.lv\/lv\/product-lv\/aurora-red\/#primaryimage"},"thumbnailUrl":"https:\/\/luxegel.lv\/wp-content\/uploads\/2024\/01\/Aurora_Red_c65a6c28-8cae-4b55-aea5-784d44ffe9ce.jpg","datePublished":"2022-07-08T18:19:25+00:00","dateModified":"2026-03-22T11:53:32+00:00","breadcrumb":{"@id":"https:\/\/luxegel.lv\/lv\/product-lv\/aurora-red\/#breadcrumb"},"inLanguage":"lv-LV","potentialAction":[{"@type":"ReadAction","target":["https:\/\/luxegel.lv\/lv\/product-lv\/aurora-red\/"]}]},{"@type":"ImageObject","inLanguage":"lv-LV","@id":"https:\/\/luxegel.lv\/lv\/product-lv\/aurora-red\/#primaryimage","url":"https:\/\/luxegel.lv\/wp-content\/uploads\/2024\/01\/Aurora_Red_c65a6c28-8cae-4b55-aea5-784d44ffe9ce.jpg","contentUrl":"https:\/\/luxegel.lv\/wp-content\/uploads\/2024\/01\/Aurora_Red_c65a6c28-8cae-4b55-aea5-784d44ffe9ce.jpg","width":800,"height":800},{"@type":"BreadcrumbList","@id":"https:\/\/luxegel.lv\/lv\/product-lv\/aurora-red\/#breadcrumb","itemListElement":[{"@type":"ListItem","position":1,"name":"Galven\u0101","item":"https:\/\/luxegel.lv\/lv\/"},{"@type":"ListItem","position":2,"name":"Veikals","item":"https:\/\/luxegel.lv\/lv\/veikals\/"},{"@type":"ListItem","position":3,"name":"AURORA RED"}]},{"@type":"WebSite","@id":"https:\/\/luxegel.lv\/lv\/#website","url":"https:\/\/luxegel.lv\/lv\/","name":"LUXE GEL PROFESSIONAL\u2122","description":"is a leading nail brand on the European market. Luxe Gel currently stock over 500 products including over 350 shades of gel polish, a complete builder gel system and our famous structure base.","potentialAction":[{"@type":"SearchAction","target":{"@type":"EntryPoint","urlTemplate":"https:\/\/luxegel.lv\/lv\/?s={search_term_string}"},"query-input":{"@type":"PropertyValueSpecification","valueRequired":true,"valueName":"search_term_string"}}],"inLanguage":"lv-LV"}]}},"_links":{"self":[{"href":"https:\/\/luxegel.lv\/lv\/wp-json\/wp\/v2\/product\/7564","targetHints":{"allow":["GET"]}}],"collection":[{"href":"https:\/\/luxegel.lv\/lv\/wp-json\/wp\/v2\/product"}],"about":[{"href":"https:\/\/luxegel.lv\/lv\/wp-json\/wp\/v2\/types\/product"}],"version-history":[{"count":2,"href":"https:\/\/luxegel.lv\/lv\/wp-json\/wp\/v2\/product\/7564\/revisions"}],"predecessor-version":[{"id":20629,"href":"https:\/\/luxegel.lv\/lv\/wp-json\/wp\/v2\/product\/7564\/revisions\/20629"}],"wp:featuredmedia":[{"embeddable":true,"href":"https:\/\/luxegel.lv\/lv\/wp-json\/wp\/v2\/media\/3164"}],"wp:attachment":[{"href":"https:\/\/luxegel.lv\/lv\/wp-json\/wp\/v2\/media?parent=7564"}],"wp:term":[{"taxonomy":"product_brand","embeddable":true,"href":"https:\/\/luxegel.lv\/lv\/wp-json\/wp\/v2\/product_brand?post=7564"},{"taxonomy":"product_cat","embeddable":true,"href":"https:\/\/luxegel.lv\/lv\/wp-json\/wp\/v2\/product_cat?post=7564"},{"taxonomy":"product_tag","embeddable":true,"href":"https:\/\/luxegel.lv\/lv\/wp-json\/wp\/v2\/product_tag?post=7564"}],"curies":[{"name":"wp","href":"https:\/\/api.w.org\/{rel}","templated":true}]}}