{"id":7537,"date":"2023-02-03T16:17:21","date_gmt":"2023-02-03T16:17:21","guid":{"rendered":"https:\/\/luxegel.lv\/product\/uzgala-griezejs\/"},"modified":"2026-01-14T16:56:57","modified_gmt":"2026-01-14T16:56:57","slug":"uzgala-griezejs","status":"publish","type":"product","link":"https:\/\/luxegel.lv\/lv\/product-lv\/uzgala-griezejs\/","title":{"rendered":"GARUMA NO\u0145EM\u0160ANAS GRIEZ\u0112JS"},"content":{"rendered":"<p>\u0100trs un vienk\u0101r\u0161s veids, k\u0101 sa\u012bsin\u0101t galus l\u012bdz v\u0113lamajam garumam.<\/p>\n","protected":false},"excerpt":{"rendered":"<p>\u0100trs un vienk\u0101r\u0161s veids, k\u0101 sa\u012bsin\u0101t galus l\u012bdz v\u0113lamajam garumam.<\/p>\n","protected":false},"featured_media":5452,"template":"","meta":{"_acf_changed":false},"product_brand":[],"product_cat":[154,186],"product_tag":[304,306,308],"class_list":{"0":"post-7537","1":"product","2":"type-product","3":"status-publish","4":"has-post-thumbnail","6":"product_cat-luxe-gel-professional-lv","7":"product_cat-viles-un-instrumenti","8":"product_tag-griezejs","9":"product_tag-knaibles","10":"product_tag-padoms","12":"first","13":"instock","14":"shipping-taxable","15":"purchasable","16":"product-type-variable"},"acf":[],"yoast_head":"<!-- This site is optimized with the Yoast SEO plugin v23.8 - https:\/\/yoast.com\/wordpress\/plugins\/seo\/ -->\n<title>GARUMA NO\u0145EM\u0160ANAS GRIEZ\u0112JS - LUXE GEL PROFESSIONAL\u2122<\/title>\n<meta name=\"robots\" content=\"index, follow, max-snippet:-1, max-image-preview:large, max-video-preview:-1\" \/>\n<link rel=\"canonical\" href=\"https:\/\/luxegel.lv\/lv\/product-lv\/uzgala-griezejs\/\" \/>\n<meta property=\"og:locale\" content=\"lv_LV\" \/>\n<meta property=\"og:type\" content=\"article\" \/>\n<meta property=\"og:title\" content=\"GARUMA NO\u0145EM\u0160ANAS GRIEZ\u0112JS - LUXE GEL PROFESSIONAL\u2122\" \/>\n<meta property=\"og:description\" content=\"\u0100trs un vienk\u0101r\u0161s veids, k\u0101 sa\u012bsin\u0101t galus l\u012bdz v\u0113lamajam garumam.\" \/>\n<meta property=\"og:url\" content=\"https:\/\/luxegel.lv\/lv\/product-lv\/uzgala-griezejs\/\" \/>\n<meta property=\"og:site_name\" content=\"LUXE GEL PROFESSIONAL\u2122\" \/>\n<meta property=\"article:modified_time\" content=\"2026-01-14T16:56:57+00:00\" \/>\n<meta property=\"og:image\" content=\"https:\/\/luxegel.lv\/wp-content\/uploads\/2024\/01\/19627_tip_cutter_134276_1.jpg\" \/>\n\t<meta property=\"og:image:width\" content=\"600\" \/>\n\t<meta property=\"og:image:height\" content=\"600\" \/>\n\t<meta property=\"og:image:type\" content=\"image\/jpeg\" \/>\n<meta name=\"twitter:card\" content=\"summary_large_image\" \/>\n<meta name=\"twitter:label1\" content=\"Est. reading time\" \/>\n\t<meta name=\"twitter:data1\" content=\"1 minute\" \/>\n<script type=\"application\/ld+json\" class=\"yoast-schema-graph\">{\"@context\":\"https:\/\/schema.org\",\"@graph\":[{\"@type\":\"WebPage\",\"@id\":\"https:\/\/luxegel.lv\/lv\/product-lv\/uzgala-griezejs\/\",\"url\":\"https:\/\/luxegel.lv\/lv\/product-lv\/uzgala-griezejs\/\",\"name\":\"GARUMA NO\u0145EM\u0160ANAS GRIEZ\u0112JS - LUXE GEL PROFESSIONAL\u2122\",\"isPartOf\":{\"@id\":\"https:\/\/luxegel.lv\/lv\/#website\"},\"primaryImageOfPage\":{\"@id\":\"https:\/\/luxegel.lv\/lv\/product-lv\/uzgala-griezejs\/#primaryimage\"},\"image\":{\"@id\":\"https:\/\/luxegel.lv\/lv\/product-lv\/uzgala-griezejs\/#primaryimage\"},\"thumbnailUrl\":\"https:\/\/luxegel.lv\/wp-content\/uploads\/2024\/01\/19627_tip_cutter_134276_1.jpg\",\"datePublished\":\"2023-02-03T16:17:21+00:00\",\"dateModified\":\"2026-01-14T16:56:57+00:00\",\"breadcrumb\":{\"@id\":\"https:\/\/luxegel.lv\/lv\/product-lv\/uzgala-griezejs\/#breadcrumb\"},\"inLanguage\":\"lv-LV\",\"potentialAction\":[{\"@type\":\"ReadAction\",\"target\":[\"https:\/\/luxegel.lv\/lv\/product-lv\/uzgala-griezejs\/\"]}]},{\"@type\":\"ImageObject\",\"inLanguage\":\"lv-LV\",\"@id\":\"https:\/\/luxegel.lv\/lv\/product-lv\/uzgala-griezejs\/#primaryimage\",\"url\":\"https:\/\/luxegel.lv\/wp-content\/uploads\/2024\/01\/19627_tip_cutter_134276_1.jpg\",\"contentUrl\":\"https:\/\/luxegel.lv\/wp-content\/uploads\/2024\/01\/19627_tip_cutter_134276_1.jpg\",\"width\":600,\"height\":600},{\"@type\":\"BreadcrumbList\",\"@id\":\"https:\/\/luxegel.lv\/lv\/product-lv\/uzgala-griezejs\/#breadcrumb\",\"itemListElement\":[{\"@type\":\"ListItem\",\"position\":1,\"name\":\"Galven\u0101\",\"item\":\"https:\/\/luxegel.lv\/lv\/\"},{\"@type\":\"ListItem\",\"position\":2,\"name\":\"Veikals\",\"item\":\"https:\/\/luxegel.lv\/lv\/veikals\/\"},{\"@type\":\"ListItem\",\"position\":3,\"name\":\"GARUMA NO\u0145EM\u0160ANAS GRIEZ\u0112JS\"}]},{\"@type\":\"WebSite\",\"@id\":\"https:\/\/luxegel.lv\/lv\/#website\",\"url\":\"https:\/\/luxegel.lv\/lv\/\",\"name\":\"LUXE GEL PROFESSIONAL\u2122\",\"description\":\"is a leading nail brand on the European market. Luxe Gel currently stock over 500 products including over 350 shades of gel polish, a complete builder gel system and our famous structure base.\",\"potentialAction\":[{\"@type\":\"SearchAction\",\"target\":{\"@type\":\"EntryPoint\",\"urlTemplate\":\"https:\/\/luxegel.lv\/lv\/?s={search_term_string}\"},\"query-input\":{\"@type\":\"PropertyValueSpecification\",\"valueRequired\":true,\"valueName\":\"search_term_string\"}}],\"inLanguage\":\"lv-LV\"}]}<\/script>\n<!-- \/ Yoast SEO plugin. -->","yoast_head_json":{"title":"GARUMA NO\u0145EM\u0160ANAS GRIEZ\u0112JS - LUXE GEL PROFESSIONAL\u2122","robots":{"index":"index","follow":"follow","max-snippet":"max-snippet:-1","max-image-preview":"max-image-preview:large","max-video-preview":"max-video-preview:-1"},"canonical":"https:\/\/luxegel.lv\/lv\/product-lv\/uzgala-griezejs\/","og_locale":"lv_LV","og_type":"article","og_title":"GARUMA NO\u0145EM\u0160ANAS GRIEZ\u0112JS - LUXE GEL PROFESSIONAL\u2122","og_description":"\u0100trs un vienk\u0101r\u0161s veids, k\u0101 sa\u012bsin\u0101t galus l\u012bdz v\u0113lamajam garumam.","og_url":"https:\/\/luxegel.lv\/lv\/product-lv\/uzgala-griezejs\/","og_site_name":"LUXE GEL PROFESSIONAL\u2122","article_modified_time":"2026-01-14T16:56:57+00:00","og_image":[{"width":600,"height":600,"url":"https:\/\/luxegel.lv\/wp-content\/uploads\/2024\/01\/19627_tip_cutter_134276_1.jpg","type":"image\/jpeg"}],"twitter_card":"summary_large_image","twitter_misc":{"Est. reading time":"1 minute"},"schema":{"@context":"https:\/\/schema.org","@graph":[{"@type":"WebPage","@id":"https:\/\/luxegel.lv\/lv\/product-lv\/uzgala-griezejs\/","url":"https:\/\/luxegel.lv\/lv\/product-lv\/uzgala-griezejs\/","name":"GARUMA NO\u0145EM\u0160ANAS GRIEZ\u0112JS - LUXE GEL PROFESSIONAL\u2122","isPartOf":{"@id":"https:\/\/luxegel.lv\/lv\/#website"},"primaryImageOfPage":{"@id":"https:\/\/luxegel.lv\/lv\/product-lv\/uzgala-griezejs\/#primaryimage"},"image":{"@id":"https:\/\/luxegel.lv\/lv\/product-lv\/uzgala-griezejs\/#primaryimage"},"thumbnailUrl":"https:\/\/luxegel.lv\/wp-content\/uploads\/2024\/01\/19627_tip_cutter_134276_1.jpg","datePublished":"2023-02-03T16:17:21+00:00","dateModified":"2026-01-14T16:56:57+00:00","breadcrumb":{"@id":"https:\/\/luxegel.lv\/lv\/product-lv\/uzgala-griezejs\/#breadcrumb"},"inLanguage":"lv-LV","potentialAction":[{"@type":"ReadAction","target":["https:\/\/luxegel.lv\/lv\/product-lv\/uzgala-griezejs\/"]}]},{"@type":"ImageObject","inLanguage":"lv-LV","@id":"https:\/\/luxegel.lv\/lv\/product-lv\/uzgala-griezejs\/#primaryimage","url":"https:\/\/luxegel.lv\/wp-content\/uploads\/2024\/01\/19627_tip_cutter_134276_1.jpg","contentUrl":"https:\/\/luxegel.lv\/wp-content\/uploads\/2024\/01\/19627_tip_cutter_134276_1.jpg","width":600,"height":600},{"@type":"BreadcrumbList","@id":"https:\/\/luxegel.lv\/lv\/product-lv\/uzgala-griezejs\/#breadcrumb","itemListElement":[{"@type":"ListItem","position":1,"name":"Galven\u0101","item":"https:\/\/luxegel.lv\/lv\/"},{"@type":"ListItem","position":2,"name":"Veikals","item":"https:\/\/luxegel.lv\/lv\/veikals\/"},{"@type":"ListItem","position":3,"name":"GARUMA NO\u0145EM\u0160ANAS GRIEZ\u0112JS"}]},{"@type":"WebSite","@id":"https:\/\/luxegel.lv\/lv\/#website","url":"https:\/\/luxegel.lv\/lv\/","name":"LUXE GEL PROFESSIONAL\u2122","description":"is a leading nail brand on the European market. Luxe Gel currently stock over 500 products including over 350 shades of gel polish, a complete builder gel system and our famous structure base.","potentialAction":[{"@type":"SearchAction","target":{"@type":"EntryPoint","urlTemplate":"https:\/\/luxegel.lv\/lv\/?s={search_term_string}"},"query-input":{"@type":"PropertyValueSpecification","valueRequired":true,"valueName":"search_term_string"}}],"inLanguage":"lv-LV"}]}},"_links":{"self":[{"href":"https:\/\/luxegel.lv\/lv\/wp-json\/wp\/v2\/product\/7537","targetHints":{"allow":["GET"]}}],"collection":[{"href":"https:\/\/luxegel.lv\/lv\/wp-json\/wp\/v2\/product"}],"about":[{"href":"https:\/\/luxegel.lv\/lv\/wp-json\/wp\/v2\/types\/product"}],"version-history":[{"count":2,"href":"https:\/\/luxegel.lv\/lv\/wp-json\/wp\/v2\/product\/7537\/revisions"}],"predecessor-version":[{"id":14289,"href":"https:\/\/luxegel.lv\/lv\/wp-json\/wp\/v2\/product\/7537\/revisions\/14289"}],"wp:featuredmedia":[{"embeddable":true,"href":"https:\/\/luxegel.lv\/lv\/wp-json\/wp\/v2\/media\/5452"}],"wp:attachment":[{"href":"https:\/\/luxegel.lv\/lv\/wp-json\/wp\/v2\/media?parent=7537"}],"wp:term":[{"taxonomy":"product_brand","embeddable":true,"href":"https:\/\/luxegel.lv\/lv\/wp-json\/wp\/v2\/product_brand?post=7537"},{"taxonomy":"product_cat","embeddable":true,"href":"https:\/\/luxegel.lv\/lv\/wp-json\/wp\/v2\/product_cat?post=7537"},{"taxonomy":"product_tag","embeddable":true,"href":"https:\/\/luxegel.lv\/lv\/wp-json\/wp\/v2\/product_tag?post=7537"}],"curies":[{"name":"wp","href":"https:\/\/api.w.org\/{rel}","templated":true}]}}