{"id":7491,"date":"2023-04-03T12:42:34","date_gmt":"2023-04-03T12:42:34","guid":{"rendered":"https:\/\/luxegel.lv\/product\/luxe-davanu-karte-2\/"},"modified":"2024-09-23T13:17:09","modified_gmt":"2024-09-23T13:17:09","slug":"luxe-davanu-karte-2","status":"publish","type":"product","link":"https:\/\/luxegel.lv\/lv\/product-lv\/luxe-davanu-karte-2\/","title":{"rendered":"LUXE D\u0100VANU KARTE"},"content":{"rendered":"<p><span>Jums tiks sagatavots digit\u0101lais kods, ko var\u0113siet izmantot pas\u016bt\u012bjuma apmaksas veik\u0161anai. D\u0101vanu kartes digit\u0101lais kods tiks nos\u016bt\u012bts uz j\u016bsu e-pastu.<\/span><\/p>\n<p><span data-mce-fragment=\"1\">Ja v\u0113laties sa\u0146emt izdruk\u0101tu d\u0101vanu karti ar roz\u0101 zelta apdruku, l\u016bdzu, ierakstiet v\u0101rdu un adresi sav\u0101 groz\u0101 \u2013 sada\u013c\u0101 &#8220;Pas\u016bt\u012bjuma piez\u012bmes&#8221;. \u0160\u012b opcija ietver papildmaksu \u2013 3 \u20ac. <\/span><\/p>\n","protected":false},"excerpt":{"rendered":"<p>Jums tiks sagatavots digit\u0101lais kods, ko var\u0113siet izmantot pas\u016bt\u012bjuma apmaksas veik\u0161anai. D\u0101vanu kartes digit\u0101lais kods tiks nos\u016bt\u012bts uz j\u016bsu e-pastu.<\/p>\n","protected":false},"featured_media":4488,"template":"","meta":{"_acf_changed":false},"product_brand":[],"product_cat":[296,154],"product_tag":[],"class_list":{"0":"post-7491","1":"product","2":"type-product","3":"status-publish","4":"has-post-thumbnail","6":"product_cat-davanu-kartes","7":"product_cat-luxe-gel-professional-lv","9":"first","10":"instock","11":"shipping-taxable","12":"purchasable","13":"product-type-variable"},"acf":[],"yoast_head":"<!-- This site is optimized with the Yoast SEO plugin v23.8 - https:\/\/yoast.com\/wordpress\/plugins\/seo\/ -->\n<title>LUXE D\u0100VANU KARTE - LUXE GEL PROFESSIONAL\u2122<\/title>\n<meta name=\"robots\" content=\"index, follow, max-snippet:-1, max-image-preview:large, max-video-preview:-1\" \/>\n<link rel=\"canonical\" href=\"https:\/\/luxegel.lv\/lv\/product-lv\/luxe-davanu-karte-2\/\" \/>\n<meta property=\"og:locale\" content=\"lv_LV\" \/>\n<meta property=\"og:type\" content=\"article\" \/>\n<meta property=\"og:title\" content=\"LUXE D\u0100VANU KARTE - LUXE GEL PROFESSIONAL\u2122\" \/>\n<meta property=\"og:description\" content=\"Jums tiks sagatavots digit\u0101lais kods, ko var\u0113siet izmantot pas\u016bt\u012bjuma apmaksas veik\u0161anai. D\u0101vanu kartes digit\u0101lais kods tiks nos\u016bt\u012bts uz j\u016bsu e-pastu.\" \/>\n<meta property=\"og:url\" content=\"https:\/\/luxegel.lv\/lv\/product-lv\/luxe-davanu-karte-2\/\" \/>\n<meta property=\"og:site_name\" content=\"LUXE GEL PROFESSIONAL\u2122\" \/>\n<meta property=\"article:modified_time\" content=\"2024-09-23T13:17:09+00:00\" \/>\n<meta property=\"og:image\" content=\"https:\/\/luxegel.lv\/wp-content\/uploads\/2024\/01\/image_32db6802-43da-44d3-9105-e51b38d6fc81.jpg\" \/>\n\t<meta property=\"og:image:width\" content=\"1284\" \/>\n\t<meta property=\"og:image:height\" content=\"585\" \/>\n\t<meta property=\"og:image:type\" content=\"image\/jpeg\" \/>\n<meta name=\"twitter:card\" content=\"summary_large_image\" \/>\n<script type=\"application\/ld+json\" class=\"yoast-schema-graph\">{\"@context\":\"https:\/\/schema.org\",\"@graph\":[{\"@type\":\"WebPage\",\"@id\":\"https:\/\/luxegel.lv\/lv\/product-lv\/luxe-davanu-karte-2\/\",\"url\":\"https:\/\/luxegel.lv\/lv\/product-lv\/luxe-davanu-karte-2\/\",\"name\":\"LUXE D\u0100VANU KARTE - LUXE GEL PROFESSIONAL\u2122\",\"isPartOf\":{\"@id\":\"https:\/\/luxegel.lv\/lv\/#website\"},\"primaryImageOfPage\":{\"@id\":\"https:\/\/luxegel.lv\/lv\/product-lv\/luxe-davanu-karte-2\/#primaryimage\"},\"image\":{\"@id\":\"https:\/\/luxegel.lv\/lv\/product-lv\/luxe-davanu-karte-2\/#primaryimage\"},\"thumbnailUrl\":\"https:\/\/luxegel.lv\/wp-content\/uploads\/2024\/01\/image_32db6802-43da-44d3-9105-e51b38d6fc81.jpg\",\"datePublished\":\"2023-04-03T12:42:34+00:00\",\"dateModified\":\"2024-09-23T13:17:09+00:00\",\"breadcrumb\":{\"@id\":\"https:\/\/luxegel.lv\/lv\/product-lv\/luxe-davanu-karte-2\/#breadcrumb\"},\"inLanguage\":\"lv-LV\",\"potentialAction\":[{\"@type\":\"ReadAction\",\"target\":[\"https:\/\/luxegel.lv\/lv\/product-lv\/luxe-davanu-karte-2\/\"]}]},{\"@type\":\"ImageObject\",\"inLanguage\":\"lv-LV\",\"@id\":\"https:\/\/luxegel.lv\/lv\/product-lv\/luxe-davanu-karte-2\/#primaryimage\",\"url\":\"https:\/\/luxegel.lv\/wp-content\/uploads\/2024\/01\/image_32db6802-43da-44d3-9105-e51b38d6fc81.jpg\",\"contentUrl\":\"https:\/\/luxegel.lv\/wp-content\/uploads\/2024\/01\/image_32db6802-43da-44d3-9105-e51b38d6fc81.jpg\",\"width\":1284,\"height\":585},{\"@type\":\"BreadcrumbList\",\"@id\":\"https:\/\/luxegel.lv\/lv\/product-lv\/luxe-davanu-karte-2\/#breadcrumb\",\"itemListElement\":[{\"@type\":\"ListItem\",\"position\":1,\"name\":\"Galven\u0101\",\"item\":\"https:\/\/luxegel.lv\/lv\/\"},{\"@type\":\"ListItem\",\"position\":2,\"name\":\"Veikals\",\"item\":\"https:\/\/luxegel.lv\/lv\/veikals\/\"},{\"@type\":\"ListItem\",\"position\":3,\"name\":\"LUXE D\u0100VANU KARTE\"}]},{\"@type\":\"WebSite\",\"@id\":\"https:\/\/luxegel.lv\/lv\/#website\",\"url\":\"https:\/\/luxegel.lv\/lv\/\",\"name\":\"LUXE GEL PROFESSIONAL\u2122\",\"description\":\"is a leading nail brand on the European market. Luxe Gel currently stock over 500 products including over 350 shades of gel polish, a complete builder gel system and our famous structure base.\",\"potentialAction\":[{\"@type\":\"SearchAction\",\"target\":{\"@type\":\"EntryPoint\",\"urlTemplate\":\"https:\/\/luxegel.lv\/lv\/?s={search_term_string}\"},\"query-input\":{\"@type\":\"PropertyValueSpecification\",\"valueRequired\":true,\"valueName\":\"search_term_string\"}}],\"inLanguage\":\"lv-LV\"}]}<\/script>\n<!-- \/ Yoast SEO plugin. -->","yoast_head_json":{"title":"LUXE D\u0100VANU KARTE - LUXE GEL PROFESSIONAL\u2122","robots":{"index":"index","follow":"follow","max-snippet":"max-snippet:-1","max-image-preview":"max-image-preview:large","max-video-preview":"max-video-preview:-1"},"canonical":"https:\/\/luxegel.lv\/lv\/product-lv\/luxe-davanu-karte-2\/","og_locale":"lv_LV","og_type":"article","og_title":"LUXE D\u0100VANU KARTE - LUXE GEL PROFESSIONAL\u2122","og_description":"Jums tiks sagatavots digit\u0101lais kods, ko var\u0113siet izmantot pas\u016bt\u012bjuma apmaksas veik\u0161anai. D\u0101vanu kartes digit\u0101lais kods tiks nos\u016bt\u012bts uz j\u016bsu e-pastu.","og_url":"https:\/\/luxegel.lv\/lv\/product-lv\/luxe-davanu-karte-2\/","og_site_name":"LUXE GEL PROFESSIONAL\u2122","article_modified_time":"2024-09-23T13:17:09+00:00","og_image":[{"width":1284,"height":585,"url":"https:\/\/luxegel.lv\/wp-content\/uploads\/2024\/01\/image_32db6802-43da-44d3-9105-e51b38d6fc81.jpg","type":"image\/jpeg"}],"twitter_card":"summary_large_image","schema":{"@context":"https:\/\/schema.org","@graph":[{"@type":"WebPage","@id":"https:\/\/luxegel.lv\/lv\/product-lv\/luxe-davanu-karte-2\/","url":"https:\/\/luxegel.lv\/lv\/product-lv\/luxe-davanu-karte-2\/","name":"LUXE D\u0100VANU KARTE - LUXE GEL PROFESSIONAL\u2122","isPartOf":{"@id":"https:\/\/luxegel.lv\/lv\/#website"},"primaryImageOfPage":{"@id":"https:\/\/luxegel.lv\/lv\/product-lv\/luxe-davanu-karte-2\/#primaryimage"},"image":{"@id":"https:\/\/luxegel.lv\/lv\/product-lv\/luxe-davanu-karte-2\/#primaryimage"},"thumbnailUrl":"https:\/\/luxegel.lv\/wp-content\/uploads\/2024\/01\/image_32db6802-43da-44d3-9105-e51b38d6fc81.jpg","datePublished":"2023-04-03T12:42:34+00:00","dateModified":"2024-09-23T13:17:09+00:00","breadcrumb":{"@id":"https:\/\/luxegel.lv\/lv\/product-lv\/luxe-davanu-karte-2\/#breadcrumb"},"inLanguage":"lv-LV","potentialAction":[{"@type":"ReadAction","target":["https:\/\/luxegel.lv\/lv\/product-lv\/luxe-davanu-karte-2\/"]}]},{"@type":"ImageObject","inLanguage":"lv-LV","@id":"https:\/\/luxegel.lv\/lv\/product-lv\/luxe-davanu-karte-2\/#primaryimage","url":"https:\/\/luxegel.lv\/wp-content\/uploads\/2024\/01\/image_32db6802-43da-44d3-9105-e51b38d6fc81.jpg","contentUrl":"https:\/\/luxegel.lv\/wp-content\/uploads\/2024\/01\/image_32db6802-43da-44d3-9105-e51b38d6fc81.jpg","width":1284,"height":585},{"@type":"BreadcrumbList","@id":"https:\/\/luxegel.lv\/lv\/product-lv\/luxe-davanu-karte-2\/#breadcrumb","itemListElement":[{"@type":"ListItem","position":1,"name":"Galven\u0101","item":"https:\/\/luxegel.lv\/lv\/"},{"@type":"ListItem","position":2,"name":"Veikals","item":"https:\/\/luxegel.lv\/lv\/veikals\/"},{"@type":"ListItem","position":3,"name":"LUXE D\u0100VANU KARTE"}]},{"@type":"WebSite","@id":"https:\/\/luxegel.lv\/lv\/#website","url":"https:\/\/luxegel.lv\/lv\/","name":"LUXE GEL PROFESSIONAL\u2122","description":"is a leading nail brand on the European market. Luxe Gel currently stock over 500 products including over 350 shades of gel polish, a complete builder gel system and our famous structure base.","potentialAction":[{"@type":"SearchAction","target":{"@type":"EntryPoint","urlTemplate":"https:\/\/luxegel.lv\/lv\/?s={search_term_string}"},"query-input":{"@type":"PropertyValueSpecification","valueRequired":true,"valueName":"search_term_string"}}],"inLanguage":"lv-LV"}]}},"_links":{"self":[{"href":"https:\/\/luxegel.lv\/lv\/wp-json\/wp\/v2\/product\/7491","targetHints":{"allow":["GET"]}}],"collection":[{"href":"https:\/\/luxegel.lv\/lv\/wp-json\/wp\/v2\/product"}],"about":[{"href":"https:\/\/luxegel.lv\/lv\/wp-json\/wp\/v2\/types\/product"}],"version-history":[{"count":0,"href":"https:\/\/luxegel.lv\/lv\/wp-json\/wp\/v2\/product\/7491\/revisions"}],"wp:featuredmedia":[{"embeddable":true,"href":"https:\/\/luxegel.lv\/lv\/wp-json\/wp\/v2\/media\/4488"}],"wp:attachment":[{"href":"https:\/\/luxegel.lv\/lv\/wp-json\/wp\/v2\/media?parent=7491"}],"wp:term":[{"taxonomy":"product_brand","embeddable":true,"href":"https:\/\/luxegel.lv\/lv\/wp-json\/wp\/v2\/product_brand?post=7491"},{"taxonomy":"product_cat","embeddable":true,"href":"https:\/\/luxegel.lv\/lv\/wp-json\/wp\/v2\/product_cat?post=7491"},{"taxonomy":"product_tag","embeddable":true,"href":"https:\/\/luxegel.lv\/lv\/wp-json\/wp\/v2\/product_tag?post=7491"}],"curies":[{"name":"wp","href":"https:\/\/api.w.org\/{rel}","templated":true}]}}