{"id":7476,"date":"2023-04-05T16:19:55","date_gmt":"2023-04-05T16:19:55","guid":{"rendered":"https:\/\/luxegel.lv\/product\/magnets-kaku-acs\/"},"modified":"2025-10-06T06:47:30","modified_gmt":"2025-10-06T06:47:30","slug":"magnets-kaku-acs","status":"publish","type":"product","link":"https:\/\/luxegel.lv\/lv\/product-lv\/magnets-kaku-acs\/","title":{"rendered":"MAGN\u0112TS KA\u0136ACS G\u0112LA LAK\u0100M"},"content":{"rendered":"<p>Neliels <span data-mce-fragment=\"1\">magn\u0113ts Luxe Cat Eye (ka\u0137acs) g\u0113la lak\u0101m<\/span><\/p>\n","protected":false},"excerpt":{"rendered":"<p>Neliels magn\u0113ts Luxe Cat Eye (ka\u0137acs) g\u0113la lak\u0101m<\/p>\n","protected":false},"featured_media":4552,"template":"","meta":{"_acf_changed":false},"product_brand":[],"product_cat":[276,437,154,469],"product_tag":[284,285],"class_list":{"0":"post-7476","1":"product","2":"type-product","3":"status-publish","4":"has-post-thumbnail","6":"product_cat-drugie-tovary","7":"product_cat-hroma-efekta-puderis-nagiem","8":"product_cat-luxe-gel-professional-lv","9":"product_cat-nagu-dizainam","10":"product_tag-kaka-acs-cat-eye","11":"product_tag-magnet-lv","13":"first","14":"outofstock","15":"shipping-taxable","16":"purchasable","17":"product-type-simple"},"acf":[],"yoast_head":"<!-- This site is optimized with the Yoast SEO plugin v23.8 - https:\/\/yoast.com\/wordpress\/plugins\/seo\/ -->\n<title>MAGN\u0112TS KA\u0136ACS G\u0112LA LAK\u0100M - LUXE GEL PROFESSIONAL\u2122<\/title>\n<meta name=\"robots\" content=\"index, follow, max-snippet:-1, max-image-preview:large, max-video-preview:-1\" \/>\n<link rel=\"canonical\" href=\"https:\/\/luxegel.lv\/lv\/product-lv\/magnets-kaku-acs\/\" \/>\n<meta property=\"og:locale\" content=\"lv_LV\" \/>\n<meta property=\"og:type\" content=\"article\" \/>\n<meta property=\"og:title\" content=\"MAGN\u0112TS KA\u0136ACS G\u0112LA LAK\u0100M - LUXE GEL PROFESSIONAL\u2122\" \/>\n<meta property=\"og:description\" content=\"Neliels magn\u0113ts Luxe Cat Eye (ka\u0137acs) g\u0113la lak\u0101m\" \/>\n<meta property=\"og:url\" content=\"https:\/\/luxegel.lv\/lv\/product-lv\/magnets-kaku-acs\/\" \/>\n<meta property=\"og:site_name\" content=\"LUXE GEL PROFESSIONAL\u2122\" \/>\n<meta property=\"article:modified_time\" content=\"2025-10-06T06:47:30+00:00\" \/>\n<meta property=\"og:image\" content=\"https:\/\/luxegel.lv\/wp-content\/uploads\/2024\/01\/magnet.jpg\" \/>\n\t<meta property=\"og:image:width\" content=\"460\" \/>\n\t<meta property=\"og:image:height\" content=\"460\" \/>\n\t<meta property=\"og:image:type\" content=\"image\/jpeg\" \/>\n<meta name=\"twitter:card\" content=\"summary_large_image\" \/>\n<script type=\"application\/ld+json\" class=\"yoast-schema-graph\">{\"@context\":\"https:\/\/schema.org\",\"@graph\":[{\"@type\":\"WebPage\",\"@id\":\"https:\/\/luxegel.lv\/lv\/product-lv\/magnets-kaku-acs\/\",\"url\":\"https:\/\/luxegel.lv\/lv\/product-lv\/magnets-kaku-acs\/\",\"name\":\"MAGN\u0112TS KA\u0136ACS G\u0112LA LAK\u0100M - LUXE GEL PROFESSIONAL\u2122\",\"isPartOf\":{\"@id\":\"https:\/\/luxegel.lv\/lv\/#website\"},\"primaryImageOfPage\":{\"@id\":\"https:\/\/luxegel.lv\/lv\/product-lv\/magnets-kaku-acs\/#primaryimage\"},\"image\":{\"@id\":\"https:\/\/luxegel.lv\/lv\/product-lv\/magnets-kaku-acs\/#primaryimage\"},\"thumbnailUrl\":\"https:\/\/luxegel.lv\/wp-content\/uploads\/2024\/01\/magnet.jpg\",\"datePublished\":\"2023-04-05T16:19:55+00:00\",\"dateModified\":\"2025-10-06T06:47:30+00:00\",\"breadcrumb\":{\"@id\":\"https:\/\/luxegel.lv\/lv\/product-lv\/magnets-kaku-acs\/#breadcrumb\"},\"inLanguage\":\"lv-LV\",\"potentialAction\":[{\"@type\":\"ReadAction\",\"target\":[\"https:\/\/luxegel.lv\/lv\/product-lv\/magnets-kaku-acs\/\"]}]},{\"@type\":\"ImageObject\",\"inLanguage\":\"lv-LV\",\"@id\":\"https:\/\/luxegel.lv\/lv\/product-lv\/magnets-kaku-acs\/#primaryimage\",\"url\":\"https:\/\/luxegel.lv\/wp-content\/uploads\/2024\/01\/magnet.jpg\",\"contentUrl\":\"https:\/\/luxegel.lv\/wp-content\/uploads\/2024\/01\/magnet.jpg\",\"width\":460,\"height\":460},{\"@type\":\"BreadcrumbList\",\"@id\":\"https:\/\/luxegel.lv\/lv\/product-lv\/magnets-kaku-acs\/#breadcrumb\",\"itemListElement\":[{\"@type\":\"ListItem\",\"position\":1,\"name\":\"Galven\u0101\",\"item\":\"https:\/\/luxegel.lv\/lv\/\"},{\"@type\":\"ListItem\",\"position\":2,\"name\":\"Veikals\",\"item\":\"https:\/\/luxegel.lv\/lv\/veikals\/\"},{\"@type\":\"ListItem\",\"position\":3,\"name\":\"MAGN\u0112TS KA\u0136ACS G\u0112LA LAK\u0100M\"}]},{\"@type\":\"WebSite\",\"@id\":\"https:\/\/luxegel.lv\/lv\/#website\",\"url\":\"https:\/\/luxegel.lv\/lv\/\",\"name\":\"LUXE GEL PROFESSIONAL\u2122\",\"description\":\"is a leading nail brand on the European market. Luxe Gel currently stock over 500 products including over 350 shades of gel polish, a complete builder gel system and our famous structure base.\",\"potentialAction\":[{\"@type\":\"SearchAction\",\"target\":{\"@type\":\"EntryPoint\",\"urlTemplate\":\"https:\/\/luxegel.lv\/lv\/?s={search_term_string}\"},\"query-input\":{\"@type\":\"PropertyValueSpecification\",\"valueRequired\":true,\"valueName\":\"search_term_string\"}}],\"inLanguage\":\"lv-LV\"}]}<\/script>\n<!-- \/ Yoast SEO plugin. -->","yoast_head_json":{"title":"MAGN\u0112TS KA\u0136ACS G\u0112LA LAK\u0100M - LUXE GEL PROFESSIONAL\u2122","robots":{"index":"index","follow":"follow","max-snippet":"max-snippet:-1","max-image-preview":"max-image-preview:large","max-video-preview":"max-video-preview:-1"},"canonical":"https:\/\/luxegel.lv\/lv\/product-lv\/magnets-kaku-acs\/","og_locale":"lv_LV","og_type":"article","og_title":"MAGN\u0112TS KA\u0136ACS G\u0112LA LAK\u0100M - LUXE GEL PROFESSIONAL\u2122","og_description":"Neliels magn\u0113ts Luxe Cat Eye (ka\u0137acs) g\u0113la lak\u0101m","og_url":"https:\/\/luxegel.lv\/lv\/product-lv\/magnets-kaku-acs\/","og_site_name":"LUXE GEL PROFESSIONAL\u2122","article_modified_time":"2025-10-06T06:47:30+00:00","og_image":[{"width":460,"height":460,"url":"https:\/\/luxegel.lv\/wp-content\/uploads\/2024\/01\/magnet.jpg","type":"image\/jpeg"}],"twitter_card":"summary_large_image","schema":{"@context":"https:\/\/schema.org","@graph":[{"@type":"WebPage","@id":"https:\/\/luxegel.lv\/lv\/product-lv\/magnets-kaku-acs\/","url":"https:\/\/luxegel.lv\/lv\/product-lv\/magnets-kaku-acs\/","name":"MAGN\u0112TS KA\u0136ACS G\u0112LA LAK\u0100M - LUXE GEL PROFESSIONAL\u2122","isPartOf":{"@id":"https:\/\/luxegel.lv\/lv\/#website"},"primaryImageOfPage":{"@id":"https:\/\/luxegel.lv\/lv\/product-lv\/magnets-kaku-acs\/#primaryimage"},"image":{"@id":"https:\/\/luxegel.lv\/lv\/product-lv\/magnets-kaku-acs\/#primaryimage"},"thumbnailUrl":"https:\/\/luxegel.lv\/wp-content\/uploads\/2024\/01\/magnet.jpg","datePublished":"2023-04-05T16:19:55+00:00","dateModified":"2025-10-06T06:47:30+00:00","breadcrumb":{"@id":"https:\/\/luxegel.lv\/lv\/product-lv\/magnets-kaku-acs\/#breadcrumb"},"inLanguage":"lv-LV","potentialAction":[{"@type":"ReadAction","target":["https:\/\/luxegel.lv\/lv\/product-lv\/magnets-kaku-acs\/"]}]},{"@type":"ImageObject","inLanguage":"lv-LV","@id":"https:\/\/luxegel.lv\/lv\/product-lv\/magnets-kaku-acs\/#primaryimage","url":"https:\/\/luxegel.lv\/wp-content\/uploads\/2024\/01\/magnet.jpg","contentUrl":"https:\/\/luxegel.lv\/wp-content\/uploads\/2024\/01\/magnet.jpg","width":460,"height":460},{"@type":"BreadcrumbList","@id":"https:\/\/luxegel.lv\/lv\/product-lv\/magnets-kaku-acs\/#breadcrumb","itemListElement":[{"@type":"ListItem","position":1,"name":"Galven\u0101","item":"https:\/\/luxegel.lv\/lv\/"},{"@type":"ListItem","position":2,"name":"Veikals","item":"https:\/\/luxegel.lv\/lv\/veikals\/"},{"@type":"ListItem","position":3,"name":"MAGN\u0112TS KA\u0136ACS G\u0112LA LAK\u0100M"}]},{"@type":"WebSite","@id":"https:\/\/luxegel.lv\/lv\/#website","url":"https:\/\/luxegel.lv\/lv\/","name":"LUXE GEL PROFESSIONAL\u2122","description":"is a leading nail brand on the European market. Luxe Gel currently stock over 500 products including over 350 shades of gel polish, a complete builder gel system and our famous structure base.","potentialAction":[{"@type":"SearchAction","target":{"@type":"EntryPoint","urlTemplate":"https:\/\/luxegel.lv\/lv\/?s={search_term_string}"},"query-input":{"@type":"PropertyValueSpecification","valueRequired":true,"valueName":"search_term_string"}}],"inLanguage":"lv-LV"}]}},"_links":{"self":[{"href":"https:\/\/luxegel.lv\/lv\/wp-json\/wp\/v2\/product\/7476","targetHints":{"allow":["GET"]}}],"collection":[{"href":"https:\/\/luxegel.lv\/lv\/wp-json\/wp\/v2\/product"}],"about":[{"href":"https:\/\/luxegel.lv\/lv\/wp-json\/wp\/v2\/types\/product"}],"version-history":[{"count":0,"href":"https:\/\/luxegel.lv\/lv\/wp-json\/wp\/v2\/product\/7476\/revisions"}],"wp:featuredmedia":[{"embeddable":true,"href":"https:\/\/luxegel.lv\/lv\/wp-json\/wp\/v2\/media\/4552"}],"wp:attachment":[{"href":"https:\/\/luxegel.lv\/lv\/wp-json\/wp\/v2\/media?parent=7476"}],"wp:term":[{"taxonomy":"product_brand","embeddable":true,"href":"https:\/\/luxegel.lv\/lv\/wp-json\/wp\/v2\/product_brand?post=7476"},{"taxonomy":"product_cat","embeddable":true,"href":"https:\/\/luxegel.lv\/lv\/wp-json\/wp\/v2\/product_cat?post=7476"},{"taxonomy":"product_tag","embeddable":true,"href":"https:\/\/luxegel.lv\/lv\/wp-json\/wp\/v2\/product_tag?post=7476"}],"curies":[{"name":"wp","href":"https:\/\/api.w.org\/{rel}","templated":true}]}}