{"id":7463,"date":"2023-05-13T15:42:48","date_gmt":"2023-05-13T15:42:48","guid":{"rendered":"https:\/\/luxegel.lv\/product\/atgriezties-90-gadu-kolekcija\/"},"modified":"2025-09-02T15:33:20","modified_gmt":"2025-09-02T15:33:20","slug":"atgriezties-90-gadu-kolekcija","status":"publish","type":"product","link":"https:\/\/luxegel.lv\/lv\/product-lv\/atgriezties-90-gadu-kolekcija\/","title":{"rendered":"KOLEKCIJA \u201cBACK TO THE 90\u2019S&#8221;"},"content":{"rendered":"<p>Izbaudiet ikonisko 90. gadu laikmetu ar m\u016bsu ko\u0161o un mirdzo\u0161o g\u0113la laku kolekciju &#8220;BACK TO THE 90&#8217;S&#8221;.<\/p>\n<p>Iedvesmojoties no t\u0101 laika drosm\u012bg\u0101s un rota\u013c\u012bg\u0101s modes, m\u016bzikas un popkult\u016bras, \u0161aj\u0101 kolekcij\u0101 ir iek\u013cauti spilgti neona un uzman\u012bbu piesaisto\u0161i g\u0113la lakas to\u0146i, kas \u013caus jums izcelties no p\u016b\u013ca.<\/p>\n<p>\u0160\u012bs g\u0113la lakas ir ide\u0101li piem\u0113rotas sieviet\u0113m, kuras ir pa\u0161p\u0101rliecin\u0101tas, drosm\u012bgas un m\u012bl paust savu individualit\u0101ti ar savu stilu. T\u0101s pie\u0161\u0137irs nostal\u0123iju un jautr\u012bbu jebkuram t\u0113lam. Neatkar\u012bgi no t\u0101, vai dodaties uz festiv\u0101lu, ball\u012bti vai vienk\u0101r\u0161i v\u0113laties padar\u012bt savu dienu gai\u0161\u0101ku, m\u016bsu &#8220;BACK TO THE 90&#8217;S&#8221; g\u0113la laku kolekcija noteikti liks jums izcelties un pal\u012bdz\u0113s atrais\u012bt savu iek\u0161\u0113jo 90. gadu d\u012bvu.<\/p>\n<p>Padariet savus nagus spilgtus ar m\u016bsu \u017eilbino\u0161o kolekciju!<\/p>\n<div class=\"rte appear-delay-1\">\n<p><em><b>\u201cBACK TO THE 90\u2019S\u201dKOLEKCIJ\u0100 IR:<\/b><\/em><\/p>\n<\/div>\n<ul>\n<li><i>Vivid Pink<\/i><\/li>\n<li><i>Aurora<\/i><\/li>\n<li><i>Nemo<\/i><\/li>\n<li><i>Pampas<\/i><\/li>\n<li><i>Watermelon <\/i><\/li>\n<li><i>Flamingo  <\/i><\/li>\n<li><i>Roulette  <\/i><\/li>\n<li><i>Jungle <\/i><\/li>\n<\/ul>\n<p><strong><em>#luxegelbacktothe90s<\/em><\/strong><\/p>\n<ul>\n<li><strong>Kr\u0101su att\u0113lojums:<\/strong><\/li>\n<\/ul>\n<h5>Tiek dar\u012bts viss iesp\u0113jamais, lai nodro\u0161in\u0101tu, ka visi m\u016bsu produktu att\u0113li ir p\u0113c iesp\u0113jas prec\u012bz\u0101ki. \u0145emot v\u0113r\u0101, ka elektroniskaj\u0101s ier\u012bc\u0113s ir da\u017e\u0101di kr\u0101su\/iz\u0161\u0137irtsp\u0113jas iestat\u012bjumi, kr\u0101su att\u0113lojums var nedaudz at\u0161\u0137irties no fizisk\u0101 produkta.<\/h5>\n","protected":false},"excerpt":{"rendered":"<p>Izbaudiet ikonisko 90. gadu laikmetu ar m\u016bsu ko\u0161o un mirdzo\u0161o g\u0113la laku kolekciju &#8220;BACK TO THE 90&#8217;S&#8221;. Iedvesmojoties no t\u0101<\/p>\n","protected":false},"featured_media":3180,"template":"","meta":{"_acf_changed":false},"product_brand":[],"product_cat":[246,154,503,501],"product_tag":[264,221],"class_list":{"0":"post-7463","1":"product","2":"type-product","3":"status-publish","4":"has-post-thumbnail","6":"product_cat-kolekcijas-un-komplekti","7":"product_cat-luxe-gel-professional-lv","8":"product_cat-koshie-toni","9":"product_cat-visi-toni","10":"product_tag-kolekcijas","11":"product_tag-visi-produkti","13":"first","14":"instock","15":"shipping-taxable","16":"purchasable","17":"product-type-simple"},"acf":[],"yoast_head":"<!-- This site is optimized with the Yoast SEO plugin v23.8 - https:\/\/yoast.com\/wordpress\/plugins\/seo\/ -->\n<title>KOLEKCIJA \u201cBACK TO THE 90\u2019S&quot; - LUXE GEL PROFESSIONAL\u2122<\/title>\n<meta name=\"robots\" content=\"index, follow, max-snippet:-1, max-image-preview:large, max-video-preview:-1\" \/>\n<link rel=\"canonical\" href=\"https:\/\/luxegel.lv\/lv\/product-lv\/atgriezties-90-gadu-kolekcija\/\" \/>\n<meta property=\"og:locale\" content=\"lv_LV\" \/>\n<meta property=\"og:type\" content=\"article\" \/>\n<meta property=\"og:title\" content=\"KOLEKCIJA \u201cBACK TO THE 90\u2019S&quot; - LUXE GEL PROFESSIONAL\u2122\" \/>\n<meta property=\"og:description\" content=\"Izbaudiet ikonisko 90. gadu laikmetu ar m\u016bsu ko\u0161o un mirdzo\u0161o g\u0113la laku kolekciju &#8220;BACK TO THE 90&#8217;S&#8221;. Iedvesmojoties no t\u0101\" \/>\n<meta property=\"og:url\" content=\"https:\/\/luxegel.lv\/lv\/product-lv\/atgriezties-90-gadu-kolekcija\/\" \/>\n<meta property=\"og:site_name\" content=\"LUXE GEL PROFESSIONAL\u2122\" \/>\n<meta property=\"article:modified_time\" content=\"2025-09-02T15:33:20+00:00\" \/>\n<meta property=\"og:image\" content=\"https:\/\/luxegel.lv\/wp-content\/uploads\/2024\/01\/580FE33E-AD89-4F99-8672-1A45F8F8BE60_e2201897-cdeb-41fd-8ad7-0cfa86809734.jpg\" \/>\n\t<meta property=\"og:image:width\" content=\"1000\" \/>\n\t<meta property=\"og:image:height\" content=\"1000\" \/>\n\t<meta property=\"og:image:type\" content=\"image\/jpeg\" \/>\n<meta name=\"twitter:card\" content=\"summary_large_image\" \/>\n<meta name=\"twitter:label1\" content=\"Est. reading time\" \/>\n\t<meta name=\"twitter:data1\" content=\"1 minute\" \/>\n<script type=\"application\/ld+json\" class=\"yoast-schema-graph\">{\"@context\":\"https:\/\/schema.org\",\"@graph\":[{\"@type\":\"WebPage\",\"@id\":\"https:\/\/luxegel.lv\/lv\/product-lv\/atgriezties-90-gadu-kolekcija\/\",\"url\":\"https:\/\/luxegel.lv\/lv\/product-lv\/atgriezties-90-gadu-kolekcija\/\",\"name\":\"KOLEKCIJA \u201cBACK TO THE 90\u2019S\\\" - LUXE GEL PROFESSIONAL\u2122\",\"isPartOf\":{\"@id\":\"https:\/\/luxegel.lv\/lv\/#website\"},\"primaryImageOfPage\":{\"@id\":\"https:\/\/luxegel.lv\/lv\/product-lv\/atgriezties-90-gadu-kolekcija\/#primaryimage\"},\"image\":{\"@id\":\"https:\/\/luxegel.lv\/lv\/product-lv\/atgriezties-90-gadu-kolekcija\/#primaryimage\"},\"thumbnailUrl\":\"https:\/\/luxegel.lv\/wp-content\/uploads\/2024\/01\/580FE33E-AD89-4F99-8672-1A45F8F8BE60_e2201897-cdeb-41fd-8ad7-0cfa86809734.jpg\",\"datePublished\":\"2023-05-13T15:42:48+00:00\",\"dateModified\":\"2025-09-02T15:33:20+00:00\",\"breadcrumb\":{\"@id\":\"https:\/\/luxegel.lv\/lv\/product-lv\/atgriezties-90-gadu-kolekcija\/#breadcrumb\"},\"inLanguage\":\"lv-LV\",\"potentialAction\":[{\"@type\":\"ReadAction\",\"target\":[\"https:\/\/luxegel.lv\/lv\/product-lv\/atgriezties-90-gadu-kolekcija\/\"]}]},{\"@type\":\"ImageObject\",\"inLanguage\":\"lv-LV\",\"@id\":\"https:\/\/luxegel.lv\/lv\/product-lv\/atgriezties-90-gadu-kolekcija\/#primaryimage\",\"url\":\"https:\/\/luxegel.lv\/wp-content\/uploads\/2024\/01\/580FE33E-AD89-4F99-8672-1A45F8F8BE60_e2201897-cdeb-41fd-8ad7-0cfa86809734.jpg\",\"contentUrl\":\"https:\/\/luxegel.lv\/wp-content\/uploads\/2024\/01\/580FE33E-AD89-4F99-8672-1A45F8F8BE60_e2201897-cdeb-41fd-8ad7-0cfa86809734.jpg\",\"width\":1000,\"height\":1000},{\"@type\":\"BreadcrumbList\",\"@id\":\"https:\/\/luxegel.lv\/lv\/product-lv\/atgriezties-90-gadu-kolekcija\/#breadcrumb\",\"itemListElement\":[{\"@type\":\"ListItem\",\"position\":1,\"name\":\"Galven\u0101\",\"item\":\"https:\/\/luxegel.lv\/lv\/\"},{\"@type\":\"ListItem\",\"position\":2,\"name\":\"Veikals\",\"item\":\"https:\/\/luxegel.lv\/lv\/veikals\/\"},{\"@type\":\"ListItem\",\"position\":3,\"name\":\"KOLEKCIJA \u201cBACK TO THE 90\u2019S&#8221;\"}]},{\"@type\":\"WebSite\",\"@id\":\"https:\/\/luxegel.lv\/lv\/#website\",\"url\":\"https:\/\/luxegel.lv\/lv\/\",\"name\":\"LUXE GEL PROFESSIONAL\u2122\",\"description\":\"is a leading nail brand on the European market. Luxe Gel currently stock over 500 products including over 350 shades of gel polish, a complete builder gel system and our famous structure base.\",\"potentialAction\":[{\"@type\":\"SearchAction\",\"target\":{\"@type\":\"EntryPoint\",\"urlTemplate\":\"https:\/\/luxegel.lv\/lv\/?s={search_term_string}\"},\"query-input\":{\"@type\":\"PropertyValueSpecification\",\"valueRequired\":true,\"valueName\":\"search_term_string\"}}],\"inLanguage\":\"lv-LV\"}]}<\/script>\n<!-- \/ Yoast SEO plugin. -->","yoast_head_json":{"title":"KOLEKCIJA \u201cBACK TO THE 90\u2019S\" - LUXE GEL PROFESSIONAL\u2122","robots":{"index":"index","follow":"follow","max-snippet":"max-snippet:-1","max-image-preview":"max-image-preview:large","max-video-preview":"max-video-preview:-1"},"canonical":"https:\/\/luxegel.lv\/lv\/product-lv\/atgriezties-90-gadu-kolekcija\/","og_locale":"lv_LV","og_type":"article","og_title":"KOLEKCIJA \u201cBACK TO THE 90\u2019S\" - LUXE GEL PROFESSIONAL\u2122","og_description":"Izbaudiet ikonisko 90. gadu laikmetu ar m\u016bsu ko\u0161o un mirdzo\u0161o g\u0113la laku kolekciju &#8220;BACK TO THE 90&#8217;S&#8221;. Iedvesmojoties no t\u0101","og_url":"https:\/\/luxegel.lv\/lv\/product-lv\/atgriezties-90-gadu-kolekcija\/","og_site_name":"LUXE GEL PROFESSIONAL\u2122","article_modified_time":"2025-09-02T15:33:20+00:00","og_image":[{"width":1000,"height":1000,"url":"https:\/\/luxegel.lv\/wp-content\/uploads\/2024\/01\/580FE33E-AD89-4F99-8672-1A45F8F8BE60_e2201897-cdeb-41fd-8ad7-0cfa86809734.jpg","type":"image\/jpeg"}],"twitter_card":"summary_large_image","twitter_misc":{"Est. reading time":"1 minute"},"schema":{"@context":"https:\/\/schema.org","@graph":[{"@type":"WebPage","@id":"https:\/\/luxegel.lv\/lv\/product-lv\/atgriezties-90-gadu-kolekcija\/","url":"https:\/\/luxegel.lv\/lv\/product-lv\/atgriezties-90-gadu-kolekcija\/","name":"KOLEKCIJA \u201cBACK TO THE 90\u2019S\" - LUXE GEL PROFESSIONAL\u2122","isPartOf":{"@id":"https:\/\/luxegel.lv\/lv\/#website"},"primaryImageOfPage":{"@id":"https:\/\/luxegel.lv\/lv\/product-lv\/atgriezties-90-gadu-kolekcija\/#primaryimage"},"image":{"@id":"https:\/\/luxegel.lv\/lv\/product-lv\/atgriezties-90-gadu-kolekcija\/#primaryimage"},"thumbnailUrl":"https:\/\/luxegel.lv\/wp-content\/uploads\/2024\/01\/580FE33E-AD89-4F99-8672-1A45F8F8BE60_e2201897-cdeb-41fd-8ad7-0cfa86809734.jpg","datePublished":"2023-05-13T15:42:48+00:00","dateModified":"2025-09-02T15:33:20+00:00","breadcrumb":{"@id":"https:\/\/luxegel.lv\/lv\/product-lv\/atgriezties-90-gadu-kolekcija\/#breadcrumb"},"inLanguage":"lv-LV","potentialAction":[{"@type":"ReadAction","target":["https:\/\/luxegel.lv\/lv\/product-lv\/atgriezties-90-gadu-kolekcija\/"]}]},{"@type":"ImageObject","inLanguage":"lv-LV","@id":"https:\/\/luxegel.lv\/lv\/product-lv\/atgriezties-90-gadu-kolekcija\/#primaryimage","url":"https:\/\/luxegel.lv\/wp-content\/uploads\/2024\/01\/580FE33E-AD89-4F99-8672-1A45F8F8BE60_e2201897-cdeb-41fd-8ad7-0cfa86809734.jpg","contentUrl":"https:\/\/luxegel.lv\/wp-content\/uploads\/2024\/01\/580FE33E-AD89-4F99-8672-1A45F8F8BE60_e2201897-cdeb-41fd-8ad7-0cfa86809734.jpg","width":1000,"height":1000},{"@type":"BreadcrumbList","@id":"https:\/\/luxegel.lv\/lv\/product-lv\/atgriezties-90-gadu-kolekcija\/#breadcrumb","itemListElement":[{"@type":"ListItem","position":1,"name":"Galven\u0101","item":"https:\/\/luxegel.lv\/lv\/"},{"@type":"ListItem","position":2,"name":"Veikals","item":"https:\/\/luxegel.lv\/lv\/veikals\/"},{"@type":"ListItem","position":3,"name":"KOLEKCIJA \u201cBACK TO THE 90\u2019S&#8221;"}]},{"@type":"WebSite","@id":"https:\/\/luxegel.lv\/lv\/#website","url":"https:\/\/luxegel.lv\/lv\/","name":"LUXE GEL PROFESSIONAL\u2122","description":"is a leading nail brand on the European market. Luxe Gel currently stock over 500 products including over 350 shades of gel polish, a complete builder gel system and our famous structure base.","potentialAction":[{"@type":"SearchAction","target":{"@type":"EntryPoint","urlTemplate":"https:\/\/luxegel.lv\/lv\/?s={search_term_string}"},"query-input":{"@type":"PropertyValueSpecification","valueRequired":true,"valueName":"search_term_string"}}],"inLanguage":"lv-LV"}]}},"_links":{"self":[{"href":"https:\/\/luxegel.lv\/lv\/wp-json\/wp\/v2\/product\/7463","targetHints":{"allow":["GET"]}}],"collection":[{"href":"https:\/\/luxegel.lv\/lv\/wp-json\/wp\/v2\/product"}],"about":[{"href":"https:\/\/luxegel.lv\/lv\/wp-json\/wp\/v2\/types\/product"}],"version-history":[{"count":0,"href":"https:\/\/luxegel.lv\/lv\/wp-json\/wp\/v2\/product\/7463\/revisions"}],"wp:featuredmedia":[{"embeddable":true,"href":"https:\/\/luxegel.lv\/lv\/wp-json\/wp\/v2\/media\/3180"}],"wp:attachment":[{"href":"https:\/\/luxegel.lv\/lv\/wp-json\/wp\/v2\/media?parent=7463"}],"wp:term":[{"taxonomy":"product_brand","embeddable":true,"href":"https:\/\/luxegel.lv\/lv\/wp-json\/wp\/v2\/product_brand?post=7463"},{"taxonomy":"product_cat","embeddable":true,"href":"https:\/\/luxegel.lv\/lv\/wp-json\/wp\/v2\/product_cat?post=7463"},{"taxonomy":"product_tag","embeddable":true,"href":"https:\/\/luxegel.lv\/lv\/wp-json\/wp\/v2\/product_tag?post=7463"}],"curies":[{"name":"wp","href":"https:\/\/api.w.org\/{rel}","templated":true}]}}