{"id":7458,"date":"2023-05-08T14:08:37","date_gmt":"2023-05-08T14:08:37","guid":{"rendered":"https:\/\/luxegel.lv\/product\/spidigas-rozu-makslas-parslas-bez-noslaucisanas-virspuses\/"},"modified":"2026-02-02T12:23:46","modified_gmt":"2026-02-02T12:23:46","slug":"spidigas-rozu-makslas-parslas-bez-noslaucisanas-virspuses","status":"publish","type":"product","link":"https:\/\/luxegel.lv\/lv\/product-lv\/spidigas-rozu-makslas-parslas-bez-noslaucisanas-virspuses\/","title":{"rendered":"SHINY ROSE ART FLAKE \u2013 GLANC\u0112TS TOPS BEZ LIP\u012aG\u0100 SL\u0100\u0145A"},"content":{"rendered":"<p data-mce-fragment=\"1\"><strong><em>Shiny Rose Art Flake virs\u0113jais p\u0101rkl\u0101jums<\/em><\/strong><\/p>\n<p data-mce-fragment=\"1\">Veidojiet modernus un \u012bpa\u0161i notur\u012bgus nagu dizainus, izmantojot glanc\u0113to virsk\u0101rtu ar roz\u0101 zelta gliteriem.<\/p>\n<p data-mce-fragment=\"1\">Izskat\u0101s lieliski uz jebkura to\u0146a.<\/p>\n<p data-mce-fragment=\"1\">#luxegelshinyrose<\/p>\n<p data-mce-fragment=\"1\"><b data-mce-fragment=\"1\">Priek\u0161roc\u012bbas:<\/b><\/p>\n<ul data-mce-fragment=\"1\">\n<li data-mce-fragment=\"1\">izcils sp\u012bduma efekts;<\/li>\n<li>ilg\u0101k saglab\u0101 sp\u012bdumu;<\/li>\n<li>roz\u0101 zelta p\u0101rslas;<\/li>\n<li data-mce-fragment=\"1\">ilgnotur\u012bga formula;<\/li>\n<li data-mce-fragment=\"1\">neveido \u0161v\u012bkas;<\/li>\n<li data-mce-fragment=\"1\">nesaraujas;<\/li>\n<li data-mce-fragment=\"1\">notur\u012bgs pret skr\u0101p\u0113jumiem;<\/li>\n<li data-mce-fragment=\"1\">notur\u012bgs pret \u0161\u0137el\u0161anos;<\/li>\n<li data-mce-fragment=\"1\">bez lip\u012bg\u0101 sl\u0101\u0146a;<\/li>\n<li data-mce-fragment=\"1\">piem\u0113rots veg\u0101niem, netiek test\u0113ts uz dz\u012bvniekiem;<\/li>\n<li data-mce-fragment=\"1\">dro\u0161a formula, bez toksisk\u0101m viel\u0101m;<\/li>\n<li data-mce-fragment=\"1\">augsta UV aizsardz\u012bba kr\u0101sas to\u0146a aizsardz\u012bbai;<\/li>\n<li data-mce-fragment=\"1\">\u017e\u016bst UV\/LED lamp\u0101 (120 sekundes UV lamp\u0101, 60 sekundes \u2013 LED)<\/li>\n<li data-mce-fragment=\"1\">savietojams ar citu z\u012bmolu produktiem;<\/li>\n<\/ul>\n<p data-mce-fragment=\"1\">15ml\/0,5oz<\/p>\n","protected":false},"excerpt":{"rendered":"<p>Shiny Rose Art Flake virs\u0113jais p\u0101rkl\u0101jums Veidojiet modernus un \u012bpa\u0161i notur\u012bgus nagu dizainus, izmantojot glanc\u0113to virsk\u0101rtu ar roz\u0101 zelta gliteriem.<\/p>\n","protected":false},"featured_media":5190,"template":"","meta":{"_acf_changed":false},"product_brand":[],"product_cat":[154,181],"product_tag":[182,183],"class_list":{"0":"post-7458","1":"product","2":"type-product","3":"status-publish","4":"has-post-thumbnail","6":"product_cat-luxe-gel-professional-lv","7":"product_cat-topi","8":"product_tag-rose-lv","9":"product_tag-top-lv","11":"first","12":"instock","13":"sale","14":"shipping-taxable","15":"purchasable","16":"product-type-simple"},"acf":[],"yoast_head":"<!-- This site is optimized with the Yoast SEO plugin v23.8 - https:\/\/yoast.com\/wordpress\/plugins\/seo\/ -->\n<title>SHINY ROSE ART FLAKE \u2013 GLANC\u0112TS TOPS BEZ LIP\u012aG\u0100 SL\u0100\u0145A - LUXE GEL PROFESSIONAL\u2122<\/title>\n<meta name=\"robots\" content=\"index, follow, max-snippet:-1, max-image-preview:large, max-video-preview:-1\" \/>\n<link rel=\"canonical\" href=\"https:\/\/luxegel.lv\/lv\/product-lv\/spidigas-rozu-makslas-parslas-bez-noslaucisanas-virspuses\/\" \/>\n<meta property=\"og:locale\" content=\"lv_LV\" \/>\n<meta property=\"og:type\" content=\"article\" \/>\n<meta property=\"og:title\" content=\"SHINY ROSE ART FLAKE \u2013 GLANC\u0112TS TOPS BEZ LIP\u012aG\u0100 SL\u0100\u0145A - LUXE GEL PROFESSIONAL\u2122\" \/>\n<meta property=\"og:description\" content=\"Shiny Rose Art Flake virs\u0113jais p\u0101rkl\u0101jums Veidojiet modernus un \u012bpa\u0161i notur\u012bgus nagu dizainus, izmantojot glanc\u0113to virsk\u0101rtu ar roz\u0101 zelta gliteriem.\" \/>\n<meta property=\"og:url\" content=\"https:\/\/luxegel.lv\/lv\/product-lv\/spidigas-rozu-makslas-parslas-bez-noslaucisanas-virspuses\/\" \/>\n<meta property=\"og:site_name\" content=\"LUXE GEL PROFESSIONAL\u2122\" \/>\n<meta property=\"article:modified_time\" content=\"2026-02-02T12:23:46+00:00\" \/>\n<meta property=\"og:image\" content=\"https:\/\/luxegel.lv\/wp-content\/uploads\/2024\/01\/ShinyRose.png\" \/>\n\t<meta property=\"og:image:width\" content=\"800\" \/>\n\t<meta property=\"og:image:height\" content=\"800\" \/>\n\t<meta property=\"og:image:type\" content=\"image\/png\" \/>\n<meta name=\"twitter:card\" content=\"summary_large_image\" \/>\n<meta name=\"twitter:label1\" content=\"Est. reading time\" \/>\n\t<meta name=\"twitter:data1\" content=\"1 minute\" \/>\n<script type=\"application\/ld+json\" class=\"yoast-schema-graph\">{\"@context\":\"https:\/\/schema.org\",\"@graph\":[{\"@type\":\"WebPage\",\"@id\":\"https:\/\/luxegel.lv\/lv\/product-lv\/spidigas-rozu-makslas-parslas-bez-noslaucisanas-virspuses\/\",\"url\":\"https:\/\/luxegel.lv\/lv\/product-lv\/spidigas-rozu-makslas-parslas-bez-noslaucisanas-virspuses\/\",\"name\":\"SHINY ROSE ART FLAKE \u2013 GLANC\u0112TS TOPS BEZ LIP\u012aG\u0100 SL\u0100\u0145A - LUXE GEL PROFESSIONAL\u2122\",\"isPartOf\":{\"@id\":\"https:\/\/luxegel.lv\/lv\/#website\"},\"primaryImageOfPage\":{\"@id\":\"https:\/\/luxegel.lv\/lv\/product-lv\/spidigas-rozu-makslas-parslas-bez-noslaucisanas-virspuses\/#primaryimage\"},\"image\":{\"@id\":\"https:\/\/luxegel.lv\/lv\/product-lv\/spidigas-rozu-makslas-parslas-bez-noslaucisanas-virspuses\/#primaryimage\"},\"thumbnailUrl\":\"https:\/\/luxegel.lv\/wp-content\/uploads\/2024\/01\/ShinyRose.png\",\"datePublished\":\"2023-05-08T14:08:37+00:00\",\"dateModified\":\"2026-02-02T12:23:46+00:00\",\"breadcrumb\":{\"@id\":\"https:\/\/luxegel.lv\/lv\/product-lv\/spidigas-rozu-makslas-parslas-bez-noslaucisanas-virspuses\/#breadcrumb\"},\"inLanguage\":\"lv-LV\",\"potentialAction\":[{\"@type\":\"ReadAction\",\"target\":[\"https:\/\/luxegel.lv\/lv\/product-lv\/spidigas-rozu-makslas-parslas-bez-noslaucisanas-virspuses\/\"]}]},{\"@type\":\"ImageObject\",\"inLanguage\":\"lv-LV\",\"@id\":\"https:\/\/luxegel.lv\/lv\/product-lv\/spidigas-rozu-makslas-parslas-bez-noslaucisanas-virspuses\/#primaryimage\",\"url\":\"https:\/\/luxegel.lv\/wp-content\/uploads\/2024\/01\/ShinyRose.png\",\"contentUrl\":\"https:\/\/luxegel.lv\/wp-content\/uploads\/2024\/01\/ShinyRose.png\",\"width\":800,\"height\":800},{\"@type\":\"BreadcrumbList\",\"@id\":\"https:\/\/luxegel.lv\/lv\/product-lv\/spidigas-rozu-makslas-parslas-bez-noslaucisanas-virspuses\/#breadcrumb\",\"itemListElement\":[{\"@type\":\"ListItem\",\"position\":1,\"name\":\"Galven\u0101\",\"item\":\"https:\/\/luxegel.lv\/lv\/\"},{\"@type\":\"ListItem\",\"position\":2,\"name\":\"Veikals\",\"item\":\"https:\/\/luxegel.lv\/lv\/veikals\/\"},{\"@type\":\"ListItem\",\"position\":3,\"name\":\"SHINY ROSE ART FLAKE \u2013 GLANC\u0112TS TOPS BEZ LIP\u012aG\u0100 SL\u0100\u0145A\"}]},{\"@type\":\"WebSite\",\"@id\":\"https:\/\/luxegel.lv\/lv\/#website\",\"url\":\"https:\/\/luxegel.lv\/lv\/\",\"name\":\"LUXE GEL PROFESSIONAL\u2122\",\"description\":\"is a leading nail brand on the European market. Luxe Gel currently stock over 500 products including over 350 shades of gel polish, a complete builder gel system and our famous structure base.\",\"potentialAction\":[{\"@type\":\"SearchAction\",\"target\":{\"@type\":\"EntryPoint\",\"urlTemplate\":\"https:\/\/luxegel.lv\/lv\/?s={search_term_string}\"},\"query-input\":{\"@type\":\"PropertyValueSpecification\",\"valueRequired\":true,\"valueName\":\"search_term_string\"}}],\"inLanguage\":\"lv-LV\"}]}<\/script>\n<!-- \/ Yoast SEO plugin. -->","yoast_head_json":{"title":"SHINY ROSE ART FLAKE \u2013 GLANC\u0112TS TOPS BEZ LIP\u012aG\u0100 SL\u0100\u0145A - LUXE GEL PROFESSIONAL\u2122","robots":{"index":"index","follow":"follow","max-snippet":"max-snippet:-1","max-image-preview":"max-image-preview:large","max-video-preview":"max-video-preview:-1"},"canonical":"https:\/\/luxegel.lv\/lv\/product-lv\/spidigas-rozu-makslas-parslas-bez-noslaucisanas-virspuses\/","og_locale":"lv_LV","og_type":"article","og_title":"SHINY ROSE ART FLAKE \u2013 GLANC\u0112TS TOPS BEZ LIP\u012aG\u0100 SL\u0100\u0145A - LUXE GEL PROFESSIONAL\u2122","og_description":"Shiny Rose Art Flake virs\u0113jais p\u0101rkl\u0101jums Veidojiet modernus un \u012bpa\u0161i notur\u012bgus nagu dizainus, izmantojot glanc\u0113to virsk\u0101rtu ar roz\u0101 zelta gliteriem.","og_url":"https:\/\/luxegel.lv\/lv\/product-lv\/spidigas-rozu-makslas-parslas-bez-noslaucisanas-virspuses\/","og_site_name":"LUXE GEL PROFESSIONAL\u2122","article_modified_time":"2026-02-02T12:23:46+00:00","og_image":[{"width":800,"height":800,"url":"https:\/\/luxegel.lv\/wp-content\/uploads\/2024\/01\/ShinyRose.png","type":"image\/png"}],"twitter_card":"summary_large_image","twitter_misc":{"Est. reading time":"1 minute"},"schema":{"@context":"https:\/\/schema.org","@graph":[{"@type":"WebPage","@id":"https:\/\/luxegel.lv\/lv\/product-lv\/spidigas-rozu-makslas-parslas-bez-noslaucisanas-virspuses\/","url":"https:\/\/luxegel.lv\/lv\/product-lv\/spidigas-rozu-makslas-parslas-bez-noslaucisanas-virspuses\/","name":"SHINY ROSE ART FLAKE \u2013 GLANC\u0112TS TOPS BEZ LIP\u012aG\u0100 SL\u0100\u0145A - LUXE GEL PROFESSIONAL\u2122","isPartOf":{"@id":"https:\/\/luxegel.lv\/lv\/#website"},"primaryImageOfPage":{"@id":"https:\/\/luxegel.lv\/lv\/product-lv\/spidigas-rozu-makslas-parslas-bez-noslaucisanas-virspuses\/#primaryimage"},"image":{"@id":"https:\/\/luxegel.lv\/lv\/product-lv\/spidigas-rozu-makslas-parslas-bez-noslaucisanas-virspuses\/#primaryimage"},"thumbnailUrl":"https:\/\/luxegel.lv\/wp-content\/uploads\/2024\/01\/ShinyRose.png","datePublished":"2023-05-08T14:08:37+00:00","dateModified":"2026-02-02T12:23:46+00:00","breadcrumb":{"@id":"https:\/\/luxegel.lv\/lv\/product-lv\/spidigas-rozu-makslas-parslas-bez-noslaucisanas-virspuses\/#breadcrumb"},"inLanguage":"lv-LV","potentialAction":[{"@type":"ReadAction","target":["https:\/\/luxegel.lv\/lv\/product-lv\/spidigas-rozu-makslas-parslas-bez-noslaucisanas-virspuses\/"]}]},{"@type":"ImageObject","inLanguage":"lv-LV","@id":"https:\/\/luxegel.lv\/lv\/product-lv\/spidigas-rozu-makslas-parslas-bez-noslaucisanas-virspuses\/#primaryimage","url":"https:\/\/luxegel.lv\/wp-content\/uploads\/2024\/01\/ShinyRose.png","contentUrl":"https:\/\/luxegel.lv\/wp-content\/uploads\/2024\/01\/ShinyRose.png","width":800,"height":800},{"@type":"BreadcrumbList","@id":"https:\/\/luxegel.lv\/lv\/product-lv\/spidigas-rozu-makslas-parslas-bez-noslaucisanas-virspuses\/#breadcrumb","itemListElement":[{"@type":"ListItem","position":1,"name":"Galven\u0101","item":"https:\/\/luxegel.lv\/lv\/"},{"@type":"ListItem","position":2,"name":"Veikals","item":"https:\/\/luxegel.lv\/lv\/veikals\/"},{"@type":"ListItem","position":3,"name":"SHINY ROSE ART FLAKE \u2013 GLANC\u0112TS TOPS BEZ LIP\u012aG\u0100 SL\u0100\u0145A"}]},{"@type":"WebSite","@id":"https:\/\/luxegel.lv\/lv\/#website","url":"https:\/\/luxegel.lv\/lv\/","name":"LUXE GEL PROFESSIONAL\u2122","description":"is a leading nail brand on the European market. Luxe Gel currently stock over 500 products including over 350 shades of gel polish, a complete builder gel system and our famous structure base.","potentialAction":[{"@type":"SearchAction","target":{"@type":"EntryPoint","urlTemplate":"https:\/\/luxegel.lv\/lv\/?s={search_term_string}"},"query-input":{"@type":"PropertyValueSpecification","valueRequired":true,"valueName":"search_term_string"}}],"inLanguage":"lv-LV"}]}},"_links":{"self":[{"href":"https:\/\/luxegel.lv\/lv\/wp-json\/wp\/v2\/product\/7458","targetHints":{"allow":["GET"]}}],"collection":[{"href":"https:\/\/luxegel.lv\/lv\/wp-json\/wp\/v2\/product"}],"about":[{"href":"https:\/\/luxegel.lv\/lv\/wp-json\/wp\/v2\/types\/product"}],"version-history":[{"count":0,"href":"https:\/\/luxegel.lv\/lv\/wp-json\/wp\/v2\/product\/7458\/revisions"}],"wp:featuredmedia":[{"embeddable":true,"href":"https:\/\/luxegel.lv\/lv\/wp-json\/wp\/v2\/media\/5190"}],"wp:attachment":[{"href":"https:\/\/luxegel.lv\/lv\/wp-json\/wp\/v2\/media?parent=7458"}],"wp:term":[{"taxonomy":"product_brand","embeddable":true,"href":"https:\/\/luxegel.lv\/lv\/wp-json\/wp\/v2\/product_brand?post=7458"},{"taxonomy":"product_cat","embeddable":true,"href":"https:\/\/luxegel.lv\/lv\/wp-json\/wp\/v2\/product_cat?post=7458"},{"taxonomy":"product_tag","embeddable":true,"href":"https:\/\/luxegel.lv\/lv\/wp-json\/wp\/v2\/product_tag?post=7458"}],"curies":[{"name":"wp","href":"https:\/\/api.w.org\/{rel}","templated":true}]}}