{"id":7451,"date":"2023-06-07T16:12:51","date_gmt":"2023-06-07T16:12:51","guid":{"rendered":"https:\/\/luxegel.lv\/product\/laima-atslega-flash\/"},"modified":"2025-12-02T13:53:36","modified_gmt":"2025-12-02T13:53:36","slug":"key-lime-flash","status":"publish","type":"product","link":"https:\/\/luxegel.lv\/lv\/product-lv\/key-lime-flash\/","title":{"rendered":"KEY LIME &#8211; FLASH"},"content":{"rendered":"<p><strong><em>&#8220;Key Lime&#8221; &#8211; mirdzo\u0161a un atsvaidzino\u0161a g\u0113la laka, kas iemieso pludmales atva\u013cin\u0101juma tropisko b\u016bt\u012bbu. T\u0101s eksotiski za\u013cais tonis, kas atg\u0101dina nogatavoju\u0161os laimu sul\u012bgo m\u012bkstumu, aizved tevi uz parad\u012bzi ar palm\u0101m un krist\u0101ldzidru \u016bdeni. Gaismu atstarojo\u0161\u0101 formula rada hipnotiz\u0113jo\u0161u efektu. Ar &#8220;Key Lime&#8221; tavi nagi izstaros dz\u012bvespriec\u012bgu un bezr\u016bp\u012bgu ener\u0123iju. <\/em><\/strong><\/p>\n<p><strong>Galven\u0101s \u012bpa\u0161\u012bbas:<\/strong><\/p>\n<p>\u2013 Profesion\u0101las kvalit\u0101tes, \u0101dai draudz\u012bga g\u0113la sist\u0113ma BEZ TPO<\/p>\n<p>\u2013 100% g\u0113la formula: bag\u0101t\u012bgs, salona kvalit\u0101tes p\u0101rkl\u0101jums katr\u0101 lieto\u0161anas reiz\u0113.<\/p>\n<p>\u2013 Ilgsto\u0161a notur\u012bba vair\u0101k nek\u0101 20 dienas bez izbal\u0113\u0161anas.<\/p>\n<p>\u2013 Vienk\u0101r\u0161a uzkl\u0101\u0161ana, bez skr\u0101p\u0113jumiem, at\u0161\u0137el\u0161an\u0101s vai izsm\u0113r\u0113\u0161an\u0101s.<\/p>\n<p>\u2013 Bez smar\u017eas: izbaudiet svaigu uzkl\u0101\u0161anas pieredzi.<\/p>\n<p>\u2013 Nav test\u0113ts uz dz\u012bvniekiem un ir videi draudz\u012bgs.<\/p>\n<p>\u2013 Sertific\u0113ts un p\u0101rbaud\u012bts: atbilst augst\u0101kajiem kvalit\u0101tes standartiem.<span class=\"Apple-converted-space\">\u00a0<\/span><\/p>\n<p>\u2013 Saciet\u0113 60 sekund\u0113s (LED) \/ 99 sekund\u0113s (zema temperat\u016bra) \u2013 \u0101tra un elast\u012bga \u017e\u016b\u0161ana<span class=\"Apple-converted-space\">\u00a0<\/span><\/p>\n<p>\u2013 Ilgsto\u0161s un notur\u012bgs rezult\u0101ts.<\/p>\n<p><strong>Sast\u0101vda\u013cas:<\/strong><\/p>\n<p>Acrylates Copolymer<\/p>\n<p>2-Hydroxyethyl Methacrylate<\/p>\n<p>Isopropyl Alcohol<\/p>\n<p>Hydroxycyclohexyl Phenyl Ketone<\/p>\n<p>Hydroxypropyl methacrylate<\/p>\n<p>Dimethicone<\/p>\n<p>Pigment<\/p>\n<p><strong>Tilpums: <\/strong><\/p>\n<p>15 ml (0,5 fl. oz)<\/p>\n","protected":false},"excerpt":{"rendered":"<p>&#8220;Key Lime&#8221; &#8211; mirdzo\u0161a un atsvaidzino\u0161a g\u0113la laka, kas iemieso pludmales atva\u013cin\u0101juma tropisko b\u016bt\u012bbu. T\u0101s eksotiski za\u013cais tonis, kas atg\u0101dina<\/p>\n","protected":false},"featured_media":4290,"template":"","meta":{"_acf_changed":false},"product_brand":[],"product_cat":[157,154,515,507,501],"product_tag":[235,210,248,249],"class_list":{"0":"post-7451","1":"product","2":"type-product","3":"status-publish","4":"has-post-thumbnail","6":"product_cat-gela-lakas","7":"product_cat-luxe-gel-professional-lv","8":"product_cat-gaismu-atstarojoshie-toni-flash","9":"product_cat-toni-ar-gliteriem","10":"product_cat-visi-toni","11":"product_tag-flash-lv","12":"product_tag-green-lv","13":"product_tag-keylime-lv","14":"product_tag-lime-lv","16":"first","17":"instock","18":"sale","19":"shipping-taxable","20":"purchasable","21":"product-type-simple"},"acf":[],"yoast_head":"<!-- This site is optimized with the Yoast SEO plugin v23.8 - https:\/\/yoast.com\/wordpress\/plugins\/seo\/ -->\n<title>KEY LIME - FLASH - LUXE GEL PROFESSIONAL\u2122<\/title>\n<meta name=\"robots\" content=\"index, follow, max-snippet:-1, max-image-preview:large, max-video-preview:-1\" \/>\n<link rel=\"canonical\" href=\"https:\/\/luxegel.lv\/lv\/product-lv\/key-lime-flash\/\" \/>\n<meta property=\"og:locale\" content=\"lv_LV\" \/>\n<meta property=\"og:type\" content=\"article\" \/>\n<meta property=\"og:title\" content=\"KEY LIME - FLASH - LUXE GEL PROFESSIONAL\u2122\" \/>\n<meta property=\"og:description\" content=\"&#8220;Key Lime&#8221; &#8211; mirdzo\u0161a un atsvaidzino\u0161a g\u0113la laka, kas iemieso pludmales atva\u013cin\u0101juma tropisko b\u016bt\u012bbu. T\u0101s eksotiski za\u013cais tonis, kas atg\u0101dina\" \/>\n<meta property=\"og:url\" content=\"https:\/\/luxegel.lv\/lv\/product-lv\/key-lime-flash\/\" \/>\n<meta property=\"og:site_name\" content=\"LUXE GEL PROFESSIONAL\u2122\" \/>\n<meta property=\"article:modified_time\" content=\"2025-12-02T13:53:36+00:00\" \/>\n<meta property=\"og:image\" content=\"https:\/\/luxegel.lv\/wp-content\/uploads\/2024\/01\/KeyLime.png\" \/>\n\t<meta property=\"og:image:width\" content=\"800\" \/>\n\t<meta property=\"og:image:height\" content=\"800\" \/>\n\t<meta property=\"og:image:type\" content=\"image\/png\" \/>\n<meta name=\"twitter:card\" content=\"summary_large_image\" \/>\n<meta name=\"twitter:label1\" content=\"Est. reading time\" \/>\n\t<meta name=\"twitter:data1\" content=\"1 minute\" \/>\n<script type=\"application\/ld+json\" class=\"yoast-schema-graph\">{\"@context\":\"https:\/\/schema.org\",\"@graph\":[{\"@type\":\"WebPage\",\"@id\":\"https:\/\/luxegel.lv\/lv\/product-lv\/key-lime-flash\/\",\"url\":\"https:\/\/luxegel.lv\/lv\/product-lv\/key-lime-flash\/\",\"name\":\"KEY LIME - FLASH - LUXE GEL PROFESSIONAL\u2122\",\"isPartOf\":{\"@id\":\"https:\/\/luxegel.lv\/lv\/#website\"},\"primaryImageOfPage\":{\"@id\":\"https:\/\/luxegel.lv\/lv\/product-lv\/key-lime-flash\/#primaryimage\"},\"image\":{\"@id\":\"https:\/\/luxegel.lv\/lv\/product-lv\/key-lime-flash\/#primaryimage\"},\"thumbnailUrl\":\"https:\/\/luxegel.lv\/wp-content\/uploads\/2024\/01\/KeyLime.png\",\"datePublished\":\"2023-06-07T16:12:51+00:00\",\"dateModified\":\"2025-12-02T13:53:36+00:00\",\"breadcrumb\":{\"@id\":\"https:\/\/luxegel.lv\/lv\/product-lv\/key-lime-flash\/#breadcrumb\"},\"inLanguage\":\"lv-LV\",\"potentialAction\":[{\"@type\":\"ReadAction\",\"target\":[\"https:\/\/luxegel.lv\/lv\/product-lv\/key-lime-flash\/\"]}]},{\"@type\":\"ImageObject\",\"inLanguage\":\"lv-LV\",\"@id\":\"https:\/\/luxegel.lv\/lv\/product-lv\/key-lime-flash\/#primaryimage\",\"url\":\"https:\/\/luxegel.lv\/wp-content\/uploads\/2024\/01\/KeyLime.png\",\"contentUrl\":\"https:\/\/luxegel.lv\/wp-content\/uploads\/2024\/01\/KeyLime.png\",\"width\":800,\"height\":800},{\"@type\":\"BreadcrumbList\",\"@id\":\"https:\/\/luxegel.lv\/lv\/product-lv\/key-lime-flash\/#breadcrumb\",\"itemListElement\":[{\"@type\":\"ListItem\",\"position\":1,\"name\":\"Galven\u0101\",\"item\":\"https:\/\/luxegel.lv\/lv\/\"},{\"@type\":\"ListItem\",\"position\":2,\"name\":\"Veikals\",\"item\":\"https:\/\/luxegel.lv\/lv\/veikals\/\"},{\"@type\":\"ListItem\",\"position\":3,\"name\":\"KEY LIME &#8211; FLASH\"}]},{\"@type\":\"WebSite\",\"@id\":\"https:\/\/luxegel.lv\/lv\/#website\",\"url\":\"https:\/\/luxegel.lv\/lv\/\",\"name\":\"LUXE GEL PROFESSIONAL\u2122\",\"description\":\"is a leading nail brand on the European market. Luxe Gel currently stock over 500 products including over 350 shades of gel polish, a complete builder gel system and our famous structure base.\",\"potentialAction\":[{\"@type\":\"SearchAction\",\"target\":{\"@type\":\"EntryPoint\",\"urlTemplate\":\"https:\/\/luxegel.lv\/lv\/?s={search_term_string}\"},\"query-input\":{\"@type\":\"PropertyValueSpecification\",\"valueRequired\":true,\"valueName\":\"search_term_string\"}}],\"inLanguage\":\"lv-LV\"}]}<\/script>\n<!-- \/ Yoast SEO plugin. -->","yoast_head_json":{"title":"KEY LIME - FLASH - LUXE GEL PROFESSIONAL\u2122","robots":{"index":"index","follow":"follow","max-snippet":"max-snippet:-1","max-image-preview":"max-image-preview:large","max-video-preview":"max-video-preview:-1"},"canonical":"https:\/\/luxegel.lv\/lv\/product-lv\/key-lime-flash\/","og_locale":"lv_LV","og_type":"article","og_title":"KEY LIME - FLASH - LUXE GEL PROFESSIONAL\u2122","og_description":"&#8220;Key Lime&#8221; &#8211; mirdzo\u0161a un atsvaidzino\u0161a g\u0113la laka, kas iemieso pludmales atva\u013cin\u0101juma tropisko b\u016bt\u012bbu. T\u0101s eksotiski za\u013cais tonis, kas atg\u0101dina","og_url":"https:\/\/luxegel.lv\/lv\/product-lv\/key-lime-flash\/","og_site_name":"LUXE GEL PROFESSIONAL\u2122","article_modified_time":"2025-12-02T13:53:36+00:00","og_image":[{"width":800,"height":800,"url":"https:\/\/luxegel.lv\/wp-content\/uploads\/2024\/01\/KeyLime.png","type":"image\/png"}],"twitter_card":"summary_large_image","twitter_misc":{"Est. reading time":"1 minute"},"schema":{"@context":"https:\/\/schema.org","@graph":[{"@type":"WebPage","@id":"https:\/\/luxegel.lv\/lv\/product-lv\/key-lime-flash\/","url":"https:\/\/luxegel.lv\/lv\/product-lv\/key-lime-flash\/","name":"KEY LIME - FLASH - LUXE GEL PROFESSIONAL\u2122","isPartOf":{"@id":"https:\/\/luxegel.lv\/lv\/#website"},"primaryImageOfPage":{"@id":"https:\/\/luxegel.lv\/lv\/product-lv\/key-lime-flash\/#primaryimage"},"image":{"@id":"https:\/\/luxegel.lv\/lv\/product-lv\/key-lime-flash\/#primaryimage"},"thumbnailUrl":"https:\/\/luxegel.lv\/wp-content\/uploads\/2024\/01\/KeyLime.png","datePublished":"2023-06-07T16:12:51+00:00","dateModified":"2025-12-02T13:53:36+00:00","breadcrumb":{"@id":"https:\/\/luxegel.lv\/lv\/product-lv\/key-lime-flash\/#breadcrumb"},"inLanguage":"lv-LV","potentialAction":[{"@type":"ReadAction","target":["https:\/\/luxegel.lv\/lv\/product-lv\/key-lime-flash\/"]}]},{"@type":"ImageObject","inLanguage":"lv-LV","@id":"https:\/\/luxegel.lv\/lv\/product-lv\/key-lime-flash\/#primaryimage","url":"https:\/\/luxegel.lv\/wp-content\/uploads\/2024\/01\/KeyLime.png","contentUrl":"https:\/\/luxegel.lv\/wp-content\/uploads\/2024\/01\/KeyLime.png","width":800,"height":800},{"@type":"BreadcrumbList","@id":"https:\/\/luxegel.lv\/lv\/product-lv\/key-lime-flash\/#breadcrumb","itemListElement":[{"@type":"ListItem","position":1,"name":"Galven\u0101","item":"https:\/\/luxegel.lv\/lv\/"},{"@type":"ListItem","position":2,"name":"Veikals","item":"https:\/\/luxegel.lv\/lv\/veikals\/"},{"@type":"ListItem","position":3,"name":"KEY LIME &#8211; FLASH"}]},{"@type":"WebSite","@id":"https:\/\/luxegel.lv\/lv\/#website","url":"https:\/\/luxegel.lv\/lv\/","name":"LUXE GEL PROFESSIONAL\u2122","description":"is a leading nail brand on the European market. Luxe Gel currently stock over 500 products including over 350 shades of gel polish, a complete builder gel system and our famous structure base.","potentialAction":[{"@type":"SearchAction","target":{"@type":"EntryPoint","urlTemplate":"https:\/\/luxegel.lv\/lv\/?s={search_term_string}"},"query-input":{"@type":"PropertyValueSpecification","valueRequired":true,"valueName":"search_term_string"}}],"inLanguage":"lv-LV"}]}},"_links":{"self":[{"href":"https:\/\/luxegel.lv\/lv\/wp-json\/wp\/v2\/product\/7451","targetHints":{"allow":["GET"]}}],"collection":[{"href":"https:\/\/luxegel.lv\/lv\/wp-json\/wp\/v2\/product"}],"about":[{"href":"https:\/\/luxegel.lv\/lv\/wp-json\/wp\/v2\/types\/product"}],"version-history":[{"count":1,"href":"https:\/\/luxegel.lv\/lv\/wp-json\/wp\/v2\/product\/7451\/revisions"}],"predecessor-version":[{"id":19978,"href":"https:\/\/luxegel.lv\/lv\/wp-json\/wp\/v2\/product\/7451\/revisions\/19978"}],"wp:featuredmedia":[{"embeddable":true,"href":"https:\/\/luxegel.lv\/lv\/wp-json\/wp\/v2\/media\/4290"}],"wp:attachment":[{"href":"https:\/\/luxegel.lv\/lv\/wp-json\/wp\/v2\/media?parent=7451"}],"wp:term":[{"taxonomy":"product_brand","embeddable":true,"href":"https:\/\/luxegel.lv\/lv\/wp-json\/wp\/v2\/product_brand?post=7451"},{"taxonomy":"product_cat","embeddable":true,"href":"https:\/\/luxegel.lv\/lv\/wp-json\/wp\/v2\/product_cat?post=7451"},{"taxonomy":"product_tag","embeddable":true,"href":"https:\/\/luxegel.lv\/lv\/wp-json\/wp\/v2\/product_tag?post=7451"}],"curies":[{"name":"wp","href":"https:\/\/api.w.org\/{rel}","templated":true}]}}