{"id":7424,"date":"2023-06-12T10:48:58","date_gmt":"2023-06-12T10:48:58","guid":{"rendered":"https:\/\/luxegel.lv\/product\/periwinkle\/"},"modified":"2025-12-22T12:47:22","modified_gmt":"2025-12-22T12:47:22","slug":"periwinkle","status":"publish","type":"product","link":"https:\/\/luxegel.lv\/lv\/product-lv\/periwinkle\/","title":{"rendered":"PERIWINKLE"},"content":{"rendered":"<p><em><strong>Atmodini bezgal\u012bga miera saj\u016btu ar Periwinkle, debesu zilu g\u0113la laku, kas v\u0113sta par mier\u012bgu sv\u0113tlaimi un maigu harmoniju. \u013bauj \u0161im \u0113teriskajam tonim p\u0101rcelt tevi uz miera un iek\u0161\u0113j\u0101 l\u012bdzsvara pasauli, kur tavi nagi k\u013c\u016bs par mier\u012bga skaistuma atspogu\u013cojumu.<\/strong><\/em><\/p>\n<p><b>Galven\u0101s \u012bpa\u0161\u012bbas:<\/b><\/p>\n<p>\u2013 Profesion\u0101las kvalit\u0101tes, \u0101dai draudz\u012bga g\u0113la sist\u0113ma BEZ TPO<\/p>\n<p>\u2013 100% g\u0113la formula: bag\u0101t\u012bgs, salona kvalit\u0101tes p\u0101rkl\u0101jums katr\u0101 lieto\u0161anas reiz\u0113.<\/p>\n<p>\u2013 Ilgsto\u0161a notur\u012bba vair\u0101k nek\u0101 20 dienas bez izbal\u0113\u0161anas.<\/p>\n<p>\u2013 Vienk\u0101r\u0161a uzkl\u0101\u0161ana, bez skr\u0101p\u0113jumiem, at\u0161\u0137el\u0161an\u0101s vai izsm\u0113r\u0113\u0161an\u0101s.<\/p>\n<p>\u2013 Bez smar\u017eas: izbaudiet svaigu uzkl\u0101\u0161anas pieredzi.<\/p>\n<p>\u2013 Nav test\u0113ts uz dz\u012bvniekiem un ir videi draudz\u012bgs.<\/p>\n<p>\u2013 Sertific\u0113ts un p\u0101rbaud\u012bts: atbilst augst\u0101kajiem kvalit\u0101tes standartiem.<span class=\"Apple-converted-space\">\u00a0<\/span><\/p>\n<p>\u2013 Saciet\u0113 60 sekund\u0113s (LED) \/ 99 sekund\u0113s (zema temperat\u016bra) \u2013 \u0101tra un elast\u012bga \u017e\u016b\u0161ana<span class=\"Apple-converted-space\">\u00a0<\/span><\/p>\n<p>\u2013 Ilgsto\u0161s un notur\u012bgs rezult\u0101ts.<\/p>\n<p><b>Sast\u0101vda\u013cas:<\/b><\/p>\n<ul>\n<li>Acrylates Copolymer<\/li>\n<li>2-Hydroxyethyl Methacrylate<\/li>\n<li>Isopropyl Alcohol<\/li>\n<li>Hydroxycyclohexyl Phenyl Ketone<\/li>\n<li>Hydroxypropyl methacrylate<\/li>\n<li>Dimethicone<\/li>\n<li>Pigment<\/li>\n<\/ul>\n<p><b>Tilpums:<\/b><\/p>\n<p>15 ml (0,5 fl. oz)<\/p>\n","protected":false},"excerpt":{"rendered":"<p>Atmodini bezgal\u012bga miera saj\u016btu ar Periwinkle, debesu zilu g\u0113la laku, kas v\u0113sta par mier\u012bgu sv\u0113tlaimi un maigu harmoniju. \u013bauj \u0161im<\/p>\n","protected":false},"featured_media":4854,"template":"","meta":{"_acf_changed":false},"product_brand":[],"product_cat":[157,154,503,501],"product_tag":[223,225],"class_list":{"0":"post-7424","1":"product","2":"type-product","3":"status-publish","4":"has-post-thumbnail","6":"product_cat-gela-lakas","7":"product_cat-luxe-gel-professional-lv","8":"product_cat-koshie-toni","9":"product_cat-visi-toni","10":"product_tag-blue-lv","11":"product_tag-periwinkle-lv","13":"first","14":"instock","15":"sale","16":"shipping-taxable","17":"purchasable","18":"product-type-simple"},"acf":[],"yoast_head":"<!-- This site is optimized with the Yoast SEO plugin v23.8 - https:\/\/yoast.com\/wordpress\/plugins\/seo\/ -->\n<title>PERIWINKLE - LUXE GEL PROFESSIONAL\u2122<\/title>\n<meta name=\"robots\" content=\"index, follow, max-snippet:-1, max-image-preview:large, max-video-preview:-1\" \/>\n<link rel=\"canonical\" href=\"https:\/\/luxegel.lv\/lv\/product-lv\/periwinkle\/\" \/>\n<meta property=\"og:locale\" content=\"lv_LV\" \/>\n<meta property=\"og:type\" content=\"article\" \/>\n<meta property=\"og:title\" content=\"PERIWINKLE - LUXE GEL PROFESSIONAL\u2122\" \/>\n<meta property=\"og:description\" content=\"Atmodini bezgal\u012bga miera saj\u016btu ar Periwinkle, debesu zilu g\u0113la laku, kas v\u0113sta par mier\u012bgu sv\u0113tlaimi un maigu harmoniju. \u013bauj \u0161im\" \/>\n<meta property=\"og:url\" content=\"https:\/\/luxegel.lv\/lv\/product-lv\/periwinkle\/\" \/>\n<meta property=\"og:site_name\" content=\"LUXE GEL PROFESSIONAL\u2122\" \/>\n<meta property=\"article:modified_time\" content=\"2025-12-22T12:47:22+00:00\" \/>\n<meta property=\"og:image\" content=\"https:\/\/luxegel.lv\/wp-content\/uploads\/2024\/01\/Periwinkle.png\" \/>\n\t<meta property=\"og:image:width\" content=\"800\" \/>\n\t<meta property=\"og:image:height\" content=\"800\" \/>\n\t<meta property=\"og:image:type\" content=\"image\/png\" \/>\n<meta name=\"twitter:card\" content=\"summary_large_image\" \/>\n<meta name=\"twitter:label1\" content=\"Est. reading time\" \/>\n\t<meta name=\"twitter:data1\" content=\"1 minute\" \/>\n<script type=\"application\/ld+json\" class=\"yoast-schema-graph\">{\"@context\":\"https:\/\/schema.org\",\"@graph\":[{\"@type\":\"WebPage\",\"@id\":\"https:\/\/luxegel.lv\/lv\/product-lv\/periwinkle\/\",\"url\":\"https:\/\/luxegel.lv\/lv\/product-lv\/periwinkle\/\",\"name\":\"PERIWINKLE - LUXE GEL PROFESSIONAL\u2122\",\"isPartOf\":{\"@id\":\"https:\/\/luxegel.lv\/lv\/#website\"},\"primaryImageOfPage\":{\"@id\":\"https:\/\/luxegel.lv\/lv\/product-lv\/periwinkle\/#primaryimage\"},\"image\":{\"@id\":\"https:\/\/luxegel.lv\/lv\/product-lv\/periwinkle\/#primaryimage\"},\"thumbnailUrl\":\"https:\/\/luxegel.lv\/wp-content\/uploads\/2024\/01\/Periwinkle.png\",\"datePublished\":\"2023-06-12T10:48:58+00:00\",\"dateModified\":\"2025-12-22T12:47:22+00:00\",\"breadcrumb\":{\"@id\":\"https:\/\/luxegel.lv\/lv\/product-lv\/periwinkle\/#breadcrumb\"},\"inLanguage\":\"lv-LV\",\"potentialAction\":[{\"@type\":\"ReadAction\",\"target\":[\"https:\/\/luxegel.lv\/lv\/product-lv\/periwinkle\/\"]}]},{\"@type\":\"ImageObject\",\"inLanguage\":\"lv-LV\",\"@id\":\"https:\/\/luxegel.lv\/lv\/product-lv\/periwinkle\/#primaryimage\",\"url\":\"https:\/\/luxegel.lv\/wp-content\/uploads\/2024\/01\/Periwinkle.png\",\"contentUrl\":\"https:\/\/luxegel.lv\/wp-content\/uploads\/2024\/01\/Periwinkle.png\",\"width\":800,\"height\":800},{\"@type\":\"BreadcrumbList\",\"@id\":\"https:\/\/luxegel.lv\/lv\/product-lv\/periwinkle\/#breadcrumb\",\"itemListElement\":[{\"@type\":\"ListItem\",\"position\":1,\"name\":\"Galven\u0101\",\"item\":\"https:\/\/luxegel.lv\/lv\/\"},{\"@type\":\"ListItem\",\"position\":2,\"name\":\"Veikals\",\"item\":\"https:\/\/luxegel.lv\/lv\/veikals\/\"},{\"@type\":\"ListItem\",\"position\":3,\"name\":\"PERIWINKLE\"}]},{\"@type\":\"WebSite\",\"@id\":\"https:\/\/luxegel.lv\/lv\/#website\",\"url\":\"https:\/\/luxegel.lv\/lv\/\",\"name\":\"LUXE GEL PROFESSIONAL\u2122\",\"description\":\"is a leading nail brand on the European market. Luxe Gel currently stock over 500 products including over 350 shades of gel polish, a complete builder gel system and our famous structure base.\",\"potentialAction\":[{\"@type\":\"SearchAction\",\"target\":{\"@type\":\"EntryPoint\",\"urlTemplate\":\"https:\/\/luxegel.lv\/lv\/?s={search_term_string}\"},\"query-input\":{\"@type\":\"PropertyValueSpecification\",\"valueRequired\":true,\"valueName\":\"search_term_string\"}}],\"inLanguage\":\"lv-LV\"}]}<\/script>\n<!-- \/ Yoast SEO plugin. -->","yoast_head_json":{"title":"PERIWINKLE - LUXE GEL PROFESSIONAL\u2122","robots":{"index":"index","follow":"follow","max-snippet":"max-snippet:-1","max-image-preview":"max-image-preview:large","max-video-preview":"max-video-preview:-1"},"canonical":"https:\/\/luxegel.lv\/lv\/product-lv\/periwinkle\/","og_locale":"lv_LV","og_type":"article","og_title":"PERIWINKLE - LUXE GEL PROFESSIONAL\u2122","og_description":"Atmodini bezgal\u012bga miera saj\u016btu ar Periwinkle, debesu zilu g\u0113la laku, kas v\u0113sta par mier\u012bgu sv\u0113tlaimi un maigu harmoniju. \u013bauj \u0161im","og_url":"https:\/\/luxegel.lv\/lv\/product-lv\/periwinkle\/","og_site_name":"LUXE GEL PROFESSIONAL\u2122","article_modified_time":"2025-12-22T12:47:22+00:00","og_image":[{"width":800,"height":800,"url":"https:\/\/luxegel.lv\/wp-content\/uploads\/2024\/01\/Periwinkle.png","type":"image\/png"}],"twitter_card":"summary_large_image","twitter_misc":{"Est. reading time":"1 minute"},"schema":{"@context":"https:\/\/schema.org","@graph":[{"@type":"WebPage","@id":"https:\/\/luxegel.lv\/lv\/product-lv\/periwinkle\/","url":"https:\/\/luxegel.lv\/lv\/product-lv\/periwinkle\/","name":"PERIWINKLE - LUXE GEL PROFESSIONAL\u2122","isPartOf":{"@id":"https:\/\/luxegel.lv\/lv\/#website"},"primaryImageOfPage":{"@id":"https:\/\/luxegel.lv\/lv\/product-lv\/periwinkle\/#primaryimage"},"image":{"@id":"https:\/\/luxegel.lv\/lv\/product-lv\/periwinkle\/#primaryimage"},"thumbnailUrl":"https:\/\/luxegel.lv\/wp-content\/uploads\/2024\/01\/Periwinkle.png","datePublished":"2023-06-12T10:48:58+00:00","dateModified":"2025-12-22T12:47:22+00:00","breadcrumb":{"@id":"https:\/\/luxegel.lv\/lv\/product-lv\/periwinkle\/#breadcrumb"},"inLanguage":"lv-LV","potentialAction":[{"@type":"ReadAction","target":["https:\/\/luxegel.lv\/lv\/product-lv\/periwinkle\/"]}]},{"@type":"ImageObject","inLanguage":"lv-LV","@id":"https:\/\/luxegel.lv\/lv\/product-lv\/periwinkle\/#primaryimage","url":"https:\/\/luxegel.lv\/wp-content\/uploads\/2024\/01\/Periwinkle.png","contentUrl":"https:\/\/luxegel.lv\/wp-content\/uploads\/2024\/01\/Periwinkle.png","width":800,"height":800},{"@type":"BreadcrumbList","@id":"https:\/\/luxegel.lv\/lv\/product-lv\/periwinkle\/#breadcrumb","itemListElement":[{"@type":"ListItem","position":1,"name":"Galven\u0101","item":"https:\/\/luxegel.lv\/lv\/"},{"@type":"ListItem","position":2,"name":"Veikals","item":"https:\/\/luxegel.lv\/lv\/veikals\/"},{"@type":"ListItem","position":3,"name":"PERIWINKLE"}]},{"@type":"WebSite","@id":"https:\/\/luxegel.lv\/lv\/#website","url":"https:\/\/luxegel.lv\/lv\/","name":"LUXE GEL PROFESSIONAL\u2122","description":"is a leading nail brand on the European market. Luxe Gel currently stock over 500 products including over 350 shades of gel polish, a complete builder gel system and our famous structure base.","potentialAction":[{"@type":"SearchAction","target":{"@type":"EntryPoint","urlTemplate":"https:\/\/luxegel.lv\/lv\/?s={search_term_string}"},"query-input":{"@type":"PropertyValueSpecification","valueRequired":true,"valueName":"search_term_string"}}],"inLanguage":"lv-LV"}]}},"_links":{"self":[{"href":"https:\/\/luxegel.lv\/lv\/wp-json\/wp\/v2\/product\/7424","targetHints":{"allow":["GET"]}}],"collection":[{"href":"https:\/\/luxegel.lv\/lv\/wp-json\/wp\/v2\/product"}],"about":[{"href":"https:\/\/luxegel.lv\/lv\/wp-json\/wp\/v2\/types\/product"}],"version-history":[{"count":1,"href":"https:\/\/luxegel.lv\/lv\/wp-json\/wp\/v2\/product\/7424\/revisions"}],"predecessor-version":[{"id":21311,"href":"https:\/\/luxegel.lv\/lv\/wp-json\/wp\/v2\/product\/7424\/revisions\/21311"}],"wp:featuredmedia":[{"embeddable":true,"href":"https:\/\/luxegel.lv\/lv\/wp-json\/wp\/v2\/media\/4854"}],"wp:attachment":[{"href":"https:\/\/luxegel.lv\/lv\/wp-json\/wp\/v2\/media?parent=7424"}],"wp:term":[{"taxonomy":"product_brand","embeddable":true,"href":"https:\/\/luxegel.lv\/lv\/wp-json\/wp\/v2\/product_brand?post=7424"},{"taxonomy":"product_cat","embeddable":true,"href":"https:\/\/luxegel.lv\/lv\/wp-json\/wp\/v2\/product_cat?post=7424"},{"taxonomy":"product_tag","embeddable":true,"href":"https:\/\/luxegel.lv\/lv\/wp-json\/wp\/v2\/product_tag?post=7424"}],"curies":[{"name":"wp","href":"https:\/\/api.w.org\/{rel}","templated":true}]}}