{"id":7386,"date":"2023-09-26T18:44:07","date_gmt":"2023-09-26T18:44:07","guid":{"rendered":"https:\/\/luxegel.lv\/product\/sniega-balta-makslas-parsla-bez-noslaucisanas-virspuses\/"},"modified":"2025-10-24T19:08:41","modified_gmt":"2025-10-24T19:08:41","slug":"sniega-balta-makslas-parsla-bez-noslaucisanas-virspuses","status":"publish","type":"product","link":"https:\/\/luxegel.lv\/lv\/product-lv\/sniega-balta-makslas-parsla-bez-noslaucisanas-virspuses\/","title":{"rendered":"SNOW WHITE ART FLAKE &#8211; TOPS BEZ LIP\u012aG\u0100 SL\u0100\u0145A"},"content":{"rendered":"<p data-mce-fragment=\"1\"><strong><em>Snow White Art Flake glanc\u0113ts tops<\/em><\/strong><\/p>\n<p data-mce-fragment=\"1\">M\u016bsu Snow White Art Flake virsk\u0101rta ir vienk\u0101r\u0161s veids, k\u0101 da\u017e\u0101dot savu ierasto nagu dizainu. M\u0113s esam apvienoju\u0161i m\u016bsu uzticam\u0101s virsk\u0101rtas formulu <strong>ar s\u012bk\u0101m balt\u0101m p\u0101rsli\u0146\u0101m<\/strong>. Tops izskat\u0101s skaisti ar visiem miesaskr\u0101sas to\u0146iem un paste\u013cto\u0146iem. Virsk\u0101rta bez lip\u012bg\u0101 sl\u0101\u0146a, t\u0101p\u0113c to nav nepiecie\u0161ams noslauc\u012bt ar Luxe Nail Cleanser. Topa konsistence ir l\u012bdz\u012bga m\u016bsu Extra Shine topa konsistencei.<\/p>\n<p data-mce-fragment=\"1\">Pirms katras lieto\u0161anas reizes produktu sakratiet.<\/p>\n<p data-mce-fragment=\"1\">#luxegelsnowwhite<\/p>\n<p data-mce-fragment=\"1\"><b data-mce-fragment=\"1\">Priek\u0161roc\u012bbas:<\/b><\/p>\n<ul data-mce-fragment=\"1\">\n<li data-mce-fragment=\"1\">izteikti glanc\u0113ts;<\/li>\n<li>ilg\u0101k saglab\u0101 sp\u012bdumu;<\/li>\n<li>ar s\u012bk\u0101m balt\u0101m p\u0101rsl\u0101m;<\/li>\n<li data-mce-fragment=\"1\">ilgnotur\u012bga formula;<\/li>\n<li data-mce-fragment=\"1\">neveido \u0161v\u012bkas;<\/li>\n<li data-mce-fragment=\"1\">nesaraujas;<\/li>\n<li data-mce-fragment=\"1\">notur\u012bgs pret skr\u0101p\u0113jumiem;<\/li>\n<li data-mce-fragment=\"1\">notur\u012bgs pret \u0161\u0137el\u0161anos;<\/li>\n<li data-mce-fragment=\"1\">bez lip\u012bg\u0101 sl\u0101\u0146a;<\/li>\n<li data-mce-fragment=\"1\">piem\u0113rots veg\u0101niem, netiek test\u0113ts uz dz\u012bvniekiem;<\/li>\n<li data-mce-fragment=\"1\">dro\u0161a formula, bez toksisk\u0101m viel\u0101m;<\/li>\n<li data-mce-fragment=\"1\">augsta UV aizsardz\u012bba kr\u0101sas to\u0146a aizsardz\u012bbai;<\/li>\n<li data-mce-fragment=\"1\">\u017e\u016bst UV\/LED lamp\u0101 (120 sekundes UV lamp\u0101, 60 sekundes \u2013 LED);<\/li>\n<li data-mce-fragment=\"1\">savietojams ar citu z\u012bmolu produktiem;<\/li>\n<\/ul>\n<p data-mce-fragment=\"1\">15ml\/0,5oz<\/p>\n","protected":false},"excerpt":{"rendered":"<p>Snow White Art Flake glanc\u0113ts tops M\u016bsu Snow White Art Flake virsk\u0101rta ir vienk\u0101r\u0161s veids, k\u0101 da\u017e\u0101dot savu ierasto nagu<\/p>\n","protected":false},"featured_media":5232,"template":"","meta":{"_acf_changed":false},"product_brand":[],"product_cat":[154,181],"product_tag":[182,183],"class_list":{"0":"post-7386","1":"product","2":"type-product","3":"status-publish","4":"has-post-thumbnail","6":"product_cat-luxe-gel-professional-lv","7":"product_cat-topi","8":"product_tag-rose-lv","9":"product_tag-top-lv","11":"first","12":"instock","13":"sale","14":"shipping-taxable","15":"purchasable","16":"product-type-simple"},"acf":[],"yoast_head":"<!-- This site is optimized with the Yoast SEO plugin v23.8 - https:\/\/yoast.com\/wordpress\/plugins\/seo\/ -->\n<title>SNOW WHITE ART FLAKE - TOPS BEZ LIP\u012aG\u0100 SL\u0100\u0145A - LUXE GEL PROFESSIONAL\u2122<\/title>\n<meta name=\"robots\" content=\"index, follow, max-snippet:-1, max-image-preview:large, max-video-preview:-1\" \/>\n<link rel=\"canonical\" href=\"https:\/\/luxegel.lv\/lv\/product-lv\/sniega-balta-makslas-parsla-bez-noslaucisanas-virspuses\/\" \/>\n<meta property=\"og:locale\" content=\"lv_LV\" \/>\n<meta property=\"og:type\" content=\"article\" \/>\n<meta property=\"og:title\" content=\"SNOW WHITE ART FLAKE - TOPS BEZ LIP\u012aG\u0100 SL\u0100\u0145A - LUXE GEL PROFESSIONAL\u2122\" \/>\n<meta property=\"og:description\" content=\"Snow White Art Flake glanc\u0113ts tops M\u016bsu Snow White Art Flake virsk\u0101rta ir vienk\u0101r\u0161s veids, k\u0101 da\u017e\u0101dot savu ierasto nagu\" \/>\n<meta property=\"og:url\" content=\"https:\/\/luxegel.lv\/lv\/product-lv\/sniega-balta-makslas-parsla-bez-noslaucisanas-virspuses\/\" \/>\n<meta property=\"og:site_name\" content=\"LUXE GEL PROFESSIONAL\u2122\" \/>\n<meta property=\"article:modified_time\" content=\"2025-10-24T19:08:41+00:00\" \/>\n<meta property=\"og:image\" content=\"https:\/\/luxegel.lv\/wp-content\/uploads\/2024\/01\/FullSizeRender.jpg\" \/>\n\t<meta property=\"og:image:width\" content=\"1284\" \/>\n\t<meta property=\"og:image:height\" content=\"1271\" \/>\n\t<meta property=\"og:image:type\" content=\"image\/jpeg\" \/>\n<meta name=\"twitter:card\" content=\"summary_large_image\" \/>\n<meta name=\"twitter:label1\" content=\"Est. reading time\" \/>\n\t<meta name=\"twitter:data1\" content=\"1 minute\" \/>\n<script type=\"application\/ld+json\" class=\"yoast-schema-graph\">{\"@context\":\"https:\/\/schema.org\",\"@graph\":[{\"@type\":\"WebPage\",\"@id\":\"https:\/\/luxegel.lv\/lv\/product-lv\/sniega-balta-makslas-parsla-bez-noslaucisanas-virspuses\/\",\"url\":\"https:\/\/luxegel.lv\/lv\/product-lv\/sniega-balta-makslas-parsla-bez-noslaucisanas-virspuses\/\",\"name\":\"SNOW WHITE ART FLAKE - TOPS BEZ LIP\u012aG\u0100 SL\u0100\u0145A - LUXE GEL PROFESSIONAL\u2122\",\"isPartOf\":{\"@id\":\"https:\/\/luxegel.lv\/lv\/#website\"},\"primaryImageOfPage\":{\"@id\":\"https:\/\/luxegel.lv\/lv\/product-lv\/sniega-balta-makslas-parsla-bez-noslaucisanas-virspuses\/#primaryimage\"},\"image\":{\"@id\":\"https:\/\/luxegel.lv\/lv\/product-lv\/sniega-balta-makslas-parsla-bez-noslaucisanas-virspuses\/#primaryimage\"},\"thumbnailUrl\":\"https:\/\/luxegel.lv\/wp-content\/uploads\/2024\/01\/FullSizeRender.jpg\",\"datePublished\":\"2023-09-26T18:44:07+00:00\",\"dateModified\":\"2025-10-24T19:08:41+00:00\",\"breadcrumb\":{\"@id\":\"https:\/\/luxegel.lv\/lv\/product-lv\/sniega-balta-makslas-parsla-bez-noslaucisanas-virspuses\/#breadcrumb\"},\"inLanguage\":\"lv-LV\",\"potentialAction\":[{\"@type\":\"ReadAction\",\"target\":[\"https:\/\/luxegel.lv\/lv\/product-lv\/sniega-balta-makslas-parsla-bez-noslaucisanas-virspuses\/\"]}]},{\"@type\":\"ImageObject\",\"inLanguage\":\"lv-LV\",\"@id\":\"https:\/\/luxegel.lv\/lv\/product-lv\/sniega-balta-makslas-parsla-bez-noslaucisanas-virspuses\/#primaryimage\",\"url\":\"https:\/\/luxegel.lv\/wp-content\/uploads\/2024\/01\/FullSizeRender.jpg\",\"contentUrl\":\"https:\/\/luxegel.lv\/wp-content\/uploads\/2024\/01\/FullSizeRender.jpg\",\"width\":1284,\"height\":1271},{\"@type\":\"BreadcrumbList\",\"@id\":\"https:\/\/luxegel.lv\/lv\/product-lv\/sniega-balta-makslas-parsla-bez-noslaucisanas-virspuses\/#breadcrumb\",\"itemListElement\":[{\"@type\":\"ListItem\",\"position\":1,\"name\":\"Galven\u0101\",\"item\":\"https:\/\/luxegel.lv\/lv\/\"},{\"@type\":\"ListItem\",\"position\":2,\"name\":\"Veikals\",\"item\":\"https:\/\/luxegel.lv\/lv\/veikals\/\"},{\"@type\":\"ListItem\",\"position\":3,\"name\":\"SNOW WHITE ART FLAKE &#8211; TOPS BEZ LIP\u012aG\u0100 SL\u0100\u0145A\"}]},{\"@type\":\"WebSite\",\"@id\":\"https:\/\/luxegel.lv\/lv\/#website\",\"url\":\"https:\/\/luxegel.lv\/lv\/\",\"name\":\"LUXE GEL PROFESSIONAL\u2122\",\"description\":\"is a leading nail brand on the European market. Luxe Gel currently stock over 500 products including over 350 shades of gel polish, a complete builder gel system and our famous structure base.\",\"potentialAction\":[{\"@type\":\"SearchAction\",\"target\":{\"@type\":\"EntryPoint\",\"urlTemplate\":\"https:\/\/luxegel.lv\/lv\/?s={search_term_string}\"},\"query-input\":{\"@type\":\"PropertyValueSpecification\",\"valueRequired\":true,\"valueName\":\"search_term_string\"}}],\"inLanguage\":\"lv-LV\"}]}<\/script>\n<!-- \/ Yoast SEO plugin. -->","yoast_head_json":{"title":"SNOW WHITE ART FLAKE - TOPS BEZ LIP\u012aG\u0100 SL\u0100\u0145A - LUXE GEL PROFESSIONAL\u2122","robots":{"index":"index","follow":"follow","max-snippet":"max-snippet:-1","max-image-preview":"max-image-preview:large","max-video-preview":"max-video-preview:-1"},"canonical":"https:\/\/luxegel.lv\/lv\/product-lv\/sniega-balta-makslas-parsla-bez-noslaucisanas-virspuses\/","og_locale":"lv_LV","og_type":"article","og_title":"SNOW WHITE ART FLAKE - TOPS BEZ LIP\u012aG\u0100 SL\u0100\u0145A - LUXE GEL PROFESSIONAL\u2122","og_description":"Snow White Art Flake glanc\u0113ts tops M\u016bsu Snow White Art Flake virsk\u0101rta ir vienk\u0101r\u0161s veids, k\u0101 da\u017e\u0101dot savu ierasto nagu","og_url":"https:\/\/luxegel.lv\/lv\/product-lv\/sniega-balta-makslas-parsla-bez-noslaucisanas-virspuses\/","og_site_name":"LUXE GEL PROFESSIONAL\u2122","article_modified_time":"2025-10-24T19:08:41+00:00","og_image":[{"width":1284,"height":1271,"url":"https:\/\/luxegel.lv\/wp-content\/uploads\/2024\/01\/FullSizeRender.jpg","type":"image\/jpeg"}],"twitter_card":"summary_large_image","twitter_misc":{"Est. reading time":"1 minute"},"schema":{"@context":"https:\/\/schema.org","@graph":[{"@type":"WebPage","@id":"https:\/\/luxegel.lv\/lv\/product-lv\/sniega-balta-makslas-parsla-bez-noslaucisanas-virspuses\/","url":"https:\/\/luxegel.lv\/lv\/product-lv\/sniega-balta-makslas-parsla-bez-noslaucisanas-virspuses\/","name":"SNOW WHITE ART FLAKE - TOPS BEZ LIP\u012aG\u0100 SL\u0100\u0145A - LUXE GEL PROFESSIONAL\u2122","isPartOf":{"@id":"https:\/\/luxegel.lv\/lv\/#website"},"primaryImageOfPage":{"@id":"https:\/\/luxegel.lv\/lv\/product-lv\/sniega-balta-makslas-parsla-bez-noslaucisanas-virspuses\/#primaryimage"},"image":{"@id":"https:\/\/luxegel.lv\/lv\/product-lv\/sniega-balta-makslas-parsla-bez-noslaucisanas-virspuses\/#primaryimage"},"thumbnailUrl":"https:\/\/luxegel.lv\/wp-content\/uploads\/2024\/01\/FullSizeRender.jpg","datePublished":"2023-09-26T18:44:07+00:00","dateModified":"2025-10-24T19:08:41+00:00","breadcrumb":{"@id":"https:\/\/luxegel.lv\/lv\/product-lv\/sniega-balta-makslas-parsla-bez-noslaucisanas-virspuses\/#breadcrumb"},"inLanguage":"lv-LV","potentialAction":[{"@type":"ReadAction","target":["https:\/\/luxegel.lv\/lv\/product-lv\/sniega-balta-makslas-parsla-bez-noslaucisanas-virspuses\/"]}]},{"@type":"ImageObject","inLanguage":"lv-LV","@id":"https:\/\/luxegel.lv\/lv\/product-lv\/sniega-balta-makslas-parsla-bez-noslaucisanas-virspuses\/#primaryimage","url":"https:\/\/luxegel.lv\/wp-content\/uploads\/2024\/01\/FullSizeRender.jpg","contentUrl":"https:\/\/luxegel.lv\/wp-content\/uploads\/2024\/01\/FullSizeRender.jpg","width":1284,"height":1271},{"@type":"BreadcrumbList","@id":"https:\/\/luxegel.lv\/lv\/product-lv\/sniega-balta-makslas-parsla-bez-noslaucisanas-virspuses\/#breadcrumb","itemListElement":[{"@type":"ListItem","position":1,"name":"Galven\u0101","item":"https:\/\/luxegel.lv\/lv\/"},{"@type":"ListItem","position":2,"name":"Veikals","item":"https:\/\/luxegel.lv\/lv\/veikals\/"},{"@type":"ListItem","position":3,"name":"SNOW WHITE ART FLAKE &#8211; TOPS BEZ LIP\u012aG\u0100 SL\u0100\u0145A"}]},{"@type":"WebSite","@id":"https:\/\/luxegel.lv\/lv\/#website","url":"https:\/\/luxegel.lv\/lv\/","name":"LUXE GEL PROFESSIONAL\u2122","description":"is a leading nail brand on the European market. Luxe Gel currently stock over 500 products including over 350 shades of gel polish, a complete builder gel system and our famous structure base.","potentialAction":[{"@type":"SearchAction","target":{"@type":"EntryPoint","urlTemplate":"https:\/\/luxegel.lv\/lv\/?s={search_term_string}"},"query-input":{"@type":"PropertyValueSpecification","valueRequired":true,"valueName":"search_term_string"}}],"inLanguage":"lv-LV"}]}},"_links":{"self":[{"href":"https:\/\/luxegel.lv\/lv\/wp-json\/wp\/v2\/product\/7386","targetHints":{"allow":["GET"]}}],"collection":[{"href":"https:\/\/luxegel.lv\/lv\/wp-json\/wp\/v2\/product"}],"about":[{"href":"https:\/\/luxegel.lv\/lv\/wp-json\/wp\/v2\/types\/product"}],"version-history":[{"count":1,"href":"https:\/\/luxegel.lv\/lv\/wp-json\/wp\/v2\/product\/7386\/revisions"}],"predecessor-version":[{"id":15104,"href":"https:\/\/luxegel.lv\/lv\/wp-json\/wp\/v2\/product\/7386\/revisions\/15104"}],"wp:featuredmedia":[{"embeddable":true,"href":"https:\/\/luxegel.lv\/lv\/wp-json\/wp\/v2\/media\/5232"}],"wp:attachment":[{"href":"https:\/\/luxegel.lv\/lv\/wp-json\/wp\/v2\/media?parent=7386"}],"wp:term":[{"taxonomy":"product_brand","embeddable":true,"href":"https:\/\/luxegel.lv\/lv\/wp-json\/wp\/v2\/product_brand?post=7386"},{"taxonomy":"product_cat","embeddable":true,"href":"https:\/\/luxegel.lv\/lv\/wp-json\/wp\/v2\/product_cat?post=7386"},{"taxonomy":"product_tag","embeddable":true,"href":"https:\/\/luxegel.lv\/lv\/wp-json\/wp\/v2\/product_tag?post=7386"}],"curies":[{"name":"wp","href":"https:\/\/api.w.org\/{rel}","templated":true}]}}