{"id":7379,"date":"2023-11-21T13:32:13","date_gmt":"2023-11-21T13:32:13","guid":{"rendered":"https:\/\/luxegel.lv\/product\/zvaigznu-laiks\/"},"modified":"2026-02-04T12:26:25","modified_gmt":"2026-02-04T12:26:25","slug":"star-time","status":"publish","type":"product","link":"https:\/\/luxegel.lv\/lv\/product-lv\/star-time\/","title":{"rendered":"STAR TIME"},"content":{"rendered":"<div id=\"shopify-section-template--20615746978069__48eb4292-5c99-4d26-b941-c8d92cf3e482\" class=\"shopify-section index-section\">\n<div class=\"section--divider\">\n<div class=\"text-center page-width page-width--narrow\">\n<div class=\"theme-block\">\n<div class=\"rte\">\n<div id=\"handmadeArtisanCard_feature_div-modal\" class=\"celwidget\" data-cel-widget=\"handmadeArtisanCard_feature_div\" data-csa-c-id=\"bi6vo9-xhtnao-rg2pnr-enrsym\" data-csa-c-is-in-initial-active-row=\"false\" data-csa-c-asin=\"B0CHSK3YS5\" data-csa-c-slot-id=\"handmadeArtisanCard_feature_div\" data-csa-c-content-id=\"handmadeArtisanCard\" data-csa-c-type=\"widget\" data-feature-name=\"handmadeArtisanCard\"><strong>IDE\u0100LA GLITERU G\u0112LA LAKA ZIEMASSV\u0112TKIEM<\/strong><\/div>\n<div class=\"celwidget\" data-cel-widget=\"handmadeArtisanCard_feature_div\" data-csa-c-id=\"bi6vo9-xhtnao-rg2pnr-enrsym\" data-csa-c-is-in-initial-active-row=\"false\" data-csa-c-asin=\"B0CHSK3YS5\" data-csa-c-slot-id=\"handmadeArtisanCard_feature_div\" data-csa-c-content-id=\"handmadeArtisanCard\" data-csa-c-type=\"widget\" data-feature-name=\"handmadeArtisanCard\"><\/div>\n<div class=\"celwidget\" data-cel-widget=\"handmadeArtisanCard_feature_div\" data-csa-c-id=\"bi6vo9-xhtnao-rg2pnr-enrsym\" data-csa-c-is-in-initial-active-row=\"false\" data-csa-c-asin=\"B0CHSK3YS5\" data-csa-c-slot-id=\"handmadeArtisanCard_feature_div\" data-csa-c-content-id=\"handmadeArtisanCard\" data-csa-c-type=\"widget\" data-feature-name=\"handmadeArtisanCard\">Esi gatava \u017eilbin\u0101t ar \u0161o mirdzo\u0161o g\u0113la laku! Veido satrieco\u0161us nagu dizainus sv\u0113tku sezon\u0101 vai pasniedz Star Time g\u0113la laku k\u0101 lielisku Ziemassv\u0113tku d\u0101vanu.<\/div>\n<div class=\"celwidget\" data-cel-widget=\"handmadeArtisanCard_feature_div\" data-csa-c-id=\"bi6vo9-xhtnao-rg2pnr-enrsym\" data-csa-c-is-in-initial-active-row=\"false\" data-csa-c-asin=\"B0CHSK3YS5\" data-csa-c-slot-id=\"handmadeArtisanCard_feature_div\" data-csa-c-content-id=\"handmadeArtisanCard\" data-csa-c-type=\"widget\" data-feature-name=\"handmadeArtisanCard\"><\/div>\n<\/div>\n<\/div>\n<\/div>\n<\/div>\n<\/div>\n<p><strong>Galven\u0101s \u012bpa\u0161\u012bbas:<\/strong><\/p>\n<p>\u2013 Profesion\u0101las kvalit\u0101tes, \u0101dai draudz\u012bga g\u0113la sist\u0113ma BEZ TPO<\/p>\n<p>\u2013 100% g\u0113la formula: bag\u0101t\u012bgs, salona kvalit\u0101tes p\u0101rkl\u0101jums katr\u0101 lieto\u0161anas reiz\u0113.<\/p>\n<p>\u2013 Ilgsto\u0161a notur\u012bba vair\u0101k nek\u0101 20 dienas bez izbal\u0113\u0161anas.<\/p>\n<p>\u2013 Vienk\u0101r\u0161a uzkl\u0101\u0161ana, bez skr\u0101p\u0113jumiem, at\u0161\u0137el\u0161an\u0101s vai izsm\u0113r\u0113\u0161an\u0101s.<\/p>\n<p>\u2013 Bez smar\u017eas: izbaudiet svaigu uzkl\u0101\u0161anas pieredzi.<\/p>\n<p>\u2013 Nav test\u0113ts uz dz\u012bvniekiem un ir videi draudz\u012bgs.<\/p>\n<p>\u2013 Sertific\u0113ts un p\u0101rbaud\u012bts: atbilst augst\u0101kajiem kvalit\u0101tes standartiem.<span class=\"Apple-converted-space\">\u00a0<\/span><\/p>\n<p>\u2013 Saciet\u0113 60 sekund\u0113s (LED) \/ 99 sekund\u0113s (zema temperat\u016bra) \u2013 \u0101tra un elast\u012bga \u017e\u016b\u0161ana<span class=\"Apple-converted-space\">\u00a0<\/span><\/p>\n<p>\u2013 Ilgsto\u0161s un notur\u012bgs rezult\u0101ts.<\/p>\n<p><strong>Sast\u0101vda\u013cas:<\/strong><\/p>\n<p>Acrylates Copolymer<\/p>\n<p>2-Hydroxyethyl Methacrylate<\/p>\n<p>Isopropyl Alcohol<\/p>\n<p>Hydroxycyclohexyl Phenyl Ketone<\/p>\n<p>Hydroxypropyl methacrylate<\/p>\n<p>Dimethicone<\/p>\n<p>Pigment<\/p>\n<p><strong>Tilpums: <\/strong><\/p>\n<p>15 ml (0,5 fl. oz)<\/p>\n","protected":false},"excerpt":{"rendered":"<p>IDE\u0100LA GLITERU G\u0112LA LAKA ZIEMASSV\u0112TKIEM Esi gatava \u017eilbin\u0101t ar \u0161o mirdzo\u0161o g\u0113la laku! Veido satrieco\u0161us nagu dizainus sv\u0113tku sezon\u0101 vai<\/p>\n","protected":false},"featured_media":5270,"template":"","meta":{"_acf_changed":false,"om_disable_all_campaigns":false},"product_brand":[],"product_cat":[157,154,507,501],"product_tag":[164],"class_list":{"0":"post-7379","1":"product","2":"type-product","3":"status-publish","4":"has-post-thumbnail","6":"product_cat-gela-lakas","7":"product_cat-luxe-gel-professional-lv","8":"product_cat-toni-ar-gliteriem","9":"product_cat-visi-toni","10":"product_tag-dark-lv","12":"first","13":"instock","14":"shipping-taxable","15":"purchasable","16":"product-type-simple"},"acf":[],"yoast_head":"<!-- This site is optimized with the Yoast SEO plugin v23.8 - https:\/\/yoast.com\/wordpress\/plugins\/seo\/ -->\n<title>STAR TIME - LUXE GEL PROFESSIONAL\u2122<\/title>\n<meta name=\"robots\" content=\"index, follow, max-snippet:-1, max-image-preview:large, max-video-preview:-1\" \/>\n<link rel=\"canonical\" href=\"https:\/\/luxegel.lv\/lv\/product-lv\/star-time\/\" \/>\n<meta property=\"og:locale\" content=\"lv_LV\" \/>\n<meta property=\"og:type\" content=\"article\" \/>\n<meta property=\"og:title\" content=\"STAR TIME - LUXE GEL PROFESSIONAL\u2122\" \/>\n<meta property=\"og:description\" content=\"IDE\u0100LA GLITERU G\u0112LA LAKA ZIEMASSV\u0112TKIEM Esi gatava \u017eilbin\u0101t ar \u0161o mirdzo\u0161o g\u0113la laku! Veido satrieco\u0161us nagu dizainus sv\u0113tku sezon\u0101 vai\" \/>\n<meta property=\"og:url\" content=\"https:\/\/luxegel.lv\/lv\/product-lv\/star-time\/\" \/>\n<meta property=\"og:site_name\" content=\"LUXE GEL PROFESSIONAL\u2122\" \/>\n<meta property=\"article:modified_time\" content=\"2026-02-04T12:26:25+00:00\" \/>\n<meta property=\"og:image\" content=\"https:\/\/luxegel.lv\/wp-content\/uploads\/2024\/01\/WhatsAppImage2023-11-21at13.26.39.jpg\" \/>\n\t<meta property=\"og:image:width\" content=\"1284\" \/>\n\t<meta property=\"og:image:height\" content=\"1438\" \/>\n\t<meta property=\"og:image:type\" content=\"image\/jpeg\" \/>\n<meta name=\"twitter:card\" content=\"summary_large_image\" \/>\n<meta name=\"twitter:label1\" content=\"Est. reading time\" \/>\n\t<meta name=\"twitter:data1\" content=\"1 minute\" \/>\n<script type=\"application\/ld+json\" class=\"yoast-schema-graph\">{\"@context\":\"https:\/\/schema.org\",\"@graph\":[{\"@type\":\"WebPage\",\"@id\":\"https:\/\/luxegel.lv\/lv\/product-lv\/star-time\/\",\"url\":\"https:\/\/luxegel.lv\/lv\/product-lv\/star-time\/\",\"name\":\"STAR TIME - LUXE GEL PROFESSIONAL\u2122\",\"isPartOf\":{\"@id\":\"https:\/\/luxegel.lv\/lv\/#website\"},\"primaryImageOfPage\":{\"@id\":\"https:\/\/luxegel.lv\/lv\/product-lv\/star-time\/#primaryimage\"},\"image\":{\"@id\":\"https:\/\/luxegel.lv\/lv\/product-lv\/star-time\/#primaryimage\"},\"thumbnailUrl\":\"https:\/\/luxegel.lv\/wp-content\/uploads\/2024\/01\/WhatsAppImage2023-11-21at13.26.39.jpg\",\"datePublished\":\"2023-11-21T13:32:13+00:00\",\"dateModified\":\"2026-02-04T12:26:25+00:00\",\"breadcrumb\":{\"@id\":\"https:\/\/luxegel.lv\/lv\/product-lv\/star-time\/#breadcrumb\"},\"inLanguage\":\"lv-LV\",\"potentialAction\":[{\"@type\":\"ReadAction\",\"target\":[\"https:\/\/luxegel.lv\/lv\/product-lv\/star-time\/\"]}]},{\"@type\":\"ImageObject\",\"inLanguage\":\"lv-LV\",\"@id\":\"https:\/\/luxegel.lv\/lv\/product-lv\/star-time\/#primaryimage\",\"url\":\"https:\/\/luxegel.lv\/wp-content\/uploads\/2024\/01\/WhatsAppImage2023-11-21at13.26.39.jpg\",\"contentUrl\":\"https:\/\/luxegel.lv\/wp-content\/uploads\/2024\/01\/WhatsAppImage2023-11-21at13.26.39.jpg\",\"width\":1284,\"height\":1438},{\"@type\":\"BreadcrumbList\",\"@id\":\"https:\/\/luxegel.lv\/lv\/product-lv\/star-time\/#breadcrumb\",\"itemListElement\":[{\"@type\":\"ListItem\",\"position\":1,\"name\":\"Galven\u0101\",\"item\":\"https:\/\/luxegel.lv\/lv\/\"},{\"@type\":\"ListItem\",\"position\":2,\"name\":\"Veikals\",\"item\":\"https:\/\/luxegel.lv\/lv\/veikals\/\"},{\"@type\":\"ListItem\",\"position\":3,\"name\":\"STAR TIME\"}]},{\"@type\":\"WebSite\",\"@id\":\"https:\/\/luxegel.lv\/lv\/#website\",\"url\":\"https:\/\/luxegel.lv\/lv\/\",\"name\":\"LUXE GEL PROFESSIONAL\u2122\",\"description\":\"is a leading nail brand on the European market. Luxe Gel currently stock over 500 products including over 350 shades of gel polish, a complete builder gel system and our famous structure base.\",\"potentialAction\":[{\"@type\":\"SearchAction\",\"target\":{\"@type\":\"EntryPoint\",\"urlTemplate\":\"https:\/\/luxegel.lv\/lv\/?s={search_term_string}\"},\"query-input\":{\"@type\":\"PropertyValueSpecification\",\"valueRequired\":true,\"valueName\":\"search_term_string\"}}],\"inLanguage\":\"lv-LV\"}]}<\/script>\n<!-- \/ Yoast SEO plugin. -->","yoast_head_json":{"title":"STAR TIME - LUXE GEL PROFESSIONAL\u2122","robots":{"index":"index","follow":"follow","max-snippet":"max-snippet:-1","max-image-preview":"max-image-preview:large","max-video-preview":"max-video-preview:-1"},"canonical":"https:\/\/luxegel.lv\/lv\/product-lv\/star-time\/","og_locale":"lv_LV","og_type":"article","og_title":"STAR TIME - LUXE GEL PROFESSIONAL\u2122","og_description":"IDE\u0100LA GLITERU G\u0112LA LAKA ZIEMASSV\u0112TKIEM Esi gatava \u017eilbin\u0101t ar \u0161o mirdzo\u0161o g\u0113la laku! Veido satrieco\u0161us nagu dizainus sv\u0113tku sezon\u0101 vai","og_url":"https:\/\/luxegel.lv\/lv\/product-lv\/star-time\/","og_site_name":"LUXE GEL PROFESSIONAL\u2122","article_modified_time":"2026-02-04T12:26:25+00:00","og_image":[{"width":1284,"height":1438,"url":"https:\/\/luxegel.lv\/wp-content\/uploads\/2024\/01\/WhatsAppImage2023-11-21at13.26.39.jpg","type":"image\/jpeg"}],"twitter_card":"summary_large_image","twitter_misc":{"Est. reading time":"1 minute"},"schema":{"@context":"https:\/\/schema.org","@graph":[{"@type":"WebPage","@id":"https:\/\/luxegel.lv\/lv\/product-lv\/star-time\/","url":"https:\/\/luxegel.lv\/lv\/product-lv\/star-time\/","name":"STAR TIME - LUXE GEL PROFESSIONAL\u2122","isPartOf":{"@id":"https:\/\/luxegel.lv\/lv\/#website"},"primaryImageOfPage":{"@id":"https:\/\/luxegel.lv\/lv\/product-lv\/star-time\/#primaryimage"},"image":{"@id":"https:\/\/luxegel.lv\/lv\/product-lv\/star-time\/#primaryimage"},"thumbnailUrl":"https:\/\/luxegel.lv\/wp-content\/uploads\/2024\/01\/WhatsAppImage2023-11-21at13.26.39.jpg","datePublished":"2023-11-21T13:32:13+00:00","dateModified":"2026-02-04T12:26:25+00:00","breadcrumb":{"@id":"https:\/\/luxegel.lv\/lv\/product-lv\/star-time\/#breadcrumb"},"inLanguage":"lv-LV","potentialAction":[{"@type":"ReadAction","target":["https:\/\/luxegel.lv\/lv\/product-lv\/star-time\/"]}]},{"@type":"ImageObject","inLanguage":"lv-LV","@id":"https:\/\/luxegel.lv\/lv\/product-lv\/star-time\/#primaryimage","url":"https:\/\/luxegel.lv\/wp-content\/uploads\/2024\/01\/WhatsAppImage2023-11-21at13.26.39.jpg","contentUrl":"https:\/\/luxegel.lv\/wp-content\/uploads\/2024\/01\/WhatsAppImage2023-11-21at13.26.39.jpg","width":1284,"height":1438},{"@type":"BreadcrumbList","@id":"https:\/\/luxegel.lv\/lv\/product-lv\/star-time\/#breadcrumb","itemListElement":[{"@type":"ListItem","position":1,"name":"Galven\u0101","item":"https:\/\/luxegel.lv\/lv\/"},{"@type":"ListItem","position":2,"name":"Veikals","item":"https:\/\/luxegel.lv\/lv\/veikals\/"},{"@type":"ListItem","position":3,"name":"STAR TIME"}]},{"@type":"WebSite","@id":"https:\/\/luxegel.lv\/lv\/#website","url":"https:\/\/luxegel.lv\/lv\/","name":"LUXE GEL PROFESSIONAL\u2122","description":"is a leading nail brand on the European market. Luxe Gel currently stock over 500 products including over 350 shades of gel polish, a complete builder gel system and our famous structure base.","potentialAction":[{"@type":"SearchAction","target":{"@type":"EntryPoint","urlTemplate":"https:\/\/luxegel.lv\/lv\/?s={search_term_string}"},"query-input":{"@type":"PropertyValueSpecification","valueRequired":true,"valueName":"search_term_string"}}],"inLanguage":"lv-LV"}]}},"_links":{"self":[{"href":"https:\/\/luxegel.lv\/lv\/wp-json\/wp\/v2\/product\/7379","targetHints":{"allow":["GET"]}}],"collection":[{"href":"https:\/\/luxegel.lv\/lv\/wp-json\/wp\/v2\/product"}],"about":[{"href":"https:\/\/luxegel.lv\/lv\/wp-json\/wp\/v2\/types\/product"}],"version-history":[{"count":1,"href":"https:\/\/luxegel.lv\/lv\/wp-json\/wp\/v2\/product\/7379\/revisions"}],"predecessor-version":[{"id":19903,"href":"https:\/\/luxegel.lv\/lv\/wp-json\/wp\/v2\/product\/7379\/revisions\/19903"}],"wp:featuredmedia":[{"embeddable":true,"href":"https:\/\/luxegel.lv\/lv\/wp-json\/wp\/v2\/media\/5270"}],"wp:attachment":[{"href":"https:\/\/luxegel.lv\/lv\/wp-json\/wp\/v2\/media?parent=7379"}],"wp:term":[{"taxonomy":"product_brand","embeddable":true,"href":"https:\/\/luxegel.lv\/lv\/wp-json\/wp\/v2\/product_brand?post=7379"},{"taxonomy":"product_cat","embeddable":true,"href":"https:\/\/luxegel.lv\/lv\/wp-json\/wp\/v2\/product_cat?post=7379"},{"taxonomy":"product_tag","embeddable":true,"href":"https:\/\/luxegel.lv\/lv\/wp-json\/wp\/v2\/product_tag?post=7379"}],"curies":[{"name":"wp","href":"https:\/\/api.w.org\/{rel}","templated":true}]}}