{"id":7356,"date":"2023-11-24T08:34:32","date_gmt":"2023-11-24T08:34:32","guid":{"rendered":"https:\/\/luxegel.lv\/product\/luxe-academy-davanu-karte\/"},"modified":"2024-09-23T13:17:59","modified_gmt":"2024-09-23T13:17:59","slug":"luxe-academy-davanu-karte","status":"publish","type":"product","link":"https:\/\/luxegel.lv\/lv\/product-lv\/luxe-academy-davanu-karte\/","title":{"rendered":"LUXE ACADEMY D\u0100VANU KARTE"},"content":{"rendered":"<p data-mce-fragment=\"1\"><strong data-mce-fragment=\"1\">VAR IZMANTOT TIKAI KURSIEM<\/strong><\/p>\n<p data-mce-fragment=\"1\">\n<p data-mce-fragment=\"1\"><span data-mce-fragment=\"1\">Ja m\u0113\u0123in\u0101siet izmantot \u0161os kuponus produktiem, j\u016bsu pas\u016bt\u012bjums tiks atcelts.<\/span><\/p>\n","protected":false},"excerpt":{"rendered":"<p>VAR IZMANTOT TIKAI KURSIEM Ja m\u0113\u0123in\u0101siet izmantot \u0161os kuponus produktiem, j\u016bsu pas\u016bt\u012bjums tiks atcelts.<\/p>\n","protected":false},"featured_media":4462,"template":"","meta":{"_acf_changed":false,"om_disable_all_campaigns":false},"product_brand":[],"product_cat":[154],"product_tag":[],"class_list":{"0":"post-7356","1":"product","2":"type-product","3":"status-publish","4":"has-post-thumbnail","6":"product_cat-luxe-gel-professional-lv","8":"first","9":"instock","10":"shipping-taxable","11":"purchasable","12":"product-type-variable"},"acf":[],"yoast_head":"<!-- This site is optimized with the Yoast SEO plugin v23.8 - https:\/\/yoast.com\/wordpress\/plugins\/seo\/ -->\n<title>LUXE ACADEMY D\u0100VANU KARTE - LUXE GEL PROFESSIONAL\u2122<\/title>\n<meta name=\"robots\" content=\"index, follow, max-snippet:-1, max-image-preview:large, max-video-preview:-1\" \/>\n<link rel=\"canonical\" href=\"https:\/\/luxegel.lv\/lv\/product-lv\/luxe-academy-davanu-karte\/\" \/>\n<meta property=\"og:locale\" content=\"lv_LV\" \/>\n<meta property=\"og:type\" content=\"article\" \/>\n<meta property=\"og:title\" content=\"LUXE ACADEMY D\u0100VANU KARTE - LUXE GEL PROFESSIONAL\u2122\" \/>\n<meta property=\"og:description\" content=\"VAR IZMANTOT TIKAI KURSIEM Ja m\u0113\u0123in\u0101siet izmantot \u0161os kuponus produktiem, j\u016bsu pas\u016bt\u012bjums tiks atcelts.\" \/>\n<meta property=\"og:url\" content=\"https:\/\/luxegel.lv\/lv\/product-lv\/luxe-academy-davanu-karte\/\" \/>\n<meta property=\"og:site_name\" content=\"LUXE GEL PROFESSIONAL\u2122\" \/>\n<meta property=\"article:modified_time\" content=\"2024-09-23T13:17:59+00:00\" \/>\n<meta property=\"og:image\" content=\"https:\/\/luxegel.lv\/wp-content\/uploads\/2024\/01\/IMG_4258-removebg-preview_26d6056a-1a60-4cdb-9f23-8529d6042e4b.png\" \/>\n\t<meta property=\"og:image:width\" content=\"466\" \/>\n\t<meta property=\"og:image:height\" content=\"536\" \/>\n\t<meta property=\"og:image:type\" content=\"image\/png\" \/>\n<meta name=\"twitter:card\" content=\"summary_large_image\" \/>\n<script type=\"application\/ld+json\" class=\"yoast-schema-graph\">{\"@context\":\"https:\/\/schema.org\",\"@graph\":[{\"@type\":\"WebPage\",\"@id\":\"https:\/\/luxegel.lv\/lv\/product-lv\/luxe-academy-davanu-karte\/\",\"url\":\"https:\/\/luxegel.lv\/lv\/product-lv\/luxe-academy-davanu-karte\/\",\"name\":\"LUXE ACADEMY D\u0100VANU KARTE - LUXE GEL PROFESSIONAL\u2122\",\"isPartOf\":{\"@id\":\"https:\/\/luxegel.lv\/lv\/#website\"},\"primaryImageOfPage\":{\"@id\":\"https:\/\/luxegel.lv\/lv\/product-lv\/luxe-academy-davanu-karte\/#primaryimage\"},\"image\":{\"@id\":\"https:\/\/luxegel.lv\/lv\/product-lv\/luxe-academy-davanu-karte\/#primaryimage\"},\"thumbnailUrl\":\"https:\/\/luxegel.lv\/wp-content\/uploads\/2024\/01\/IMG_4258-removebg-preview_26d6056a-1a60-4cdb-9f23-8529d6042e4b.png\",\"datePublished\":\"2023-11-24T08:34:32+00:00\",\"dateModified\":\"2024-09-23T13:17:59+00:00\",\"breadcrumb\":{\"@id\":\"https:\/\/luxegel.lv\/lv\/product-lv\/luxe-academy-davanu-karte\/#breadcrumb\"},\"inLanguage\":\"lv-LV\",\"potentialAction\":[{\"@type\":\"ReadAction\",\"target\":[\"https:\/\/luxegel.lv\/lv\/product-lv\/luxe-academy-davanu-karte\/\"]}]},{\"@type\":\"ImageObject\",\"inLanguage\":\"lv-LV\",\"@id\":\"https:\/\/luxegel.lv\/lv\/product-lv\/luxe-academy-davanu-karte\/#primaryimage\",\"url\":\"https:\/\/luxegel.lv\/wp-content\/uploads\/2024\/01\/IMG_4258-removebg-preview_26d6056a-1a60-4cdb-9f23-8529d6042e4b.png\",\"contentUrl\":\"https:\/\/luxegel.lv\/wp-content\/uploads\/2024\/01\/IMG_4258-removebg-preview_26d6056a-1a60-4cdb-9f23-8529d6042e4b.png\",\"width\":466,\"height\":536},{\"@type\":\"BreadcrumbList\",\"@id\":\"https:\/\/luxegel.lv\/lv\/product-lv\/luxe-academy-davanu-karte\/#breadcrumb\",\"itemListElement\":[{\"@type\":\"ListItem\",\"position\":1,\"name\":\"Galven\u0101\",\"item\":\"https:\/\/luxegel.lv\/lv\/\"},{\"@type\":\"ListItem\",\"position\":2,\"name\":\"Veikals\",\"item\":\"https:\/\/luxegel.lv\/lv\/veikals\/\"},{\"@type\":\"ListItem\",\"position\":3,\"name\":\"LUXE ACADEMY D\u0100VANU KARTE\"}]},{\"@type\":\"WebSite\",\"@id\":\"https:\/\/luxegel.lv\/lv\/#website\",\"url\":\"https:\/\/luxegel.lv\/lv\/\",\"name\":\"LUXE GEL PROFESSIONAL\u2122\",\"description\":\"is a leading nail brand on the European market. Luxe Gel currently stock over 500 products including over 350 shades of gel polish, a complete builder gel system and our famous structure base.\",\"potentialAction\":[{\"@type\":\"SearchAction\",\"target\":{\"@type\":\"EntryPoint\",\"urlTemplate\":\"https:\/\/luxegel.lv\/lv\/?s={search_term_string}\"},\"query-input\":{\"@type\":\"PropertyValueSpecification\",\"valueRequired\":true,\"valueName\":\"search_term_string\"}}],\"inLanguage\":\"lv-LV\"}]}<\/script>\n<!-- \/ Yoast SEO plugin. -->","yoast_head_json":{"title":"LUXE ACADEMY D\u0100VANU KARTE - LUXE GEL PROFESSIONAL\u2122","robots":{"index":"index","follow":"follow","max-snippet":"max-snippet:-1","max-image-preview":"max-image-preview:large","max-video-preview":"max-video-preview:-1"},"canonical":"https:\/\/luxegel.lv\/lv\/product-lv\/luxe-academy-davanu-karte\/","og_locale":"lv_LV","og_type":"article","og_title":"LUXE ACADEMY D\u0100VANU KARTE - LUXE GEL PROFESSIONAL\u2122","og_description":"VAR IZMANTOT TIKAI KURSIEM Ja m\u0113\u0123in\u0101siet izmantot \u0161os kuponus produktiem, j\u016bsu pas\u016bt\u012bjums tiks atcelts.","og_url":"https:\/\/luxegel.lv\/lv\/product-lv\/luxe-academy-davanu-karte\/","og_site_name":"LUXE GEL PROFESSIONAL\u2122","article_modified_time":"2024-09-23T13:17:59+00:00","og_image":[{"width":466,"height":536,"url":"https:\/\/luxegel.lv\/wp-content\/uploads\/2024\/01\/IMG_4258-removebg-preview_26d6056a-1a60-4cdb-9f23-8529d6042e4b.png","type":"image\/png"}],"twitter_card":"summary_large_image","schema":{"@context":"https:\/\/schema.org","@graph":[{"@type":"WebPage","@id":"https:\/\/luxegel.lv\/lv\/product-lv\/luxe-academy-davanu-karte\/","url":"https:\/\/luxegel.lv\/lv\/product-lv\/luxe-academy-davanu-karte\/","name":"LUXE ACADEMY D\u0100VANU KARTE - LUXE GEL PROFESSIONAL\u2122","isPartOf":{"@id":"https:\/\/luxegel.lv\/lv\/#website"},"primaryImageOfPage":{"@id":"https:\/\/luxegel.lv\/lv\/product-lv\/luxe-academy-davanu-karte\/#primaryimage"},"image":{"@id":"https:\/\/luxegel.lv\/lv\/product-lv\/luxe-academy-davanu-karte\/#primaryimage"},"thumbnailUrl":"https:\/\/luxegel.lv\/wp-content\/uploads\/2024\/01\/IMG_4258-removebg-preview_26d6056a-1a60-4cdb-9f23-8529d6042e4b.png","datePublished":"2023-11-24T08:34:32+00:00","dateModified":"2024-09-23T13:17:59+00:00","breadcrumb":{"@id":"https:\/\/luxegel.lv\/lv\/product-lv\/luxe-academy-davanu-karte\/#breadcrumb"},"inLanguage":"lv-LV","potentialAction":[{"@type":"ReadAction","target":["https:\/\/luxegel.lv\/lv\/product-lv\/luxe-academy-davanu-karte\/"]}]},{"@type":"ImageObject","inLanguage":"lv-LV","@id":"https:\/\/luxegel.lv\/lv\/product-lv\/luxe-academy-davanu-karte\/#primaryimage","url":"https:\/\/luxegel.lv\/wp-content\/uploads\/2024\/01\/IMG_4258-removebg-preview_26d6056a-1a60-4cdb-9f23-8529d6042e4b.png","contentUrl":"https:\/\/luxegel.lv\/wp-content\/uploads\/2024\/01\/IMG_4258-removebg-preview_26d6056a-1a60-4cdb-9f23-8529d6042e4b.png","width":466,"height":536},{"@type":"BreadcrumbList","@id":"https:\/\/luxegel.lv\/lv\/product-lv\/luxe-academy-davanu-karte\/#breadcrumb","itemListElement":[{"@type":"ListItem","position":1,"name":"Galven\u0101","item":"https:\/\/luxegel.lv\/lv\/"},{"@type":"ListItem","position":2,"name":"Veikals","item":"https:\/\/luxegel.lv\/lv\/veikals\/"},{"@type":"ListItem","position":3,"name":"LUXE ACADEMY D\u0100VANU KARTE"}]},{"@type":"WebSite","@id":"https:\/\/luxegel.lv\/lv\/#website","url":"https:\/\/luxegel.lv\/lv\/","name":"LUXE GEL PROFESSIONAL\u2122","description":"is a leading nail brand on the European market. Luxe Gel currently stock over 500 products including over 350 shades of gel polish, a complete builder gel system and our famous structure base.","potentialAction":[{"@type":"SearchAction","target":{"@type":"EntryPoint","urlTemplate":"https:\/\/luxegel.lv\/lv\/?s={search_term_string}"},"query-input":{"@type":"PropertyValueSpecification","valueRequired":true,"valueName":"search_term_string"}}],"inLanguage":"lv-LV"}]}},"_links":{"self":[{"href":"https:\/\/luxegel.lv\/lv\/wp-json\/wp\/v2\/product\/7356","targetHints":{"allow":["GET"]}}],"collection":[{"href":"https:\/\/luxegel.lv\/lv\/wp-json\/wp\/v2\/product"}],"about":[{"href":"https:\/\/luxegel.lv\/lv\/wp-json\/wp\/v2\/types\/product"}],"version-history":[{"count":0,"href":"https:\/\/luxegel.lv\/lv\/wp-json\/wp\/v2\/product\/7356\/revisions"}],"wp:featuredmedia":[{"embeddable":true,"href":"https:\/\/luxegel.lv\/lv\/wp-json\/wp\/v2\/media\/4462"}],"wp:attachment":[{"href":"https:\/\/luxegel.lv\/lv\/wp-json\/wp\/v2\/media?parent=7356"}],"wp:term":[{"taxonomy":"product_brand","embeddable":true,"href":"https:\/\/luxegel.lv\/lv\/wp-json\/wp\/v2\/product_brand?post=7356"},{"taxonomy":"product_cat","embeddable":true,"href":"https:\/\/luxegel.lv\/lv\/wp-json\/wp\/v2\/product_cat?post=7356"},{"taxonomy":"product_tag","embeddable":true,"href":"https:\/\/luxegel.lv\/lv\/wp-json\/wp\/v2\/product_tag?post=7356"}],"curies":[{"name":"wp","href":"https:\/\/api.w.org\/{rel}","templated":true}]}}