{"id":7350,"date":"2023-11-27T12:05:59","date_gmt":"2023-11-27T12:05:59","guid":{"rendered":"https:\/\/luxegel.lv\/product\/noslepumu-kastes-izmers-l\/"},"modified":"2025-09-02T15:35:12","modified_gmt":"2025-09-02T15:35:12","slug":"noslepumu-kastes-izmers-l","status":"publish","type":"product","link":"https:\/\/luxegel.lv\/lv\/product-lv\/noslepumu-kastes-izmers-l\/","title":{"rendered":"P\u0100RSTEIGUMA KASTE &#8211; L IZM\u0112RS"},"content":{"rendered":"<p><strong>P\u0101rsteiguma skaistuma kaste<\/strong>: kur skaistums satiekas ar nosl\u0113pumu, un katrs produkts st\u0101sta par \u0161armu un izsmalcin\u0101t\u012bbu.<br data-mce-fragment=\"1\"><br data-mce-fragment=\"1\">Katra P\u0101rsteiguma skaistumkop\u0161anas produktu kaste ir d\u0101rgumu kr\u0101tuve, kur\u0101 ir visda\u017e\u0101d\u0101kie produkti. Katr\u0101 kast\u0113 atrad\u012bsiet ekskluz\u012bvus un jaun\u0101kos nagu kop\u0161anas l\u012bdzek\u013cus, kuru kop\u0113j\u0101 v\u0113rt\u012bba ir vismaz divas reizes liel\u0101ka nek\u0101 cena, kuru j\u016bs maks\u0101jat.<br data-mce-fragment=\"1\">Izv\u0113loties \u0161o P\u0101rsteiguma skaistumkop\u0161anas l\u012bdzek\u013cu kasti, j\u016bs ietaup\u012bsiet 75 \u20ac*, jo sa\u0146emsiet fantastiskos Luxe Gel Professional produktus 150 \u20ac v\u0113rt\u012bb\u0101.<\/p>\n<p><br data-mce-fragment=\"1\">Izk\u0101piet no savas komforta zonas un izbaudiet savi\u013c\u0146ojumu, atkl\u0101jot jaunus nagu kop\u0161anas l\u012bdzek\u013cus, to\u0146us un piederumus.<\/p>\n<p><br data-mce-fragment=\"1\">Katr\u0101 P\u0101rsteiguma skaistumkop\u0161anas kast\u0113 ir popul\u0101ri to\u0146i, nagu kop\u0161anas piederumi un m\u016bsu popul\u0101r\u0101kie produkti, kas garant\u0113ti sag\u0101d\u0101s jums prieku, sa\u0146emot \u0161o P\u0101rsteiguma kasti.<\/p>\n<p>\u013baujiet nosl\u0113puma burv\u012bbai uzlabot j\u016bsu skaistumkop\u0161anas rut\u012bnu, padarot katru izpako\u0161anu par saj\u016bsmas un prieka mirkli.<\/p>\n","protected":false},"excerpt":{"rendered":"<p>P\u0101rsteiguma skaistuma kaste: kur skaistums satiekas ar nosl\u0113pumu, un katrs produkts st\u0101sta par \u0161armu un izsmalcin\u0101t\u012bbu.Katra P\u0101rsteiguma skaistumkop\u0161anas produktu kaste<\/p>\n","protected":false},"featured_media":4704,"template":"","meta":{"_acf_changed":false,"om_disable_all_campaigns":false},"product_brand":[],"product_cat":[157,154],"product_tag":[162],"class_list":{"0":"post-7350","1":"product","2":"type-product","3":"status-publish","4":"has-post-thumbnail","6":"product_cat-gela-lakas","7":"product_cat-luxe-gel-professional-lv","8":"product_tag-mix-match-komplekti","10":"first","11":"instock","12":"shipping-taxable","13":"purchasable","14":"product-type-simple"},"acf":[],"yoast_head":"<!-- This site is optimized with the Yoast SEO plugin v23.8 - https:\/\/yoast.com\/wordpress\/plugins\/seo\/ -->\n<title>P\u0100RSTEIGUMA KASTE - L IZM\u0112RS - LUXE GEL PROFESSIONAL\u2122<\/title>\n<meta name=\"robots\" content=\"index, follow, max-snippet:-1, max-image-preview:large, max-video-preview:-1\" \/>\n<link rel=\"canonical\" href=\"https:\/\/luxegel.lv\/lv\/product-lv\/noslepumu-kastes-izmers-l\/\" \/>\n<meta property=\"og:locale\" content=\"lv_LV\" \/>\n<meta property=\"og:type\" content=\"article\" \/>\n<meta property=\"og:title\" content=\"P\u0100RSTEIGUMA KASTE - L IZM\u0112RS - LUXE GEL PROFESSIONAL\u2122\" \/>\n<meta property=\"og:description\" content=\"P\u0101rsteiguma skaistuma kaste: kur skaistums satiekas ar nosl\u0113pumu, un katrs produkts st\u0101sta par \u0161armu un izsmalcin\u0101t\u012bbu.Katra P\u0101rsteiguma skaistumkop\u0161anas produktu kaste\" \/>\n<meta property=\"og:url\" content=\"https:\/\/luxegel.lv\/lv\/product-lv\/noslepumu-kastes-izmers-l\/\" \/>\n<meta property=\"og:site_name\" content=\"LUXE GEL PROFESSIONAL\u2122\" \/>\n<meta property=\"article:modified_time\" content=\"2025-09-02T15:35:12+00:00\" \/>\n<meta property=\"og:image\" content=\"https:\/\/luxegel.lv\/wp-content\/uploads\/2024\/01\/WhatsAppImage2023-11-28at12.05.47.jpg\" \/>\n\t<meta property=\"og:image:width\" content=\"1000\" \/>\n\t<meta property=\"og:image:height\" content=\"1000\" \/>\n\t<meta property=\"og:image:type\" content=\"image\/jpeg\" \/>\n<meta name=\"twitter:card\" content=\"summary_large_image\" \/>\n<meta name=\"twitter:label1\" content=\"Est. reading time\" \/>\n\t<meta name=\"twitter:data1\" content=\"1 minute\" \/>\n<script type=\"application\/ld+json\" class=\"yoast-schema-graph\">{\"@context\":\"https:\/\/schema.org\",\"@graph\":[{\"@type\":\"WebPage\",\"@id\":\"https:\/\/luxegel.lv\/lv\/product-lv\/noslepumu-kastes-izmers-l\/\",\"url\":\"https:\/\/luxegel.lv\/lv\/product-lv\/noslepumu-kastes-izmers-l\/\",\"name\":\"P\u0100RSTEIGUMA KASTE - L IZM\u0112RS - LUXE GEL PROFESSIONAL\u2122\",\"isPartOf\":{\"@id\":\"https:\/\/luxegel.lv\/lv\/#website\"},\"primaryImageOfPage\":{\"@id\":\"https:\/\/luxegel.lv\/lv\/product-lv\/noslepumu-kastes-izmers-l\/#primaryimage\"},\"image\":{\"@id\":\"https:\/\/luxegel.lv\/lv\/product-lv\/noslepumu-kastes-izmers-l\/#primaryimage\"},\"thumbnailUrl\":\"https:\/\/luxegel.lv\/wp-content\/uploads\/2024\/01\/WhatsAppImage2023-11-28at12.05.47.jpg\",\"datePublished\":\"2023-11-27T12:05:59+00:00\",\"dateModified\":\"2025-09-02T15:35:12+00:00\",\"breadcrumb\":{\"@id\":\"https:\/\/luxegel.lv\/lv\/product-lv\/noslepumu-kastes-izmers-l\/#breadcrumb\"},\"inLanguage\":\"lv-LV\",\"potentialAction\":[{\"@type\":\"ReadAction\",\"target\":[\"https:\/\/luxegel.lv\/lv\/product-lv\/noslepumu-kastes-izmers-l\/\"]}]},{\"@type\":\"ImageObject\",\"inLanguage\":\"lv-LV\",\"@id\":\"https:\/\/luxegel.lv\/lv\/product-lv\/noslepumu-kastes-izmers-l\/#primaryimage\",\"url\":\"https:\/\/luxegel.lv\/wp-content\/uploads\/2024\/01\/WhatsAppImage2023-11-28at12.05.47.jpg\",\"contentUrl\":\"https:\/\/luxegel.lv\/wp-content\/uploads\/2024\/01\/WhatsAppImage2023-11-28at12.05.47.jpg\",\"width\":1000,\"height\":1000},{\"@type\":\"BreadcrumbList\",\"@id\":\"https:\/\/luxegel.lv\/lv\/product-lv\/noslepumu-kastes-izmers-l\/#breadcrumb\",\"itemListElement\":[{\"@type\":\"ListItem\",\"position\":1,\"name\":\"Galven\u0101\",\"item\":\"https:\/\/luxegel.lv\/lv\/\"},{\"@type\":\"ListItem\",\"position\":2,\"name\":\"Veikals\",\"item\":\"https:\/\/luxegel.lv\/lv\/veikals\/\"},{\"@type\":\"ListItem\",\"position\":3,\"name\":\"P\u0100RSTEIGUMA KASTE &#8211; L IZM\u0112RS\"}]},{\"@type\":\"WebSite\",\"@id\":\"https:\/\/luxegel.lv\/lv\/#website\",\"url\":\"https:\/\/luxegel.lv\/lv\/\",\"name\":\"LUXE GEL PROFESSIONAL\u2122\",\"description\":\"is a leading nail brand on the European market. Luxe Gel currently stock over 500 products including over 350 shades of gel polish, a complete builder gel system and our famous structure base.\",\"potentialAction\":[{\"@type\":\"SearchAction\",\"target\":{\"@type\":\"EntryPoint\",\"urlTemplate\":\"https:\/\/luxegel.lv\/lv\/?s={search_term_string}\"},\"query-input\":{\"@type\":\"PropertyValueSpecification\",\"valueRequired\":true,\"valueName\":\"search_term_string\"}}],\"inLanguage\":\"lv-LV\"}]}<\/script>\n<!-- \/ Yoast SEO plugin. -->","yoast_head_json":{"title":"P\u0100RSTEIGUMA KASTE - L IZM\u0112RS - LUXE GEL PROFESSIONAL\u2122","robots":{"index":"index","follow":"follow","max-snippet":"max-snippet:-1","max-image-preview":"max-image-preview:large","max-video-preview":"max-video-preview:-1"},"canonical":"https:\/\/luxegel.lv\/lv\/product-lv\/noslepumu-kastes-izmers-l\/","og_locale":"lv_LV","og_type":"article","og_title":"P\u0100RSTEIGUMA KASTE - L IZM\u0112RS - LUXE GEL PROFESSIONAL\u2122","og_description":"P\u0101rsteiguma skaistuma kaste: kur skaistums satiekas ar nosl\u0113pumu, un katrs produkts st\u0101sta par \u0161armu un izsmalcin\u0101t\u012bbu.Katra P\u0101rsteiguma skaistumkop\u0161anas produktu kaste","og_url":"https:\/\/luxegel.lv\/lv\/product-lv\/noslepumu-kastes-izmers-l\/","og_site_name":"LUXE GEL PROFESSIONAL\u2122","article_modified_time":"2025-09-02T15:35:12+00:00","og_image":[{"width":1000,"height":1000,"url":"https:\/\/luxegel.lv\/wp-content\/uploads\/2024\/01\/WhatsAppImage2023-11-28at12.05.47.jpg","type":"image\/jpeg"}],"twitter_card":"summary_large_image","twitter_misc":{"Est. reading time":"1 minute"},"schema":{"@context":"https:\/\/schema.org","@graph":[{"@type":"WebPage","@id":"https:\/\/luxegel.lv\/lv\/product-lv\/noslepumu-kastes-izmers-l\/","url":"https:\/\/luxegel.lv\/lv\/product-lv\/noslepumu-kastes-izmers-l\/","name":"P\u0100RSTEIGUMA KASTE - L IZM\u0112RS - LUXE GEL PROFESSIONAL\u2122","isPartOf":{"@id":"https:\/\/luxegel.lv\/lv\/#website"},"primaryImageOfPage":{"@id":"https:\/\/luxegel.lv\/lv\/product-lv\/noslepumu-kastes-izmers-l\/#primaryimage"},"image":{"@id":"https:\/\/luxegel.lv\/lv\/product-lv\/noslepumu-kastes-izmers-l\/#primaryimage"},"thumbnailUrl":"https:\/\/luxegel.lv\/wp-content\/uploads\/2024\/01\/WhatsAppImage2023-11-28at12.05.47.jpg","datePublished":"2023-11-27T12:05:59+00:00","dateModified":"2025-09-02T15:35:12+00:00","breadcrumb":{"@id":"https:\/\/luxegel.lv\/lv\/product-lv\/noslepumu-kastes-izmers-l\/#breadcrumb"},"inLanguage":"lv-LV","potentialAction":[{"@type":"ReadAction","target":["https:\/\/luxegel.lv\/lv\/product-lv\/noslepumu-kastes-izmers-l\/"]}]},{"@type":"ImageObject","inLanguage":"lv-LV","@id":"https:\/\/luxegel.lv\/lv\/product-lv\/noslepumu-kastes-izmers-l\/#primaryimage","url":"https:\/\/luxegel.lv\/wp-content\/uploads\/2024\/01\/WhatsAppImage2023-11-28at12.05.47.jpg","contentUrl":"https:\/\/luxegel.lv\/wp-content\/uploads\/2024\/01\/WhatsAppImage2023-11-28at12.05.47.jpg","width":1000,"height":1000},{"@type":"BreadcrumbList","@id":"https:\/\/luxegel.lv\/lv\/product-lv\/noslepumu-kastes-izmers-l\/#breadcrumb","itemListElement":[{"@type":"ListItem","position":1,"name":"Galven\u0101","item":"https:\/\/luxegel.lv\/lv\/"},{"@type":"ListItem","position":2,"name":"Veikals","item":"https:\/\/luxegel.lv\/lv\/veikals\/"},{"@type":"ListItem","position":3,"name":"P\u0100RSTEIGUMA KASTE &#8211; L IZM\u0112RS"}]},{"@type":"WebSite","@id":"https:\/\/luxegel.lv\/lv\/#website","url":"https:\/\/luxegel.lv\/lv\/","name":"LUXE GEL PROFESSIONAL\u2122","description":"is a leading nail brand on the European market. Luxe Gel currently stock over 500 products including over 350 shades of gel polish, a complete builder gel system and our famous structure base.","potentialAction":[{"@type":"SearchAction","target":{"@type":"EntryPoint","urlTemplate":"https:\/\/luxegel.lv\/lv\/?s={search_term_string}"},"query-input":{"@type":"PropertyValueSpecification","valueRequired":true,"valueName":"search_term_string"}}],"inLanguage":"lv-LV"}]}},"_links":{"self":[{"href":"https:\/\/luxegel.lv\/lv\/wp-json\/wp\/v2\/product\/7350","targetHints":{"allow":["GET"]}}],"collection":[{"href":"https:\/\/luxegel.lv\/lv\/wp-json\/wp\/v2\/product"}],"about":[{"href":"https:\/\/luxegel.lv\/lv\/wp-json\/wp\/v2\/types\/product"}],"version-history":[{"count":0,"href":"https:\/\/luxegel.lv\/lv\/wp-json\/wp\/v2\/product\/7350\/revisions"}],"wp:featuredmedia":[{"embeddable":true,"href":"https:\/\/luxegel.lv\/lv\/wp-json\/wp\/v2\/media\/4704"}],"wp:attachment":[{"href":"https:\/\/luxegel.lv\/lv\/wp-json\/wp\/v2\/media?parent=7350"}],"wp:term":[{"taxonomy":"product_brand","embeddable":true,"href":"https:\/\/luxegel.lv\/lv\/wp-json\/wp\/v2\/product_brand?post=7350"},{"taxonomy":"product_cat","embeddable":true,"href":"https:\/\/luxegel.lv\/lv\/wp-json\/wp\/v2\/product_cat?post=7350"},{"taxonomy":"product_tag","embeddable":true,"href":"https:\/\/luxegel.lv\/lv\/wp-json\/wp\/v2\/product_tag?post=7350"}],"curies":[{"name":"wp","href":"https:\/\/api.w.org\/{rel}","templated":true}]}}