{"id":23740,"date":"2026-05-15T10:58:39","date_gmt":"2026-05-15T10:58:39","guid":{"rendered":"https:\/\/luxegel.lv\/?post_type=product&#038;p=23740"},"modified":"2026-05-15T11:01:23","modified_gmt":"2026-05-15T11:01:23","slug":"baby-boomer-ombre-suklisu-un-instrumentu-komplekts","status":"publish","type":"product","link":"https:\/\/luxegel.lv\/lv\/product-lv\/baby-boomer-ombre-suklisu-un-instrumentu-komplekts\/","title":{"rendered":"Baby Boomer Ombr\u00e9 s\u016bkl\u012b\u0161u un instrumentu komplekts"},"content":{"rendered":"<p>Neaizst\u0101jams pal\u012bgs nagu kop\u0161anas meistariem, kuri m\u012bl nevainojamu ombr\u00e9 un <i>baby boomer<\/i> dizainu.<span class=\"Apple-converted-space\">\u00a0<\/span><\/p>\n<p>Baby Boomer Ombr\u00e9 s\u016bkl\u012b\u0161u un instrumentu komplekts ir prasm\u012bgi izstr\u0101d\u0101ts, lai nodro\u0161in\u0101tu neman\u0101mu sapludin\u0101\u0161anu un perfekti izklied\u0113tas kr\u0101su p\u0101rejas ar precizit\u0101ti un vieglumu.<\/p>\n<p>\u0160aj\u0101 pilnaj\u0101 komplekt\u0101 ietilpst 100 augstas kvalit\u0101tes, \u012bpa\u0161i izstr\u0101d\u0101ti s\u016bkl\u012b\u0161i, kas ir ide\u0101li piem\u0113roti gluda un konsekventa ombr\u00e9 efekta sasnieg\u0161anai katr\u0101 lieto\u0161anas reiz\u0113. Katrs s\u016bkl\u012btis ir rad\u012bts optim\u0101lai produkta sadalei, veidojot maigu, &#8220;aerogr\u0101fa&#8221; stila fini\u0161u bez sv\u012btr\u0101m vai as\u0101m l\u012bnij\u0101m.<\/p>\n<p>Komplekt\u0101 ar s\u016bkl\u012b\u0161iem ir prec\u012bzs met\u0101la instruments, kas veidots elegant\u0101 pildspalvas stil\u0101. Ar vieglu nospiedienu r\u012bka aizmugur\u0113 izb\u012bd\u0101s smalks sp\u012b\u013cu meh\u0101nisms, kas dro\u0161i notur s\u016bkl\u012bti, nodro\u0161inot maksim\u0101lu kontroli un precizit\u0101ti. Viegls un ergonomisks, tas \u013cauj bez piep\u016bles veikt sapludin\u0101\u0161anu un detaliz\u0113tu darbu.<\/p>\n<p>Rezult\u0101ts? Nevainojams, profesion\u0101ls ombr\u00e9 efekts \u2014 katru reizi, bez nek\u0101rt\u012bbas un bez kompromisiem.<\/p>\n<p><b>Galven\u0101s \u012bpa\u0161\u012bbas:<\/b><b><\/b><\/p>\n<ul>\n<li><b>100 profesion\u0101las klases s\u016bkl\u012b\u0161i:<\/b> paredz\u0113ti gludai sapludin\u0101\u0161anai un neman\u0101m\u0101m kr\u0101su p\u0101rej\u0101m.<\/li>\n<li><b>Prec\u012bzs met\u0101la instruments:<\/b> pildspalvas stila dizains ar sp\u012b\u013cu meh\u0101nismu dro\u0161ai un prec\u012bzai s\u016bkl\u012b\u0161a fiks\u0101cijai.<\/li>\n<li><b>Kontrole bez piep\u016bles:<\/b> viegls un ergonomisks dizains maksim\u0101lai precizit\u0101tei.<\/li>\n<li><b>Nevainojams rezult\u0101ts:<\/b> ar vieglumu radiet maigus, izklied\u0113tus ombr\u00e9 un <i>baby boomer<\/i> efektus.<\/li>\n<\/ul>\n<p><b>K\u0101p\u0113c jums tas patiks:<\/b><b><\/b><\/p>\n<ul>\n<li><b>Ide\u0101la sapludin\u0101\u0161ana:<\/b> pan\u0101ciet gludas p\u0101rejas bez as\u0101m robe\u017e\u0101m.<\/li>\n<li><b>Laika taup\u012b\u0161ana:<\/b> \u0101tr\u0101ka un konsekvent\u0101ka uzkl\u0101\u0161ana.<\/li>\n<li><b>T\u012brs darbs:<\/b> kontrol\u0113ta fiks\u0101cija nodro\u0161ina t\u012bru un prec\u012bzu procesu.<\/li>\n<li><b>Profesion\u0101ls p\u0101rkl\u0101jums:<\/b> ide\u0101li piem\u0113rots salona kvalit\u0101tes ombr\u00e9 nagu dizainam.<\/li>\n<\/ul>\n<p>Lieliski piem\u0113rots gan pieredz\u0113ju\u0161iem meistariem, gan ies\u0101c\u0113jiem, kuri v\u0113las p\u0101rliecino\u0161i pilnveidot savu ombr\u00e9 tehniku.<\/p>\n<p>Lietojiet kop\u0101 ar The Ombr\u00e9 Atelier g\u0113la kr\u0101su palet\u0113m, lai rad\u012btu skaisti sapludin\u0101tus un nevainojamus dizainus.<\/p>\n","protected":false},"excerpt":{"rendered":"<p>Neaizst\u0101jams pal\u012bgs nagu kop\u0161anas meistariem, kuri m\u012bl nevainojamu ombr\u00e9 un baby boomer dizainu.\u00a0 Baby Boomer Ombr\u00e9 s\u016bkl\u012b\u0161u un instrumentu komplekts<\/p>\n","protected":false},"featured_media":23743,"template":"","meta":{"_acf_changed":false,"om_disable_all_campaigns":false},"product_brand":[],"product_cat":[539,154,469,567],"product_tag":[438,222,221],"class_list":{"0":"post-23740","1":"product","2":"type-product","3":"status-publish","4":"has-post-thumbnail","6":"product_cat-jaunumi","7":"product_cat-luxe-gel-professional-lv","8":"product_cat-nagu-dizainam","9":"product_cat-ombre-krasu-palete","10":"product_tag-chrome-powder-lv","11":"product_tag-produkti","12":"product_tag-visi-produkti","14":"first","15":"instock","16":"shipping-taxable","17":"purchasable","18":"product-type-simple"},"acf":[],"yoast_head":"<!-- This site is optimized with the Yoast SEO plugin v23.8 - https:\/\/yoast.com\/wordpress\/plugins\/seo\/ -->\n<title>Baby Boomer Ombr\u00e9 s\u016bkl\u012b\u0161u un instrumentu komplekts - LUXE GEL PROFESSIONAL\u2122<\/title>\n<meta name=\"robots\" content=\"index, follow, max-snippet:-1, max-image-preview:large, max-video-preview:-1\" \/>\n<link rel=\"canonical\" href=\"https:\/\/luxegel.lv\/lv\/product-lv\/baby-boomer-ombre-suklisu-un-instrumentu-komplekts\/\" \/>\n<meta property=\"og:locale\" content=\"lv_LV\" \/>\n<meta property=\"og:type\" content=\"article\" \/>\n<meta property=\"og:title\" content=\"Baby Boomer Ombr\u00e9 s\u016bkl\u012b\u0161u un instrumentu komplekts - LUXE GEL PROFESSIONAL\u2122\" \/>\n<meta property=\"og:description\" content=\"Neaizst\u0101jams pal\u012bgs nagu kop\u0161anas meistariem, kuri m\u012bl nevainojamu ombr\u00e9 un baby boomer dizainu.\u00a0 Baby Boomer Ombr\u00e9 s\u016bkl\u012b\u0161u un instrumentu komplekts\" \/>\n<meta property=\"og:url\" content=\"https:\/\/luxegel.lv\/lv\/product-lv\/baby-boomer-ombre-suklisu-un-instrumentu-komplekts\/\" \/>\n<meta property=\"og:site_name\" content=\"LUXE GEL PROFESSIONAL\u2122\" \/>\n<meta property=\"article:modified_time\" content=\"2026-05-15T11:01:23+00:00\" \/>\n<meta property=\"og:image\" content=\"https:\/\/luxegel.lv\/wp-content\/uploads\/2026\/05\/baby-boomer-ombre-sponge-1.jpg.webp\" \/>\n\t<meta property=\"og:image:width\" content=\"733\" \/>\n\t<meta property=\"og:image:height\" content=\"733\" \/>\n\t<meta property=\"og:image:type\" content=\"image\/webp\" \/>\n<meta name=\"twitter:card\" content=\"summary_large_image\" \/>\n<meta name=\"twitter:label1\" content=\"Est. reading time\" \/>\n\t<meta name=\"twitter:data1\" content=\"2 minutes\" \/>\n<script type=\"application\/ld+json\" class=\"yoast-schema-graph\">{\"@context\":\"https:\/\/schema.org\",\"@graph\":[{\"@type\":\"WebPage\",\"@id\":\"https:\/\/luxegel.lv\/lv\/product-lv\/baby-boomer-ombre-suklisu-un-instrumentu-komplekts\/\",\"url\":\"https:\/\/luxegel.lv\/lv\/product-lv\/baby-boomer-ombre-suklisu-un-instrumentu-komplekts\/\",\"name\":\"Baby Boomer Ombr\u00e9 s\u016bkl\u012b\u0161u un instrumentu komplekts - LUXE GEL PROFESSIONAL\u2122\",\"isPartOf\":{\"@id\":\"https:\/\/luxegel.lv\/lv\/#website\"},\"primaryImageOfPage\":{\"@id\":\"https:\/\/luxegel.lv\/lv\/product-lv\/baby-boomer-ombre-suklisu-un-instrumentu-komplekts\/#primaryimage\"},\"image\":{\"@id\":\"https:\/\/luxegel.lv\/lv\/product-lv\/baby-boomer-ombre-suklisu-un-instrumentu-komplekts\/#primaryimage\"},\"thumbnailUrl\":\"https:\/\/luxegel.lv\/wp-content\/uploads\/2026\/05\/baby-boomer-ombre-sponge-1.jpg.webp\",\"datePublished\":\"2026-05-15T10:58:39+00:00\",\"dateModified\":\"2026-05-15T11:01:23+00:00\",\"breadcrumb\":{\"@id\":\"https:\/\/luxegel.lv\/lv\/product-lv\/baby-boomer-ombre-suklisu-un-instrumentu-komplekts\/#breadcrumb\"},\"inLanguage\":\"lv-LV\",\"potentialAction\":[{\"@type\":\"ReadAction\",\"target\":[\"https:\/\/luxegel.lv\/lv\/product-lv\/baby-boomer-ombre-suklisu-un-instrumentu-komplekts\/\"]}]},{\"@type\":\"ImageObject\",\"inLanguage\":\"lv-LV\",\"@id\":\"https:\/\/luxegel.lv\/lv\/product-lv\/baby-boomer-ombre-suklisu-un-instrumentu-komplekts\/#primaryimage\",\"url\":\"https:\/\/luxegel.lv\/wp-content\/uploads\/2026\/05\/baby-boomer-ombre-sponge-1.jpg.webp\",\"contentUrl\":\"https:\/\/luxegel.lv\/wp-content\/uploads\/2026\/05\/baby-boomer-ombre-sponge-1.jpg.webp\",\"width\":733,\"height\":733},{\"@type\":\"BreadcrumbList\",\"@id\":\"https:\/\/luxegel.lv\/lv\/product-lv\/baby-boomer-ombre-suklisu-un-instrumentu-komplekts\/#breadcrumb\",\"itemListElement\":[{\"@type\":\"ListItem\",\"position\":1,\"name\":\"Galven\u0101\",\"item\":\"https:\/\/luxegel.lv\/lv\/\"},{\"@type\":\"ListItem\",\"position\":2,\"name\":\"Veikals\",\"item\":\"https:\/\/luxegel.lv\/lv\/veikals\/\"},{\"@type\":\"ListItem\",\"position\":3,\"name\":\"Baby Boomer Ombr\u00e9 s\u016bkl\u012b\u0161u un instrumentu komplekts\"}]},{\"@type\":\"WebSite\",\"@id\":\"https:\/\/luxegel.lv\/lv\/#website\",\"url\":\"https:\/\/luxegel.lv\/lv\/\",\"name\":\"LUXE GEL PROFESSIONAL\u2122\",\"description\":\"is a leading nail brand on the European market. Luxe Gel currently stock over 500 products including over 350 shades of gel polish, a complete builder gel system and our famous structure base.\",\"potentialAction\":[{\"@type\":\"SearchAction\",\"target\":{\"@type\":\"EntryPoint\",\"urlTemplate\":\"https:\/\/luxegel.lv\/lv\/?s={search_term_string}\"},\"query-input\":{\"@type\":\"PropertyValueSpecification\",\"valueRequired\":true,\"valueName\":\"search_term_string\"}}],\"inLanguage\":\"lv-LV\"}]}<\/script>\n<!-- \/ Yoast SEO plugin. -->","yoast_head_json":{"title":"Baby Boomer Ombr\u00e9 s\u016bkl\u012b\u0161u un instrumentu komplekts - LUXE GEL PROFESSIONAL\u2122","robots":{"index":"index","follow":"follow","max-snippet":"max-snippet:-1","max-image-preview":"max-image-preview:large","max-video-preview":"max-video-preview:-1"},"canonical":"https:\/\/luxegel.lv\/lv\/product-lv\/baby-boomer-ombre-suklisu-un-instrumentu-komplekts\/","og_locale":"lv_LV","og_type":"article","og_title":"Baby Boomer Ombr\u00e9 s\u016bkl\u012b\u0161u un instrumentu komplekts - LUXE GEL PROFESSIONAL\u2122","og_description":"Neaizst\u0101jams pal\u012bgs nagu kop\u0161anas meistariem, kuri m\u012bl nevainojamu ombr\u00e9 un baby boomer dizainu.\u00a0 Baby Boomer Ombr\u00e9 s\u016bkl\u012b\u0161u un instrumentu komplekts","og_url":"https:\/\/luxegel.lv\/lv\/product-lv\/baby-boomer-ombre-suklisu-un-instrumentu-komplekts\/","og_site_name":"LUXE GEL PROFESSIONAL\u2122","article_modified_time":"2026-05-15T11:01:23+00:00","og_image":[{"width":733,"height":733,"url":"https:\/\/luxegel.lv\/wp-content\/uploads\/2026\/05\/baby-boomer-ombre-sponge-1.jpg.webp","type":"image\/webp"}],"twitter_card":"summary_large_image","twitter_misc":{"Est. reading time":"2 minutes"},"schema":{"@context":"https:\/\/schema.org","@graph":[{"@type":"WebPage","@id":"https:\/\/luxegel.lv\/lv\/product-lv\/baby-boomer-ombre-suklisu-un-instrumentu-komplekts\/","url":"https:\/\/luxegel.lv\/lv\/product-lv\/baby-boomer-ombre-suklisu-un-instrumentu-komplekts\/","name":"Baby Boomer Ombr\u00e9 s\u016bkl\u012b\u0161u un instrumentu komplekts - LUXE GEL PROFESSIONAL\u2122","isPartOf":{"@id":"https:\/\/luxegel.lv\/lv\/#website"},"primaryImageOfPage":{"@id":"https:\/\/luxegel.lv\/lv\/product-lv\/baby-boomer-ombre-suklisu-un-instrumentu-komplekts\/#primaryimage"},"image":{"@id":"https:\/\/luxegel.lv\/lv\/product-lv\/baby-boomer-ombre-suklisu-un-instrumentu-komplekts\/#primaryimage"},"thumbnailUrl":"https:\/\/luxegel.lv\/wp-content\/uploads\/2026\/05\/baby-boomer-ombre-sponge-1.jpg.webp","datePublished":"2026-05-15T10:58:39+00:00","dateModified":"2026-05-15T11:01:23+00:00","breadcrumb":{"@id":"https:\/\/luxegel.lv\/lv\/product-lv\/baby-boomer-ombre-suklisu-un-instrumentu-komplekts\/#breadcrumb"},"inLanguage":"lv-LV","potentialAction":[{"@type":"ReadAction","target":["https:\/\/luxegel.lv\/lv\/product-lv\/baby-boomer-ombre-suklisu-un-instrumentu-komplekts\/"]}]},{"@type":"ImageObject","inLanguage":"lv-LV","@id":"https:\/\/luxegel.lv\/lv\/product-lv\/baby-boomer-ombre-suklisu-un-instrumentu-komplekts\/#primaryimage","url":"https:\/\/luxegel.lv\/wp-content\/uploads\/2026\/05\/baby-boomer-ombre-sponge-1.jpg.webp","contentUrl":"https:\/\/luxegel.lv\/wp-content\/uploads\/2026\/05\/baby-boomer-ombre-sponge-1.jpg.webp","width":733,"height":733},{"@type":"BreadcrumbList","@id":"https:\/\/luxegel.lv\/lv\/product-lv\/baby-boomer-ombre-suklisu-un-instrumentu-komplekts\/#breadcrumb","itemListElement":[{"@type":"ListItem","position":1,"name":"Galven\u0101","item":"https:\/\/luxegel.lv\/lv\/"},{"@type":"ListItem","position":2,"name":"Veikals","item":"https:\/\/luxegel.lv\/lv\/veikals\/"},{"@type":"ListItem","position":3,"name":"Baby Boomer Ombr\u00e9 s\u016bkl\u012b\u0161u un instrumentu komplekts"}]},{"@type":"WebSite","@id":"https:\/\/luxegel.lv\/lv\/#website","url":"https:\/\/luxegel.lv\/lv\/","name":"LUXE GEL PROFESSIONAL\u2122","description":"is a leading nail brand on the European market. Luxe Gel currently stock over 500 products including over 350 shades of gel polish, a complete builder gel system and our famous structure base.","potentialAction":[{"@type":"SearchAction","target":{"@type":"EntryPoint","urlTemplate":"https:\/\/luxegel.lv\/lv\/?s={search_term_string}"},"query-input":{"@type":"PropertyValueSpecification","valueRequired":true,"valueName":"search_term_string"}}],"inLanguage":"lv-LV"}]}},"_links":{"self":[{"href":"https:\/\/luxegel.lv\/lv\/wp-json\/wp\/v2\/product\/23740","targetHints":{"allow":["GET"]}}],"collection":[{"href":"https:\/\/luxegel.lv\/lv\/wp-json\/wp\/v2\/product"}],"about":[{"href":"https:\/\/luxegel.lv\/lv\/wp-json\/wp\/v2\/types\/product"}],"version-history":[{"count":2,"href":"https:\/\/luxegel.lv\/lv\/wp-json\/wp\/v2\/product\/23740\/revisions"}],"predecessor-version":[{"id":23751,"href":"https:\/\/luxegel.lv\/lv\/wp-json\/wp\/v2\/product\/23740\/revisions\/23751"}],"wp:featuredmedia":[{"embeddable":true,"href":"https:\/\/luxegel.lv\/lv\/wp-json\/wp\/v2\/media\/23743"}],"wp:attachment":[{"href":"https:\/\/luxegel.lv\/lv\/wp-json\/wp\/v2\/media?parent=23740"}],"wp:term":[{"taxonomy":"product_brand","embeddable":true,"href":"https:\/\/luxegel.lv\/lv\/wp-json\/wp\/v2\/product_brand?post=23740"},{"taxonomy":"product_cat","embeddable":true,"href":"https:\/\/luxegel.lv\/lv\/wp-json\/wp\/v2\/product_cat?post=23740"},{"taxonomy":"product_tag","embeddable":true,"href":"https:\/\/luxegel.lv\/lv\/wp-json\/wp\/v2\/product_tag?post=23740"}],"curies":[{"name":"wp","href":"https:\/\/api.w.org\/{rel}","templated":true}]}}