{"id":23714,"date":"2026-05-15T10:31:23","date_gmt":"2026-05-15T10:31:23","guid":{"rendered":"https:\/\/luxegel.lv\/?post_type=product&#038;p=23714"},"modified":"2026-05-15T10:35:17","modified_gmt":"2026-05-15T10:35:17","slug":"the-ombre-atelier-pastel","status":"publish","type":"product","link":"https:\/\/luxegel.lv\/lv\/product-lv\/the-ombre-atelier-pastel\/","title":{"rendered":"The Ombr\u00e9 Atelier &#8211; Pastel"},"content":{"rendered":"<p><b>The Ombr\u00e9 Atelier \u2013 Pastel<\/b><span class=\"Apple-converted-space\">\u00a0<\/span><\/p>\n<p>Maiga Baby Boomer nagu dizaina g\u0113la kr\u0101su palete<\/p>\n<p>Radiet nevainojamu <i>baby boomer<\/i> dizainu ar g\u0113la kr\u0101su paleti no The Ombr\u00e9 Atelier paste\u013cto\u0146u kolekcijas.<span class=\"Apple-converted-space\">\u00a0<\/span><\/p>\n<p>\u0160aj\u0101 izsmalcin\u0101taj\u0101 ombr\u00e9 palet\u0113 ir se\u0161i r\u016bp\u012bgi izv\u0113l\u0113ti kr\u0113m\u012bgi paste\u013cto\u0146i, kas rad\u012bti, lai uzlabotu un pilnveidotu ikvienu manik\u012bru ar maigu, modernu fini\u0161u.<\/p>\n<p>P\u0101rdom\u0101ti izstr\u0101d\u0101t\u0101, uzlabot\u0101 formula nodro\u0161ina vienm\u0113r\u012bgu p\u0101rkl\u0101jumu ar vieglu, dabisku izskatu. Katrs tonis pied\u0101v\u0101 piel\u0101gojamu sedzam\u012bbu, lai bez piep\u016bles nosl\u0113ptu nepiln\u012bbas un mazin\u0101tu nev\u0113lamu caursp\u012bd\u012bgumu, nepadarot nagu smagn\u0113ju.<\/p>\n<p>Z\u012bdain\u0101, pa\u0161izl\u012bdzino\u0161\u0101 tekst\u016bra nodro\u0161ina gludu uzkl\u0101\u0161anu un izcilu sapludin\u0101\u0161anu, radot ide\u0101li izklied\u0113tu efektu, kas ir piem\u0113rots <i>baby boomer<\/i> p\u0101rej\u0101m, <i>aura<\/i> efektiem un m\u016bsdien\u012bgam minim\u0101lisma dizainam.<\/p>\n<p><b>Galven\u0101s \u012bpa\u0161\u012bbas:<\/b><b><\/b><\/p>\n<ul>\n<li><b>Se\u0161i kr\u0113m\u012bgi paste\u013cto\u0146i:<\/b> daudzpus\u012bga izlase, kas piem\u0113rota visiem \u0101das to\u0146iem.<\/li>\n<li><b>Piel\u0101gojama sedzam\u012bba:<\/b> sasniedziet v\u0113lamo intensit\u0101ti ar pl\u0101niem, vienm\u0113r\u012bgiem sl\u0101\u0146iem.<\/li>\n<li><b>Daudzfunkcion\u0101la izmanto\u0161ana:<\/b> ide\u0101li piem\u0113rota b\u0101zes kl\u0101\u0161anai, ombr\u00e9 p\u0101rej\u0101m, <i>aura<\/i> nagiem un detaliz\u0113tam dizainam.<\/li>\n<li><b>Gluda, pa\u0161izl\u012bdzino\u0161a formula:<\/b> viegla uzkl\u0101\u0161ana nevainojamam rezult\u0101tam bez sv\u012btr\u0101m.<\/li>\n<\/ul>\n<p><b>Lieto\u0161ana:<\/b><b><\/b><\/p>\n<ol>\n<li>Izmantojot <i>baby boomer<\/i> s\u016bkli vai otu, pa\u0146emiet nelielu daudzumu g\u0113la kr\u0101sas.<\/li>\n<li>Uzkl\u0101jiet uz v\u0113lam\u0101s naga zonas.<\/li>\n<li>Viegli pietapiniet, lai izveidotu maigu, izklied\u0113tu ombr\u00e9 efektu.<\/li>\n<li>Atk\u0101rtojiet un polimeriz\u0113jiet lamp\u0101, lai sasniegtu v\u0113lamo sedzam\u012bbu.<\/li>\n<\/ol>\n<p><b>K\u0101p\u0113c jums patiks \u0161\u012b g\u0113la kr\u0101su palete:<\/b><b><\/b><\/p>\n<ul>\n<li><b>Univers\u0101la:<\/b> piem\u0113rota pilnam kl\u0101jumam, gradientiem un sare\u017e\u0123\u012btiem dizainiem.<\/li>\n<li><b>Augsta pigment\u0101cija:<\/b> pies\u0101tin\u0101ta, samtaina kr\u0101sa ar minim\u0101lu produkta daudzumu.<\/li>\n<li><b>\u012apa\u0161i gluds p\u0101rkl\u0101jums:<\/b> nodro\u0161ina nevainojamu, mirdzo\u0161u un profesion\u0101lu rezult\u0101tu.<\/li>\n<li><b>Ilgtermi\u0146a v\u0113rt\u012bba:<\/b> pietiek neliela daudzuma, lai sasniegtu maksim\u0101lu efektivit\u0101ti.<\/li>\n<\/ul>\n<p>Katrs tonis satur 3g produkta, pied\u0101v\u0101jot izcilu sniegumu un v\u0113rt\u012bbu gan profesion\u0101\u013ciem, gan ies\u0101c\u0113jiem.<\/p>\n","protected":false},"excerpt":{"rendered":"<p>The Ombr\u00e9 Atelier \u2013 Pastel\u00a0 Maiga Baby Boomer nagu dizaina g\u0113la kr\u0101su palete Radiet nevainojamu baby boomer dizainu ar g\u0113la<\/p>\n","protected":false},"featured_media":23717,"template":"","meta":{"_acf_changed":false,"om_disable_all_campaigns":false},"product_brand":[],"product_cat":[539,154,469,567],"product_tag":[438,222,221],"class_list":{"0":"post-23714","1":"product","2":"type-product","3":"status-publish","4":"has-post-thumbnail","6":"product_cat-jaunumi","7":"product_cat-luxe-gel-professional-lv","8":"product_cat-nagu-dizainam","9":"product_cat-ombre-krasu-palete","10":"product_tag-chrome-powder-lv","11":"product_tag-produkti","12":"product_tag-visi-produkti","14":"first","15":"instock","16":"shipping-taxable","17":"purchasable","18":"product-type-simple"},"acf":[],"yoast_head":"<!-- This site is optimized with the Yoast SEO plugin v23.8 - https:\/\/yoast.com\/wordpress\/plugins\/seo\/ -->\n<title>The Ombr\u00e9 Atelier - Pastel - LUXE GEL PROFESSIONAL\u2122<\/title>\n<meta name=\"robots\" content=\"index, follow, max-snippet:-1, max-image-preview:large, max-video-preview:-1\" \/>\n<link rel=\"canonical\" href=\"https:\/\/luxegel.lv\/lv\/product-lv\/the-ombre-atelier-pastel\/\" \/>\n<meta property=\"og:locale\" content=\"lv_LV\" \/>\n<meta property=\"og:type\" content=\"article\" \/>\n<meta property=\"og:title\" content=\"The Ombr\u00e9 Atelier - Pastel - LUXE GEL PROFESSIONAL\u2122\" \/>\n<meta property=\"og:description\" content=\"The Ombr\u00e9 Atelier \u2013 Pastel\u00a0 Maiga Baby Boomer nagu dizaina g\u0113la kr\u0101su palete Radiet nevainojamu baby boomer dizainu ar g\u0113la\" \/>\n<meta property=\"og:url\" content=\"https:\/\/luxegel.lv\/lv\/product-lv\/the-ombre-atelier-pastel\/\" \/>\n<meta property=\"og:site_name\" content=\"LUXE GEL PROFESSIONAL\u2122\" \/>\n<meta property=\"article:modified_time\" content=\"2026-05-15T10:35:17+00:00\" \/>\n<meta property=\"og:image\" content=\"https:\/\/luxegel.lv\/wp-content\/uploads\/2026\/05\/the-ombre-atelier-pastel-patting-gel-web.png\" \/>\n\t<meta property=\"og:image:width\" content=\"800\" \/>\n\t<meta property=\"og:image:height\" content=\"800\" \/>\n\t<meta property=\"og:image:type\" content=\"image\/png\" \/>\n<meta name=\"twitter:card\" content=\"summary_large_image\" \/>\n<meta name=\"twitter:label1\" content=\"Est. reading time\" \/>\n\t<meta name=\"twitter:data1\" content=\"2 minutes\" \/>\n<script type=\"application\/ld+json\" class=\"yoast-schema-graph\">{\"@context\":\"https:\/\/schema.org\",\"@graph\":[{\"@type\":\"WebPage\",\"@id\":\"https:\/\/luxegel.lv\/lv\/product-lv\/the-ombre-atelier-pastel\/\",\"url\":\"https:\/\/luxegel.lv\/lv\/product-lv\/the-ombre-atelier-pastel\/\",\"name\":\"The Ombr\u00e9 Atelier - Pastel - LUXE GEL PROFESSIONAL\u2122\",\"isPartOf\":{\"@id\":\"https:\/\/luxegel.lv\/lv\/#website\"},\"primaryImageOfPage\":{\"@id\":\"https:\/\/luxegel.lv\/lv\/product-lv\/the-ombre-atelier-pastel\/#primaryimage\"},\"image\":{\"@id\":\"https:\/\/luxegel.lv\/lv\/product-lv\/the-ombre-atelier-pastel\/#primaryimage\"},\"thumbnailUrl\":\"https:\/\/luxegel.lv\/wp-content\/uploads\/2026\/05\/the-ombre-atelier-pastel-patting-gel-web.png\",\"datePublished\":\"2026-05-15T10:31:23+00:00\",\"dateModified\":\"2026-05-15T10:35:17+00:00\",\"breadcrumb\":{\"@id\":\"https:\/\/luxegel.lv\/lv\/product-lv\/the-ombre-atelier-pastel\/#breadcrumb\"},\"inLanguage\":\"lv-LV\",\"potentialAction\":[{\"@type\":\"ReadAction\",\"target\":[\"https:\/\/luxegel.lv\/lv\/product-lv\/the-ombre-atelier-pastel\/\"]}]},{\"@type\":\"ImageObject\",\"inLanguage\":\"lv-LV\",\"@id\":\"https:\/\/luxegel.lv\/lv\/product-lv\/the-ombre-atelier-pastel\/#primaryimage\",\"url\":\"https:\/\/luxegel.lv\/wp-content\/uploads\/2026\/05\/the-ombre-atelier-pastel-patting-gel-web.png\",\"contentUrl\":\"https:\/\/luxegel.lv\/wp-content\/uploads\/2026\/05\/the-ombre-atelier-pastel-patting-gel-web.png\",\"width\":800,\"height\":800},{\"@type\":\"BreadcrumbList\",\"@id\":\"https:\/\/luxegel.lv\/lv\/product-lv\/the-ombre-atelier-pastel\/#breadcrumb\",\"itemListElement\":[{\"@type\":\"ListItem\",\"position\":1,\"name\":\"Galven\u0101\",\"item\":\"https:\/\/luxegel.lv\/lv\/\"},{\"@type\":\"ListItem\",\"position\":2,\"name\":\"Veikals\",\"item\":\"https:\/\/luxegel.lv\/lv\/veikals\/\"},{\"@type\":\"ListItem\",\"position\":3,\"name\":\"The Ombr\u00e9 Atelier &#8211; Pastel\"}]},{\"@type\":\"WebSite\",\"@id\":\"https:\/\/luxegel.lv\/lv\/#website\",\"url\":\"https:\/\/luxegel.lv\/lv\/\",\"name\":\"LUXE GEL PROFESSIONAL\u2122\",\"description\":\"is a leading nail brand on the European market. Luxe Gel currently stock over 500 products including over 350 shades of gel polish, a complete builder gel system and our famous structure base.\",\"potentialAction\":[{\"@type\":\"SearchAction\",\"target\":{\"@type\":\"EntryPoint\",\"urlTemplate\":\"https:\/\/luxegel.lv\/lv\/?s={search_term_string}\"},\"query-input\":{\"@type\":\"PropertyValueSpecification\",\"valueRequired\":true,\"valueName\":\"search_term_string\"}}],\"inLanguage\":\"lv-LV\"}]}<\/script>\n<!-- \/ Yoast SEO plugin. -->","yoast_head_json":{"title":"The Ombr\u00e9 Atelier - Pastel - LUXE GEL PROFESSIONAL\u2122","robots":{"index":"index","follow":"follow","max-snippet":"max-snippet:-1","max-image-preview":"max-image-preview:large","max-video-preview":"max-video-preview:-1"},"canonical":"https:\/\/luxegel.lv\/lv\/product-lv\/the-ombre-atelier-pastel\/","og_locale":"lv_LV","og_type":"article","og_title":"The Ombr\u00e9 Atelier - Pastel - LUXE GEL PROFESSIONAL\u2122","og_description":"The Ombr\u00e9 Atelier \u2013 Pastel\u00a0 Maiga Baby Boomer nagu dizaina g\u0113la kr\u0101su palete Radiet nevainojamu baby boomer dizainu ar g\u0113la","og_url":"https:\/\/luxegel.lv\/lv\/product-lv\/the-ombre-atelier-pastel\/","og_site_name":"LUXE GEL PROFESSIONAL\u2122","article_modified_time":"2026-05-15T10:35:17+00:00","og_image":[{"width":800,"height":800,"url":"https:\/\/luxegel.lv\/wp-content\/uploads\/2026\/05\/the-ombre-atelier-pastel-patting-gel-web.png","type":"image\/png"}],"twitter_card":"summary_large_image","twitter_misc":{"Est. reading time":"2 minutes"},"schema":{"@context":"https:\/\/schema.org","@graph":[{"@type":"WebPage","@id":"https:\/\/luxegel.lv\/lv\/product-lv\/the-ombre-atelier-pastel\/","url":"https:\/\/luxegel.lv\/lv\/product-lv\/the-ombre-atelier-pastel\/","name":"The Ombr\u00e9 Atelier - Pastel - LUXE GEL PROFESSIONAL\u2122","isPartOf":{"@id":"https:\/\/luxegel.lv\/lv\/#website"},"primaryImageOfPage":{"@id":"https:\/\/luxegel.lv\/lv\/product-lv\/the-ombre-atelier-pastel\/#primaryimage"},"image":{"@id":"https:\/\/luxegel.lv\/lv\/product-lv\/the-ombre-atelier-pastel\/#primaryimage"},"thumbnailUrl":"https:\/\/luxegel.lv\/wp-content\/uploads\/2026\/05\/the-ombre-atelier-pastel-patting-gel-web.png","datePublished":"2026-05-15T10:31:23+00:00","dateModified":"2026-05-15T10:35:17+00:00","breadcrumb":{"@id":"https:\/\/luxegel.lv\/lv\/product-lv\/the-ombre-atelier-pastel\/#breadcrumb"},"inLanguage":"lv-LV","potentialAction":[{"@type":"ReadAction","target":["https:\/\/luxegel.lv\/lv\/product-lv\/the-ombre-atelier-pastel\/"]}]},{"@type":"ImageObject","inLanguage":"lv-LV","@id":"https:\/\/luxegel.lv\/lv\/product-lv\/the-ombre-atelier-pastel\/#primaryimage","url":"https:\/\/luxegel.lv\/wp-content\/uploads\/2026\/05\/the-ombre-atelier-pastel-patting-gel-web.png","contentUrl":"https:\/\/luxegel.lv\/wp-content\/uploads\/2026\/05\/the-ombre-atelier-pastel-patting-gel-web.png","width":800,"height":800},{"@type":"BreadcrumbList","@id":"https:\/\/luxegel.lv\/lv\/product-lv\/the-ombre-atelier-pastel\/#breadcrumb","itemListElement":[{"@type":"ListItem","position":1,"name":"Galven\u0101","item":"https:\/\/luxegel.lv\/lv\/"},{"@type":"ListItem","position":2,"name":"Veikals","item":"https:\/\/luxegel.lv\/lv\/veikals\/"},{"@type":"ListItem","position":3,"name":"The Ombr\u00e9 Atelier &#8211; Pastel"}]},{"@type":"WebSite","@id":"https:\/\/luxegel.lv\/lv\/#website","url":"https:\/\/luxegel.lv\/lv\/","name":"LUXE GEL PROFESSIONAL\u2122","description":"is a leading nail brand on the European market. Luxe Gel currently stock over 500 products including over 350 shades of gel polish, a complete builder gel system and our famous structure base.","potentialAction":[{"@type":"SearchAction","target":{"@type":"EntryPoint","urlTemplate":"https:\/\/luxegel.lv\/lv\/?s={search_term_string}"},"query-input":{"@type":"PropertyValueSpecification","valueRequired":true,"valueName":"search_term_string"}}],"inLanguage":"lv-LV"}]}},"_links":{"self":[{"href":"https:\/\/luxegel.lv\/lv\/wp-json\/wp\/v2\/product\/23714","targetHints":{"allow":["GET"]}}],"collection":[{"href":"https:\/\/luxegel.lv\/lv\/wp-json\/wp\/v2\/product"}],"about":[{"href":"https:\/\/luxegel.lv\/lv\/wp-json\/wp\/v2\/types\/product"}],"version-history":[{"count":2,"href":"https:\/\/luxegel.lv\/lv\/wp-json\/wp\/v2\/product\/23714\/revisions"}],"predecessor-version":[{"id":23725,"href":"https:\/\/luxegel.lv\/lv\/wp-json\/wp\/v2\/product\/23714\/revisions\/23725"}],"wp:featuredmedia":[{"embeddable":true,"href":"https:\/\/luxegel.lv\/lv\/wp-json\/wp\/v2\/media\/23717"}],"wp:attachment":[{"href":"https:\/\/luxegel.lv\/lv\/wp-json\/wp\/v2\/media?parent=23714"}],"wp:term":[{"taxonomy":"product_brand","embeddable":true,"href":"https:\/\/luxegel.lv\/lv\/wp-json\/wp\/v2\/product_brand?post=23714"},{"taxonomy":"product_cat","embeddable":true,"href":"https:\/\/luxegel.lv\/lv\/wp-json\/wp\/v2\/product_cat?post=23714"},{"taxonomy":"product_tag","embeddable":true,"href":"https:\/\/luxegel.lv\/lv\/wp-json\/wp\/v2\/product_tag?post=23714"}],"curies":[{"name":"wp","href":"https:\/\/api.w.org\/{rel}","templated":true}]}}