{"id":23677,"date":"2026-05-15T09:44:18","date_gmt":"2026-05-15T09:44:18","guid":{"rendered":"https:\/\/luxegel.lv\/?post_type=product&#038;p=23677"},"modified":"2026-05-15T09:45:41","modified_gmt":"2026-05-15T09:45:41","slug":"tonets-buvejosais-tops-sheer-dream","status":"publish","type":"product","link":"https:\/\/luxegel.lv\/lv\/product-lv\/tonets-buvejosais-tops-sheer-dream\/","title":{"rendered":"TON\u0112TS B\u016aV\u0112JO\u0160AIS TOPS \u2013 SHEER DREAM"},"content":{"rendered":"<p>Ieg\u016bstiet nevainojamus, profesion\u0101las kvalit\u0101tes nagus bez piep\u016bles.<span class=\"Apple-converted-space\">\u00a0<\/span><\/p>\n<p>B\u016bv\u0113jo\u0161s kau\u010duka tops ar toni<b> <\/b>\u2014 ide\u0101ls iztur\u012bbas, maiga to\u0146a un izteikta sp\u012bduma apvienojums.<span class=\"Apple-converted-space\">\u00a0<\/span><\/p>\n<p>Izstr\u0101d\u0101ta daudzpus\u012bbai, \u0161\u012b &#8220;viss vien\u0101&#8221; formula apvieno b\u016bv\u0113jo\u0161\u0101 g\u0113la iztur\u012bbu ar maigu toni, padarot to ide\u0101li piem\u0113rotu dab\u012bgam t\u0113lam un neman\u0101m\u0101m <i>baby boomer <\/i>dizaina p\u0101rej\u0101m.<span class=\"Apple-converted-space\">\u00a0<\/span><\/p>\n<p>Izskat\u0101s lieliski k\u0101 patst\u0101v\u012bgs p\u0101rkl\u0101jums t\u012bram, koptam kopt\u0113lam vai kl\u0101ts virs j\u016bsu iecien\u012bt\u0101kaj\u0101m g\u0113la lak\u0101m papildu dzi\u013cumam un stiprumam.<\/p>\n<p><b>Priek\u0161roc\u012bbas:<\/b><b><\/b><\/p>\n<ul>\n<li>Bez TPO un ar zemu HEMA saturu<\/li>\n<li>B\u016bv\u0113jo\u0161a formula papildu iztur\u012bbai<\/li>\n<li>Maigs, ton\u0113ts kl\u0101jums dabiskam un nevainojamam izskatam<\/li>\n<li>Izteikts sp\u012bdums<\/li>\n<li>Ide\u0101li piem\u0113rots <i>baby boomer<\/i> un ombr\u00e9 dizainiem<\/li>\n<li>Pa\u0161izl\u012bdzino\u0161a tekst\u016bra vieglai un vienm\u0113r\u012bgai uzkl\u0101\u0161anai<\/li>\n<li>Ilgnotur\u012bgs, iztur\u012bgs pret plais\u0101\u0161anu un nodrup\u0161anu<\/li>\n<li>Bez lip\u012bg\u0101 sl\u0101\u0146a<\/li>\n<li>Stiprina un aizsarg\u0101 dab\u012bgos nagus<\/li>\n<li>Elast\u012bga kau\u010duka b\u0101ze mazina nagu l\u016b\u0161anu<\/li>\n<li>Produkts piem\u0113rots veg\u0101niem, nav test\u0113ts uz dz\u012bvniekiem<\/li>\n<li>Dro\u0161a formula bez toksisk\u0101m viel\u0101<\/li>\n<li>Sader\u012bgs ar cit\u0101m g\u0113la lakas sist\u0113m\u0101m<\/li>\n<li>Nepiecie\u0161ama LED\/UV lampa<\/li>\n<\/ul>\n<p>Ieg\u016bstiet elegantus, dabiska izskata nagus ar nevainojamu sp\u012bdumu \u2014 tikai vien\u0101 sol\u012b.<\/p>\n<p><b>Tilpums:<\/b> 12ml \/ 0.4oz<\/p>\n<p><b>Sast\u0101vda\u013cas:<\/b><\/p>\n<ul>\n<li>Acrylates Copolymer<\/li>\n<li>Isobornyl methacrylate<\/li>\n<li>Ethyl Acetate<\/li>\n<li>Hydroxycyclohexyl phenyl ketone<\/li>\n<li>(2,4,6-Trimethylbenzoyl)di(p-tolyl)phosphine oxide<\/li>\n<li>Silicon dioxide Pigment<\/li>\n<li>Pigment<\/li>\n<\/ul>\n","protected":false},"excerpt":{"rendered":"<p>Ieg\u016bstiet nevainojamus, profesion\u0101las kvalit\u0101tes nagus bez piep\u016bles.\u00a0 B\u016bv\u0113jo\u0161s kau\u010duka tops ar toni \u2014 ide\u0101ls iztur\u012bbas, maiga to\u0146a un izteikta sp\u012bduma<\/p>\n","protected":false},"featured_media":23680,"template":"","meta":{"_acf_changed":false,"om_disable_all_campaigns":false},"product_brand":[],"product_cat":[539,154,181],"product_tag":[222,221],"class_list":{"0":"post-23677","1":"product","2":"type-product","3":"status-publish","4":"has-post-thumbnail","6":"product_cat-jaunumi","7":"product_cat-luxe-gel-professional-lv","8":"product_cat-topi","9":"product_tag-produkti","10":"product_tag-visi-produkti","12":"first","13":"instock","14":"shipping-taxable","15":"purchasable","16":"product-type-simple"},"acf":[],"yoast_head":"<!-- This site is optimized with the Yoast SEO plugin v23.8 - https:\/\/yoast.com\/wordpress\/plugins\/seo\/ -->\n<title>TON\u0112TS B\u016aV\u0112JO\u0160AIS TOPS \u2013 SHEER DREAM - LUXE GEL PROFESSIONAL\u2122<\/title>\n<meta name=\"robots\" content=\"index, follow, max-snippet:-1, max-image-preview:large, max-video-preview:-1\" \/>\n<link rel=\"canonical\" href=\"https:\/\/luxegel.lv\/lv\/product-lv\/tonets-buvejosais-tops-sheer-dream\/\" \/>\n<meta property=\"og:locale\" content=\"lv_LV\" \/>\n<meta property=\"og:type\" content=\"article\" \/>\n<meta property=\"og:title\" content=\"TON\u0112TS B\u016aV\u0112JO\u0160AIS TOPS \u2013 SHEER DREAM - LUXE GEL PROFESSIONAL\u2122\" \/>\n<meta property=\"og:description\" content=\"Ieg\u016bstiet nevainojamus, profesion\u0101las kvalit\u0101tes nagus bez piep\u016bles.\u00a0 B\u016bv\u0113jo\u0161s kau\u010duka tops ar toni \u2014 ide\u0101ls iztur\u012bbas, maiga to\u0146a un izteikta sp\u012bduma\" \/>\n<meta property=\"og:url\" content=\"https:\/\/luxegel.lv\/lv\/product-lv\/tonets-buvejosais-tops-sheer-dream\/\" \/>\n<meta property=\"og:site_name\" content=\"LUXE GEL PROFESSIONAL\u2122\" \/>\n<meta property=\"article:modified_time\" content=\"2026-05-15T09:45:41+00:00\" \/>\n<meta property=\"og:image\" content=\"https:\/\/luxegel.lv\/wp-content\/uploads\/2026\/05\/sheer_dream-tinted-builder-top.jpg-2.webp\" \/>\n\t<meta property=\"og:image:width\" content=\"1500\" \/>\n\t<meta property=\"og:image:height\" content=\"1500\" \/>\n\t<meta property=\"og:image:type\" content=\"image\/webp\" \/>\n<meta name=\"twitter:card\" content=\"summary_large_image\" \/>\n<meta name=\"twitter:label1\" content=\"Est. reading time\" \/>\n\t<meta name=\"twitter:data1\" content=\"2 minutes\" \/>\n<script type=\"application\/ld+json\" class=\"yoast-schema-graph\">{\"@context\":\"https:\/\/schema.org\",\"@graph\":[{\"@type\":\"WebPage\",\"@id\":\"https:\/\/luxegel.lv\/lv\/product-lv\/tonets-buvejosais-tops-sheer-dream\/\",\"url\":\"https:\/\/luxegel.lv\/lv\/product-lv\/tonets-buvejosais-tops-sheer-dream\/\",\"name\":\"TON\u0112TS B\u016aV\u0112JO\u0160AIS TOPS \u2013 SHEER DREAM - LUXE GEL PROFESSIONAL\u2122\",\"isPartOf\":{\"@id\":\"https:\/\/luxegel.lv\/lv\/#website\"},\"primaryImageOfPage\":{\"@id\":\"https:\/\/luxegel.lv\/lv\/product-lv\/tonets-buvejosais-tops-sheer-dream\/#primaryimage\"},\"image\":{\"@id\":\"https:\/\/luxegel.lv\/lv\/product-lv\/tonets-buvejosais-tops-sheer-dream\/#primaryimage\"},\"thumbnailUrl\":\"https:\/\/luxegel.lv\/wp-content\/uploads\/2026\/05\/sheer_dream-tinted-builder-top.jpg-2.webp\",\"datePublished\":\"2026-05-15T09:44:18+00:00\",\"dateModified\":\"2026-05-15T09:45:41+00:00\",\"breadcrumb\":{\"@id\":\"https:\/\/luxegel.lv\/lv\/product-lv\/tonets-buvejosais-tops-sheer-dream\/#breadcrumb\"},\"inLanguage\":\"lv-LV\",\"potentialAction\":[{\"@type\":\"ReadAction\",\"target\":[\"https:\/\/luxegel.lv\/lv\/product-lv\/tonets-buvejosais-tops-sheer-dream\/\"]}]},{\"@type\":\"ImageObject\",\"inLanguage\":\"lv-LV\",\"@id\":\"https:\/\/luxegel.lv\/lv\/product-lv\/tonets-buvejosais-tops-sheer-dream\/#primaryimage\",\"url\":\"https:\/\/luxegel.lv\/wp-content\/uploads\/2026\/05\/sheer_dream-tinted-builder-top.jpg-2.webp\",\"contentUrl\":\"https:\/\/luxegel.lv\/wp-content\/uploads\/2026\/05\/sheer_dream-tinted-builder-top.jpg-2.webp\",\"width\":1500,\"height\":1500},{\"@type\":\"BreadcrumbList\",\"@id\":\"https:\/\/luxegel.lv\/lv\/product-lv\/tonets-buvejosais-tops-sheer-dream\/#breadcrumb\",\"itemListElement\":[{\"@type\":\"ListItem\",\"position\":1,\"name\":\"Galven\u0101\",\"item\":\"https:\/\/luxegel.lv\/lv\/\"},{\"@type\":\"ListItem\",\"position\":2,\"name\":\"Veikals\",\"item\":\"https:\/\/luxegel.lv\/lv\/veikals\/\"},{\"@type\":\"ListItem\",\"position\":3,\"name\":\"TON\u0112TS B\u016aV\u0112JO\u0160AIS TOPS \u2013 SHEER DREAM\"}]},{\"@type\":\"WebSite\",\"@id\":\"https:\/\/luxegel.lv\/lv\/#website\",\"url\":\"https:\/\/luxegel.lv\/lv\/\",\"name\":\"LUXE GEL PROFESSIONAL\u2122\",\"description\":\"is a leading nail brand on the European market. Luxe Gel currently stock over 500 products including over 350 shades of gel polish, a complete builder gel system and our famous structure base.\",\"potentialAction\":[{\"@type\":\"SearchAction\",\"target\":{\"@type\":\"EntryPoint\",\"urlTemplate\":\"https:\/\/luxegel.lv\/lv\/?s={search_term_string}\"},\"query-input\":{\"@type\":\"PropertyValueSpecification\",\"valueRequired\":true,\"valueName\":\"search_term_string\"}}],\"inLanguage\":\"lv-LV\"}]}<\/script>\n<!-- \/ Yoast SEO plugin. -->","yoast_head_json":{"title":"TON\u0112TS B\u016aV\u0112JO\u0160AIS TOPS \u2013 SHEER DREAM - LUXE GEL PROFESSIONAL\u2122","robots":{"index":"index","follow":"follow","max-snippet":"max-snippet:-1","max-image-preview":"max-image-preview:large","max-video-preview":"max-video-preview:-1"},"canonical":"https:\/\/luxegel.lv\/lv\/product-lv\/tonets-buvejosais-tops-sheer-dream\/","og_locale":"lv_LV","og_type":"article","og_title":"TON\u0112TS B\u016aV\u0112JO\u0160AIS TOPS \u2013 SHEER DREAM - LUXE GEL PROFESSIONAL\u2122","og_description":"Ieg\u016bstiet nevainojamus, profesion\u0101las kvalit\u0101tes nagus bez piep\u016bles.\u00a0 B\u016bv\u0113jo\u0161s kau\u010duka tops ar toni \u2014 ide\u0101ls iztur\u012bbas, maiga to\u0146a un izteikta sp\u012bduma","og_url":"https:\/\/luxegel.lv\/lv\/product-lv\/tonets-buvejosais-tops-sheer-dream\/","og_site_name":"LUXE GEL PROFESSIONAL\u2122","article_modified_time":"2026-05-15T09:45:41+00:00","og_image":[{"width":1500,"height":1500,"url":"https:\/\/luxegel.lv\/wp-content\/uploads\/2026\/05\/sheer_dream-tinted-builder-top.jpg-2.webp","type":"image\/webp"}],"twitter_card":"summary_large_image","twitter_misc":{"Est. reading time":"2 minutes"},"schema":{"@context":"https:\/\/schema.org","@graph":[{"@type":"WebPage","@id":"https:\/\/luxegel.lv\/lv\/product-lv\/tonets-buvejosais-tops-sheer-dream\/","url":"https:\/\/luxegel.lv\/lv\/product-lv\/tonets-buvejosais-tops-sheer-dream\/","name":"TON\u0112TS B\u016aV\u0112JO\u0160AIS TOPS \u2013 SHEER DREAM - LUXE GEL PROFESSIONAL\u2122","isPartOf":{"@id":"https:\/\/luxegel.lv\/lv\/#website"},"primaryImageOfPage":{"@id":"https:\/\/luxegel.lv\/lv\/product-lv\/tonets-buvejosais-tops-sheer-dream\/#primaryimage"},"image":{"@id":"https:\/\/luxegel.lv\/lv\/product-lv\/tonets-buvejosais-tops-sheer-dream\/#primaryimage"},"thumbnailUrl":"https:\/\/luxegel.lv\/wp-content\/uploads\/2026\/05\/sheer_dream-tinted-builder-top.jpg-2.webp","datePublished":"2026-05-15T09:44:18+00:00","dateModified":"2026-05-15T09:45:41+00:00","breadcrumb":{"@id":"https:\/\/luxegel.lv\/lv\/product-lv\/tonets-buvejosais-tops-sheer-dream\/#breadcrumb"},"inLanguage":"lv-LV","potentialAction":[{"@type":"ReadAction","target":["https:\/\/luxegel.lv\/lv\/product-lv\/tonets-buvejosais-tops-sheer-dream\/"]}]},{"@type":"ImageObject","inLanguage":"lv-LV","@id":"https:\/\/luxegel.lv\/lv\/product-lv\/tonets-buvejosais-tops-sheer-dream\/#primaryimage","url":"https:\/\/luxegel.lv\/wp-content\/uploads\/2026\/05\/sheer_dream-tinted-builder-top.jpg-2.webp","contentUrl":"https:\/\/luxegel.lv\/wp-content\/uploads\/2026\/05\/sheer_dream-tinted-builder-top.jpg-2.webp","width":1500,"height":1500},{"@type":"BreadcrumbList","@id":"https:\/\/luxegel.lv\/lv\/product-lv\/tonets-buvejosais-tops-sheer-dream\/#breadcrumb","itemListElement":[{"@type":"ListItem","position":1,"name":"Galven\u0101","item":"https:\/\/luxegel.lv\/lv\/"},{"@type":"ListItem","position":2,"name":"Veikals","item":"https:\/\/luxegel.lv\/lv\/veikals\/"},{"@type":"ListItem","position":3,"name":"TON\u0112TS B\u016aV\u0112JO\u0160AIS TOPS \u2013 SHEER DREAM"}]},{"@type":"WebSite","@id":"https:\/\/luxegel.lv\/lv\/#website","url":"https:\/\/luxegel.lv\/lv\/","name":"LUXE GEL PROFESSIONAL\u2122","description":"is a leading nail brand on the European market. Luxe Gel currently stock over 500 products including over 350 shades of gel polish, a complete builder gel system and our famous structure base.","potentialAction":[{"@type":"SearchAction","target":{"@type":"EntryPoint","urlTemplate":"https:\/\/luxegel.lv\/lv\/?s={search_term_string}"},"query-input":{"@type":"PropertyValueSpecification","valueRequired":true,"valueName":"search_term_string"}}],"inLanguage":"lv-LV"}]}},"_links":{"self":[{"href":"https:\/\/luxegel.lv\/lv\/wp-json\/wp\/v2\/product\/23677","targetHints":{"allow":["GET"]}}],"collection":[{"href":"https:\/\/luxegel.lv\/lv\/wp-json\/wp\/v2\/product"}],"about":[{"href":"https:\/\/luxegel.lv\/lv\/wp-json\/wp\/v2\/types\/product"}],"version-history":[{"count":2,"href":"https:\/\/luxegel.lv\/lv\/wp-json\/wp\/v2\/product\/23677\/revisions"}],"predecessor-version":[{"id":23685,"href":"https:\/\/luxegel.lv\/lv\/wp-json\/wp\/v2\/product\/23677\/revisions\/23685"}],"wp:featuredmedia":[{"embeddable":true,"href":"https:\/\/luxegel.lv\/lv\/wp-json\/wp\/v2\/media\/23680"}],"wp:attachment":[{"href":"https:\/\/luxegel.lv\/lv\/wp-json\/wp\/v2\/media?parent=23677"}],"wp:term":[{"taxonomy":"product_brand","embeddable":true,"href":"https:\/\/luxegel.lv\/lv\/wp-json\/wp\/v2\/product_brand?post=23677"},{"taxonomy":"product_cat","embeddable":true,"href":"https:\/\/luxegel.lv\/lv\/wp-json\/wp\/v2\/product_cat?post=23677"},{"taxonomy":"product_tag","embeddable":true,"href":"https:\/\/luxegel.lv\/lv\/wp-json\/wp\/v2\/product_tag?post=23677"}],"curies":[{"name":"wp","href":"https:\/\/api.w.org\/{rel}","templated":true}]}}