{"id":23237,"date":"2026-04-30T07:12:52","date_gmt":"2026-04-30T07:12:52","guid":{"rendered":"https:\/\/luxegel.lv\/?post_type=product&#038;p=23237"},"modified":"2026-04-30T07:14:25","modified_gmt":"2026-04-30T07:14:25","slug":"poligel-bundle-5-for-130","status":"publish","type":"product","link":"https:\/\/luxegel.lv\/lv\/product-lv\/poligel-bundle-5-for-130\/","title":{"rendered":"POLIGEL BUNDLE \u2013 5 FOR \u20ac130"},"content":{"rendered":"<p><b>POLIGEL komplekti<\/b> par p\u0101rsteidzo\u0161\u0101m cen\u0101m.<\/p>\n<p>Lieliska iesp\u0113ja papildin\u0101t savu kolekciju ar <b>augst\u0101k\u0101s kvalit\u0101tes profesion\u0101liem produktiem<\/b>, kuriem uzticas meistari vis\u0101 pasaul\u0113.<\/p>\n<p><b>K\u0101p\u0113c izv\u0113l\u0113ties \u0161o pied\u0101v\u0101jumu:<\/b><b><\/b><\/p>\n<ul>\n<li>premium kvalit\u0101te profesion\u0101lai lieto\u0161anai<\/li>\n<li>pla\u0161s to\u0146u kl\u0101sts<\/li>\n<li>notur\u012bgs rezult\u0101ts<\/li>\n<li>iespaid\u012bgs ietaup\u012bjums, ieg\u0101d\u0101joties komplekt\u0101<\/li>\n<\/ul>\n<p><b>K\u0101 tas darbojas:<\/b><br \/>\n\u2022 izv\u0113lies komplekta izm\u0113ru<br \/>\n\u2022 pievieno to grozam<br \/>\n\u2022 nor\u0101di v\u0113lam\u0101s kr\u0101sas pas\u016bt\u012bjuma piez\u012bm\u0113s<\/p>\n<p>M\u0113s r\u016bp\u012bgi sakomplekt\u0113sim izv\u0113l\u0113to komplektu.<br \/>\nJa k\u0101da no izv\u0113l\u0113taj\u0101m kr\u0101s\u0101m neb\u016bs pieejama, t\u0101 tiks aizvietota ar l\u012bdz\u012bgas kr\u0101sas polig\u0113lu t\u0101d\u0101 pa\u0161\u0101 v\u0113rt\u012bb\u0101 \u2014 saglab\u0101jot harmonisku to\u0146u l\u012bdzsvaru.<\/p>\n<p>Ietaupi vair\u0101k. Radi vair\u0101k.<\/p>\n","protected":false},"excerpt":{"rendered":"<p>POLIGEL komplekti par p\u0101rsteidzo\u0161\u0101m cen\u0101m. Lieliska iesp\u0113ja papildin\u0101t savu kolekciju ar augst\u0101k\u0101s kvalit\u0101tes profesion\u0101liem produktiem, kuriem uzticas meistari vis\u0101 pasaul\u0113.<\/p>\n","protected":false},"featured_media":23240,"template":"","meta":{"_acf_changed":false,"om_disable_all_campaigns":false},"product_brand":[],"product_cat":[312,539,246,154,444],"product_tag":[162],"class_list":{"0":"post-23237","1":"product","2":"type-product","3":"status-publish","4":"has-post-thumbnail","6":"product_cat-izpardosana","7":"product_cat-jaunumi","8":"product_cat-kolekcijas-un-komplekti","9":"product_cat-luxe-gel-professional-lv","10":"product_cat-poligels","11":"product_tag-mix-match-komplekti","13":"first","14":"instock","15":"sale","16":"shipping-taxable","17":"purchasable","18":"product-type-simple"},"acf":[],"yoast_head":"<!-- This site is optimized with the Yoast SEO plugin v23.8 - https:\/\/yoast.com\/wordpress\/plugins\/seo\/ -->\n<title>POLIGEL BUNDLE \u2013 5 FOR \u20ac130 - LUXE GEL PROFESSIONAL\u2122<\/title>\n<meta name=\"robots\" content=\"index, follow, max-snippet:-1, max-image-preview:large, max-video-preview:-1\" \/>\n<link rel=\"canonical\" href=\"https:\/\/luxegel.lv\/lv\/product-lv\/poligel-bundle-5-for-130\/\" \/>\n<meta property=\"og:locale\" content=\"lv_LV\" \/>\n<meta property=\"og:type\" content=\"article\" \/>\n<meta property=\"og:title\" content=\"POLIGEL BUNDLE \u2013 5 FOR \u20ac130 - LUXE GEL PROFESSIONAL\u2122\" \/>\n<meta property=\"og:description\" content=\"POLIGEL komplekti par p\u0101rsteidzo\u0161\u0101m cen\u0101m. Lieliska iesp\u0113ja papildin\u0101t savu kolekciju ar augst\u0101k\u0101s kvalit\u0101tes profesion\u0101liem produktiem, kuriem uzticas meistari vis\u0101 pasaul\u0113.\" \/>\n<meta property=\"og:url\" content=\"https:\/\/luxegel.lv\/lv\/product-lv\/poligel-bundle-5-for-130\/\" \/>\n<meta property=\"og:site_name\" content=\"LUXE GEL PROFESSIONAL\u2122\" \/>\n<meta property=\"article:modified_time\" content=\"2026-04-30T07:14:25+00:00\" \/>\n<meta property=\"og:image\" content=\"https:\/\/luxegel.lv\/wp-content\/uploads\/2026\/04\/poligel-bundle-5-for-130.png.webp\" \/>\n\t<meta property=\"og:image:width\" content=\"1500\" \/>\n\t<meta property=\"og:image:height\" content=\"1500\" \/>\n\t<meta property=\"og:image:type\" content=\"image\/webp\" \/>\n<meta name=\"twitter:card\" content=\"summary_large_image\" \/>\n<meta name=\"twitter:label1\" content=\"Est. reading time\" \/>\n\t<meta name=\"twitter:data1\" content=\"1 minute\" \/>\n<script type=\"application\/ld+json\" class=\"yoast-schema-graph\">{\"@context\":\"https:\/\/schema.org\",\"@graph\":[{\"@type\":\"WebPage\",\"@id\":\"https:\/\/luxegel.lv\/lv\/product-lv\/poligel-bundle-5-for-130\/\",\"url\":\"https:\/\/luxegel.lv\/lv\/product-lv\/poligel-bundle-5-for-130\/\",\"name\":\"POLIGEL BUNDLE \u2013 5 FOR \u20ac130 - LUXE GEL PROFESSIONAL\u2122\",\"isPartOf\":{\"@id\":\"https:\/\/luxegel.lv\/lv\/#website\"},\"primaryImageOfPage\":{\"@id\":\"https:\/\/luxegel.lv\/lv\/product-lv\/poligel-bundle-5-for-130\/#primaryimage\"},\"image\":{\"@id\":\"https:\/\/luxegel.lv\/lv\/product-lv\/poligel-bundle-5-for-130\/#primaryimage\"},\"thumbnailUrl\":\"https:\/\/luxegel.lv\/wp-content\/uploads\/2026\/04\/poligel-bundle-5-for-130.png.webp\",\"datePublished\":\"2026-04-30T07:12:52+00:00\",\"dateModified\":\"2026-04-30T07:14:25+00:00\",\"breadcrumb\":{\"@id\":\"https:\/\/luxegel.lv\/lv\/product-lv\/poligel-bundle-5-for-130\/#breadcrumb\"},\"inLanguage\":\"lv-LV\",\"potentialAction\":[{\"@type\":\"ReadAction\",\"target\":[\"https:\/\/luxegel.lv\/lv\/product-lv\/poligel-bundle-5-for-130\/\"]}]},{\"@type\":\"ImageObject\",\"inLanguage\":\"lv-LV\",\"@id\":\"https:\/\/luxegel.lv\/lv\/product-lv\/poligel-bundle-5-for-130\/#primaryimage\",\"url\":\"https:\/\/luxegel.lv\/wp-content\/uploads\/2026\/04\/poligel-bundle-5-for-130.png.webp\",\"contentUrl\":\"https:\/\/luxegel.lv\/wp-content\/uploads\/2026\/04\/poligel-bundle-5-for-130.png.webp\",\"width\":1500,\"height\":1500},{\"@type\":\"BreadcrumbList\",\"@id\":\"https:\/\/luxegel.lv\/lv\/product-lv\/poligel-bundle-5-for-130\/#breadcrumb\",\"itemListElement\":[{\"@type\":\"ListItem\",\"position\":1,\"name\":\"Galven\u0101\",\"item\":\"https:\/\/luxegel.lv\/lv\/\"},{\"@type\":\"ListItem\",\"position\":2,\"name\":\"Veikals\",\"item\":\"https:\/\/luxegel.lv\/lv\/veikals\/\"},{\"@type\":\"ListItem\",\"position\":3,\"name\":\"POLIGEL BUNDLE \u2013 5 FOR \u20ac130\"}]},{\"@type\":\"WebSite\",\"@id\":\"https:\/\/luxegel.lv\/lv\/#website\",\"url\":\"https:\/\/luxegel.lv\/lv\/\",\"name\":\"LUXE GEL PROFESSIONAL\u2122\",\"description\":\"is a leading nail brand on the European market. Luxe Gel currently stock over 500 products including over 350 shades of gel polish, a complete builder gel system and our famous structure base.\",\"potentialAction\":[{\"@type\":\"SearchAction\",\"target\":{\"@type\":\"EntryPoint\",\"urlTemplate\":\"https:\/\/luxegel.lv\/lv\/?s={search_term_string}\"},\"query-input\":{\"@type\":\"PropertyValueSpecification\",\"valueRequired\":true,\"valueName\":\"search_term_string\"}}],\"inLanguage\":\"lv-LV\"}]}<\/script>\n<!-- \/ Yoast SEO plugin. -->","yoast_head_json":{"title":"POLIGEL BUNDLE \u2013 5 FOR \u20ac130 - LUXE GEL PROFESSIONAL\u2122","robots":{"index":"index","follow":"follow","max-snippet":"max-snippet:-1","max-image-preview":"max-image-preview:large","max-video-preview":"max-video-preview:-1"},"canonical":"https:\/\/luxegel.lv\/lv\/product-lv\/poligel-bundle-5-for-130\/","og_locale":"lv_LV","og_type":"article","og_title":"POLIGEL BUNDLE \u2013 5 FOR \u20ac130 - LUXE GEL PROFESSIONAL\u2122","og_description":"POLIGEL komplekti par p\u0101rsteidzo\u0161\u0101m cen\u0101m. Lieliska iesp\u0113ja papildin\u0101t savu kolekciju ar augst\u0101k\u0101s kvalit\u0101tes profesion\u0101liem produktiem, kuriem uzticas meistari vis\u0101 pasaul\u0113.","og_url":"https:\/\/luxegel.lv\/lv\/product-lv\/poligel-bundle-5-for-130\/","og_site_name":"LUXE GEL PROFESSIONAL\u2122","article_modified_time":"2026-04-30T07:14:25+00:00","og_image":[{"width":1500,"height":1500,"url":"https:\/\/luxegel.lv\/wp-content\/uploads\/2026\/04\/poligel-bundle-5-for-130.png.webp","type":"image\/webp"}],"twitter_card":"summary_large_image","twitter_misc":{"Est. reading time":"1 minute"},"schema":{"@context":"https:\/\/schema.org","@graph":[{"@type":"WebPage","@id":"https:\/\/luxegel.lv\/lv\/product-lv\/poligel-bundle-5-for-130\/","url":"https:\/\/luxegel.lv\/lv\/product-lv\/poligel-bundle-5-for-130\/","name":"POLIGEL BUNDLE \u2013 5 FOR \u20ac130 - LUXE GEL PROFESSIONAL\u2122","isPartOf":{"@id":"https:\/\/luxegel.lv\/lv\/#website"},"primaryImageOfPage":{"@id":"https:\/\/luxegel.lv\/lv\/product-lv\/poligel-bundle-5-for-130\/#primaryimage"},"image":{"@id":"https:\/\/luxegel.lv\/lv\/product-lv\/poligel-bundle-5-for-130\/#primaryimage"},"thumbnailUrl":"https:\/\/luxegel.lv\/wp-content\/uploads\/2026\/04\/poligel-bundle-5-for-130.png.webp","datePublished":"2026-04-30T07:12:52+00:00","dateModified":"2026-04-30T07:14:25+00:00","breadcrumb":{"@id":"https:\/\/luxegel.lv\/lv\/product-lv\/poligel-bundle-5-for-130\/#breadcrumb"},"inLanguage":"lv-LV","potentialAction":[{"@type":"ReadAction","target":["https:\/\/luxegel.lv\/lv\/product-lv\/poligel-bundle-5-for-130\/"]}]},{"@type":"ImageObject","inLanguage":"lv-LV","@id":"https:\/\/luxegel.lv\/lv\/product-lv\/poligel-bundle-5-for-130\/#primaryimage","url":"https:\/\/luxegel.lv\/wp-content\/uploads\/2026\/04\/poligel-bundle-5-for-130.png.webp","contentUrl":"https:\/\/luxegel.lv\/wp-content\/uploads\/2026\/04\/poligel-bundle-5-for-130.png.webp","width":1500,"height":1500},{"@type":"BreadcrumbList","@id":"https:\/\/luxegel.lv\/lv\/product-lv\/poligel-bundle-5-for-130\/#breadcrumb","itemListElement":[{"@type":"ListItem","position":1,"name":"Galven\u0101","item":"https:\/\/luxegel.lv\/lv\/"},{"@type":"ListItem","position":2,"name":"Veikals","item":"https:\/\/luxegel.lv\/lv\/veikals\/"},{"@type":"ListItem","position":3,"name":"POLIGEL BUNDLE \u2013 5 FOR \u20ac130"}]},{"@type":"WebSite","@id":"https:\/\/luxegel.lv\/lv\/#website","url":"https:\/\/luxegel.lv\/lv\/","name":"LUXE GEL PROFESSIONAL\u2122","description":"is a leading nail brand on the European market. Luxe Gel currently stock over 500 products including over 350 shades of gel polish, a complete builder gel system and our famous structure base.","potentialAction":[{"@type":"SearchAction","target":{"@type":"EntryPoint","urlTemplate":"https:\/\/luxegel.lv\/lv\/?s={search_term_string}"},"query-input":{"@type":"PropertyValueSpecification","valueRequired":true,"valueName":"search_term_string"}}],"inLanguage":"lv-LV"}]}},"_links":{"self":[{"href":"https:\/\/luxegel.lv\/lv\/wp-json\/wp\/v2\/product\/23237","targetHints":{"allow":["GET"]}}],"collection":[{"href":"https:\/\/luxegel.lv\/lv\/wp-json\/wp\/v2\/product"}],"about":[{"href":"https:\/\/luxegel.lv\/lv\/wp-json\/wp\/v2\/types\/product"}],"version-history":[{"count":2,"href":"https:\/\/luxegel.lv\/lv\/wp-json\/wp\/v2\/product\/23237\/revisions"}],"predecessor-version":[{"id":23245,"href":"https:\/\/luxegel.lv\/lv\/wp-json\/wp\/v2\/product\/23237\/revisions\/23245"}],"wp:featuredmedia":[{"embeddable":true,"href":"https:\/\/luxegel.lv\/lv\/wp-json\/wp\/v2\/media\/23240"}],"wp:attachment":[{"href":"https:\/\/luxegel.lv\/lv\/wp-json\/wp\/v2\/media?parent=23237"}],"wp:term":[{"taxonomy":"product_brand","embeddable":true,"href":"https:\/\/luxegel.lv\/lv\/wp-json\/wp\/v2\/product_brand?post=23237"},{"taxonomy":"product_cat","embeddable":true,"href":"https:\/\/luxegel.lv\/lv\/wp-json\/wp\/v2\/product_cat?post=23237"},{"taxonomy":"product_tag","embeddable":true,"href":"https:\/\/luxegel.lv\/lv\/wp-json\/wp\/v2\/product_tag?post=23237"}],"curies":[{"name":"wp","href":"https:\/\/api.w.org\/{rel}","templated":true}]}}