{"id":22588,"date":"2026-04-14T10:35:41","date_gmt":"2026-04-14T10:35:41","guid":{"rendered":"https:\/\/luxegel.lv\/?post_type=product&#038;p=22588"},"modified":"2026-04-14T10:36:43","modified_gmt":"2026-04-14T10:36:43","slug":"luxe-gel-polo-krekls-l-izmers","status":"publish","type":"product","link":"https:\/\/luxegel.lv\/lv\/product-lv\/luxe-gel-polo-krekls-l-izmers\/","title":{"rendered":"LUXE GEL POLO KREKLS \u2013 L IZM\u0112RS"},"content":{"rendered":"<p data-start=\"158\" data-end=\"324\">\u0160is unisex polo krekls ir lieliski piem\u0113rots gan sieviet\u0113m, gan v\u012brie\u0161iem.<br data-start=\"232\" data-end=\"235\" \/>Piegu\u013co\u0161ais piegriezums izce\u013c siluetu, vienlaikus nodro\u0161inot komfortu un kust\u012bbu br\u012bv\u012bbu.<\/p>\n<p data-start=\"326\" data-end=\"433\">Audums ir \u012bpa\u0161i m\u012bksts un pat\u012bkams \u0101dai.<br data-start=\"366\" data-end=\"369\" \/>Tas neburz\u0101s un saglab\u0101 nevainojamu izskatu visas dienas garum\u0101.<\/p>\n<p data-start=\"435\" data-end=\"535\">Maigais b\u0113\u0161ais tonis izskat\u0101s eleganti un izsmalcin\u0101ti.<br data-start=\"490\" data-end=\"493\" \/>Ide\u0101la izv\u0113le pat visstil\u012bg\u0101kajam salonam.<\/p>\n<p data-start=\"537\" data-end=\"591\">Luxe Gel \u2014 kur komforts satiekas ar nevainojamu stilu.<\/p>\n","protected":false},"excerpt":{"rendered":"<p>\u0160is unisex polo krekls ir lieliski piem\u0113rots gan sieviet\u0113m, gan v\u012brie\u0161iem.Piegu\u013co\u0161ais piegriezums izce\u013c siluetu, vienlaikus nodro\u0161inot komfortu un kust\u012bbu br\u012bv\u012bbu.<\/p>\n","protected":false},"featured_media":22566,"template":"","meta":{"_acf_changed":false},"product_brand":[],"product_cat":[276,154,539,564],"product_tag":[222,221],"class_list":{"0":"post-22588","1":"product","2":"type-product","3":"status-publish","4":"has-post-thumbnail","6":"product_cat-drugie-tovary","7":"product_cat-luxe-gel-professional-lv","8":"product_cat-jaunumi","9":"product_cat-salona-tekstils","10":"product_tag-produkti","11":"product_tag-visi-produkti","13":"first","14":"instock","15":"shipping-taxable","16":"purchasable","17":"product-type-simple"},"acf":[],"yoast_head":"<!-- This site is optimized with the Yoast SEO plugin v23.8 - https:\/\/yoast.com\/wordpress\/plugins\/seo\/ -->\n<title>LUXE GEL POLO KREKLS \u2013 L IZM\u0112RS - LUXE GEL PROFESSIONAL\u2122<\/title>\n<meta name=\"robots\" content=\"index, follow, max-snippet:-1, max-image-preview:large, max-video-preview:-1\" \/>\n<link rel=\"canonical\" href=\"https:\/\/luxegel.lv\/lv\/product-lv\/luxe-gel-polo-krekls-l-izmers\/\" \/>\n<meta property=\"og:locale\" content=\"lv_LV\" \/>\n<meta property=\"og:type\" content=\"article\" \/>\n<meta property=\"og:title\" content=\"LUXE GEL POLO KREKLS \u2013 L IZM\u0112RS - LUXE GEL PROFESSIONAL\u2122\" \/>\n<meta property=\"og:description\" content=\"\u0160is unisex polo krekls ir lieliski piem\u0113rots gan sieviet\u0113m, gan v\u012brie\u0161iem.Piegu\u013co\u0161ais piegriezums izce\u013c siluetu, vienlaikus nodro\u0161inot komfortu un kust\u012bbu br\u012bv\u012bbu.\" \/>\n<meta property=\"og:url\" content=\"https:\/\/luxegel.lv\/lv\/product-lv\/luxe-gel-polo-krekls-l-izmers\/\" \/>\n<meta property=\"og:site_name\" content=\"LUXE GEL PROFESSIONAL\u2122\" \/>\n<meta property=\"article:modified_time\" content=\"2026-04-14T10:36:43+00:00\" \/>\n<meta property=\"og:image\" content=\"https:\/\/luxegel.lv\/wp-content\/uploads\/2026\/04\/luxegel-poloshirt-1.jpg.webp\" \/>\n\t<meta property=\"og:image:width\" content=\"1024\" \/>\n\t<meta property=\"og:image:height\" content=\"1024\" \/>\n\t<meta property=\"og:image:type\" content=\"image\/webp\" \/>\n<meta name=\"twitter:card\" content=\"summary_large_image\" \/>\n<meta name=\"twitter:label1\" content=\"Est. reading time\" \/>\n\t<meta name=\"twitter:data1\" content=\"1 minute\" \/>\n<script type=\"application\/ld+json\" class=\"yoast-schema-graph\">{\"@context\":\"https:\/\/schema.org\",\"@graph\":[{\"@type\":\"WebPage\",\"@id\":\"https:\/\/luxegel.lv\/lv\/product-lv\/luxe-gel-polo-krekls-l-izmers\/\",\"url\":\"https:\/\/luxegel.lv\/lv\/product-lv\/luxe-gel-polo-krekls-l-izmers\/\",\"name\":\"LUXE GEL POLO KREKLS \u2013 L IZM\u0112RS - LUXE GEL PROFESSIONAL\u2122\",\"isPartOf\":{\"@id\":\"https:\/\/luxegel.lv\/lv\/#website\"},\"primaryImageOfPage\":{\"@id\":\"https:\/\/luxegel.lv\/lv\/product-lv\/luxe-gel-polo-krekls-l-izmers\/#primaryimage\"},\"image\":{\"@id\":\"https:\/\/luxegel.lv\/lv\/product-lv\/luxe-gel-polo-krekls-l-izmers\/#primaryimage\"},\"thumbnailUrl\":\"https:\/\/luxegel.lv\/wp-content\/uploads\/2026\/04\/luxegel-poloshirt-1.jpg.webp\",\"datePublished\":\"2026-04-14T10:35:41+00:00\",\"dateModified\":\"2026-04-14T10:36:43+00:00\",\"breadcrumb\":{\"@id\":\"https:\/\/luxegel.lv\/lv\/product-lv\/luxe-gel-polo-krekls-l-izmers\/#breadcrumb\"},\"inLanguage\":\"lv-LV\",\"potentialAction\":[{\"@type\":\"ReadAction\",\"target\":[\"https:\/\/luxegel.lv\/lv\/product-lv\/luxe-gel-polo-krekls-l-izmers\/\"]}]},{\"@type\":\"ImageObject\",\"inLanguage\":\"lv-LV\",\"@id\":\"https:\/\/luxegel.lv\/lv\/product-lv\/luxe-gel-polo-krekls-l-izmers\/#primaryimage\",\"url\":\"https:\/\/luxegel.lv\/wp-content\/uploads\/2026\/04\/luxegel-poloshirt-1.jpg.webp\",\"contentUrl\":\"https:\/\/luxegel.lv\/wp-content\/uploads\/2026\/04\/luxegel-poloshirt-1.jpg.webp\",\"width\":1024,\"height\":1024},{\"@type\":\"BreadcrumbList\",\"@id\":\"https:\/\/luxegel.lv\/lv\/product-lv\/luxe-gel-polo-krekls-l-izmers\/#breadcrumb\",\"itemListElement\":[{\"@type\":\"ListItem\",\"position\":1,\"name\":\"Galven\u0101\",\"item\":\"https:\/\/luxegel.lv\/lv\/\"},{\"@type\":\"ListItem\",\"position\":2,\"name\":\"Veikals\",\"item\":\"https:\/\/luxegel.lv\/lv\/veikals\/\"},{\"@type\":\"ListItem\",\"position\":3,\"name\":\"LUXE GEL POLO KREKLS \u2013 L IZM\u0112RS\"}]},{\"@type\":\"WebSite\",\"@id\":\"https:\/\/luxegel.lv\/lv\/#website\",\"url\":\"https:\/\/luxegel.lv\/lv\/\",\"name\":\"LUXE GEL PROFESSIONAL\u2122\",\"description\":\"is a leading nail brand on the European market. Luxe Gel currently stock over 500 products including over 350 shades of gel polish, a complete builder gel system and our famous structure base.\",\"potentialAction\":[{\"@type\":\"SearchAction\",\"target\":{\"@type\":\"EntryPoint\",\"urlTemplate\":\"https:\/\/luxegel.lv\/lv\/?s={search_term_string}\"},\"query-input\":{\"@type\":\"PropertyValueSpecification\",\"valueRequired\":true,\"valueName\":\"search_term_string\"}}],\"inLanguage\":\"lv-LV\"}]}<\/script>\n<!-- \/ Yoast SEO plugin. -->","yoast_head_json":{"title":"LUXE GEL POLO KREKLS \u2013 L IZM\u0112RS - LUXE GEL PROFESSIONAL\u2122","robots":{"index":"index","follow":"follow","max-snippet":"max-snippet:-1","max-image-preview":"max-image-preview:large","max-video-preview":"max-video-preview:-1"},"canonical":"https:\/\/luxegel.lv\/lv\/product-lv\/luxe-gel-polo-krekls-l-izmers\/","og_locale":"lv_LV","og_type":"article","og_title":"LUXE GEL POLO KREKLS \u2013 L IZM\u0112RS - LUXE GEL PROFESSIONAL\u2122","og_description":"\u0160is unisex polo krekls ir lieliski piem\u0113rots gan sieviet\u0113m, gan v\u012brie\u0161iem.Piegu\u013co\u0161ais piegriezums izce\u013c siluetu, vienlaikus nodro\u0161inot komfortu un kust\u012bbu br\u012bv\u012bbu.","og_url":"https:\/\/luxegel.lv\/lv\/product-lv\/luxe-gel-polo-krekls-l-izmers\/","og_site_name":"LUXE GEL PROFESSIONAL\u2122","article_modified_time":"2026-04-14T10:36:43+00:00","og_image":[{"width":1024,"height":1024,"url":"https:\/\/luxegel.lv\/wp-content\/uploads\/2026\/04\/luxegel-poloshirt-1.jpg.webp","type":"image\/webp"}],"twitter_card":"summary_large_image","twitter_misc":{"Est. reading time":"1 minute"},"schema":{"@context":"https:\/\/schema.org","@graph":[{"@type":"WebPage","@id":"https:\/\/luxegel.lv\/lv\/product-lv\/luxe-gel-polo-krekls-l-izmers\/","url":"https:\/\/luxegel.lv\/lv\/product-lv\/luxe-gel-polo-krekls-l-izmers\/","name":"LUXE GEL POLO KREKLS \u2013 L IZM\u0112RS - LUXE GEL PROFESSIONAL\u2122","isPartOf":{"@id":"https:\/\/luxegel.lv\/lv\/#website"},"primaryImageOfPage":{"@id":"https:\/\/luxegel.lv\/lv\/product-lv\/luxe-gel-polo-krekls-l-izmers\/#primaryimage"},"image":{"@id":"https:\/\/luxegel.lv\/lv\/product-lv\/luxe-gel-polo-krekls-l-izmers\/#primaryimage"},"thumbnailUrl":"https:\/\/luxegel.lv\/wp-content\/uploads\/2026\/04\/luxegel-poloshirt-1.jpg.webp","datePublished":"2026-04-14T10:35:41+00:00","dateModified":"2026-04-14T10:36:43+00:00","breadcrumb":{"@id":"https:\/\/luxegel.lv\/lv\/product-lv\/luxe-gel-polo-krekls-l-izmers\/#breadcrumb"},"inLanguage":"lv-LV","potentialAction":[{"@type":"ReadAction","target":["https:\/\/luxegel.lv\/lv\/product-lv\/luxe-gel-polo-krekls-l-izmers\/"]}]},{"@type":"ImageObject","inLanguage":"lv-LV","@id":"https:\/\/luxegel.lv\/lv\/product-lv\/luxe-gel-polo-krekls-l-izmers\/#primaryimage","url":"https:\/\/luxegel.lv\/wp-content\/uploads\/2026\/04\/luxegel-poloshirt-1.jpg.webp","contentUrl":"https:\/\/luxegel.lv\/wp-content\/uploads\/2026\/04\/luxegel-poloshirt-1.jpg.webp","width":1024,"height":1024},{"@type":"BreadcrumbList","@id":"https:\/\/luxegel.lv\/lv\/product-lv\/luxe-gel-polo-krekls-l-izmers\/#breadcrumb","itemListElement":[{"@type":"ListItem","position":1,"name":"Galven\u0101","item":"https:\/\/luxegel.lv\/lv\/"},{"@type":"ListItem","position":2,"name":"Veikals","item":"https:\/\/luxegel.lv\/lv\/veikals\/"},{"@type":"ListItem","position":3,"name":"LUXE GEL POLO KREKLS \u2013 L IZM\u0112RS"}]},{"@type":"WebSite","@id":"https:\/\/luxegel.lv\/lv\/#website","url":"https:\/\/luxegel.lv\/lv\/","name":"LUXE GEL PROFESSIONAL\u2122","description":"is a leading nail brand on the European market. Luxe Gel currently stock over 500 products including over 350 shades of gel polish, a complete builder gel system and our famous structure base.","potentialAction":[{"@type":"SearchAction","target":{"@type":"EntryPoint","urlTemplate":"https:\/\/luxegel.lv\/lv\/?s={search_term_string}"},"query-input":{"@type":"PropertyValueSpecification","valueRequired":true,"valueName":"search_term_string"}}],"inLanguage":"lv-LV"}]}},"_links":{"self":[{"href":"https:\/\/luxegel.lv\/lv\/wp-json\/wp\/v2\/product\/22588","targetHints":{"allow":["GET"]}}],"collection":[{"href":"https:\/\/luxegel.lv\/lv\/wp-json\/wp\/v2\/product"}],"about":[{"href":"https:\/\/luxegel.lv\/lv\/wp-json\/wp\/v2\/types\/product"}],"version-history":[{"count":2,"href":"https:\/\/luxegel.lv\/lv\/wp-json\/wp\/v2\/product\/22588\/revisions"}],"predecessor-version":[{"id":22593,"href":"https:\/\/luxegel.lv\/lv\/wp-json\/wp\/v2\/product\/22588\/revisions\/22593"}],"wp:featuredmedia":[{"embeddable":true,"href":"https:\/\/luxegel.lv\/lv\/wp-json\/wp\/v2\/media\/22566"}],"wp:attachment":[{"href":"https:\/\/luxegel.lv\/lv\/wp-json\/wp\/v2\/media?parent=22588"}],"wp:term":[{"taxonomy":"product_brand","embeddable":true,"href":"https:\/\/luxegel.lv\/lv\/wp-json\/wp\/v2\/product_brand?post=22588"},{"taxonomy":"product_cat","embeddable":true,"href":"https:\/\/luxegel.lv\/lv\/wp-json\/wp\/v2\/product_cat?post=22588"},{"taxonomy":"product_tag","embeddable":true,"href":"https:\/\/luxegel.lv\/lv\/wp-json\/wp\/v2\/product_tag?post=22588"}],"curies":[{"name":"wp","href":"https:\/\/api.w.org\/{rel}","templated":true}]}}