{"id":21587,"date":"2026-01-06T09:47:07","date_gmt":"2026-01-06T09:47:07","guid":{"rendered":"https:\/\/luxegel.lv\/?post_type=product&#038;p=21587"},"modified":"2026-01-06T09:51:20","modified_gmt":"2026-01-06T09:51:20","slug":"400-gela-laku-komplekts","status":"publish","type":"product","link":"https:\/\/luxegel.lv\/lv\/product-lv\/400-gela-laku-komplekts\/","title":{"rendered":"400 G\u0112LA LAKU KOMPLEKTS"},"content":{"rendered":"<p>400 g\u0113la laku to\u0146u komplekts \u2014 izdev\u012bgs mega komplekts ar pla\u0161u klasisko un aktu\u0101lo trendu to\u0146u kl\u0101stu.<\/p>\n<p>L\u016bdzu, nor\u0101diet v\u0113lamos to\u0146us pas\u016bt\u012bjuma piez\u012bm\u0113s. M\u0113s cent\u012bsimies iek\u013caut j\u016bsu izv\u0113l\u0113tos to\u0146us, ta\u010du pieejam\u012bba var at\u0161\u0137irties. Ja k\u0101ds no izv\u0113l\u0113tajiem to\u0146iem neb\u016bs pieejams, tas tiks aizst\u0101ts ar l\u012bdz\u012bgu toni t\u0101d\u0101 pa\u0161\u0101 v\u0113rt\u012bb\u0101.<\/p>\n<p>Izv\u0113loties \u0161o komplektu, j\u016bs sa\u0146emsiet <b>BEZMAKSAS d\u0101vanas<\/b>:<\/p>\n<ul>\n<li>3 kr\u0101su paraugu gr\u0101matas<\/li>\n<li>LED lampu<\/li>\n<li>Nagu putek\u013cu birst\u012bti<\/li>\n<li>Oti\u0146u smalku l\u012bniju z\u012bm\u0113\u0161anai (7 mm)<\/li>\n<li>Bez\u0161\u0137iedru salvetes<\/li>\n<li>Cleanser \u0161\u0137idrumu<\/li>\n<li>Dvieli<\/li>\n<li>Priek\u0161autu<\/li>\n<li>Knaibl\u012btes (3 mm)<\/li>\n<li>Skr\u0101pi<\/li>\n<li>Pu\u0161eri<\/li>\n<li>V\u012bles 80\/100, 120\/120, 100\/150, 100\/180, 180\/240 x2<\/li>\n<li>M izm\u0113ra cimdus (100 gab.)<\/li>\n<li>\u012apa\u0161u LG Pro somu un p\u0101rsteigumu<\/li>\n<\/ul>\n","protected":false},"excerpt":{"rendered":"<p>400 g\u0113la laku to\u0146u komplekts \u2014 izdev\u012bgs mega komplekts ar pla\u0161u klasisko un aktu\u0101lo trendu to\u0146u kl\u0101stu. L\u016bdzu, nor\u0101diet v\u0113lamos<\/p>\n","protected":false},"featured_media":21595,"template":"","meta":{"_acf_changed":false,"om_disable_all_campaigns":false},"product_brand":[],"product_cat":[509,499,157,312,246,503,154,511,513,517,507,505,501],"product_tag":[360,162],"class_list":{"0":"post-21587","1":"product","2":"type-product","3":"status-publish","4":"has-post-thumbnail","6":"product_cat-bez-hema","7":"product_cat-cashmere-2","8":"product_cat-gela-lakas","9":"product_cat-izpardosana","10":"product_cat-kolekcijas-un-komplekti","11":"product_cat-koshie-toni","12":"product_cat-luxe-gel-professional-lv","13":"product_cat-neitralie-toni","14":"product_cat-pasteltoni","15":"product_cat-sheer-2","16":"product_cat-toni-ar-gliteriem","17":"product_cat-tumshie-toni","18":"product_cat-visi-toni","19":"product_tag-gela-laka","20":"product_tag-mix-match-komplekti","22":"first","23":"instock","24":"sale","25":"shipping-taxable","26":"purchasable","27":"product-type-simple"},"acf":[],"yoast_head":"<!-- This site is optimized with the Yoast SEO plugin v23.8 - https:\/\/yoast.com\/wordpress\/plugins\/seo\/ -->\n<title>400 G\u0112LA LAKU KOMPLEKTS - LUXE GEL PROFESSIONAL\u2122<\/title>\n<meta name=\"robots\" content=\"index, follow, max-snippet:-1, max-image-preview:large, max-video-preview:-1\" \/>\n<link rel=\"canonical\" href=\"https:\/\/luxegel.lv\/lv\/product-lv\/400-gela-laku-komplekts\/\" \/>\n<meta property=\"og:locale\" content=\"lv_LV\" \/>\n<meta property=\"og:type\" content=\"article\" \/>\n<meta property=\"og:title\" content=\"400 G\u0112LA LAKU KOMPLEKTS - LUXE GEL PROFESSIONAL\u2122\" \/>\n<meta property=\"og:description\" content=\"400 g\u0113la laku to\u0146u komplekts \u2014 izdev\u012bgs mega komplekts ar pla\u0161u klasisko un aktu\u0101lo trendu to\u0146u kl\u0101stu. L\u016bdzu, nor\u0101diet v\u0113lamos\" \/>\n<meta property=\"og:url\" content=\"https:\/\/luxegel.lv\/lv\/product-lv\/400-gela-laku-komplekts\/\" \/>\n<meta property=\"og:site_name\" content=\"LUXE GEL PROFESSIONAL\u2122\" \/>\n<meta property=\"article:modified_time\" content=\"2026-01-06T09:51:20+00:00\" \/>\n<meta property=\"og:image\" content=\"https:\/\/luxegel.lv\/wp-content\/uploads\/2026\/01\/web-400-gel-polish-bundle-lv.png\" \/>\n\t<meta property=\"og:image:width\" content=\"1000\" \/>\n\t<meta property=\"og:image:height\" content=\"1000\" \/>\n\t<meta property=\"og:image:type\" content=\"image\/png\" \/>\n<meta name=\"twitter:card\" content=\"summary_large_image\" \/>\n<meta name=\"twitter:label1\" content=\"Est. reading time\" \/>\n\t<meta name=\"twitter:data1\" content=\"1 minute\" \/>\n<script type=\"application\/ld+json\" class=\"yoast-schema-graph\">{\"@context\":\"https:\/\/schema.org\",\"@graph\":[{\"@type\":\"WebPage\",\"@id\":\"https:\/\/luxegel.lv\/lv\/product-lv\/400-gela-laku-komplekts\/\",\"url\":\"https:\/\/luxegel.lv\/lv\/product-lv\/400-gela-laku-komplekts\/\",\"name\":\"400 G\u0112LA LAKU KOMPLEKTS - LUXE GEL PROFESSIONAL\u2122\",\"isPartOf\":{\"@id\":\"https:\/\/luxegel.lv\/lv\/#website\"},\"primaryImageOfPage\":{\"@id\":\"https:\/\/luxegel.lv\/lv\/product-lv\/400-gela-laku-komplekts\/#primaryimage\"},\"image\":{\"@id\":\"https:\/\/luxegel.lv\/lv\/product-lv\/400-gela-laku-komplekts\/#primaryimage\"},\"thumbnailUrl\":\"https:\/\/luxegel.lv\/wp-content\/uploads\/2026\/01\/web-400-gel-polish-bundle-lv.png\",\"datePublished\":\"2026-01-06T09:47:07+00:00\",\"dateModified\":\"2026-01-06T09:51:20+00:00\",\"breadcrumb\":{\"@id\":\"https:\/\/luxegel.lv\/lv\/product-lv\/400-gela-laku-komplekts\/#breadcrumb\"},\"inLanguage\":\"lv-LV\",\"potentialAction\":[{\"@type\":\"ReadAction\",\"target\":[\"https:\/\/luxegel.lv\/lv\/product-lv\/400-gela-laku-komplekts\/\"]}]},{\"@type\":\"ImageObject\",\"inLanguage\":\"lv-LV\",\"@id\":\"https:\/\/luxegel.lv\/lv\/product-lv\/400-gela-laku-komplekts\/#primaryimage\",\"url\":\"https:\/\/luxegel.lv\/wp-content\/uploads\/2026\/01\/web-400-gel-polish-bundle-lv.png\",\"contentUrl\":\"https:\/\/luxegel.lv\/wp-content\/uploads\/2026\/01\/web-400-gel-polish-bundle-lv.png\",\"width\":1000,\"height\":1000},{\"@type\":\"BreadcrumbList\",\"@id\":\"https:\/\/luxegel.lv\/lv\/product-lv\/400-gela-laku-komplekts\/#breadcrumb\",\"itemListElement\":[{\"@type\":\"ListItem\",\"position\":1,\"name\":\"Galven\u0101\",\"item\":\"https:\/\/luxegel.lv\/lv\/\"},{\"@type\":\"ListItem\",\"position\":2,\"name\":\"Veikals\",\"item\":\"https:\/\/luxegel.lv\/lv\/veikals\/\"},{\"@type\":\"ListItem\",\"position\":3,\"name\":\"400 G\u0112LA LAKU KOMPLEKTS\"}]},{\"@type\":\"WebSite\",\"@id\":\"https:\/\/luxegel.lv\/lv\/#website\",\"url\":\"https:\/\/luxegel.lv\/lv\/\",\"name\":\"LUXE GEL PROFESSIONAL\u2122\",\"description\":\"is a leading nail brand on the European market. Luxe Gel currently stock over 500 products including over 350 shades of gel polish, a complete builder gel system and our famous structure base.\",\"potentialAction\":[{\"@type\":\"SearchAction\",\"target\":{\"@type\":\"EntryPoint\",\"urlTemplate\":\"https:\/\/luxegel.lv\/lv\/?s={search_term_string}\"},\"query-input\":{\"@type\":\"PropertyValueSpecification\",\"valueRequired\":true,\"valueName\":\"search_term_string\"}}],\"inLanguage\":\"lv-LV\"}]}<\/script>\n<!-- \/ Yoast SEO plugin. -->","yoast_head_json":{"title":"400 G\u0112LA LAKU KOMPLEKTS - LUXE GEL PROFESSIONAL\u2122","robots":{"index":"index","follow":"follow","max-snippet":"max-snippet:-1","max-image-preview":"max-image-preview:large","max-video-preview":"max-video-preview:-1"},"canonical":"https:\/\/luxegel.lv\/lv\/product-lv\/400-gela-laku-komplekts\/","og_locale":"lv_LV","og_type":"article","og_title":"400 G\u0112LA LAKU KOMPLEKTS - LUXE GEL PROFESSIONAL\u2122","og_description":"400 g\u0113la laku to\u0146u komplekts \u2014 izdev\u012bgs mega komplekts ar pla\u0161u klasisko un aktu\u0101lo trendu to\u0146u kl\u0101stu. L\u016bdzu, nor\u0101diet v\u0113lamos","og_url":"https:\/\/luxegel.lv\/lv\/product-lv\/400-gela-laku-komplekts\/","og_site_name":"LUXE GEL PROFESSIONAL\u2122","article_modified_time":"2026-01-06T09:51:20+00:00","og_image":[{"width":1000,"height":1000,"url":"https:\/\/luxegel.lv\/wp-content\/uploads\/2026\/01\/web-400-gel-polish-bundle-lv.png","type":"image\/png"}],"twitter_card":"summary_large_image","twitter_misc":{"Est. reading time":"1 minute"},"schema":{"@context":"https:\/\/schema.org","@graph":[{"@type":"WebPage","@id":"https:\/\/luxegel.lv\/lv\/product-lv\/400-gela-laku-komplekts\/","url":"https:\/\/luxegel.lv\/lv\/product-lv\/400-gela-laku-komplekts\/","name":"400 G\u0112LA LAKU KOMPLEKTS - LUXE GEL PROFESSIONAL\u2122","isPartOf":{"@id":"https:\/\/luxegel.lv\/lv\/#website"},"primaryImageOfPage":{"@id":"https:\/\/luxegel.lv\/lv\/product-lv\/400-gela-laku-komplekts\/#primaryimage"},"image":{"@id":"https:\/\/luxegel.lv\/lv\/product-lv\/400-gela-laku-komplekts\/#primaryimage"},"thumbnailUrl":"https:\/\/luxegel.lv\/wp-content\/uploads\/2026\/01\/web-400-gel-polish-bundle-lv.png","datePublished":"2026-01-06T09:47:07+00:00","dateModified":"2026-01-06T09:51:20+00:00","breadcrumb":{"@id":"https:\/\/luxegel.lv\/lv\/product-lv\/400-gela-laku-komplekts\/#breadcrumb"},"inLanguage":"lv-LV","potentialAction":[{"@type":"ReadAction","target":["https:\/\/luxegel.lv\/lv\/product-lv\/400-gela-laku-komplekts\/"]}]},{"@type":"ImageObject","inLanguage":"lv-LV","@id":"https:\/\/luxegel.lv\/lv\/product-lv\/400-gela-laku-komplekts\/#primaryimage","url":"https:\/\/luxegel.lv\/wp-content\/uploads\/2026\/01\/web-400-gel-polish-bundle-lv.png","contentUrl":"https:\/\/luxegel.lv\/wp-content\/uploads\/2026\/01\/web-400-gel-polish-bundle-lv.png","width":1000,"height":1000},{"@type":"BreadcrumbList","@id":"https:\/\/luxegel.lv\/lv\/product-lv\/400-gela-laku-komplekts\/#breadcrumb","itemListElement":[{"@type":"ListItem","position":1,"name":"Galven\u0101","item":"https:\/\/luxegel.lv\/lv\/"},{"@type":"ListItem","position":2,"name":"Veikals","item":"https:\/\/luxegel.lv\/lv\/veikals\/"},{"@type":"ListItem","position":3,"name":"400 G\u0112LA LAKU KOMPLEKTS"}]},{"@type":"WebSite","@id":"https:\/\/luxegel.lv\/lv\/#website","url":"https:\/\/luxegel.lv\/lv\/","name":"LUXE GEL PROFESSIONAL\u2122","description":"is a leading nail brand on the European market. Luxe Gel currently stock over 500 products including over 350 shades of gel polish, a complete builder gel system and our famous structure base.","potentialAction":[{"@type":"SearchAction","target":{"@type":"EntryPoint","urlTemplate":"https:\/\/luxegel.lv\/lv\/?s={search_term_string}"},"query-input":{"@type":"PropertyValueSpecification","valueRequired":true,"valueName":"search_term_string"}}],"inLanguage":"lv-LV"}]}},"_links":{"self":[{"href":"https:\/\/luxegel.lv\/lv\/wp-json\/wp\/v2\/product\/21587","targetHints":{"allow":["GET"]}}],"collection":[{"href":"https:\/\/luxegel.lv\/lv\/wp-json\/wp\/v2\/product"}],"about":[{"href":"https:\/\/luxegel.lv\/lv\/wp-json\/wp\/v2\/types\/product"}],"version-history":[{"count":2,"href":"https:\/\/luxegel.lv\/lv\/wp-json\/wp\/v2\/product\/21587\/revisions"}],"predecessor-version":[{"id":21598,"href":"https:\/\/luxegel.lv\/lv\/wp-json\/wp\/v2\/product\/21587\/revisions\/21598"}],"wp:featuredmedia":[{"embeddable":true,"href":"https:\/\/luxegel.lv\/lv\/wp-json\/wp\/v2\/media\/21595"}],"wp:attachment":[{"href":"https:\/\/luxegel.lv\/lv\/wp-json\/wp\/v2\/media?parent=21587"}],"wp:term":[{"taxonomy":"product_brand","embeddable":true,"href":"https:\/\/luxegel.lv\/lv\/wp-json\/wp\/v2\/product_brand?post=21587"},{"taxonomy":"product_cat","embeddable":true,"href":"https:\/\/luxegel.lv\/lv\/wp-json\/wp\/v2\/product_cat?post=21587"},{"taxonomy":"product_tag","embeddable":true,"href":"https:\/\/luxegel.lv\/lv\/wp-json\/wp\/v2\/product_tag?post=21587"}],"curies":[{"name":"wp","href":"https:\/\/api.w.org\/{rel}","templated":true}]}}