{"id":21107,"date":"2025-12-15T12:45:12","date_gmt":"2025-12-15T12:45:12","guid":{"rendered":"https:\/\/luxegel.lv\/?post_type=product&#038;p=21107"},"modified":"2025-12-15T12:52:00","modified_gmt":"2025-12-15T12:52:00","slug":"samtains-roku-krems-eclat-velours","status":"publish","type":"product","link":"https:\/\/luxegel.lv\/lv\/product-lv\/samtains-roku-krems-eclat-velours\/","title":{"rendered":"SAMTAINS ROKU KR\u0112MS \u2013 ECLAT VELOURS"},"content":{"rendered":"<p><strong>Samtaini maigs roku kr\u0113ms, kas bag\u0101tin\u0101ts ar mitrino\u0161u \u0161\u012b sviestu, dab\u012bgiem ziedu e\u013c\u013cu ekstraktiem un viegl\u0101m z\u012bda prote\u012bnu sast\u0101vda\u013c\u0101m. Bag\u0101t\u012bg\u0101, bet viegl\u0101 formula \u0101tri ies\u016bcas, atjaunojot mitrumu un padarot rokas z\u012bdaini gludas, starojo\u0161as un r\u016bp\u012bgi koptas.<\/strong><br \/>\n<strong>Ide\u0101ls izm\u0113rs somi\u0146ai, ar pump\u012b\u0161a dozatoru t\u012brai un \u0113rtai lieto\u0161anai.<\/strong><\/p>\n<p><b>\u012apa\u0161\u012bbas:<\/b><\/p>\n<ul>\n<li>intens\u012bvi mitrina (\u0161\u012b sviests + glicer\u012bns)<\/li>\n<li>aizsarg\u0101 \u0101das barjeru (z\u012bda prote\u012bni)<\/li>\n<li>nomierina un baro \u0101du (ziedu e\u013c\u013cas)<\/li>\n<li>sniedz greznu, z\u012bdainu saj\u016btu uz \u0101das<\/li>\n<\/ul>\n<p><b>Z\u012bda aminosk\u0101bes:<\/b><\/p>\n<ul>\n<li>Pal\u012bdz \u0101dai k\u013c\u016bt gludai, maigai un z\u012bdainai.<\/li>\n<li>Veido vieglu aizsargpl\u0113v\u012bti, kas pal\u012bdz saglab\u0101t mitrumu.<\/li>\n<li>Pie\u0161\u0137ir kr\u0113mam greznu tekst\u016bru.<\/li>\n<\/ul>\n<p><b>\u0160\u012b sviests:<\/b><\/p>\n<ul>\n<li>\u013boti barojo\u0161s dab\u012bgs sviests.<\/li>\n<li>Nodro\u0161ina dzi\u013cu mitrin\u0101\u0161anu.<\/li>\n<li>Pal\u012bdz atjaunot sausu, saplais\u0101ju\u0161u vai raupju roku \u0101du.<\/li>\n<li>Nomierina kairin\u0101jumu un uzlabo \u0101das elast\u012bbu.<\/li>\n<\/ul>\n<p><b>Glicer\u012bns:<\/b><\/p>\n<ul>\n<li>Sp\u0113c\u012bgs mitrumu piesaisto\u0161s komponents.<\/li>\n<li>Pal\u012bdz saglab\u0101t \u0101das mitrumu ilg\u0101k.<\/li>\n<li>Padara \u0101du elast\u012bg\u0101ku un maig\u0101ku.<\/li>\n<\/ul>\n<p><b>Ziedu e\u013c\u013cu ekstrakti:<\/b><\/p>\n<ul>\n<li>Nodro\u0161ina antioksidantu iedarb\u012bbu.<\/li>\n<li>Pal\u012bdz nomierin\u0101t kairin\u0101tu \u0101du.<\/li>\n<\/ul>\n<p><b>Tilpums:<\/b> 30 ml<\/p>\n","protected":false},"excerpt":{"rendered":"<p>Samtaini maigs roku kr\u0113ms, kas bag\u0101tin\u0101ts ar mitrino\u0161u \u0161\u012b sviestu, dab\u012bgiem ziedu e\u013c\u013cu ekstraktiem un viegl\u0101m z\u012bda prote\u012bnu sast\u0101vda\u013c\u0101m. Bag\u0101t\u012bg\u0101,<\/p>\n","protected":false},"featured_media":21110,"template":"","meta":{"_acf_changed":false},"product_brand":[],"product_cat":[276,154,539,478],"product_tag":[188,291],"class_list":{"0":"post-21107","1":"product","2":"type-product","3":"status-publish","4":"has-post-thumbnail","6":"product_cat-drugie-tovary","7":"product_cat-luxe-gel-professional-lv","8":"product_cat-jaunumi","9":"product_cat-nagu-un-adas-kopsana","10":"product_tag-cuticle-lv","11":"product_tag-ella","13":"first","14":"outofstock","15":"shipping-taxable","16":"purchasable","17":"product-type-simple"},"acf":[],"yoast_head":"<!-- This site is optimized with the Yoast SEO plugin v23.8 - https:\/\/yoast.com\/wordpress\/plugins\/seo\/ -->\n<title>SAMTAINS ROKU KR\u0112MS \u2013 ECLAT VELOURS - LUXE GEL PROFESSIONAL\u2122<\/title>\n<meta name=\"robots\" content=\"index, follow, max-snippet:-1, max-image-preview:large, max-video-preview:-1\" \/>\n<link rel=\"canonical\" href=\"https:\/\/luxegel.lv\/lv\/product-lv\/samtains-roku-krems-eclat-velours\/\" \/>\n<meta property=\"og:locale\" content=\"lv_LV\" \/>\n<meta property=\"og:type\" content=\"article\" \/>\n<meta property=\"og:title\" content=\"SAMTAINS ROKU KR\u0112MS \u2013 ECLAT VELOURS - LUXE GEL PROFESSIONAL\u2122\" \/>\n<meta property=\"og:description\" content=\"Samtaini maigs roku kr\u0113ms, kas bag\u0101tin\u0101ts ar mitrino\u0161u \u0161\u012b sviestu, dab\u012bgiem ziedu e\u013c\u013cu ekstraktiem un viegl\u0101m z\u012bda prote\u012bnu sast\u0101vda\u013c\u0101m. Bag\u0101t\u012bg\u0101,\" \/>\n<meta property=\"og:url\" content=\"https:\/\/luxegel.lv\/lv\/product-lv\/samtains-roku-krems-eclat-velours\/\" \/>\n<meta property=\"og:site_name\" content=\"LUXE GEL PROFESSIONAL\u2122\" \/>\n<meta property=\"article:modified_time\" content=\"2025-12-15T12:52:00+00:00\" \/>\n<meta property=\"og:image\" content=\"https:\/\/luxegel.lv\/wp-content\/uploads\/2025\/12\/Eclat-Velours-hand-cream.png.webp\" \/>\n\t<meta property=\"og:image:width\" content=\"750\" \/>\n\t<meta property=\"og:image:height\" content=\"750\" \/>\n\t<meta property=\"og:image:type\" content=\"image\/webp\" \/>\n<meta name=\"twitter:card\" content=\"summary_large_image\" \/>\n<meta name=\"twitter:label1\" content=\"Est. reading time\" \/>\n\t<meta name=\"twitter:data1\" content=\"1 minute\" \/>\n<script type=\"application\/ld+json\" class=\"yoast-schema-graph\">{\"@context\":\"https:\/\/schema.org\",\"@graph\":[{\"@type\":\"WebPage\",\"@id\":\"https:\/\/luxegel.lv\/lv\/product-lv\/samtains-roku-krems-eclat-velours\/\",\"url\":\"https:\/\/luxegel.lv\/lv\/product-lv\/samtains-roku-krems-eclat-velours\/\",\"name\":\"SAMTAINS ROKU KR\u0112MS \u2013 ECLAT VELOURS - LUXE GEL PROFESSIONAL\u2122\",\"isPartOf\":{\"@id\":\"https:\/\/luxegel.lv\/lv\/#website\"},\"primaryImageOfPage\":{\"@id\":\"https:\/\/luxegel.lv\/lv\/product-lv\/samtains-roku-krems-eclat-velours\/#primaryimage\"},\"image\":{\"@id\":\"https:\/\/luxegel.lv\/lv\/product-lv\/samtains-roku-krems-eclat-velours\/#primaryimage\"},\"thumbnailUrl\":\"https:\/\/luxegel.lv\/wp-content\/uploads\/2025\/12\/Eclat-Velours-hand-cream.png.webp\",\"datePublished\":\"2025-12-15T12:45:12+00:00\",\"dateModified\":\"2025-12-15T12:52:00+00:00\",\"breadcrumb\":{\"@id\":\"https:\/\/luxegel.lv\/lv\/product-lv\/samtains-roku-krems-eclat-velours\/#breadcrumb\"},\"inLanguage\":\"lv-LV\",\"potentialAction\":[{\"@type\":\"ReadAction\",\"target\":[\"https:\/\/luxegel.lv\/lv\/product-lv\/samtains-roku-krems-eclat-velours\/\"]}]},{\"@type\":\"ImageObject\",\"inLanguage\":\"lv-LV\",\"@id\":\"https:\/\/luxegel.lv\/lv\/product-lv\/samtains-roku-krems-eclat-velours\/#primaryimage\",\"url\":\"https:\/\/luxegel.lv\/wp-content\/uploads\/2025\/12\/Eclat-Velours-hand-cream.png.webp\",\"contentUrl\":\"https:\/\/luxegel.lv\/wp-content\/uploads\/2025\/12\/Eclat-Velours-hand-cream.png.webp\",\"width\":750,\"height\":750},{\"@type\":\"BreadcrumbList\",\"@id\":\"https:\/\/luxegel.lv\/lv\/product-lv\/samtains-roku-krems-eclat-velours\/#breadcrumb\",\"itemListElement\":[{\"@type\":\"ListItem\",\"position\":1,\"name\":\"Galven\u0101\",\"item\":\"https:\/\/luxegel.lv\/lv\/\"},{\"@type\":\"ListItem\",\"position\":2,\"name\":\"Veikals\",\"item\":\"https:\/\/luxegel.lv\/lv\/veikals\/\"},{\"@type\":\"ListItem\",\"position\":3,\"name\":\"SAMTAINS ROKU KR\u0112MS \u2013 ECLAT VELOURS\"}]},{\"@type\":\"WebSite\",\"@id\":\"https:\/\/luxegel.lv\/lv\/#website\",\"url\":\"https:\/\/luxegel.lv\/lv\/\",\"name\":\"LUXE GEL PROFESSIONAL\u2122\",\"description\":\"is a leading nail brand on the European market. Luxe Gel currently stock over 500 products including over 350 shades of gel polish, a complete builder gel system and our famous structure base.\",\"potentialAction\":[{\"@type\":\"SearchAction\",\"target\":{\"@type\":\"EntryPoint\",\"urlTemplate\":\"https:\/\/luxegel.lv\/lv\/?s={search_term_string}\"},\"query-input\":{\"@type\":\"PropertyValueSpecification\",\"valueRequired\":true,\"valueName\":\"search_term_string\"}}],\"inLanguage\":\"lv-LV\"}]}<\/script>\n<!-- \/ Yoast SEO plugin. -->","yoast_head_json":{"title":"SAMTAINS ROKU KR\u0112MS \u2013 ECLAT VELOURS - LUXE GEL PROFESSIONAL\u2122","robots":{"index":"index","follow":"follow","max-snippet":"max-snippet:-1","max-image-preview":"max-image-preview:large","max-video-preview":"max-video-preview:-1"},"canonical":"https:\/\/luxegel.lv\/lv\/product-lv\/samtains-roku-krems-eclat-velours\/","og_locale":"lv_LV","og_type":"article","og_title":"SAMTAINS ROKU KR\u0112MS \u2013 ECLAT VELOURS - LUXE GEL PROFESSIONAL\u2122","og_description":"Samtaini maigs roku kr\u0113ms, kas bag\u0101tin\u0101ts ar mitrino\u0161u \u0161\u012b sviestu, dab\u012bgiem ziedu e\u013c\u013cu ekstraktiem un viegl\u0101m z\u012bda prote\u012bnu sast\u0101vda\u013c\u0101m. Bag\u0101t\u012bg\u0101,","og_url":"https:\/\/luxegel.lv\/lv\/product-lv\/samtains-roku-krems-eclat-velours\/","og_site_name":"LUXE GEL PROFESSIONAL\u2122","article_modified_time":"2025-12-15T12:52:00+00:00","og_image":[{"width":750,"height":750,"url":"https:\/\/luxegel.lv\/wp-content\/uploads\/2025\/12\/Eclat-Velours-hand-cream.png.webp","type":"image\/webp"}],"twitter_card":"summary_large_image","twitter_misc":{"Est. reading time":"1 minute"},"schema":{"@context":"https:\/\/schema.org","@graph":[{"@type":"WebPage","@id":"https:\/\/luxegel.lv\/lv\/product-lv\/samtains-roku-krems-eclat-velours\/","url":"https:\/\/luxegel.lv\/lv\/product-lv\/samtains-roku-krems-eclat-velours\/","name":"SAMTAINS ROKU KR\u0112MS \u2013 ECLAT VELOURS - LUXE GEL PROFESSIONAL\u2122","isPartOf":{"@id":"https:\/\/luxegel.lv\/lv\/#website"},"primaryImageOfPage":{"@id":"https:\/\/luxegel.lv\/lv\/product-lv\/samtains-roku-krems-eclat-velours\/#primaryimage"},"image":{"@id":"https:\/\/luxegel.lv\/lv\/product-lv\/samtains-roku-krems-eclat-velours\/#primaryimage"},"thumbnailUrl":"https:\/\/luxegel.lv\/wp-content\/uploads\/2025\/12\/Eclat-Velours-hand-cream.png.webp","datePublished":"2025-12-15T12:45:12+00:00","dateModified":"2025-12-15T12:52:00+00:00","breadcrumb":{"@id":"https:\/\/luxegel.lv\/lv\/product-lv\/samtains-roku-krems-eclat-velours\/#breadcrumb"},"inLanguage":"lv-LV","potentialAction":[{"@type":"ReadAction","target":["https:\/\/luxegel.lv\/lv\/product-lv\/samtains-roku-krems-eclat-velours\/"]}]},{"@type":"ImageObject","inLanguage":"lv-LV","@id":"https:\/\/luxegel.lv\/lv\/product-lv\/samtains-roku-krems-eclat-velours\/#primaryimage","url":"https:\/\/luxegel.lv\/wp-content\/uploads\/2025\/12\/Eclat-Velours-hand-cream.png.webp","contentUrl":"https:\/\/luxegel.lv\/wp-content\/uploads\/2025\/12\/Eclat-Velours-hand-cream.png.webp","width":750,"height":750},{"@type":"BreadcrumbList","@id":"https:\/\/luxegel.lv\/lv\/product-lv\/samtains-roku-krems-eclat-velours\/#breadcrumb","itemListElement":[{"@type":"ListItem","position":1,"name":"Galven\u0101","item":"https:\/\/luxegel.lv\/lv\/"},{"@type":"ListItem","position":2,"name":"Veikals","item":"https:\/\/luxegel.lv\/lv\/veikals\/"},{"@type":"ListItem","position":3,"name":"SAMTAINS ROKU KR\u0112MS \u2013 ECLAT VELOURS"}]},{"@type":"WebSite","@id":"https:\/\/luxegel.lv\/lv\/#website","url":"https:\/\/luxegel.lv\/lv\/","name":"LUXE GEL PROFESSIONAL\u2122","description":"is a leading nail brand on the European market. Luxe Gel currently stock over 500 products including over 350 shades of gel polish, a complete builder gel system and our famous structure base.","potentialAction":[{"@type":"SearchAction","target":{"@type":"EntryPoint","urlTemplate":"https:\/\/luxegel.lv\/lv\/?s={search_term_string}"},"query-input":{"@type":"PropertyValueSpecification","valueRequired":true,"valueName":"search_term_string"}}],"inLanguage":"lv-LV"}]}},"_links":{"self":[{"href":"https:\/\/luxegel.lv\/lv\/wp-json\/wp\/v2\/product\/21107","targetHints":{"allow":["GET"]}}],"collection":[{"href":"https:\/\/luxegel.lv\/lv\/wp-json\/wp\/v2\/product"}],"about":[{"href":"https:\/\/luxegel.lv\/lv\/wp-json\/wp\/v2\/types\/product"}],"version-history":[{"count":3,"href":"https:\/\/luxegel.lv\/lv\/wp-json\/wp\/v2\/product\/21107\/revisions"}],"predecessor-version":[{"id":21116,"href":"https:\/\/luxegel.lv\/lv\/wp-json\/wp\/v2\/product\/21107\/revisions\/21116"}],"wp:featuredmedia":[{"embeddable":true,"href":"https:\/\/luxegel.lv\/lv\/wp-json\/wp\/v2\/media\/21110"}],"wp:attachment":[{"href":"https:\/\/luxegel.lv\/lv\/wp-json\/wp\/v2\/media?parent=21107"}],"wp:term":[{"taxonomy":"product_brand","embeddable":true,"href":"https:\/\/luxegel.lv\/lv\/wp-json\/wp\/v2\/product_brand?post=21107"},{"taxonomy":"product_cat","embeddable":true,"href":"https:\/\/luxegel.lv\/lv\/wp-json\/wp\/v2\/product_cat?post=21107"},{"taxonomy":"product_tag","embeddable":true,"href":"https:\/\/luxegel.lv\/lv\/wp-json\/wp\/v2\/product_tag?post=21107"}],"curies":[{"name":"wp","href":"https:\/\/api.w.org\/{rel}","templated":true}]}}