{"id":19657,"date":"2025-11-26T10:52:31","date_gmt":"2025-11-26T10:52:31","guid":{"rendered":"https:\/\/luxegel.lv\/?post_type=product&#038;p=19657"},"modified":"2026-01-20T12:45:57","modified_gmt":"2026-01-20T12:45:57","slug":"masque-noire","status":"publish","type":"product","link":"https:\/\/luxegel.lv\/lv\/product-lv\/masque-noire\/","title":{"rendered":"MASQUE NOIRE (BEZ HEMA)"},"content":{"rendered":"<p><strong>Kr\u0101sa:<\/strong><\/p>\n<p>Dramatiska og\u013cu pel\u0113ka b\u0101ze ar mirdzo\u0161\u0101m p\u0101rsli\u0146\u0101m visos varav\u012bksnes to\u0146os. Tum\u0161s, daudzdimension\u0101ls tonis ar galaktikai l\u012bdz\u012bgu efektu.<\/p>\n<p><b>P\u0101rkl\u0101jums:<\/b><br \/>\n&#x2714; Da\u013c\u0113ji caursp\u012bd\u012bgs<br \/>\n&#x2714; P\u0101rkl\u0101jums 2 k\u0101rt\u0101s<br \/>\n&#x2714; Ar gliteriem<\/p>\n<p><b>Galven\u0101s \u012bpa\u0161\u012bbas:<\/b><\/p>\n<ul>\n<li>Bez HEMA<\/li>\n<li>Profesion\u0101las kvalit\u0101tes, \u0101dai draudz\u012bga g\u0113la sist\u0113ma BEZ TPO<\/li>\n<li>100% g\u0113la formula: bag\u0101t\u012bgs, salona kvalit\u0101tes p\u0101rkl\u0101jums katr\u0101 lieto\u0161anas reiz\u0113.<\/li>\n<li>Ilgsto\u0161a notur\u012bba vair\u0101k nek\u0101 20 dienas bez izbal\u0113\u0161anas.<\/li>\n<li>Vienk\u0101r\u0161a uzkl\u0101\u0161ana, bez skr\u0101p\u0113jumiem, at\u0161\u0137el\u0161an\u0101s vai izsm\u0113r\u0113\u0161an\u0101s.<\/li>\n<li>Bez smar\u017eas: izbaudiet svaigu uzkl\u0101\u0161anas pieredzi.<\/li>\n<li>Nav test\u0113ts uz dz\u012bvniekiem un ir videi draudz\u012bgs.<\/li>\n<li>Sertific\u0113ts un p\u0101rbaud\u012bts: atbilst augst\u0101kajiem kvalit\u0101tes standartiem.<span class=\"Apple-converted-space\">\u00a0<\/span><\/li>\n<li>Saciet\u0113 60 sekund\u0113s (LED) \/ 99 sekund\u0113s (zema temperat\u016bra) \u2013 \u0101tra un elast\u012bga \u017e\u016b\u0161ana<span class=\"Apple-converted-space\">\u00a0<\/span><\/li>\n<li>Ilgsto\u0161s un notur\u012bgs rezult\u0101ts.<\/li>\n<\/ul>\n<p><b>Sast\u0101vs:<\/b><br \/>\nAcrylates Copolymer<br \/>\n2-Hydroxyethyl Methacrylate<br \/>\nIsopropyl Alcohol<br \/>\nHydroxycyclohexyl Phenyl Ketone<br \/>\nHydroxypropyl Methacrylate<br \/>\nDimethicone<br \/>\nPigment<\/p>\n<p><b>Tilpums:<\/b><br \/>\n15ML (0.5 fl. oz)<\/p>\n<p><strong><em>\u00a0<\/em><\/strong><\/p>\n","protected":false},"excerpt":{"rendered":"<p>Kr\u0101sa: Dramatiska og\u013cu pel\u0113ka b\u0101ze ar mirdzo\u0161\u0101m p\u0101rsli\u0146\u0101m visos varav\u012bksnes to\u0146os. Tum\u0161s, daudzdimension\u0101ls tonis ar galaktikai l\u012bdz\u012bgu efektu. P\u0101rkl\u0101jums: &#x2714;<\/p>\n","protected":false},"featured_media":19600,"template":"","meta":{"_acf_changed":false},"product_brand":[],"product_cat":[157,154,509,539,507,501],"product_tag":[158],"class_list":{"0":"post-19657","1":"product","2":"type-product","3":"status-publish","4":"has-post-thumbnail","6":"product_cat-gela-lakas","7":"product_cat-luxe-gel-professional-lv","8":"product_cat-bez-hema","9":"product_cat-jaunumi","10":"product_cat-toni-ar-gliteriem","11":"product_cat-visi-toni","12":"product_tag-mirdzet","14":"first","15":"instock","16":"sale","17":"shipping-taxable","18":"purchasable","19":"product-type-simple"},"acf":[],"yoast_head":"<!-- This site is optimized with the Yoast SEO plugin v23.8 - https:\/\/yoast.com\/wordpress\/plugins\/seo\/ -->\n<title>MASQUE NOIRE (BEZ HEMA) - LUXE GEL PROFESSIONAL\u2122<\/title>\n<meta name=\"robots\" content=\"index, follow, max-snippet:-1, max-image-preview:large, max-video-preview:-1\" \/>\n<link rel=\"canonical\" href=\"https:\/\/luxegel.lv\/lv\/product-lv\/masque-noire\/\" \/>\n<meta property=\"og:locale\" content=\"lv_LV\" \/>\n<meta property=\"og:type\" content=\"article\" \/>\n<meta property=\"og:title\" content=\"MASQUE NOIRE (BEZ HEMA) - LUXE GEL PROFESSIONAL\u2122\" \/>\n<meta property=\"og:description\" content=\"Kr\u0101sa: Dramatiska og\u013cu pel\u0113ka b\u0101ze ar mirdzo\u0161\u0101m p\u0101rsli\u0146\u0101m visos varav\u012bksnes to\u0146os. Tum\u0161s, daudzdimension\u0101ls tonis ar galaktikai l\u012bdz\u012bgu efektu. P\u0101rkl\u0101jums: &#x2714;\" \/>\n<meta property=\"og:url\" content=\"https:\/\/luxegel.lv\/lv\/product-lv\/masque-noire\/\" \/>\n<meta property=\"og:site_name\" content=\"LUXE GEL PROFESSIONAL\u2122\" \/>\n<meta property=\"article:modified_time\" content=\"2026-01-20T12:45:57+00:00\" \/>\n<meta property=\"og:image\" content=\"https:\/\/luxegel.lv\/wp-content\/uploads\/2025\/11\/MASQUENOIRE.png.webp\" \/>\n\t<meta property=\"og:image:width\" content=\"750\" \/>\n\t<meta property=\"og:image:height\" content=\"750\" \/>\n\t<meta property=\"og:image:type\" content=\"image\/webp\" \/>\n<meta name=\"twitter:card\" content=\"summary_large_image\" \/>\n<meta name=\"twitter:label1\" content=\"Est. reading time\" \/>\n\t<meta name=\"twitter:data1\" content=\"1 minute\" \/>\n<script type=\"application\/ld+json\" class=\"yoast-schema-graph\">{\"@context\":\"https:\/\/schema.org\",\"@graph\":[{\"@type\":\"WebPage\",\"@id\":\"https:\/\/luxegel.lv\/lv\/product-lv\/masque-noire\/\",\"url\":\"https:\/\/luxegel.lv\/lv\/product-lv\/masque-noire\/\",\"name\":\"MASQUE NOIRE (BEZ HEMA) - LUXE GEL PROFESSIONAL\u2122\",\"isPartOf\":{\"@id\":\"https:\/\/luxegel.lv\/lv\/#website\"},\"primaryImageOfPage\":{\"@id\":\"https:\/\/luxegel.lv\/lv\/product-lv\/masque-noire\/#primaryimage\"},\"image\":{\"@id\":\"https:\/\/luxegel.lv\/lv\/product-lv\/masque-noire\/#primaryimage\"},\"thumbnailUrl\":\"https:\/\/luxegel.lv\/wp-content\/uploads\/2025\/11\/MASQUENOIRE.png.webp\",\"datePublished\":\"2025-11-26T10:52:31+00:00\",\"dateModified\":\"2026-01-20T12:45:57+00:00\",\"breadcrumb\":{\"@id\":\"https:\/\/luxegel.lv\/lv\/product-lv\/masque-noire\/#breadcrumb\"},\"inLanguage\":\"lv-LV\",\"potentialAction\":[{\"@type\":\"ReadAction\",\"target\":[\"https:\/\/luxegel.lv\/lv\/product-lv\/masque-noire\/\"]}]},{\"@type\":\"ImageObject\",\"inLanguage\":\"lv-LV\",\"@id\":\"https:\/\/luxegel.lv\/lv\/product-lv\/masque-noire\/#primaryimage\",\"url\":\"https:\/\/luxegel.lv\/wp-content\/uploads\/2025\/11\/MASQUENOIRE.png.webp\",\"contentUrl\":\"https:\/\/luxegel.lv\/wp-content\/uploads\/2025\/11\/MASQUENOIRE.png.webp\",\"width\":750,\"height\":750},{\"@type\":\"BreadcrumbList\",\"@id\":\"https:\/\/luxegel.lv\/lv\/product-lv\/masque-noire\/#breadcrumb\",\"itemListElement\":[{\"@type\":\"ListItem\",\"position\":1,\"name\":\"Galven\u0101\",\"item\":\"https:\/\/luxegel.lv\/lv\/\"},{\"@type\":\"ListItem\",\"position\":2,\"name\":\"Veikals\",\"item\":\"https:\/\/luxegel.lv\/lv\/veikals\/\"},{\"@type\":\"ListItem\",\"position\":3,\"name\":\"MASQUE NOIRE (BEZ HEMA)\"}]},{\"@type\":\"WebSite\",\"@id\":\"https:\/\/luxegel.lv\/lv\/#website\",\"url\":\"https:\/\/luxegel.lv\/lv\/\",\"name\":\"LUXE GEL PROFESSIONAL\u2122\",\"description\":\"is a leading nail brand on the European market. Luxe Gel currently stock over 500 products including over 350 shades of gel polish, a complete builder gel system and our famous structure base.\",\"potentialAction\":[{\"@type\":\"SearchAction\",\"target\":{\"@type\":\"EntryPoint\",\"urlTemplate\":\"https:\/\/luxegel.lv\/lv\/?s={search_term_string}\"},\"query-input\":{\"@type\":\"PropertyValueSpecification\",\"valueRequired\":true,\"valueName\":\"search_term_string\"}}],\"inLanguage\":\"lv-LV\"}]}<\/script>\n<!-- \/ Yoast SEO plugin. -->","yoast_head_json":{"title":"MASQUE NOIRE (BEZ HEMA) - LUXE GEL PROFESSIONAL\u2122","robots":{"index":"index","follow":"follow","max-snippet":"max-snippet:-1","max-image-preview":"max-image-preview:large","max-video-preview":"max-video-preview:-1"},"canonical":"https:\/\/luxegel.lv\/lv\/product-lv\/masque-noire\/","og_locale":"lv_LV","og_type":"article","og_title":"MASQUE NOIRE (BEZ HEMA) - LUXE GEL PROFESSIONAL\u2122","og_description":"Kr\u0101sa: Dramatiska og\u013cu pel\u0113ka b\u0101ze ar mirdzo\u0161\u0101m p\u0101rsli\u0146\u0101m visos varav\u012bksnes to\u0146os. Tum\u0161s, daudzdimension\u0101ls tonis ar galaktikai l\u012bdz\u012bgu efektu. P\u0101rkl\u0101jums: &#x2714;","og_url":"https:\/\/luxegel.lv\/lv\/product-lv\/masque-noire\/","og_site_name":"LUXE GEL PROFESSIONAL\u2122","article_modified_time":"2026-01-20T12:45:57+00:00","og_image":[{"width":750,"height":750,"url":"https:\/\/luxegel.lv\/wp-content\/uploads\/2025\/11\/MASQUENOIRE.png.webp","type":"image\/webp"}],"twitter_card":"summary_large_image","twitter_misc":{"Est. reading time":"1 minute"},"schema":{"@context":"https:\/\/schema.org","@graph":[{"@type":"WebPage","@id":"https:\/\/luxegel.lv\/lv\/product-lv\/masque-noire\/","url":"https:\/\/luxegel.lv\/lv\/product-lv\/masque-noire\/","name":"MASQUE NOIRE (BEZ HEMA) - LUXE GEL PROFESSIONAL\u2122","isPartOf":{"@id":"https:\/\/luxegel.lv\/lv\/#website"},"primaryImageOfPage":{"@id":"https:\/\/luxegel.lv\/lv\/product-lv\/masque-noire\/#primaryimage"},"image":{"@id":"https:\/\/luxegel.lv\/lv\/product-lv\/masque-noire\/#primaryimage"},"thumbnailUrl":"https:\/\/luxegel.lv\/wp-content\/uploads\/2025\/11\/MASQUENOIRE.png.webp","datePublished":"2025-11-26T10:52:31+00:00","dateModified":"2026-01-20T12:45:57+00:00","breadcrumb":{"@id":"https:\/\/luxegel.lv\/lv\/product-lv\/masque-noire\/#breadcrumb"},"inLanguage":"lv-LV","potentialAction":[{"@type":"ReadAction","target":["https:\/\/luxegel.lv\/lv\/product-lv\/masque-noire\/"]}]},{"@type":"ImageObject","inLanguage":"lv-LV","@id":"https:\/\/luxegel.lv\/lv\/product-lv\/masque-noire\/#primaryimage","url":"https:\/\/luxegel.lv\/wp-content\/uploads\/2025\/11\/MASQUENOIRE.png.webp","contentUrl":"https:\/\/luxegel.lv\/wp-content\/uploads\/2025\/11\/MASQUENOIRE.png.webp","width":750,"height":750},{"@type":"BreadcrumbList","@id":"https:\/\/luxegel.lv\/lv\/product-lv\/masque-noire\/#breadcrumb","itemListElement":[{"@type":"ListItem","position":1,"name":"Galven\u0101","item":"https:\/\/luxegel.lv\/lv\/"},{"@type":"ListItem","position":2,"name":"Veikals","item":"https:\/\/luxegel.lv\/lv\/veikals\/"},{"@type":"ListItem","position":3,"name":"MASQUE NOIRE (BEZ HEMA)"}]},{"@type":"WebSite","@id":"https:\/\/luxegel.lv\/lv\/#website","url":"https:\/\/luxegel.lv\/lv\/","name":"LUXE GEL PROFESSIONAL\u2122","description":"is a leading nail brand on the European market. Luxe Gel currently stock over 500 products including over 350 shades of gel polish, a complete builder gel system and our famous structure base.","potentialAction":[{"@type":"SearchAction","target":{"@type":"EntryPoint","urlTemplate":"https:\/\/luxegel.lv\/lv\/?s={search_term_string}"},"query-input":{"@type":"PropertyValueSpecification","valueRequired":true,"valueName":"search_term_string"}}],"inLanguage":"lv-LV"}]}},"_links":{"self":[{"href":"https:\/\/luxegel.lv\/lv\/wp-json\/wp\/v2\/product\/19657","targetHints":{"allow":["GET"]}}],"collection":[{"href":"https:\/\/luxegel.lv\/lv\/wp-json\/wp\/v2\/product"}],"about":[{"href":"https:\/\/luxegel.lv\/lv\/wp-json\/wp\/v2\/types\/product"}],"version-history":[{"count":3,"href":"https:\/\/luxegel.lv\/lv\/wp-json\/wp\/v2\/product\/19657\/revisions"}],"predecessor-version":[{"id":21917,"href":"https:\/\/luxegel.lv\/lv\/wp-json\/wp\/v2\/product\/19657\/revisions\/21917"}],"wp:featuredmedia":[{"embeddable":true,"href":"https:\/\/luxegel.lv\/lv\/wp-json\/wp\/v2\/media\/19600"}],"wp:attachment":[{"href":"https:\/\/luxegel.lv\/lv\/wp-json\/wp\/v2\/media?parent=19657"}],"wp:term":[{"taxonomy":"product_brand","embeddable":true,"href":"https:\/\/luxegel.lv\/lv\/wp-json\/wp\/v2\/product_brand?post=19657"},{"taxonomy":"product_cat","embeddable":true,"href":"https:\/\/luxegel.lv\/lv\/wp-json\/wp\/v2\/product_cat?post=19657"},{"taxonomy":"product_tag","embeddable":true,"href":"https:\/\/luxegel.lv\/lv\/wp-json\/wp\/v2\/product_tag?post=19657"}],"curies":[{"name":"wp","href":"https:\/\/api.w.org\/{rel}","templated":true}]}}